{"id":15481,"date":"2024-04-16T11:06:22","date_gmt":"2024-04-16T09:06:22","guid":{"rendered":"https:\/\/samon.com\/sustentabilidade\/"},"modified":"2025-05-28T15:51:39","modified_gmt":"2025-05-28T13:51:39","slug":"sustentabilidade","status":"publish","type":"page","link":"https:\/\/samon.com\/pt-pt\/sustentabilidade\/","title":{"rendered":"Sustentabilidade"},"content":{"rendered":"\t\t<div data-elementor-type=\"wp-page\" data-elementor-id=\"15481\" class=\"elementor elementor-15481 elementor-374\" data-elementor-post-type=\"page\">\n\t\t\t\t<div class=\"elementor-element elementor-element-f92c6c6 e-con-full e-flex e-con e-parent\" data-id=\"f92c6c6\" data-element_type=\"container\">\n\t\t\t\t<div class=\"elementor-element elementor-element-b030419 elementor--h-position-center elementor--v-position-middle elementor-arrows-position-inside elementor-pagination-position-inside elementor-widget elementor-widget-slides\" data-id=\"b030419\" data-element_type=\"widget\" data-settings=\"{&quot;navigation&quot;:&quot;both&quot;,&quot;autoplay&quot;:&quot;yes&quot;,&quot;pause_on_hover&quot;:&quot;yes&quot;,&quot;pause_on_interaction&quot;:&quot;yes&quot;,&quot;autoplay_speed&quot;:5000,&quot;infinite&quot;:&quot;yes&quot;,&quot;transition&quot;:&quot;slide&quot;,&quot;transition_speed&quot;:500}\" data-widget_type=\"slides.default\">\n\t\t\t\t<div class=\"elementor-widget-container\">\n\t\t\t\t\t\t\t\t\t<div class=\"elementor-swiper\">\n\t\t\t\t\t<div class=\"elementor-slides-wrapper elementor-main-swiper swiper\" role=\"region\" aria-roledescription=\"carousel\" aria-label=\"Slides\" dir=\"ltr\" data-animation=\"fadeInUp\">\n\t\t\t\t<div class=\"swiper-wrapper elementor-slides\">\n\t\t\t\t\t\t\t\t\t\t<div class=\"elementor-repeater-item-9c6129a swiper-slide\" role=\"group\" aria-roledescription=\"slide\"><div class=\"swiper-slide-bg\" role=\"img\" aria-label=\"sustainability\"><\/div><div class=\"swiper-slide-inner\" ><div class=\"swiper-slide-contents\"><div class=\"elementor-slide-heading\">Sustentabilidade<\/div><\/div><\/div><\/div>\t\t\t\t<\/div>\n\t\t\t\t\t\t\t<\/div>\n\t\t\t\t<\/div>\n\t\t\t\t\t\t\t\t<\/div>\n\t\t\t\t<\/div>\n\t\t\t\t<\/div>\n\t\t<div class=\"elementor-element elementor-element-8515599 e-flex e-con-boxed e-con e-parent\" data-id=\"8515599\" data-element_type=\"container\">\n\t\t\t\t\t<div class=\"e-con-inner\">\n\t\t\t\t<div class=\"elementor-element elementor-element-b300254 elementor-widget elementor-widget-spacer\" data-id=\"b300254\" data-element_type=\"widget\" data-widget_type=\"spacer.default\">\n\t\t\t\t<div class=\"elementor-widget-container\">\n\t\t\t\t\t\t\t<div class=\"elementor-spacer\">\n\t\t\t<div class=\"elementor-spacer-inner\"><\/div>\n\t\t<\/div>\n\t\t\t\t\t\t<\/div>\n\t\t\t\t<\/div>\n\t\t\t\t\t<\/div>\n\t\t\t\t<\/div>\n\t\t<div class=\"elementor-element elementor-element-2e5f17d e-flex e-con-boxed e-con e-parent\" data-id=\"2e5f17d\" data-element_type=\"container\">\n\t\t\t\t\t<div class=\"e-con-inner\">\n\t\t<div class=\"elementor-element elementor-element-1e2cc21 e-grid e-con-boxed e-con e-child\" data-id=\"1e2cc21\" data-element_type=\"container\">\n\t\t\t\t\t<div class=\"e-con-inner\">\n\t\t<div class=\"elementor-element elementor-element-acb7da4 e-flex e-con-boxed e-con e-child\" data-id=\"acb7da4\" data-element_type=\"container\">\n\t\t\t\t\t<div class=\"e-con-inner\">\n\t\t\t\t<div class=\"elementor-element elementor-element-5caf0ab elementor-widget elementor-widget-heading\" data-id=\"5caf0ab\" data-element_type=\"widget\" data-widget_type=\"heading.default\">\n\t\t\t\t<div class=\"elementor-widget-container\">\n\t\t\t\t\t<h3 class=\"elementor-heading-title elementor-size-default\">N\u00f3s Importamo-nos<\/h3>\t\t\t\t<\/div>\n\t\t\t\t<\/div>\n\t\t\t\t<div class=\"elementor-element elementor-element-139c257 elementor-widget elementor-widget-text-editor\" data-id=\"139c257\" data-element_type=\"widget\" data-widget_type=\"text-editor.default\">\n\t\t\t\t<div class=\"elementor-widget-container\">\n\t\t\t\t\t\t\t\t\t<p>N\u00f3s importamo-nos com os nossos colaboradores, bem como com a sociedade, e cumprimos as leis e todos os outros regulamentos aplic\u00e1veis \u00e0 nossa atividade. Fazemo-lo atrav\u00e9s de iniciativas ativas relacionadas com a qualidade, quest\u00f5es ambientais, ambiente de trabalho e seguran\u00e7a. A nossa vis\u00e3o \u00e9 uma empresa que fabrica detetores de g\u00e1s de classe mundial, tendo em mente a pr\u00f3xima gera\u00e7\u00e3o. Ent\u00e3o &#8211; o que estamos a fazer no nosso trabalho di\u00e1rio?   <\/p>\t\t\t\t\t\t\t\t<\/div>\n\t\t\t\t<\/div>\n\t\t\t\t<div class=\"elementor-element elementor-element-b246d0c elementor-widget elementor-widget-heading\" data-id=\"b246d0c\" data-element_type=\"widget\" data-widget_type=\"heading.default\">\n\t\t\t\t<div class=\"elementor-widget-container\">\n\t\t\t\t\t<h3 class=\"elementor-heading-title elementor-size-default\">Iniciativas Ativas<\/h3>\t\t\t\t<\/div>\n\t\t\t\t<\/div>\n\t\t\t\t<div class=\"elementor-element elementor-element-b86ec0a elementor-widget elementor-widget-text-editor\" data-id=\"b86ec0a\" data-element_type=\"widget\" data-widget_type=\"text-editor.default\">\n\t\t\t\t<div class=\"elementor-widget-container\">\n\t\t\t\t\t\t\t\t\t<p>A pol\u00edtica de sustentabilidade percorre toda a nossa organiza\u00e7\u00e3o e caracteriza-se nas nossas opera\u00e7\u00f5es di\u00e1rias pela sustentabilidade social, sustentabilidade econ\u00f3mica e sustentabilidade ecol\u00f3gica. Preocupamo-nos com os nossos colaboradores, bem como com a sociedade, e cumprimos as leis e todos os outros regulamentos aplic\u00e1veis \u00e0 nossa atividade. Fazemo-lo atrav\u00e9s de iniciativas ativas relacionadas com a qualidade, quest\u00f5es ambientais, ambiente de trabalho e seguran\u00e7a.  <\/p>\t\t\t\t\t\t\t\t<\/div>\n\t\t\t\t<\/div>\n\t\t\t\t\t<\/div>\n\t\t\t\t<\/div>\n\t\t\t\t<div class=\"elementor-element elementor-element-9c2dcd9 elementor-widget elementor-widget-image\" data-id=\"9c2dcd9\" data-element_type=\"widget\" data-widget_type=\"image.default\">\n\t\t\t\t<div class=\"elementor-widget-container\">\n\t\t\t\t\t\t\t\t\t\t\t\t\t\t\t<img fetchpriority=\"high\" decoding=\"async\" width=\"800\" height=\"534\" src=\"https:\/\/samon.com\/wp-content\/uploads\/2024\/06\/Kid-world-sustainability-1024x683.jpg\" class=\"attachment-large size-large wp-image-5538\" alt=\"Earth - ESG\" srcset=\"https:\/\/samon.com\/wp-content\/uploads\/2024\/06\/Kid-world-sustainability-1024x683.jpg 1024w, https:\/\/samon.com\/wp-content\/uploads\/2024\/06\/Kid-world-sustainability-300x200.jpg 300w, https:\/\/samon.com\/wp-content\/uploads\/2024\/06\/Kid-world-sustainability-768x512.jpg 768w, https:\/\/samon.com\/wp-content\/uploads\/2024\/06\/Kid-world-sustainability.jpg 1200w\" sizes=\"(max-width: 800px) 100vw, 800px\" \/>\t\t\t\t\t\t\t\t\t\t\t\t\t\t\t<\/div>\n\t\t\t\t<\/div>\n\t\t\t\t\t<\/div>\n\t\t\t\t<\/div>\n\t\t\t\t\t<\/div>\n\t\t\t\t<\/div>\n\t\t<div class=\"elementor-element elementor-element-0862be9 e-flex e-con-boxed e-con e-parent\" data-id=\"0862be9\" data-element_type=\"container\">\n\t\t\t\t\t<div class=\"e-con-inner\">\n\t\t\t\t<div class=\"elementor-element elementor-element-d11ac79 elementor-widget elementor-widget-heading\" data-id=\"d11ac79\" data-element_type=\"widget\" data-widget_type=\"heading.default\">\n\t\t\t\t<div class=\"elementor-widget-container\">\n\t\t\t\t\t<h2 class=\"elementor-heading-title elementor-size-default\">Objetivos da Agenda 2030 da SAMON<\/h2>\t\t\t\t<\/div>\n\t\t\t\t<\/div>\n\t\t\t\t<div class=\"elementor-element elementor-element-ad1b9a4 elementor-widget elementor-widget-text-editor\" data-id=\"ad1b9a4\" data-element_type=\"widget\" data-widget_type=\"text-editor.default\">\n\t\t\t\t<div class=\"elementor-widget-container\">\n\t\t\t\t\t\t\t\t\t<p>O projeto das Na\u00e7\u00f5es Unidas para estabelecer objetivos de desenvolvimento sustent\u00e1vel foi lan\u00e7ado para incentivar as empresas a escolherem formas de opera\u00e7\u00e3o mais sustent\u00e1veis no que diz respeito a fatores sociais, ambientais e econ\u00f3micos nos processos de neg\u00f3cio. As atividades relacionadas com a anticorrup\u00e7\u00e3o e os direitos humanos est\u00e3o inclu\u00eddas nos objetivos de desenvolvimento sustent\u00e1vel da ONU. <\/p>\t\t\t\t\t\t\t\t<\/div>\n\t\t\t\t<\/div>\n\t\t\t\t<div class=\"elementor-element elementor-element-63b4230 elementor-widget elementor-widget-text-editor\" data-id=\"63b4230\" data-element_type=\"widget\" data-widget_type=\"text-editor.default\">\n\t\t\t\t<div class=\"elementor-widget-container\">\n\t\t\t\t\t\t\t\t\t<p>A Agenda 2030 da ONU, que delineia os Objetivos de Desenvolvimento Sustent\u00e1vel (ODS) globais, \u00e9 a agenda mais ambiciosa para o desenvolvimento sustent\u00e1vel que os pa\u00edses do mundo j\u00e1 empreenderam. Foi lan\u00e7ada para alcan\u00e7ar quatro objetivos essenciais at\u00e9 2030: <\/p>\t\t\t\t\t\t\t\t<\/div>\n\t\t\t\t<\/div>\n\t\t\t\t<div class=\"elementor-element elementor-element-e2d7343 elementor-icon-list--layout-traditional elementor-list-item-link-full_width elementor-widget elementor-widget-icon-list\" data-id=\"e2d7343\" data-element_type=\"widget\" data-widget_type=\"icon-list.default\">\n\t\t\t\t<div class=\"elementor-widget-container\">\n\t\t\t\t\t\t\t<ul class=\"elementor-icon-list-items\">\n\t\t\t\t\t\t\t<li class=\"elementor-icon-list-item\">\n\t\t\t\t\t\t\t\t\t\t\t<span class=\"elementor-icon-list-icon\">\n\t\t\t\t\t\t\t<svg aria-hidden=\"true\" class=\"e-font-icon-svg e-fas-check\" viewBox=\"0 0 512 512\" xmlns=\"http:\/\/www.w3.org\/2000\/svg\"><path d=\"M173.898 439.404l-166.4-166.4c-9.997-9.997-9.997-26.206 0-36.204l36.203-36.204c9.997-9.998 26.207-9.998 36.204 0L192 312.69 432.095 72.596c9.997-9.997 26.207-9.997 36.204 0l36.203 36.204c9.997 9.997 9.997 26.206 0 36.204l-294.4 294.401c-9.998 9.997-26.207 9.997-36.204-.001z\"><\/path><\/svg>\t\t\t\t\t\t<\/span>\n\t\t\t\t\t\t\t\t\t\t<span class=\"elementor-icon-list-text\">Eliminar a pobreza extrema <\/span>\n\t\t\t\t\t\t\t\t\t<\/li>\n\t\t\t\t\t\t\t\t<li class=\"elementor-icon-list-item\">\n\t\t\t\t\t\t\t\t\t\t\t<span class=\"elementor-icon-list-icon\">\n\t\t\t\t\t\t\t<svg aria-hidden=\"true\" class=\"e-font-icon-svg e-fas-check\" viewBox=\"0 0 512 512\" xmlns=\"http:\/\/www.w3.org\/2000\/svg\"><path d=\"M173.898 439.404l-166.4-166.4c-9.997-9.997-9.997-26.206 0-36.204l36.203-36.204c9.997-9.998 26.207-9.998 36.204 0L192 312.69 432.095 72.596c9.997-9.997 26.207-9.997 36.204 0l36.203 36.204c9.997 9.997 9.997 26.206 0 36.204l-294.4 294.401c-9.998 9.997-26.207 9.997-36.204-.001z\"><\/path><\/svg>\t\t\t\t\t\t<\/span>\n\t\t\t\t\t\t\t\t\t\t<span class=\"elementor-icon-list-text\">Reduzir a desigualdade e a injusti\u00e7a no mundo <\/span>\n\t\t\t\t\t\t\t\t\t<\/li>\n\t\t\t\t\t\t\t\t<li class=\"elementor-icon-list-item\">\n\t\t\t\t\t\t\t\t\t\t\t<span class=\"elementor-icon-list-icon\">\n\t\t\t\t\t\t\t<svg aria-hidden=\"true\" class=\"e-font-icon-svg e-fas-check\" viewBox=\"0 0 512 512\" xmlns=\"http:\/\/www.w3.org\/2000\/svg\"><path d=\"M173.898 439.404l-166.4-166.4c-9.997-9.997-9.997-26.206 0-36.204l36.203-36.204c9.997-9.998 26.207-9.998 36.204 0L192 312.69 432.095 72.596c9.997-9.997 26.207-9.997 36.204 0l36.203 36.204c9.997 9.997 9.997 26.206 0 36.204l-294.4 294.401c-9.998 9.997-26.207 9.997-36.204-.001z\"><\/path><\/svg>\t\t\t\t\t\t<\/span>\n\t\t\t\t\t\t\t\t\t\t<span class=\"elementor-icon-list-text\">Facilitar a paz e a justi\u00e7a<\/span>\n\t\t\t\t\t\t\t\t\t<\/li>\n\t\t\t\t\t\t\t\t<li class=\"elementor-icon-list-item\">\n\t\t\t\t\t\t\t\t\t\t\t<span class=\"elementor-icon-list-icon\">\n\t\t\t\t\t\t\t<svg aria-hidden=\"true\" class=\"e-font-icon-svg e-fas-check\" viewBox=\"0 0 512 512\" xmlns=\"http:\/\/www.w3.org\/2000\/svg\"><path d=\"M173.898 439.404l-166.4-166.4c-9.997-9.997-9.997-26.206 0-36.204l36.203-36.204c9.997-9.998 26.207-9.998 36.204 0L192 312.69 432.095 72.596c9.997-9.997 26.207-9.997 36.204 0l36.203 36.204c9.997 9.997 9.997 26.206 0 36.204l-294.4 294.401c-9.998 9.997-26.207 9.997-36.204-.001z\"><\/path><\/svg>\t\t\t\t\t\t<\/span>\n\t\t\t\t\t\t\t\t\t\t<span class=\"elementor-icon-list-text\">Resolver a crise clim\u00e1tica<\/span>\n\t\t\t\t\t\t\t\t\t<\/li>\n\t\t\t\t\t\t<\/ul>\n\t\t\t\t\t\t<\/div>\n\t\t\t\t<\/div>\n\t\t\t\t<div class=\"elementor-element elementor-element-45a214e elementor-widget elementor-widget-text-editor\" data-id=\"45a214e\" data-element_type=\"widget\" data-widget_type=\"text-editor.default\">\n\t\t\t\t<div class=\"elementor-widget-container\">\n\t\t\t\t\t\t\t\t\t<p>Os objetivos de desenvolvimento sustent\u00e1vel da ONU para 2030 s\u00e3o os objetivos mais ambiciosos para o desenvolvimento sustent\u00e1vel que o mundo j\u00e1 assumiu.<\/p><p>A SAMON decidiu concentrar-se em:<\/p>\t\t\t\t\t\t\t\t<\/div>\n\t\t\t\t<\/div>\n\t\t\t\t\t<\/div>\n\t\t\t\t<\/div>\n\t\t<div class=\"elementor-element elementor-element-d3bc102 e-flex e-con-boxed e-con e-parent\" data-id=\"d3bc102\" data-element_type=\"container\">\n\t\t\t\t\t<div class=\"e-con-inner\">\n\t\t<div class=\"elementor-element elementor-element-9d2a006 e-grid e-con-boxed e-con e-child\" data-id=\"9d2a006\" data-element_type=\"container\">\n\t\t\t\t\t<div class=\"e-con-inner\">\n\t\t\t\t<div class=\"elementor-element elementor-element-ad67be9 elementor-widget__width-initial elementor-position-top elementor-widget elementor-widget-image-box\" data-id=\"ad67be9\" data-element_type=\"widget\" data-widget_type=\"image-box.default\">\n\t\t\t\t<div class=\"elementor-widget-container\">\n\t\t\t\t\t<div class=\"elementor-image-box-wrapper\"><figure class=\"elementor-image-box-img\"><img decoding=\"async\" width=\"321\" height=\"125\" src=\"https:\/\/samon.com\/wp-content\/uploads\/2024\/04\/good-health.png\" class=\"attachment-large size-large wp-image-12816\" alt=\"\" srcset=\"https:\/\/samon.com\/wp-content\/uploads\/2024\/04\/good-health.png 321w, https:\/\/samon.com\/wp-content\/uploads\/2024\/04\/good-health-300x117.png 300w\" sizes=\"(max-width: 321px) 100vw, 321px\" \/><\/figure><div class=\"elementor-image-box-content\"><p class=\"elementor-image-box-description\">Reduzir a presen\u00e7a de amon\u00edaco e o seu efeito t\u00f3xico na \u00e1gua, evitando fugas de g\u00e1s.<\/p><\/div><\/div>\t\t\t\t<\/div>\n\t\t\t\t<\/div>\n\t\t\t\t<div class=\"elementor-element elementor-element-f39f438 elementor-widget__width-initial elementor-position-top elementor-widget elementor-widget-image-box\" data-id=\"f39f438\" data-element_type=\"widget\" data-widget_type=\"image-box.default\">\n\t\t\t\t<div class=\"elementor-widget-container\">\n\t\t\t\t\t<div class=\"elementor-image-box-wrapper\"><figure class=\"elementor-image-box-img\"><img decoding=\"async\" width=\"321\" height=\"125\" src=\"https:\/\/samon.com\/wp-content\/uploads\/2024\/04\/clean-waterImg.png\" class=\"attachment-large size-large wp-image-12817\" alt=\"\" srcset=\"https:\/\/samon.com\/wp-content\/uploads\/2024\/04\/clean-waterImg.png 321w, https:\/\/samon.com\/wp-content\/uploads\/2024\/04\/clean-waterImg-300x117.png 300w\" sizes=\"(max-width: 321px) 100vw, 321px\" \/><\/figure><div class=\"elementor-image-box-content\"><p class=\"elementor-image-box-description\">Reduzir o n\u00famero de pessoas feridas devido a fugas de g\u00e1s perigosas. Mant\u00e9m um excelente ambiente de trabalho para os nossos funcion\u00e1rios. <\/p><\/div><\/div>\t\t\t\t<\/div>\n\t\t\t\t<\/div>\n\t\t\t\t<div class=\"elementor-element elementor-element-dbb3e30 elementor-widget__width-initial elementor-position-top elementor-widget elementor-widget-image-box\" data-id=\"dbb3e30\" data-element_type=\"widget\" data-widget_type=\"image-box.default\">\n\t\t\t\t<div class=\"elementor-widget-container\">\n\t\t\t\t\t<div class=\"elementor-image-box-wrapper\"><figure class=\"elementor-image-box-img\"><img loading=\"lazy\" decoding=\"async\" width=\"321\" height=\"125\" src=\"https:\/\/samon.com\/wp-content\/uploads\/2024\/04\/citiesImg.png\" class=\"attachment-large size-large wp-image-12818\" alt=\"\" srcset=\"https:\/\/samon.com\/wp-content\/uploads\/2024\/04\/citiesImg.png 321w, https:\/\/samon.com\/wp-content\/uploads\/2024\/04\/citiesImg-300x117.png 300w\" sizes=\"(max-width: 321px) 100vw, 321px\" \/><\/figure><div class=\"elementor-image-box-content\"><p class=\"elementor-image-box-description\">Reduzir o CO e o NO2 provenientes de fugas de g\u00e1s, imitando a dete\u00e7\u00e3o e a gest\u00e3o de fugas de g\u00e1s.<\/p><\/div><\/div>\t\t\t\t<\/div>\n\t\t\t\t<\/div>\n\t\t\t\t<div class=\"elementor-element elementor-element-e9df778 elementor-widget__width-initial elementor-position-top elementor-widget elementor-widget-image-box\" data-id=\"e9df778\" data-element_type=\"widget\" data-widget_type=\"image-box.default\">\n\t\t\t\t<div class=\"elementor-widget-container\">\n\t\t\t\t\t<div class=\"elementor-image-box-wrapper\"><figure class=\"elementor-image-box-img\"><img loading=\"lazy\" decoding=\"async\" width=\"321\" height=\"125\" src=\"https:\/\/samon.com\/wp-content\/uploads\/2024\/04\/climate-actionImg.png\" class=\"attachment-large size-large wp-image-12819\" alt=\"\" srcset=\"https:\/\/samon.com\/wp-content\/uploads\/2024\/04\/climate-actionImg.png 321w, https:\/\/samon.com\/wp-content\/uploads\/2024\/04\/climate-actionImg-300x117.png 300w\" sizes=\"(max-width: 321px) 100vw, 321px\" \/><\/figure><div class=\"elementor-image-box-content\"><p class=\"elementor-image-box-description\">Reduzir as emiss\u00f5es de CO2e provenientes de fugas, imitando a dete\u00e7\u00e3o e a gest\u00e3o de fugas de g\u00e1s.<\/p><\/div><\/div>\t\t\t\t<\/div>\n\t\t\t\t<\/div>\n\t\t\t\t\t<\/div>\n\t\t\t\t<\/div>\n\t\t\t\t\t<\/div>\n\t\t\t\t<\/div>\n\t\t<div class=\"elementor-element elementor-element-8dc7b86 e-flex e-con-boxed e-con e-parent\" data-id=\"8dc7b86\" data-element_type=\"container\">\n\t\t\t\t\t<div class=\"e-con-inner\">\n\t\t\t\t<div class=\"elementor-element elementor-element-615cb4a elementor-widget elementor-widget-heading\" data-id=\"615cb4a\" data-element_type=\"widget\" data-widget_type=\"heading.default\">\n\t\t\t\t<div class=\"elementor-widget-container\">\n\t\t\t\t\t<h2 class=\"elementor-heading-title elementor-size-default\">Relat\u00f3rio de Sustentabilidade da Alder<\/h2>\t\t\t\t<\/div>\n\t\t\t\t<\/div>\n\t\t\t\t<div class=\"elementor-element elementor-element-f1e7323 elementor-widget elementor-widget-text-editor\" data-id=\"f1e7323\" data-element_type=\"widget\" data-widget_type=\"text-editor.default\">\n\t\t\t\t<div class=\"elementor-widget-container\">\n\t\t\t\t\t\t\t\t\t<p><span data-contrast=\"auto\"><img loading=\"lazy\" decoding=\"async\" class=\"alignright wp-image-5531 size-medium\" src=\"https:\/\/samon.com\/wp-content\/uploads\/2024\/06\/Printed-report-small-300x240.png\" alt=\"\" width=\"300\" height=\"240\" srcset=\"https:\/\/samon.com\/wp-content\/uploads\/2024\/06\/Printed-report-small-300x240.png 300w, https:\/\/samon.com\/wp-content\/uploads\/2024\/06\/Printed-report-small-1024x819.png 1024w, https:\/\/samon.com\/wp-content\/uploads\/2024\/06\/Printed-report-small-768x614.png 768w, https:\/\/samon.com\/wp-content\/uploads\/2024\/06\/Printed-report-small.png 1400w\" sizes=\"(max-width: 300px) 100vw, 300px\" \/>Juntos fazemos a diferen\u00e7a &#8211; se estiver ansioso por saber mais sobre os nossos trabalhos di\u00e1rios e n\u00fameros de desenvolvimento &#8211; <strong><a href=\"https:\/\/alder.se\/en\/hallbarhet\/\" target=\"_blank\" rel=\"noopener\">Leia mais sobre a Pol\u00edtica de Sustentabilidade da Alder<\/a><\/strong>.<\/span><\/p><p> <\/p><h5><strong>Pol\u00edtica de Sustentabilidade &#8211; Alder <\/strong><\/h5><p><span data-contrast=\"none\">A nossa perspetiva de propriedade \u00e9 de longo prazo e a nossa b\u00fassola moral \u00e9 importante. Temos o cuidado de receber clientes, fornecedores e colaboradores de forma respeitosa e contribuir positivamente para a comunidade local onde operamos. <\/span><\/p><h5><strong>Excertos da pol\u00edtica: <\/strong><\/h5><p><span data-contrast=\"auto\">Integr\u00e1mos a sustentabilidade no nosso modelo de neg\u00f3cio e nas estrat\u00e9gias e opera\u00e7\u00f5es das nossas empresas do portf\u00f3lio. Esta pol\u00edtica descreve o nosso quadro para investimentos respons\u00e1veis, o que esperamos das nossas empresas do portf\u00f3lio e como as apoiaremos no seu trabalho de sustentabilidade &#8211; \u201cThe Alder Way\u201d.  <\/span><span data-contrast=\"none\">\u202f<\/span><\/p><p><span data-contrast=\"none\">O objetivo desta pol\u00edtica \u00e9 fornecer orienta\u00e7\u00e3o sobre como o trabalho de sustentabilidade deve ser conduzido, do qual a sustentabilidade deve ter uma liga\u00e7\u00e3o clara com o desenvolvimento do neg\u00f3cio e os processos de cria\u00e7\u00e3o de valor dentro das empresas do portf\u00f3lio.<\/span><\/p><p><span data-contrast=\"none\">Relat\u00f3rio de sustentabilidade da Alder 2023 &#8211; <strong><a href=\"https:\/\/alder.se\/en\/hallbarhetsrapport-2023\/\" target=\"_blank\" rel=\"noopener\">descarregar<\/a><\/strong><\/span><\/p>\t\t\t\t\t\t\t\t<\/div>\n\t\t\t\t<\/div>\n\t\t\t\t\t<\/div>\n\t\t\t\t<\/div>\n\t\t\t\t<\/div>\n\t\t","protected":false},"excerpt":{"rendered":"<p>Sustentabilidade N\u00f3s Importamo-nos N\u00f3s importamo-nos com os nossos colaboradores, bem como com a sociedade, e cumprimos as leis e todos os outros regulamentos aplic\u00e1veis \u00e0 nossa atividade. Fazemo-lo atrav\u00e9s de iniciativas ativas relacionadas com a qualidade, quest\u00f5es ambientais, ambiente de trabalho e seguran\u00e7a. A nossa vis\u00e3o \u00e9 uma empresa que fabrica detetores de g\u00e1s de [&hellip;]<\/p>\n","protected":false},"author":1,"featured_media":0,"parent":0,"menu_order":0,"comment_status":"closed","ping_status":"closed","template":"","meta":{"_monsterinsights_skip_tracking":false,"_monsterinsights_sitenote_active":false,"_monsterinsights_sitenote_note":"","_monsterinsights_sitenote_category":0,"footnotes":""},"class_list":["post-15481","page","type-page","status-publish","hentry"],"aioseo_notices":[],"_links":{"self":[{"href":"https:\/\/samon.com\/pt-pt\/wp-json\/wp\/v2\/pages\/15481","targetHints":{"allow":["GET"]}}],"collection":[{"href":"https:\/\/samon.com\/pt-pt\/wp-json\/wp\/v2\/pages"}],"about":[{"href":"https:\/\/samon.com\/pt-pt\/wp-json\/wp\/v2\/types\/page"}],"author":[{"embeddable":true,"href":"https:\/\/samon.com\/pt-pt\/wp-json\/wp\/v2\/users\/1"}],"replies":[{"embeddable":true,"href":"https:\/\/samon.com\/pt-pt\/wp-json\/wp\/v2\/comments?post=15481"}],"version-history":[{"count":2,"href":"https:\/\/samon.com\/pt-pt\/wp-json\/wp\/v2\/pages\/15481\/revisions"}],"predecessor-version":[{"id":15487,"href":"https:\/\/samon.com\/pt-pt\/wp-json\/wp\/v2\/pages\/15481\/revisions\/15487"}],"wp:attachment":[{"href":"https:\/\/samon.com\/pt-pt\/wp-json\/wp\/v2\/media?parent=15481"}],"curies":[{"name":"wp","href":"https:\/\/api.w.org\/{rel}","templated":true}]}}