{"id":15467,"date":"2025-05-28T13:58:55","date_gmt":"2025-05-28T11:58:55","guid":{"rendered":"https:\/\/samon.com\/academia-samon-2\/"},"modified":"2025-05-28T14:07:15","modified_gmt":"2025-05-28T12:07:15","slug":"academia-samon-2","status":"publish","type":"page","link":"https:\/\/samon.com\/pt-pt\/academia-samon-2\/","title":{"rendered":"Academia SAMON"},"content":{"rendered":"\t\t<div data-elementor-type=\"wp-page\" data-elementor-id=\"15467\" class=\"elementor elementor-15467 elementor-15450\" data-elementor-post-type=\"page\">\n\t\t\t\t<div class=\"elementor-element elementor-element-663ce2a e-con-full e-flex e-con e-parent\" data-id=\"663ce2a\" data-element_type=\"container\">\n\t\t\t\t<div class=\"elementor-element elementor-element-35008c4 elementor--h-position-center elementor--v-position-middle elementor-arrows-position-inside elementor-pagination-position-inside elementor-widget elementor-widget-slides\" data-id=\"35008c4\" data-element_type=\"widget\" data-settings=\"{&quot;navigation&quot;:&quot;both&quot;,&quot;autoplay&quot;:&quot;yes&quot;,&quot;pause_on_hover&quot;:&quot;yes&quot;,&quot;pause_on_interaction&quot;:&quot;yes&quot;,&quot;autoplay_speed&quot;:5000,&quot;infinite&quot;:&quot;yes&quot;,&quot;transition&quot;:&quot;slide&quot;,&quot;transition_speed&quot;:500}\" data-widget_type=\"slides.default\">\n\t\t\t\t<div class=\"elementor-widget-container\">\n\t\t\t\t\t\t\t\t\t<div class=\"elementor-swiper\">\n\t\t\t\t\t<div class=\"elementor-slides-wrapper elementor-main-swiper swiper\" role=\"region\" aria-roledescription=\"carousel\" aria-label=\"Slides\" dir=\"ltr\" data-animation=\"fadeInUp\">\n\t\t\t\t<div class=\"swiper-wrapper elementor-slides\">\n\t\t\t\t\t\t\t\t\t\t<div class=\"elementor-repeater-item-807f9da swiper-slide\" role=\"group\" aria-roledescription=\"slide\"><div class=\"swiper-slide-bg elementor-ken-burns elementor-ken-burns--in\" role=\"img\" aria-label=\"service-people\"><\/div><div class=\"swiper-slide-inner\" ><div class=\"swiper-slide-contents\"><div class=\"elementor-slide-heading\">Academia SAMON<\/div><\/div><\/div><\/div>\t\t\t\t<\/div>\n\t\t\t\t\t\t\t<\/div>\n\t\t\t\t<\/div>\n\t\t\t\t\t\t\t\t<\/div>\n\t\t\t\t<\/div>\n\t\t\t\t<\/div>\n\t\t<div class=\"elementor-element elementor-element-d37ca93 e-flex e-con-boxed e-con e-parent\" data-id=\"d37ca93\" data-element_type=\"container\">\n\t\t\t\t\t<div class=\"e-con-inner\">\n\t\t\t\t<div class=\"elementor-element elementor-element-28a9eb1 elementor-widget elementor-widget-spacer\" data-id=\"28a9eb1\" data-element_type=\"widget\" data-widget_type=\"spacer.default\">\n\t\t\t\t<div class=\"elementor-widget-container\">\n\t\t\t\t\t\t\t<div class=\"elementor-spacer\">\n\t\t\t<div class=\"elementor-spacer-inner\"><\/div>\n\t\t<\/div>\n\t\t\t\t\t\t<\/div>\n\t\t\t\t<\/div>\n\t\t\t\t\t<\/div>\n\t\t\t\t<\/div>\n\t\t<div class=\"elementor-element elementor-element-3920767 e-grid e-con-boxed e-con e-parent\" data-id=\"3920767\" data-element_type=\"container\">\n\t\t\t\t\t<div class=\"e-con-inner\">\n\t\t\t\t<div class=\"elementor-element elementor-element-6f35a86 elementor-widget elementor-widget-image-box\" data-id=\"6f35a86\" data-element_type=\"widget\" data-widget_type=\"image-box.default\">\n\t\t\t\t<div class=\"elementor-widget-container\">\n\t\t\t\t\t<div class=\"elementor-image-box-wrapper\"><div class=\"elementor-image-box-content\"><h3 class=\"elementor-image-box-title\">Bem-vindo \u00e0 Academia SAMON<br><br>o seu recurso preferencial para conhecimentos especializados em dete\u00e7\u00e3o de g\u00e1s refrigerante<\/h3><p class=\"elementor-image-box-description\">Na Academia SAMON, capacitamos os profissionais com o conhecimento necess\u00e1rio para instalar, manter e reparar com confian\u00e7a as nossas solu\u00e7\u00f5es avan\u00e7adas de dete\u00e7\u00e3o de g\u00e1s refrigerante. <br><br>\nQuer seja um empreiteiro no local, um parceiro OEM a integrar a nossa tecnologia, ou um distribuidor a apoiar os seus clientes, esta plataforma foi concebida para apoiar o seu sucesso.\n<br><br>\nAqui, encontrar\u00e1 instru\u00e7\u00f5es passo a passo, guias pr\u00e1ticos e dicas de especialistas - desenvolvidos pela nossa equipa t\u00e9cnica para garantir fiabilidade, seguran\u00e7a e conformidade em todas as aplica\u00e7\u00f5es. \n\n<br><br>A Academia SAMON faz parte do nosso compromisso de proteger pessoas, propriedades e o ambiente - tornando a tecnologia complexa mais f\u00e1cil de compreender e implementar.\n\n<br><br>Explore a nossa crescente biblioteca de recursos e mantenha-se actualizado com as melhores pr\u00e1ticas para um desempenho a longo prazo e tranquilidade.<\/p><\/div><\/div>\t\t\t\t<\/div>\n\t\t\t\t<\/div>\n\t\t\t\t<div class=\"elementor-element elementor-element-6b0e4fb elementor-widget elementor-widget-image\" data-id=\"6b0e4fb\" data-element_type=\"widget\" data-widget_type=\"image.default\">\n\t\t\t\t<div class=\"elementor-widget-container\">\n\t\t\t\t\t\t\t\t\t\t\t\t\t\t\t<img fetchpriority=\"high\" decoding=\"async\" width=\"1800\" height=\"1800\" src=\"https:\/\/samon.com\/wp-content\/uploads\/2025\/05\/GLACIAR-MIDI-Calibrate.jpg\" class=\"attachment-full size-full wp-image-15422\" alt=\"\" srcset=\"https:\/\/samon.com\/wp-content\/uploads\/2025\/05\/GLACIAR-MIDI-Calibrate.jpg 1800w, https:\/\/samon.com\/wp-content\/uploads\/2025\/05\/GLACIAR-MIDI-Calibrate-300x300.jpg 300w, https:\/\/samon.com\/wp-content\/uploads\/2025\/05\/GLACIAR-MIDI-Calibrate-1024x1024.jpg 1024w, https:\/\/samon.com\/wp-content\/uploads\/2025\/05\/GLACIAR-MIDI-Calibrate-150x150.jpg 150w, https:\/\/samon.com\/wp-content\/uploads\/2025\/05\/GLACIAR-MIDI-Calibrate-768x768.jpg 768w, https:\/\/samon.com\/wp-content\/uploads\/2025\/05\/GLACIAR-MIDI-Calibrate-1536x1536.jpg 1536w\" sizes=\"(max-width: 1800px) 100vw, 1800px\" \/>\t\t\t\t\t\t\t\t\t\t\t\t\t\t\t<\/div>\n\t\t\t\t<\/div>\n\t\t<div class=\"elementor-element elementor-element-d8c72e0 e-flex e-con-boxed e-con e-child\" data-id=\"d8c72e0\" data-element_type=\"container\">\n\t\t\t\t\t<div class=\"e-con-inner\">\n\t\t\t\t<div class=\"elementor-element elementor-element-31f928e elementor-widget elementor-widget-text-editor\" data-id=\"31f928e\" data-element_type=\"widget\" data-widget_type=\"text-editor.default\">\n\t\t\t\t<div class=\"elementor-widget-container\">\n\t\t\t\t\t\t\t\t\t<h4>Assista aos nossos mais recentes v\u00eddeos tutoriais aqui:<\/h4><h3>Como calibrar o detetor de gases refrigerantes GLACI\u00c4R MIDI<\/h3>\t\t\t\t\t\t\t\t<\/div>\n\t\t\t\t<\/div>\n\t\t\t\t<div class=\"elementor-element elementor-element-bfe229f elementor-widget elementor-widget-image\" data-id=\"bfe229f\" data-element_type=\"widget\" data-widget_type=\"image.default\">\n\t\t\t\t<div class=\"elementor-widget-container\">\n\t\t\t\t\t\t\t\t\t\t\t\t\t\t\t\t<a href=\"https:\/\/samon.com\/pt-pt\/?page_id=15433\">\n\t\t\t\t\t\t\t<img decoding=\"async\" width=\"800\" height=\"450\" src=\"https:\/\/samon.com\/wp-content\/uploads\/2025\/05\/miniature-youtube-calibrate-1024x576.jpg\" class=\"attachment-large size-large wp-image-15445\" alt=\"\" srcset=\"https:\/\/samon.com\/wp-content\/uploads\/2025\/05\/miniature-youtube-calibrate-1024x576.jpg 1024w, https:\/\/samon.com\/wp-content\/uploads\/2025\/05\/miniature-youtube-calibrate-300x169.jpg 300w, https:\/\/samon.com\/wp-content\/uploads\/2025\/05\/miniature-youtube-calibrate-768x432.jpg 768w, https:\/\/samon.com\/wp-content\/uploads\/2025\/05\/miniature-youtube-calibrate-1536x864.jpg 1536w, https:\/\/samon.com\/wp-content\/uploads\/2025\/05\/miniature-youtube-calibrate.jpg 1920w\" sizes=\"(max-width: 800px) 100vw, 800px\" \/>\t\t\t\t\t\t\t\t<\/a>\n\t\t\t\t\t\t\t\t\t\t\t\t\t\t\t<\/div>\n\t\t\t\t<\/div>\n\t\t\t\t<div class=\"elementor-element elementor-element-6e1cf7e elementor-widget elementor-widget-button\" data-id=\"6e1cf7e\" data-element_type=\"widget\" data-widget_type=\"button.default\">\n\t\t\t\t<div class=\"elementor-widget-container\">\n\t\t\t\t\t\t\t\t\t<div class=\"elementor-button-wrapper\">\n\t\t\t\t\t<a class=\"elementor-button elementor-button-link elementor-size-sm\" href=\"https:\/\/samon.com\/pt-pt\/?page_id=15433\">\n\t\t\t\t\t\t<span class=\"elementor-button-content-wrapper\">\n\t\t\t\t\t\t\t\t\t<span class=\"elementor-button-text\">Assista ao v\u00eddeo \u201cComo calibrar o GLACI\u00c4R MIDI\u201d aqui<\/span>\n\t\t\t\t\t<\/span>\n\t\t\t\t\t<\/a>\n\t\t\t\t<\/div>\n\t\t\t\t\t\t\t\t<\/div>\n\t\t\t\t<\/div>\n\t\t\t\t<div class=\"elementor-element elementor-element-6710ef9 elementor-widget elementor-widget-button\" data-id=\"6710ef9\" data-element_type=\"widget\" data-widget_type=\"button.default\">\n\t\t\t\t<div class=\"elementor-widget-container\">\n\t\t\t\t\t\t\t\t\t<div class=\"elementor-button-wrapper\">\n\t\t\t\t\t<a class=\"elementor-button elementor-button-link elementor-size-sm\" href=\"https:\/\/www.youtube.com\/@samon-safe-monitoring\">\n\t\t\t\t\t\t<span class=\"elementor-button-content-wrapper\">\n\t\t\t\t\t\t\t\t\t<span class=\"elementor-button-text\">Visite a SAMON Academy no YouTube para mais v\u00eddeos<\/span>\n\t\t\t\t\t<\/span>\n\t\t\t\t\t<\/a>\n\t\t\t\t<\/div>\n\t\t\t\t\t\t\t\t<\/div>\n\t\t\t\t<\/div>\n\t\t\t\t\t<\/div>\n\t\t\t\t<\/div>\n\t\t\t\t\t<\/div>\n\t\t\t\t<\/div>\n\t\t\t\t<\/div>\n\t\t","protected":false},"excerpt":{"rendered":"<p>A Academia SAMON facilita-lhe a manuten\u00e7\u00e3o das nossas solu\u00e7\u00f5es de dete\u00e7\u00e3o de g\u00e1s refrigerante de \u00faltima gera\u00e7\u00e3o. Veja v\u00eddeos de instru\u00e7\u00f5es em m\u00faltiplos idiomas. <\/p>\n","protected":false},"author":1,"featured_media":15458,"parent":0,"menu_order":0,"comment_status":"closed","ping_status":"closed","template":"","meta":{"_monsterinsights_skip_tracking":false,"_monsterinsights_sitenote_active":false,"_monsterinsights_sitenote_note":"","_monsterinsights_sitenote_category":0,"footnotes":""},"class_list":["post-15467","page","type-page","status-publish","has-post-thumbnail","hentry"],"aioseo_notices":[],"_links":{"self":[{"href":"https:\/\/samon.com\/pt-pt\/wp-json\/wp\/v2\/pages\/15467","targetHints":{"allow":["GET"]}}],"collection":[{"href":"https:\/\/samon.com\/pt-pt\/wp-json\/wp\/v2\/pages"}],"about":[{"href":"https:\/\/samon.com\/pt-pt\/wp-json\/wp\/v2\/types\/page"}],"author":[{"embeddable":true,"href":"https:\/\/samon.com\/pt-pt\/wp-json\/wp\/v2\/users\/1"}],"replies":[{"embeddable":true,"href":"https:\/\/samon.com\/pt-pt\/wp-json\/wp\/v2\/comments?post=15467"}],"version-history":[{"count":2,"href":"https:\/\/samon.com\/pt-pt\/wp-json\/wp\/v2\/pages\/15467\/revisions"}],"predecessor-version":[{"id":15469,"href":"https:\/\/samon.com\/pt-pt\/wp-json\/wp\/v2\/pages\/15467\/revisions\/15469"}],"wp:featuredmedia":[{"embeddable":true,"href":"https:\/\/samon.com\/pt-pt\/wp-json\/wp\/v2\/media\/15458"}],"wp:attachment":[{"href":"https:\/\/samon.com\/pt-pt\/wp-json\/wp\/v2\/media?parent=15467"}],"curies":[{"name":"wp","href":"https:\/\/api.w.org\/{rel}","templated":true}]}}