{"id":13255,"date":"2024-06-07T10:53:58","date_gmt":"2024-06-07T08:53:58","guid":{"rendered":"https:\/\/samon.com\/detecao-de-gas-refrigerante-industrial\/"},"modified":"2024-11-04T09:47:34","modified_gmt":"2024-11-04T08:47:34","slug":"detecao-de-gas-refrigerante-industrial","status":"publish","type":"page","link":"https:\/\/samon.com\/pt-pt\/detecao-de-gas-refrigerante-industrial\/","title":{"rendered":"Dete\u00e7\u00e3o de g\u00e1s refrigerante industrial"},"content":{"rendered":"\t\t<div data-elementor-type=\"wp-page\" data-elementor-id=\"13255\" class=\"elementor elementor-13255 elementor-6069\" data-elementor-post-type=\"page\">\n\t\t\t\t<div class=\"elementor-element elementor-element-027eb22 e-con-full e-flex e-con e-parent\" data-id=\"027eb22\" data-element_type=\"container\">\n\t\t\t\t<div class=\"elementor-element elementor-element-e316d3e elementor-hidden-mobile elementor--h-position-center elementor--v-position-middle elementor-arrows-position-inside elementor-pagination-position-inside elementor-widget elementor-widget-slides\" data-id=\"e316d3e\" data-element_type=\"widget\" data-settings=\"{&quot;navigation&quot;:&quot;both&quot;,&quot;autoplay&quot;:&quot;yes&quot;,&quot;pause_on_hover&quot;:&quot;yes&quot;,&quot;pause_on_interaction&quot;:&quot;yes&quot;,&quot;autoplay_speed&quot;:5000,&quot;infinite&quot;:&quot;yes&quot;,&quot;transition&quot;:&quot;slide&quot;,&quot;transition_speed&quot;:500}\" data-widget_type=\"slides.default\">\n\t\t\t\t<div class=\"elementor-widget-container\">\n\t\t\t\t\t\t\t\t\t<div class=\"elementor-swiper\">\n\t\t\t\t\t<div class=\"elementor-slides-wrapper elementor-main-swiper swiper\" role=\"region\" aria-roledescription=\"carousel\" aria-label=\"Slides\" dir=\"ltr\" data-animation=\"fadeInUp\">\n\t\t\t\t<div class=\"swiper-wrapper elementor-slides\">\n\t\t\t\t\t\t\t\t\t\t<div class=\"elementor-repeater-item-4665ef6 swiper-slide\" role=\"group\" aria-roledescription=\"slide\"><div class=\"swiper-slide-bg elementor-ken-burns elementor-ken-burns--in\" role=\"img\" aria-label=\"hotelroom\"><\/div><div class=\"swiper-slide-inner\" ><div class=\"swiper-slide-contents\"><div class=\"elementor-slide-heading\">Solu\u00e7\u00f5es de dete\u00e7\u00e3o de g\u00e1s refrigerante industrial<\/div><\/div><\/div><\/div>\t\t\t\t<\/div>\n\t\t\t\t\t\t\t<\/div>\n\t\t\t\t<\/div>\n\t\t\t\t\t\t\t\t<\/div>\n\t\t\t\t<\/div>\n\t\t\t\t<\/div>\n\t\t<div class=\"elementor-element elementor-element-b058bb2 e-flex e-con-boxed e-con e-parent\" data-id=\"b058bb2\" data-element_type=\"container\">\n\t\t\t\t\t<div class=\"e-con-inner\">\n\t\t\t\t<div class=\"elementor-element elementor-element-3f0244e elementor-widget elementor-widget-heading\" data-id=\"3f0244e\" data-element_type=\"widget\" data-widget_type=\"heading.default\">\n\t\t\t\t<div class=\"elementor-widget-container\">\n\t\t\t\t\t<h2 class=\"elementor-heading-title elementor-size-default\">Solu\u00e7\u00f5es de dete\u00e7\u00e3o de g\u00e1s refrigerante industrial  <\/h2>\t\t\t\t<\/div>\n\t\t\t\t<\/div>\n\t\t\t\t<div class=\"elementor-element elementor-element-192fcf7 elementor-widget elementor-widget-text-editor\" data-id=\"192fcf7\" data-element_type=\"widget\" data-widget_type=\"text-editor.default\">\n\t\t\t\t<div class=\"elementor-widget-container\">\n\t\t\t\t\t\t\t\t\t<p>Na refrigera\u00e7\u00e3o industrial, a prote\u00e7\u00e3o contra fugas de g\u00e1s refrigerante \u00e9 essencial para manter um ambiente seguro e em conformidade. Os nossos sistemas avan\u00e7ados de dete\u00e7\u00e3o de g\u00e1s refrigerante oferecem solu\u00e7\u00f5es robustas adaptadas a ambientes industriais, garantindo uma r\u00e1pida dete\u00e7\u00e3o de fugas e prote\u00e7\u00e3o contra potenciais perigos. <\/p>\n<p>As aplica\u00e7\u00f5es incluem:<\/p>\n<p><strong>Armazenamento a frio &#8211; Processamento de alimentos congelados &#8211; F\u00e1bricas de gelo &#8211; Pistas de gelo e est\u00e1dios<\/strong><\/p>\n\t\t\t\t\t\t\t\t<\/div>\n\t\t\t\t<\/div>\n\t\t\t\t\t<\/div>\n\t\t\t\t<\/div>\n\t\t<div class=\"elementor-element elementor-element-7986ee4 e-flex e-con-boxed e-con e-parent\" data-id=\"7986ee4\" data-element_type=\"container\">\n\t\t\t\t\t<div class=\"e-con-inner\">\n\t\t<div class=\"elementor-element elementor-element-96ad1e9 e-grid e-con-boxed e-con e-child\" data-id=\"96ad1e9\" data-element_type=\"container\">\n\t\t\t\t\t<div class=\"e-con-inner\">\n\t\t<div class=\"elementor-element elementor-element-39a88a1 e-flex e-con-boxed e-con e-child\" data-id=\"39a88a1\" data-element_type=\"container\">\n\t\t\t\t\t<div class=\"e-con-inner\">\n\t\t\t\t<div class=\"elementor-element elementor-element-f72442b elementor-widget elementor-widget-heading\" data-id=\"f72442b\" data-element_type=\"widget\" data-widget_type=\"heading.default\">\n\t\t\t\t<div class=\"elementor-widget-container\">\n\t\t\t\t\t<h2 class=\"elementor-heading-title elementor-size-default\">Assegura a seguran\u00e7a e a conformidade  <\/h2>\t\t\t\t<\/div>\n\t\t\t\t<\/div>\n\t\t\t\t<div class=\"elementor-element elementor-element-44514f1 elementor-widget elementor-widget-text-editor\" data-id=\"44514f1\" data-element_type=\"widget\" data-widget_type=\"text-editor.default\">\n\t\t\t\t<div class=\"elementor-widget-container\">\n\t\t\t\t\t\t\t\t\t<p>Em ambientes industriais, manter a seguran\u00e7a e a conformidade regulamentar \u00e9 crucial, especialmente quando se lida com refrigerantes como o amon\u00edaco (NH3). As fugas de g\u00e1s refrigerante podem ser t\u00f3xicas, explosivas e asfixiantes. <\/p>\n<p>Os nossos sistemas avan\u00e7ados de dete\u00e7\u00e3o de g\u00e1s foram concebidos para monitorizar salas de m\u00e1quinas em v\u00e1rias ind\u00fastrias, como a produ\u00e7\u00e3o alimentar, cervejeiras, ind\u00fastrias de processamento e muito mais. Estes sistemas fornecem alertas em tempo real, garantindo uma a\u00e7\u00e3o imediata para evitar perigos e proteger o pessoal e a propriedade. <\/p>\n\t\t\t\t\t\t\t\t<\/div>\n\t\t\t\t<\/div>\n\t\t\t\t\t<\/div>\n\t\t\t\t<\/div>\n\t\t\t\t<div class=\"elementor-element elementor-element-31ca1f0 elementor-widget elementor-widget-image\" data-id=\"31ca1f0\" data-element_type=\"widget\" data-widget_type=\"image.default\">\n\t\t\t\t<div class=\"elementor-widget-container\">\n\t\t\t\t\t\t\t\t\t\t\t\t\t\t\t<img fetchpriority=\"high\" decoding=\"async\" width=\"800\" height=\"800\" src=\"https:\/\/samon.com\/wp-content\/uploads\/2024\/06\/ref-plant-square-1024x1024.jpg\" class=\"attachment-large size-large wp-image-6072\" alt=\"Refrigeration plant\" srcset=\"https:\/\/samon.com\/wp-content\/uploads\/2024\/06\/ref-plant-square-1024x1024.jpg 1024w, https:\/\/samon.com\/wp-content\/uploads\/2024\/06\/ref-plant-square-300x300.jpg 300w, https:\/\/samon.com\/wp-content\/uploads\/2024\/06\/ref-plant-square-150x150.jpg 150w, https:\/\/samon.com\/wp-content\/uploads\/2024\/06\/ref-plant-square-768x768.jpg 768w, https:\/\/samon.com\/wp-content\/uploads\/2024\/06\/ref-plant-square-1536x1536.jpg 1536w, https:\/\/samon.com\/wp-content\/uploads\/2024\/06\/ref-plant-square.jpg 1920w\" sizes=\"(max-width: 800px) 100vw, 800px\" \/>\t\t\t\t\t\t\t\t\t\t\t\t\t\t\t<\/div>\n\t\t\t\t<\/div>\n\t\t\t\t\t<\/div>\n\t\t\t\t<\/div>\n\t\t\t\t\t<\/div>\n\t\t\t\t<\/div>\n\t\t<div class=\"elementor-element elementor-element-a7abaa1 e-flex e-con-boxed e-con e-parent\" data-id=\"a7abaa1\" data-element_type=\"container\">\n\t\t\t\t\t<div class=\"e-con-inner\">\n\t\t<div class=\"elementor-element elementor-element-fb17c8f e-grid e-con-boxed e-con e-child\" data-id=\"fb17c8f\" data-element_type=\"container\">\n\t\t\t\t\t<div class=\"e-con-inner\">\n\t\t\t\t<div class=\"elementor-element elementor-element-bef4495 elementor-widget elementor-widget-image\" data-id=\"bef4495\" data-element_type=\"widget\" data-widget_type=\"image.default\">\n\t\t\t\t<div class=\"elementor-widget-container\">\n\t\t\t\t\t\t\t\t\t\t\t\t\t\t\t<img decoding=\"async\" width=\"800\" height=\"800\" src=\"https:\/\/samon.com\/wp-content\/uploads\/2024\/06\/safety-square-1024x1024.jpg\" class=\"attachment-large size-large wp-image-5982\" alt=\"refrigerant gas detector service\" srcset=\"https:\/\/samon.com\/wp-content\/uploads\/2024\/06\/safety-square-1024x1024.jpg 1024w, https:\/\/samon.com\/wp-content\/uploads\/2024\/06\/safety-square-300x300.jpg 300w, https:\/\/samon.com\/wp-content\/uploads\/2024\/06\/safety-square-150x150.jpg 150w, https:\/\/samon.com\/wp-content\/uploads\/2024\/06\/safety-square-768x768.jpg 768w, https:\/\/samon.com\/wp-content\/uploads\/2024\/06\/safety-square-1536x1536.jpg 1536w, https:\/\/samon.com\/wp-content\/uploads\/2024\/06\/safety-square.jpg 1920w\" sizes=\"(max-width: 800px) 100vw, 800px\" \/>\t\t\t\t\t\t\t\t\t\t\t\t\t\t\t<\/div>\n\t\t\t\t<\/div>\n\t\t<div class=\"elementor-element elementor-element-82405fb e-flex e-con-boxed e-con e-child\" data-id=\"82405fb\" data-element_type=\"container\">\n\t\t\t\t\t<div class=\"e-con-inner\">\n\t\t\t\t<div class=\"elementor-element elementor-element-2c0042a elementor-widget elementor-widget-heading\" data-id=\"2c0042a\" data-element_type=\"widget\" data-widget_type=\"heading.default\">\n\t\t\t\t<div class=\"elementor-widget-container\">\n\t\t\t\t\t<h2 class=\"elementor-heading-title elementor-size-default\">Cumprimento dos regulamentos  <\/h2>\t\t\t\t<\/div>\n\t\t\t\t<\/div>\n\t\t\t\t<div class=\"elementor-element elementor-element-3c30372 elementor-widget elementor-widget-text-editor\" data-id=\"3c30372\" data-element_type=\"widget\" data-widget_type=\"text-editor.default\">\n\t\t\t\t<div class=\"elementor-widget-container\">\n\t\t\t\t\t\t\t\t\t<p>A conformidade com regulamentos como o Regulamento relativo aos gases fluorados (UE 2024\/573) e normas como a EN 378:2016 e a EN14624:2020 \u00e9 essencial. Estes regulamentos garantem a prote\u00e7\u00e3o ambiental e a seguran\u00e7a em ambientes industriais. <\/p>\n<p>As nossas solu\u00e7\u00f5es de dete\u00e7\u00e3o de g\u00e1s ajudam-no a cumprir estas normas, garantindo que as suas opera\u00e7\u00f5es s\u00e3o seguras e est\u00e3o em conformidade.<\/p>\n\t\t\t\t\t\t\t\t<\/div>\n\t\t\t\t<\/div>\n\t\t\t\t\t<\/div>\n\t\t\t\t<\/div>\n\t\t\t\t\t<\/div>\n\t\t\t\t<\/div>\n\t\t\t\t\t<\/div>\n\t\t\t\t<\/div>\n\t\t<div class=\"elementor-element elementor-element-97b26ee e-flex e-con-boxed e-con e-parent\" data-id=\"97b26ee\" data-element_type=\"container\">\n\t\t\t\t\t<div class=\"e-con-inner\">\n\t\t<div class=\"elementor-element elementor-element-4f928b9 e-grid e-con-boxed e-con e-child\" data-id=\"4f928b9\" data-element_type=\"container\">\n\t\t\t\t\t<div class=\"e-con-inner\">\n\t\t<div class=\"elementor-element elementor-element-450a03c e-flex e-con-boxed e-con e-child\" data-id=\"450a03c\" data-element_type=\"container\">\n\t\t\t\t\t<div class=\"e-con-inner\">\n\t\t\t\t<div class=\"elementor-element elementor-element-3ea6ef2 elementor-widget elementor-widget-heading\" data-id=\"3ea6ef2\" data-element_type=\"widget\" data-widget_type=\"heading.default\">\n\t\t\t\t<div class=\"elementor-widget-container\">\n\t\t\t\t\t<h2 class=\"elementor-heading-title elementor-size-default\">Servi\u00e7o e manuten\u00e7\u00e3o abrangentes  <\/h2>\t\t\t\t<\/div>\n\t\t\t\t<\/div>\n\t\t\t\t<div class=\"elementor-element elementor-element-888623e elementor-widget elementor-widget-text-editor\" data-id=\"888623e\" data-element_type=\"widget\" data-widget_type=\"text-editor.default\">\n\t\t\t\t<div class=\"elementor-widget-container\">\n\t\t\t\t\t\t\t\t\t<p>Na refrigera\u00e7\u00e3o industrial, a prote\u00e7\u00e3o contra fugas de g\u00e1s refrigerante \u00e9 essencial para manter um ambiente seguro e em conformidade. Os nossos sistemas avan\u00e7ados de dete\u00e7\u00e3o de g\u00e1s refrigerante oferecem solu\u00e7\u00f5es robustas adaptadas a ambientes industriais, garantindo uma r\u00e1pida dete\u00e7\u00e3o de fugas e prote\u00e7\u00e3o contra potenciais perigos. <\/p>\n<p>Os nossos especialistas est\u00e3o sempre prontos a ajudar-te com quaisquer necessidades. O servi\u00e7o e a manuten\u00e7\u00e3o regulares s\u00e3o vitais para garantir uma precis\u00e3o e fiabilidade cont\u00ednuas. Fornecemos servi\u00e7os anuais de calibra\u00e7\u00e3o e manuten\u00e7\u00e3o, quer diretamente atrav\u00e9s da SAMON ou dos nossos parceiros globais, para manter os seus sistemas a funcionar com o m\u00e1ximo desempenho.  <\/p>\n\t\t\t\t\t\t\t\t<\/div>\n\t\t\t\t<\/div>\n\t\t\t\t\t<\/div>\n\t\t\t\t<\/div>\n\t\t\t\t<div class=\"elementor-element elementor-element-eff7da6 elementor-widget elementor-widget-image\" data-id=\"eff7da6\" data-element_type=\"widget\" data-widget_type=\"image.default\">\n\t\t\t\t<div class=\"elementor-widget-container\">\n\t\t\t\t\t\t\t\t\t\t\t\t\t\t\t<img decoding=\"async\" width=\"800\" height=\"800\" src=\"https:\/\/samon.com\/wp-content\/uploads\/2024\/06\/service-square-1024x1024.jpg\" class=\"attachment-large size-large wp-image-6073\" alt=\"refrigerant gas detector maintenance\" srcset=\"https:\/\/samon.com\/wp-content\/uploads\/2024\/06\/service-square-1024x1024.jpg 1024w, https:\/\/samon.com\/wp-content\/uploads\/2024\/06\/service-square-300x300.jpg 300w, https:\/\/samon.com\/wp-content\/uploads\/2024\/06\/service-square-150x150.jpg 150w, https:\/\/samon.com\/wp-content\/uploads\/2024\/06\/service-square-768x768.jpg 768w, https:\/\/samon.com\/wp-content\/uploads\/2024\/06\/service-square-1536x1536.jpg 1536w, https:\/\/samon.com\/wp-content\/uploads\/2024\/06\/service-square.jpg 1920w\" sizes=\"(max-width: 800px) 100vw, 800px\" \/>\t\t\t\t\t\t\t\t\t\t\t\t\t\t\t<\/div>\n\t\t\t\t<\/div>\n\t\t\t\t\t<\/div>\n\t\t\t\t<\/div>\n\t\t\t\t\t<\/div>\n\t\t\t\t<\/div>\n\t\t<div class=\"elementor-element elementor-element-c81b424 e-flex e-con-boxed e-con e-parent\" data-id=\"c81b424\" data-element_type=\"container\">\n\t\t\t\t\t<div class=\"e-con-inner\">\n\t\t<div class=\"elementor-element elementor-element-c689e33 e-grid e-con-boxed e-con e-child\" data-id=\"c689e33\" data-element_type=\"container\">\n\t\t\t\t\t<div class=\"e-con-inner\">\n\t\t\t\t<div class=\"elementor-element elementor-element-db0085a elementor-widget elementor-widget-image\" data-id=\"db0085a\" data-element_type=\"widget\" data-widget_type=\"image.default\">\n\t\t\t\t<div class=\"elementor-widget-container\">\n\t\t\t\t\t\t\t\t\t\t\t\t\t\t\t<img loading=\"lazy\" decoding=\"async\" width=\"800\" height=\"800\" src=\"https:\/\/samon.com\/wp-content\/uploads\/2024\/06\/GLACIAR-X5-MIDI-square-1024x1024.jpg\" class=\"attachment-large size-large wp-image-6074\" alt=\"GLACI\u00c4R MIDI and X5 refrigerant gas detectors\" srcset=\"https:\/\/samon.com\/wp-content\/uploads\/2024\/06\/GLACIAR-X5-MIDI-square-1024x1024.jpg 1024w, https:\/\/samon.com\/wp-content\/uploads\/2024\/06\/GLACIAR-X5-MIDI-square-300x300.jpg 300w, https:\/\/samon.com\/wp-content\/uploads\/2024\/06\/GLACIAR-X5-MIDI-square-150x150.jpg 150w, https:\/\/samon.com\/wp-content\/uploads\/2024\/06\/GLACIAR-X5-MIDI-square-768x768.jpg 768w, https:\/\/samon.com\/wp-content\/uploads\/2024\/06\/GLACIAR-X5-MIDI-square-1536x1536.jpg 1536w, https:\/\/samon.com\/wp-content\/uploads\/2024\/06\/GLACIAR-X5-MIDI-square.jpg 1920w\" sizes=\"(max-width: 800px) 100vw, 800px\" \/>\t\t\t\t\t\t\t\t\t\t\t\t\t\t\t<\/div>\n\t\t\t\t<\/div>\n\t\t<div class=\"elementor-element elementor-element-d91a8d8 e-flex e-con-boxed e-con e-child\" data-id=\"d91a8d8\" data-element_type=\"container\">\n\t\t\t\t\t<div class=\"e-con-inner\">\n\t\t\t\t<div class=\"elementor-element elementor-element-5cd898b elementor-widget elementor-widget-heading\" data-id=\"5cd898b\" data-element_type=\"widget\" data-widget_type=\"heading.default\">\n\t\t\t\t<div class=\"elementor-widget-container\">\n\t\t\t\t\t<h2 class=\"elementor-heading-title elementor-size-default\">Porqu\u00ea escolher as nossas solu\u00e7\u00f5es?  <\/h2>\t\t\t\t<\/div>\n\t\t\t\t<\/div>\n\t\t\t\t<div class=\"elementor-element elementor-element-9d9d403 elementor-widget elementor-widget-text-editor\" data-id=\"9d9d403\" data-element_type=\"widget\" data-widget_type=\"text-editor.default\">\n\t\t\t\t<div class=\"elementor-widget-container\">\n\t\t\t\t\t\t\t\t\t<ul>\n<li><strong>Seguran\u00e7a:<\/strong> Dete\u00e7\u00e3o imediata de fugas e alertas para evitar riscos.<\/li>\n<li><strong>Conformidade:<\/strong> Cumpre os regulamentos internacionais de seguran\u00e7a e ambientais.<\/li>\n<li><strong>Integra\u00e7\u00e3o:<\/strong> Integra-se perfeitamente com os sistemas de seguran\u00e7a e gest\u00e3o existentes.<\/li>\n<li><strong>Fiabilidade:<\/strong> Sistemas duradouros e fi\u00e1veis adaptados a ambientes industriais.\n<\/li>\n<\/ul>\n<p>Investe em sistemas robustos de dete\u00e7\u00e3o de g\u00e1s refrigerante industrial para salvaguardar as suas opera\u00e7\u00f5es. Contacta-nos hoje mesmo para saberes mais sobre as nossas solu\u00e7\u00f5es abrangentes, concebidas para satisfazer as necessidades espec\u00edficas da tua ind\u00fastria. <\/p>\n\t\t\t\t\t\t\t\t<\/div>\n\t\t\t\t<\/div>\n\t\t\t\t\t<\/div>\n\t\t\t\t<\/div>\n\t\t\t\t\t<\/div>\n\t\t\t\t<\/div>\n\t\t\t\t\t<\/div>\n\t\t\t\t<\/div>\n\t\t<div class=\"elementor-element elementor-element-5c346fe e-flex e-con-boxed e-con e-parent\" data-id=\"5c346fe\" data-element_type=\"container\">\n\t\t\t\t\t<div class=\"e-con-inner\">\n\t\t\t\t<div class=\"elementor-element elementor-element-cda0784 elementor-widget-divider--view-line elementor-widget elementor-widget-divider\" data-id=\"cda0784\" data-element_type=\"widget\" data-widget_type=\"divider.default\">\n\t\t\t\t<div class=\"elementor-widget-container\">\n\t\t\t\t\t\t\t<div class=\"elementor-divider\">\n\t\t\t<span class=\"elementor-divider-separator\">\n\t\t\t\t\t\t<\/span>\n\t\t<\/div>\n\t\t\t\t\t\t<\/div>\n\t\t\t\t<\/div>\n\t\t\t\t\t<\/div>\n\t\t\t\t<\/div>\n\t\t<div class=\"elementor-element elementor-element-5adf8f2 e-grid e-con-boxed e-con e-parent\" data-id=\"5adf8f2\" data-element_type=\"container\">\n\t\t\t\t\t<div class=\"e-con-inner\">\n\t\t\t\t<div class=\"elementor-element elementor-element-7fec3e5 elementor-cta--skin-classic elementor-animated-content elementor-bg-transform elementor-bg-transform-zoom-in elementor-widget elementor-widget-call-to-action\" data-id=\"7fec3e5\" data-element_type=\"widget\" data-widget_type=\"call-to-action.default\">\n\t\t\t\t<div class=\"elementor-widget-container\">\n\t\t\t\t\t\t\t<div class=\"elementor-cta\">\n\t\t\t\t\t<div class=\"elementor-cta__bg-wrapper\">\n\t\t\t\t<div class=\"elementor-cta__bg elementor-bg\" style=\"background-image: url(https:\/\/samon.com\/wp-content\/uploads\/2024\/05\/GLACIAR-MIDI-app-1024x576.jpg);\" role=\"img\" aria-label=\"GLACI\u00c4R MIDI refrigerant gas detector with app\"><\/div>\n\t\t\t\t<div class=\"elementor-cta__bg-overlay\"><\/div>\n\t\t\t<\/div>\n\t\t\t\t\t\t\t<div class=\"elementor-cta__content\">\n\t\t\t\t\n\t\t\t\t\t\t\t\t\t<h2 class=\"elementor-cta__title elementor-cta__content-item elementor-content-item\">\n\t\t\t\t\t\tGLACI\u00c4R MIDI\t\t\t\t\t<\/h2>\n\t\t\t\t\n\t\t\t\t\t\t\t\t\t<div class=\"elementor-cta__description elementor-cta__content-item elementor-content-item\">\n\t\t\t\t\t\t<p>Detetor de g\u00e1s refrigerante premiado e emblem\u00e1tico para aplica\u00e7\u00f5es comerciais e industriais.<\/p>\n\t\t\t\t\t<\/div>\n\t\t\t\t\n\t\t\t\t\t\t\t\t\t<div class=\"elementor-cta__button-wrapper elementor-cta__content-item elementor-content-item \">\n\t\t\t\t\t<a class=\"elementor-cta__button elementor-button elementor-size-\" href=\"https:\/\/samon.com\/products\/gas-detectors\/glaciar-midi\/\">\n\t\t\t\t\t\tClica aqui\t\t\t\t\t<\/a>\n\t\t\t\t\t<\/div>\n\t\t\t\t\t\t\t<\/div>\n\t\t\t\t\t\t<\/div>\n\t\t\t\t\t\t<\/div>\n\t\t\t\t<\/div>\n\t\t\t\t<div class=\"elementor-element elementor-element-83341b6 elementor-cta--skin-classic elementor-animated-content elementor-bg-transform elementor-bg-transform-zoom-in elementor-widget elementor-widget-call-to-action\" data-id=\"83341b6\" data-element_type=\"widget\" data-widget_type=\"call-to-action.default\">\n\t\t\t\t<div class=\"elementor-widget-container\">\n\t\t\t\t\t\t\t<div class=\"elementor-cta\">\n\t\t\t\t\t<div class=\"elementor-cta__bg-wrapper\">\n\t\t\t\t<div class=\"elementor-cta__bg elementor-bg\" style=\"background-image: url(https:\/\/samon.com\/wp-content\/uploads\/2024\/06\/Glaciar-x5-3-1024x684.jpg);\" role=\"img\" aria-label=\"GLACI\u00c4R X5 refrigerant gas detectors\"><\/div>\n\t\t\t\t<div class=\"elementor-cta__bg-overlay\"><\/div>\n\t\t\t<\/div>\n\t\t\t\t\t\t\t<div class=\"elementor-cta__content\">\n\t\t\t\t\n\t\t\t\t\t\t\t\t\t<h2 class=\"elementor-cta__title elementor-cta__content-item elementor-content-item\">\n\t\t\t\t\t\tGLACI\u00c4R X5\t\t\t\t\t<\/h2>\n\t\t\t\t\n\t\t\t\t\t\t\t\t\t<div class=\"elementor-cta__description elementor-cta__content-item elementor-content-item\">\n\t\t\t\t\t\t<p>Sensor i\u00f3nico revolucion\u00e1rio de NH3 com 5 anos de vida \u00fatil. Op\u00e7\u00f5es de sensor simples ou duplo. <\/p>\n\t\t\t\t\t<\/div>\n\t\t\t\t\n\t\t\t\t\t\t\t\t\t<div class=\"elementor-cta__button-wrapper elementor-cta__content-item elementor-content-item \">\n\t\t\t\t\t<a class=\"elementor-cta__button elementor-button elementor-size-\" href=\"https:\/\/samon.com\/products\/gas-detectors\/glaciar-midi\/\">\n\t\t\t\t\t\tClica aqui\t\t\t\t\t<\/a>\n\t\t\t\t\t<\/div>\n\t\t\t\t\t\t\t<\/div>\n\t\t\t\t\t\t<\/div>\n\t\t\t\t\t\t<\/div>\n\t\t\t\t<\/div>\n\t\t\t\t<div class=\"elementor-element elementor-element-64c9431 elementor-cta--skin-classic elementor-animated-content elementor-bg-transform elementor-bg-transform-zoom-in elementor-widget elementor-widget-call-to-action\" data-id=\"64c9431\" data-element_type=\"widget\" data-widget_type=\"call-to-action.default\">\n\t\t\t\t<div class=\"elementor-widget-container\">\n\t\t\t\t\t\t\t<div class=\"elementor-cta\">\n\t\t\t\t\t<div class=\"elementor-cta__bg-wrapper\">\n\t\t\t\t<div class=\"elementor-cta__bg elementor-bg\" style=\"background-image: url(https:\/\/samon.com\/wp-content\/uploads\/2024\/06\/TR-Series-1-1024x683.jpg);\" role=\"img\" aria-label=\"TR series refrigerant gas detectors\"><\/div>\n\t\t\t\t<div class=\"elementor-cta__bg-overlay\"><\/div>\n\t\t\t<\/div>\n\t\t\t\t\t\t\t<div class=\"elementor-cta__content\">\n\t\t\t\t\n\t\t\t\t\t\t\t\t\t<h2 class=\"elementor-cta__title elementor-cta__content-item elementor-content-item\">\n\t\t\t\t\t\tS\u00e9rie TR\t\t\t\t\t<\/h2>\n\t\t\t\t\n\t\t\t\t\t\t\t\t\t<div class=\"elementor-cta__description elementor-cta__content-item elementor-content-item\">\n\t\t\t\t\t\t<p>Os transmissores com detetor de g\u00e1s da s\u00e9rie TR s\u00e3o concebidos de forma robusta para utiliza\u00e7\u00e3o em ambientes adversos, oferecendo uma dete\u00e7\u00e3o de g\u00e1s simplesmente fi\u00e1vel para aplica\u00e7\u00f5es industriais de refrigerante.<\/p>\n\t\t\t\t\t<\/div>\n\t\t\t\t\n\t\t\t\t\t\t\t\t\t<div class=\"elementor-cta__button-wrapper elementor-cta__content-item elementor-content-item \">\n\t\t\t\t\t<a class=\"elementor-cta__button elementor-button elementor-size-\" href=\"https:\/\/samon.com\/products\/gas-detectors\/glaciar-midi\/\">\n\t\t\t\t\t\tClica aqui\t\t\t\t\t<\/a>\n\t\t\t\t\t<\/div>\n\t\t\t\t\t\t\t<\/div>\n\t\t\t\t\t\t<\/div>\n\t\t\t\t\t\t<\/div>\n\t\t\t\t<\/div>\n\t\t\t\t\t<\/div>\n\t\t\t\t<\/div>\n\t\t\t\t<\/div>\n\t\t","protected":false},"excerpt":{"rendered":"<p>Solu\u00e7\u00f5es de dete\u00e7\u00e3o de g\u00e1s refrigerante industrial Solu\u00e7\u00f5es de dete\u00e7\u00e3o de g\u00e1s refrigerante industrial Na refrigera\u00e7\u00e3o industrial, a prote\u00e7\u00e3o contra fugas de g\u00e1s refrigerante \u00e9 essencial para manter um ambiente seguro e em conformidade. Os nossos sistemas avan\u00e7ados de dete\u00e7\u00e3o de g\u00e1s refrigerante oferecem solu\u00e7\u00f5es robustas adaptadas a ambientes industriais, garantindo uma r\u00e1pida dete\u00e7\u00e3o de [&hellip;]<\/p>\n","protected":false},"author":1,"featured_media":0,"parent":0,"menu_order":0,"comment_status":"closed","ping_status":"closed","template":"","meta":{"_monsterinsights_skip_tracking":false,"_monsterinsights_sitenote_active":false,"_monsterinsights_sitenote_note":"","_monsterinsights_sitenote_category":0,"footnotes":""},"class_list":["post-13255","page","type-page","status-publish","hentry"],"aioseo_notices":[],"_links":{"self":[{"href":"https:\/\/samon.com\/pt-pt\/wp-json\/wp\/v2\/pages\/13255","targetHints":{"allow":["GET"]}}],"collection":[{"href":"https:\/\/samon.com\/pt-pt\/wp-json\/wp\/v2\/pages"}],"about":[{"href":"https:\/\/samon.com\/pt-pt\/wp-json\/wp\/v2\/types\/page"}],"author":[{"embeddable":true,"href":"https:\/\/samon.com\/pt-pt\/wp-json\/wp\/v2\/users\/1"}],"replies":[{"embeddable":true,"href":"https:\/\/samon.com\/pt-pt\/wp-json\/wp\/v2\/comments?post=13255"}],"version-history":[{"count":1,"href":"https:\/\/samon.com\/pt-pt\/wp-json\/wp\/v2\/pages\/13255\/revisions"}],"predecessor-version":[{"id":13259,"href":"https:\/\/samon.com\/pt-pt\/wp-json\/wp\/v2\/pages\/13255\/revisions\/13259"}],"wp:attachment":[{"href":"https:\/\/samon.com\/pt-pt\/wp-json\/wp\/v2\/media?parent=13255"}],"curies":[{"name":"wp","href":"https:\/\/api.w.org\/{rel}","templated":true}]}}