{"id":13253,"date":"2024-06-07T11:22:19","date_gmt":"2024-06-07T09:22:19","guid":{"rendered":"https:\/\/samon.com\/sistemas-vrf-e-espacos-ocupados\/"},"modified":"2024-11-04T09:47:34","modified_gmt":"2024-11-04T08:47:34","slug":"sistemas-vrf-e-espacos-ocupados","status":"publish","type":"page","link":"https:\/\/samon.com\/pt-pt\/sistemas-vrf-e-espacos-ocupados\/","title":{"rendered":"Sistemas VRF e Espa\u00e7os Ocupados"},"content":{"rendered":"\t\t<div data-elementor-type=\"wp-page\" data-elementor-id=\"13253\" class=\"elementor elementor-13253 elementor-6083\" data-elementor-post-type=\"page\">\n\t\t\t\t<div class=\"elementor-element elementor-element-027eb22 e-con-full e-flex e-con e-parent\" data-id=\"027eb22\" data-element_type=\"container\">\n\t\t\t\t<div class=\"elementor-element elementor-element-e316d3e elementor--h-position-center elementor--v-position-middle elementor-arrows-position-inside elementor-pagination-position-inside elementor-widget elementor-widget-slides\" data-id=\"e316d3e\" data-element_type=\"widget\" data-settings=\"{&quot;navigation&quot;:&quot;both&quot;,&quot;autoplay&quot;:&quot;yes&quot;,&quot;pause_on_hover&quot;:&quot;yes&quot;,&quot;pause_on_interaction&quot;:&quot;yes&quot;,&quot;autoplay_speed&quot;:5000,&quot;infinite&quot;:&quot;yes&quot;,&quot;transition&quot;:&quot;slide&quot;,&quot;transition_speed&quot;:500}\" data-widget_type=\"slides.default\">\n\t\t\t\t<div class=\"elementor-widget-container\">\n\t\t\t\t\t\t\t\t\t<div class=\"elementor-swiper\">\n\t\t\t\t\t<div class=\"elementor-slides-wrapper elementor-main-swiper swiper\" role=\"region\" aria-roledescription=\"carousel\" aria-label=\"Slides\" dir=\"ltr\" data-animation=\"fadeInUp\">\n\t\t\t\t<div class=\"swiper-wrapper elementor-slides\">\n\t\t\t\t\t\t\t\t\t\t<div class=\"elementor-repeater-item-4665ef6 swiper-slide\" role=\"group\" aria-roledescription=\"slide\"><div class=\"swiper-slide-bg elementor-ken-burns elementor-ken-burns--in\" role=\"img\" aria-label=\"hotelroom\"><\/div><div class=\"swiper-slide-inner\" ><div class=\"swiper-slide-contents\"><div class=\"elementor-slide-heading\">Sistemas VRF e espa\u00e7os ocupados<\/div><\/div><\/div><\/div>\t\t\t\t<\/div>\n\t\t\t\t\t\t\t<\/div>\n\t\t\t\t<\/div>\n\t\t\t\t\t\t\t\t<\/div>\n\t\t\t\t<\/div>\n\t\t\t\t<\/div>\n\t\t<div class=\"elementor-element elementor-element-b058bb2 e-flex e-con-boxed e-con e-parent\" data-id=\"b058bb2\" data-element_type=\"container\">\n\t\t\t\t\t<div class=\"e-con-inner\">\n\t\t\t\t<div class=\"elementor-element elementor-element-3f0244e elementor-widget elementor-widget-heading\" data-id=\"3f0244e\" data-element_type=\"widget\" data-widget_type=\"heading.default\">\n\t\t\t\t<div class=\"elementor-widget-container\">\n\t\t\t\t\t<h2 class=\"elementor-heading-title elementor-size-default\"><p><strong>Garantir a seguran\u00e7a em sistemas VRF e espa\u00e7os ocupados<\/strong><span style=\"letter-spacing: 0px;background-color: var( --e-global-color-c696dce )\"><\/span><\/p><\/h2>\t\t\t\t<\/div>\n\t\t\t\t<\/div>\n\t\t\t\t<div class=\"elementor-element elementor-element-192fcf7 elementor-widget elementor-widget-text-editor\" data-id=\"192fcf7\" data-element_type=\"widget\" data-widget_type=\"text-editor.default\">\n\t\t\t\t<div class=\"elementor-widget-container\">\n\t\t\t\t\t\t\t\t\t<p class=\"p1\">Os sistemas de Fluxo de Refrigerante Vari\u00e1vel (VRF) est\u00e3o a tornar-se cada vez mais populares nas instala\u00e7\u00f5es modernas de AVAC, particularmente em hot\u00e9is, escrit\u00f3rios, lares de idosos, pris\u00f5es, etc., devido \u00e0 sua efici\u00eancia energ\u00e9tica, flexibilidade e capacidade de proporcionar um controlo individualizado da temperatura. No entanto, garantir a seguran\u00e7a nestes sistemas, especialmente em espa\u00e7os ocupados, \u00e9 fundamental. <\/p>\n\t\t\t\t\t\t\t\t<\/div>\n\t\t\t\t<\/div>\n\t\t\t\t\t<\/div>\n\t\t\t\t<\/div>\n\t\t<div class=\"elementor-element elementor-element-7986ee4 e-flex e-con-boxed e-con e-parent\" data-id=\"7986ee4\" data-element_type=\"container\">\n\t\t\t\t\t<div class=\"e-con-inner\">\n\t\t<div class=\"elementor-element elementor-element-96ad1e9 e-grid e-con-boxed e-con e-child\" data-id=\"96ad1e9\" data-element_type=\"container\">\n\t\t\t\t\t<div class=\"e-con-inner\">\n\t\t<div class=\"elementor-element elementor-element-39a88a1 e-flex e-con-boxed e-con e-child\" data-id=\"39a88a1\" data-element_type=\"container\">\n\t\t\t\t\t<div class=\"e-con-inner\">\n\t\t\t\t<div class=\"elementor-element elementor-element-f72442b elementor-widget elementor-widget-heading\" data-id=\"f72442b\" data-element_type=\"widget\" data-widget_type=\"heading.default\">\n\t\t\t\t<div class=\"elementor-widget-container\">\n\t\t\t\t\t<h2 class=\"elementor-heading-title elementor-size-default\"><h3>Porque \u00e9 que a seguran\u00e7a \u00e9 importante nos sistemas VRF?<\/h3><\/h2>\t\t\t\t<\/div>\n\t\t\t\t<\/div>\n\t\t\t\t<div class=\"elementor-element elementor-element-44514f1 elementor-widget elementor-widget-text-editor\" data-id=\"44514f1\" data-element_type=\"widget\" data-widget_type=\"text-editor.default\">\n\t\t\t\t<div class=\"elementor-widget-container\">\n\t\t\t\t\t\t\t\t\t<p class=\"p1\">Os sistemas VRF, embora ofere\u00e7am vantagens significativas, tamb\u00e9m apresentam riscos potenciais se n\u00e3o forem devidamente monitorizados. O design destes sistemas permite que uma maior carga de refrigerante seja distribu\u00edda por v\u00e1rias \u00e1reas, o que pode levar a riscos significativos se ocorrer uma fuga. Isto \u00e9 especialmente cr\u00edtico em ambientes onde est\u00e3o presentes pessoas, como quartos de hotel e espa\u00e7os de escrit\u00f3rios.  <\/p>\n\t\t\t\t\t\t\t\t<\/div>\n\t\t\t\t<\/div>\n\t\t\t\t\t<\/div>\n\t\t\t\t<\/div>\n\t\t\t\t<div class=\"elementor-element elementor-element-31ca1f0 elementor-widget elementor-widget-image\" data-id=\"31ca1f0\" data-element_type=\"widget\" data-widget_type=\"image.default\">\n\t\t\t\t<div class=\"elementor-widget-container\">\n\t\t\t\t\t\t\t\t\t\t\t\t\t\t\t<img fetchpriority=\"high\" decoding=\"async\" width=\"800\" height=\"800\" src=\"https:\/\/samon.com\/wp-content\/uploads\/2024\/06\/hotel-square-1024x1024.jpg\" class=\"attachment-large size-large wp-image-5990\" alt=\"Hotel room\" srcset=\"https:\/\/samon.com\/wp-content\/uploads\/2024\/06\/hotel-square-1024x1024.jpg 1024w, https:\/\/samon.com\/wp-content\/uploads\/2024\/06\/hotel-square-300x300.jpg 300w, https:\/\/samon.com\/wp-content\/uploads\/2024\/06\/hotel-square-150x150.jpg 150w, https:\/\/samon.com\/wp-content\/uploads\/2024\/06\/hotel-square-768x768.jpg 768w, https:\/\/samon.com\/wp-content\/uploads\/2024\/06\/hotel-square-1536x1536.jpg 1536w, https:\/\/samon.com\/wp-content\/uploads\/2024\/06\/hotel-square.jpg 1920w\" sizes=\"(max-width: 800px) 100vw, 800px\" \/>\t\t\t\t\t\t\t\t\t\t\t\t\t\t\t<\/div>\n\t\t\t\t<\/div>\n\t\t\t\t\t<\/div>\n\t\t\t\t<\/div>\n\t\t\t\t\t<\/div>\n\t\t\t\t<\/div>\n\t\t<div class=\"elementor-element elementor-element-a7abaa1 e-flex e-con-boxed e-con e-parent\" data-id=\"a7abaa1\" data-element_type=\"container\">\n\t\t\t\t\t<div class=\"e-con-inner\">\n\t\t<div class=\"elementor-element elementor-element-fb17c8f e-grid e-con-boxed e-con e-child\" data-id=\"fb17c8f\" data-element_type=\"container\">\n\t\t\t\t\t<div class=\"e-con-inner\">\n\t\t\t\t<div class=\"elementor-element elementor-element-bef4495 elementor-widget elementor-widget-image\" data-id=\"bef4495\" data-element_type=\"widget\" data-widget_type=\"image.default\">\n\t\t\t\t<div class=\"elementor-widget-container\">\n\t\t\t\t\t\t\t\t\t\t\t\t\t\t\t<img decoding=\"async\" width=\"800\" height=\"800\" src=\"https:\/\/samon.com\/wp-content\/uploads\/2024\/06\/hotel-heart-square-1024x1024.jpg\" class=\"attachment-large size-large wp-image-5991\" alt=\"Hotel room\" srcset=\"https:\/\/samon.com\/wp-content\/uploads\/2024\/06\/hotel-heart-square-1024x1024.jpg 1024w, https:\/\/samon.com\/wp-content\/uploads\/2024\/06\/hotel-heart-square-300x300.jpg 300w, https:\/\/samon.com\/wp-content\/uploads\/2024\/06\/hotel-heart-square-150x150.jpg 150w, https:\/\/samon.com\/wp-content\/uploads\/2024\/06\/hotel-heart-square-768x768.jpg 768w, https:\/\/samon.com\/wp-content\/uploads\/2024\/06\/hotel-heart-square-1536x1536.jpg 1536w, https:\/\/samon.com\/wp-content\/uploads\/2024\/06\/hotel-heart-square.jpg 1920w\" sizes=\"(max-width: 800px) 100vw, 800px\" \/>\t\t\t\t\t\t\t\t\t\t\t\t\t\t\t<\/div>\n\t\t\t\t<\/div>\n\t\t<div class=\"elementor-element elementor-element-82405fb e-flex e-con-boxed e-con e-child\" data-id=\"82405fb\" data-element_type=\"container\">\n\t\t\t\t\t<div class=\"e-con-inner\">\n\t\t\t\t<div class=\"elementor-element elementor-element-2c0042a elementor-widget elementor-widget-heading\" data-id=\"2c0042a\" data-element_type=\"widget\" data-widget_type=\"heading.default\">\n\t\t\t\t<div class=\"elementor-widget-container\">\n\t\t\t\t\t<h2 class=\"elementor-heading-title elementor-size-default\">Fugas de refrigerante: O perigo oculto<\/h2>\t\t\t\t<\/div>\n\t\t\t\t<\/div>\n\t\t\t\t<div class=\"elementor-element elementor-element-3c30372 elementor-widget elementor-widget-text-editor\" data-id=\"3c30372\" data-element_type=\"widget\" data-widget_type=\"text-editor.default\">\n\t\t\t\t<div class=\"elementor-widget-container\">\n\t\t\t\t\t\t\t\t\t<p>As fugas de refrigerante nos sistemas VRF podem levar a v\u00e1rios perigos:<\/p>\n<ul>\n<li><strong>Riscos de asfixia<\/strong>: A maior parte dos fluidos frigorig\u00e9neos utilizados nos sistemas VRF s\u00e3o mais pesados do que o ar, o que faz com que se acumulem em n\u00edveis mais baixos em caso de fuga, especialmente em \u00e1reas pouco ventiladas. Isto pode deslocar o oxig\u00e9nio, criando um risco de asfixia, especialmente em espa\u00e7os confinados. <\/li>\n<li><strong>Tempo de inatividade operacional<\/strong>: As fugas podem levar a um funcionamento ineficiente do sistema, a um aumento do consumo de energia e a repara\u00e7\u00f5es dispendiosas. Nos hot\u00e9is, isto pode resultar em quartos n\u00e3o vend\u00e1veis e perda de receitas. <\/li>\n<li><strong>Impacto ambiental<\/strong>: As fugas de fluidos frigorig\u00e9neos contribuem para o aquecimento global e podem violar os regulamentos ambientais, como o regulamento europeu relativo aos gases fluorados e a lei AIM dos EUA.<\/li>\n<\/ul>\n\t\t\t\t\t\t\t\t<\/div>\n\t\t\t\t<\/div>\n\t\t\t\t\t<\/div>\n\t\t\t\t<\/div>\n\t\t\t\t\t<\/div>\n\t\t\t\t<\/div>\n\t\t\t\t\t<\/div>\n\t\t\t\t<\/div>\n\t\t<div class=\"elementor-element elementor-element-97b26ee e-flex e-con-boxed e-con e-parent\" data-id=\"97b26ee\" data-element_type=\"container\">\n\t\t\t\t\t<div class=\"e-con-inner\">\n\t\t<div class=\"elementor-element elementor-element-4f928b9 e-grid e-con-boxed e-con e-child\" data-id=\"4f928b9\" data-element_type=\"container\">\n\t\t\t\t\t<div class=\"e-con-inner\">\n\t\t<div class=\"elementor-element elementor-element-450a03c e-flex e-con-boxed e-con e-child\" data-id=\"450a03c\" data-element_type=\"container\">\n\t\t\t\t\t<div class=\"e-con-inner\">\n\t\t\t\t<div class=\"elementor-element elementor-element-3ea6ef2 elementor-widget elementor-widget-heading\" data-id=\"3ea6ef2\" data-element_type=\"widget\" data-widget_type=\"heading.default\">\n\t\t\t\t<div class=\"elementor-widget-container\">\n\t\t\t\t\t<h2 class=\"elementor-heading-title elementor-size-default\">Import\u00e2ncia da Dete\u00e7\u00e3o de G\u00e1s em Espa\u00e7os Ocupados  <\/h2>\t\t\t\t<\/div>\n\t\t\t\t<\/div>\n\t\t\t\t<div class=\"elementor-element elementor-element-888623e elementor-widget elementor-widget-text-editor\" data-id=\"888623e\" data-element_type=\"widget\" data-widget_type=\"text-editor.default\">\n\t\t\t\t<div class=\"elementor-widget-container\">\n\t\t\t\t\t\t\t\t\t<p>Para mitigar estes riscos, \u00e9 crucial integrar sistemas de dete\u00e7\u00e3o de g\u00e1s refrigerante nas instala\u00e7\u00f5es de VRF, particularmente em espa\u00e7os ocupados como quartos de hotel e escrit\u00f3rios. Estes sistemas devem ser capazes de detetar fugas numa fase inicial para acionar alarmes e ativar protocolos de seguran\u00e7a, como a ventila\u00e7\u00e3o mec\u00e2nica e a paragem do sistema. <\/p>\n\t\t\t\t\t\t\t\t<\/div>\n\t\t\t\t<\/div>\n\t\t\t\t\t<\/div>\n\t\t\t\t<\/div>\n\t\t\t\t<div class=\"elementor-element elementor-element-eff7da6 elementor-widget elementor-widget-image\" data-id=\"eff7da6\" data-element_type=\"widget\" data-widget_type=\"image.default\">\n\t\t\t\t<div class=\"elementor-widget-container\">\n\t\t\t\t\t\t\t\t\t\t\t\t\t\t\t<img decoding=\"async\" width=\"800\" height=\"800\" src=\"https:\/\/samon.com\/wp-content\/uploads\/2024\/06\/office-square-1024x1024.jpg\" class=\"attachment-large size-large wp-image-5997\" alt=\"Office environment\" srcset=\"https:\/\/samon.com\/wp-content\/uploads\/2024\/06\/office-square-1024x1024.jpg 1024w, https:\/\/samon.com\/wp-content\/uploads\/2024\/06\/office-square-300x300.jpg 300w, https:\/\/samon.com\/wp-content\/uploads\/2024\/06\/office-square-150x150.jpg 150w, https:\/\/samon.com\/wp-content\/uploads\/2024\/06\/office-square-768x768.jpg 768w, https:\/\/samon.com\/wp-content\/uploads\/2024\/06\/office-square-1536x1536.jpg 1536w, https:\/\/samon.com\/wp-content\/uploads\/2024\/06\/office-square.jpg 1920w\" sizes=\"(max-width: 800px) 100vw, 800px\" \/>\t\t\t\t\t\t\t\t\t\t\t\t\t\t\t<\/div>\n\t\t\t\t<\/div>\n\t\t\t\t\t<\/div>\n\t\t\t\t<\/div>\n\t\t\t\t\t<\/div>\n\t\t\t\t<\/div>\n\t\t<div class=\"elementor-element elementor-element-88f8ce2 e-flex e-con-boxed e-con e-parent\" data-id=\"88f8ce2\" data-element_type=\"container\">\n\t\t\t\t\t<div class=\"e-con-inner\">\n\t\t<div class=\"elementor-element elementor-element-5658d75 e-grid e-con-boxed e-con e-child\" data-id=\"5658d75\" data-element_type=\"container\">\n\t\t\t\t\t<div class=\"e-con-inner\">\n\t\t\t\t<div class=\"elementor-element elementor-element-ccc0502 elementor-widget elementor-widget-image\" data-id=\"ccc0502\" data-element_type=\"widget\" data-widget_type=\"image.default\">\n\t\t\t\t<div class=\"elementor-widget-container\">\n\t\t\t\t\t\t\t\t\t\t\t\t\t\t\t<img loading=\"lazy\" decoding=\"async\" width=\"800\" height=\"800\" src=\"https:\/\/samon.com\/wp-content\/uploads\/2024\/06\/office-laptop-1024x1024.jpg\" class=\"attachment-large size-large wp-image-6000\" alt=\"Laptop in office\" srcset=\"https:\/\/samon.com\/wp-content\/uploads\/2024\/06\/office-laptop-1024x1024.jpg 1024w, https:\/\/samon.com\/wp-content\/uploads\/2024\/06\/office-laptop-300x300.jpg 300w, https:\/\/samon.com\/wp-content\/uploads\/2024\/06\/office-laptop-150x150.jpg 150w, https:\/\/samon.com\/wp-content\/uploads\/2024\/06\/office-laptop-768x768.jpg 768w, https:\/\/samon.com\/wp-content\/uploads\/2024\/06\/office-laptop-1536x1536.jpg 1536w, https:\/\/samon.com\/wp-content\/uploads\/2024\/06\/office-laptop.jpg 1920w\" sizes=\"(max-width: 800px) 100vw, 800px\" \/>\t\t\t\t\t\t\t\t\t\t\t\t\t\t\t<\/div>\n\t\t\t\t<\/div>\n\t\t<div class=\"elementor-element elementor-element-7ef1e1c e-flex e-con-boxed e-con e-child\" data-id=\"7ef1e1c\" data-element_type=\"container\">\n\t\t\t\t\t<div class=\"e-con-inner\">\n\t\t\t\t<div class=\"elementor-element elementor-element-5d7723d elementor-widget elementor-widget-heading\" data-id=\"5d7723d\" data-element_type=\"widget\" data-widget_type=\"heading.default\">\n\t\t\t\t<div class=\"elementor-widget-container\">\n\t\t\t\t\t<h2 class=\"elementor-heading-title elementor-size-default\">Melhores pr\u00e1ticas para a dete\u00e7\u00e3o de fugas de refrigerante em sistemas VRF<\/h2>\t\t\t\t<\/div>\n\t\t\t\t<\/div>\n\t\t\t\t<div class=\"elementor-element elementor-element-cd7c67d elementor-widget elementor-widget-text-editor\" data-id=\"cd7c67d\" data-element_type=\"widget\" data-widget_type=\"text-editor.default\">\n\t\t\t\t<div class=\"elementor-widget-container\">\n\t\t\t\t\t\t\t\t\t<p><strong>Coloca\u00e7\u00e3o Estrat\u00e9gica do Detetor<\/strong>: <br \/>Instala os detectores de refrigerante em n\u00edveis baixos (aproximadamente 20 cm acima do ch\u00e3o) onde os gases de fuga tendem a acumular-se. Os detectores devem ser posicionados perto de potenciais fontes de fuga, tais como \u00e0 volta de unidades AVAC e \u00e1reas onde a tubagem de refrigerante est\u00e1 mais concentrada. <\/p>\n<p><strong>Selecionar a tecnologia certa<\/strong>: <br \/>Para sistemas VRF, os sensores semicondutores s\u00e3o normalmente utilizados devido \u00e0 sua rela\u00e7\u00e3o custo-efic\u00e1cia e longa vida \u00fatil. No entanto, os sensores de infravermelhos, com a sua precis\u00e3o e estabilidade superiores, s\u00e3o cada vez mais preferidos em ambientes onde \u00e9 necess\u00e1ria uma elevada precis\u00e3o. <\/p>\n<p><strong>Manuten\u00e7\u00e3o e Calibra\u00e7\u00e3o<\/strong>: <br \/>A manuten\u00e7\u00e3o e a calibra\u00e7\u00e3o regulares dos detectores de refrigerante s\u00e3o essenciais para garantir a sua fiabilidade e precis\u00e3o cont\u00ednuas. O cumprimento das diretrizes do fabricante e a realiza\u00e7\u00e3o de verifica\u00e7\u00f5es de rotina podem evitar desvios do sensor e garantir que o sistema se mant\u00e9m eficaz. <\/p>\n<p><strong>Integra\u00e7\u00e3o est\u00e9tica<\/strong>: <br \/>Em espa\u00e7os ocupados, especialmente em hot\u00e9is, \u00e9 importante que os sistemas de dete\u00e7\u00e3o de g\u00e1s sejam discretos. Os detectores embutidos com placas frontais discretas s\u00e3o ideais, mantendo a est\u00e9tica do quarto e garantindo a seguran\u00e7a. <\/p>\n\t\t\t\t\t\t\t\t<\/div>\n\t\t\t\t<\/div>\n\t\t\t\t\t<\/div>\n\t\t\t\t<\/div>\n\t\t\t\t\t<\/div>\n\t\t\t\t<\/div>\n\t\t\t\t\t<\/div>\n\t\t\t\t<\/div>\n\t\t<div class=\"elementor-element elementor-element-e2b7f31 e-flex e-con-boxed e-con e-parent\" data-id=\"e2b7f31\" data-element_type=\"container\">\n\t\t\t\t\t<div class=\"e-con-inner\">\n\t\t<div class=\"elementor-element elementor-element-624d007 e-grid e-con-boxed e-con e-child\" data-id=\"624d007\" data-element_type=\"container\">\n\t\t\t\t\t<div class=\"e-con-inner\">\n\t\t<div class=\"elementor-element elementor-element-f78d78e e-flex e-con-boxed e-con e-child\" data-id=\"f78d78e\" data-element_type=\"container\">\n\t\t\t\t\t<div class=\"e-con-inner\">\n\t\t\t\t<div class=\"elementor-element elementor-element-3104c94 elementor-widget elementor-widget-heading\" data-id=\"3104c94\" data-element_type=\"widget\" data-widget_type=\"heading.default\">\n\t\t\t\t<div class=\"elementor-widget-container\">\n\t\t\t\t\t<h2 class=\"elementor-heading-title elementor-size-default\">Conformidade com as normas de seguran\u00e7a  <\/h2>\t\t\t\t<\/div>\n\t\t\t\t<\/div>\n\t\t\t\t<div class=\"elementor-element elementor-element-acc5c0d elementor-widget elementor-widget-text-editor\" data-id=\"acc5c0d\" data-element_type=\"widget\" data-widget_type=\"text-editor.default\">\n\t\t\t\t<div class=\"elementor-widget-container\">\n\t\t\t\t\t\t\t\t\t<p>O cumprimento das normas de seguran\u00e7a internacionais, como a ASHRAE 15 nos EUA e a EN 378 na Europa, \u00e9 crucial para o funcionamento legal e seguro dos sistemas VRF em espa\u00e7os ocupados. Estas normas ditam requisitos espec\u00edficos para a dete\u00e7\u00e3o de refrigerante, ativa\u00e7\u00e3o de alarmes e integra\u00e7\u00e3o de sistemas para proteger os ocupantes e garantir a efici\u00eancia do sistema. <\/p>\n\t\t\t\t\t\t\t\t<\/div>\n\t\t\t\t<\/div>\n\t\t\t\t\t<\/div>\n\t\t\t\t<\/div>\n\t\t\t\t<div class=\"elementor-element elementor-element-773443d elementor-widget elementor-widget-image\" data-id=\"773443d\" data-element_type=\"widget\" data-widget_type=\"image.default\">\n\t\t\t\t<div class=\"elementor-widget-container\">\n\t\t\t\t\t\t\t\t\t\t\t\t\t\t\t<img loading=\"lazy\" decoding=\"async\" width=\"389\" height=\"320\" src=\"https:\/\/samon.com\/wp-content\/uploads\/2024\/06\/hvac-slider-front.jpg\" class=\"attachment-large size-large wp-image-6181\" alt=\"HVAC maintenance\" srcset=\"https:\/\/samon.com\/wp-content\/uploads\/2024\/06\/hvac-slider-front.jpg 389w, https:\/\/samon.com\/wp-content\/uploads\/2024\/06\/hvac-slider-front-300x247.jpg 300w\" sizes=\"(max-width: 389px) 100vw, 389px\" \/>\t\t\t\t\t\t\t\t\t\t\t\t\t\t\t<\/div>\n\t\t\t\t<\/div>\n\t\t\t\t\t<\/div>\n\t\t\t\t<\/div>\n\t\t\t\t\t<\/div>\n\t\t\t\t<\/div>\n\t\t<div class=\"elementor-element elementor-element-6d89de9 e-flex e-con-boxed e-con e-parent\" data-id=\"6d89de9\" data-element_type=\"container\">\n\t\t\t\t\t<div class=\"e-con-inner\">\n\t\t<div class=\"elementor-element elementor-element-67bf18d e-grid e-con-boxed e-con e-child\" data-id=\"67bf18d\" data-element_type=\"container\">\n\t\t\t\t\t<div class=\"e-con-inner\">\n\t\t\t\t<div class=\"elementor-element elementor-element-0ceff40 elementor-widget elementor-widget-image\" data-id=\"0ceff40\" data-element_type=\"widget\" data-widget_type=\"image.default\">\n\t\t\t\t<div class=\"elementor-widget-container\">\n\t\t\t\t\t\t\t\t\t\t\t\t\t\t\t<img loading=\"lazy\" decoding=\"async\" width=\"800\" height=\"800\" src=\"https:\/\/samon.com\/wp-content\/uploads\/2024\/06\/service-square-1024x1024.jpg\" class=\"attachment-large size-large wp-image-6073\" alt=\"refrigerant gas detector maintenance\" srcset=\"https:\/\/samon.com\/wp-content\/uploads\/2024\/06\/service-square-1024x1024.jpg 1024w, https:\/\/samon.com\/wp-content\/uploads\/2024\/06\/service-square-300x300.jpg 300w, https:\/\/samon.com\/wp-content\/uploads\/2024\/06\/service-square-150x150.jpg 150w, https:\/\/samon.com\/wp-content\/uploads\/2024\/06\/service-square-768x768.jpg 768w, https:\/\/samon.com\/wp-content\/uploads\/2024\/06\/service-square-1536x1536.jpg 1536w, https:\/\/samon.com\/wp-content\/uploads\/2024\/06\/service-square.jpg 1920w\" sizes=\"(max-width: 800px) 100vw, 800px\" \/>\t\t\t\t\t\t\t\t\t\t\t\t\t\t\t<\/div>\n\t\t\t\t<\/div>\n\t\t<div class=\"elementor-element elementor-element-7d2ab62 e-flex e-con-boxed e-con e-child\" data-id=\"7d2ab62\" data-element_type=\"container\">\n\t\t\t\t\t<div class=\"e-con-inner\">\n\t\t\t\t<div class=\"elementor-element elementor-element-e492832 elementor-widget elementor-widget-heading\" data-id=\"e492832\" data-element_type=\"widget\" data-widget_type=\"heading.default\">\n\t\t\t\t<div class=\"elementor-widget-container\">\n\t\t\t\t\t<h2 class=\"elementor-heading-title elementor-size-default\">Entra em contacto com os nossos especialistas<\/h2>\t\t\t\t<\/div>\n\t\t\t\t<\/div>\n\t\t\t\t<div class=\"elementor-element elementor-element-678187f elementor-widget elementor-widget-text-editor\" data-id=\"678187f\" data-element_type=\"widget\" data-widget_type=\"text-editor.default\">\n\t\t\t\t<div class=\"elementor-widget-container\">\n\t\t\t\t\t\t\t\t\t<p>Garantir a seguran\u00e7a dos sistemas VRF em espa\u00e7os ocupados, como hot\u00e9is e escrit\u00f3rios, \u00e9 um aspeto cr\u00edtico do design moderno de AVAC. Ao implementar sistemas fi\u00e1veis de dete\u00e7\u00e3o de g\u00e1s refrigerante e ao aderir \u00e0s melhores pr\u00e1ticas e normas de seguran\u00e7a, os gestores de propriedades podem proteger tanto os seus ocupantes como os seus investimentos, garantindo um ambiente seguro, confort\u00e1vel e em conformidade. <\/p>\n<p>Para obter mais informa\u00e7\u00f5es sobre a sele\u00e7\u00e3o e implementa\u00e7\u00e3o de solu\u00e7\u00f5es de dete\u00e7\u00e3o de g\u00e1s refrigerante, contacta os nossos especialistas para obter solu\u00e7\u00f5es adaptadas \u00e0s suas necessidades espec\u00edficas.<\/p>\n\t\t\t\t\t\t\t\t<\/div>\n\t\t\t\t<\/div>\n\t\t\t\t\t<\/div>\n\t\t\t\t<\/div>\n\t\t\t\t\t<\/div>\n\t\t\t\t<\/div>\n\t\t\t\t\t<\/div>\n\t\t\t\t<\/div>\n\t\t<div class=\"elementor-element elementor-element-5302a89 e-flex e-con-boxed e-con e-parent\" data-id=\"5302a89\" data-element_type=\"container\">\n\t\t\t\t\t<div class=\"e-con-inner\">\n\t\t<div class=\"elementor-element elementor-element-344e245 e-flex e-con-boxed e-con e-child\" data-id=\"344e245\" data-element_type=\"container\">\n\t\t\t\t\t<div class=\"e-con-inner\">\n\t\t\t\t<div class=\"elementor-element elementor-element-519b1a4 elementor--h-position-center elementor--v-position-middle elementor-arrows-position-inside elementor-pagination-position-inside elementor-widget elementor-widget-slides\" data-id=\"519b1a4\" data-element_type=\"widget\" data-settings=\"{&quot;navigation&quot;:&quot;both&quot;,&quot;autoplay&quot;:&quot;yes&quot;,&quot;pause_on_hover&quot;:&quot;yes&quot;,&quot;pause_on_interaction&quot;:&quot;yes&quot;,&quot;autoplay_speed&quot;:5000,&quot;infinite&quot;:&quot;yes&quot;,&quot;transition&quot;:&quot;slide&quot;,&quot;transition_speed&quot;:500}\" data-widget_type=\"slides.default\">\n\t\t\t\t<div class=\"elementor-widget-container\">\n\t\t\t\t\t\t\t\t\t<div class=\"elementor-swiper\">\n\t\t\t\t\t<div class=\"elementor-slides-wrapper elementor-main-swiper swiper\" role=\"region\" aria-roledescription=\"carousel\" aria-label=\"Slides\" dir=\"ltr\" data-animation=\"fadeInUp\">\n\t\t\t\t<div class=\"swiper-wrapper elementor-slides\">\n\t\t\t\t\t\t\t\t\t\t<div class=\"elementor-repeater-item-3a02365 swiper-slide\" role=\"group\" aria-roledescription=\"slide\"><div class=\"swiper-slide-bg\" role=\"img\" aria-label=\"RM-RMV refrigerant gas detector\"><\/div><a class=\"swiper-slide-inner\" href=\"https:\/\/samon.com\/products\/gas-detectors\/rm-rm-v\/\"><div class=\"swiper-slide-contents\"><div class=\"elementor-slide-heading\">RM &amp; RM-V<\/div><div class=\"elementor-slide-description\"><p>Detectores de g\u00e1s para espa\u00e7os ocupados<\/p>\n<\/div><div  class=\"elementor-button elementor-slide-button elementor-size-sm\">Aprende mais<\/div><\/div><\/a><\/div>\t\t\t\t<\/div>\n\t\t\t\t\t\t\t<\/div>\n\t\t\t\t<\/div>\n\t\t\t\t\t\t\t\t<\/div>\n\t\t\t\t<\/div>\n\t\t\t\t\t<\/div>\n\t\t\t\t<\/div>\n\t\t\t\t\t<\/div>\n\t\t\t\t<\/div>\n\t\t\t\t<\/div>\n\t\t","protected":false},"excerpt":{"rendered":"<p>Sistemas VRF e espa\u00e7os ocupados Garantir a seguran\u00e7a em sistemas VRF e espa\u00e7os ocupados Os sistemas de Fluxo de Refrigerante Vari\u00e1vel (VRF) est\u00e3o a tornar-se cada vez mais populares nas instala\u00e7\u00f5es modernas de AVAC, particularmente em hot\u00e9is, escrit\u00f3rios, lares de idosos, pris\u00f5es, etc., devido \u00e0 sua efici\u00eancia energ\u00e9tica, flexibilidade e capacidade de proporcionar um controlo [&hellip;]<\/p>\n","protected":false},"author":1,"featured_media":0,"parent":0,"menu_order":0,"comment_status":"closed","ping_status":"closed","template":"","meta":{"_monsterinsights_skip_tracking":false,"_monsterinsights_sitenote_active":false,"_monsterinsights_sitenote_note":"","_monsterinsights_sitenote_category":0,"footnotes":""},"class_list":["post-13253","page","type-page","status-publish","hentry"],"aioseo_notices":[],"_links":{"self":[{"href":"https:\/\/samon.com\/pt-pt\/wp-json\/wp\/v2\/pages\/13253","targetHints":{"allow":["GET"]}}],"collection":[{"href":"https:\/\/samon.com\/pt-pt\/wp-json\/wp\/v2\/pages"}],"about":[{"href":"https:\/\/samon.com\/pt-pt\/wp-json\/wp\/v2\/types\/page"}],"author":[{"embeddable":true,"href":"https:\/\/samon.com\/pt-pt\/wp-json\/wp\/v2\/users\/1"}],"replies":[{"embeddable":true,"href":"https:\/\/samon.com\/pt-pt\/wp-json\/wp\/v2\/comments?post=13253"}],"version-history":[{"count":1,"href":"https:\/\/samon.com\/pt-pt\/wp-json\/wp\/v2\/pages\/13253\/revisions"}],"predecessor-version":[{"id":13254,"href":"https:\/\/samon.com\/pt-pt\/wp-json\/wp\/v2\/pages\/13253\/revisions\/13254"}],"wp:attachment":[{"href":"https:\/\/samon.com\/pt-pt\/wp-json\/wp\/v2\/media?parent=13253"}],"curies":[{"name":"wp","href":"https:\/\/api.w.org\/{rel}","templated":true}]}}