{"id":13247,"date":"2024-06-07T11:27:31","date_gmt":"2024-06-07T09:27:31","guid":{"rendered":"https:\/\/samon.com\/estacionamento-garagem-detecao-de-gas\/"},"modified":"2024-11-04T09:47:34","modified_gmt":"2024-11-04T08:47:34","slug":"estacionamento-garagem-detecao-de-gas","status":"publish","type":"page","link":"https:\/\/samon.com\/pt-pt\/estacionamento-garagem-detecao-de-gas\/","title":{"rendered":"Estacionamento Garagem Dete\u00e7\u00e3o de g\u00e1s"},"content":{"rendered":"\t\t<div data-elementor-type=\"wp-page\" data-elementor-id=\"13247\" class=\"elementor elementor-13247 elementor-6089\" data-elementor-post-type=\"page\">\n\t\t\t\t<div class=\"elementor-element elementor-element-027eb22 e-con-full e-flex e-con e-parent\" data-id=\"027eb22\" data-element_type=\"container\">\n\t\t\t\t<div class=\"elementor-element elementor-element-e316d3e elementor--h-position-center elementor--v-position-middle elementor-arrows-position-inside elementor-pagination-position-inside elementor-widget elementor-widget-slides\" data-id=\"e316d3e\" data-element_type=\"widget\" data-settings=\"{&quot;navigation&quot;:&quot;both&quot;,&quot;autoplay&quot;:&quot;yes&quot;,&quot;pause_on_hover&quot;:&quot;yes&quot;,&quot;pause_on_interaction&quot;:&quot;yes&quot;,&quot;autoplay_speed&quot;:5000,&quot;infinite&quot;:&quot;yes&quot;,&quot;transition&quot;:&quot;slide&quot;,&quot;transition_speed&quot;:500}\" data-widget_type=\"slides.default\">\n\t\t\t\t<div class=\"elementor-widget-container\">\n\t\t\t\t\t\t\t\t\t<div class=\"elementor-swiper\">\n\t\t\t\t\t<div class=\"elementor-slides-wrapper elementor-main-swiper swiper\" role=\"region\" aria-roledescription=\"carousel\" aria-label=\"Slides\" dir=\"ltr\" data-animation=\"fadeInUp\">\n\t\t\t\t<div class=\"swiper-wrapper elementor-slides\">\n\t\t\t\t\t\t\t\t\t\t<div class=\"elementor-repeater-item-4665ef6 swiper-slide\" role=\"group\" aria-roledescription=\"slide\"><div class=\"swiper-slide-bg elementor-ken-burns elementor-ken-burns--in\" role=\"img\" aria-label=\"Parking garage\"><\/div><div class=\"swiper-slide-inner\" ><div class=\"swiper-slide-contents\"><div class=\"elementor-slide-heading\">Garagens de estacionamento<\/div><\/div><\/div><\/div>\t\t\t\t<\/div>\n\t\t\t\t\t\t\t<\/div>\n\t\t\t\t<\/div>\n\t\t\t\t\t\t\t\t<\/div>\n\t\t\t\t<\/div>\n\t\t\t\t<\/div>\n\t\t<div class=\"elementor-element elementor-element-b058bb2 e-flex e-con-boxed e-con e-parent\" data-id=\"b058bb2\" data-element_type=\"container\">\n\t\t\t\t\t<div class=\"e-con-inner\">\n\t\t\t\t<div class=\"elementor-element elementor-element-3f0244e elementor-widget elementor-widget-heading\" data-id=\"3f0244e\" data-element_type=\"widget\" data-widget_type=\"heading.default\">\n\t\t\t\t<div class=\"elementor-widget-container\">\n\t\t\t\t\t<h2 class=\"elementor-heading-title elementor-size-default\">Dete\u00e7\u00e3o de gases t\u00f3xicos em parques de estacionamento<\/h2>\t\t\t\t<\/div>\n\t\t\t\t<\/div>\n\t\t\t\t<div class=\"elementor-element elementor-element-192fcf7 elementor-widget elementor-widget-text-editor\" data-id=\"192fcf7\" data-element_type=\"widget\" data-widget_type=\"text-editor.default\">\n\t\t\t\t<div class=\"elementor-widget-container\">\n\t\t\t\t\t\t\t\t\t<p>Os detectores de g\u00e1s nos parques de estacionamento desempenham um papel crucial para garantir a seguran\u00e7a dos ve\u00edculos e das pessoas. Estes detectores s\u00e3o essenciais para monitorizar e identificar gases nocivos, como o mon\u00f3xido de carbono (CO) e o di\u00f3xido de azoto (NO2), que se podem acumular devido ao escape dos ve\u00edculos. <\/p>\n\t\t\t\t\t\t\t\t<\/div>\n\t\t\t\t<\/div>\n\t\t\t\t\t<\/div>\n\t\t\t\t<\/div>\n\t\t<div class=\"elementor-element elementor-element-7986ee4 e-flex e-con-boxed e-con e-parent\" data-id=\"7986ee4\" data-element_type=\"container\">\n\t\t\t\t\t<div class=\"e-con-inner\">\n\t\t<div class=\"elementor-element elementor-element-96ad1e9 e-grid e-con-boxed e-con e-child\" data-id=\"96ad1e9\" data-element_type=\"container\">\n\t\t\t\t\t<div class=\"e-con-inner\">\n\t\t<div class=\"elementor-element elementor-element-39a88a1 e-flex e-con-boxed e-con e-child\" data-id=\"39a88a1\" data-element_type=\"container\">\n\t\t\t\t\t<div class=\"e-con-inner\">\n\t\t\t\t<div class=\"elementor-element elementor-element-f72442b elementor-widget elementor-widget-heading\" data-id=\"f72442b\" data-element_type=\"widget\" data-widget_type=\"heading.default\">\n\t\t\t\t<div class=\"elementor-widget-container\">\n\t\t\t\t\t<h2 class=\"elementor-heading-title elementor-size-default\">A seguran\u00e7a em primeiro lugar<\/h2>\t\t\t\t<\/div>\n\t\t\t\t<\/div>\n\t\t\t\t<div class=\"elementor-element elementor-element-44514f1 elementor-widget elementor-widget-text-editor\" data-id=\"44514f1\" data-element_type=\"widget\" data-widget_type=\"text-editor.default\">\n\t\t\t\t<div class=\"elementor-widget-container\">\n\t\t\t\t\t\t\t\t\t<p class=\"p1\">Os detectores de g\u00e1s est\u00e3o dispon\u00edveis para ativar a ventila\u00e7\u00e3o controlada pela procura em parques de estacionamento, t\u00faneis ou outros espa\u00e7os ocupados. Os requisitos t\u00edpicos s\u00e3o a medi\u00e7\u00e3o da concentra\u00e7\u00e3o de mon\u00f3xido de carbono (CO) produzido por ve\u00edculos a gasolina ou de di\u00f3xido de azoto (NO\u2082) produzido por ve\u00edculos a diesel e a g\u00e1s. <\/p>\n<p class=\"p1\">O CO e o NO\u2082 s\u00e3o normalmente medidos utilizando sensores electroqu\u00edmicos.<\/p>\n<p class=\"p1\">Esta tecnologia tem uma s\u00e9rie de vantagens em aplica\u00e7\u00f5es de parques de estacionamento.<\/p>\n\t\t\t\t\t\t\t\t<\/div>\n\t\t\t\t<\/div>\n\t\t\t\t\t<\/div>\n\t\t\t\t<\/div>\n\t\t\t\t<div class=\"elementor-element elementor-element-31ca1f0 elementor-widget elementor-widget-image\" data-id=\"31ca1f0\" data-element_type=\"widget\" data-widget_type=\"image.default\">\n\t\t\t\t<div class=\"elementor-widget-container\">\n\t\t\t\t\t\t\t\t\t\t\t\t\t\t\t<img fetchpriority=\"high\" decoding=\"async\" width=\"800\" height=\"800\" src=\"https:\/\/samon.com\/wp-content\/uploads\/2024\/06\/parking-square-1024x1024.jpg\" class=\"attachment-large size-large wp-image-6102\" alt=\"parking garage\" srcset=\"https:\/\/samon.com\/wp-content\/uploads\/2024\/06\/parking-square-1024x1024.jpg 1024w, https:\/\/samon.com\/wp-content\/uploads\/2024\/06\/parking-square-300x300.jpg 300w, https:\/\/samon.com\/wp-content\/uploads\/2024\/06\/parking-square-150x150.jpg 150w, https:\/\/samon.com\/wp-content\/uploads\/2024\/06\/parking-square-768x768.jpg 768w, https:\/\/samon.com\/wp-content\/uploads\/2024\/06\/parking-square-1536x1536.jpg 1536w, https:\/\/samon.com\/wp-content\/uploads\/2024\/06\/parking-square.jpg 1920w\" sizes=\"(max-width: 800px) 100vw, 800px\" \/>\t\t\t\t\t\t\t\t\t\t\t\t\t\t\t<\/div>\n\t\t\t\t<\/div>\n\t\t\t\t\t<\/div>\n\t\t\t\t<\/div>\n\t\t\t\t\t<\/div>\n\t\t\t\t<\/div>\n\t\t<div class=\"elementor-element elementor-element-a7abaa1 e-flex e-con-boxed e-con e-parent\" data-id=\"a7abaa1\" data-element_type=\"container\">\n\t\t\t\t\t<div class=\"e-con-inner\">\n\t\t<div class=\"elementor-element elementor-element-fb17c8f e-grid e-con-boxed e-con e-child\" data-id=\"fb17c8f\" data-element_type=\"container\">\n\t\t\t\t\t<div class=\"e-con-inner\">\n\t\t\t\t<div class=\"elementor-element elementor-element-bef4495 elementor-widget elementor-widget-image\" data-id=\"bef4495\" data-element_type=\"widget\" data-widget_type=\"image.default\">\n\t\t\t\t<div class=\"elementor-widget-container\">\n\t\t\t\t\t\t\t\t\t\t\t\t\t\t\t<img decoding=\"async\" width=\"800\" height=\"800\" src=\"https:\/\/samon.com\/wp-content\/uploads\/2024\/06\/parking-arrow-1024x1024.jpg\" class=\"attachment-large size-large wp-image-6103\" alt=\"Parking garage\" srcset=\"https:\/\/samon.com\/wp-content\/uploads\/2024\/06\/parking-arrow-1024x1024.jpg 1024w, https:\/\/samon.com\/wp-content\/uploads\/2024\/06\/parking-arrow-300x300.jpg 300w, https:\/\/samon.com\/wp-content\/uploads\/2024\/06\/parking-arrow-150x150.jpg 150w, https:\/\/samon.com\/wp-content\/uploads\/2024\/06\/parking-arrow-768x768.jpg 768w, https:\/\/samon.com\/wp-content\/uploads\/2024\/06\/parking-arrow-1536x1536.jpg 1536w, https:\/\/samon.com\/wp-content\/uploads\/2024\/06\/parking-arrow.jpg 1920w\" sizes=\"(max-width: 800px) 100vw, 800px\" \/>\t\t\t\t\t\t\t\t\t\t\t\t\t\t\t<\/div>\n\t\t\t\t<\/div>\n\t\t<div class=\"elementor-element elementor-element-82405fb e-flex e-con-boxed e-con e-child\" data-id=\"82405fb\" data-element_type=\"container\">\n\t\t\t\t\t<div class=\"e-con-inner\">\n\t\t\t\t<div class=\"elementor-element elementor-element-2c0042a elementor-widget elementor-widget-heading\" data-id=\"2c0042a\" data-element_type=\"widget\" data-widget_type=\"heading.default\">\n\t\t\t\t<div class=\"elementor-widget-container\">\n\t\t\t\t\t<h2 class=\"elementor-heading-title elementor-size-default\">Fiabilidade inigual\u00e1vel  <\/h2>\t\t\t\t<\/div>\n\t\t\t\t<\/div>\n\t\t\t\t<div class=\"elementor-element elementor-element-3c30372 elementor-widget elementor-widget-text-editor\" data-id=\"3c30372\" data-element_type=\"widget\" data-widget_type=\"text-editor.default\">\n\t\t\t\t<div class=\"elementor-widget-container\">\n\t\t\t\t\t\t\t\t\t<p class=\"p1\">Os sensores electroqu\u00edmicos t\u00eam um tempo de vida limitado, necessitando normalmente de substitui\u00e7\u00e3o a cada 2-3 anos.<\/p>\n<p class=\"p1\">Os detectores de COV (compostos org\u00e2nicos vol\u00e1teis) s\u00e3o sensores de qualidade do ar para ambientes de garagem, que detectam emiss\u00f5es e outros poluentes que podem ser formados numa garagem. Por exemplo, mon\u00f3xido de carbono (CO) e hidrocarbonetos n\u00e3o queimados (HC). <\/p>\n<p class=\"p1\">Os COV podem ser detectados utilizando sensores de semicondutores. Os sensores semicondutores de \u00f3xido met\u00e1lico t\u00eam uma s\u00e9rie de vantagens. <\/p>\n<p class=\"p1\">Os sensores de semicondutores podem ser sens\u00edveis a outros gases redutores e poluentes, pelo que se deve ter isso em considera\u00e7\u00e3o ao selecionar o local de instala\u00e7\u00e3o.<\/p>\n\t\t\t\t\t\t\t\t<\/div>\n\t\t\t\t<\/div>\n\t\t\t\t\t<\/div>\n\t\t\t\t<\/div>\n\t\t\t\t\t<\/div>\n\t\t\t\t<\/div>\n\t\t\t\t\t<\/div>\n\t\t\t\t<\/div>\n\t\t<div class=\"elementor-element elementor-element-97b26ee e-flex e-con-boxed e-con e-parent\" data-id=\"97b26ee\" data-element_type=\"container\">\n\t\t\t\t\t<div class=\"e-con-inner\">\n\t\t<div class=\"elementor-element elementor-element-4f928b9 e-grid e-con-boxed e-con e-child\" data-id=\"4f928b9\" data-element_type=\"container\">\n\t\t\t\t\t<div class=\"e-con-inner\">\n\t\t<div class=\"elementor-element elementor-element-450a03c e-flex e-con-boxed e-con e-child\" data-id=\"450a03c\" data-element_type=\"container\">\n\t\t\t\t\t<div class=\"e-con-inner\">\n\t\t\t\t<div class=\"elementor-element elementor-element-3ea6ef2 elementor-widget elementor-widget-heading\" data-id=\"3ea6ef2\" data-element_type=\"widget\" data-widget_type=\"heading.default\">\n\t\t\t\t<div class=\"elementor-widget-container\">\n\t\t\t\t\t<h2 class=\"elementor-heading-title elementor-size-default\">Vantagens das nossas solu\u00e7\u00f5es<\/h2>\t\t\t\t<\/div>\n\t\t\t\t<\/div>\n\t\t\t\t<div class=\"elementor-element elementor-element-888623e elementor-widget elementor-widget-text-editor\" data-id=\"888623e\" data-element_type=\"widget\" data-widget_type=\"text-editor.default\">\n\t\t\t\t<div class=\"elementor-widget-container\">\n\t\t\t\t\t\t\t\t\t<p class=\"p1\"><strong>Sensores electroqu\u00edmicos<\/strong><\/p>\n<p>-Alta <span class=\"s2\">seletividade<span class=\"Apple-converted-space\">  <\/p>\n<p><\/span><\/span>-M\u00ednima interfer\u00eancia cruzada<span class=\"s3\"> <\/p>\n<p><\/span>Alta estabilidade<\/p>\n<p>&#8211; Alta precis\u00e3o<\/p>\n<p class=\"p1\"><strong>Sensores de semicondutores<\/strong><\/p>\n<p><span class=\"s2\">-Eficaz<\/span>em termos de custos <span class=\"s2\"><span class=\"Apple-converted-space\">   <\/p>\n<p><\/span> -Vida \u00fatil bastante longa<\/span><span class=\"s3\"> (~5 anos)<span class=\"Apple-converted-space\">   <\/p>\n<p><\/span><\/span>-Baixos custos de manuten\u00e7\u00e3o<\/p>\n\t\t\t\t\t\t\t\t<\/div>\n\t\t\t\t<\/div>\n\t\t\t\t\t<\/div>\n\t\t\t\t<\/div>\n\t\t\t\t<div class=\"elementor-element elementor-element-eff7da6 elementor-widget elementor-widget-image\" data-id=\"eff7da6\" data-element_type=\"widget\" data-widget_type=\"image.default\">\n\t\t\t\t<div class=\"elementor-widget-container\">\n\t\t\t\t\t\t\t\t\t\t\t\t\t\t\t<img decoding=\"async\" width=\"800\" height=\"800\" src=\"https:\/\/samon.com\/wp-content\/uploads\/2024\/06\/parking-sign-square-1024x1024.jpg\" class=\"attachment-large size-large wp-image-6104\" alt=\"Parking garage\" srcset=\"https:\/\/samon.com\/wp-content\/uploads\/2024\/06\/parking-sign-square-1024x1024.jpg 1024w, https:\/\/samon.com\/wp-content\/uploads\/2024\/06\/parking-sign-square-300x300.jpg 300w, https:\/\/samon.com\/wp-content\/uploads\/2024\/06\/parking-sign-square-150x150.jpg 150w, https:\/\/samon.com\/wp-content\/uploads\/2024\/06\/parking-sign-square-768x768.jpg 768w, https:\/\/samon.com\/wp-content\/uploads\/2024\/06\/parking-sign-square-1536x1536.jpg 1536w, https:\/\/samon.com\/wp-content\/uploads\/2024\/06\/parking-sign-square.jpg 1920w\" sizes=\"(max-width: 800px) 100vw, 800px\" \/>\t\t\t\t\t\t\t\t\t\t\t\t\t\t\t<\/div>\n\t\t\t\t<\/div>\n\t\t\t\t\t<\/div>\n\t\t\t\t<\/div>\n\t\t\t\t\t<\/div>\n\t\t\t\t<\/div>\n\t\t\t\t<\/div>\n\t\t","protected":false},"excerpt":{"rendered":"<p>Garagens de estacionamento Dete\u00e7\u00e3o de gases t\u00f3xicos em parques de estacionamento Os detectores de g\u00e1s nos parques de estacionamento desempenham um papel crucial para garantir a seguran\u00e7a dos ve\u00edculos e das pessoas. Estes detectores s\u00e3o essenciais para monitorizar e identificar gases nocivos, como o mon\u00f3xido de carbono (CO) e o di\u00f3xido de azoto (NO2), que [&hellip;]<\/p>\n","protected":false},"author":1,"featured_media":0,"parent":0,"menu_order":0,"comment_status":"closed","ping_status":"closed","template":"","meta":{"_monsterinsights_skip_tracking":false,"_monsterinsights_sitenote_active":false,"_monsterinsights_sitenote_note":"","_monsterinsights_sitenote_category":0,"footnotes":""},"class_list":["post-13247","page","type-page","status-publish","hentry"],"aioseo_notices":[],"_links":{"self":[{"href":"https:\/\/samon.com\/pt-pt\/wp-json\/wp\/v2\/pages\/13247","targetHints":{"allow":["GET"]}}],"collection":[{"href":"https:\/\/samon.com\/pt-pt\/wp-json\/wp\/v2\/pages"}],"about":[{"href":"https:\/\/samon.com\/pt-pt\/wp-json\/wp\/v2\/types\/page"}],"author":[{"embeddable":true,"href":"https:\/\/samon.com\/pt-pt\/wp-json\/wp\/v2\/users\/1"}],"replies":[{"embeddable":true,"href":"https:\/\/samon.com\/pt-pt\/wp-json\/wp\/v2\/comments?post=13247"}],"version-history":[{"count":1,"href":"https:\/\/samon.com\/pt-pt\/wp-json\/wp\/v2\/pages\/13247\/revisions"}],"predecessor-version":[{"id":13252,"href":"https:\/\/samon.com\/pt-pt\/wp-json\/wp\/v2\/pages\/13247\/revisions\/13252"}],"wp:attachment":[{"href":"https:\/\/samon.com\/pt-pt\/wp-json\/wp\/v2\/media?parent=13247"}],"curies":[{"name":"wp","href":"https:\/\/api.w.org\/{rel}","templated":true}]}}