{"id":12906,"date":"2024-04-16T13:03:14","date_gmt":"2024-04-16T11:03:14","guid":{"rendered":"https:\/\/samon.com\/servico-e-manutencao\/"},"modified":"2024-11-04T09:43:30","modified_gmt":"2024-11-04T08:43:30","slug":"servico-e-manutencao","status":"publish","type":"page","link":"https:\/\/samon.com\/pt-pt\/servico-e-manutencao\/","title":{"rendered":"Servi\u00e7o e manuten\u00e7\u00e3o"},"content":{"rendered":"\t\t<div data-elementor-type=\"wp-page\" data-elementor-id=\"12906\" class=\"elementor elementor-12906 elementor-498\" data-elementor-post-type=\"page\">\n\t\t\t\t<div class=\"elementor-element elementor-element-663ce2a e-con-full e-flex e-con e-parent\" data-id=\"663ce2a\" data-element_type=\"container\">\n\t\t\t\t<div class=\"elementor-element elementor-element-35008c4 elementor--h-position-center elementor--v-position-middle elementor-arrows-position-inside elementor-pagination-position-inside elementor-widget elementor-widget-slides\" data-id=\"35008c4\" data-element_type=\"widget\" data-settings=\"{&quot;navigation&quot;:&quot;both&quot;,&quot;autoplay&quot;:&quot;yes&quot;,&quot;pause_on_hover&quot;:&quot;yes&quot;,&quot;pause_on_interaction&quot;:&quot;yes&quot;,&quot;autoplay_speed&quot;:5000,&quot;infinite&quot;:&quot;yes&quot;,&quot;transition&quot;:&quot;slide&quot;,&quot;transition_speed&quot;:500}\" data-widget_type=\"slides.default\">\n\t\t\t\t<div class=\"elementor-widget-container\">\n\t\t\t\t\t\t\t\t\t<div class=\"elementor-swiper\">\n\t\t\t\t\t<div class=\"elementor-slides-wrapper elementor-main-swiper swiper\" role=\"region\" aria-roledescription=\"carousel\" aria-label=\"Slides\" dir=\"ltr\" data-animation=\"fadeInUp\">\n\t\t\t\t<div class=\"swiper-wrapper elementor-slides\">\n\t\t\t\t\t\t\t\t\t\t<div class=\"elementor-repeater-item-807f9da swiper-slide\" role=\"group\" aria-roledescription=\"slide\"><div class=\"swiper-slide-bg elementor-ken-burns elementor-ken-burns--in\" role=\"img\" aria-label=\"service-people\"><\/div><div class=\"swiper-slide-inner\" ><div class=\"swiper-slide-contents\"><div class=\"elementor-slide-heading\">  Servi\u00e7o e manuten\u00e7\u00e3o<\/div><\/div><\/div><\/div>\t\t\t\t<\/div>\n\t\t\t\t\t\t\t<\/div>\n\t\t\t\t<\/div>\n\t\t\t\t\t\t\t\t<\/div>\n\t\t\t\t<\/div>\n\t\t\t\t<\/div>\n\t\t<div class=\"elementor-element elementor-element-d37ca93 e-flex e-con-boxed e-con e-parent\" data-id=\"d37ca93\" data-element_type=\"container\">\n\t\t\t\t\t<div class=\"e-con-inner\">\n\t\t\t\t<div class=\"elementor-element elementor-element-28a9eb1 elementor-widget elementor-widget-spacer\" data-id=\"28a9eb1\" data-element_type=\"widget\" data-widget_type=\"spacer.default\">\n\t\t\t\t<div class=\"elementor-widget-container\">\n\t\t\t\t\t\t\t<div class=\"elementor-spacer\">\n\t\t\t<div class=\"elementor-spacer-inner\"><\/div>\n\t\t<\/div>\n\t\t\t\t\t\t<\/div>\n\t\t\t\t<\/div>\n\t\t\t\t\t<\/div>\n\t\t\t\t<\/div>\n\t\t<div class=\"elementor-element elementor-element-3920767 e-grid e-con-boxed e-con e-parent\" data-id=\"3920767\" data-element_type=\"container\">\n\t\t\t\t\t<div class=\"e-con-inner\">\n\t\t\t\t<div class=\"elementor-element elementor-element-6f35a86 elementor-widget elementor-widget-image-box\" data-id=\"6f35a86\" data-element_type=\"widget\" data-widget_type=\"image-box.default\">\n\t\t\t\t<div class=\"elementor-widget-container\">\n\t\t\t\t\t<div class=\"elementor-image-box-wrapper\"><div class=\"elementor-image-box-content\"><h3 class=\"elementor-image-box-title\">Porque \u00e9 que o servi\u00e7o e a manuten\u00e7\u00e3o regulares s\u00e3o essenciais para o teu sistema de dete\u00e7\u00e3o de g\u00e1s<\/h3><p class=\"elementor-image-box-description\">A import\u00e2ncia do servi\u00e7o e da manuten\u00e7\u00e3o regulares do teu sistema de dete\u00e7\u00e3o de g\u00e1s n\u00e3o pode ser exagerada - \u00e9 t\u00e3o crucial como o pr\u00f3prio sistema. A manuten\u00e7\u00e3o regular \u00e9 vital por v\u00e1rios motivos:   <br><br>\n\n- <b> Sa\u00fade e seguran\u00e7a<\/b>: Assegura a sa\u00fade e a seguran\u00e7a das pessoas, prevenindo os potenciais perigos causados por fugas de g\u00e1s n\u00e3o detectadas.  <br><br>\n<b>- Prote\u00e7\u00e3o ambiental:<\/b> Ajuda a evitar fugas que possam prejudicar o ambiente.  <br><br>\n<b>- Conformidade regulamentar:<\/b> Cumpre os requisitos legais e regulamentares para evitar multas e problemas legais.  <br><br>\n<b>- Poupan\u00e7a financeira:<\/b> Evita repara\u00e7\u00f5es ou substitui\u00e7\u00f5es dispendiosas e reduz o risco de acidentes dispendiosos.  <br><br>  A frequ\u00eancia da manuten\u00e7\u00e3o depende de v\u00e1rios factores, incluindo o tipo de g\u00e1s detectado, a dimens\u00e3o e a complexidade do sistema e a tecnologia dos sensores utilizados.  <br><br>  Normalmente, todos os sistemas de dete\u00e7\u00e3o de g\u00e1s devem ser sujeitos a manuten\u00e7\u00e3o pelo menos uma vez por ano para garantir que se mant\u00eam fi\u00e1veis e eficazes.  <br><br>  A identifica\u00e7\u00e3o de falhas nos sensores nem sempre \u00e9 simples. Muitos dos m\u00e9todos tradicionais de dete\u00e7\u00e3o de falhas nos sensores podem n\u00e3o ser fi\u00e1veis e, em sistemas t\u00e3o cr\u00edticos, n\u00e3o se podem correr riscos.   <br><br>  O m\u00e9todo mais definitivo para garantir a funcionalidade de um sensor \u00e9 a exposi\u00e7\u00e3o direta ao(s) g\u00e1s(es) alvo atrav\u00e9s de testes de resposta e calibra\u00e7\u00e3o regulares. Os sensores tamb\u00e9m s\u00e3o suscept\u00edveis ao desgaste geral, e os danos nem sempre s\u00e3o vis\u00edveis. A manuten\u00e7\u00e3o e a calibra\u00e7\u00e3o regulares s\u00e3o fundamentais para prolongar a vida \u00fatil dos seus sensores e garantir a confiabilidade cont\u00ednua. Considerando o custo relativamente baixo dos sistemas de dete\u00e7\u00e3o de g\u00e1s em compara\u00e7\u00e3o com os ativos que eles protegem, o servi\u00e7o e a manuten\u00e7\u00e3o regulares representam um investimento valioso.     <br><br>  Garantir que o teu sistema est\u00e1 sempre em condi\u00e7\u00f5es \u00f3ptimas com certificados de calibra\u00e7\u00e3o actualizados n\u00e3o \u00e9 apenas um cumprimento regulamentar - \u00e9 uma medida de seguran\u00e7a crucial.<\/p><\/div><\/div>\t\t\t\t<\/div>\n\t\t\t\t<\/div>\n\t\t\t\t<div class=\"elementor-element elementor-element-6b0e4fb elementor-widget elementor-widget-image\" data-id=\"6b0e4fb\" data-element_type=\"widget\" data-widget_type=\"image.default\">\n\t\t\t\t<div class=\"elementor-widget-container\">\n\t\t\t\t\t\t\t\t\t\t\t\t\t\t\t<img fetchpriority=\"high\" decoding=\"async\" width=\"1800\" height=\"1800\" src=\"https:\/\/samon.com\/wp-content\/uploads\/2024\/05\/Service-brochure-sweden.jpg\" class=\"attachment-full size-full wp-image-12974\" alt=\"\" srcset=\"https:\/\/samon.com\/wp-content\/uploads\/2024\/05\/Service-brochure-sweden.jpg 1800w, https:\/\/samon.com\/wp-content\/uploads\/2024\/05\/Service-brochure-sweden-300x300.jpg 300w, https:\/\/samon.com\/wp-content\/uploads\/2024\/05\/Service-brochure-sweden-1024x1024.jpg 1024w, https:\/\/samon.com\/wp-content\/uploads\/2024\/05\/Service-brochure-sweden-150x150.jpg 150w, https:\/\/samon.com\/wp-content\/uploads\/2024\/05\/Service-brochure-sweden-768x768.jpg 768w, https:\/\/samon.com\/wp-content\/uploads\/2024\/05\/Service-brochure-sweden-1536x1536.jpg 1536w\" sizes=\"(max-width: 1800px) 100vw, 1800px\" \/>\t\t\t\t\t\t\t\t\t\t\t\t\t\t\t<\/div>\n\t\t\t\t<\/div>\n\t\t<div class=\"elementor-element elementor-element-d8c72e0 e-flex e-con-boxed e-con e-child\" data-id=\"d8c72e0\" data-element_type=\"container\">\n\t\t\t\t\t<div class=\"e-con-inner\">\n\t\t\t\t<div class=\"elementor-element elementor-element-31f928e elementor-widget elementor-widget-text-editor\" data-id=\"31f928e\" data-element_type=\"widget\" data-widget_type=\"text-editor.default\">\n\t\t\t\t<div class=\"elementor-widget-container\">\n\t\t\t\t\t\t\t\t\t<h3><strong>Servi\u00e7o de reservas<\/strong><\/h3>\n<p>Reserva o servi\u00e7o diretamente connosco ou atrav\u00e9s dos nossos distribuidores.<\/p>\n<h5><strong>Su\u00e9cia:<\/strong><\/h5>\n\t\t\t\t\t\t\t\t<\/div>\n\t\t\t\t<\/div>\n\t\t\t\t<div class=\"elementor-element elementor-element-58d6e3f elementor-widget elementor-widget-button\" data-id=\"58d6e3f\" data-element_type=\"widget\" data-widget_type=\"button.default\">\n\t\t\t\t<div class=\"elementor-widget-container\">\n\t\t\t\t\t\t\t\t\t<div class=\"elementor-button-wrapper\">\n\t\t\t\t\t<a class=\"elementor-button elementor-button-link elementor-size-sm\" href=\"https:\/\/samon.com\/pt-pt\/contacto\/\">\n\t\t\t\t\t\t<span class=\"elementor-button-content-wrapper\">\n\t\t\t\t\t\t\t\t\t<span class=\"elementor-button-text\">SAMON AB<\/span>\n\t\t\t\t\t<\/span>\n\t\t\t\t\t<\/a>\n\t\t\t\t<\/div>\n\t\t\t\t\t\t\t\t<\/div>\n\t\t\t\t<\/div>\n\t\t\t\t<div class=\"elementor-element elementor-element-4b62dcd elementor-widget elementor-widget-text-editor\" data-id=\"4b62dcd\" data-element_type=\"widget\" data-widget_type=\"text-editor.default\">\n\t\t\t\t<div class=\"elementor-widget-container\">\n\t\t\t\t\t\t\t\t\t<p><strong>Outros pa\u00edses:<\/strong><\/p>\n\t\t\t\t\t\t\t\t<\/div>\n\t\t\t\t<\/div>\n\t\t\t\t<div class=\"elementor-element elementor-element-31fe0a3 elementor-widget elementor-widget-button\" data-id=\"31fe0a3\" data-element_type=\"widget\" data-widget_type=\"button.default\">\n\t\t\t\t<div class=\"elementor-widget-container\">\n\t\t\t\t\t\t\t\t\t<div class=\"elementor-button-wrapper\">\n\t\t\t\t\t<a class=\"elementor-button elementor-button-link elementor-size-sm\" href=\"https:\/\/samon.com\/distributors-all\/\">\n\t\t\t\t\t\t<span class=\"elementor-button-content-wrapper\">\n\t\t\t\t\t\t\t\t\t<span class=\"elementor-button-text\">V\u00ea os nossos distribuidores<\/span>\n\t\t\t\t\t<\/span>\n\t\t\t\t\t<\/a>\n\t\t\t\t<\/div>\n\t\t\t\t\t\t\t\t<\/div>\n\t\t\t\t<\/div>\n\t\t\t\t\t<\/div>\n\t\t\t\t<\/div>\n\t\t\t\t\t<\/div>\n\t\t\t\t<\/div>\n\t\t\t\t<\/div>\n\t\t","protected":false},"excerpt":{"rendered":"<p>Servi\u00e7o e manuten\u00e7\u00e3o Porque \u00e9 que o servi\u00e7o e a manuten\u00e7\u00e3o regulares s\u00e3o essenciais para o teu sistema de dete\u00e7\u00e3o de g\u00e1s A import\u00e2ncia do servi\u00e7o e da manuten\u00e7\u00e3o regulares do teu sistema de dete\u00e7\u00e3o de g\u00e1s n\u00e3o pode ser exagerada &#8211; \u00e9 t\u00e3o crucial como o pr\u00f3prio sistema. A manuten\u00e7\u00e3o regular \u00e9 vital por [&hellip;]<\/p>\n","protected":false},"author":1,"featured_media":0,"parent":0,"menu_order":0,"comment_status":"closed","ping_status":"closed","template":"","meta":{"_monsterinsights_skip_tracking":false,"_monsterinsights_sitenote_active":false,"_monsterinsights_sitenote_note":"","_monsterinsights_sitenote_category":0,"footnotes":""},"class_list":["post-12906","page","type-page","status-publish","hentry"],"aioseo_notices":[],"_links":{"self":[{"href":"https:\/\/samon.com\/pt-pt\/wp-json\/wp\/v2\/pages\/12906","targetHints":{"allow":["GET"]}}],"collection":[{"href":"https:\/\/samon.com\/pt-pt\/wp-json\/wp\/v2\/pages"}],"about":[{"href":"https:\/\/samon.com\/pt-pt\/wp-json\/wp\/v2\/types\/page"}],"author":[{"embeddable":true,"href":"https:\/\/samon.com\/pt-pt\/wp-json\/wp\/v2\/users\/1"}],"replies":[{"embeddable":true,"href":"https:\/\/samon.com\/pt-pt\/wp-json\/wp\/v2\/comments?post=12906"}],"version-history":[{"count":2,"href":"https:\/\/samon.com\/pt-pt\/wp-json\/wp\/v2\/pages\/12906\/revisions"}],"predecessor-version":[{"id":12921,"href":"https:\/\/samon.com\/pt-pt\/wp-json\/wp\/v2\/pages\/12906\/revisions\/12921"}],"wp:attachment":[{"href":"https:\/\/samon.com\/pt-pt\/wp-json\/wp\/v2\/media?parent=12906"}],"curies":[{"name":"wp","href":"https:\/\/api.w.org\/{rel}","templated":true}]}}