{"id":12891,"date":"2024-05-27T11:19:24","date_gmt":"2024-05-27T09:19:24","guid":{"rendered":"https:\/\/samon.com\/politica-de-privacidade-2\/"},"modified":"2024-11-04T09:43:24","modified_gmt":"2024-11-04T08:43:24","slug":"politica-de-privacidade-2","status":"publish","type":"page","link":"https:\/\/samon.com\/pt-pt\/politica-de-privacidade-2\/","title":{"rendered":"Pol\u00edtica de privacidade"},"content":{"rendered":"\t\t<div data-elementor-type=\"wp-page\" data-elementor-id=\"12891\" class=\"elementor elementor-12891 elementor-4821\" data-elementor-post-type=\"page\">\n\t\t\t\t<div class=\"elementor-element elementor-element-baa5f06 e-flex e-con-boxed e-con e-parent\" data-id=\"baa5f06\" data-element_type=\"container\" data-e-type=\"container\">\n\t\t\t\t\t<div class=\"e-con-inner\">\n\t\t\t\t<div class=\"elementor-element elementor-element-5309629 elementor-widget elementor-widget-heading\" data-id=\"5309629\" data-element_type=\"widget\" data-e-type=\"widget\" data-widget_type=\"heading.default\">\n\t\t\t\t<div class=\"elementor-widget-container\">\n\t\t\t\t\t<h2 class=\"elementor-heading-title elementor-size-default\">Pol\u00edtica de privacidade<\/h2>\t\t\t\t<\/div>\n\t\t\t\t<\/div>\n\t\t\t\t\t<\/div>\n\t\t\t\t<\/div>\n\t\t<div class=\"elementor-element elementor-element-8e46d75 e-flex e-con-boxed e-con e-parent\" data-id=\"8e46d75\" data-element_type=\"container\" data-e-type=\"container\">\n\t\t\t\t\t<div class=\"e-con-inner\">\n\t\t\t\t<div class=\"elementor-element elementor-element-1de9123 elementor-widget elementor-widget-text-editor\" data-id=\"1de9123\" data-element_type=\"widget\" data-e-type=\"widget\" data-widget_type=\"text-editor.default\">\n\t\t\t\t<div class=\"elementor-widget-container\">\n\t\t\t\t\t\t\t\t\t<p>SAMON<span style=\"font-size: 16px;\">  (&#8220;n\u00f3s&#8221;, &#8220;nosso&#8221; ou &#8220;nos&#8221;) est\u00e1 empenhada em proteger e respeitar a tua privacidade. Esta Pol\u00edtica de Privacidade descreve a forma como recolhemos, utilizamos, divulgamos e salvaguardamos as tuas informa\u00e7\u00f5es quando visitas o nosso s\u00edtio Web www.samon.com (o &#8220;S\u00edtio Web&#8221;). L\u00ea atentamente esta pol\u00edtica para compreenderes os nossos pontos de vista e pr\u00e1ticas relativamente aos teus dados pessoais e \u00e0 forma como os tratamos. Ao utilizares o nosso Website, concordas com os termos desta Pol\u00edtica de Privacidade.   <\/span><\/p>\n<p><strong>Informa\u00e7\u00f5es que recolhemos<br \/><\/strong><br \/> Podemos recolher e processar os seguintes dados sobre ti:<br \/>&#8211; Informa\u00e7\u00f5es de identifica\u00e7\u00e3o pessoal: Nome, endere\u00e7o de e-mail, n\u00famero de telefone, etc.<br \/>&#8211; Dados t\u00e9cnicos: Endere\u00e7o IP, tipo de browser, sistema operativo, informa\u00e7\u00f5es do dispositivo e outros dados t\u00e9cnicos recolhidos atrav\u00e9s de cookies e tecnologias semelhantes.<br \/>&#8211; Dados de utiliza\u00e7\u00e3o: Informa\u00e7\u00f5es sobre como utilizas o nosso Website, produtos e servi\u00e7os.<br \/>&#8211; Dados de marketing e comunica\u00e7\u00f5es: As tuas prefer\u00eancias em receber marketing da nossa parte e as tuas prefer\u00eancias de comunica\u00e7\u00e3o.<\/p>\n<p><strong>Como utilizamos as tuas informa\u00e7\u00f5es<\/strong><br \/>Utilizamos as informa\u00e7\u00f5es que recolhemos das seguintes formas:<br \/>&#8211; Para fornecer e manter o nosso Website: Incluindo para monitorizar a utiliza\u00e7\u00e3o do nosso Website.<br \/>&#8211; Para gerir a tua conta: Para gerir o teu registo como utilizador do Website.<br \/>&#8211; Para te contactar: Para te contactar por e-mail, chamadas telef\u00f3nicas, SMS ou outras formas equivalentes de comunica\u00e7\u00e3o eletr\u00f3nica sobre actualiza\u00e7\u00f5es ou comunica\u00e7\u00f5es informativas relacionadas com funcionalidades, produtos ou servi\u00e7os contratados, incluindo actualiza\u00e7\u00f5es de seguran\u00e7a, quando necess\u00e1rio ou razo\u00e1vel para a sua implementa\u00e7\u00e3o.<br \/>&#8211; Para te fornecer not\u00edcias, ofertas especiais e informa\u00e7\u00f5es gerais: Sobre outros bens, servi\u00e7os e eventos que oferecemos e que s\u00e3o semelhantes aos que j\u00e1 compraste ou sobre os quais j\u00e1 perguntaste, a menos que tenhas optado por n\u00e3o receber essas informa\u00e7\u00f5es.<br \/>&#8211; Gerir os teus pedidos: Para atender e gerir os pedidos que nos fazes.<\/p>\n<p><strong>Base legal para o processamento de dados pessoais<\/strong><br \/>Baseamo-nos nas seguintes bases legais para processar os teus dados pessoais:<br \/>&#8211; Consentimento: Deste o teu consentimento para uma ou mais finalidades espec\u00edficas.<br \/>&#8211; Contrato: O processamento \u00e9 necess\u00e1rio para a execu\u00e7\u00e3o de um contrato contigo e\/ou para quaisquer obriga\u00e7\u00f5es pr\u00e9-contratuais.<br \/>&#8211; Obriga\u00e7\u00f5es legais: O tratamento \u00e9 necess\u00e1rio para o cumprimento de uma obriga\u00e7\u00e3o legal a que a SAMON est\u00e1 sujeita.<br \/>&#8211; Interesses Leg\u00edtimos: O tratamento \u00e9 necess\u00e1rio para efeitos dos interesses leg\u00edtimos prosseguidos pela SAMON.<\/p>\n<p><strong>Cookies<\/strong><br \/>Utilizamos cookies e tecnologias de rastreio semelhantes para rastrear a atividade no nosso Website e armazenar determinadas informa\u00e7\u00f5es. Os cookies s\u00e3o ficheiros com uma pequena quantidade de dados que podem incluir um identificador \u00fanico an\u00f3nimo. Podes dar instru\u00e7\u00f5es ao teu browser para recusar todos os cookies ou para indicar quando um cookie est\u00e1 a ser enviado. No entanto, se n\u00e3o aceitares os cookies, poder\u00e1s n\u00e3o conseguir utilizar algumas partes do nosso Website.   <\/p>\n<p><strong>Partilha e divulga\u00e7\u00e3o de dados<\/strong><br \/>N\u00e3o vendemos, trocamos ou transferimos de outra forma os teus Dados Pessoais para terceiros, exceto conforme descrito abaixo:<br \/>&#8211; Fornecedores de servi\u00e7os: Podemos empregar empresas e indiv\u00edduos terceiros para facilitar o nosso Website, fornecer o servi\u00e7o em nosso nome, executar servi\u00e7os relacionados com o Website ou ajudar-nos a analisar a forma como o nosso Website \u00e9 utilizado.<br \/>&#8211; Requisitos legais: A SAMON pode divulgar os seus Dados Pessoais na convic\u00e7\u00e3o de boa f\u00e9 de que tal a\u00e7\u00e3o \u00e9 necess\u00e1ria para cumprir uma obriga\u00e7\u00e3o legal, proteger e defender os direitos ou a propriedade da SAMON, prevenir ou investigar poss\u00edveis infrac\u00e7\u00f5es relacionadas com o Website, proteger a seguran\u00e7a pessoal dos utilizadores do Website ou do p\u00fablico, ou proteger contra responsabilidade legal.<\/p>\n<p><strong>Seguran\u00e7a de dados<\/strong><br \/>Levamos a s\u00e9rio a seguran\u00e7a dos teus dados e implement\u00e1mos medidas t\u00e9cnicas e organizacionais adequadas para proteger os teus Dados Pessoais contra acesso n\u00e3o autorizado, roubo e perda. No entanto, tem em aten\u00e7\u00e3o que nenhum m\u00e9todo de transmiss\u00e3o atrav\u00e9s da Internet ou m\u00e9todo de armazenamento eletr\u00f3nico \u00e9 100% seguro e n\u00e3o podemos garantir a sua seguran\u00e7a absoluta. <\/p>\n<p><strong>Reten\u00e7\u00e3o de dados<\/strong><br \/>Os teus Dados Pessoais ser\u00e3o retidos apenas durante o tempo necess\u00e1rio para os fins definidos na presente Pol\u00edtica de Privacidade. Conservaremos e utilizaremos os teus Dados Pessoais na medida do necess\u00e1rio para cumprir as nossas obriga\u00e7\u00f5es legais, resolver lit\u00edgios e fazer cumprir os nossos acordos e pol\u00edticas legais. <\/p>\n<p><strong>Os teus direitos de prote\u00e7\u00e3o de dados<\/strong><br \/>Nos termos do RGPD, tens os seguintes direitos:<br \/>&#8211; Direito de acesso: Tens o direito de pedir c\u00f3pias dos teus dados pessoais.<br \/>&#8211; Direito de retifica\u00e7\u00e3o: Tens o direito de pedir que corrijamos qualquer informa\u00e7\u00e3o que consideres incorrecta ou que completemos a informa\u00e7\u00e3o que consideres incompleta.<br \/>&#8211; Direito de apagar: Tens o direito de pedir que apaguemos os teus dados pessoais, sob certas condi\u00e7\u00f5es.<br \/>&#8211; Direito de restringir o processamento: Tens o direito de solicitar que restrinjamos o processamento dos teus dados pessoais, sob determinadas condi\u00e7\u00f5es.<br \/>&#8211; Direito de oposi\u00e7\u00e3o ao processamento: Tens o direito de te opores ao nosso processamento dos teus dados pessoais, sob certas condi\u00e7\u00f5es.<br \/>&#8211; Direito \u00e0 portabilidade dos dados: Tens o direito de pedir que transfiramos os dados que recolhemos para outra organiza\u00e7\u00e3o, ou diretamente para ti, sob determinadas condi\u00e7\u00f5es.<\/p>\n<p>Se fizeres um pedido, temos um m\u00eas para te responder. Se pretenderes exercer qualquer um destes direitos, contacta-nos atrav\u00e9s das informa\u00e7\u00f5es de contacto fornecidas abaixo. <\/p>\n<p><strong>Informa\u00e7\u00f5es de contacto<\/strong><br \/>Se tiveres alguma d\u00favida sobre esta Pol\u00edtica de Privacidade, contacta-nos:<br \/>&#8211; Por correio eletr\u00f3nico: info@samon.com<br \/>&#8211; Visitando esta p\u00e1gina no nosso s\u00edtio Web: www.samon.com\/contact<br \/>&#8211; Por telefone: +46 40 15 58 59<br \/>&#8211; Por correio: SAMON AB, Modemgatan 2, 235 39 Vellinge, Su\u00e9cia.<\/p>\n<p><strong>Altera\u00e7\u00f5es a esta Pol\u00edtica de Privacidade<\/strong><br \/>Podemos atualizar a nossa Pol\u00edtica de Privacidade ocasionalmente. Notificar-te-emos de quaisquer altera\u00e7\u00f5es, publicando a nova Pol\u00edtica de Privacidade nesta p\u00e1gina. Aconselhamos-te a rever periodicamente esta Pol\u00edtica de Privacidade para verificar se houve altera\u00e7\u00f5es. As altera\u00e7\u00f5es a esta Pol\u00edtica de Privacidade entram em vigor quando s\u00e3o publicadas nesta p\u00e1gina.   <\/p>\n<p>\u00daltima atualiza\u00e7\u00e3o: 27. maio 2024 <\/p>\n\t\t\t\t\t\t\t\t<\/div>\n\t\t\t\t<\/div>\n\t\t\t\t\t<\/div>\n\t\t\t\t<\/div>\n\t\t\t\t<\/div>\n\t\t","protected":false},"excerpt":{"rendered":"<p>Pol\u00edtica de privacidade SAMON (&#8220;n\u00f3s&#8221;, &#8220;nosso&#8221; ou &#8220;nos&#8221;) est\u00e1 empenhada em proteger e respeitar a tua privacidade. Esta Pol\u00edtica de Privacidade descreve a forma como recolhemos, utilizamos, divulgamos e salvaguardamos as tuas informa\u00e7\u00f5es quando visitas o nosso s\u00edtio Web www.samon.com (o &#8220;S\u00edtio Web&#8221;). L\u00ea atentamente esta pol\u00edtica para compreenderes os nossos pontos de vista e [&hellip;]<\/p>\n","protected":false},"author":1,"featured_media":0,"parent":0,"menu_order":0,"comment_status":"closed","ping_status":"closed","template":"","meta":{"_monsterinsights_skip_tracking":false,"_monsterinsights_sitenote_active":false,"_monsterinsights_sitenote_note":"","_monsterinsights_sitenote_category":0,"footnotes":""},"class_list":["post-12891","page","type-page","status-publish","hentry"],"aioseo_notices":[],"_links":{"self":[{"href":"https:\/\/samon.com\/pt-pt\/wp-json\/wp\/v2\/pages\/12891","targetHints":{"allow":["GET"]}}],"collection":[{"href":"https:\/\/samon.com\/pt-pt\/wp-json\/wp\/v2\/pages"}],"about":[{"href":"https:\/\/samon.com\/pt-pt\/wp-json\/wp\/v2\/types\/page"}],"author":[{"embeddable":true,"href":"https:\/\/samon.com\/pt-pt\/wp-json\/wp\/v2\/users\/1"}],"replies":[{"embeddable":true,"href":"https:\/\/samon.com\/pt-pt\/wp-json\/wp\/v2\/comments?post=12891"}],"version-history":[{"count":1,"href":"https:\/\/samon.com\/pt-pt\/wp-json\/wp\/v2\/pages\/12891\/revisions"}],"predecessor-version":[{"id":12893,"href":"https:\/\/samon.com\/pt-pt\/wp-json\/wp\/v2\/pages\/12891\/revisions\/12893"}],"wp:attachment":[{"href":"https:\/\/samon.com\/pt-pt\/wp-json\/wp\/v2\/media?parent=12891"}],"curies":[{"name":"wp","href":"https:\/\/api.w.org\/{rel}","templated":true}]}}