{"id":12867,"date":"2024-06-13T08:39:03","date_gmt":"2024-06-13T06:39:03","guid":{"rendered":"https:\/\/samon.com\/aparelhos-de-refrigeracao-e-vitrinas-comerciais\/"},"modified":"2024-11-04T09:43:23","modified_gmt":"2024-11-04T08:43:23","slug":"aparelhos-de-refrigeracao-e-vitrinas-comerciais","status":"publish","type":"page","link":"https:\/\/samon.com\/pt-pt\/aparelhos-de-refrigeracao-e-vitrinas-comerciais\/","title":{"rendered":"Aparelhos de refrigera\u00e7\u00e3o e vitrinas comerciais"},"content":{"rendered":"\t\t<div data-elementor-type=\"wp-page\" data-elementor-id=\"12867\" class=\"elementor elementor-12867 elementor-6599\" data-elementor-post-type=\"page\">\n\t\t\t\t<div class=\"elementor-element elementor-element-027eb22 e-con-full e-flex e-con e-parent\" data-id=\"027eb22\" data-element_type=\"container\">\n\t\t\t\t<div class=\"elementor-element elementor-element-e316d3e elementor--h-position-center elementor--v-position-middle elementor-arrows-position-inside elementor-pagination-position-inside elementor-widget elementor-widget-slides\" data-id=\"e316d3e\" data-element_type=\"widget\" data-settings=\"{&quot;navigation&quot;:&quot;both&quot;,&quot;autoplay&quot;:&quot;yes&quot;,&quot;pause_on_hover&quot;:&quot;yes&quot;,&quot;pause_on_interaction&quot;:&quot;yes&quot;,&quot;autoplay_speed&quot;:5000,&quot;infinite&quot;:&quot;yes&quot;,&quot;transition&quot;:&quot;slide&quot;,&quot;transition_speed&quot;:500}\" data-widget_type=\"slides.default\">\n\t\t\t\t<div class=\"elementor-widget-container\">\n\t\t\t\t\t\t\t\t\t<div class=\"elementor-swiper\">\n\t\t\t\t\t<div class=\"elementor-slides-wrapper elementor-main-swiper swiper\" role=\"region\" aria-roledescription=\"carousel\" aria-label=\"Slides\" dir=\"ltr\" data-animation=\"fadeInUp\">\n\t\t\t\t<div class=\"swiper-wrapper elementor-slides\">\n\t\t\t\t\t\t\t\t\t\t<div class=\"elementor-repeater-item-4665ef6 swiper-slide\" role=\"group\" aria-roledescription=\"slide\"><div class=\"swiper-slide-bg elementor-ken-burns elementor-ken-burns--in\" role=\"img\" aria-label=\"hero-display-icecream\"><\/div><div class=\"swiper-slide-inner\" ><div class=\"swiper-slide-contents\"><div class=\"elementor-slide-heading\">Aparelhos de refrigera\u00e7\u00e3o e vitrinas comerciais<\/div><\/div><\/div><\/div>\t\t\t\t<\/div>\n\t\t\t\t\t\t\t<\/div>\n\t\t\t\t<\/div>\n\t\t\t\t\t\t\t\t<\/div>\n\t\t\t\t<\/div>\n\t\t\t\t<\/div>\n\t\t<div class=\"elementor-element elementor-element-b058bb2 e-flex e-con-boxed e-con e-parent\" data-id=\"b058bb2\" data-element_type=\"container\">\n\t\t\t\t\t<div class=\"e-con-inner\">\n\t\t\t\t<div class=\"elementor-element elementor-element-3f0244e elementor-widget elementor-widget-heading\" data-id=\"3f0244e\" data-element_type=\"widget\" data-widget_type=\"heading.default\">\n\t\t\t\t<div class=\"elementor-widget-container\">\n\t\t\t\t\t<h2 class=\"elementor-heading-title elementor-size-default\">A import\u00e2ncia da dete\u00e7\u00e3o de g\u00e1s refrigerante em aparelhos de refrigera\u00e7\u00e3o comerciais e vitrinas<\/h2>\t\t\t\t<\/div>\n\t\t\t\t<\/div>\n\t\t\t\t<div class=\"elementor-element elementor-element-192fcf7 elementor-widget elementor-widget-text-editor\" data-id=\"192fcf7\" data-element_type=\"widget\" data-widget_type=\"text-editor.default\">\n\t\t\t\t<div class=\"elementor-widget-container\">\n\t\t\t\t\t\t\t\t\t<p>No mundo atual, a import\u00e2ncia de manter sistemas de refrigera\u00e7\u00e3o seguros, eficientes e amigos do ambiente n\u00e3o pode ser exagerada. Para bombas de calor e vitrinas, a implementa\u00e7\u00e3o de sistemas robustos de dete\u00e7\u00e3o de g\u00e1s refrigerante \u00e9 crucial. Estes sistemas ajudam a detetar fugas de gases com baixo potencial de aquecimento global (GWP), que est\u00e3o a tornar-se cada vez mais predominantes devido ao seu reduzido impacto ambiental em compara\u00e7\u00e3o com os refrigerantes tradicionais.  <\/p>\n\t\t\t\t\t\t\t\t<\/div>\n\t\t\t\t<\/div>\n\t\t\t\t\t<\/div>\n\t\t\t\t<\/div>\n\t\t<div class=\"elementor-element elementor-element-7986ee4 e-flex e-con-boxed e-con e-parent\" data-id=\"7986ee4\" data-element_type=\"container\">\n\t\t\t\t\t<div class=\"e-con-inner\">\n\t\t<div class=\"elementor-element elementor-element-96ad1e9 e-grid e-con-boxed e-con e-child\" data-id=\"96ad1e9\" data-element_type=\"container\">\n\t\t\t\t\t<div class=\"e-con-inner\">\n\t\t<div class=\"elementor-element elementor-element-39a88a1 e-flex e-con-boxed e-con e-child\" data-id=\"39a88a1\" data-element_type=\"container\">\n\t\t\t\t\t<div class=\"e-con-inner\">\n\t\t\t\t<div class=\"elementor-element elementor-element-f72442b elementor-widget elementor-widget-heading\" data-id=\"f72442b\" data-element_type=\"widget\" data-widget_type=\"heading.default\">\n\t\t\t\t<div class=\"elementor-widget-container\">\n\t\t\t\t\t<h2 class=\"elementor-heading-title elementor-size-default\">Tamanho pequeno e pouca manuten\u00e7\u00e3o  <\/h2>\t\t\t\t<\/div>\n\t\t\t\t<\/div>\n\t\t\t\t<div class=\"elementor-element elementor-element-44514f1 elementor-widget elementor-widget-text-editor\" data-id=\"44514f1\" data-element_type=\"widget\" data-widget_type=\"text-editor.default\">\n\t\t\t\t<div class=\"elementor-widget-container\">\n\t\t\t\t\t\t\t\t\t<p>Os modernos detectores de g\u00e1s refrigerante s\u00e3o concebidos para serem compactos e de baixa manuten\u00e7\u00e3o, o que os torna ideais para integra\u00e7\u00e3o em bombas de calor e vitrinas. As suas dimens\u00f5es reduzidas permitem uma instala\u00e7\u00e3o f\u00e1cil em espa\u00e7os reduzidos sem comprometer o desempenho. <\/p>\n<p>Os detectores de refrigerante integrados em aparelhos de refrigera\u00e7\u00e3o comerciais requerem uma manuten\u00e7\u00e3o m\u00ednima, com uma vida \u00fatil de mais de 10 anos. Isto reduz significativamente o custo total de propriedade e garante uma fiabilidade a longo prazo, em conformidade com a norma UL 60335-2-89. <\/p>\n\t\t\t\t\t\t\t\t<\/div>\n\t\t\t\t<\/div>\n\t\t\t\t\t<\/div>\n\t\t\t\t<\/div>\n\t\t\t\t<div class=\"elementor-element elementor-element-31ca1f0 elementor-widget elementor-widget-image\" data-id=\"31ca1f0\" data-element_type=\"widget\" data-widget_type=\"image.default\">\n\t\t\t\t<div class=\"elementor-widget-container\">\n\t\t\t\t\t\t\t\t\t\t\t\t\t\t\t<img fetchpriority=\"high\" decoding=\"async\" width=\"800\" height=\"800\" src=\"https:\/\/samon.com\/wp-content\/uploads\/2024\/06\/micro-square-1024x1024.png\" class=\"attachment-large size-large wp-image-12887\" alt=\"\" srcset=\"https:\/\/samon.com\/wp-content\/uploads\/2024\/06\/micro-square-1024x1024.png 1024w, https:\/\/samon.com\/wp-content\/uploads\/2024\/06\/micro-square-300x300.png 300w, https:\/\/samon.com\/wp-content\/uploads\/2024\/06\/micro-square-150x150.png 150w, https:\/\/samon.com\/wp-content\/uploads\/2024\/06\/micro-square-768x768.png 768w, https:\/\/samon.com\/wp-content\/uploads\/2024\/06\/micro-square-1536x1536.png 1536w, https:\/\/samon.com\/wp-content\/uploads\/2024\/06\/micro-square.png 1920w\" sizes=\"(max-width: 800px) 100vw, 800px\" \/>\t\t\t\t\t\t\t\t\t\t\t\t\t\t\t<\/div>\n\t\t\t\t<\/div>\n\t\t\t\t\t<\/div>\n\t\t\t\t<\/div>\n\t\t\t\t\t<\/div>\n\t\t\t\t<\/div>\n\t\t<div class=\"elementor-element elementor-element-a7abaa1 e-flex e-con-boxed e-con e-parent\" data-id=\"a7abaa1\" data-element_type=\"container\">\n\t\t\t\t\t<div class=\"e-con-inner\">\n\t\t<div class=\"elementor-element elementor-element-fb17c8f e-grid e-con-boxed e-con e-child\" data-id=\"fb17c8f\" data-element_type=\"container\">\n\t\t\t\t\t<div class=\"e-con-inner\">\n\t\t\t\t<div class=\"elementor-element elementor-element-bef4495 elementor-widget elementor-widget-image\" data-id=\"bef4495\" data-element_type=\"widget\" data-widget_type=\"image.default\">\n\t\t\t\t<div class=\"elementor-widget-container\">\n\t\t\t\t\t\t\t\t\t\t\t\t\t\t\t<img decoding=\"async\" width=\"800\" height=\"534\" src=\"https:\/\/samon.com\/wp-content\/uploads\/2024\/05\/hands-earth-globe-1024x683.jpg\" class=\"attachment-large size-large wp-image-13122\" alt=\"\" srcset=\"https:\/\/samon.com\/wp-content\/uploads\/2024\/05\/hands-earth-globe-1024x683.jpg 1024w, https:\/\/samon.com\/wp-content\/uploads\/2024\/05\/hands-earth-globe-300x200.jpg 300w, https:\/\/samon.com\/wp-content\/uploads\/2024\/05\/hands-earth-globe-768x512.jpg 768w, https:\/\/samon.com\/wp-content\/uploads\/2024\/05\/hands-earth-globe.jpg 1200w\" sizes=\"(max-width: 800px) 100vw, 800px\" \/>\t\t\t\t\t\t\t\t\t\t\t\t\t\t\t<\/div>\n\t\t\t\t<\/div>\n\t\t<div class=\"elementor-element elementor-element-82405fb e-flex e-con-boxed e-con e-child\" data-id=\"82405fb\" data-element_type=\"container\">\n\t\t\t\t\t<div class=\"e-con-inner\">\n\t\t\t\t<div class=\"elementor-element elementor-element-2c0042a elementor-widget elementor-widget-heading\" data-id=\"2c0042a\" data-element_type=\"widget\" data-widget_type=\"heading.default\">\n\t\t\t\t<div class=\"elementor-widget-container\">\n\t\t\t\t\t<h2 class=\"elementor-heading-title elementor-size-default\">Benef\u00edcios ambientais  <\/h2>\t\t\t\t<\/div>\n\t\t\t\t<\/div>\n\t\t\t\t<div class=\"elementor-element elementor-element-3c30372 elementor-widget elementor-widget-text-editor\" data-id=\"3c30372\" data-element_type=\"widget\" data-widget_type=\"text-editor.default\">\n\t\t\t\t<div class=\"elementor-widget-container\">\n\t\t\t\t\t\t\t\t\t<p>A utiliza\u00e7\u00e3o de refrigerantes de baixo GWP, como HFOs (hidrofluoroolefinas) e CO2, n\u00e3o s\u00f3 reduz a pegada de carbono, como tamb\u00e9m se alinha com os quadros regulamentares globais destinados a reduzir gradualmente os refrigerantes de alto GWP. A implementa\u00e7\u00e3o de sistemas de dete\u00e7\u00e3o de g\u00e1s assegura que quaisquer fugas s\u00e3o rapidamente identificadas e tratadas, atenuando o potencial impacto ambiental e cumprindo normas como o Regulamento F-Gas da UE e a Lei AIM dos EUA. <\/p>\n\t\t\t\t\t\t\t\t<\/div>\n\t\t\t\t<\/div>\n\t\t\t\t\t<\/div>\n\t\t\t\t<\/div>\n\t\t\t\t\t<\/div>\n\t\t\t\t<\/div>\n\t\t\t\t\t<\/div>\n\t\t\t\t<\/div>\n\t\t<div class=\"elementor-element elementor-element-97b26ee e-flex e-con-boxed e-con e-parent\" data-id=\"97b26ee\" data-element_type=\"container\">\n\t\t\t\t\t<div class=\"e-con-inner\">\n\t\t<div class=\"elementor-element elementor-element-4f928b9 e-grid e-con-boxed e-con e-child\" data-id=\"4f928b9\" data-element_type=\"container\">\n\t\t\t\t\t<div class=\"e-con-inner\">\n\t\t<div class=\"elementor-element elementor-element-450a03c e-flex e-con-boxed e-con e-child\" data-id=\"450a03c\" data-element_type=\"container\">\n\t\t\t\t\t<div class=\"e-con-inner\">\n\t\t\t\t<div class=\"elementor-element elementor-element-3ea6ef2 elementor-widget elementor-widget-heading\" data-id=\"3ea6ef2\" data-element_type=\"widget\" data-widget_type=\"heading.default\">\n\t\t\t\t<div class=\"elementor-widget-container\">\n\t\t\t\t\t<h2 class=\"elementor-heading-title elementor-size-default\">Seguran\u00e7a e conformidade melhoradas<\/h2>\t\t\t\t<\/div>\n\t\t\t\t<\/div>\n\t\t\t\t<div class=\"elementor-element elementor-element-888623e elementor-widget elementor-widget-text-editor\" data-id=\"888623e\" data-element_type=\"widget\" data-widget_type=\"text-editor.default\">\n\t\t\t\t<div class=\"elementor-widget-container\">\n\t\t\t\t\t\t\t\t\t<p>Os detectores de g\u00e1s refrigerante devem ser integrados nos aparelhos de refrigera\u00e7\u00e3o comerciais para garantir a conformidade com a norma UL 60335-2-89.<\/p>\n<p>As fugas de g\u00e1s refrigerante podem representar riscos de seguran\u00e7a significativos e perigos de inflamabilidade.<\/p>\n<p>Os sistemas de dete\u00e7\u00e3o avan\u00e7ados desempenham um papel fundamental na preven\u00e7\u00e3o destes perigos, accionando alarmes e activando sistemas de ventila\u00e7\u00e3o assim que \u00e9 detectada uma fuga. Esta resposta r\u00e1pida \u00e9 vital para proteger tanto o pessoal como os bens. <\/p>\n\t\t\t\t\t\t\t\t<\/div>\n\t\t\t\t<\/div>\n\t\t\t\t\t<\/div>\n\t\t\t\t<\/div>\n\t\t\t\t<div class=\"elementor-element elementor-element-eff7da6 elementor-widget elementor-widget-image\" data-id=\"eff7da6\" data-element_type=\"widget\" data-widget_type=\"image.default\">\n\t\t\t\t<div class=\"elementor-widget-container\">\n\t\t\t\t\t\t\t\t\t\t\t\t\t\t\t<img decoding=\"async\" width=\"800\" height=\"534\" src=\"https:\/\/samon.com\/wp-content\/uploads\/2024\/05\/icecream-shop-1024x684.jpg\" class=\"attachment-large size-large wp-image-13319\" alt=\"\" srcset=\"https:\/\/samon.com\/wp-content\/uploads\/2024\/05\/icecream-shop-1024x684.jpg 1024w, https:\/\/samon.com\/wp-content\/uploads\/2024\/05\/icecream-shop-300x200.jpg 300w, https:\/\/samon.com\/wp-content\/uploads\/2024\/05\/icecream-shop-768x513.jpg 768w, https:\/\/samon.com\/wp-content\/uploads\/2024\/05\/icecream-shop.jpg 1200w\" sizes=\"(max-width: 800px) 100vw, 800px\" \/>\t\t\t\t\t\t\t\t\t\t\t\t\t\t\t<\/div>\n\t\t\t\t<\/div>\n\t\t\t\t\t<\/div>\n\t\t\t\t<\/div>\n\t\t\t\t\t<\/div>\n\t\t\t\t<\/div>\n\t\t<div class=\"elementor-element elementor-element-33336da e-flex e-con-boxed e-con e-parent\" data-id=\"33336da\" data-element_type=\"container\">\n\t\t\t\t\t<div class=\"e-con-inner\">\n\t\t<div class=\"elementor-element elementor-element-73cd576 e-grid e-con-boxed e-con e-child\" data-id=\"73cd576\" data-element_type=\"container\">\n\t\t\t\t\t<div class=\"e-con-inner\">\n\t\t\t\t<div class=\"elementor-element elementor-element-a28b71c elementor-widget elementor-widget-image\" data-id=\"a28b71c\" data-element_type=\"widget\" data-widget_type=\"image.default\">\n\t\t\t\t<div class=\"elementor-widget-container\">\n\t\t\t\t\t\t\t\t\t\t\t\t\t\t\t<img loading=\"lazy\" decoding=\"async\" width=\"800\" height=\"800\" src=\"https:\/\/samon.com\/wp-content\/uploads\/2024\/06\/Supermarket-displaycase-square-1024x1024.jpg\" class=\"attachment-large size-large wp-image-12889\" alt=\"\" srcset=\"https:\/\/samon.com\/wp-content\/uploads\/2024\/06\/Supermarket-displaycase-square-1024x1024.jpg 1024w, https:\/\/samon.com\/wp-content\/uploads\/2024\/06\/Supermarket-displaycase-square-300x300.jpg 300w, https:\/\/samon.com\/wp-content\/uploads\/2024\/06\/Supermarket-displaycase-square-150x150.jpg 150w, https:\/\/samon.com\/wp-content\/uploads\/2024\/06\/Supermarket-displaycase-square-768x768.jpg 768w, https:\/\/samon.com\/wp-content\/uploads\/2024\/06\/Supermarket-displaycase-square-1536x1536.jpg 1536w, https:\/\/samon.com\/wp-content\/uploads\/2024\/06\/Supermarket-displaycase-square.jpg 1920w\" sizes=\"(max-width: 800px) 100vw, 800px\" \/>\t\t\t\t\t\t\t\t\t\t\t\t\t\t\t<\/div>\n\t\t\t\t<\/div>\n\t\t<div class=\"elementor-element elementor-element-eb2a627 e-flex e-con-boxed e-con e-child\" data-id=\"eb2a627\" data-element_type=\"container\">\n\t\t\t\t\t<div class=\"e-con-inner\">\n\t\t\t\t<div class=\"elementor-element elementor-element-1167aab elementor-widget elementor-widget-heading\" data-id=\"1167aab\" data-element_type=\"widget\" data-widget_type=\"heading.default\">\n\t\t\t\t<div class=\"elementor-widget-container\">\n\t\t\t\t\t<h2 class=\"elementor-heading-title elementor-size-default\">Efici\u00eancia e poupan\u00e7a de custos  <\/h2>\t\t\t\t<\/div>\n\t\t\t\t<\/div>\n\t\t\t\t<div class=\"elementor-element elementor-element-821b48f elementor-widget elementor-widget-text-editor\" data-id=\"821b48f\" data-element_type=\"widget\" data-widget_type=\"text-editor.default\">\n\t\t\t\t<div class=\"elementor-widget-container\">\n\t\t\t\t\t\t\t\t\t<p>Os sistemas de dete\u00e7\u00e3o de fugas tamb\u00e9m contribuem para a efici\u00eancia operacional. Ao manterem os n\u00edveis ideais de refrigerante, garantem que as bombas de calor e os expositores funcionam com o m\u00e1ximo desempenho, evitando o desperd\u00edcio de energia e reduzindo os custos operacionais. Isto \u00e9 particularmente importante em ambientes como os supermercados, onde o consumo de energia para refrigera\u00e7\u00e3o pode ser substancial.  <\/p>\n<p>Em resumo, a integra\u00e7\u00e3o de sistemas de dete\u00e7\u00e3o de g\u00e1s refrigerante em bombas de calor e vitrinas \u00e9 essencial para a seguran\u00e7a, efici\u00eancia e sustentabilidade ambiental. Estes sistemas, com o seu tamanho reduzido, baixos requisitos de manuten\u00e7\u00e3o e capacidade de detetar gases de baixo PAG, representam uma abordagem proactiva para gerir fugas de refrigerante e garantir a conformidade com as normas ambientais globais. <\/p>\n\t\t\t\t\t\t\t\t<\/div>\n\t\t\t\t<\/div>\n\t\t\t\t\t<\/div>\n\t\t\t\t<\/div>\n\t\t\t\t\t<\/div>\n\t\t\t\t<\/div>\n\t\t\t\t\t<\/div>\n\t\t\t\t<\/div>\n\t\t<div class=\"elementor-element elementor-element-a8dac8c e-con-full e-flex e-con e-parent\" data-id=\"a8dac8c\" data-element_type=\"container\">\n\t\t\t\t<div class=\"elementor-element elementor-element-c491c5b elementor-widget__width-inherit elementor-cta--skin-classic elementor-animated-content elementor-bg-transform elementor-bg-transform-zoom-in elementor-widget elementor-widget-call-to-action\" data-id=\"c491c5b\" data-element_type=\"widget\" data-widget_type=\"call-to-action.default\">\n\t\t\t\t<div class=\"elementor-widget-container\">\n\t\t\t\t\t\t\t<div class=\"elementor-cta\">\n\t\t\t\t\t<div class=\"elementor-cta__bg-wrapper\">\n\t\t\t\t<div class=\"elementor-cta__bg elementor-bg\" style=\"background-image: url(https:\/\/samon.com\/wp-content\/uploads\/2024\/05\/GLACIAR-MICROv2-1.webp);\" role=\"img\" aria-label=\"GLACI\u00c4R MICRO refrigerant gas detector\"><\/div>\n\t\t\t\t<div class=\"elementor-cta__bg-overlay\"><\/div>\n\t\t\t<\/div>\n\t\t\t\t\t\t\t<div class=\"elementor-cta__content\">\n\t\t\t\t\n\t\t\t\t\t\t\t\t\t<h2 class=\"elementor-cta__title elementor-cta__content-item elementor-content-item\">\n\t\t\t\t\t\tGLACI\u00c4R MICRO\t\t\t\t\t<\/h2>\n\t\t\t\t\n\t\t\t\t\t\t\t\t\t<div class=\"elementor-cta__description elementor-cta__content-item elementor-content-item\">\n\t\t\t\t\t\t<p>O nosso detetor de g\u00e1s refrigerante mais pequeno.  <br \/>Perfeito para aplica\u00e7\u00f5es comerciais de refrigera\u00e7\u00e3o e vitrinas.<\/p>\n\t\t\t\t\t<\/div>\n\t\t\t\t\n\t\t\t\t\t\t\t\t\t<div class=\"elementor-cta__button-wrapper elementor-cta__content-item elementor-content-item \">\n\t\t\t\t\t<a class=\"elementor-cta__button elementor-button elementor-size-\" href=\"https:\/\/samon.com\/products\/gas-detectors\/glaciar-micro\/\">\n\t\t\t\t\t\tAprende mais\t\t\t\t\t<\/a>\n\t\t\t\t\t<\/div>\n\t\t\t\t\t\t\t<\/div>\n\t\t\t\t\t\t<\/div>\n\t\t\t\t\t\t<\/div>\n\t\t\t\t<\/div>\n\t\t\t\t<\/div>\n\t\t\t\t<\/div>\n\t\t","protected":false},"excerpt":{"rendered":"<p>Aparelhos de refrigera\u00e7\u00e3o e vitrinas comerciais A import\u00e2ncia da dete\u00e7\u00e3o de g\u00e1s refrigerante em aparelhos de refrigera\u00e7\u00e3o comerciais e vitrinas No mundo atual, a import\u00e2ncia de manter sistemas de refrigera\u00e7\u00e3o seguros, eficientes e amigos do ambiente n\u00e3o pode ser exagerada. Para bombas de calor e vitrinas, a implementa\u00e7\u00e3o de sistemas robustos de dete\u00e7\u00e3o de g\u00e1s [&hellip;]<\/p>\n","protected":false},"author":1,"featured_media":0,"parent":0,"menu_order":0,"comment_status":"closed","ping_status":"closed","template":"","meta":{"_monsterinsights_skip_tracking":false,"_monsterinsights_sitenote_active":false,"_monsterinsights_sitenote_note":"","_monsterinsights_sitenote_category":0,"footnotes":""},"class_list":["post-12867","page","type-page","status-publish","hentry"],"aioseo_notices":[],"_links":{"self":[{"href":"https:\/\/samon.com\/pt-pt\/wp-json\/wp\/v2\/pages\/12867","targetHints":{"allow":["GET"]}}],"collection":[{"href":"https:\/\/samon.com\/pt-pt\/wp-json\/wp\/v2\/pages"}],"about":[{"href":"https:\/\/samon.com\/pt-pt\/wp-json\/wp\/v2\/types\/page"}],"author":[{"embeddable":true,"href":"https:\/\/samon.com\/pt-pt\/wp-json\/wp\/v2\/users\/1"}],"replies":[{"embeddable":true,"href":"https:\/\/samon.com\/pt-pt\/wp-json\/wp\/v2\/comments?post=12867"}],"version-history":[{"count":1,"href":"https:\/\/samon.com\/pt-pt\/wp-json\/wp\/v2\/pages\/12867\/revisions"}],"predecessor-version":[{"id":12871,"href":"https:\/\/samon.com\/pt-pt\/wp-json\/wp\/v2\/pages\/12867\/revisions\/12871"}],"wp:attachment":[{"href":"https:\/\/samon.com\/pt-pt\/wp-json\/wp\/v2\/media?parent=12867"}],"curies":[{"name":"wp","href":"https:\/\/api.w.org\/{rel}","templated":true}]}}