{"id":12845,"date":"2024-04-16T10:56:13","date_gmt":"2024-04-16T08:56:13","guid":{"rendered":"https:\/\/samon.com\/sobre-a-samon\/"},"modified":"2024-11-04T09:39:56","modified_gmt":"2024-11-04T08:39:56","slug":"sobre-a-samon","status":"publish","type":"page","link":"https:\/\/samon.com\/pt-pt\/sobre-a-samon\/","title":{"rendered":"Sobre a SAMON"},"content":{"rendered":"\t\t<div data-elementor-type=\"wp-page\" data-elementor-id=\"12845\" class=\"elementor elementor-12845 elementor-365\" data-elementor-post-type=\"page\">\n\t\t\t\t<div class=\"elementor-element elementor-element-0709466 e-con-full e-flex e-con e-parent\" data-id=\"0709466\" data-element_type=\"container\" data-e-type=\"container\">\n\t\t\t\t<div class=\"elementor-element elementor-element-657fa32 elementor--h-position-center elementor--v-position-middle elementor-arrows-position-inside elementor-pagination-position-inside elementor-widget elementor-widget-slides\" data-id=\"657fa32\" data-element_type=\"widget\" data-e-type=\"widget\" data-settings=\"{&quot;navigation&quot;:&quot;both&quot;,&quot;autoplay&quot;:&quot;yes&quot;,&quot;pause_on_hover&quot;:&quot;yes&quot;,&quot;pause_on_interaction&quot;:&quot;yes&quot;,&quot;autoplay_speed&quot;:5000,&quot;infinite&quot;:&quot;yes&quot;,&quot;transition&quot;:&quot;slide&quot;,&quot;transition_speed&quot;:500}\" data-widget_type=\"slides.default\">\n\t\t\t\t<div class=\"elementor-widget-container\">\n\t\t\t\t\t\t\t\t\t<div class=\"elementor-swiper\">\n\t\t\t\t\t<div class=\"elementor-slides-wrapper elementor-main-swiper swiper\" role=\"region\" aria-roledescription=\"carousel\" aria-label=\"Slides\" dir=\"ltr\" data-animation=\"fadeInUp\">\n\t\t\t\t<div class=\"swiper-wrapper elementor-slides\">\n\t\t\t\t\t\t\t\t\t\t<div class=\"elementor-repeater-item-a3991b8 swiper-slide\" role=\"group\" aria-roledescription=\"slide\"><div class=\"swiper-slide-bg elementor-ken-burns elementor-ken-burns--in\" role=\"img\" aria-label=\"glaciarImg\"><\/div><div class=\"swiper-slide-inner\" ><div class=\"swiper-slide-contents\"><div class=\"elementor-slide-heading\">Sobre a SAMON<\/div><\/div><\/div><\/div>\t\t\t\t<\/div>\n\t\t\t\t\t\t\t<\/div>\n\t\t\t\t<\/div>\n\t\t\t\t\t\t\t\t<\/div>\n\t\t\t\t<\/div>\n\t\t\t\t<\/div>\n\t\t<div class=\"elementor-element elementor-element-6a9a07b e-grid e-con-boxed e-con e-parent\" data-id=\"6a9a07b\" data-element_type=\"container\" data-e-type=\"container\">\n\t\t\t\t\t<div class=\"e-con-inner\">\n\t\t<div class=\"elementor-element elementor-element-e417b50 e-flex e-con-boxed e-con e-child\" data-id=\"e417b50\" data-element_type=\"container\" data-e-type=\"container\">\n\t\t\t\t\t<div class=\"e-con-inner\">\n\t\t\t\t<div class=\"elementor-element elementor-element-51aa430 elementor-widget elementor-widget-heading\" data-id=\"51aa430\" data-element_type=\"widget\" data-e-type=\"widget\" data-widget_type=\"heading.default\">\n\t\t\t\t<div class=\"elementor-widget-container\">\n\t\t\t\t\t<h2 class=\"elementor-heading-title elementor-size-default\">A nossa empresa<\/h2>\t\t\t\t<\/div>\n\t\t\t\t<\/div>\n\t\t\t\t<div class=\"elementor-element elementor-element-0c25f22 elementor-widget elementor-widget-text-editor\" data-id=\"0c25f22\" data-element_type=\"widget\" data-e-type=\"widget\" data-widget_type=\"text-editor.default\">\n\t\t\t\t<div class=\"elementor-widget-container\">\n\t\t\t\t\t\t\t\t\t<h4>Especialista em dete\u00e7\u00e3o de g\u00e1s refrigerante<\/h4>\n<p>A SAMON foi fundada na Su\u00e9cia em 1990. Durante mais de 30 anos, temos trabalhado continuamente para compreender as necessidades em desenvolvimento da ind\u00fastria de refrigera\u00e7\u00e3o, para que possamos fornecer o que os nossos clientes precisam. O mercado n\u00e3o p\u00e1ra. Desde as mudan\u00e7as nos tipos de refrigerantes em uso, aos avan\u00e7os na tecnologia dos sistemas de controlo &#8211; \u00e0 medida que a ind\u00fastria evolui, n\u00f3s tamb\u00e9m evolu\u00edmos.   <\/p>\n<h4>Definir os padr\u00f5es<\/h4>\n<p>Durante mais de uma d\u00e9cada, a SAMON tem tido um papel ativo no desenvolvimento de normas para a ind\u00fastria de refrigera\u00e7\u00e3o. Isto inclui a contribui\u00e7\u00e3o para a norma mais importante da Europa para a nossa ind\u00fastria, a EN 378: Sistemas de refrigera\u00e7\u00e3o e bombas de calor &#8211; Requisitos de seguran\u00e7a e ambientais. Al\u00e9m disso, membros da nossa equipa t\u00eam contribu\u00eddo de forma essencial para a norma EN 14624: Desempenho de detectores de fugas de localiza\u00e7\u00e3o port\u00e1teis e de detectores de g\u00e1s fixos para todos os refrigerantes.  <\/p>\n<p>A parte importante do nosso trabalho \u00e9 partilhar o nosso conhecimento e experi\u00eancia, ajudando a garantir que as normas s\u00e3o pratic\u00e1veis, adequadas e beneficiam toda a ind\u00fastria.<\/p>\n<p>A SAMON tem v\u00e1rios membros da equipa reconhecidos como especialistas em dete\u00e7\u00e3o de g\u00e1s refrigerante pela ind\u00fastria, raz\u00e3o pela qual foram convidados a ajudar a desenvolver estas normas para as quais a ind\u00fastria deve trabalhar. Diariamente, estes especialistas est\u00e3o dispon\u00edveis para ajudar os nossos clientes a implementar solu\u00e7\u00f5es \u00e0 medida das suas necessidades e desafios individuais. <\/p>\n\t\t\t\t\t\t\t\t<\/div>\n\t\t\t\t<\/div>\n\t\t\t\t\t<\/div>\n\t\t\t\t<\/div>\n\t\t\t\t<div class=\"elementor-element elementor-element-efc290f elementor-widget elementor-widget-image\" data-id=\"efc290f\" data-element_type=\"widget\" data-e-type=\"widget\" data-widget_type=\"image.default\">\n\t\t\t\t<div class=\"elementor-widget-container\">\n\t\t\t\t\t\t\t\t\t\t\t\t\t\t\t<img fetchpriority=\"high\" decoding=\"async\" width=\"800\" height=\"600\" src=\"https:\/\/samon.com\/wp-content\/uploads\/2024\/05\/Chillventa2022-1024x768.jpg\" class=\"attachment-large size-large wp-image-12866\" alt=\"\" srcset=\"https:\/\/samon.com\/wp-content\/uploads\/2024\/05\/Chillventa2022-1024x768.jpg 1024w, https:\/\/samon.com\/wp-content\/uploads\/2024\/05\/Chillventa2022-300x225.jpg 300w, https:\/\/samon.com\/wp-content\/uploads\/2024\/05\/Chillventa2022-768x576.jpg 768w, https:\/\/samon.com\/wp-content\/uploads\/2024\/05\/Chillventa2022.jpg 1200w\" sizes=\"(max-width: 800px) 100vw, 800px\" \/>\t\t\t\t\t\t\t\t\t\t\t\t\t\t\t<\/div>\n\t\t\t\t<\/div>\n\t\t\t\t\t<\/div>\n\t\t\t\t<\/div>\n\t\t<div class=\"elementor-element elementor-element-19ebc1f e-flex e-con-boxed e-con e-parent\" data-id=\"19ebc1f\" data-element_type=\"container\" data-e-type=\"container\">\n\t\t\t\t\t<div class=\"e-con-inner\">\n\t\t<div class=\"elementor-element elementor-element-44395e5 e-con-full e-flex e-con e-child\" data-id=\"44395e5\" data-element_type=\"container\" data-e-type=\"container\">\n\t\t\t\t<div class=\"elementor-element elementor-element-f88bdd2 elementor-widget elementor-widget-text-editor\" data-id=\"f88bdd2\" data-element_type=\"widget\" data-e-type=\"widget\" data-widget_type=\"text-editor.default\">\n\t\t\t\t<div class=\"elementor-widget-container\">\n\t\t\t\t\t\t\t\t\t<h1>SIMPLICIDADE<\/h1>\n<p>Na SAMON, acreditamos em <strong>manter as coisas simples.<\/strong> Isto significa que nos certificamos que os nossos produtos s\u00e3o simples de configurar e utilizar, combinando interfaces anal\u00f3gicos intuitivos e conetividade digital direta.<\/p>\n<p>\u00c9 <strong>simples integrar<\/strong> os nossos produtos em sistemas de controlo e sistemas de gest\u00e3o de edif\u00edcios utilizando uma variedade de sinais de sa\u00edda padr\u00e3o da ind\u00fastria.<\/p>\n<p>Tamb\u00e9m nos certificamos de que os nossos produtos s\u00e3o f\u00e1ceis de selecionar, minimizando o n\u00famero de variantes e n\u00fameros de pe\u00e7as.<\/p>\n\t\t\t\t\t\t\t\t<\/div>\n\t\t\t\t<\/div>\n\t\t\t\t<\/div>\n\t\t<div class=\"elementor-element elementor-element-0ccadea e-con-full e-flex e-con e-child\" data-id=\"0ccadea\" data-element_type=\"container\" data-e-type=\"container\">\n\t\t\t\t<div class=\"elementor-element elementor-element-bb58770 elementor-widget elementor-widget-text-editor\" data-id=\"bb58770\" data-element_type=\"widget\" data-e-type=\"widget\" data-widget_type=\"text-editor.default\">\n\t\t\t\t<div class=\"elementor-widget-container\">\n\t\t\t\t\t\t\t\t\t<h1 style=\"text-align: left;\">FIABILIDADE<\/h1>\n<p>Compreendemos que a fiabilidade \u00e9 de extrema import\u00e2ncia para os nossos clientes porque os nossos produtos s\u00e3o <strong>essenciais para a seguran\u00e7a<\/strong>. Tamb\u00e9m sabemos que os nossos clientes n\u00e3o querem perder tempo a resolver problemas em vez de se concentrarem na fun\u00e7\u00e3o e efici\u00eancia das suas opera\u00e7\u00f5es. <\/p>\n<p>A SAMON teve <strong>menos de 0,001% de reclama\u00e7\u00f5es de garantia<\/strong> em mais de 30 anos de atividade.<\/p>\n<p>Temos a certifica\u00e7\u00e3o ISO 9001:2015 para garantir que mantemos <strong>os elevados padr\u00f5es de qualidade<\/strong> que estabelecemos.<\/p>\n\t\t\t\t\t\t\t\t<\/div>\n\t\t\t\t<\/div>\n\t\t\t\t<\/div>\n\t\t\t\t\t<\/div>\n\t\t\t\t<\/div>\n\t\t<div class=\"elementor-element elementor-element-b01e9eb e-flex e-con-boxed e-con e-parent\" data-id=\"b01e9eb\" data-element_type=\"container\" data-e-type=\"container\">\n\t\t\t\t\t<div class=\"e-con-inner\">\n\t\t<div class=\"elementor-element elementor-element-a2507a6 e-grid e-con-boxed e-con e-child\" data-id=\"a2507a6\" data-element_type=\"container\" data-e-type=\"container\">\n\t\t\t\t\t<div class=\"e-con-inner\">\n\t\t\t\t<div class=\"elementor-element elementor-element-55822d4 elementor-widget elementor-widget-heading\" data-id=\"55822d4\" data-element_type=\"widget\" data-e-type=\"widget\" data-widget_type=\"heading.default\">\n\t\t\t\t<div class=\"elementor-widget-container\">\n\t\t\t\t\t<h2 class=\"elementor-heading-title elementor-size-default\">Os nossos valores<\/h2>\t\t\t\t<\/div>\n\t\t\t\t<\/div>\n\t\t\t\t<div class=\"elementor-element elementor-element-16abcc3 elementor-widget elementor-widget-text-editor\" data-id=\"16abcc3\" data-element_type=\"widget\" data-e-type=\"widget\" data-widget_type=\"text-editor.default\">\n\t\t\t\t<div class=\"elementor-widget-container\">\n\t\t\t\t\t\t\t\t\t<p>Os nossos valores corporativos orientam-nos na forma como operamos com os nossos clientes e parceiros, mas tamb\u00e9m entre n\u00f3s pr\u00f3prios.<\/p>\n\t\t\t\t\t\t\t\t<\/div>\n\t\t\t\t<\/div>\n\t\t\t\t\t<\/div>\n\t\t\t\t<\/div>\n\t\t\t\t\t<\/div>\n\t\t\t\t<\/div>\n\t\t<div class=\"elementor-element elementor-element-86174ef e-grid e-con-boxed e-con e-parent\" data-id=\"86174ef\" data-element_type=\"container\" data-e-type=\"container\">\n\t\t\t\t\t<div class=\"e-con-inner\">\n\t\t<div class=\"elementor-element elementor-element-13d5694 e-flex e-con-boxed e-con e-child\" data-id=\"13d5694\" data-element_type=\"container\" data-e-type=\"container\">\n\t\t\t\t\t<div class=\"e-con-inner\">\n\t\t<div class=\"elementor-element elementor-element-789c590 e-grid e-con-boxed e-con e-child\" data-id=\"789c590\" data-element_type=\"container\" data-e-type=\"container\">\n\t\t\t\t\t<div class=\"e-con-inner\">\n\t\t\t\t<div class=\"elementor-element elementor-element-c4b09f5 elementor-position-left elementor-vertical-align-top elementor-widget elementor-widget-image-box\" data-id=\"c4b09f5\" data-element_type=\"widget\" data-e-type=\"widget\" data-widget_type=\"image-box.default\">\n\t\t\t\t<div class=\"elementor-widget-container\">\n\t\t\t\t\t<div class=\"elementor-image-box-wrapper\"><figure class=\"elementor-image-box-img\"><img decoding=\"async\" src=\"https:\/\/samon.com\/wp-content\/uploads\/2024\/04\/collaboration-icon.svg\" class=\"attachment-full size-full wp-image-12846\" alt=\"\" \/><\/figure><div class=\"elementor-image-box-content\"><h3 class=\"elementor-image-box-title\">Colabora\u00e7\u00e3o<\/h3><p class=\"elementor-image-box-description\">Acreditamos verdadeiramente que os grandes resultados resultam do trabalho conjunto de grandes pessoas. Estamos a trabalhar arduamente para criar valor em conjunto com os nossos clientes, os nossos parceiros e dentro da nossa pr\u00f3pria organiza\u00e7\u00e3o. <\/p><\/div><\/div>\t\t\t\t<\/div>\n\t\t\t\t<\/div>\n\t\t\t\t<div class=\"elementor-element elementor-element-dd476cf elementor-position-left elementor-vertical-align-top elementor-widget elementor-widget-image-box\" data-id=\"dd476cf\" data-element_type=\"widget\" data-e-type=\"widget\" data-widget_type=\"image-box.default\">\n\t\t\t\t<div class=\"elementor-widget-container\">\n\t\t\t\t\t<div class=\"elementor-image-box-wrapper\"><figure class=\"elementor-image-box-img\"><img decoding=\"async\" src=\"https:\/\/samon.com\/wp-content\/uploads\/2024\/05\/simplicity-icon.svg\" class=\"attachment-full size-full wp-image-12847\" alt=\"\" \/><\/figure><div class=\"elementor-image-box-content\"><h3 class=\"elementor-image-box-title\">Inova\u00e7\u00e3o<\/h3><p class=\"elementor-image-box-description\">Gostamos de desafiar o status quo e ir mais al\u00e9m do que nunca foi feito antes. Toma forma no nosso desenvolvimento de novas solu\u00e7\u00f5es para o mercado, na nossa forma de continuar a melhorar o que e como fazemos e na forma como causamos um impacto sustent\u00e1vel no nosso mundo.   <\/p><\/div><\/div>\t\t\t\t<\/div>\n\t\t\t\t<\/div>\n\t\t\t\t<div class=\"elementor-element elementor-element-65f8d48 elementor-position-left elementor-vertical-align-top elementor-widget elementor-widget-image-box\" data-id=\"65f8d48\" data-element_type=\"widget\" data-e-type=\"widget\" data-widget_type=\"image-box.default\">\n\t\t\t\t<div class=\"elementor-widget-container\">\n\t\t\t\t\t<div class=\"elementor-image-box-wrapper\"><figure class=\"elementor-image-box-img\"><img decoding=\"async\" src=\"https:\/\/samon.com\/wp-content\/uploads\/2024\/04\/collaboration-icon.svg\" class=\"attachment-full size-full wp-image-12846\" alt=\"\" \/><\/figure><div class=\"elementor-image-box-content\"><h3 class=\"elementor-image-box-title\">Propriedade<\/h3><p class=\"elementor-image-box-description\">Assumimos a responsabilidade, a responsabilidade pela nossa presta\u00e7\u00e3o aos clientes, a responsabilidade pela promo\u00e7\u00e3o da inova\u00e7\u00e3o, a responsabilidade pelo nosso efeito no meio envolvente e a responsabilidade por n\u00f3s pr\u00f3prios.  <\/p><\/div><\/div>\t\t\t\t<\/div>\n\t\t\t\t<\/div>\n\t\t\t\t<div class=\"elementor-element elementor-element-17997a9 elementor-position-left elementor-vertical-align-top elementor-widget elementor-widget-image-box\" data-id=\"17997a9\" data-element_type=\"widget\" data-e-type=\"widget\" data-widget_type=\"image-box.default\">\n\t\t\t\t<div class=\"elementor-widget-container\">\n\t\t\t\t\t<div class=\"elementor-image-box-wrapper\"><figure class=\"elementor-image-box-img\"><img decoding=\"async\" src=\"https:\/\/samon.com\/wp-content\/uploads\/2024\/05\/reliability-icon.svg\" class=\"attachment-full size-full wp-image-12848\" alt=\"\" \/><\/figure><div class=\"elementor-image-box-content\"><h3 class=\"elementor-image-box-title\">A\u00e7\u00e3o<\/h3><p class=\"elementor-image-box-description\">N\u00e3o s\u00f3 assumimos a responsabilidade, como tamb\u00e9m nos certificamos de que a cumprimos. Desde o compromisso com os clientes, entregando produtos o mais rapidamente poss\u00edvel, at\u00e9 estarmos dispon\u00edveis quando necessitas de apoio no teu site. Quando dizemos algo, cumprimos sempre.    <\/p><\/div><\/div>\t\t\t\t<\/div>\n\t\t\t\t<\/div>\n\t\t\t\t\t<\/div>\n\t\t\t\t<\/div>\n\t\t\t\t\t<\/div>\n\t\t\t\t<\/div>\n\t\t\t\t\t<\/div>\n\t\t\t\t<\/div>\n\t\t<div class=\"elementor-element elementor-element-0d15942 e-flex e-con-boxed e-con e-parent\" data-id=\"0d15942\" data-element_type=\"container\" data-e-type=\"container\">\n\t\t\t\t\t<div class=\"e-con-inner\">\n\t\t<div class=\"elementor-element elementor-element-dd72f0d e-flex e-con-boxed e-con e-child\" data-id=\"dd72f0d\" data-element_type=\"container\" data-e-type=\"container\">\n\t\t\t\t\t<div class=\"e-con-inner\">\n\t\t\t\t<div class=\"elementor-element elementor-element-2f30a71 elementor-position-top elementor-widget elementor-widget-image-box\" data-id=\"2f30a71\" data-element_type=\"widget\" data-e-type=\"widget\" data-widget_type=\"image-box.default\">\n\t\t\t\t<div class=\"elementor-widget-container\">\n\t\t\t\t\t<div class=\"elementor-image-box-wrapper\"><figure class=\"elementor-image-box-img\"><img decoding=\"async\" width=\"1200\" height=\"866\" src=\"https:\/\/samon.com\/wp-content\/uploads\/2024\/06\/Alexander-bw.jpg\" class=\"attachment-full size-full wp-image-12849\" alt=\"\" srcset=\"https:\/\/samon.com\/wp-content\/uploads\/2024\/06\/Alexander-bw.jpg 1200w, https:\/\/samon.com\/wp-content\/uploads\/2024\/06\/Alexander-bw-300x217.jpg 300w, https:\/\/samon.com\/wp-content\/uploads\/2024\/06\/Alexander-bw-1024x739.jpg 1024w, https:\/\/samon.com\/wp-content\/uploads\/2024\/06\/Alexander-bw-768x554.jpg 768w\" sizes=\"(max-width: 1200px) 100vw, 1200px\" \/><\/figure><div class=\"elementor-image-box-content\"><h3 class=\"elementor-image-box-title\">A nossa miss\u00e3o<\/h3><p class=\"elementor-image-box-description\">Na SAMON, a nossa miss\u00e3o \u00e9 proteger o ambiente, proteger as pessoas e proteger os bens. Trabalhamos arduamente para criar benef\u00edcios reais para a sociedade, operando n\u00f3s pr\u00f3prios de forma sustent\u00e1vel e segura, e ajudando os nossos clientes a fazer o mesmo.   <br><br>Um clima est\u00e1vel, rico em biodiversidade, \u00e9 essencial para que as gera\u00e7\u00f5es futuras possam prosperar. Manter isso \u00e9 o maior desafio do nosso tempo e acreditamos que devemos esfor\u00e7ar-nos todos os dias para tornar o planeta Terra um lugar melhor. A nossa fun\u00e7\u00e3o \u00e9 apoiar os nossos parceiros para que o consigam.    <br><br>O Protocolo de Montreal (1987) deu in\u00edcio a uma redu\u00e7\u00e3o radical e \u00e0 elimina\u00e7\u00e3o progressiva dos CFC e HCFC e, desde ent\u00e3o, t\u00eam sido impostas redu\u00e7\u00f5es ainda mais severas aos fluidos refrigerantes com elevado potencial de aquecimento global.  <br><br>A SAMON ajuda a ind\u00fastria a reduzir e a evitar fugas destes gases com efeito de estufa, utilizando solu\u00e7\u00f5es de dete\u00e7\u00e3o de g\u00e1s refrigerante onde os riscos s\u00e3o mais elevados.  <br><br>\u00c9 claro que a ind\u00fastria da refrigera\u00e7\u00e3o e do ar condicionado est\u00e1 a desenvolver alternativas com um menor impacto no ambiente.  <br><br>Isto levou a um aumento da utiliza\u00e7\u00e3o de refrigerantes naturais, mas estes t\u00eam diferentes factores de risco. Muitos s\u00e3o potencialmente explosivos, t\u00f3xicos ou asfixiantes, representando um perigo para a vida e a sa\u00fade. Uma parte essencial da miss\u00e3o da SAMON \u00e9 manter em seguran\u00e7a as pessoas que trabalham nestes ambientes perigosos, para que no final do dia possam regressar a casa para junto das suas fam\u00edlias e amigos.  <br><br>  A atenua\u00e7\u00e3o das fugas de g\u00e1s proporciona um benef\u00edcio material aos nossos clientes, maximizando a efici\u00eancia do sistema e o tempo de produ\u00e7\u00e3o, evitando a deteriora\u00e7\u00e3o dos produtos refrigerados e as explos\u00f5es de gases inflam\u00e1veis.  <br><br>A SAMON \u00e9 um parceiro de confian\u00e7a da ind\u00fastria de refrigera\u00e7\u00e3o porque partilhamos os valores da sustentabilidade e da seguran\u00e7a, e porque as nossas solu\u00e7\u00f5es de dete\u00e7\u00e3o de g\u00e1s s\u00e3o simplesmente fi\u00e1veis.<br><br><b>Alexander Larsson<\/b><i><br>Diretor Geral, SAMON<br>CEO, Safe Monitoring Group<\/i><\/p><\/div><\/div>\t\t\t\t<\/div>\n\t\t\t\t<\/div>\n\t\t\t\t<div class=\"elementor-element elementor-element-01b1fae elementor-widget elementor-widget-spacer\" data-id=\"01b1fae\" data-element_type=\"widget\" data-e-type=\"widget\" data-widget_type=\"spacer.default\">\n\t\t\t\t<div class=\"elementor-widget-container\">\n\t\t\t\t\t\t\t<div class=\"elementor-spacer\">\n\t\t\t<div class=\"elementor-spacer-inner\"><\/div>\n\t\t<\/div>\n\t\t\t\t\t\t<\/div>\n\t\t\t\t<\/div>\n\t\t\t\t\t<\/div>\n\t\t\t\t<\/div>\n\t\t\t\t\t<\/div>\n\t\t\t\t<\/div>\n\t\t<div class=\"elementor-element elementor-element-c8fb60f e-flex e-con-boxed e-con e-parent\" data-id=\"c8fb60f\" data-element_type=\"container\" data-e-type=\"container\">\n\t\t\t\t\t<div class=\"e-con-inner\">\n\t\t\t\t<div class=\"elementor-element elementor-element-f3be07f elementor-widget__width-initial elementor-widget elementor-widget-text-editor\" data-id=\"f3be07f\" data-element_type=\"widget\" data-e-type=\"widget\" data-widget_type=\"text-editor.default\">\n\t\t\t\t<div class=\"elementor-widget-container\">\n\t\t\t\t\t\t\t\t\t<h3><strong>Parte do Grupo de Monitoriza\u00e7\u00e3o Segura<\/strong><\/h3>\n<p>Desde 2022, a SAMON orgulha-se de fazer parte do Grupo Safe Monitoring &#8211; um coletivo de empresas especializadas dedicadas \u00e0 excel\u00eancia na tecnologia de dete\u00e7\u00e3o de gases.<\/p>\n<p>Juntamente com as nossas empresas-irm\u00e3s &#8211; International Gas Detection (IGD), Bieler+Lang, Indupro e MEMS &#8211; formamos uma rede abrangente de compet\u00eancias, cobrindo todos os aspectos da dete\u00e7\u00e3o de g\u00e1s em v\u00e1rias ind\u00fastrias e aplica\u00e7\u00f5es.<\/p>\n<p>Juntos, estamos empenhados em tornarmo-nos o grupo l\u00edder no campo da dete\u00e7\u00e3o de g\u00e1s, fornecendo solu\u00e7\u00f5es de seguran\u00e7a sem paralelo em todo o mundo.<\/p>\n<p><a href=\"https:\/\/safemonitoringgroup.com\/\" target=\"_blank\" rel=\"noopener\"><strong>Mais informa\u00e7\u00f5es sobre o Safe Monitoring Group<\/strong><\/a><\/p>\n\t\t\t\t\t\t\t\t<\/div>\n\t\t\t\t<\/div>\n\t\t\t\t<div class=\"elementor-element elementor-element-f0f46e9 elementor-widget elementor-widget-image\" data-id=\"f0f46e9\" data-element_type=\"widget\" data-e-type=\"widget\" data-widget_type=\"image.default\">\n\t\t\t\t<div class=\"elementor-widget-container\">\n\t\t\t\t\t\t\t\t\t\t\t\t\t\t\t<img decoding=\"async\" width=\"800\" height=\"534\" src=\"https:\/\/samon.com\/wp-content\/uploads\/2024\/08\/SMG-1024x683.png\" class=\"attachment-large size-large wp-image-12850\" alt=\"\" srcset=\"https:\/\/samon.com\/wp-content\/uploads\/2024\/08\/SMG-1024x683.png 1024w, https:\/\/samon.com\/wp-content\/uploads\/2024\/08\/SMG-300x200.png 300w, https:\/\/samon.com\/wp-content\/uploads\/2024\/08\/SMG-768x512.png 768w, https:\/\/samon.com\/wp-content\/uploads\/2024\/08\/SMG.png 1200w\" sizes=\"(max-width: 800px) 100vw, 800px\" \/>\t\t\t\t\t\t\t\t\t\t\t\t\t\t\t<\/div>\n\t\t\t\t<\/div>\n\t\t\t\t\t<\/div>\n\t\t\t\t<\/div>\n\t\t\t\t<\/div>\n\t\t","protected":false},"excerpt":{"rendered":"<p>Sobre a SAMON A nossa empresa Especialista em dete\u00e7\u00e3o de g\u00e1s refrigerante A SAMON foi fundada na Su\u00e9cia em 1990. Durante mais de 30 anos, temos trabalhado continuamente para compreender as necessidades em desenvolvimento da ind\u00fastria de refrigera\u00e7\u00e3o, para que possamos fornecer o que os nossos clientes precisam. O mercado n\u00e3o p\u00e1ra. Desde as mudan\u00e7as [&hellip;]<\/p>\n","protected":false},"author":1,"featured_media":0,"parent":0,"menu_order":0,"comment_status":"closed","ping_status":"closed","template":"","meta":{"_monsterinsights_skip_tracking":false,"_monsterinsights_sitenote_active":false,"_monsterinsights_sitenote_note":"","_monsterinsights_sitenote_category":0,"footnotes":""},"class_list":["post-12845","page","type-page","status-publish","hentry"],"aioseo_notices":[],"_links":{"self":[{"href":"https:\/\/samon.com\/pt-pt\/wp-json\/wp\/v2\/pages\/12845","targetHints":{"allow":["GET"]}}],"collection":[{"href":"https:\/\/samon.com\/pt-pt\/wp-json\/wp\/v2\/pages"}],"about":[{"href":"https:\/\/samon.com\/pt-pt\/wp-json\/wp\/v2\/types\/page"}],"author":[{"embeddable":true,"href":"https:\/\/samon.com\/pt-pt\/wp-json\/wp\/v2\/users\/1"}],"replies":[{"embeddable":true,"href":"https:\/\/samon.com\/pt-pt\/wp-json\/wp\/v2\/comments?post=12845"}],"version-history":[{"count":1,"href":"https:\/\/samon.com\/pt-pt\/wp-json\/wp\/v2\/pages\/12845\/revisions"}],"predecessor-version":[{"id":12851,"href":"https:\/\/samon.com\/pt-pt\/wp-json\/wp\/v2\/pages\/12845\/revisions\/12851"}],"wp:attachment":[{"href":"https:\/\/samon.com\/pt-pt\/wp-json\/wp\/v2\/media?parent=12845"}],"curies":[{"name":"wp","href":"https:\/\/api.w.org\/{rel}","templated":true}]}}