{"id":12788,"date":"2024-04-16T11:14:23","date_gmt":"2024-04-16T09:14:23","guid":{"rendered":"https:\/\/samon.com\/comunicados-de-imprensa\/"},"modified":"2024-11-04T09:39:40","modified_gmt":"2024-11-04T08:39:40","slug":"comunicados-de-imprensa","status":"publish","type":"page","link":"https:\/\/samon.com\/pt-pt\/comunicados-de-imprensa\/","title":{"rendered":"Comunicados de imprensa"},"content":{"rendered":"\t\t<div data-elementor-type=\"wp-page\" data-elementor-id=\"12788\" class=\"elementor elementor-12788 elementor-389\" data-elementor-post-type=\"page\">\n\t\t\t\t<div class=\"elementor-element elementor-element-372a926 e-con-full e-flex e-con e-parent\" data-id=\"372a926\" data-element_type=\"container\">\n\t\t\t\t<div class=\"elementor-element elementor-element-3d0b44d elementor--h-position-center elementor--v-position-middle elementor-arrows-position-inside elementor-pagination-position-inside elementor-widget elementor-widget-slides\" data-id=\"3d0b44d\" data-element_type=\"widget\" data-settings=\"{&quot;navigation&quot;:&quot;both&quot;,&quot;autoplay&quot;:&quot;yes&quot;,&quot;pause_on_hover&quot;:&quot;yes&quot;,&quot;pause_on_interaction&quot;:&quot;yes&quot;,&quot;autoplay_speed&quot;:5000,&quot;infinite&quot;:&quot;yes&quot;,&quot;transition&quot;:&quot;slide&quot;,&quot;transition_speed&quot;:500}\" data-widget_type=\"slides.default\">\n\t\t\t\t<div class=\"elementor-widget-container\">\n\t\t\t\t\t\t\t\t\t<div class=\"elementor-swiper\">\n\t\t\t\t\t<div class=\"elementor-slides-wrapper elementor-main-swiper swiper\" role=\"region\" aria-roledescription=\"carousel\" aria-label=\"Slides\" dir=\"ltr\" data-animation=\"fadeInUp\">\n\t\t\t\t<div class=\"swiper-wrapper elementor-slides\">\n\t\t\t\t\t\t\t\t\t\t<div class=\"elementor-repeater-item-803f59b swiper-slide\" role=\"group\" aria-roledescription=\"slide\"><div class=\"swiper-slide-bg elementor-ken-burns elementor-ken-burns--in\" role=\"img\" aria-label=\"glaciarImg\"><\/div><a class=\"swiper-slide-inner\" href=\"https:\/\/samon.com\/media-contact\/\"><div class=\"swiper-slide-contents\"><div class=\"elementor-slide-heading\">  Comunicados de imprensa<\/div><div class=\"elementor-slide-description\"><p>Para informa\u00e7\u00f5es urgentes sobre os meios de comunica\u00e7\u00e3o social:<\/p>\n<\/div><div  class=\"elementor-button elementor-slide-button elementor-size-sm\">Contacta-nos<\/div><\/div><\/a><\/div>\t\t\t\t<\/div>\n\t\t\t\t\t\t\t<\/div>\n\t\t\t\t<\/div>\n\t\t\t\t\t\t\t\t<\/div>\n\t\t\t\t<\/div>\n\t\t\t\t<\/div>\n\t\t<div class=\"elementor-element elementor-element-35d1009 e-flex e-con-boxed e-con e-parent\" data-id=\"35d1009\" data-element_type=\"container\">\n\t\t\t\t\t<div class=\"e-con-inner\">\n\t\t\t\t<div class=\"elementor-element elementor-element-34e59c6 elementor-widget elementor-widget-spacer\" data-id=\"34e59c6\" data-element_type=\"widget\" data-widget_type=\"spacer.default\">\n\t\t\t\t<div class=\"elementor-widget-container\">\n\t\t\t\t\t\t\t<div class=\"elementor-spacer\">\n\t\t\t<div class=\"elementor-spacer-inner\"><\/div>\n\t\t<\/div>\n\t\t\t\t\t\t<\/div>\n\t\t\t\t<\/div>\n\t\t\t\t\t<\/div>\n\t\t\t\t<\/div>\n\t\t<div class=\"elementor-element elementor-element-1ae633c e-flex e-con-boxed e-con e-parent\" data-id=\"1ae633c\" data-element_type=\"container\">\n\t\t\t\t\t<div class=\"e-con-inner\">\n\t\t\t\t<div class=\"elementor-element elementor-element-5ae51fd elementor-widget elementor-widget-spacer\" data-id=\"5ae51fd\" data-element_type=\"widget\" data-widget_type=\"spacer.default\">\n\t\t\t\t<div class=\"elementor-widget-container\">\n\t\t\t\t\t\t\t<div class=\"elementor-spacer\">\n\t\t\t<div class=\"elementor-spacer-inner\"><\/div>\n\t\t<\/div>\n\t\t\t\t\t\t<\/div>\n\t\t\t\t<\/div>\n\t\t\t\t\t<\/div>\n\t\t\t\t<\/div>\n\t\t<div class=\"elementor-element elementor-element-ae28469 e-flex e-con-boxed e-con e-parent\" data-id=\"ae28469\" data-element_type=\"container\">\n\t\t\t\t\t<div class=\"e-con-inner\">\n\t\t\t\t\t<\/div>\n\t\t\t\t<\/div>\n\t\t<div class=\"elementor-element elementor-element-a3dff57 e-flex e-con-boxed e-con e-parent\" data-id=\"a3dff57\" data-element_type=\"container\">\n\t\t\t\t\t<div class=\"e-con-inner\">\n\t\t\t\t<div class=\"elementor-element elementor-element-072128b elementor-widget elementor-widget-spacer\" data-id=\"072128b\" data-element_type=\"widget\" data-widget_type=\"spacer.default\">\n\t\t\t\t<div class=\"elementor-widget-container\">\n\t\t\t\t\t\t\t<div class=\"elementor-spacer\">\n\t\t\t<div class=\"elementor-spacer-inner\"><\/div>\n\t\t<\/div>\n\t\t\t\t\t\t<\/div>\n\t\t\t\t<\/div>\n\t\t\t\t\t<\/div>\n\t\t\t\t<\/div>\n\t\t\t\t<\/div>\n\t\t","protected":false},"excerpt":{"rendered":"<p>Comunicados de imprensa Para informa\u00e7\u00f5es urgentes sobre os meios de comunica\u00e7\u00e3o social: Contacta-nos<\/p>\n","protected":false},"author":1,"featured_media":0,"parent":0,"menu_order":0,"comment_status":"closed","ping_status":"closed","template":"","meta":{"_monsterinsights_skip_tracking":false,"_monsterinsights_sitenote_active":false,"_monsterinsights_sitenote_note":"","_monsterinsights_sitenote_category":0,"footnotes":""},"class_list":["post-12788","page","type-page","status-publish","hentry"],"aioseo_notices":[],"_links":{"self":[{"href":"https:\/\/samon.com\/pt-pt\/wp-json\/wp\/v2\/pages\/12788","targetHints":{"allow":["GET"]}}],"collection":[{"href":"https:\/\/samon.com\/pt-pt\/wp-json\/wp\/v2\/pages"}],"about":[{"href":"https:\/\/samon.com\/pt-pt\/wp-json\/wp\/v2\/types\/page"}],"author":[{"embeddable":true,"href":"https:\/\/samon.com\/pt-pt\/wp-json\/wp\/v2\/users\/1"}],"replies":[{"embeddable":true,"href":"https:\/\/samon.com\/pt-pt\/wp-json\/wp\/v2\/comments?post=12788"}],"version-history":[{"count":1,"href":"https:\/\/samon.com\/pt-pt\/wp-json\/wp\/v2\/pages\/12788\/revisions"}],"predecessor-version":[{"id":12791,"href":"https:\/\/samon.com\/pt-pt\/wp-json\/wp\/v2\/pages\/12788\/revisions\/12791"}],"wp:attachment":[{"href":"https:\/\/samon.com\/pt-pt\/wp-json\/wp\/v2\/media?parent=12788"}],"curies":[{"name":"wp","href":"https:\/\/api.w.org\/{rel}","templated":true}]}}