{"id":16652,"date":"2025-12-17T12:48:19","date_gmt":"2025-12-17T11:48:19","guid":{"rendered":"https:\/\/samon.com\/capteurs-glaciar-midi-ir-ir\/"},"modified":"2026-02-09T13:55:31","modified_gmt":"2026-02-09T12:55:31","slug":"capteurs-glaciar-midi-ir-ir","status":"publish","type":"page","link":"https:\/\/samon.com\/fr\/capteurs-glaciar-midi-ir-ir\/","title":{"rendered":"Capteurs GLACI\u00c4R MIDI IR &amp; IR+"},"content":{"rendered":"\t\t<div data-elementor-type=\"wp-page\" data-elementor-id=\"16652\" class=\"elementor elementor-16652 elementor-16631\" data-elementor-post-type=\"page\">\n\t\t\t\t<div class=\"elementor-element elementor-element-663ce2a e-con-full e-flex e-con e-parent\" data-id=\"663ce2a\" data-element_type=\"container\" data-e-type=\"container\">\n\t\t\t\t<div class=\"elementor-element elementor-element-35008c4 elementor--h-position-center elementor--v-position-middle elementor-arrows-position-inside elementor-pagination-position-inside elementor-widget elementor-widget-slides\" data-id=\"35008c4\" data-element_type=\"widget\" data-e-type=\"widget\" data-settings=\"{&quot;navigation&quot;:&quot;both&quot;,&quot;autoplay&quot;:&quot;yes&quot;,&quot;pause_on_hover&quot;:&quot;yes&quot;,&quot;pause_on_interaction&quot;:&quot;yes&quot;,&quot;autoplay_speed&quot;:5000,&quot;infinite&quot;:&quot;yes&quot;,&quot;transition&quot;:&quot;slide&quot;,&quot;transition_speed&quot;:500}\" data-widget_type=\"slides.default\">\n\t\t\t\t<div class=\"elementor-widget-container\">\n\t\t\t\t\t\t\t\t\t<div class=\"elementor-swiper\">\n\t\t\t\t\t<div class=\"elementor-slides-wrapper elementor-main-swiper swiper\" role=\"region\" aria-roledescription=\"carousel\" aria-label=\"Slides\" dir=\"ltr\" data-animation=\"fadeInUp\">\n\t\t\t\t<div class=\"swiper-wrapper elementor-slides\">\n\t\t\t\t\t\t\t\t\t\t<div class=\"elementor-repeater-item-807f9da swiper-slide\" role=\"group\" aria-roledescription=\"slide\"><div class=\"swiper-slide-bg elementor-ken-burns elementor-ken-burns--in\" role=\"img\" aria-label=\"Capteur HERO IR 2\"><\/div><div class=\"swiper-slide-inner\" ><div class=\"swiper-slide-contents\"><div class=\"elementor-slide-heading\">Gamme de capteurs GLACI\u00c4R MIDI IR &amp; IR+<\/div><\/div><\/div><\/div>\t\t\t\t<\/div>\n\t\t\t\t\t\t\t<\/div>\n\t\t\t\t<\/div>\n\t\t\t\t\t\t\t\t<\/div>\n\t\t\t\t<\/div>\n\t\t\t\t<\/div>\n\t\t<div class=\"elementor-element elementor-element-d37ca93 e-flex e-con-boxed e-con e-parent\" data-id=\"d37ca93\" data-element_type=\"container\" data-e-type=\"container\">\n\t\t\t\t\t<div class=\"e-con-inner\">\n\t\t\t\t<div class=\"elementor-element elementor-element-28a9eb1 elementor-widget elementor-widget-spacer\" data-id=\"28a9eb1\" data-element_type=\"widget\" data-e-type=\"widget\" data-widget_type=\"spacer.default\">\n\t\t\t\t<div class=\"elementor-widget-container\">\n\t\t\t\t\t\t\t<div class=\"elementor-spacer\">\n\t\t\t<div class=\"elementor-spacer-inner\"><\/div>\n\t\t<\/div>\n\t\t\t\t\t\t<\/div>\n\t\t\t\t<\/div>\n\t\t\t\t\t<\/div>\n\t\t\t\t<\/div>\n\t\t<div class=\"elementor-element elementor-element-3920767 e-grid e-con-boxed e-con e-parent\" data-id=\"3920767\" data-element_type=\"container\" data-e-type=\"container\">\n\t\t\t\t\t<div class=\"e-con-inner\">\n\t\t\t\t<div class=\"elementor-element elementor-element-224fd44 elementor-widget elementor-widget-text-editor\" data-id=\"224fd44\" data-element_type=\"widget\" data-e-type=\"widget\" data-widget_type=\"text-editor.default\">\n\t\t\t\t<div class=\"elementor-widget-container\">\n\t\t\t\t\t\t\t\t\t<h1><span style=\"color: #ff0000;\">Nouvelle gamme de capteurs pour GLACI\u00c4R MIDI<\/span><\/h1><h3><span style=\"color: #ff0000;\">Capteurs IR et IR+<\/span><\/h3><p><strong>Longue dur\u00e9e de vie. Faible maintenance. Haute fiabilit\u00e9.  <\/strong><\/p><p>Aliment\u00e9e par la d\u00e9tection infrarouge, cette technologie assure une d\u00e9tection pr\u00e9cise et stable des gaz frigorig\u00e8nes en ciblant la longueur d\u2019onde d\u2019absorption unique de chaque gaz.<\/p><p class=\"p1\">Le <b>GLACI\u00c4R MIDI IR &amp; IR+<\/b> fait partie de la derni\u00e8re \u00e9volution de notre gamme de d\u00e9tection de gaz simplement fiable \u2013 d\u00e9sormais \u00e9quip\u00e9 d\u2019un capteur infrarouge (IR) de pointe con\u00e7u pour des performances de niveau sup\u00e9rieur dans les environnements de r\u00e9frig\u00e9ration critiques. Con\u00e7u pour <\/p><p class=\"p1\">la pr\u00e9cision, la long\u00e9vit\u00e9 et la faible maintenance, les options de capteurs IR &amp; IR+ surpassent les technologies conventionnelles gr\u00e2ce \u00e0&nbsp;:<\/p><p class=\"p1\"><b>Pas de fausses alarmes<\/b><b> <br><\/b><b><\/b>Les capteurs IR sont s\u00e9lectifs aux frigorig\u00e8nes, ignorant les agents de nettoyage, l\u2019humidit\u00e9 et les autres gaz.<\/p><p class=\"p1\"><b>Performance stable<br><\/b>Insensible aux variations de temp\u00e9rature, d\u2019humidit\u00e9 et d\u2019oxyg\u00e8ne.<\/p><p class=\"p1\"><b>Fonctionnement \u00e0 s\u00e9curit\u00e9 int\u00e9gr\u00e9e<\/b><b> <br><\/b><b><\/b>Les diagnostics int\u00e9gr\u00e9s garantissent l\u2019absence de d\u00e9faillances silencieuses.<\/p><p class=\"p1\"><b>Longue dur\u00e9e de vie du capteur<br><\/b>Des ann\u00e9es de d\u00e9tection fiable.<\/p><p class=\"p1\"><b>R\u00e9cup\u00e9ration rapide<\/b><b> <br><\/b><b><\/b>R\u00e9siste et r\u00e9cup\u00e8re apr\u00e8s de fortes concentrations de gaz sans dommage.<\/p><p class=\"p1\"><b>Des ann\u00e9es de pr\u00e9cision<br><\/b>Aucun r\u00e9\u00e9talonnage annuel n\u00e9cessaire&nbsp;; conserve l\u2019\u00e9talonnage beaucoup plus longtemps que les capteurs SC ou \u00e9lectrochimiques.<\/p><p class=\"p1\"><b>Co\u00fbt total de possession inf\u00e9rieur<br><\/b>Moins de maintenance. Moins de fausses alarmes. Plus de disponibilit\u00e9.  <\/p>\t\t\t\t\t\t\t\t<\/div>\n\t\t\t\t<\/div>\n\t\t\t\t<div class=\"elementor-element elementor-element-6b0e4fb elementor-widget elementor-widget-image\" data-id=\"6b0e4fb\" data-element_type=\"widget\" data-e-type=\"widget\" data-widget_type=\"image.default\">\n\t\t\t\t<div class=\"elementor-widget-container\">\n\t\t\t\t\t\t\t\t\t\t\t\t\t\t\t<img fetchpriority=\"high\" decoding=\"async\" width=\"2060\" height=\"1969\" src=\"https:\/\/samon.com\/wp-content\/uploads\/2025\/12\/GLACIAR-MIDI-IR-plus.png\" class=\"attachment-full size-full wp-image-16723\" alt=\"GLACI\u00c4R MIDI IR+\" srcset=\"https:\/\/samon.com\/wp-content\/uploads\/2025\/12\/GLACIAR-MIDI-IR-plus.png 2060w, https:\/\/samon.com\/wp-content\/uploads\/2025\/12\/GLACIAR-MIDI-IR-plus-300x287.png 300w, https:\/\/samon.com\/wp-content\/uploads\/2025\/12\/GLACIAR-MIDI-IR-plus-1024x979.png 1024w, https:\/\/samon.com\/wp-content\/uploads\/2025\/12\/GLACIAR-MIDI-IR-plus-768x734.png 768w, https:\/\/samon.com\/wp-content\/uploads\/2025\/12\/GLACIAR-MIDI-IR-plus-1536x1468.png 1536w, https:\/\/samon.com\/wp-content\/uploads\/2025\/12\/GLACIAR-MIDI-IR-plus-2048x1958.png 2048w\" sizes=\"(max-width: 2060px) 100vw, 2060px\" \/>\t\t\t\t\t\t\t\t\t\t\t\t\t\t\t<\/div>\n\t\t\t\t<\/div>\n\t\t<div class=\"elementor-element elementor-element-d8c72e0 e-flex e-con-boxed e-con e-child\" data-id=\"d8c72e0\" data-element_type=\"container\" data-e-type=\"container\">\n\t\t\t\t\t<div class=\"e-con-inner\">\n\t\t\t\t<div class=\"elementor-element elementor-element-6e1cf7e elementor-widget elementor-widget-button\" data-id=\"6e1cf7e\" data-element_type=\"widget\" data-e-type=\"widget\" data-widget_type=\"button.default\">\n\t\t\t\t<div class=\"elementor-widget-container\">\n\t\t\t\t\t\t\t\t\t<div class=\"elementor-button-wrapper\">\n\t\t\t\t\t<a class=\"elementor-button elementor-button-link elementor-size-sm\" href=\"https:\/\/samon.com\/wp-content\/uploads\/2026\/01\/GLACIAR-MIDI-IR-and-IR-one-pager-EN-v1.0-web.pdf\">\n\t\t\t\t\t\t<span class=\"elementor-button-content-wrapper\">\n\t\t\t\t\t\t<span class=\"elementor-button-icon\">\n\t\t\t\t<svg aria-hidden=\"true\" class=\"e-font-icon-svg e-fas-download\" viewBox=\"0 0 512 512\" xmlns=\"http:\/\/www.w3.org\/2000\/svg\"><path d=\"M216 0h80c13.3 0 24 10.7 24 24v168h87.7c17.8 0 26.7 21.5 14.1 34.1L269.7 378.3c-7.5 7.5-19.8 7.5-27.3 0L90.1 226.1c-12.6-12.6-3.7-34.1 14.1-34.1H192V24c0-13.3 10.7-24 24-24zm296 376v112c0 13.3-10.7 24-24 24H24c-13.3 0-24-10.7-24-24V376c0-13.3 10.7-24 24-24h146.7l49 49c20.1 20.1 52.5 20.1 72.6 0l49-49H488c13.3 0 24 10.7 24 24zm-124 88c0-11-9-20-20-20s-20 9-20 20 9 20 20 20 20-9 20-20zm64 0c0-11-9-20-20-20s-20 9-20 20 9 20 20 20 20-9 20-20z\"><\/path><\/svg>\t\t\t<\/span>\n\t\t\t\t\t\t\t\t\t<span class=\"elementor-button-text\">Fiche technique GLACI\u00c4R MIDI IR &amp; IR+ (anglais)<\/span>\n\t\t\t\t\t<\/span>\n\t\t\t\t\t<\/a>\n\t\t\t\t<\/div>\n\t\t\t\t\t\t\t\t<\/div>\n\t\t\t\t<\/div>\n\t\t\t\t<div class=\"elementor-element elementor-element-c8e5af5 elementor-widget elementor-widget-button\" data-id=\"c8e5af5\" data-element_type=\"widget\" data-e-type=\"widget\" data-widget_type=\"button.default\">\n\t\t\t\t<div class=\"elementor-widget-container\">\n\t\t\t\t\t\t\t\t\t<div class=\"elementor-button-wrapper\">\n\t\t\t\t\t<a class=\"elementor-button elementor-button-link elementor-size-sm\" href=\"https:\/\/samon.com\/fr\/applications-fr\/detection-des-gaz-refrigerants-dans-les-entreprises\/glaciar-midi\/\">\n\t\t\t\t\t\t<span class=\"elementor-button-content-wrapper\">\n\t\t\t\t\t\t<span class=\"elementor-button-icon\">\n\t\t\t\t<svg aria-hidden=\"true\" class=\"e-font-icon-svg e-fas-link\" viewBox=\"0 0 512 512\" xmlns=\"http:\/\/www.w3.org\/2000\/svg\"><path d=\"M326.612 185.391c59.747 59.809 58.927 155.698.36 214.59-.11.12-.24.25-.36.37l-67.2 67.2c-59.27 59.27-155.699 59.262-214.96 0-59.27-59.26-59.27-155.7 0-214.96l37.106-37.106c9.84-9.84 26.786-3.3 27.294 10.606.648 17.722 3.826 35.527 9.69 52.721 1.986 5.822.567 12.262-3.783 16.612l-13.087 13.087c-28.026 28.026-28.905 73.66-1.155 101.96 28.024 28.579 74.086 28.749 102.325.51l67.2-67.19c28.191-28.191 28.073-73.757 0-101.83-3.701-3.694-7.429-6.564-10.341-8.569a16.037 16.037 0 0 1-6.947-12.606c-.396-10.567 3.348-21.456 11.698-29.806l21.054-21.055c5.521-5.521 14.182-6.199 20.584-1.731a152.482 152.482 0 0 1 20.522 17.197zM467.547 44.449c-59.261-59.262-155.69-59.27-214.96 0l-67.2 67.2c-.12.12-.25.25-.36.37-58.566 58.892-59.387 154.781.36 214.59a152.454 152.454 0 0 0 20.521 17.196c6.402 4.468 15.064 3.789 20.584-1.731l21.054-21.055c8.35-8.35 12.094-19.239 11.698-29.806a16.037 16.037 0 0 0-6.947-12.606c-2.912-2.005-6.64-4.875-10.341-8.569-28.073-28.073-28.191-73.639 0-101.83l67.2-67.19c28.239-28.239 74.3-28.069 102.325.51 27.75 28.3 26.872 73.934-1.155 101.96l-13.087 13.087c-4.35 4.35-5.769 10.79-3.783 16.612 5.864 17.194 9.042 34.999 9.69 52.721.509 13.906 17.454 20.446 27.294 10.606l37.106-37.106c59.271-59.259 59.271-155.699.001-214.959z\"><\/path><\/svg>\t\t\t<\/span>\n\t\t\t\t\t\t\t\t\t<span class=\"elementor-button-text\">En savoir plus sur GLACI\u00c4R MIDI<\/span>\n\t\t\t\t\t<\/span>\n\t\t\t\t\t<\/a>\n\t\t\t\t<\/div>\n\t\t\t\t\t\t\t\t<\/div>\n\t\t\t\t<\/div>\n\t\t\t\t<div class=\"elementor-element elementor-element-6710ef9 elementor-widget elementor-widget-button\" data-id=\"6710ef9\" data-element_type=\"widget\" data-e-type=\"widget\" data-widget_type=\"button.default\">\n\t\t\t\t<div class=\"elementor-widget-container\">\n\t\t\t\t\t\t\t\t\t<div class=\"elementor-button-wrapper\">\n\t\t\t\t\t<a class=\"elementor-button elementor-button-link elementor-size-sm\" href=\"https:\/\/www.youtube.com\/@samon-safe-monitoring\">\n\t\t\t\t\t\t<span class=\"elementor-button-content-wrapper\">\n\t\t\t\t\t\t<span class=\"elementor-button-icon\">\n\t\t\t\t<svg aria-hidden=\"true\" class=\"e-font-icon-svg e-fab-youtube\" viewBox=\"0 0 576 512\" xmlns=\"http:\/\/www.w3.org\/2000\/svg\"><path d=\"M549.655 124.083c-6.281-23.65-24.787-42.276-48.284-48.597C458.781 64 288 64 288 64S117.22 64 74.629 75.486c-23.497 6.322-42.003 24.947-48.284 48.597-11.412 42.867-11.412 132.305-11.412 132.305s0 89.438 11.412 132.305c6.281 23.65 24.787 41.5 48.284 47.821C117.22 448 288 448 288 448s170.78 0 213.371-11.486c23.497-6.321 42.003-24.171 48.284-47.821 11.412-42.867 11.412-132.305 11.412-132.305s0-89.438-11.412-132.305zm-317.51 213.508V175.185l142.739 81.205-142.739 81.201z\"><\/path><\/svg>\t\t\t<\/span>\n\t\t\t\t\t\t\t\t\t<span class=\"elementor-button-text\">Visitez SAMON Academy sur YouTube pour en savoir plus sur la facilit\u00e9 d'\u00e9talonnage du GLACI\u00c4R MIDI<\/span>\n\t\t\t\t\t<\/span>\n\t\t\t\t\t<\/a>\n\t\t\t\t<\/div>\n\t\t\t\t\t\t\t\t<\/div>\n\t\t\t\t<\/div>\n\t\t\t\t\t<\/div>\n\t\t\t\t<\/div>\n\t\t<div class=\"elementor-element elementor-element-1a683b3 e-con-full e-flex e-con e-child\" data-id=\"1a683b3\" data-element_type=\"container\" data-e-type=\"container\">\n\t\t\t\t<div class=\"elementor-element elementor-element-a482cc9 elementor-widget elementor-widget-text-editor\" data-id=\"a482cc9\" data-element_type=\"widget\" data-e-type=\"widget\" data-widget_type=\"text-editor.default\">\n\t\t\t\t<div class=\"elementor-widget-container\">\n\t\t\t\t\t\t\t\t\t<h3 class=\"p1\"><b>AVANTAGES DE GLACI\u00c4R IR &amp; IR+<\/b><b><\/b><\/h3><ul><li class=\"p3\">Longue dur\u00e9e de vie<\/li><li class=\"p3\">D\u00e9rive minimale du capteur<\/li><li class=\"p3\">Pas de sensibilit\u00e9 crois\u00e9e<\/li><li class=\"p3\">Insensible \u00e0 la contamination<\/li><li class=\"p3\">Pas d\u2019effet d\u2019empoisonnement<\/li><li class=\"p3\">Non-consommation<\/li><li class=\"p3\">Besoin minimal d\u2019\u00e9talonnage <\/li><li class=\"p3\">Plus grande pr\u00e9cision<\/li><li class=\"p3\">Faible limite de d\u00e9tection minimale<b> <\/b><\/li><li class=\"p3\">Compatible avec les accessoires GLACI\u00c4R MIDI<\/li><\/ul>\t\t\t\t\t\t\t\t<\/div>\n\t\t\t\t<\/div>\n\t\t\t\t<\/div>\n\t\t\t\t<div class=\"elementor-element elementor-element-6212aab elementor-widget elementor-widget-text-editor\" data-id=\"6212aab\" data-element_type=\"widget\" data-e-type=\"widget\" data-widget_type=\"text-editor.default\">\n\t\t\t\t<div class=\"elementor-widget-container\">\n\t\t\t\t\t\t\t\t\t<h3 class=\"p1\"><em><span style=\"color: #ff0000;\"><b>IR+ <\/b><b>prend en charge davantage de <\/b><b>gaz frigorig\u00e8nes et <\/b><b>a \u00e9tabli des <\/b><b>facteurs de r\u00e9f\u00e9rence crois\u00e9e <\/b><b>pour d\u00e9tecter des gaz suppl\u00e9mentaires <\/b><b>\u00e0 l\u2019aide d\u2019un seul <\/b><b>type de capteur.<\/b><\/span><\/em><\/h3>\t\t\t\t\t\t\t\t<\/div>\n\t\t\t\t<\/div>\n\t\t<div class=\"elementor-element elementor-element-33d90f2 e-con-full e-flex e-con e-child\" data-id=\"33d90f2\" data-element_type=\"container\" data-e-type=\"container\">\n\t\t\t\t<\/div>\n\t\t<div class=\"elementor-element elementor-element-27de2d6 e-con-full e-flex e-con e-child\" data-id=\"27de2d6\" data-element_type=\"container\" data-e-type=\"container\">\n\t\t\t\t<\/div>\n\t\t\t\t\t<\/div>\n\t\t\t\t<\/div>\n\t\t<div class=\"elementor-element elementor-element-5ab0050 e-flex e-con-boxed e-con e-parent\" data-id=\"5ab0050\" data-element_type=\"container\" data-e-type=\"container\">\n\t\t\t\t\t<div class=\"e-con-inner\">\n\t\t\t\t<div class=\"elementor-element elementor-element-e4c24cb elementor-widget elementor-widget-text-editor\" data-id=\"e4c24cb\" data-element_type=\"widget\" data-e-type=\"widget\" data-widget_type=\"text-editor.default\">\n\t\t\t\t<div class=\"elementor-widget-container\">\n\t\t\t\t\t\t\t\t\t<h1>Notre \u00e9quipe d&rsquo;experts est pr\u00eate \u00e0 vous aider<\/h1>\n<p style=\"text-align: left;\">Pour en savoir plus sur la gamme de capteurs IR &amp; IR+, inscrivez-vous ci-dessous et nos experts vous contacteront.<\/p>\t\t\t\t\t\t\t\t<\/div>\n\t\t\t\t<\/div>\n\t\t\t\t\t<\/div>\n\t\t\t\t<\/div>\n\t\t<div class=\"elementor-element elementor-element-aa49e54 e-flex e-con-boxed e-con e-parent\" data-id=\"aa49e54\" data-element_type=\"container\" data-e-type=\"container\">\n\t\t\t\t\t<div class=\"e-con-inner\">\n\t\t\t\t<div class=\"elementor-element elementor-element-c944ad9 elementor-button-align-stretch elementor-widget elementor-widget-form\" data-id=\"c944ad9\" data-element_type=\"widget\" data-e-type=\"widget\" data-settings=\"{&quot;step_next_label&quot;:&quot;Suivant&quot;,&quot;step_previous_label&quot;:&quot;Pr\\u00e9c\\u00e9dent&quot;,&quot;button_width&quot;:&quot;100&quot;,&quot;step_type&quot;:&quot;number_text&quot;,&quot;step_icon_shape&quot;:&quot;circle&quot;}\" data-widget_type=\"form.default\">\n\t\t\t\t<div class=\"elementor-widget-container\">\n\t\t\t\t\t\t\t<form class=\"elementor-form\" method=\"post\" name=\"Nouveau formulaire\" aria-label=\"Nouveau formulaire\">\n\t\t\t<input type=\"hidden\" name=\"post_id\" value=\"16652\"\/>\n\t\t\t<input type=\"hidden\" name=\"form_id\" value=\"c944ad9\"\/>\n\t\t\t<input type=\"hidden\" name=\"referer_title\" value=\"Capteurs GLACI\u00c4R MIDI IR &amp; IR+ - samon.com\" \/>\n\n\t\t\t\t\t\t\t<input type=\"hidden\" name=\"queried_id\" value=\"16652\"\/>\n\t\t\t\n\t\t\t<div class=\"elementor-form-fields-wrapper elementor-labels-above\">\n\t\t\t\t\t\t\t\t<div class=\"elementor-field-type-text elementor-field-group elementor-column elementor-field-group-name elementor-col-100\">\n\t\t\t\t\t\t\t\t\t\t\t\t<label for=\"form-field-name\" class=\"elementor-field-label\">\n\t\t\t\t\t\t\t\tNom\t\t\t\t\t\t\t<\/label>\n\t\t\t\t\t\t\t\t\t\t\t\t\t\t<input size=\"1\" type=\"text\" name=\"form_fields[name]\" id=\"form-field-name\" class=\"elementor-field elementor-size-sm  elementor-field-textual\" placeholder=\"Nom\">\n\t\t\t\t\t\t\t\t\t\t\t<\/div>\n\t\t\t\t\t\t\t\t<div class=\"elementor-field-type-email elementor-field-group elementor-column elementor-field-group-email elementor-col-100 elementor-field-required\">\n\t\t\t\t\t\t\t\t\t\t\t\t<label for=\"form-field-email\" class=\"elementor-field-label\">\n\t\t\t\t\t\t\t\tCourriel\t\t\t\t\t\t\t<\/label>\n\t\t\t\t\t\t\t\t\t\t\t\t\t\t<input size=\"1\" type=\"email\" name=\"form_fields[email]\" id=\"form-field-email\" class=\"elementor-field elementor-size-sm  elementor-field-textual\" placeholder=\"Courriel\" required=\"required\">\n\t\t\t\t\t\t\t\t\t\t\t<\/div>\n\t\t\t\t\t\t\t\t<div class=\"elementor-field-type-textarea elementor-field-group elementor-column elementor-field-group-message elementor-col-100\">\n\t\t\t\t\t\t\t\t\t\t\t\t<label for=\"form-field-message\" class=\"elementor-field-label\">\n\t\t\t\t\t\t\t\tMessage\t\t\t\t\t\t\t<\/label>\n\t\t\t\t\t\t<textarea class=\"elementor-field-textual elementor-field  elementor-size-sm\" name=\"form_fields[message]\" id=\"form-field-message\" rows=\"4\" placeholder=\"Message\"><\/textarea>\t\t\t\t<\/div>\n\t\t\t\t\t\t\t\t<div class=\"elementor-field-group elementor-column elementor-field-type-submit elementor-col-100 e-form__buttons\">\n\t\t\t\t\t<button class=\"elementor-button elementor-size-sm\" type=\"submit\">\n\t\t\t\t\t\t<span class=\"elementor-button-content-wrapper\">\n\t\t\t\t\t\t\t\t\t\t\t\t\t\t\t\t\t\t\t\t\t\t<span class=\"elementor-button-text\">Envoyer<\/span>\n\t\t\t\t\t\t\t\t\t\t\t\t\t<\/span>\n\t\t\t\t\t<\/button>\n\t\t\t\t<\/div>\n\t\t\t<\/div>\n\t\t<\/form>\n\t\t\t\t\t\t<\/div>\n\t\t\t\t<\/div>\n\t\t\t\t\t<\/div>\n\t\t\t\t<\/div>\n\t\t<div class=\"elementor-element elementor-element-aec79e0 e-flex e-con-boxed e-con e-parent\" data-id=\"aec79e0\" data-element_type=\"container\" data-e-type=\"container\">\n\t\t\t\t\t<div class=\"e-con-inner\">\n\t\t\t\t\t<\/div>\n\t\t\t\t<\/div>\n\t\t\t\t<\/div>\n\t\t","protected":false},"excerpt":{"rendered":"<p>GLACI\u00c4R MIDI IR &amp; IR+ est une nouvelle gamme am\u00e9lior\u00e9e d&rsquo;options de capteurs pour le d\u00e9tecteur de gaz r\u00e9frig\u00e9rant GLACI\u00c4R MIDI prim\u00e9 de SAMON.<\/p>\n","protected":false},"author":1,"featured_media":16653,"parent":0,"menu_order":0,"comment_status":"closed","ping_status":"closed","template":"","meta":{"_monsterinsights_skip_tracking":false,"_monsterinsights_sitenote_active":false,"_monsterinsights_sitenote_note":"","_monsterinsights_sitenote_category":0,"footnotes":""},"class_list":["post-16652","page","type-page","status-publish","has-post-thumbnail","hentry"],"aioseo_notices":[],"_links":{"self":[{"href":"https:\/\/samon.com\/fr\/wp-json\/wp\/v2\/pages\/16652","targetHints":{"allow":["GET"]}}],"collection":[{"href":"https:\/\/samon.com\/fr\/wp-json\/wp\/v2\/pages"}],"about":[{"href":"https:\/\/samon.com\/fr\/wp-json\/wp\/v2\/types\/page"}],"author":[{"embeddable":true,"href":"https:\/\/samon.com\/fr\/wp-json\/wp\/v2\/users\/1"}],"replies":[{"embeddable":true,"href":"https:\/\/samon.com\/fr\/wp-json\/wp\/v2\/comments?post=16652"}],"version-history":[{"count":11,"href":"https:\/\/samon.com\/fr\/wp-json\/wp\/v2\/pages\/16652\/revisions"}],"predecessor-version":[{"id":16894,"href":"https:\/\/samon.com\/fr\/wp-json\/wp\/v2\/pages\/16652\/revisions\/16894"}],"wp:featuredmedia":[{"embeddable":true,"href":"https:\/\/samon.com\/fr\/wp-json\/wp\/v2\/media\/16653"}],"wp:attachment":[{"href":"https:\/\/samon.com\/fr\/wp-json\/wp\/v2\/media?parent=16652"}],"curies":[{"name":"wp","href":"https:\/\/api.w.org\/{rel}","templated":true}]}}