{"id":15498,"date":"2024-04-16T11:06:22","date_gmt":"2024-04-16T09:06:22","guid":{"rendered":"https:\/\/samon.com\/durabilite\/"},"modified":"2025-05-28T15:52:27","modified_gmt":"2025-05-28T13:52:27","slug":"durabilite","status":"publish","type":"page","link":"https:\/\/samon.com\/fr\/durabilite\/","title":{"rendered":"Durabilit\u00e9"},"content":{"rendered":"\t\t<div data-elementor-type=\"wp-page\" data-elementor-id=\"15498\" class=\"elementor elementor-15498 elementor-374\" data-elementor-post-type=\"page\">\n\t\t\t\t<div class=\"elementor-element elementor-element-f92c6c6 e-con-full e-flex e-con e-parent\" data-id=\"f92c6c6\" data-element_type=\"container\">\n\t\t\t\t<div class=\"elementor-element elementor-element-b030419 elementor--h-position-center elementor--v-position-middle elementor-arrows-position-inside elementor-pagination-position-inside elementor-widget elementor-widget-slides\" data-id=\"b030419\" data-element_type=\"widget\" data-settings=\"{&quot;navigation&quot;:&quot;both&quot;,&quot;autoplay&quot;:&quot;yes&quot;,&quot;pause_on_hover&quot;:&quot;yes&quot;,&quot;pause_on_interaction&quot;:&quot;yes&quot;,&quot;autoplay_speed&quot;:5000,&quot;infinite&quot;:&quot;yes&quot;,&quot;transition&quot;:&quot;slide&quot;,&quot;transition_speed&quot;:500}\" data-widget_type=\"slides.default\">\n\t\t\t\t<div class=\"elementor-widget-container\">\n\t\t\t\t\t\t\t\t\t<div class=\"elementor-swiper\">\n\t\t\t\t\t<div class=\"elementor-slides-wrapper elementor-main-swiper swiper\" role=\"region\" aria-roledescription=\"carousel\" aria-label=\"Slides\" dir=\"ltr\" data-animation=\"fadeInUp\">\n\t\t\t\t<div class=\"swiper-wrapper elementor-slides\">\n\t\t\t\t\t\t\t\t\t\t<div class=\"elementor-repeater-item-9c6129a swiper-slide\" role=\"group\" aria-roledescription=\"slide\"><div class=\"swiper-slide-bg\" role=\"img\" aria-label=\"sustainability\"><\/div><div class=\"swiper-slide-inner\" ><div class=\"swiper-slide-contents\"><div class=\"elementor-slide-heading\">Durabilit\u00e9<\/div><\/div><\/div><\/div>\t\t\t\t<\/div>\n\t\t\t\t\t\t\t<\/div>\n\t\t\t\t<\/div>\n\t\t\t\t\t\t\t\t<\/div>\n\t\t\t\t<\/div>\n\t\t\t\t<\/div>\n\t\t<div class=\"elementor-element elementor-element-8515599 e-flex e-con-boxed e-con e-parent\" data-id=\"8515599\" data-element_type=\"container\">\n\t\t\t\t\t<div class=\"e-con-inner\">\n\t\t\t\t<div class=\"elementor-element elementor-element-b300254 elementor-widget elementor-widget-spacer\" data-id=\"b300254\" data-element_type=\"widget\" data-widget_type=\"spacer.default\">\n\t\t\t\t<div class=\"elementor-widget-container\">\n\t\t\t\t\t\t\t<div class=\"elementor-spacer\">\n\t\t\t<div class=\"elementor-spacer-inner\"><\/div>\n\t\t<\/div>\n\t\t\t\t\t\t<\/div>\n\t\t\t\t<\/div>\n\t\t\t\t\t<\/div>\n\t\t\t\t<\/div>\n\t\t<div class=\"elementor-element elementor-element-2e5f17d e-flex e-con-boxed e-con e-parent\" data-id=\"2e5f17d\" data-element_type=\"container\">\n\t\t\t\t\t<div class=\"e-con-inner\">\n\t\t<div class=\"elementor-element elementor-element-1e2cc21 e-grid e-con-boxed e-con e-child\" data-id=\"1e2cc21\" data-element_type=\"container\">\n\t\t\t\t\t<div class=\"e-con-inner\">\n\t\t<div class=\"elementor-element elementor-element-acb7da4 e-flex e-con-boxed e-con e-child\" data-id=\"acb7da4\" data-element_type=\"container\">\n\t\t\t\t\t<div class=\"e-con-inner\">\n\t\t\t\t<div class=\"elementor-element elementor-element-5caf0ab elementor-widget elementor-widget-heading\" data-id=\"5caf0ab\" data-element_type=\"widget\" data-widget_type=\"heading.default\">\n\t\t\t\t<div class=\"elementor-widget-container\">\n\t\t\t\t\t<h3 class=\"elementor-heading-title elementor-size-default\">Nous nous soucions<\/h3>\t\t\t\t<\/div>\n\t\t\t\t<\/div>\n\t\t\t\t<div class=\"elementor-element elementor-element-139c257 elementor-widget elementor-widget-text-editor\" data-id=\"139c257\" data-element_type=\"widget\" data-widget_type=\"text-editor.default\">\n\t\t\t\t<div class=\"elementor-widget-container\">\n\t\t\t\t\t\t\t\t\t<p>Nous nous soucions de nos employ\u00e9s ainsi que de la soci\u00e9t\u00e9 et nous conformons aux lois et \u00e0 toutes les autres r\u00e9glementations qui s&rsquo;appliquent \u00e0 notre activit\u00e9. Nous le faisons par le biais d&rsquo;initiatives actives li\u00e9es \u00e0 la qualit\u00e9, aux questions environnementales, \u00e0 l&rsquo;environnement de travail et \u00e0 la s\u00e9curit\u00e9. Notre vision est celle d&rsquo;une entreprise qui fabrique des d\u00e9tecteurs de gaz de classe mondiale en pensant \u00e0 la prochaine g\u00e9n\u00e9ration. Alors &#8211; que faisons-nous dans notre travail quotidien ?   <\/p>\t\t\t\t\t\t\t\t<\/div>\n\t\t\t\t<\/div>\n\t\t\t\t<div class=\"elementor-element elementor-element-b246d0c elementor-widget elementor-widget-heading\" data-id=\"b246d0c\" data-element_type=\"widget\" data-widget_type=\"heading.default\">\n\t\t\t\t<div class=\"elementor-widget-container\">\n\t\t\t\t\t<h3 class=\"elementor-heading-title elementor-size-default\">Initiatives actives<\/h3>\t\t\t\t<\/div>\n\t\t\t\t<\/div>\n\t\t\t\t<div class=\"elementor-element elementor-element-b86ec0a elementor-widget elementor-widget-text-editor\" data-id=\"b86ec0a\" data-element_type=\"widget\" data-widget_type=\"text-editor.default\">\n\t\t\t\t<div class=\"elementor-widget-container\">\n\t\t\t\t\t\t\t\t\t<p>La politique de durabilit\u00e9 traverse toute notre organisation et se caract\u00e9rise dans nos op\u00e9rations quotidiennes par la durabilit\u00e9 sociale, la durabilit\u00e9 \u00e9conomique et la durabilit\u00e9 \u00e9cologique. Nous nous soucions de nos employ\u00e9s ainsi que de la soci\u00e9t\u00e9 et nous conformons aux lois et \u00e0 toutes les autres r\u00e9glementations qui s&rsquo;appliquent \u00e0 notre activit\u00e9. Nous le faisons par le biais d&rsquo;initiatives actives li\u00e9es \u00e0 la qualit\u00e9, aux questions environnementales, \u00e0 l&rsquo;environnement de travail et \u00e0 la s\u00e9curit\u00e9.  <\/p>\t\t\t\t\t\t\t\t<\/div>\n\t\t\t\t<\/div>\n\t\t\t\t\t<\/div>\n\t\t\t\t<\/div>\n\t\t\t\t<div class=\"elementor-element elementor-element-9c2dcd9 elementor-widget elementor-widget-image\" data-id=\"9c2dcd9\" data-element_type=\"widget\" data-widget_type=\"image.default\">\n\t\t\t\t<div class=\"elementor-widget-container\">\n\t\t\t\t\t\t\t\t\t\t\t\t\t\t\t<img fetchpriority=\"high\" decoding=\"async\" width=\"800\" height=\"534\" src=\"https:\/\/samon.com\/wp-content\/uploads\/2024\/06\/Kid-world-sustainability-1024x683.jpg\" class=\"attachment-large size-large wp-image-5538\" alt=\"Earth - ESG\" srcset=\"https:\/\/samon.com\/wp-content\/uploads\/2024\/06\/Kid-world-sustainability-1024x683.jpg 1024w, https:\/\/samon.com\/wp-content\/uploads\/2024\/06\/Kid-world-sustainability-300x200.jpg 300w, https:\/\/samon.com\/wp-content\/uploads\/2024\/06\/Kid-world-sustainability-768x512.jpg 768w, https:\/\/samon.com\/wp-content\/uploads\/2024\/06\/Kid-world-sustainability.jpg 1200w\" sizes=\"(max-width: 800px) 100vw, 800px\" \/>\t\t\t\t\t\t\t\t\t\t\t\t\t\t\t<\/div>\n\t\t\t\t<\/div>\n\t\t\t\t\t<\/div>\n\t\t\t\t<\/div>\n\t\t\t\t\t<\/div>\n\t\t\t\t<\/div>\n\t\t<div class=\"elementor-element elementor-element-0862be9 e-flex e-con-boxed e-con e-parent\" data-id=\"0862be9\" data-element_type=\"container\">\n\t\t\t\t\t<div class=\"e-con-inner\">\n\t\t\t\t<div class=\"elementor-element elementor-element-d11ac79 elementor-widget elementor-widget-heading\" data-id=\"d11ac79\" data-element_type=\"widget\" data-widget_type=\"heading.default\">\n\t\t\t\t<div class=\"elementor-widget-container\">\n\t\t\t\t\t<h2 class=\"elementor-heading-title elementor-size-default\">Objectifs de l'agenda 2030 de SAMON<\/h2>\t\t\t\t<\/div>\n\t\t\t\t<\/div>\n\t\t\t\t<div class=\"elementor-element elementor-element-ad1b9a4 elementor-widget elementor-widget-text-editor\" data-id=\"ad1b9a4\" data-element_type=\"widget\" data-widget_type=\"text-editor.default\">\n\t\t\t\t<div class=\"elementor-widget-container\">\n\t\t\t\t\t\t\t\t\t<p>Le projet des Nations Unies visant \u00e0 \u00e9tablir des objectifs de d\u00e9veloppement durable a \u00e9t\u00e9 lanc\u00e9 pour encourager les entreprises \u00e0 choisir des modes de fonctionnement plus durables en ce qui concerne les facteurs sociaux, environnementaux et \u00e9conomiques dans les processus commerciaux. Les activit\u00e9s li\u00e9es \u00e0 la lutte contre la corruption et aux droits de l&rsquo;homme sont incluses dans les objectifs de d\u00e9veloppement durable des Nations Unies. <\/p>\t\t\t\t\t\t\t\t<\/div>\n\t\t\t\t<\/div>\n\t\t\t\t<div class=\"elementor-element elementor-element-63b4230 elementor-widget elementor-widget-text-editor\" data-id=\"63b4230\" data-element_type=\"widget\" data-widget_type=\"text-editor.default\">\n\t\t\t\t<div class=\"elementor-widget-container\">\n\t\t\t\t\t\t\t\t\t<p>L&rsquo;Agenda 2030 des Nations Unies, qui d\u00e9finit les Objectifs de D\u00e9veloppement Durable (ODD) mondiaux, est le programme de d\u00e9veloppement durable le plus ambitieux que les pays du monde aient jamais entrepris. Il a \u00e9t\u00e9 lanc\u00e9 pour atteindre quatre objectifs essentiels d&rsquo;ici 2030 : <\/p>\t\t\t\t\t\t\t\t<\/div>\n\t\t\t\t<\/div>\n\t\t\t\t<div class=\"elementor-element elementor-element-e2d7343 elementor-icon-list--layout-traditional elementor-list-item-link-full_width elementor-widget elementor-widget-icon-list\" data-id=\"e2d7343\" data-element_type=\"widget\" data-widget_type=\"icon-list.default\">\n\t\t\t\t<div class=\"elementor-widget-container\">\n\t\t\t\t\t\t\t<ul class=\"elementor-icon-list-items\">\n\t\t\t\t\t\t\t<li class=\"elementor-icon-list-item\">\n\t\t\t\t\t\t\t\t\t\t\t<span class=\"elementor-icon-list-icon\">\n\t\t\t\t\t\t\t<svg aria-hidden=\"true\" class=\"e-font-icon-svg e-fas-check\" viewBox=\"0 0 512 512\" xmlns=\"http:\/\/www.w3.org\/2000\/svg\"><path d=\"M173.898 439.404l-166.4-166.4c-9.997-9.997-9.997-26.206 0-36.204l36.203-36.204c9.997-9.998 26.207-9.998 36.204 0L192 312.69 432.095 72.596c9.997-9.997 26.207-9.997 36.204 0l36.203 36.204c9.997 9.997 9.997 26.206 0 36.204l-294.4 294.401c-9.998 9.997-26.207 9.997-36.204-.001z\"><\/path><\/svg>\t\t\t\t\t\t<\/span>\n\t\t\t\t\t\t\t\t\t\t<span class=\"elementor-icon-list-text\">\u00c9liminer l'extr\u00eame pauvret\u00e9 <\/span>\n\t\t\t\t\t\t\t\t\t<\/li>\n\t\t\t\t\t\t\t\t<li class=\"elementor-icon-list-item\">\n\t\t\t\t\t\t\t\t\t\t\t<span class=\"elementor-icon-list-icon\">\n\t\t\t\t\t\t\t<svg aria-hidden=\"true\" class=\"e-font-icon-svg e-fas-check\" viewBox=\"0 0 512 512\" xmlns=\"http:\/\/www.w3.org\/2000\/svg\"><path d=\"M173.898 439.404l-166.4-166.4c-9.997-9.997-9.997-26.206 0-36.204l36.203-36.204c9.997-9.998 26.207-9.998 36.204 0L192 312.69 432.095 72.596c9.997-9.997 26.207-9.997 36.204 0l36.203 36.204c9.997 9.997 9.997 26.206 0 36.204l-294.4 294.401c-9.998 9.997-26.207 9.997-36.204-.001z\"><\/path><\/svg>\t\t\t\t\t\t<\/span>\n\t\t\t\t\t\t\t\t\t\t<span class=\"elementor-icon-list-text\">R\u00e9duire les in\u00e9galit\u00e9s et l'injustice dans le monde <\/span>\n\t\t\t\t\t\t\t\t\t<\/li>\n\t\t\t\t\t\t\t\t<li class=\"elementor-icon-list-item\">\n\t\t\t\t\t\t\t\t\t\t\t<span class=\"elementor-icon-list-icon\">\n\t\t\t\t\t\t\t<svg aria-hidden=\"true\" class=\"e-font-icon-svg e-fas-check\" viewBox=\"0 0 512 512\" xmlns=\"http:\/\/www.w3.org\/2000\/svg\"><path d=\"M173.898 439.404l-166.4-166.4c-9.997-9.997-9.997-26.206 0-36.204l36.203-36.204c9.997-9.998 26.207-9.998 36.204 0L192 312.69 432.095 72.596c9.997-9.997 26.207-9.997 36.204 0l36.203 36.204c9.997 9.997 9.997 26.206 0 36.204l-294.4 294.401c-9.998 9.997-26.207 9.997-36.204-.001z\"><\/path><\/svg>\t\t\t\t\t\t<\/span>\n\t\t\t\t\t\t\t\t\t\t<span class=\"elementor-icon-list-text\">Faciliter la paix et la justice<\/span>\n\t\t\t\t\t\t\t\t\t<\/li>\n\t\t\t\t\t\t\t\t<li class=\"elementor-icon-list-item\">\n\t\t\t\t\t\t\t\t\t\t\t<span class=\"elementor-icon-list-icon\">\n\t\t\t\t\t\t\t<svg aria-hidden=\"true\" class=\"e-font-icon-svg e-fas-check\" viewBox=\"0 0 512 512\" xmlns=\"http:\/\/www.w3.org\/2000\/svg\"><path d=\"M173.898 439.404l-166.4-166.4c-9.997-9.997-9.997-26.206 0-36.204l36.203-36.204c9.997-9.998 26.207-9.998 36.204 0L192 312.69 432.095 72.596c9.997-9.997 26.207-9.997 36.204 0l36.203 36.204c9.997 9.997 9.997 26.206 0 36.204l-294.4 294.401c-9.998 9.997-26.207 9.997-36.204-.001z\"><\/path><\/svg>\t\t\t\t\t\t<\/span>\n\t\t\t\t\t\t\t\t\t\t<span class=\"elementor-icon-list-text\">R\u00e9soudre la crise climatique<\/span>\n\t\t\t\t\t\t\t\t\t<\/li>\n\t\t\t\t\t\t<\/ul>\n\t\t\t\t\t\t<\/div>\n\t\t\t\t<\/div>\n\t\t\t\t<div class=\"elementor-element elementor-element-45a214e elementor-widget elementor-widget-text-editor\" data-id=\"45a214e\" data-element_type=\"widget\" data-widget_type=\"text-editor.default\">\n\t\t\t\t<div class=\"elementor-widget-container\">\n\t\t\t\t\t\t\t\t\t<p>Les objectifs de d\u00e9veloppement durable des Nations Unies pour 2030 sont les objectifs de d\u00e9veloppement durable les plus ambitieux que le monde se soit jamais fix\u00e9s.<\/p><p>SAMON a d\u00e9cid\u00e9 de se concentrer sur :<\/p>\t\t\t\t\t\t\t\t<\/div>\n\t\t\t\t<\/div>\n\t\t\t\t\t<\/div>\n\t\t\t\t<\/div>\n\t\t<div class=\"elementor-element elementor-element-d3bc102 e-flex e-con-boxed e-con e-parent\" data-id=\"d3bc102\" data-element_type=\"container\">\n\t\t\t\t\t<div class=\"e-con-inner\">\n\t\t<div class=\"elementor-element elementor-element-9d2a006 e-grid e-con-boxed e-con e-child\" data-id=\"9d2a006\" data-element_type=\"container\">\n\t\t\t\t\t<div class=\"e-con-inner\">\n\t\t\t\t<div class=\"elementor-element elementor-element-ad67be9 elementor-widget__width-initial elementor-position-top elementor-widget elementor-widget-image-box\" data-id=\"ad67be9\" data-element_type=\"widget\" data-widget_type=\"image-box.default\">\n\t\t\t\t<div class=\"elementor-widget-container\">\n\t\t\t\t\t<div class=\"elementor-image-box-wrapper\"><figure class=\"elementor-image-box-img\"><img decoding=\"async\" width=\"321\" height=\"125\" src=\"https:\/\/samon.com\/wp-content\/uploads\/2024\/04\/good-health.png\" class=\"attachment-large size-large wp-image-11496\" alt=\"\" srcset=\"https:\/\/samon.com\/wp-content\/uploads\/2024\/04\/good-health.png 321w, https:\/\/samon.com\/wp-content\/uploads\/2024\/04\/good-health-300x117.png 300w\" sizes=\"(max-width: 321px) 100vw, 321px\" \/><\/figure><div class=\"elementor-image-box-content\"><p class=\"elementor-image-box-description\">R\u00e9duisez la pr\u00e9sence d'ammoniac et ses effets toxiques sur l'eau en \u00e9vitant les fuites de gaz.<\/p><\/div><\/div>\t\t\t\t<\/div>\n\t\t\t\t<\/div>\n\t\t\t\t<div class=\"elementor-element elementor-element-f39f438 elementor-widget__width-initial elementor-position-top elementor-widget elementor-widget-image-box\" data-id=\"f39f438\" data-element_type=\"widget\" data-widget_type=\"image-box.default\">\n\t\t\t\t<div class=\"elementor-widget-container\">\n\t\t\t\t\t<div class=\"elementor-image-box-wrapper\"><figure class=\"elementor-image-box-img\"><img decoding=\"async\" width=\"321\" height=\"125\" src=\"https:\/\/samon.com\/wp-content\/uploads\/2024\/04\/clean-waterImg.png\" class=\"attachment-large size-large wp-image-11497\" alt=\"\" srcset=\"https:\/\/samon.com\/wp-content\/uploads\/2024\/04\/clean-waterImg.png 321w, https:\/\/samon.com\/wp-content\/uploads\/2024\/04\/clean-waterImg-300x117.png 300w\" sizes=\"(max-width: 321px) 100vw, 321px\" \/><\/figure><div class=\"elementor-image-box-content\"><p class=\"elementor-image-box-description\">R\u00e9duire le nombre de personnes bless\u00e9es par des fuites de gaz dangereuses. Maintenir un environnement de travail agr\u00e9able pour nos employ\u00e9s. <\/p><\/div><\/div>\t\t\t\t<\/div>\n\t\t\t\t<\/div>\n\t\t\t\t<div class=\"elementor-element elementor-element-dbb3e30 elementor-widget__width-initial elementor-position-top elementor-widget elementor-widget-image-box\" data-id=\"dbb3e30\" data-element_type=\"widget\" data-widget_type=\"image-box.default\">\n\t\t\t\t<div class=\"elementor-widget-container\">\n\t\t\t\t\t<div class=\"elementor-image-box-wrapper\"><figure class=\"elementor-image-box-img\"><img loading=\"lazy\" decoding=\"async\" width=\"321\" height=\"125\" src=\"https:\/\/samon.com\/wp-content\/uploads\/2024\/04\/citiesImg.png\" class=\"attachment-large size-large wp-image-11498\" alt=\"\" srcset=\"https:\/\/samon.com\/wp-content\/uploads\/2024\/04\/citiesImg.png 321w, https:\/\/samon.com\/wp-content\/uploads\/2024\/04\/citiesImg-300x117.png 300w\" sizes=\"(max-width: 321px) 100vw, 321px\" \/><\/figure><div class=\"elementor-image-box-content\"><p class=\"elementor-image-box-description\">R\u00e9duire les \u00e9missions de CO et de NO2 dues aux fuites de gaz en imitant la d\u00e9tection et la gestion des fuites de gaz.<\/p><\/div><\/div>\t\t\t\t<\/div>\n\t\t\t\t<\/div>\n\t\t\t\t<div class=\"elementor-element elementor-element-e9df778 elementor-widget__width-initial elementor-position-top elementor-widget elementor-widget-image-box\" data-id=\"e9df778\" data-element_type=\"widget\" data-widget_type=\"image-box.default\">\n\t\t\t\t<div class=\"elementor-widget-container\">\n\t\t\t\t\t<div class=\"elementor-image-box-wrapper\"><figure class=\"elementor-image-box-img\"><img loading=\"lazy\" decoding=\"async\" width=\"321\" height=\"125\" src=\"https:\/\/samon.com\/wp-content\/uploads\/2024\/04\/climate-actionImg.png\" class=\"attachment-large size-large wp-image-11499\" alt=\"\" srcset=\"https:\/\/samon.com\/wp-content\/uploads\/2024\/04\/climate-actionImg.png 321w, https:\/\/samon.com\/wp-content\/uploads\/2024\/04\/climate-actionImg-300x117.png 300w\" sizes=\"(max-width: 321px) 100vw, 321px\" \/><\/figure><div class=\"elementor-image-box-content\"><p class=\"elementor-image-box-description\">R\u00e9duire les \u00e9missions de CO2e dues aux fuites en am\u00e9liorant la d\u00e9tection et la gestion des fuites de gaz.<\/p><\/div><\/div>\t\t\t\t<\/div>\n\t\t\t\t<\/div>\n\t\t\t\t\t<\/div>\n\t\t\t\t<\/div>\n\t\t\t\t\t<\/div>\n\t\t\t\t<\/div>\n\t\t<div class=\"elementor-element elementor-element-8dc7b86 e-flex e-con-boxed e-con e-parent\" data-id=\"8dc7b86\" data-element_type=\"container\">\n\t\t\t\t\t<div class=\"e-con-inner\">\n\t\t\t\t<div class=\"elementor-element elementor-element-615cb4a elementor-widget elementor-widget-heading\" data-id=\"615cb4a\" data-element_type=\"widget\" data-widget_type=\"heading.default\">\n\t\t\t\t<div class=\"elementor-widget-container\">\n\t\t\t\t\t<h2 class=\"elementor-heading-title elementor-size-default\">Rapport de durabilit\u00e9 d'Alder<\/h2>\t\t\t\t<\/div>\n\t\t\t\t<\/div>\n\t\t\t\t<div class=\"elementor-element elementor-element-f1e7323 elementor-widget elementor-widget-text-editor\" data-id=\"f1e7323\" data-element_type=\"widget\" data-widget_type=\"text-editor.default\">\n\t\t\t\t<div class=\"elementor-widget-container\">\n\t\t\t\t\t\t\t\t\t<p><span data-contrast=\"auto\"><img loading=\"lazy\" decoding=\"async\" class=\"alignright wp-image-5531 size-medium\" src=\"https:\/\/samon.com\/wp-content\/uploads\/2024\/06\/Printed-report-small-300x240.png\" alt=\"\" width=\"300\" height=\"240\" srcset=\"https:\/\/samon.com\/wp-content\/uploads\/2024\/06\/Printed-report-small-300x240.png 300w, https:\/\/samon.com\/wp-content\/uploads\/2024\/06\/Printed-report-small-1024x819.png 1024w, https:\/\/samon.com\/wp-content\/uploads\/2024\/06\/Printed-report-small-768x614.png 768w, https:\/\/samon.com\/wp-content\/uploads\/2024\/06\/Printed-report-small.png 1400w\" sizes=\"(max-width: 300px) 100vw, 300px\" \/>Ensemble, nous faisons la diff\u00e9rence &#8211; si vous souhaitez en savoir plus sur nos travaux quotidiens et les chiffres du d\u00e9veloppement &#8211; <strong><a href=\"https:\/\/alder.se\/en\/hallbarhet\/\" target=\"_blank\" rel=\"noopener\">En savoir plus sur la politique de durabilit\u00e9 d&rsquo;Alder<\/a><\/strong>.<\/span><\/p><p> <\/p><h5><strong>Politique de durabilit\u00e9 &#8211; Alder <\/strong><\/h5><p><span data-contrast=\"none\">Notre perspective de propri\u00e9t\u00e9 est \u00e0 long terme et notre boussole morale est importante. Nous veillons \u00e0 rencontrer les clients, les fournisseurs et les employ\u00e9s de mani\u00e8re respectueuse et \u00e0 contribuer positivement \u00e0 la communaut\u00e9 locale dans laquelle nous op\u00e9rons. <\/span><\/p><h5><strong>Extraits de la politique : <\/strong><\/h5><p><span data-contrast=\"auto\">Nous avons int\u00e9gr\u00e9 la durabilit\u00e9 dans notre mod\u00e8le d&rsquo;affaires et dans les strat\u00e9gies et op\u00e9rations de nos soci\u00e9t\u00e9s de portefeuille. Cette politique d\u00e9crit notre cadre pour des investissements responsables, ce que nous attendons de nos soci\u00e9t\u00e9s de portefeuille, et comment nous les soutiendrons dans leur travail de durabilit\u00e9 &#8211; \u00ab La Voie Alder \u00bb.  <\/span><span data-contrast=\"none\">\u202f<\/span><\/p><p><span data-contrast=\"none\">L&rsquo;objectif de cette politique est de fournir des orientations sur la mani\u00e8re dont le travail de durabilit\u00e9 doit \u00eatre men\u00e9, dont la durabilit\u00e9 doit avoir un lien clair avec le d\u00e9veloppement des affaires et les processus de cr\u00e9ation de valeur au sein des soci\u00e9t\u00e9s du portefeuille.<\/span><\/p><p><span data-contrast=\"none\">Rapport de durabilit\u00e9 d&rsquo;Alder 2023 &#8211; <strong><a href=\"https:\/\/alder.se\/en\/hallbarhetsrapport-2023\/\" target=\"_blank\" rel=\"noopener\">t\u00e9l\u00e9charger<\/a><\/strong><\/span><\/p>\t\t\t\t\t\t\t\t<\/div>\n\t\t\t\t<\/div>\n\t\t\t\t\t<\/div>\n\t\t\t\t<\/div>\n\t\t\t\t<\/div>\n\t\t","protected":false},"excerpt":{"rendered":"<p>Durabilit\u00e9 Nous nous soucions Nous nous soucions de nos employ\u00e9s ainsi que de la soci\u00e9t\u00e9 et nous conformons aux lois et \u00e0 toutes les autres r\u00e9glementations qui s&rsquo;appliquent \u00e0 notre activit\u00e9. Nous le faisons par le biais d&rsquo;initiatives actives li\u00e9es \u00e0 la qualit\u00e9, aux questions environnementales, \u00e0 l&rsquo;environnement de travail et \u00e0 la s\u00e9curit\u00e9. Notre [&hellip;]<\/p>\n","protected":false},"author":1,"featured_media":0,"parent":0,"menu_order":0,"comment_status":"closed","ping_status":"closed","template":"","meta":{"_monsterinsights_skip_tracking":false,"_monsterinsights_sitenote_active":false,"_monsterinsights_sitenote_note":"","_monsterinsights_sitenote_category":0,"footnotes":""},"class_list":["post-15498","page","type-page","status-publish","hentry"],"aioseo_notices":[],"_links":{"self":[{"href":"https:\/\/samon.com\/fr\/wp-json\/wp\/v2\/pages\/15498","targetHints":{"allow":["GET"]}}],"collection":[{"href":"https:\/\/samon.com\/fr\/wp-json\/wp\/v2\/pages"}],"about":[{"href":"https:\/\/samon.com\/fr\/wp-json\/wp\/v2\/types\/page"}],"author":[{"embeddable":true,"href":"https:\/\/samon.com\/fr\/wp-json\/wp\/v2\/users\/1"}],"replies":[{"embeddable":true,"href":"https:\/\/samon.com\/fr\/wp-json\/wp\/v2\/comments?post=15498"}],"version-history":[{"count":2,"href":"https:\/\/samon.com\/fr\/wp-json\/wp\/v2\/pages\/15498\/revisions"}],"predecessor-version":[{"id":15504,"href":"https:\/\/samon.com\/fr\/wp-json\/wp\/v2\/pages\/15498\/revisions\/15504"}],"wp:attachment":[{"href":"https:\/\/samon.com\/fr\/wp-json\/wp\/v2\/media?parent=15498"}],"curies":[{"name":"wp","href":"https:\/\/api.w.org\/{rel}","templated":true}]}}