{"id":15473,"date":"2025-05-28T13:58:55","date_gmt":"2025-05-28T11:58:55","guid":{"rendered":"https:\/\/samon.com\/academie-samon-2\/"},"modified":"2025-05-28T14:07:15","modified_gmt":"2025-05-28T12:07:15","slug":"academie-samon-2","status":"publish","type":"page","link":"https:\/\/samon.com\/fr\/academie-samon-2\/","title":{"rendered":"Acad\u00e9mie SAMON"},"content":{"rendered":"\t\t<div data-elementor-type=\"wp-page\" data-elementor-id=\"15473\" class=\"elementor elementor-15473 elementor-15450\" data-elementor-post-type=\"page\">\n\t\t\t\t<div class=\"elementor-element elementor-element-663ce2a e-con-full e-flex e-con e-parent\" data-id=\"663ce2a\" data-element_type=\"container\">\n\t\t\t\t<div class=\"elementor-element elementor-element-35008c4 elementor--h-position-center elementor--v-position-middle elementor-arrows-position-inside elementor-pagination-position-inside elementor-widget elementor-widget-slides\" data-id=\"35008c4\" data-element_type=\"widget\" data-settings=\"{&quot;navigation&quot;:&quot;both&quot;,&quot;autoplay&quot;:&quot;yes&quot;,&quot;pause_on_hover&quot;:&quot;yes&quot;,&quot;pause_on_interaction&quot;:&quot;yes&quot;,&quot;autoplay_speed&quot;:5000,&quot;infinite&quot;:&quot;yes&quot;,&quot;transition&quot;:&quot;slide&quot;,&quot;transition_speed&quot;:500}\" data-widget_type=\"slides.default\">\n\t\t\t\t<div class=\"elementor-widget-container\">\n\t\t\t\t\t\t\t\t\t<div class=\"elementor-swiper\">\n\t\t\t\t\t<div class=\"elementor-slides-wrapper elementor-main-swiper swiper\" role=\"region\" aria-roledescription=\"carousel\" aria-label=\"Slides\" dir=\"ltr\" data-animation=\"fadeInUp\">\n\t\t\t\t<div class=\"swiper-wrapper elementor-slides\">\n\t\t\t\t\t\t\t\t\t\t<div class=\"elementor-repeater-item-807f9da swiper-slide\" role=\"group\" aria-roledescription=\"slide\"><div class=\"swiper-slide-bg elementor-ken-burns elementor-ken-burns--in\" role=\"img\" aria-label=\"service-people\"><\/div><div class=\"swiper-slide-inner\" ><div class=\"swiper-slide-contents\"><div class=\"elementor-slide-heading\">Acad\u00e9mie SAMON<\/div><\/div><\/div><\/div>\t\t\t\t<\/div>\n\t\t\t\t\t\t\t<\/div>\n\t\t\t\t<\/div>\n\t\t\t\t\t\t\t\t<\/div>\n\t\t\t\t<\/div>\n\t\t\t\t<\/div>\n\t\t<div class=\"elementor-element elementor-element-d37ca93 e-flex e-con-boxed e-con e-parent\" data-id=\"d37ca93\" data-element_type=\"container\">\n\t\t\t\t\t<div class=\"e-con-inner\">\n\t\t\t\t<div class=\"elementor-element elementor-element-28a9eb1 elementor-widget elementor-widget-spacer\" data-id=\"28a9eb1\" data-element_type=\"widget\" data-widget_type=\"spacer.default\">\n\t\t\t\t<div class=\"elementor-widget-container\">\n\t\t\t\t\t\t\t<div class=\"elementor-spacer\">\n\t\t\t<div class=\"elementor-spacer-inner\"><\/div>\n\t\t<\/div>\n\t\t\t\t\t\t<\/div>\n\t\t\t\t<\/div>\n\t\t\t\t\t<\/div>\n\t\t\t\t<\/div>\n\t\t<div class=\"elementor-element elementor-element-3920767 e-grid e-con-boxed e-con e-parent\" data-id=\"3920767\" data-element_type=\"container\">\n\t\t\t\t\t<div class=\"e-con-inner\">\n\t\t\t\t<div class=\"elementor-element elementor-element-6f35a86 elementor-widget elementor-widget-image-box\" data-id=\"6f35a86\" data-element_type=\"widget\" data-widget_type=\"image-box.default\">\n\t\t\t\t<div class=\"elementor-widget-container\">\n\t\t\t\t\t<div class=\"elementor-image-box-wrapper\"><div class=\"elementor-image-box-content\"><h3 class=\"elementor-image-box-title\">Bienvenue \u00e0 l'Acad\u00e9mie SAMON<br><br> votre ressource incontournable pour l'expertise en d\u00e9tection de gaz r\u00e9frig\u00e9rants<\/h3><p class=\"elementor-image-box-description\">\u00c0 l'Acad\u00e9mie SAMON, nous dotons les professionnels des connaissances n\u00e9cessaires pour installer, maintenir et entretenir en toute confiance nos solutions avanc\u00e9es de d\u00e9tection de gaz r\u00e9frig\u00e9rants. <br><br>\nQue vous soyez un entrepreneur sur le terrain, un partenaire OEM int\u00e9grant notre technologie, ou un distributeur soutenant vos clients, cette plateforme est con\u00e7ue pour appuyer votre r\u00e9ussite.\n<br><br>\nVous y trouverez des instructions \u00e9tape par \u00e9tape, des guides pratiques et des conseils d'experts, \u00e9labor\u00e9s par notre \u00e9quipe technique pour garantir la fiabilit\u00e9, la s\u00e9curit\u00e9 et la conformit\u00e9 dans chaque application. \n\n<br><br>L'Acad\u00e9mie SAMON s'inscrit dans notre engagement \u00e0 prot\u00e9ger les personnes, les biens et l'environnement, en rendant une technologie complexe plus facile \u00e0 comprendre et \u00e0 mettre en \u0153uvre.\n\n<br><br>Explorez notre biblioth\u00e8que de ressources en constante expansion et tenez-vous inform\u00e9 des meilleures pratiques pour une performance \u00e0 long terme et une tranquillit\u00e9 d'esprit.<\/p><\/div><\/div>\t\t\t\t<\/div>\n\t\t\t\t<\/div>\n\t\t\t\t<div class=\"elementor-element elementor-element-6b0e4fb elementor-widget elementor-widget-image\" data-id=\"6b0e4fb\" data-element_type=\"widget\" data-widget_type=\"image.default\">\n\t\t\t\t<div class=\"elementor-widget-container\">\n\t\t\t\t\t\t\t\t\t\t\t\t\t\t\t<img fetchpriority=\"high\" decoding=\"async\" width=\"1800\" height=\"1800\" src=\"https:\/\/samon.com\/wp-content\/uploads\/2025\/05\/GLACIAR-MIDI-Calibrate.jpg\" class=\"attachment-full size-full wp-image-15420\" alt=\"\" srcset=\"https:\/\/samon.com\/wp-content\/uploads\/2025\/05\/GLACIAR-MIDI-Calibrate.jpg 1800w, https:\/\/samon.com\/wp-content\/uploads\/2025\/05\/GLACIAR-MIDI-Calibrate-300x300.jpg 300w, https:\/\/samon.com\/wp-content\/uploads\/2025\/05\/GLACIAR-MIDI-Calibrate-1024x1024.jpg 1024w, https:\/\/samon.com\/wp-content\/uploads\/2025\/05\/GLACIAR-MIDI-Calibrate-150x150.jpg 150w, https:\/\/samon.com\/wp-content\/uploads\/2025\/05\/GLACIAR-MIDI-Calibrate-768x768.jpg 768w, https:\/\/samon.com\/wp-content\/uploads\/2025\/05\/GLACIAR-MIDI-Calibrate-1536x1536.jpg 1536w\" sizes=\"(max-width: 1800px) 100vw, 1800px\" \/>\t\t\t\t\t\t\t\t\t\t\t\t\t\t\t<\/div>\n\t\t\t\t<\/div>\n\t\t<div class=\"elementor-element elementor-element-d8c72e0 e-flex e-con-boxed e-con e-child\" data-id=\"d8c72e0\" data-element_type=\"container\">\n\t\t\t\t\t<div class=\"e-con-inner\">\n\t\t\t\t<div class=\"elementor-element elementor-element-31f928e elementor-widget elementor-widget-text-editor\" data-id=\"31f928e\" data-element_type=\"widget\" data-widget_type=\"text-editor.default\">\n\t\t\t\t<div class=\"elementor-widget-container\">\n\t\t\t\t\t\t\t\t\t<h4>Regardez nos derni\u00e8res vid\u00e9os explicatives ici :<\/h4><h3>Comment \u00e9talonner le d\u00e9tecteur de gaz r\u00e9frig\u00e9rant GLACI\u00c4R MIDI<\/h3>\t\t\t\t\t\t\t\t<\/div>\n\t\t\t\t<\/div>\n\t\t\t\t<div class=\"elementor-element elementor-element-bfe229f elementor-widget elementor-widget-image\" data-id=\"bfe229f\" data-element_type=\"widget\" data-widget_type=\"image.default\">\n\t\t\t\t<div class=\"elementor-widget-container\">\n\t\t\t\t\t\t\t\t\t\t\t\t\t\t\t\t<a href=\"https:\/\/samon.com\/fr\/?page_id=15439\">\n\t\t\t\t\t\t\t<img decoding=\"async\" width=\"800\" height=\"450\" src=\"https:\/\/samon.com\/wp-content\/uploads\/2025\/05\/miniature-youtube-calibrate-1024x576.jpg\" class=\"attachment-large size-large wp-image-15443\" alt=\"\" srcset=\"https:\/\/samon.com\/wp-content\/uploads\/2025\/05\/miniature-youtube-calibrate-1024x576.jpg 1024w, https:\/\/samon.com\/wp-content\/uploads\/2025\/05\/miniature-youtube-calibrate-300x169.jpg 300w, https:\/\/samon.com\/wp-content\/uploads\/2025\/05\/miniature-youtube-calibrate-768x432.jpg 768w, https:\/\/samon.com\/wp-content\/uploads\/2025\/05\/miniature-youtube-calibrate-1536x864.jpg 1536w, https:\/\/samon.com\/wp-content\/uploads\/2025\/05\/miniature-youtube-calibrate.jpg 1920w\" sizes=\"(max-width: 800px) 100vw, 800px\" \/>\t\t\t\t\t\t\t\t<\/a>\n\t\t\t\t\t\t\t\t\t\t\t\t\t\t\t<\/div>\n\t\t\t\t<\/div>\n\t\t\t\t<div class=\"elementor-element elementor-element-6e1cf7e elementor-widget elementor-widget-button\" data-id=\"6e1cf7e\" data-element_type=\"widget\" data-widget_type=\"button.default\">\n\t\t\t\t<div class=\"elementor-widget-container\">\n\t\t\t\t\t\t\t\t\t<div class=\"elementor-button-wrapper\">\n\t\t\t\t\t<a class=\"elementor-button elementor-button-link elementor-size-sm\" href=\"https:\/\/samon.com\/fr\/?page_id=15439\">\n\t\t\t\t\t\t<span class=\"elementor-button-content-wrapper\">\n\t\t\t\t\t\t\t\t\t<span class=\"elementor-button-text\">Visionnez la vid\u00e9o \u00ab Comment calibrer le MIDI GLACI\u00c4R \u00bb ici<\/span>\n\t\t\t\t\t<\/span>\n\t\t\t\t\t<\/a>\n\t\t\t\t<\/div>\n\t\t\t\t\t\t\t\t<\/div>\n\t\t\t\t<\/div>\n\t\t\t\t<div class=\"elementor-element elementor-element-6710ef9 elementor-widget elementor-widget-button\" data-id=\"6710ef9\" data-element_type=\"widget\" data-widget_type=\"button.default\">\n\t\t\t\t<div class=\"elementor-widget-container\">\n\t\t\t\t\t\t\t\t\t<div class=\"elementor-button-wrapper\">\n\t\t\t\t\t<a class=\"elementor-button elementor-button-link elementor-size-sm\" href=\"https:\/\/www.youtube.com\/@samon-safe-monitoring\">\n\t\t\t\t\t\t<span class=\"elementor-button-content-wrapper\">\n\t\t\t\t\t\t\t\t\t<span class=\"elementor-button-text\">Visitez l'Acad\u00e9mie SAMON sur YouTube pour plus de vid\u00e9os<\/span>\n\t\t\t\t\t<\/span>\n\t\t\t\t\t<\/a>\n\t\t\t\t<\/div>\n\t\t\t\t\t\t\t\t<\/div>\n\t\t\t\t<\/div>\n\t\t\t\t\t<\/div>\n\t\t\t\t<\/div>\n\t\t\t\t\t<\/div>\n\t\t\t\t<\/div>\n\t\t\t\t<\/div>\n\t\t","protected":false},"excerpt":{"rendered":"<p>L&rsquo;Acad\u00e9mie SAMON vous facilite l&rsquo;entretien de nos solutions de d\u00e9tection de gaz r\u00e9frig\u00e9rants \u00e0 la pointe de la technologie. Visionnez des vid\u00e9os d&rsquo;instruction en plusieurs langues. <\/p>\n","protected":false},"author":1,"featured_media":15456,"parent":0,"menu_order":0,"comment_status":"closed","ping_status":"closed","template":"","meta":{"_monsterinsights_skip_tracking":false,"_monsterinsights_sitenote_active":false,"_monsterinsights_sitenote_note":"","_monsterinsights_sitenote_category":0,"footnotes":""},"class_list":["post-15473","page","type-page","status-publish","has-post-thumbnail","hentry"],"aioseo_notices":[],"_links":{"self":[{"href":"https:\/\/samon.com\/fr\/wp-json\/wp\/v2\/pages\/15473","targetHints":{"allow":["GET"]}}],"collection":[{"href":"https:\/\/samon.com\/fr\/wp-json\/wp\/v2\/pages"}],"about":[{"href":"https:\/\/samon.com\/fr\/wp-json\/wp\/v2\/types\/page"}],"author":[{"embeddable":true,"href":"https:\/\/samon.com\/fr\/wp-json\/wp\/v2\/users\/1"}],"replies":[{"embeddable":true,"href":"https:\/\/samon.com\/fr\/wp-json\/wp\/v2\/comments?post=15473"}],"version-history":[{"count":2,"href":"https:\/\/samon.com\/fr\/wp-json\/wp\/v2\/pages\/15473\/revisions"}],"predecessor-version":[{"id":15475,"href":"https:\/\/samon.com\/fr\/wp-json\/wp\/v2\/pages\/15473\/revisions\/15475"}],"wp:featuredmedia":[{"embeddable":true,"href":"https:\/\/samon.com\/fr\/wp-json\/wp\/v2\/media\/15456"}],"wp:attachment":[{"href":"https:\/\/samon.com\/fr\/wp-json\/wp\/v2\/media?parent=15473"}],"curies":[{"name":"wp","href":"https:\/\/api.w.org\/{rel}","templated":true}]}}