{"id":15439,"date":"2025-05-28T13:48:08","date_gmt":"2025-05-28T11:48:08","guid":{"rendered":"https:\/\/samon.com\/comment-etalonner-le-glaciar-midi\/"},"modified":"2025-06-23T15:01:09","modified_gmt":"2025-06-23T13:01:09","slug":"comment-etalonner-le-glaciar-midi","status":"publish","type":"page","link":"https:\/\/samon.com\/fr\/comment-etalonner-le-glaciar-midi\/","title":{"rendered":"Comment \u00e9talonner le GLACI\u00c4R MIDI"},"content":{"rendered":"\t\t<div data-elementor-type=\"wp-page\" data-elementor-id=\"15439\" class=\"elementor elementor-15439 elementor-15412\" data-elementor-post-type=\"page\">\n\t\t\t\t<div class=\"elementor-element elementor-element-663ce2a e-con-full e-flex e-con e-parent\" data-id=\"663ce2a\" data-element_type=\"container\">\n\t\t\t\t<div class=\"elementor-element elementor-element-35008c4 elementor--h-position-center elementor--v-position-middle elementor-arrows-position-inside elementor-pagination-position-inside elementor-widget elementor-widget-slides\" data-id=\"35008c4\" data-element_type=\"widget\" data-settings=\"{&quot;navigation&quot;:&quot;both&quot;,&quot;autoplay&quot;:&quot;yes&quot;,&quot;pause_on_hover&quot;:&quot;yes&quot;,&quot;pause_on_interaction&quot;:&quot;yes&quot;,&quot;autoplay_speed&quot;:5000,&quot;infinite&quot;:&quot;yes&quot;,&quot;transition&quot;:&quot;slide&quot;,&quot;transition_speed&quot;:500}\" data-widget_type=\"slides.default\">\n\t\t\t\t<div class=\"elementor-widget-container\">\n\t\t\t\t\t\t\t\t\t<div class=\"elementor-swiper\">\n\t\t\t\t\t<div class=\"elementor-slides-wrapper elementor-main-swiper swiper\" role=\"region\" aria-roledescription=\"carousel\" aria-label=\"Slides\" dir=\"ltr\" data-animation=\"fadeInUp\">\n\t\t\t\t<div class=\"swiper-wrapper elementor-slides\">\n\t\t\t\t\t\t\t\t\t\t<div class=\"elementor-repeater-item-807f9da swiper-slide\" role=\"group\" aria-roledescription=\"slide\"><div class=\"swiper-slide-bg elementor-ken-burns elementor-ken-burns--in\" role=\"img\" aria-label=\"service-people\"><\/div><div class=\"swiper-slide-inner\" ><div class=\"swiper-slide-contents\"><div class=\"elementor-slide-heading\">Acad\u00e9mie SAMON<\/div><\/div><\/div><\/div>\t\t\t\t<\/div>\n\t\t\t\t\t\t\t<\/div>\n\t\t\t\t<\/div>\n\t\t\t\t\t\t\t\t<\/div>\n\t\t\t\t<\/div>\n\t\t\t\t<\/div>\n\t\t<div class=\"elementor-element elementor-element-d37ca93 e-flex e-con-boxed e-con e-parent\" data-id=\"d37ca93\" data-element_type=\"container\">\n\t\t\t\t\t<div class=\"e-con-inner\">\n\t\t\t\t<div class=\"elementor-element elementor-element-28a9eb1 elementor-widget elementor-widget-spacer\" data-id=\"28a9eb1\" data-element_type=\"widget\" data-widget_type=\"spacer.default\">\n\t\t\t\t<div class=\"elementor-widget-container\">\n\t\t\t\t\t\t\t<div class=\"elementor-spacer\">\n\t\t\t<div class=\"elementor-spacer-inner\"><\/div>\n\t\t<\/div>\n\t\t\t\t\t\t<\/div>\n\t\t\t\t<\/div>\n\t\t\t\t\t<\/div>\n\t\t\t\t<\/div>\n\t\t<div class=\"elementor-element elementor-element-3920767 e-grid e-con-boxed e-con e-parent\" data-id=\"3920767\" data-element_type=\"container\">\n\t\t\t\t\t<div class=\"e-con-inner\">\n\t\t\t\t<div class=\"elementor-element elementor-element-6f35a86 elementor-widget elementor-widget-image-box\" data-id=\"6f35a86\" data-element_type=\"widget\" data-widget_type=\"image-box.default\">\n\t\t\t\t<div class=\"elementor-widget-container\">\n\t\t\t\t\t<div class=\"elementor-image-box-wrapper\"><div class=\"elementor-image-box-content\"><h3 class=\"elementor-image-box-title\">Comment \u00e9talonner le GLACI\u00c4R MIDI<br><br>Maintenance simplifi\u00e9e pour une s\u00e9curit\u00e9 maximale<\/h3><p class=\"elementor-image-box-description\">L'\u00e9talonnage de votre d\u00e9tecteur de gaz r\u00e9frig\u00e9rant n'a jamais \u00e9t\u00e9 aussi simple. <br><br>\nLe GLACI\u00c4R MIDI est con\u00e7u pour rationaliser les routines d'entretien, r\u00e9duisant le nombre de gaz d'\u00e9talonnage n\u00e9cessaires et rendant chaque \u00e9tape intuitive gr\u00e2ce \u00e0 notre application de service intelligente.\n<br><br>\nL'\u00e9talonnage r\u00e9gulier ne concerne pas uniquement la conformit\u00e9 r\u00e9glementaire. C'est une partie cruciale de la protection des personnes, des biens et de l'environnement. Avec le GLACI\u00c4R MIDI, vous pouvez assurer une performance fiable avec un minimum d'effort.  \n\n<br><br>Besoin d'assistance ? Nos experts sont toujours l\u00e0 pour vous soutenir. <\/p><\/div><\/div>\t\t\t\t<\/div>\n\t\t\t\t<\/div>\n\t\t\t\t<div class=\"elementor-element elementor-element-6b0e4fb elementor-widget elementor-widget-image\" data-id=\"6b0e4fb\" data-element_type=\"widget\" data-widget_type=\"image.default\">\n\t\t\t\t<div class=\"elementor-widget-container\">\n\t\t\t\t\t\t\t\t\t\t\t\t\t\t\t<img fetchpriority=\"high\" decoding=\"async\" width=\"1800\" height=\"1800\" src=\"https:\/\/samon.com\/wp-content\/uploads\/2025\/05\/GLACIAR-MIDI-Calibrate.jpg\" class=\"attachment-full size-full wp-image-15420\" alt=\"\" srcset=\"https:\/\/samon.com\/wp-content\/uploads\/2025\/05\/GLACIAR-MIDI-Calibrate.jpg 1800w, https:\/\/samon.com\/wp-content\/uploads\/2025\/05\/GLACIAR-MIDI-Calibrate-300x300.jpg 300w, https:\/\/samon.com\/wp-content\/uploads\/2025\/05\/GLACIAR-MIDI-Calibrate-1024x1024.jpg 1024w, https:\/\/samon.com\/wp-content\/uploads\/2025\/05\/GLACIAR-MIDI-Calibrate-150x150.jpg 150w, https:\/\/samon.com\/wp-content\/uploads\/2025\/05\/GLACIAR-MIDI-Calibrate-768x768.jpg 768w, https:\/\/samon.com\/wp-content\/uploads\/2025\/05\/GLACIAR-MIDI-Calibrate-1536x1536.jpg 1536w\" sizes=\"(max-width: 1800px) 100vw, 1800px\" \/>\t\t\t\t\t\t\t\t\t\t\t\t\t\t\t<\/div>\n\t\t\t\t<\/div>\n\t\t<div class=\"elementor-element elementor-element-d8c72e0 e-flex e-con-boxed e-con e-child\" data-id=\"d8c72e0\" data-element_type=\"container\">\n\t\t\t\t\t<div class=\"e-con-inner\">\n\t\t\t\t<div class=\"elementor-element elementor-element-31f928e elementor-widget elementor-widget-text-editor\" data-id=\"31f928e\" data-element_type=\"widget\" data-widget_type=\"text-editor.default\">\n\t\t\t\t<div class=\"elementor-widget-container\">\n\t\t\t\t\t\t\t\t\t<h4>Regardez nos derni\u00e8res vid\u00e9os explicatives ici :<\/h4><h3>Comment \u00e9talonner le d\u00e9tecteur de gaz r\u00e9frig\u00e9rant GLACI\u00c4R MIDI<\/h3>\t\t\t\t\t\t\t\t<\/div>\n\t\t\t\t<\/div>\n\t\t\t\t<div class=\"elementor-element elementor-element-5d06045 elementor-widget elementor-widget-video\" data-id=\"5d06045\" data-element_type=\"widget\" data-settings=\"{&quot;youtube_url&quot;:&quot;https:\\\/\\\/youtu.be\\\/wf_DGXvpGBc?si=0qu1vMRSl_MkSmb7&quot;,&quot;video_type&quot;:&quot;youtube&quot;,&quot;controls&quot;:&quot;yes&quot;}\" data-widget_type=\"video.default\">\n\t\t\t\t<div class=\"elementor-widget-container\">\n\t\t\t\t\t\t\t<div class=\"elementor-wrapper elementor-open-inline\">\n\t\t\t<div class=\"elementor-video\"><\/div>\t\t<\/div>\n\t\t\t\t\t\t<\/div>\n\t\t\t\t<\/div>\n\t\t\t\t<div class=\"elementor-element elementor-element-4b62dcd elementor-widget elementor-widget-text-editor\" data-id=\"4b62dcd\" data-element_type=\"widget\" data-widget_type=\"text-editor.default\">\n\t\t\t\t<div class=\"elementor-widget-container\">\n\t\t\t\t\t\t\t\t\t<p><strong>Espagnol :<\/strong><\/p>\t\t\t\t\t\t\t\t<\/div>\n\t\t\t\t<\/div>\n\t\t\t\t<div class=\"elementor-element elementor-element-95eb3b3 elementor-widget elementor-widget-video\" data-id=\"95eb3b3\" data-element_type=\"widget\" data-settings=\"{&quot;youtube_url&quot;:&quot;https:\\\/\\\/youtu.be\\\/BzMYdHuyUuI&quot;,&quot;video_type&quot;:&quot;youtube&quot;,&quot;controls&quot;:&quot;yes&quot;}\" data-widget_type=\"video.default\">\n\t\t\t\t<div class=\"elementor-widget-container\">\n\t\t\t\t\t\t\t<div class=\"elementor-wrapper elementor-open-inline\">\n\t\t\t<div class=\"elementor-video\"><\/div>\t\t<\/div>\n\t\t\t\t\t\t<\/div>\n\t\t\t\t<\/div>\n\t\t\t\t<div class=\"elementor-element elementor-element-b2f6f77 elementor-widget elementor-widget-text-editor\" data-id=\"b2f6f77\" data-element_type=\"widget\" data-widget_type=\"text-editor.default\">\n\t\t\t\t<div class=\"elementor-widget-container\">\n\t\t\t\t\t\t\t\t\t<p><strong>Fran\u00e7ais :<\/strong><strong><br><\/strong><\/p>\t\t\t\t\t\t\t\t<\/div>\n\t\t\t\t<\/div>\n\t\t\t\t<div class=\"elementor-element elementor-element-1763210 elementor-widget elementor-widget-video\" data-id=\"1763210\" data-element_type=\"widget\" data-settings=\"{&quot;youtube_url&quot;:&quot;https:\\\/\\\/youtu.be\\\/yvPsCYF0jJc&quot;,&quot;video_type&quot;:&quot;youtube&quot;,&quot;controls&quot;:&quot;yes&quot;}\" data-widget_type=\"video.default\">\n\t\t\t\t<div class=\"elementor-widget-container\">\n\t\t\t\t\t\t\t<div class=\"elementor-wrapper elementor-open-inline\">\n\t\t\t<div class=\"elementor-video\"><\/div>\t\t<\/div>\n\t\t\t\t\t\t<\/div>\n\t\t\t\t<\/div>\n\t\t\t\t<div class=\"elementor-element elementor-element-0f8bd79 elementor-widget elementor-widget-text-editor\" data-id=\"0f8bd79\" data-element_type=\"widget\" data-widget_type=\"text-editor.default\">\n\t\t\t\t<div class=\"elementor-widget-container\">\n\t\t\t\t\t\t\t\t\t<p><strong>Allemand :<\/strong><strong><br><\/strong><\/p>\t\t\t\t\t\t\t\t<\/div>\n\t\t\t\t<\/div>\n\t\t\t\t<div class=\"elementor-element elementor-element-0fe0946 elementor-widget elementor-widget-video\" data-id=\"0fe0946\" data-element_type=\"widget\" data-settings=\"{&quot;youtube_url&quot;:&quot;https:\\\/\\\/youtu.be\\\/zQtsus1NBgY&quot;,&quot;video_type&quot;:&quot;youtube&quot;,&quot;controls&quot;:&quot;yes&quot;}\" data-widget_type=\"video.default\">\n\t\t\t\t<div class=\"elementor-widget-container\">\n\t\t\t\t\t\t\t<div class=\"elementor-wrapper elementor-open-inline\">\n\t\t\t<div class=\"elementor-video\"><\/div>\t\t<\/div>\n\t\t\t\t\t\t<\/div>\n\t\t\t\t<\/div>\n\t\t\t\t<div class=\"elementor-element elementor-element-6710ef9 elementor-widget elementor-widget-button\" data-id=\"6710ef9\" data-element_type=\"widget\" data-widget_type=\"button.default\">\n\t\t\t\t<div class=\"elementor-widget-container\">\n\t\t\t\t\t\t\t\t\t<div class=\"elementor-button-wrapper\">\n\t\t\t\t\t<a class=\"elementor-button elementor-button-link elementor-size-sm\" href=\"https:\/\/www.youtube.com\/@samon-safe-monitoring\">\n\t\t\t\t\t\t<span class=\"elementor-button-content-wrapper\">\n\t\t\t\t\t\t\t\t\t<span class=\"elementor-button-text\">Visitez l'Acad\u00e9mie SAMON sur YouTube pour plus de vid\u00e9os<\/span>\n\t\t\t\t\t<\/span>\n\t\t\t\t\t<\/a>\n\t\t\t\t<\/div>\n\t\t\t\t\t\t\t\t<\/div>\n\t\t\t\t<\/div>\n\t\t\t\t<div class=\"elementor-element elementor-element-6e1cf7e elementor-widget elementor-widget-button\" data-id=\"6e1cf7e\" data-element_type=\"widget\" data-widget_type=\"button.default\">\n\t\t\t\t<div class=\"elementor-widget-container\">\n\t\t\t\t\t\t\t\t\t<div class=\"elementor-button-wrapper\">\n\t\t\t\t\t<a class=\"elementor-button elementor-button-link elementor-size-sm\" href=\"https:\/\/samon.com\/fr\/manuels\/\">\n\t\t\t\t\t\t<span class=\"elementor-button-content-wrapper\">\n\t\t\t\t\t\t\t\t\t<span class=\"elementor-button-text\">T\u00e9l\u00e9chargez le manuel GLACI\u00c4R MIDI ici<\/span>\n\t\t\t\t\t<\/span>\n\t\t\t\t\t<\/a>\n\t\t\t\t<\/div>\n\t\t\t\t\t\t\t\t<\/div>\n\t\t\t\t<\/div>\n\t\t\t\t\t<\/div>\n\t\t\t\t<\/div>\n\t\t<div class=\"elementor-element elementor-element-5a6b09c e-con-full e-flex e-con e-child\" data-id=\"5a6b09c\" data-element_type=\"container\">\n\t\t\t\t<div class=\"elementor-element elementor-element-2d4fc4d elementor-widget elementor-widget-heading\" data-id=\"2d4fc4d\" data-element_type=\"widget\" data-widget_type=\"heading.default\">\n\t\t\t\t<div class=\"elementor-widget-container\">\n\t\t\t\t\t<h3 class=\"elementor-heading-title elementor-size-default\">Trouvez le gaz d'\u00e9talonnage d\u00e9fini et approuv\u00e9 pour GLACI\u00c4R MIDI ici :<\/h3>\t\t\t\t<\/div>\n\t\t\t\t<\/div>\n\t\t\t\t<div class=\"elementor-element elementor-element-85089f3 elementor-widget elementor-widget-image\" data-id=\"85089f3\" data-element_type=\"widget\" data-widget_type=\"image.default\">\n\t\t\t\t<div class=\"elementor-widget-container\">\n\t\t\t\t\t\t\t\t\t\t\t\t\t\t\t<img decoding=\"async\" width=\"769\" height=\"368\" src=\"https:\/\/samon.com\/wp-content\/uploads\/2025\/06\/Skaermbillede-2025-06-02-kl.-10.32.21.png\" class=\"attachment-large size-large wp-image-15506\" alt=\"\" srcset=\"https:\/\/samon.com\/wp-content\/uploads\/2025\/06\/Skaermbillede-2025-06-02-kl.-10.32.21.png 769w, https:\/\/samon.com\/wp-content\/uploads\/2025\/06\/Skaermbillede-2025-06-02-kl.-10.32.21-300x144.png 300w\" sizes=\"(max-width: 769px) 100vw, 769px\" \/>\t\t\t\t\t\t\t\t\t\t\t\t\t\t\t<\/div>\n\t\t\t\t<\/div>\n\t\t\t\t<div class=\"elementor-element elementor-element-d5487c4 elementor-widget elementor-widget-text-editor\" data-id=\"d5487c4\" data-element_type=\"widget\" data-widget_type=\"text-editor.default\">\n\t\t\t\t<div class=\"elementor-widget-container\">\n\t\t\t\t\t\t\t\t\t<p><em>Il n&rsquo;est pas n\u00e9cessaire de modifier le type de gaz pour correspondre au gaz d&rsquo;\u00e9talonnage. Conservez simplement le r\u00e9glage actuel pour le gaz que le d\u00e9tecteur est cens\u00e9 mesurer. Le GLACI\u00c4R MIDI reconna\u00eetra et s&rsquo;ajustera automatiquement au gaz d&rsquo;\u00e9talonnage pendant le processus.  <\/em><\/p>\t\t\t\t\t\t\t\t<\/div>\n\t\t\t\t<\/div>\n\t\t\t\t<\/div>\n\t\t\t\t\t<\/div>\n\t\t\t\t<\/div>\n\t\t\t\t<\/div>\n\t\t","protected":false},"excerpt":{"rendered":"<p>D\u00e9couvrez la facilit\u00e9 de calibration du d\u00e9tecteur de gaz r\u00e9frig\u00e9rant GLACI\u00c4R MIDI. Des vid\u00e9os d&rsquo;instructions sont disponibles en plusieurs langues. <\/p>\n","protected":false},"author":1,"featured_media":15443,"parent":0,"menu_order":0,"comment_status":"closed","ping_status":"closed","template":"","meta":{"_monsterinsights_skip_tracking":false,"_monsterinsights_sitenote_active":false,"_monsterinsights_sitenote_note":"","_monsterinsights_sitenote_category":0,"footnotes":""},"class_list":["post-15439","page","type-page","status-publish","has-post-thumbnail","hentry"],"aioseo_notices":[],"_links":{"self":[{"href":"https:\/\/samon.com\/fr\/wp-json\/wp\/v2\/pages\/15439","targetHints":{"allow":["GET"]}}],"collection":[{"href":"https:\/\/samon.com\/fr\/wp-json\/wp\/v2\/pages"}],"about":[{"href":"https:\/\/samon.com\/fr\/wp-json\/wp\/v2\/types\/page"}],"author":[{"embeddable":true,"href":"https:\/\/samon.com\/fr\/wp-json\/wp\/v2\/users\/1"}],"replies":[{"embeddable":true,"href":"https:\/\/samon.com\/fr\/wp-json\/wp\/v2\/comments?post=15439"}],"version-history":[{"count":8,"href":"https:\/\/samon.com\/fr\/wp-json\/wp\/v2\/pages\/15439\/revisions"}],"predecessor-version":[{"id":15759,"href":"https:\/\/samon.com\/fr\/wp-json\/wp\/v2\/pages\/15439\/revisions\/15759"}],"wp:featuredmedia":[{"embeddable":true,"href":"https:\/\/samon.com\/fr\/wp-json\/wp\/v2\/media\/15443"}],"wp:attachment":[{"href":"https:\/\/samon.com\/fr\/wp-json\/wp\/v2\/media?parent=15439"}],"curies":[{"name":"wp","href":"https:\/\/api.w.org\/{rel}","templated":true}]}}