{"id":11962,"date":"2024-06-07T10:53:58","date_gmt":"2024-06-07T08:53:58","guid":{"rendered":"https:\/\/samon.com\/detection-des-gaz-refrigerants-dans-lindustrie\/"},"modified":"2024-12-16T17:03:25","modified_gmt":"2024-12-16T16:03:25","slug":"detection-des-gaz-refrigerants-dans-lindustrie","status":"publish","type":"page","link":"https:\/\/samon.com\/fr\/detection-des-gaz-refrigerants-dans-lindustrie\/","title":{"rendered":"R\u00e9frig\u00e9ration industrielle"},"content":{"rendered":"\t\t<div data-elementor-type=\"wp-page\" data-elementor-id=\"11962\" class=\"elementor elementor-11962 elementor-6069\" data-elementor-post-type=\"page\">\n\t\t\t\t<div class=\"elementor-element elementor-element-027eb22 e-con-full e-flex e-con e-parent\" data-id=\"027eb22\" data-element_type=\"container\">\n\t\t\t\t<div class=\"elementor-element elementor-element-e316d3e elementor-hidden-mobile elementor--h-position-center elementor--v-position-middle elementor-arrows-position-inside elementor-pagination-position-inside elementor-widget elementor-widget-slides\" data-id=\"e316d3e\" data-element_type=\"widget\" data-settings=\"{&quot;navigation&quot;:&quot;both&quot;,&quot;autoplay&quot;:&quot;yes&quot;,&quot;pause_on_hover&quot;:&quot;yes&quot;,&quot;pause_on_interaction&quot;:&quot;yes&quot;,&quot;autoplay_speed&quot;:5000,&quot;infinite&quot;:&quot;yes&quot;,&quot;transition&quot;:&quot;slide&quot;,&quot;transition_speed&quot;:500}\" data-widget_type=\"slides.default\">\n\t\t\t\t<div class=\"elementor-widget-container\">\n\t\t\t\t\t\t\t\t\t<div class=\"elementor-swiper\">\n\t\t\t\t\t<div class=\"elementor-slides-wrapper elementor-main-swiper swiper\" role=\"region\" aria-roledescription=\"carousel\" aria-label=\"Slides\" dir=\"ltr\" data-animation=\"fadeInUp\">\n\t\t\t\t<div class=\"swiper-wrapper elementor-slides\">\n\t\t\t\t\t\t\t\t\t\t<div class=\"elementor-repeater-item-4665ef6 swiper-slide\" role=\"group\" aria-roledescription=\"slide\"><div class=\"swiper-slide-bg elementor-ken-burns elementor-ken-burns--in\" role=\"img\" aria-label=\"hotelroom\"><\/div><div class=\"swiper-slide-inner\" ><div class=\"swiper-slide-contents\"><div class=\"elementor-slide-heading\">R\u00e9frig\u00e9ration industrielle<\/div><\/div><\/div><\/div>\t\t\t\t<\/div>\n\t\t\t\t\t\t\t<\/div>\n\t\t\t\t<\/div>\n\t\t\t\t\t\t\t\t<\/div>\n\t\t\t\t<\/div>\n\t\t\t\t<\/div>\n\t\t<div class=\"elementor-element elementor-element-b058bb2 e-flex e-con-boxed e-con e-parent\" data-id=\"b058bb2\" data-element_type=\"container\">\n\t\t\t\t\t<div class=\"e-con-inner\">\n\t\t\t\t<div class=\"elementor-element elementor-element-3f0244e elementor-widget elementor-widget-heading\" data-id=\"3f0244e\" data-element_type=\"widget\" data-widget_type=\"heading.default\">\n\t\t\t\t<div class=\"elementor-widget-container\">\n\t\t\t\t\t<h2 class=\"elementor-heading-title elementor-size-default\">R\u00e9frig\u00e9ration industrielle <\/h2>\t\t\t\t<\/div>\n\t\t\t\t<\/div>\n\t\t\t\t<div class=\"elementor-element elementor-element-192fcf7 elementor-widget elementor-widget-text-editor\" data-id=\"192fcf7\" data-element_type=\"widget\" data-widget_type=\"text-editor.default\">\n\t\t\t\t<div class=\"elementor-widget-container\">\n\t\t\t\t\t\t\t\t\t<p>Dans le domaine de la r\u00e9frig\u00e9ration industrielle, la protection contre les fuites de gaz r\u00e9frig\u00e9rants est essentielle pour maintenir un environnement s\u00fbr et conforme. Nos syst\u00e8mes avanc\u00e9s de d\u00e9tection des gaz r\u00e9frig\u00e9rants offrent des solutions robustes adapt\u00e9es aux environnements industriels, garantissant une d\u00e9tection rapide des fuites et une protection contre les risques potentiels. <\/p>\n<p>Les applications comprennent<\/p>\n<p><strong>Entreposage frigorifique &#8211; Transformation des aliments surgel\u00e9s &#8211; Fabriques de glace &#8211; Patinoires et stades<\/strong><\/p>\n\t\t\t\t\t\t\t\t<\/div>\n\t\t\t\t<\/div>\n\t\t\t\t\t<\/div>\n\t\t\t\t<\/div>\n\t\t<div class=\"elementor-element elementor-element-7986ee4 e-flex e-con-boxed e-con e-parent\" data-id=\"7986ee4\" data-element_type=\"container\">\n\t\t\t\t\t<div class=\"e-con-inner\">\n\t\t<div class=\"elementor-element elementor-element-96ad1e9 e-grid e-con-boxed e-con e-child\" data-id=\"96ad1e9\" data-element_type=\"container\">\n\t\t\t\t\t<div class=\"e-con-inner\">\n\t\t<div class=\"elementor-element elementor-element-39a88a1 e-flex e-con-boxed e-con e-child\" data-id=\"39a88a1\" data-element_type=\"container\">\n\t\t\t\t\t<div class=\"e-con-inner\">\n\t\t\t\t<div class=\"elementor-element elementor-element-f72442b elementor-widget elementor-widget-heading\" data-id=\"f72442b\" data-element_type=\"widget\" data-widget_type=\"heading.default\">\n\t\t\t\t<div class=\"elementor-widget-container\">\n\t\t\t\t\t<h2 class=\"elementor-heading-title elementor-size-default\">Garantir la s\u00e9curit\u00e9 et la conformit\u00e9  <\/h2>\t\t\t\t<\/div>\n\t\t\t\t<\/div>\n\t\t\t\t<div class=\"elementor-element elementor-element-44514f1 elementor-widget elementor-widget-text-editor\" data-id=\"44514f1\" data-element_type=\"widget\" data-widget_type=\"text-editor.default\">\n\t\t\t\t<div class=\"elementor-widget-container\">\n\t\t\t\t\t\t\t\t\t<p>Dans les environnements industriels, le maintien de la s\u00e9curit\u00e9 et de la conformit\u00e9 r\u00e9glementaire est crucial, en particulier lorsqu&rsquo;il s&rsquo;agit de r\u00e9frig\u00e9rants tels que l&rsquo;ammoniac (NH3). Les fuites de gaz r\u00e9frig\u00e9rants peuvent \u00eatre toxiques, explosives et asphyxiantes. <\/p>\n<p>Nos syst\u00e8mes de d\u00e9tection de gaz avanc\u00e9s sont con\u00e7us pour surveiller les salles des machines dans diverses industries telles que la production alimentaire, les brasseries, les industries de transformation, etc. Ces syst\u00e8mes fournissent des alertes en temps r\u00e9el, garantissant une action imm\u00e9diate pour pr\u00e9venir les risques et prot\u00e9ger \u00e0 la fois le personnel et les biens. <\/p>\n\t\t\t\t\t\t\t\t<\/div>\n\t\t\t\t<\/div>\n\t\t\t\t\t<\/div>\n\t\t\t\t<\/div>\n\t\t\t\t<div class=\"elementor-element elementor-element-31ca1f0 elementor-widget elementor-widget-image\" data-id=\"31ca1f0\" data-element_type=\"widget\" data-widget_type=\"image.default\">\n\t\t\t\t<div class=\"elementor-widget-container\">\n\t\t\t\t\t\t\t\t\t\t\t\t\t\t\t<img fetchpriority=\"high\" decoding=\"async\" width=\"800\" height=\"800\" src=\"https:\/\/samon.com\/wp-content\/uploads\/2024\/06\/ref-plant-square-1024x1024.jpg\" class=\"attachment-large size-large wp-image-6072\" alt=\"Refrigeration plant\" srcset=\"https:\/\/samon.com\/wp-content\/uploads\/2024\/06\/ref-plant-square-1024x1024.jpg 1024w, https:\/\/samon.com\/wp-content\/uploads\/2024\/06\/ref-plant-square-300x300.jpg 300w, https:\/\/samon.com\/wp-content\/uploads\/2024\/06\/ref-plant-square-150x150.jpg 150w, https:\/\/samon.com\/wp-content\/uploads\/2024\/06\/ref-plant-square-768x768.jpg 768w, https:\/\/samon.com\/wp-content\/uploads\/2024\/06\/ref-plant-square-1536x1536.jpg 1536w, https:\/\/samon.com\/wp-content\/uploads\/2024\/06\/ref-plant-square.jpg 1920w\" sizes=\"(max-width: 800px) 100vw, 800px\" \/>\t\t\t\t\t\t\t\t\t\t\t\t\t\t\t<\/div>\n\t\t\t\t<\/div>\n\t\t\t\t\t<\/div>\n\t\t\t\t<\/div>\n\t\t\t\t\t<\/div>\n\t\t\t\t<\/div>\n\t\t<div class=\"elementor-element elementor-element-a7abaa1 e-flex e-con-boxed e-con e-parent\" data-id=\"a7abaa1\" data-element_type=\"container\">\n\t\t\t\t\t<div class=\"e-con-inner\">\n\t\t<div class=\"elementor-element elementor-element-fb17c8f e-grid e-con-boxed e-con e-child\" data-id=\"fb17c8f\" data-element_type=\"container\">\n\t\t\t\t\t<div class=\"e-con-inner\">\n\t\t\t\t<div class=\"elementor-element elementor-element-bef4495 elementor-widget elementor-widget-image\" data-id=\"bef4495\" data-element_type=\"widget\" data-widget_type=\"image.default\">\n\t\t\t\t<div class=\"elementor-widget-container\">\n\t\t\t\t\t\t\t\t\t\t\t\t\t\t\t<img decoding=\"async\" width=\"800\" height=\"800\" src=\"https:\/\/samon.com\/wp-content\/uploads\/2024\/06\/safety-square-1024x1024.jpg\" class=\"attachment-large size-large wp-image-5982\" alt=\"refrigerant gas detector service\" srcset=\"https:\/\/samon.com\/wp-content\/uploads\/2024\/06\/safety-square-1024x1024.jpg 1024w, https:\/\/samon.com\/wp-content\/uploads\/2024\/06\/safety-square-300x300.jpg 300w, https:\/\/samon.com\/wp-content\/uploads\/2024\/06\/safety-square-150x150.jpg 150w, https:\/\/samon.com\/wp-content\/uploads\/2024\/06\/safety-square-768x768.jpg 768w, https:\/\/samon.com\/wp-content\/uploads\/2024\/06\/safety-square-1536x1536.jpg 1536w, https:\/\/samon.com\/wp-content\/uploads\/2024\/06\/safety-square.jpg 1920w\" sizes=\"(max-width: 800px) 100vw, 800px\" \/>\t\t\t\t\t\t\t\t\t\t\t\t\t\t\t<\/div>\n\t\t\t\t<\/div>\n\t\t<div class=\"elementor-element elementor-element-82405fb e-flex e-con-boxed e-con e-child\" data-id=\"82405fb\" data-element_type=\"container\">\n\t\t\t\t\t<div class=\"e-con-inner\">\n\t\t\t\t<div class=\"elementor-element elementor-element-2c0042a elementor-widget elementor-widget-heading\" data-id=\"2c0042a\" data-element_type=\"widget\" data-widget_type=\"heading.default\">\n\t\t\t\t<div class=\"elementor-widget-container\">\n\t\t\t\t\t<h2 class=\"elementor-heading-title elementor-size-default\">Respect de la r\u00e9glementation  <\/h2>\t\t\t\t<\/div>\n\t\t\t\t<\/div>\n\t\t\t\t<div class=\"elementor-element elementor-element-3c30372 elementor-widget elementor-widget-text-editor\" data-id=\"3c30372\" data-element_type=\"widget\" data-widget_type=\"text-editor.default\">\n\t\t\t\t<div class=\"elementor-widget-container\">\n\t\t\t\t\t\t\t\t\t<p>Il est essentiel de se conformer \u00e0 des r\u00e9glementations telles que le r\u00e8glement sur les gaz fluor\u00e9s (UE 2024\/573) et \u00e0 des normes telles que les normes EN 378:2016 et EN14624:2020. Ces r\u00e9glementations garantissent la protection de l&rsquo;environnement et la s\u00e9curit\u00e9 dans les environnements industriels. <\/p>\n<p>Nos solutions de d\u00e9tection de gaz vous aident \u00e0 respecter ces normes, garantissant ainsi la s\u00e9curit\u00e9 et la conformit\u00e9 de vos op\u00e9rations.<\/p>\n\t\t\t\t\t\t\t\t<\/div>\n\t\t\t\t<\/div>\n\t\t\t\t\t<\/div>\n\t\t\t\t<\/div>\n\t\t\t\t\t<\/div>\n\t\t\t\t<\/div>\n\t\t\t\t\t<\/div>\n\t\t\t\t<\/div>\n\t\t<div class=\"elementor-element elementor-element-97b26ee e-flex e-con-boxed e-con e-parent\" data-id=\"97b26ee\" data-element_type=\"container\">\n\t\t\t\t\t<div class=\"e-con-inner\">\n\t\t<div class=\"elementor-element elementor-element-4f928b9 e-grid e-con-boxed e-con e-child\" data-id=\"4f928b9\" data-element_type=\"container\">\n\t\t\t\t\t<div class=\"e-con-inner\">\n\t\t<div class=\"elementor-element elementor-element-450a03c e-flex e-con-boxed e-con e-child\" data-id=\"450a03c\" data-element_type=\"container\">\n\t\t\t\t\t<div class=\"e-con-inner\">\n\t\t\t\t<div class=\"elementor-element elementor-element-3ea6ef2 elementor-widget elementor-widget-heading\" data-id=\"3ea6ef2\" data-element_type=\"widget\" data-widget_type=\"heading.default\">\n\t\t\t\t<div class=\"elementor-widget-container\">\n\t\t\t\t\t<h2 class=\"elementor-heading-title elementor-size-default\">Service et entretien complets  <\/h2>\t\t\t\t<\/div>\n\t\t\t\t<\/div>\n\t\t\t\t<div class=\"elementor-element elementor-element-888623e elementor-widget elementor-widget-text-editor\" data-id=\"888623e\" data-element_type=\"widget\" data-widget_type=\"text-editor.default\">\n\t\t\t\t<div class=\"elementor-widget-container\">\n\t\t\t\t\t\t\t\t\t<p>Dans le domaine de la r\u00e9frig\u00e9ration industrielle, la protection contre les fuites de gaz r\u00e9frig\u00e9rants est essentielle pour maintenir un environnement s\u00fbr et conforme. Nos syst\u00e8mes avanc\u00e9s de d\u00e9tection des gaz r\u00e9frig\u00e9rants offrent des solutions robustes adapt\u00e9es aux environnements industriels, garantissant une d\u00e9tection rapide des fuites et une protection contre les risques potentiels. <\/p>\n<p>Nos experts sont toujours pr\u00eats \u00e0 vous aider. Un service et une maintenance r\u00e9guliers sont essentiels pour garantir une pr\u00e9cision et une fiabilit\u00e9 continues. Nous proposons des services annuels d&rsquo;\u00e9talonnage et de maintenance, soit directement par SAMON, soit par l&rsquo;interm\u00e9diaire de nos partenaires internationaux, afin que vos syst\u00e8mes fonctionnent au mieux de leurs performances.  <\/p>\n\t\t\t\t\t\t\t\t<\/div>\n\t\t\t\t<\/div>\n\t\t\t\t\t<\/div>\n\t\t\t\t<\/div>\n\t\t\t\t<div class=\"elementor-element elementor-element-eff7da6 elementor-widget elementor-widget-image\" data-id=\"eff7da6\" data-element_type=\"widget\" data-widget_type=\"image.default\">\n\t\t\t\t<div class=\"elementor-widget-container\">\n\t\t\t\t\t\t\t\t\t\t\t\t\t\t\t<img decoding=\"async\" width=\"800\" height=\"800\" src=\"https:\/\/samon.com\/wp-content\/uploads\/2024\/06\/service-square-1024x1024.jpg\" class=\"attachment-large size-large wp-image-6073\" alt=\"refrigerant gas detector maintenance\" srcset=\"https:\/\/samon.com\/wp-content\/uploads\/2024\/06\/service-square-1024x1024.jpg 1024w, https:\/\/samon.com\/wp-content\/uploads\/2024\/06\/service-square-300x300.jpg 300w, https:\/\/samon.com\/wp-content\/uploads\/2024\/06\/service-square-150x150.jpg 150w, https:\/\/samon.com\/wp-content\/uploads\/2024\/06\/service-square-768x768.jpg 768w, https:\/\/samon.com\/wp-content\/uploads\/2024\/06\/service-square-1536x1536.jpg 1536w, https:\/\/samon.com\/wp-content\/uploads\/2024\/06\/service-square.jpg 1920w\" sizes=\"(max-width: 800px) 100vw, 800px\" \/>\t\t\t\t\t\t\t\t\t\t\t\t\t\t\t<\/div>\n\t\t\t\t<\/div>\n\t\t\t\t\t<\/div>\n\t\t\t\t<\/div>\n\t\t\t\t\t<\/div>\n\t\t\t\t<\/div>\n\t\t<div class=\"elementor-element elementor-element-c81b424 e-flex e-con-boxed e-con e-parent\" data-id=\"c81b424\" data-element_type=\"container\">\n\t\t\t\t\t<div class=\"e-con-inner\">\n\t\t<div class=\"elementor-element elementor-element-c689e33 e-grid e-con-boxed e-con e-child\" data-id=\"c689e33\" data-element_type=\"container\">\n\t\t\t\t\t<div class=\"e-con-inner\">\n\t\t\t\t<div class=\"elementor-element elementor-element-db0085a elementor-widget elementor-widget-image\" data-id=\"db0085a\" data-element_type=\"widget\" data-widget_type=\"image.default\">\n\t\t\t\t<div class=\"elementor-widget-container\">\n\t\t\t\t\t\t\t\t\t\t\t\t\t\t\t<img loading=\"lazy\" decoding=\"async\" width=\"800\" height=\"800\" src=\"https:\/\/samon.com\/wp-content\/uploads\/2024\/06\/GLACIAR-X5-MIDI-square-1024x1024.jpg\" class=\"attachment-large size-large wp-image-6074\" alt=\"GLACI\u00c4R MIDI and X5 refrigerant gas detectors\" srcset=\"https:\/\/samon.com\/wp-content\/uploads\/2024\/06\/GLACIAR-X5-MIDI-square-1024x1024.jpg 1024w, https:\/\/samon.com\/wp-content\/uploads\/2024\/06\/GLACIAR-X5-MIDI-square-300x300.jpg 300w, https:\/\/samon.com\/wp-content\/uploads\/2024\/06\/GLACIAR-X5-MIDI-square-150x150.jpg 150w, https:\/\/samon.com\/wp-content\/uploads\/2024\/06\/GLACIAR-X5-MIDI-square-768x768.jpg 768w, https:\/\/samon.com\/wp-content\/uploads\/2024\/06\/GLACIAR-X5-MIDI-square-1536x1536.jpg 1536w, https:\/\/samon.com\/wp-content\/uploads\/2024\/06\/GLACIAR-X5-MIDI-square.jpg 1920w\" sizes=\"(max-width: 800px) 100vw, 800px\" \/>\t\t\t\t\t\t\t\t\t\t\t\t\t\t\t<\/div>\n\t\t\t\t<\/div>\n\t\t<div class=\"elementor-element elementor-element-d91a8d8 e-flex e-con-boxed e-con e-child\" data-id=\"d91a8d8\" data-element_type=\"container\">\n\t\t\t\t\t<div class=\"e-con-inner\">\n\t\t\t\t<div class=\"elementor-element elementor-element-5cd898b elementor-widget elementor-widget-heading\" data-id=\"5cd898b\" data-element_type=\"widget\" data-widget_type=\"heading.default\">\n\t\t\t\t<div class=\"elementor-widget-container\">\n\t\t\t\t\t<h2 class=\"elementor-heading-title elementor-size-default\">Pourquoi choisir nos solutions ?  <\/h2>\t\t\t\t<\/div>\n\t\t\t\t<\/div>\n\t\t\t\t<div class=\"elementor-element elementor-element-9d9d403 elementor-widget elementor-widget-text-editor\" data-id=\"9d9d403\" data-element_type=\"widget\" data-widget_type=\"text-editor.default\">\n\t\t\t\t<div class=\"elementor-widget-container\">\n\t\t\t\t\t\t\t\t\t<ul>\n<li><strong>S\u00e9curit\u00e9 :<\/strong> D\u00e9tection imm\u00e9diate des fuites et alertes pour pr\u00e9venir les risques.<\/li>\n<li><strong>Conformit\u00e9 :<\/strong> Respectez les r\u00e9glementations internationales en mati\u00e8re de s\u00e9curit\u00e9 et d&rsquo;environnement.<\/li>\n<li><strong>Int\u00e9gration :<\/strong> S&rsquo;int\u00e8gre en toute transparence aux syst\u00e8mes de s\u00e9curit\u00e9 et de gestion existants.<\/li>\n<li><strong>Fiabilit\u00e9 :<\/strong> Des syst\u00e8mes durables et fiables adapt\u00e9s aux environnements industriels.\n<\/li>\n<\/ul>\n<p>Investissez dans des syst\u00e8mes robustes de d\u00e9tection des gaz r\u00e9frig\u00e9rants industriels pour prot\u00e9ger vos op\u00e9rations. Contactez-nous d\u00e8s aujourd&rsquo;hui pour en savoir plus sur nos solutions compl\u00e8tes adapt\u00e9es aux besoins sp\u00e9cifiques de votre secteur d&rsquo;activit\u00e9. <\/p>\n\t\t\t\t\t\t\t\t<\/div>\n\t\t\t\t<\/div>\n\t\t\t\t\t<\/div>\n\t\t\t\t<\/div>\n\t\t\t\t\t<\/div>\n\t\t\t\t<\/div>\n\t\t\t\t\t<\/div>\n\t\t\t\t<\/div>\n\t\t<div class=\"elementor-element elementor-element-5c346fe e-flex e-con-boxed e-con e-parent\" data-id=\"5c346fe\" data-element_type=\"container\">\n\t\t\t\t\t<div class=\"e-con-inner\">\n\t\t\t\t<div class=\"elementor-element elementor-element-cda0784 elementor-widget-divider--view-line elementor-widget elementor-widget-divider\" data-id=\"cda0784\" data-element_type=\"widget\" data-widget_type=\"divider.default\">\n\t\t\t\t<div class=\"elementor-widget-container\">\n\t\t\t\t\t\t\t<div class=\"elementor-divider\">\n\t\t\t<span class=\"elementor-divider-separator\">\n\t\t\t\t\t\t<\/span>\n\t\t<\/div>\n\t\t\t\t\t\t<\/div>\n\t\t\t\t<\/div>\n\t\t\t\t\t<\/div>\n\t\t\t\t<\/div>\n\t\t<div class=\"elementor-element elementor-element-5adf8f2 e-grid e-con-boxed e-con e-parent\" data-id=\"5adf8f2\" data-element_type=\"container\">\n\t\t\t\t\t<div class=\"e-con-inner\">\n\t\t\t\t<div class=\"elementor-element elementor-element-7fec3e5 elementor-cta--skin-classic elementor-animated-content elementor-bg-transform elementor-bg-transform-zoom-in elementor-widget elementor-widget-call-to-action\" data-id=\"7fec3e5\" data-element_type=\"widget\" data-widget_type=\"call-to-action.default\">\n\t\t\t\t<div class=\"elementor-widget-container\">\n\t\t\t\t\t\t\t<div class=\"elementor-cta\">\n\t\t\t\t\t<div class=\"elementor-cta__bg-wrapper\">\n\t\t\t\t<div class=\"elementor-cta__bg elementor-bg\" style=\"background-image: url(https:\/\/samon.com\/wp-content\/uploads\/2024\/05\/GLACIAR-MIDI-app-1024x576.jpg);\" role=\"img\" aria-label=\"D\u00e9tecteur de gaz r\u00e9frig\u00e9rant GLACI\u00c4R MIDI avec application\"><\/div>\n\t\t\t\t<div class=\"elementor-cta__bg-overlay\"><\/div>\n\t\t\t<\/div>\n\t\t\t\t\t\t\t<div class=\"elementor-cta__content\">\n\t\t\t\t\n\t\t\t\t\t\t\t\t\t<h2 class=\"elementor-cta__title elementor-cta__content-item elementor-content-item\">\n\t\t\t\t\t\tGLACI\u00c4R MIDI\t\t\t\t\t<\/h2>\n\t\t\t\t\n\t\t\t\t\t\t\t\t\t<div class=\"elementor-cta__description elementor-cta__content-item elementor-content-item\">\n\t\t\t\t\t\t<p>D\u00e9tecteur de gaz r\u00e9frig\u00e9rant prim\u00e9 et phare pour les applications commerciales et industrielles.<\/p>\n\t\t\t\t\t<\/div>\n\t\t\t\t\n\t\t\t\t\t\t\t\t\t<div class=\"elementor-cta__button-wrapper elementor-cta__content-item elementor-content-item \">\n\t\t\t\t\t<a class=\"elementor-cta__button elementor-button elementor-size-\" href=\"https:\/\/samon.com\/fr\/applications-fr\/detection-des-gaz-refrigerants-dans-les-entreprises\/glaciar-midi\/\">\n\t\t\t\t\t\tCliquez ici\t\t\t\t\t<\/a>\n\t\t\t\t\t<\/div>\n\t\t\t\t\t\t\t<\/div>\n\t\t\t\t\t\t<\/div>\n\t\t\t\t\t\t<\/div>\n\t\t\t\t<\/div>\n\t\t\t\t<div class=\"elementor-element elementor-element-83341b6 elementor-cta--skin-classic elementor-animated-content elementor-bg-transform elementor-bg-transform-zoom-in elementor-widget elementor-widget-call-to-action\" data-id=\"83341b6\" data-element_type=\"widget\" data-widget_type=\"call-to-action.default\">\n\t\t\t\t<div class=\"elementor-widget-container\">\n\t\t\t\t\t\t\t<div class=\"elementor-cta\">\n\t\t\t\t\t<div class=\"elementor-cta__bg-wrapper\">\n\t\t\t\t<div class=\"elementor-cta__bg elementor-bg\" style=\"background-image: url(https:\/\/samon.com\/wp-content\/uploads\/2024\/06\/Glaciar-x5-3-1024x684.jpg);\" role=\"img\" aria-label=\"D\u00e9tecteurs de gaz r\u00e9frig\u00e9rant GLACI\u00c4R X5\"><\/div>\n\t\t\t\t<div class=\"elementor-cta__bg-overlay\"><\/div>\n\t\t\t<\/div>\n\t\t\t\t\t\t\t<div class=\"elementor-cta__content\">\n\t\t\t\t\n\t\t\t\t\t\t\t\t\t<h2 class=\"elementor-cta__title elementor-cta__content-item elementor-content-item\">\n\t\t\t\t\t\tGLACI\u00c4R X5\t\t\t\t\t<\/h2>\n\t\t\t\t\n\t\t\t\t\t\t\t\t\t<div class=\"elementor-cta__description elementor-cta__content-item elementor-content-item\">\n\t\t\t\t\t\t<p>Capteur ionique NH3 r\u00e9volutionnaire avec une dur\u00e9e de vie de 5 ans. Options de capteur simple ou double. <\/p>\n\t\t\t\t\t<\/div>\n\t\t\t\t\n\t\t\t\t\t\t\t\t\t<div class=\"elementor-cta__button-wrapper elementor-cta__content-item elementor-content-item \">\n\t\t\t\t\t<a class=\"elementor-cta__button elementor-button elementor-size-\" href=\"https:\/\/samon.com\/fr\/applications-fr\/detection-des-gaz-refrigerants-dans-les-entreprises\/glaciar-midi\/\">\n\t\t\t\t\t\tCliquez ici\t\t\t\t\t<\/a>\n\t\t\t\t\t<\/div>\n\t\t\t\t\t\t\t<\/div>\n\t\t\t\t\t\t<\/div>\n\t\t\t\t\t\t<\/div>\n\t\t\t\t<\/div>\n\t\t\t\t<div class=\"elementor-element elementor-element-64c9431 elementor-cta--skin-classic elementor-animated-content elementor-bg-transform elementor-bg-transform-zoom-in elementor-widget elementor-widget-call-to-action\" data-id=\"64c9431\" data-element_type=\"widget\" data-widget_type=\"call-to-action.default\">\n\t\t\t\t<div class=\"elementor-widget-container\">\n\t\t\t\t\t\t\t<div class=\"elementor-cta\">\n\t\t\t\t\t<div class=\"elementor-cta__bg-wrapper\">\n\t\t\t\t<div class=\"elementor-cta__bg elementor-bg\" style=\"background-image: url(https:\/\/samon.com\/wp-content\/uploads\/2024\/06\/TR-Series-1-1024x683.jpg);\" role=\"img\" aria-label=\"TR series refrigerant gas detectors\"><\/div>\n\t\t\t\t<div class=\"elementor-cta__bg-overlay\"><\/div>\n\t\t\t<\/div>\n\t\t\t\t\t\t\t<div class=\"elementor-cta__content\">\n\t\t\t\t\n\t\t\t\t\t\t\t\t\t<h2 class=\"elementor-cta__title elementor-cta__content-item elementor-content-item\">\n\t\t\t\t\t\tS\u00e9rie TR\t\t\t\t\t<\/h2>\n\t\t\t\t\n\t\t\t\t\t\t\t\t\t<div class=\"elementor-cta__description elementor-cta__content-item elementor-content-item\">\n\t\t\t\t\t\t<p>Les transmetteurs d\u00e9tecteurs de gaz de la s\u00e9rie TR sont con\u00e7us de mani\u00e8re robuste pour \u00eatre utilis\u00e9s dans des environnements difficiles, offrant une d\u00e9tection de gaz simple et fiable pour les applications industrielles de r\u00e9frig\u00e9ration.<\/p>\n\t\t\t\t\t<\/div>\n\t\t\t\t\n\t\t\t\t\t\t\t\t\t<div class=\"elementor-cta__button-wrapper elementor-cta__content-item elementor-content-item \">\n\t\t\t\t\t<a class=\"elementor-cta__button elementor-button elementor-size-\" href=\"https:\/\/samon.com\/fr\/applications-fr\/detection-des-gaz-refrigerants-dans-les-entreprises\/glaciar-midi\/\">\n\t\t\t\t\t\tCliquez ici\t\t\t\t\t<\/a>\n\t\t\t\t\t<\/div>\n\t\t\t\t\t\t\t<\/div>\n\t\t\t\t\t\t<\/div>\n\t\t\t\t\t\t<\/div>\n\t\t\t\t<\/div>\n\t\t\t\t\t<\/div>\n\t\t\t\t<\/div>\n\t\t\t\t<\/div>\n\t\t","protected":false},"excerpt":{"rendered":"<p>R\u00e9frig\u00e9ration industrielle R\u00e9frig\u00e9ration industrielle Dans le domaine de la r\u00e9frig\u00e9ration industrielle, la protection contre les fuites de gaz r\u00e9frig\u00e9rants est essentielle pour maintenir un environnement s\u00fbr et conforme. Nos syst\u00e8mes avanc\u00e9s de d\u00e9tection des gaz r\u00e9frig\u00e9rants offrent des solutions robustes adapt\u00e9es aux environnements industriels, garantissant une d\u00e9tection rapide des fuites et une protection contre les [&hellip;]<\/p>\n","protected":false},"author":1,"featured_media":0,"parent":0,"menu_order":0,"comment_status":"closed","ping_status":"closed","template":"","meta":{"_monsterinsights_skip_tracking":false,"_monsterinsights_sitenote_active":false,"_monsterinsights_sitenote_note":"","_monsterinsights_sitenote_category":0,"footnotes":""},"class_list":["post-11962","page","type-page","status-publish","hentry"],"aioseo_notices":[],"_links":{"self":[{"href":"https:\/\/samon.com\/fr\/wp-json\/wp\/v2\/pages\/11962","targetHints":{"allow":["GET"]}}],"collection":[{"href":"https:\/\/samon.com\/fr\/wp-json\/wp\/v2\/pages"}],"about":[{"href":"https:\/\/samon.com\/fr\/wp-json\/wp\/v2\/types\/page"}],"author":[{"embeddable":true,"href":"https:\/\/samon.com\/fr\/wp-json\/wp\/v2\/users\/1"}],"replies":[{"embeddable":true,"href":"https:\/\/samon.com\/fr\/wp-json\/wp\/v2\/comments?post=11962"}],"version-history":[{"count":4,"href":"https:\/\/samon.com\/fr\/wp-json\/wp\/v2\/pages\/11962\/revisions"}],"predecessor-version":[{"id":14245,"href":"https:\/\/samon.com\/fr\/wp-json\/wp\/v2\/pages\/11962\/revisions\/14245"}],"wp:attachment":[{"href":"https:\/\/samon.com\/fr\/wp-json\/wp\/v2\/media?parent=11962"}],"curies":[{"name":"wp","href":"https:\/\/api.w.org\/{rel}","templated":true}]}}