{"id":11949,"date":"2024-06-07T11:27:31","date_gmt":"2024-06-07T09:27:31","guid":{"rendered":"https:\/\/samon.com\/parking-garage-detection-de-gaz\/"},"modified":"2024-12-16T16:52:18","modified_gmt":"2024-12-16T15:52:18","slug":"parking-garage-detection-de-gaz","status":"publish","type":"page","link":"https:\/\/samon.com\/fr\/parking-garage-detection-de-gaz\/","title":{"rendered":"Parking"},"content":{"rendered":"\t\t<div data-elementor-type=\"wp-page\" data-elementor-id=\"11949\" class=\"elementor elementor-11949 elementor-6089\" data-elementor-post-type=\"page\">\n\t\t\t\t<div class=\"elementor-element elementor-element-027eb22 e-con-full e-flex e-con e-parent\" data-id=\"027eb22\" data-element_type=\"container\">\n\t\t\t\t<div class=\"elementor-element elementor-element-e316d3e elementor--h-position-center elementor--v-position-middle elementor-arrows-position-inside elementor-pagination-position-inside elementor-widget elementor-widget-slides\" data-id=\"e316d3e\" data-element_type=\"widget\" data-settings=\"{&quot;navigation&quot;:&quot;both&quot;,&quot;autoplay&quot;:&quot;yes&quot;,&quot;pause_on_hover&quot;:&quot;yes&quot;,&quot;pause_on_interaction&quot;:&quot;yes&quot;,&quot;autoplay_speed&quot;:5000,&quot;infinite&quot;:&quot;yes&quot;,&quot;transition&quot;:&quot;slide&quot;,&quot;transition_speed&quot;:500}\" data-widget_type=\"slides.default\">\n\t\t\t\t<div class=\"elementor-widget-container\">\n\t\t\t\t\t\t\t\t\t<div class=\"elementor-swiper\">\n\t\t\t\t\t<div class=\"elementor-slides-wrapper elementor-main-swiper swiper\" role=\"region\" aria-roledescription=\"carousel\" aria-label=\"Diapositives\" dir=\"ltr\" data-animation=\"fadeInUp\">\n\t\t\t\t<div class=\"swiper-wrapper elementor-slides\">\n\t\t\t\t\t\t\t\t\t\t<div class=\"elementor-repeater-item-4665ef6 swiper-slide\" role=\"group\" aria-roledescription=\"slide\"><div class=\"swiper-slide-bg elementor-ken-burns elementor-ken-burns--in\" role=\"img\" aria-label=\"Parking garage\"><\/div><div class=\"swiper-slide-inner\" ><div class=\"swiper-slide-contents\"><div class=\"elementor-slide-heading\">Parking<\/div><\/div><\/div><\/div>\t\t\t\t<\/div>\n\t\t\t\t\t\t\t<\/div>\n\t\t\t\t<\/div>\n\t\t\t\t\t\t\t\t<\/div>\n\t\t\t\t<\/div>\n\t\t\t\t<\/div>\n\t\t<div class=\"elementor-element elementor-element-b058bb2 e-flex e-con-boxed e-con e-parent\" data-id=\"b058bb2\" data-element_type=\"container\">\n\t\t\t\t\t<div class=\"e-con-inner\">\n\t\t\t\t<div class=\"elementor-element elementor-element-3f0244e elementor-widget elementor-widget-heading\" data-id=\"3f0244e\" data-element_type=\"widget\" data-widget_type=\"heading.default\">\n\t\t\t\t<div class=\"elementor-widget-container\">\n\t\t\t\t\t<h2 class=\"elementor-heading-title elementor-size-default\">D\u00e9tection des gaz toxiques dans les parkings<\/h2>\t\t\t\t<\/div>\n\t\t\t\t<\/div>\n\t\t\t\t<div class=\"elementor-element elementor-element-192fcf7 elementor-widget elementor-widget-text-editor\" data-id=\"192fcf7\" data-element_type=\"widget\" data-widget_type=\"text-editor.default\">\n\t\t\t\t<div class=\"elementor-widget-container\">\n\t\t\t\t\t\t\t\t\t<p>Les d\u00e9tecteurs de gaz dans les parkings jouent un r\u00f4le crucial dans la s\u00e9curit\u00e9 des v\u00e9hicules et des personnes. Ces d\u00e9tecteurs sont essentiels pour surveiller et identifier les gaz nocifs tels que le monoxyde de carbone (CO) et le dioxyde d&rsquo;azote (NO2), qui peuvent s&rsquo;accumuler en raison des gaz d&rsquo;\u00e9chappement des v\u00e9hicules. <\/p>\n\t\t\t\t\t\t\t\t<\/div>\n\t\t\t\t<\/div>\n\t\t\t\t\t<\/div>\n\t\t\t\t<\/div>\n\t\t<div class=\"elementor-element elementor-element-7986ee4 e-flex e-con-boxed e-con e-parent\" data-id=\"7986ee4\" data-element_type=\"container\">\n\t\t\t\t\t<div class=\"e-con-inner\">\n\t\t<div class=\"elementor-element elementor-element-96ad1e9 e-grid e-con-boxed e-con e-child\" data-id=\"96ad1e9\" data-element_type=\"container\">\n\t\t\t\t\t<div class=\"e-con-inner\">\n\t\t<div class=\"elementor-element elementor-element-39a88a1 e-flex e-con-boxed e-con e-child\" data-id=\"39a88a1\" data-element_type=\"container\">\n\t\t\t\t\t<div class=\"e-con-inner\">\n\t\t\t\t<div class=\"elementor-element elementor-element-f72442b elementor-widget elementor-widget-heading\" data-id=\"f72442b\" data-element_type=\"widget\" data-widget_type=\"heading.default\">\n\t\t\t\t<div class=\"elementor-widget-container\">\n\t\t\t\t\t<h2 class=\"elementor-heading-title elementor-size-default\">La s\u00e9curit\u00e9 avant tout<\/h2>\t\t\t\t<\/div>\n\t\t\t\t<\/div>\n\t\t\t\t<div class=\"elementor-element elementor-element-44514f1 elementor-widget elementor-widget-text-editor\" data-id=\"44514f1\" data-element_type=\"widget\" data-widget_type=\"text-editor.default\">\n\t\t\t\t<div class=\"elementor-widget-container\">\n\t\t\t\t\t\t\t\t\t<p class=\"p1\">Des d\u00e9tecteurs de gaz sont disponibles pour activer la ventilation \u00e0 la demande dans les parkings, les tunnels ou d&rsquo;autres espaces occup\u00e9s. Il s&rsquo;agit g\u00e9n\u00e9ralement de mesurer la concentration de monoxyde de carbone (CO) produit par les v\u00e9hicules \u00e0 essence ou de dioxyde d&rsquo;azote (NO\u2082) produit par les v\u00e9hicules \u00e0 moteur diesel ou \u00e0 gaz. <\/p>\n<p class=\"p1\">Le CO et le NO\u2082 sont g\u00e9n\u00e9ralement mesur\u00e9s \u00e0 l&rsquo;aide de capteurs \u00e9lectrochimiques.<\/p>\n<p class=\"p1\">Cette technologie pr\u00e9sente un certain nombre d&rsquo;avantages pour les applications dans les parkings.<\/p>\n\t\t\t\t\t\t\t\t<\/div>\n\t\t\t\t<\/div>\n\t\t\t\t\t<\/div>\n\t\t\t\t<\/div>\n\t\t\t\t<div class=\"elementor-element elementor-element-31ca1f0 elementor-widget elementor-widget-image\" data-id=\"31ca1f0\" data-element_type=\"widget\" data-widget_type=\"image.default\">\n\t\t\t\t<div class=\"elementor-widget-container\">\n\t\t\t\t\t\t\t\t\t\t\t\t\t\t\t<img fetchpriority=\"high\" decoding=\"async\" width=\"800\" height=\"800\" src=\"https:\/\/samon.com\/wp-content\/uploads\/2024\/06\/parking-square-1024x1024.jpg\" class=\"attachment-large size-large wp-image-11950\" alt=\"\" srcset=\"https:\/\/samon.com\/wp-content\/uploads\/2024\/06\/parking-square-1024x1024.jpg 1024w, https:\/\/samon.com\/wp-content\/uploads\/2024\/06\/parking-square-300x300.jpg 300w, https:\/\/samon.com\/wp-content\/uploads\/2024\/06\/parking-square-150x150.jpg 150w, https:\/\/samon.com\/wp-content\/uploads\/2024\/06\/parking-square-768x768.jpg 768w, https:\/\/samon.com\/wp-content\/uploads\/2024\/06\/parking-square-1536x1536.jpg 1536w, https:\/\/samon.com\/wp-content\/uploads\/2024\/06\/parking-square.jpg 1920w\" sizes=\"(max-width: 800px) 100vw, 800px\" \/>\t\t\t\t\t\t\t\t\t\t\t\t\t\t\t<\/div>\n\t\t\t\t<\/div>\n\t\t\t\t\t<\/div>\n\t\t\t\t<\/div>\n\t\t\t\t\t<\/div>\n\t\t\t\t<\/div>\n\t\t<div class=\"elementor-element elementor-element-a7abaa1 e-flex e-con-boxed e-con e-parent\" data-id=\"a7abaa1\" data-element_type=\"container\">\n\t\t\t\t\t<div class=\"e-con-inner\">\n\t\t<div class=\"elementor-element elementor-element-fb17c8f e-grid e-con-boxed e-con e-child\" data-id=\"fb17c8f\" data-element_type=\"container\">\n\t\t\t\t\t<div class=\"e-con-inner\">\n\t\t\t\t<div class=\"elementor-element elementor-element-bef4495 elementor-widget elementor-widget-image\" data-id=\"bef4495\" data-element_type=\"widget\" data-widget_type=\"image.default\">\n\t\t\t\t<div class=\"elementor-widget-container\">\n\t\t\t\t\t\t\t\t\t\t\t\t\t\t\t<img decoding=\"async\" width=\"800\" height=\"800\" src=\"https:\/\/samon.com\/wp-content\/uploads\/2024\/06\/parking-arrow-1024x1024.jpg\" class=\"attachment-large size-large wp-image-11951\" alt=\"\" srcset=\"https:\/\/samon.com\/wp-content\/uploads\/2024\/06\/parking-arrow-1024x1024.jpg 1024w, https:\/\/samon.com\/wp-content\/uploads\/2024\/06\/parking-arrow-300x300.jpg 300w, https:\/\/samon.com\/wp-content\/uploads\/2024\/06\/parking-arrow-150x150.jpg 150w, https:\/\/samon.com\/wp-content\/uploads\/2024\/06\/parking-arrow-768x768.jpg 768w, https:\/\/samon.com\/wp-content\/uploads\/2024\/06\/parking-arrow-1536x1536.jpg 1536w, https:\/\/samon.com\/wp-content\/uploads\/2024\/06\/parking-arrow.jpg 1920w\" sizes=\"(max-width: 800px) 100vw, 800px\" \/>\t\t\t\t\t\t\t\t\t\t\t\t\t\t\t<\/div>\n\t\t\t\t<\/div>\n\t\t<div class=\"elementor-element elementor-element-82405fb e-flex e-con-boxed e-con e-child\" data-id=\"82405fb\" data-element_type=\"container\">\n\t\t\t\t\t<div class=\"e-con-inner\">\n\t\t\t\t<div class=\"elementor-element elementor-element-2c0042a elementor-widget elementor-widget-heading\" data-id=\"2c0042a\" data-element_type=\"widget\" data-widget_type=\"heading.default\">\n\t\t\t\t<div class=\"elementor-widget-container\">\n\t\t\t\t\t<h2 class=\"elementor-heading-title elementor-size-default\">Fiabilit\u00e9 in\u00e9gal\u00e9e <\/h2>\t\t\t\t<\/div>\n\t\t\t\t<\/div>\n\t\t\t\t<div class=\"elementor-element elementor-element-3c30372 elementor-widget elementor-widget-text-editor\" data-id=\"3c30372\" data-element_type=\"widget\" data-widget_type=\"text-editor.default\">\n\t\t\t\t<div class=\"elementor-widget-container\">\n\t\t\t\t\t\t\t\t\t<p class=\"p1\">Les capteurs \u00e9lectrochimiques ont une dur\u00e9e de vie limit\u00e9e et doivent g\u00e9n\u00e9ralement \u00eatre remplac\u00e9s tous les 2 ou 3 ans.<\/p>\n<p class=\"p1\">Les d\u00e9tecteurs de COV (compos\u00e9s organiques volatils) sont des capteurs de qualit\u00e9 de l&rsquo;air pour les environnements de garage, qui d\u00e9tectent les \u00e9missions et autres polluants qui peuvent se former dans un garage. Par exemple, le monoxyde de carbone (CO) et les hydrocarbures imbr\u00fbl\u00e9s (HC). <\/p>\n<p class=\"p1\">Les COV peuvent \u00eatre d\u00e9tect\u00e9s \u00e0 l&rsquo;aide de capteurs \u00e0 semi-conducteurs. Les capteurs \u00e0 semi-conducteur et \u00e0 oxyde m\u00e9tallique pr\u00e9sentent un certain nombre d&rsquo;avantages. <\/p>\n<p class=\"p1\">Les capteurs \u00e0 semi-conducteurs peuvent pr\u00e9senter une sensibilit\u00e9 crois\u00e9e avec d&rsquo;autres gaz r\u00e9ducteurs et polluants ; il convient donc d&rsquo;en tenir compte lors du choix du lieu d&rsquo;installation.<\/p>\n\t\t\t\t\t\t\t\t<\/div>\n\t\t\t\t<\/div>\n\t\t\t\t\t<\/div>\n\t\t\t\t<\/div>\n\t\t\t\t\t<\/div>\n\t\t\t\t<\/div>\n\t\t\t\t\t<\/div>\n\t\t\t\t<\/div>\n\t\t<div class=\"elementor-element elementor-element-97b26ee e-flex e-con-boxed e-con e-parent\" data-id=\"97b26ee\" data-element_type=\"container\">\n\t\t\t\t\t<div class=\"e-con-inner\">\n\t\t<div class=\"elementor-element elementor-element-4f928b9 e-grid e-con-boxed e-con e-child\" data-id=\"4f928b9\" data-element_type=\"container\">\n\t\t\t\t\t<div class=\"e-con-inner\">\n\t\t<div class=\"elementor-element elementor-element-450a03c e-flex e-con-boxed e-con e-child\" data-id=\"450a03c\" data-element_type=\"container\">\n\t\t\t\t\t<div class=\"e-con-inner\">\n\t\t\t\t<div class=\"elementor-element elementor-element-3ea6ef2 elementor-widget elementor-widget-heading\" data-id=\"3ea6ef2\" data-element_type=\"widget\" data-widget_type=\"heading.default\">\n\t\t\t\t<div class=\"elementor-widget-container\">\n\t\t\t\t\t<h2 class=\"elementor-heading-title elementor-size-default\">Avantages de nos solutions<\/h2>\t\t\t\t<\/div>\n\t\t\t\t<\/div>\n\t\t\t\t<div class=\"elementor-element elementor-element-888623e elementor-widget elementor-widget-text-editor\" data-id=\"888623e\" data-element_type=\"widget\" data-widget_type=\"text-editor.default\">\n\t\t\t\t<div class=\"elementor-widget-container\">\n\t\t\t\t\t\t\t\t\t<p class=\"p1\"><strong>Capteurs \u00e9lectrochimiques<\/strong><\/p>\n<p><span class=\"s2\">Haute s\u00e9lectivit\u00e9<span class=\"Apple-converted-space\"> <\/p>\n<p><\/span><\/span>-Interf\u00e9rence crois\u00e9e minimale<span class=\"s3\"> <\/p>\n<p><\/span>Haute stabilit\u00e9<\/p>\n<p>-Haute pr\u00e9cision<\/p>\n<p class=\"p1\"><strong>Capteurs \u00e0 semi-conducteurs<\/strong><\/p>\n<p><span class=\"s2\">Rentabilit\u00e9<span class=\"Apple-converted-space\"> <\/p>\n<p><\/span><\/span>&#8211; Dur\u00e9e de vie relativement longue<span class=\"s3\"> (~5 ans)<span class=\"Apple-converted-space\"> <\/p>\n<p><\/span><\/span>&#8211; Faibles co\u00fbts de maintenance<\/p>\n\t\t\t\t\t\t\t\t<\/div>\n\t\t\t\t<\/div>\n\t\t\t\t\t<\/div>\n\t\t\t\t<\/div>\n\t\t\t\t<div class=\"elementor-element elementor-element-eff7da6 elementor-widget elementor-widget-image\" data-id=\"eff7da6\" data-element_type=\"widget\" data-widget_type=\"image.default\">\n\t\t\t\t<div class=\"elementor-widget-container\">\n\t\t\t\t\t\t\t\t\t\t\t\t\t\t\t<img decoding=\"async\" width=\"800\" height=\"800\" src=\"https:\/\/samon.com\/wp-content\/uploads\/2024\/06\/parking-sign-square-1024x1024.jpg\" class=\"attachment-large size-large wp-image-11952\" alt=\"\" srcset=\"https:\/\/samon.com\/wp-content\/uploads\/2024\/06\/parking-sign-square-1024x1024.jpg 1024w, https:\/\/samon.com\/wp-content\/uploads\/2024\/06\/parking-sign-square-300x300.jpg 300w, https:\/\/samon.com\/wp-content\/uploads\/2024\/06\/parking-sign-square-150x150.jpg 150w, https:\/\/samon.com\/wp-content\/uploads\/2024\/06\/parking-sign-square-768x768.jpg 768w, https:\/\/samon.com\/wp-content\/uploads\/2024\/06\/parking-sign-square-1536x1536.jpg 1536w, https:\/\/samon.com\/wp-content\/uploads\/2024\/06\/parking-sign-square.jpg 1920w\" sizes=\"(max-width: 800px) 100vw, 800px\" \/>\t\t\t\t\t\t\t\t\t\t\t\t\t\t\t<\/div>\n\t\t\t\t<\/div>\n\t\t\t\t\t<\/div>\n\t\t\t\t<\/div>\n\t\t\t\t\t<\/div>\n\t\t\t\t<\/div>\n\t\t\t\t<\/div>\n\t\t","protected":false},"excerpt":{"rendered":"<p>Parking D\u00e9tection des gaz toxiques dans les parkings Les d\u00e9tecteurs de gaz dans les parkings jouent un r\u00f4le crucial dans la s\u00e9curit\u00e9 des v\u00e9hicules et des personnes. Ces d\u00e9tecteurs sont essentiels pour surveiller et identifier les gaz nocifs tels que le monoxyde de carbone (CO) et le dioxyde d&rsquo;azote (NO2), qui peuvent s&rsquo;accumuler en raison [&hellip;]<\/p>\n","protected":false},"author":1,"featured_media":0,"parent":0,"menu_order":0,"comment_status":"closed","ping_status":"closed","template":"","meta":{"_monsterinsights_skip_tracking":false,"_monsterinsights_sitenote_active":false,"_monsterinsights_sitenote_note":"","_monsterinsights_sitenote_category":0,"footnotes":""},"class_list":["post-11949","page","type-page","status-publish","hentry"],"aioseo_notices":[],"_links":{"self":[{"href":"https:\/\/samon.com\/fr\/wp-json\/wp\/v2\/pages\/11949","targetHints":{"allow":["GET"]}}],"collection":[{"href":"https:\/\/samon.com\/fr\/wp-json\/wp\/v2\/pages"}],"about":[{"href":"https:\/\/samon.com\/fr\/wp-json\/wp\/v2\/types\/page"}],"author":[{"embeddable":true,"href":"https:\/\/samon.com\/fr\/wp-json\/wp\/v2\/users\/1"}],"replies":[{"embeddable":true,"href":"https:\/\/samon.com\/fr\/wp-json\/wp\/v2\/comments?post=11949"}],"version-history":[{"count":3,"href":"https:\/\/samon.com\/fr\/wp-json\/wp\/v2\/pages\/11949\/revisions"}],"predecessor-version":[{"id":14238,"href":"https:\/\/samon.com\/fr\/wp-json\/wp\/v2\/pages\/11949\/revisions\/14238"}],"wp:attachment":[{"href":"https:\/\/samon.com\/fr\/wp-json\/wp\/v2\/media?parent=11949"}],"curies":[{"name":"wp","href":"https:\/\/api.w.org\/{rel}","templated":true}]}}