{"id":11943,"date":"2024-06-13T08:39:03","date_gmt":"2024-06-13T06:39:03","guid":{"rendered":"https:\/\/samon.com\/appareils-de-refrigeration-commerciale-et-vitrines-dexposition\/"},"modified":"2024-12-16T16:04:50","modified_gmt":"2024-12-16T15:04:50","slug":"appareils-de-refrigeration-commerciale-et-vitrines-dexposition","status":"publish","type":"page","link":"https:\/\/samon.com\/fr\/appareils-de-refrigeration-commerciale-et-vitrines-dexposition\/","title":{"rendered":"R\u00e9frig\u00e9rateurs commerciaux et vitrines r\u00e9frig\u00e9r\u00e9es"},"content":{"rendered":"\t\t<div data-elementor-type=\"wp-page\" data-elementor-id=\"11943\" class=\"elementor elementor-11943 elementor-6599\" data-elementor-post-type=\"page\">\n\t\t\t\t<div class=\"elementor-element elementor-element-027eb22 e-con-full e-flex e-con e-parent\" data-id=\"027eb22\" data-element_type=\"container\">\n\t\t\t\t<div class=\"elementor-element elementor-element-e316d3e elementor--h-position-center elementor--v-position-middle elementor-arrows-position-inside elementor-pagination-position-inside elementor-widget elementor-widget-slides\" data-id=\"e316d3e\" data-element_type=\"widget\" data-settings=\"{&quot;navigation&quot;:&quot;both&quot;,&quot;autoplay&quot;:&quot;yes&quot;,&quot;pause_on_hover&quot;:&quot;yes&quot;,&quot;pause_on_interaction&quot;:&quot;yes&quot;,&quot;autoplay_speed&quot;:5000,&quot;infinite&quot;:&quot;yes&quot;,&quot;transition&quot;:&quot;slide&quot;,&quot;transition_speed&quot;:500}\" data-widget_type=\"slides.default\">\n\t\t\t\t<div class=\"elementor-widget-container\">\n\t\t\t\t\t\t\t\t\t<div class=\"elementor-swiper\">\n\t\t\t\t\t<div class=\"elementor-slides-wrapper elementor-main-swiper swiper\" role=\"region\" aria-roledescription=\"carousel\" aria-label=\"Diapositives\" dir=\"ltr\" data-animation=\"fadeInUp\">\n\t\t\t\t<div class=\"swiper-wrapper elementor-slides\">\n\t\t\t\t\t\t\t\t\t\t<div class=\"elementor-repeater-item-4665ef6 swiper-slide\" role=\"group\" aria-roledescription=\"slide\"><div class=\"swiper-slide-bg elementor-ken-burns elementor-ken-burns--in\" role=\"img\" aria-label=\"hero-display-icecream\"><\/div><div class=\"swiper-slide-inner\" ><div class=\"swiper-slide-contents\"><div class=\"elementor-slide-heading\">R\u00e9frig\u00e9rateurs commerciaux et vitrines r\u00e9frig\u00e9r\u00e9es<\/div><\/div><\/div><\/div>\t\t\t\t<\/div>\n\t\t\t\t\t\t\t<\/div>\n\t\t\t\t<\/div>\n\t\t\t\t\t\t\t\t<\/div>\n\t\t\t\t<\/div>\n\t\t\t\t<\/div>\n\t\t<div class=\"elementor-element elementor-element-b058bb2 e-flex e-con-boxed e-con e-parent\" data-id=\"b058bb2\" data-element_type=\"container\">\n\t\t\t\t\t<div class=\"e-con-inner\">\n\t\t\t\t<div class=\"elementor-element elementor-element-3f0244e elementor-widget elementor-widget-heading\" data-id=\"3f0244e\" data-element_type=\"widget\" data-widget_type=\"heading.default\">\n\t\t\t\t<div class=\"elementor-widget-container\">\n\t\t\t\t\t<h2 class=\"elementor-heading-title elementor-size-default\">L'importance de la d\u00e9tection des gaz r\u00e9frig\u00e9rants dans les r\u00e9frig\u00e9rateurs commerciaux et vitrines r\u00e9frig\u00e9r\u00e9es<\/h2>\t\t\t\t<\/div>\n\t\t\t\t<\/div>\n\t\t\t\t<div class=\"elementor-element elementor-element-192fcf7 elementor-widget elementor-widget-text-editor\" data-id=\"192fcf7\" data-element_type=\"widget\" data-widget_type=\"text-editor.default\">\n\t\t\t\t<div class=\"elementor-widget-container\">\n\t\t\t\t\t\t\t\t\t<p>Dans le monde d&rsquo;aujourd&rsquo;hui, on ne saurait trop insister sur l&rsquo;importance de maintenir des syst\u00e8mes de r\u00e9frig\u00e9ration s\u00fbrs, efficaces et respectueux de l&rsquo;environnement. Pour les pompes \u00e0 chaleur et les vitrines, il est essentiel de mettre en place des syst\u00e8mes robustes de d\u00e9tection des gaz r\u00e9frig\u00e9rants. Ces syst\u00e8mes permettent de d\u00e9tecter les fuites de gaz \u00e0 faible potentiel de r\u00e9chauffement plan\u00e9taire (PRP), qui sont de plus en plus r\u00e9pandus en raison de leur impact r\u00e9duit sur l&rsquo;environnement par rapport aux r\u00e9frig\u00e9rants traditionnels.  <\/p>\n\t\t\t\t\t\t\t\t<\/div>\n\t\t\t\t<\/div>\n\t\t\t\t\t<\/div>\n\t\t\t\t<\/div>\n\t\t<div class=\"elementor-element elementor-element-7986ee4 e-flex e-con-boxed e-con e-parent\" data-id=\"7986ee4\" data-element_type=\"container\">\n\t\t\t\t\t<div class=\"e-con-inner\">\n\t\t<div class=\"elementor-element elementor-element-96ad1e9 e-grid e-con-boxed e-con e-child\" data-id=\"96ad1e9\" data-element_type=\"container\">\n\t\t\t\t\t<div class=\"e-con-inner\">\n\t\t<div class=\"elementor-element elementor-element-39a88a1 e-flex e-con-boxed e-con e-child\" data-id=\"39a88a1\" data-element_type=\"container\">\n\t\t\t\t\t<div class=\"e-con-inner\">\n\t\t\t\t<div class=\"elementor-element elementor-element-f72442b elementor-widget elementor-widget-heading\" data-id=\"f72442b\" data-element_type=\"widget\" data-widget_type=\"heading.default\">\n\t\t\t\t<div class=\"elementor-widget-container\">\n\t\t\t\t\t<h2 class=\"elementor-heading-title elementor-size-default\">Petite taille et peu d'entretien <\/h2>\t\t\t\t<\/div>\n\t\t\t\t<\/div>\n\t\t\t\t<div class=\"elementor-element elementor-element-44514f1 elementor-widget elementor-widget-text-editor\" data-id=\"44514f1\" data-element_type=\"widget\" data-widget_type=\"text-editor.default\">\n\t\t\t\t<div class=\"elementor-widget-container\">\n\t\t\t\t\t\t\t\t\t<p>Les d\u00e9tecteurs de gaz r\u00e9frig\u00e9rants modernes sont con\u00e7us pour \u00eatre compacts et n\u00e9cessiter peu d&rsquo;entretien, ce qui les rend id\u00e9aux pour \u00eatre int\u00e9gr\u00e9s dans les pompes \u00e0 chaleur et les vitrines. Leur petite taille permet de les installer facilement dans des espaces restreints sans compromettre leurs performances. <\/p>\n<p>Les d\u00e9tecteurs de fluide frigorig\u00e8ne int\u00e9gr\u00e9s dans les appareils de r\u00e9frig\u00e9ration commerciale ne n\u00e9cessitent qu&rsquo;une maintenance minimale, avec une dur\u00e9e de vie de plus de 10 ans. Cela r\u00e9duit consid\u00e9rablement le co\u00fbt total de possession et garantit une fiabilit\u00e9 \u00e0 long terme, conform\u00e9ment \u00e0 la norme UL 60335-2-89. <\/p>\n\t\t\t\t\t\t\t\t<\/div>\n\t\t\t\t<\/div>\n\t\t\t\t\t<\/div>\n\t\t\t\t<\/div>\n\t\t\t\t<div class=\"elementor-element elementor-element-31ca1f0 elementor-widget elementor-widget-image\" data-id=\"31ca1f0\" data-element_type=\"widget\" data-widget_type=\"image.default\">\n\t\t\t\t<div class=\"elementor-widget-container\">\n\t\t\t\t\t\t\t\t\t\t\t\t\t\t\t<img fetchpriority=\"high\" decoding=\"async\" width=\"800\" height=\"800\" src=\"https:\/\/samon.com\/wp-content\/uploads\/2024\/06\/micro-square-1024x1024.png\" class=\"attachment-large size-large wp-image-12001\" alt=\"\" srcset=\"https:\/\/samon.com\/wp-content\/uploads\/2024\/06\/micro-square-1024x1024.png 1024w, https:\/\/samon.com\/wp-content\/uploads\/2024\/06\/micro-square-300x300.png 300w, https:\/\/samon.com\/wp-content\/uploads\/2024\/06\/micro-square-150x150.png 150w, https:\/\/samon.com\/wp-content\/uploads\/2024\/06\/micro-square-768x768.png 768w, https:\/\/samon.com\/wp-content\/uploads\/2024\/06\/micro-square-1536x1536.png 1536w, https:\/\/samon.com\/wp-content\/uploads\/2024\/06\/micro-square.png 1920w\" sizes=\"(max-width: 800px) 100vw, 800px\" \/>\t\t\t\t\t\t\t\t\t\t\t\t\t\t\t<\/div>\n\t\t\t\t<\/div>\n\t\t\t\t\t<\/div>\n\t\t\t\t<\/div>\n\t\t\t\t\t<\/div>\n\t\t\t\t<\/div>\n\t\t<div class=\"elementor-element elementor-element-a7abaa1 e-flex e-con-boxed e-con e-parent\" data-id=\"a7abaa1\" data-element_type=\"container\">\n\t\t\t\t\t<div class=\"e-con-inner\">\n\t\t<div class=\"elementor-element elementor-element-fb17c8f e-grid e-con-boxed e-con e-child\" data-id=\"fb17c8f\" data-element_type=\"container\">\n\t\t\t\t\t<div class=\"e-con-inner\">\n\t\t\t\t<div class=\"elementor-element elementor-element-bef4495 elementor-widget elementor-widget-image\" data-id=\"bef4495\" data-element_type=\"widget\" data-widget_type=\"image.default\">\n\t\t\t\t<div class=\"elementor-widget-container\">\n\t\t\t\t\t\t\t\t\t\t\t\t\t\t\t<img decoding=\"async\" width=\"800\" height=\"534\" src=\"https:\/\/samon.com\/wp-content\/uploads\/2024\/05\/hands-earth-globe-1024x683.jpg\" class=\"attachment-large size-large wp-image-11818\" alt=\"\" srcset=\"https:\/\/samon.com\/wp-content\/uploads\/2024\/05\/hands-earth-globe-1024x683.jpg 1024w, https:\/\/samon.com\/wp-content\/uploads\/2024\/05\/hands-earth-globe-300x200.jpg 300w, https:\/\/samon.com\/wp-content\/uploads\/2024\/05\/hands-earth-globe-768x512.jpg 768w, https:\/\/samon.com\/wp-content\/uploads\/2024\/05\/hands-earth-globe.jpg 1200w\" sizes=\"(max-width: 800px) 100vw, 800px\" \/>\t\t\t\t\t\t\t\t\t\t\t\t\t\t\t<\/div>\n\t\t\t\t<\/div>\n\t\t<div class=\"elementor-element elementor-element-82405fb e-flex e-con-boxed e-con e-child\" data-id=\"82405fb\" data-element_type=\"container\">\n\t\t\t\t\t<div class=\"e-con-inner\">\n\t\t\t\t<div class=\"elementor-element elementor-element-2c0042a elementor-widget elementor-widget-heading\" data-id=\"2c0042a\" data-element_type=\"widget\" data-widget_type=\"heading.default\">\n\t\t\t\t<div class=\"elementor-widget-container\">\n\t\t\t\t\t<h2 class=\"elementor-heading-title elementor-size-default\">Avantages pour l'environnement  <\/h2>\t\t\t\t<\/div>\n\t\t\t\t<\/div>\n\t\t\t\t<div class=\"elementor-element elementor-element-3c30372 elementor-widget elementor-widget-text-editor\" data-id=\"3c30372\" data-element_type=\"widget\" data-widget_type=\"text-editor.default\">\n\t\t\t\t<div class=\"elementor-widget-container\">\n\t\t\t\t\t\t\t\t\t<p>L&rsquo;utilisation de r\u00e9frig\u00e9rants \u00e0 faible PRG, tels que les HFO (hydrofluorol\u00e9fines) et le CO2, permet non seulement de r\u00e9duire l&#8217;empreinte carbone, mais aussi de s&rsquo;aligner sur les cadres r\u00e9glementaires mondiaux visant \u00e0 \u00e9liminer progressivement les r\u00e9frig\u00e9rants \u00e0 fort PRG. Le d\u00e9ploiement de syst\u00e8mes de d\u00e9tection de gaz permet d&rsquo;identifier rapidement les fuites et d&rsquo;y rem\u00e9dier, ce qui att\u00e9nue l&rsquo;impact potentiel sur l&rsquo;environnement et permet d&rsquo;adh\u00e9rer \u00e0 des normes telles que le r\u00e8glement de l&rsquo;UE sur les gaz fluor\u00e9s et la loi am\u00e9ricaine AIM. <\/p>\n\t\t\t\t\t\t\t\t<\/div>\n\t\t\t\t<\/div>\n\t\t\t\t\t<\/div>\n\t\t\t\t<\/div>\n\t\t\t\t\t<\/div>\n\t\t\t\t<\/div>\n\t\t\t\t\t<\/div>\n\t\t\t\t<\/div>\n\t\t<div class=\"elementor-element elementor-element-97b26ee e-flex e-con-boxed e-con e-parent\" data-id=\"97b26ee\" data-element_type=\"container\">\n\t\t\t\t\t<div class=\"e-con-inner\">\n\t\t<div class=\"elementor-element elementor-element-4f928b9 e-grid e-con-boxed e-con e-child\" data-id=\"4f928b9\" data-element_type=\"container\">\n\t\t\t\t\t<div class=\"e-con-inner\">\n\t\t<div class=\"elementor-element elementor-element-450a03c e-flex e-con-boxed e-con e-child\" data-id=\"450a03c\" data-element_type=\"container\">\n\t\t\t\t\t<div class=\"e-con-inner\">\n\t\t\t\t<div class=\"elementor-element elementor-element-3ea6ef2 elementor-widget elementor-widget-heading\" data-id=\"3ea6ef2\" data-element_type=\"widget\" data-widget_type=\"heading.default\">\n\t\t\t\t<div class=\"elementor-widget-container\">\n\t\t\t\t\t<h2 class=\"elementor-heading-title elementor-size-default\">S\u00e9curit\u00e9 et conformit\u00e9 renforc\u00e9es<\/h2>\t\t\t\t<\/div>\n\t\t\t\t<\/div>\n\t\t\t\t<div class=\"elementor-element elementor-element-888623e elementor-widget elementor-widget-text-editor\" data-id=\"888623e\" data-element_type=\"widget\" data-widget_type=\"text-editor.default\">\n\t\t\t\t<div class=\"elementor-widget-container\">\n\t\t\t\t\t\t\t\t\t<p>Les d\u00e9tecteurs de gaz r\u00e9frig\u00e9rants doivent \u00eatre int\u00e9gr\u00e9s dans les appareils de r\u00e9frig\u00e9ration commerciale pour garantir la conformit\u00e9 \u00e0 la norme UL 60335-2-89.<\/p>\n<p>Les fuites de gaz frigorig\u00e8nes peuvent pr\u00e9senter des risques importants en mati\u00e8re de s\u00e9curit\u00e9 et d&rsquo;inflammabilit\u00e9.<\/p>\n<p>Les syst\u00e8mes de d\u00e9tection avanc\u00e9s jouent un r\u00f4le essentiel dans la pr\u00e9vention de ces dangers en d\u00e9clenchant des alarmes et en activant les syst\u00e8mes de ventilation d\u00e8s qu&rsquo;une fuite est d\u00e9tect\u00e9e. Cette r\u00e9ponse rapide est vitale pour la protection du personnel et des biens. <\/p>\n\t\t\t\t\t\t\t\t<\/div>\n\t\t\t\t<\/div>\n\t\t\t\t\t<\/div>\n\t\t\t\t<\/div>\n\t\t\t\t<div class=\"elementor-element elementor-element-eff7da6 elementor-widget elementor-widget-image\" data-id=\"eff7da6\" data-element_type=\"widget\" data-widget_type=\"image.default\">\n\t\t\t\t<div class=\"elementor-widget-container\">\n\t\t\t\t\t\t\t\t\t\t\t\t\t\t\t<img decoding=\"async\" width=\"800\" height=\"534\" src=\"https:\/\/samon.com\/wp-content\/uploads\/2024\/05\/icecream-shop-1024x684.jpg\" class=\"attachment-large size-large wp-image-11797\" alt=\"\" srcset=\"https:\/\/samon.com\/wp-content\/uploads\/2024\/05\/icecream-shop-1024x684.jpg 1024w, https:\/\/samon.com\/wp-content\/uploads\/2024\/05\/icecream-shop-300x200.jpg 300w, https:\/\/samon.com\/wp-content\/uploads\/2024\/05\/icecream-shop-768x513.jpg 768w, https:\/\/samon.com\/wp-content\/uploads\/2024\/05\/icecream-shop.jpg 1200w\" sizes=\"(max-width: 800px) 100vw, 800px\" \/>\t\t\t\t\t\t\t\t\t\t\t\t\t\t\t<\/div>\n\t\t\t\t<\/div>\n\t\t\t\t\t<\/div>\n\t\t\t\t<\/div>\n\t\t\t\t\t<\/div>\n\t\t\t\t<\/div>\n\t\t<div class=\"elementor-element elementor-element-33336da e-flex e-con-boxed e-con e-parent\" data-id=\"33336da\" data-element_type=\"container\">\n\t\t\t\t\t<div class=\"e-con-inner\">\n\t\t<div class=\"elementor-element elementor-element-73cd576 e-grid e-con-boxed e-con e-child\" data-id=\"73cd576\" data-element_type=\"container\">\n\t\t\t\t\t<div class=\"e-con-inner\">\n\t\t\t\t<div class=\"elementor-element elementor-element-a28b71c elementor-widget elementor-widget-image\" data-id=\"a28b71c\" data-element_type=\"widget\" data-widget_type=\"image.default\">\n\t\t\t\t<div class=\"elementor-widget-container\">\n\t\t\t\t\t\t\t\t\t\t\t\t\t\t\t<img loading=\"lazy\" decoding=\"async\" width=\"800\" height=\"800\" src=\"https:\/\/samon.com\/wp-content\/uploads\/2024\/06\/Supermarket-displaycase-square-1024x1024.jpg\" class=\"attachment-large size-large wp-image-12003\" alt=\"\" srcset=\"https:\/\/samon.com\/wp-content\/uploads\/2024\/06\/Supermarket-displaycase-square-1024x1024.jpg 1024w, https:\/\/samon.com\/wp-content\/uploads\/2024\/06\/Supermarket-displaycase-square-300x300.jpg 300w, https:\/\/samon.com\/wp-content\/uploads\/2024\/06\/Supermarket-displaycase-square-150x150.jpg 150w, https:\/\/samon.com\/wp-content\/uploads\/2024\/06\/Supermarket-displaycase-square-768x768.jpg 768w, https:\/\/samon.com\/wp-content\/uploads\/2024\/06\/Supermarket-displaycase-square-1536x1536.jpg 1536w, https:\/\/samon.com\/wp-content\/uploads\/2024\/06\/Supermarket-displaycase-square.jpg 1920w\" sizes=\"(max-width: 800px) 100vw, 800px\" \/>\t\t\t\t\t\t\t\t\t\t\t\t\t\t\t<\/div>\n\t\t\t\t<\/div>\n\t\t<div class=\"elementor-element elementor-element-eb2a627 e-flex e-con-boxed e-con e-child\" data-id=\"eb2a627\" data-element_type=\"container\">\n\t\t\t\t\t<div class=\"e-con-inner\">\n\t\t\t\t<div class=\"elementor-element elementor-element-1167aab elementor-widget elementor-widget-heading\" data-id=\"1167aab\" data-element_type=\"widget\" data-widget_type=\"heading.default\">\n\t\t\t\t<div class=\"elementor-widget-container\">\n\t\t\t\t\t<h2 class=\"elementor-heading-title elementor-size-default\">Efficacit\u00e9 et \u00e9conomies  <\/h2>\t\t\t\t<\/div>\n\t\t\t\t<\/div>\n\t\t\t\t<div class=\"elementor-element elementor-element-821b48f elementor-widget elementor-widget-text-editor\" data-id=\"821b48f\" data-element_type=\"widget\" data-widget_type=\"text-editor.default\">\n\t\t\t\t<div class=\"elementor-widget-container\">\n\t\t\t\t\t\t\t\t\t<p>Les syst\u00e8mes de d\u00e9tection des fuites contribuent \u00e9galement \u00e0 l&rsquo;efficacit\u00e9 op\u00e9rationnelle. En maintenant des niveaux optimaux de r\u00e9frig\u00e9rant, ils garantissent que les pompes \u00e0 chaleur et les vitrines fonctionnent de mani\u00e8re optimale, \u00e9vitant ainsi le gaspillage d&rsquo;\u00e9nergie et r\u00e9duisant les co\u00fbts d&rsquo;exploitation. Cet aspect est particuli\u00e8rement important dans les supermarch\u00e9s, o\u00f9 la consommation d&rsquo;\u00e9nergie pour la r\u00e9frig\u00e9ration peut \u00eatre importante.  <\/p>\n<p>En r\u00e9sum\u00e9, l&rsquo;int\u00e9gration de syst\u00e8mes de d\u00e9tection des gaz r\u00e9frig\u00e9rants dans les pompes \u00e0 chaleur et les vitrines est essentielle pour la s\u00e9curit\u00e9, l&rsquo;efficacit\u00e9 et la durabilit\u00e9 environnementale. Ces syst\u00e8mes, de par leur petite taille, leurs faibles besoins de maintenance et leur capacit\u00e9 \u00e0 d\u00e9tecter les gaz \u00e0 faible PRP, repr\u00e9sentent une approche proactive de la gestion des fuites de r\u00e9frig\u00e9rant et de la conformit\u00e9 aux normes environnementales mondiales. <\/p>\n\t\t\t\t\t\t\t\t<\/div>\n\t\t\t\t<\/div>\n\t\t\t\t\t<\/div>\n\t\t\t\t<\/div>\n\t\t\t\t\t<\/div>\n\t\t\t\t<\/div>\n\t\t\t\t\t<\/div>\n\t\t\t\t<\/div>\n\t\t<div class=\"elementor-element elementor-element-a8dac8c e-con-full e-flex e-con e-parent\" data-id=\"a8dac8c\" data-element_type=\"container\">\n\t\t\t\t<div class=\"elementor-element elementor-element-c491c5b elementor-widget__width-inherit elementor-cta--skin-classic elementor-animated-content elementor-bg-transform elementor-bg-transform-zoom-in elementor-widget elementor-widget-call-to-action\" data-id=\"c491c5b\" data-element_type=\"widget\" data-widget_type=\"call-to-action.default\">\n\t\t\t\t<div class=\"elementor-widget-container\">\n\t\t\t\t\t\t\t<div class=\"elementor-cta\">\n\t\t\t\t\t<div class=\"elementor-cta__bg-wrapper\">\n\t\t\t\t<div class=\"elementor-cta__bg elementor-bg\" style=\"background-image: url(https:\/\/samon.com\/wp-content\/uploads\/2024\/05\/GLACIAR-MICROv2-1.webp);\" role=\"img\" aria-label=\"GLACIAR-MICROv2-1\"><\/div>\n\t\t\t\t<div class=\"elementor-cta__bg-overlay\"><\/div>\n\t\t\t<\/div>\n\t\t\t\t\t\t\t<div class=\"elementor-cta__content\">\n\t\t\t\t\n\t\t\t\t\t\t\t\t\t<h2 class=\"elementor-cta__title elementor-cta__content-item elementor-content-item\">\n\t\t\t\t\t\tGLACI\u00c4R MICRO\t\t\t\t\t<\/h2>\n\t\t\t\t\n\t\t\t\t\t\t\t\t\t<div class=\"elementor-cta__description elementor-cta__content-item elementor-content-item\">\n\t\t\t\t\t\t<p>Notre plus petit d\u00e9tecteur de gaz r\u00e9frig\u00e9rant.  <br \/>Parfait pour les r\u00e9frig\u00e9rateurs commerciaux et vitrines r\u00e9frig\u00e9r\u00e9es<\/p>\n\t\t\t\t\t<\/div>\n\t\t\t\t\n\t\t\t\t\t\t\t\t\t<div class=\"elementor-cta__button-wrapper elementor-cta__content-item elementor-content-item \">\n\t\t\t\t\t<a class=\"elementor-cta__button elementor-button elementor-size-\" href=\"https:\/\/samon.com\/fr\/applications-fr\/detection-des-gaz-refrigerants-dans-les-entreprises\/glaciar-micro\/\">\n\t\t\t\t\t\tEn savoir plus\t\t\t\t\t<\/a>\n\t\t\t\t\t<\/div>\n\t\t\t\t\t\t\t<\/div>\n\t\t\t\t\t\t<\/div>\n\t\t\t\t\t\t<\/div>\n\t\t\t\t<\/div>\n\t\t\t\t<\/div>\n\t\t\t\t<\/div>\n\t\t","protected":false},"excerpt":{"rendered":"<p>R\u00e9frig\u00e9rateurs commerciaux et vitrines r\u00e9frig\u00e9r\u00e9es L&rsquo;importance de la d\u00e9tection des gaz r\u00e9frig\u00e9rants dans les r\u00e9frig\u00e9rateurs commerciaux et vitrines r\u00e9frig\u00e9r\u00e9es Dans le monde d&rsquo;aujourd&rsquo;hui, on ne saurait trop insister sur l&rsquo;importance de maintenir des syst\u00e8mes de r\u00e9frig\u00e9ration s\u00fbrs, efficaces et respectueux de l&rsquo;environnement. Pour les pompes \u00e0 chaleur et les vitrines, il est essentiel de mettre [&hellip;]<\/p>\n","protected":false},"author":1,"featured_media":0,"parent":0,"menu_order":0,"comment_status":"closed","ping_status":"closed","template":"","meta":{"_monsterinsights_skip_tracking":false,"_monsterinsights_sitenote_active":false,"_monsterinsights_sitenote_note":"","_monsterinsights_sitenote_category":0,"footnotes":""},"class_list":["post-11943","page","type-page","status-publish","hentry"],"aioseo_notices":[],"_links":{"self":[{"href":"https:\/\/samon.com\/fr\/wp-json\/wp\/v2\/pages\/11943","targetHints":{"allow":["GET"]}}],"collection":[{"href":"https:\/\/samon.com\/fr\/wp-json\/wp\/v2\/pages"}],"about":[{"href":"https:\/\/samon.com\/fr\/wp-json\/wp\/v2\/types\/page"}],"author":[{"embeddable":true,"href":"https:\/\/samon.com\/fr\/wp-json\/wp\/v2\/users\/1"}],"replies":[{"embeddable":true,"href":"https:\/\/samon.com\/fr\/wp-json\/wp\/v2\/comments?post=11943"}],"version-history":[{"count":5,"href":"https:\/\/samon.com\/fr\/wp-json\/wp\/v2\/pages\/11943\/revisions"}],"predecessor-version":[{"id":14235,"href":"https:\/\/samon.com\/fr\/wp-json\/wp\/v2\/pages\/11943\/revisions\/14235"}],"wp:attachment":[{"href":"https:\/\/samon.com\/fr\/wp-json\/wp\/v2\/media?parent=11943"}],"curies":[{"name":"wp","href":"https:\/\/api.w.org\/{rel}","templated":true}]}}