{"id":11892,"date":"2024-10-22T10:56:23","date_gmt":"2024-10-22T08:56:23","guid":{"rendered":"https:\/\/samon.com\/telecharger-lapplication\/"},"modified":"2024-10-23T14:47:01","modified_gmt":"2024-10-23T12:47:01","slug":"telecharger-lapplication","status":"publish","type":"page","link":"https:\/\/samon.com\/fr\/telecharger-lapplication\/","title":{"rendered":"T\u00e9l\u00e9charger l&rsquo;application"},"content":{"rendered":"\t\t<div data-elementor-type=\"wp-page\" data-elementor-id=\"11892\" class=\"elementor elementor-11892 elementor-10324\" data-elementor-post-type=\"page\">\n\t\t\t\t<div class=\"elementor-element elementor-element-c154ae8 e-con-full e-flex e-con e-parent\" data-id=\"c154ae8\" data-element_type=\"container\">\n\t\t\t\t<div class=\"elementor-element elementor-element-92d1ddb elementor--h-position-center elementor--v-position-middle elementor-arrows-position-inside elementor-pagination-position-inside elementor-widget elementor-widget-slides\" data-id=\"92d1ddb\" data-element_type=\"widget\" data-settings=\"{&quot;navigation&quot;:&quot;both&quot;,&quot;autoplay&quot;:&quot;yes&quot;,&quot;pause_on_hover&quot;:&quot;yes&quot;,&quot;pause_on_interaction&quot;:&quot;yes&quot;,&quot;autoplay_speed&quot;:5000,&quot;infinite&quot;:&quot;yes&quot;,&quot;transition&quot;:&quot;slide&quot;,&quot;transition_speed&quot;:500}\" data-widget_type=\"slides.default\">\n\t\t\t\t<div class=\"elementor-widget-container\">\n\t\t\t\t\t\t\t\t\t<div class=\"elementor-swiper\">\n\t\t\t\t\t<div class=\"elementor-slides-wrapper elementor-main-swiper swiper\" role=\"region\" aria-roledescription=\"carousel\" aria-label=\"Slides\" dir=\"ltr\" data-animation=\"fadeInUp\">\n\t\t\t\t<div class=\"swiper-wrapper elementor-slides\">\n\t\t\t\t\t\t\t\t\t\t<div class=\"elementor-repeater-item-182ff60 swiper-slide\" role=\"group\" aria-roledescription=\"slide\"><div class=\"swiper-slide-bg elementor-ken-burns elementor-ken-burns--in\" role=\"img\" aria-label=\"D\u00e9tecteur de gaz r\u00e9frig\u00e9rant GLACI\u00c4R MIDI avec application\"><\/div><div class=\"swiper-slide-inner\" ><div class=\"swiper-slide-contents\"><div class=\"elementor-slide-heading\">T\u00e9l\u00e9chargez l'application GLACI\u00c4R MIDI<\/div><\/div><\/div><\/div>\t\t\t\t<\/div>\n\t\t\t\t\t\t\t<\/div>\n\t\t\t\t<\/div>\n\t\t\t\t\t\t\t\t<\/div>\n\t\t\t\t<\/div>\n\t\t\t\t<\/div>\n\t\t<div class=\"elementor-element elementor-element-00096e9 e-flex e-con-boxed e-con e-parent\" data-id=\"00096e9\" data-element_type=\"container\">\n\t\t\t\t\t<div class=\"e-con-inner\">\n\t\t<div class=\"elementor-element elementor-element-811e61c e-grid e-con-boxed e-con e-child\" data-id=\"811e61c\" data-element_type=\"container\">\n\t\t\t\t\t<div class=\"e-con-inner\">\n\t\t\t\t<div class=\"elementor-element elementor-element-2836007 elementor-position-top elementor-widget elementor-widget-image-box\" data-id=\"2836007\" data-element_type=\"widget\" data-widget_type=\"image-box.default\">\n\t\t\t\t<div class=\"elementor-widget-container\">\n\t\t\t\t\t<div class=\"elementor-image-box-wrapper\"><figure class=\"elementor-image-box-img\"><a href=\"https:\/\/play.google.com\/store\/apps\/details?id=gasdetector.configurationtool.samon\" target=\"_blank\" tabindex=\"-1\"><img fetchpriority=\"high\" decoding=\"async\" width=\"1200\" height=\"800\" src=\"https:\/\/samon.com\/wp-content\/uploads\/2024\/10\/App-Download-Google.jpg\" class=\"attachment-full size-full wp-image-11893\" alt=\"\" srcset=\"https:\/\/samon.com\/wp-content\/uploads\/2024\/10\/App-Download-Google.jpg 1200w, https:\/\/samon.com\/wp-content\/uploads\/2024\/10\/App-Download-Google-300x200.jpg 300w, https:\/\/samon.com\/wp-content\/uploads\/2024\/10\/App-Download-Google-1024x683.jpg 1024w, https:\/\/samon.com\/wp-content\/uploads\/2024\/10\/App-Download-Google-768x512.jpg 768w\" sizes=\"(max-width: 1200px) 100vw, 1200px\" \/><\/a><\/figure><div class=\"elementor-image-box-content\"><h3 class=\"elementor-image-box-title\"><a href=\"https:\/\/play.google.com\/store\/apps\/details?id=gasdetector.configurationtool.samon\" target=\"_blank\">T\u00e9l\u00e9charger<\/a><\/h3><p class=\"elementor-image-box-description\">.<\/p><\/div><\/div>\t\t\t\t<\/div>\n\t\t\t\t<\/div>\n\t\t\t\t<div class=\"elementor-element elementor-element-19f4396 elementor-position-top elementor-widget elementor-widget-image-box\" data-id=\"19f4396\" data-element_type=\"widget\" data-widget_type=\"image-box.default\">\n\t\t\t\t<div class=\"elementor-widget-container\">\n\t\t\t\t\t<div class=\"elementor-image-box-wrapper\"><figure class=\"elementor-image-box-img\"><a href=\"https:\/\/apps.apple.com\/se\/app\/samon-glaci%C3%A4r\/id6447187661\" target=\"_blank\" tabindex=\"-1\"><img decoding=\"async\" width=\"1200\" height=\"800\" src=\"https:\/\/samon.com\/wp-content\/uploads\/2024\/10\/App-Download-ios.jpg\" class=\"attachment-full size-full wp-image-11894\" alt=\"\" srcset=\"https:\/\/samon.com\/wp-content\/uploads\/2024\/10\/App-Download-ios.jpg 1200w, https:\/\/samon.com\/wp-content\/uploads\/2024\/10\/App-Download-ios-300x200.jpg 300w, https:\/\/samon.com\/wp-content\/uploads\/2024\/10\/App-Download-ios-1024x683.jpg 1024w, https:\/\/samon.com\/wp-content\/uploads\/2024\/10\/App-Download-ios-768x512.jpg 768w\" sizes=\"(max-width: 1200px) 100vw, 1200px\" \/><\/a><\/figure><div class=\"elementor-image-box-content\"><h3 class=\"elementor-image-box-title\"><a href=\"https:\/\/apps.apple.com\/se\/app\/samon-glaci%C3%A4r\/id6447187661\" target=\"_blank\">T\u00e9l\u00e9charger<\/a><\/h3><p class=\"elementor-image-box-description\">.<\/p><\/div><\/div>\t\t\t\t<\/div>\n\t\t\t\t<\/div>\n\t\t\t\t<div class=\"elementor-element elementor-element-965ccb9 elementor-position-top elementor-widget elementor-widget-image-box\" data-id=\"965ccb9\" data-element_type=\"widget\" data-widget_type=\"image-box.default\">\n\t\t\t\t<div class=\"elementor-widget-container\">\n\t\t\t\t\t<div class=\"elementor-image-box-wrapper\"><figure class=\"elementor-image-box-img\"><a href=\"https:\/\/samon.com\/fr\/manuels\/\" target=\"_blank\" tabindex=\"-1\"><img decoding=\"async\" width=\"1800\" height=\"1800\" src=\"https:\/\/samon.com\/wp-content\/uploads\/2024\/05\/MIDI-manual-EN.jpg\" class=\"attachment-full size-full wp-image-11343\" alt=\"\" srcset=\"https:\/\/samon.com\/wp-content\/uploads\/2024\/05\/MIDI-manual-EN.jpg 1800w, https:\/\/samon.com\/wp-content\/uploads\/2024\/05\/MIDI-manual-EN-300x300.jpg 300w, https:\/\/samon.com\/wp-content\/uploads\/2024\/05\/MIDI-manual-EN-1024x1024.jpg 1024w, https:\/\/samon.com\/wp-content\/uploads\/2024\/05\/MIDI-manual-EN-150x150.jpg 150w, https:\/\/samon.com\/wp-content\/uploads\/2024\/05\/MIDI-manual-EN-768x768.jpg 768w, https:\/\/samon.com\/wp-content\/uploads\/2024\/05\/MIDI-manual-EN-1536x1536.jpg 1536w\" sizes=\"(max-width: 1800px) 100vw, 1800px\" \/><\/a><\/figure><div class=\"elementor-image-box-content\"><h3 class=\"elementor-image-box-title\"><a href=\"https:\/\/samon.com\/fr\/manuels\/\" target=\"_blank\">T\u00e9l\u00e9charger<\/a><\/h3><p class=\"elementor-image-box-description\">.<\/p><\/div><\/div>\t\t\t\t<\/div>\n\t\t\t\t<\/div>\n\t\t\t\t\t<\/div>\n\t\t\t\t<\/div>\n\t\t\t\t\t<\/div>\n\t\t\t\t<\/div>\n\t\t\t\t<\/div>\n\t\t","protected":false},"excerpt":{"rendered":"<p>T\u00e9l\u00e9chargez l&rsquo;application GLACI\u00c4R MIDI T\u00e9l\u00e9charger . T\u00e9l\u00e9charger . T\u00e9l\u00e9charger .<\/p>\n","protected":false},"author":1,"featured_media":0,"parent":0,"menu_order":0,"comment_status":"closed","ping_status":"closed","template":"","meta":{"_monsterinsights_skip_tracking":false,"_monsterinsights_sitenote_active":false,"_monsterinsights_sitenote_note":"","_monsterinsights_sitenote_category":0,"footnotes":""},"class_list":["post-11892","page","type-page","status-publish","hentry"],"aioseo_notices":[],"_links":{"self":[{"href":"https:\/\/samon.com\/fr\/wp-json\/wp\/v2\/pages\/11892","targetHints":{"allow":["GET"]}}],"collection":[{"href":"https:\/\/samon.com\/fr\/wp-json\/wp\/v2\/pages"}],"about":[{"href":"https:\/\/samon.com\/fr\/wp-json\/wp\/v2\/types\/page"}],"author":[{"embeddable":true,"href":"https:\/\/samon.com\/fr\/wp-json\/wp\/v2\/users\/1"}],"replies":[{"embeddable":true,"href":"https:\/\/samon.com\/fr\/wp-json\/wp\/v2\/comments?post=11892"}],"version-history":[{"count":2,"href":"https:\/\/samon.com\/fr\/wp-json\/wp\/v2\/pages\/11892\/revisions"}],"predecessor-version":[{"id":11909,"href":"https:\/\/samon.com\/fr\/wp-json\/wp\/v2\/pages\/11892\/revisions\/11909"}],"wp:attachment":[{"href":"https:\/\/samon.com\/fr\/wp-json\/wp\/v2\/media?parent=11892"}],"curies":[{"name":"wp","href":"https:\/\/api.w.org\/{rel}","templated":true}]}}