{"id":11459,"date":"2024-04-16T10:56:13","date_gmt":"2024-04-16T08:56:13","guid":{"rendered":"https:\/\/samon.com\/a-propos-de-samon\/"},"modified":"2024-12-17T13:28:06","modified_gmt":"2024-12-17T12:28:06","slug":"a-propos-de-samon","status":"publish","type":"page","link":"https:\/\/samon.com\/fr\/a-propos-de-samon\/","title":{"rendered":"\u00c0 propos de SAMON"},"content":{"rendered":"\t\t<div data-elementor-type=\"wp-page\" data-elementor-id=\"11459\" class=\"elementor elementor-11459 elementor-365\" data-elementor-post-type=\"page\">\n\t\t\t\t<div class=\"elementor-element elementor-element-0709466 e-con-full e-flex e-con e-parent\" data-id=\"0709466\" data-element_type=\"container\">\n\t\t\t\t<div class=\"elementor-element elementor-element-657fa32 elementor--h-position-center elementor--v-position-middle elementor-arrows-position-inside elementor-pagination-position-inside elementor-widget elementor-widget-slides\" data-id=\"657fa32\" data-element_type=\"widget\" data-settings=\"{&quot;navigation&quot;:&quot;both&quot;,&quot;autoplay&quot;:&quot;yes&quot;,&quot;pause_on_hover&quot;:&quot;yes&quot;,&quot;pause_on_interaction&quot;:&quot;yes&quot;,&quot;autoplay_speed&quot;:5000,&quot;infinite&quot;:&quot;yes&quot;,&quot;transition&quot;:&quot;slide&quot;,&quot;transition_speed&quot;:500}\" data-widget_type=\"slides.default\">\n\t\t\t\t<div class=\"elementor-widget-container\">\n\t\t\t\t\t\t\t\t\t<div class=\"elementor-swiper\">\n\t\t\t\t\t<div class=\"elementor-slides-wrapper elementor-main-swiper swiper\" role=\"region\" aria-roledescription=\"carousel\" aria-label=\"Diapositives\" dir=\"ltr\" data-animation=\"fadeInUp\">\n\t\t\t\t<div class=\"swiper-wrapper elementor-slides\">\n\t\t\t\t\t\t\t\t\t\t<div class=\"elementor-repeater-item-a3991b8 swiper-slide\" role=\"group\" aria-roledescription=\"slide\"><div class=\"swiper-slide-bg elementor-ken-burns elementor-ken-burns--in\" role=\"img\" aria-label=\"glaciarImg\"><\/div><div class=\"swiper-slide-inner\" ><div class=\"swiper-slide-contents\"><div class=\"elementor-slide-heading\">\u00c0 propos de SAMON<\/div><\/div><\/div><\/div>\t\t\t\t<\/div>\n\t\t\t\t\t\t\t<\/div>\n\t\t\t\t<\/div>\n\t\t\t\t\t\t\t\t<\/div>\n\t\t\t\t<\/div>\n\t\t\t\t<\/div>\n\t\t<div class=\"elementor-element elementor-element-6a9a07b e-grid e-con-boxed e-con e-parent\" data-id=\"6a9a07b\" data-element_type=\"container\">\n\t\t\t\t\t<div class=\"e-con-inner\">\n\t\t<div class=\"elementor-element elementor-element-e417b50 e-flex e-con-boxed e-con e-child\" data-id=\"e417b50\" data-element_type=\"container\">\n\t\t\t\t\t<div class=\"e-con-inner\">\n\t\t\t\t<div class=\"elementor-element elementor-element-51aa430 elementor-widget elementor-widget-heading\" data-id=\"51aa430\" data-element_type=\"widget\" data-widget_type=\"heading.default\">\n\t\t\t\t<div class=\"elementor-widget-container\">\n\t\t\t\t\t<h2 class=\"elementor-heading-title elementor-size-default\">Notre entreprise<\/h2>\t\t\t\t<\/div>\n\t\t\t\t<\/div>\n\t\t\t\t<div class=\"elementor-element elementor-element-0c25f22 elementor-widget elementor-widget-text-editor\" data-id=\"0c25f22\" data-element_type=\"widget\" data-widget_type=\"text-editor.default\">\n\t\t\t\t<div class=\"elementor-widget-container\">\n\t\t\t\t\t\t\t\t\t<h4>Expert en d\u00e9tection de gaz r\u00e9frig\u00e9rants<\/h4>\n<p>SAMON a \u00e9t\u00e9 fond\u00e9 en Su\u00e8de en 1990. Depuis plus de 30 ans, nous nous effor\u00e7ons continuellement de comprendre les nouveaux besoins de l&rsquo;industrie de la r\u00e9frig\u00e9ration afin de pouvoir fournir \u00e0 nos clients ce dont ils ont besoin. Le march\u00e9 n&rsquo;est pas fig\u00e9. Qu&rsquo;il s&rsquo;agisse de changements dans les types de r\u00e9frig\u00e9rants utilis\u00e9s ou de progr\u00e8s dans la technologie des syst\u00e8mes de contr\u00f4le, l&rsquo;industrie \u00e9volue, et nous aussi.   <\/p>\n<h4>\u00c9tablir des normes<\/h4>\n<p>Depuis plus d&rsquo;une d\u00e9cennie, SAMON joue un r\u00f4le actif dans l&rsquo;\u00e9laboration de normes pour l&rsquo;industrie de la r\u00e9frig\u00e9ration. Nous avons notamment contribu\u00e9 \u00e0 la norme EN 378, sans doute la plus importante d&rsquo;Europe pour notre secteur : Syst\u00e8mes de r\u00e9frig\u00e9ration et pompes \u00e0 chaleur &#8211; Exigences en mati\u00e8re de s\u00e9curit\u00e9 et d&rsquo;environnement. En outre, des membres de notre \u00e9quipe ont contribu\u00e9 \u00e0 la norme EN 14624 : Performance des d\u00e9tecteurs de fuites portables et des d\u00e9tecteurs de gaz fixes pour tous les fluides frigorig\u00e8nes.  <\/p>\n<p>L&rsquo;essentiel de notre travail consiste \u00e0 partager nos connaissances et notre expertise, afin de garantir que les normes sont r\u00e9alisables, appropri\u00e9es et profitent \u00e0 l&rsquo;ensemble du secteur.<\/p>\n<p>SAMON dispose de plusieurs membres d&rsquo;\u00e9quipe reconnus comme experts en d\u00e9tection de gaz r\u00e9frig\u00e9rants par l&rsquo;industrie, c&rsquo;est pourquoi ils ont \u00e9t\u00e9 invit\u00e9s \u00e0 participer \u00e0 l&rsquo;\u00e9laboration de ces normes auxquelles l&rsquo;industrie doit se conformer. Au quotidien, ces experts sont disponibles pour aider nos clients \u00e0 mettre en \u0153uvre des solutions adapt\u00e9es \u00e0 leurs besoins et d\u00e9fis individuels. <\/p>\n\t\t\t\t\t\t\t\t<\/div>\n\t\t\t\t<\/div>\n\t\t\t\t\t<\/div>\n\t\t\t\t<\/div>\n\t\t\t\t<div class=\"elementor-element elementor-element-efc290f elementor-widget elementor-widget-image\" data-id=\"efc290f\" data-element_type=\"widget\" data-widget_type=\"image.default\">\n\t\t\t\t<div class=\"elementor-widget-container\">\n\t\t\t\t\t\t\t\t\t\t\t\t\t\t\t<img fetchpriority=\"high\" decoding=\"async\" width=\"800\" height=\"600\" src=\"https:\/\/samon.com\/wp-content\/uploads\/2024\/05\/Chillventa2022-1024x768.jpg\" class=\"attachment-large size-large wp-image-11811\" alt=\"\" srcset=\"https:\/\/samon.com\/wp-content\/uploads\/2024\/05\/Chillventa2022-1024x768.jpg 1024w, https:\/\/samon.com\/wp-content\/uploads\/2024\/05\/Chillventa2022-300x225.jpg 300w, https:\/\/samon.com\/wp-content\/uploads\/2024\/05\/Chillventa2022-768x576.jpg 768w, https:\/\/samon.com\/wp-content\/uploads\/2024\/05\/Chillventa2022.jpg 1200w\" sizes=\"(max-width: 800px) 100vw, 800px\" \/>\t\t\t\t\t\t\t\t\t\t\t\t\t\t\t<\/div>\n\t\t\t\t<\/div>\n\t\t\t\t\t<\/div>\n\t\t\t\t<\/div>\n\t\t<div class=\"elementor-element elementor-element-19ebc1f e-flex e-con-boxed e-con e-parent\" data-id=\"19ebc1f\" data-element_type=\"container\">\n\t\t\t\t\t<div class=\"e-con-inner\">\n\t\t<div class=\"elementor-element elementor-element-44395e5 e-con-full e-flex e-con e-child\" data-id=\"44395e5\" data-element_type=\"container\">\n\t\t\t\t<div class=\"elementor-element elementor-element-f88bdd2 elementor-widget elementor-widget-text-editor\" data-id=\"f88bdd2\" data-element_type=\"widget\" data-widget_type=\"text-editor.default\">\n\t\t\t\t<div class=\"elementor-widget-container\">\n\t\t\t\t\t\t\t\t\t<h1>SIMPLICIT\u00c9<\/h1>\n<p>Chez SAMON, nous croyons en la <strong>simplicit\u00e9.<\/strong> Cela signifie que nous veillons \u00e0 ce que nos produits soient simples \u00e0 installer et \u00e0 utiliser, en combinant des interfaces analogiques intuitives et une connectivit\u00e9 num\u00e9rique directe.<\/p>\n<p>Il est facile d&rsquo;<strong>int\u00e9grer<\/strong> nos produits dans les syst\u00e8mes de contr\u00f4le et de gestion des b\u00e2timents \u00e0 l&rsquo;aide d&rsquo;une vari\u00e9t\u00e9 de signaux de sortie standard.<\/p>\n<p>Nous veillons \u00e9galement \u00e0 ce que nos produits soient faciles \u00e0 s\u00e9lectionner, en minimisant le nombre de variantes et de num\u00e9ros de pi\u00e8ces.<\/p>\n\t\t\t\t\t\t\t\t<\/div>\n\t\t\t\t<\/div>\n\t\t\t\t<\/div>\n\t\t<div class=\"elementor-element elementor-element-0ccadea e-con-full e-flex e-con e-child\" data-id=\"0ccadea\" data-element_type=\"container\">\n\t\t\t\t<div class=\"elementor-element elementor-element-bb58770 elementor-widget elementor-widget-text-editor\" data-id=\"bb58770\" data-element_type=\"widget\" data-widget_type=\"text-editor.default\">\n\t\t\t\t<div class=\"elementor-widget-container\">\n\t\t\t\t\t\t\t\t\t<h1 style=\"text-align: left;\">FIABILIT\u00c9<\/h1>\n<p>Nous comprenons que la fiabilit\u00e9 est d&rsquo;une importance capitale pour nos clients, car nos produits sont <strong>essentiels \u00e0 la s\u00e9curit\u00e9<\/strong>. Nous savons \u00e9galement que nos clients ne veulent pas passer du temps \u00e0 r\u00e9soudre des probl\u00e8mes au lieu de se concentrer sur la fonction et l&rsquo;efficacit\u00e9 de leurs op\u00e9rations. <\/p>\n<p>En plus de 30 ans d&rsquo;activit\u00e9, SAMON a enregistr\u00e9 <strong>moins de 0,001 % de r\u00e9clamations au titre de la garantie<\/strong>.<\/p>\n<p>Nous sommes certifi\u00e9s ISO 9001:2015 afin de garantir <strong>le maintien des normes de qualit\u00e9 \u00e9lev\u00e9es<\/strong> que nous avons \u00e9tablies.<\/p>\n\t\t\t\t\t\t\t\t<\/div>\n\t\t\t\t<\/div>\n\t\t\t\t<\/div>\n\t\t\t\t\t<\/div>\n\t\t\t\t<\/div>\n\t\t<div class=\"elementor-element elementor-element-b01e9eb e-flex e-con-boxed e-con e-parent\" data-id=\"b01e9eb\" data-element_type=\"container\">\n\t\t\t\t\t<div class=\"e-con-inner\">\n\t\t<div class=\"elementor-element elementor-element-a2507a6 e-grid e-con-boxed e-con e-child\" data-id=\"a2507a6\" data-element_type=\"container\">\n\t\t\t\t\t<div class=\"e-con-inner\">\n\t\t\t\t<div class=\"elementor-element elementor-element-55822d4 elementor-widget elementor-widget-heading\" data-id=\"55822d4\" data-element_type=\"widget\" data-widget_type=\"heading.default\">\n\t\t\t\t<div class=\"elementor-widget-container\">\n\t\t\t\t\t<h2 class=\"elementor-heading-title elementor-size-default\">Nos valeurs<\/h2>\t\t\t\t<\/div>\n\t\t\t\t<\/div>\n\t\t\t\t<div class=\"elementor-element elementor-element-16abcc3 elementor-widget elementor-widget-text-editor\" data-id=\"16abcc3\" data-element_type=\"widget\" data-widget_type=\"text-editor.default\">\n\t\t\t\t<div class=\"elementor-widget-container\">\n\t\t\t\t\t\t\t\t\t<p>Nos valeurs d&rsquo;entreprise nous guident dans notre fa\u00e7on d&rsquo;agir avec nos clients et nos partenaires, mais aussi entre nous.<\/p>\n\t\t\t\t\t\t\t\t<\/div>\n\t\t\t\t<\/div>\n\t\t\t\t\t<\/div>\n\t\t\t\t<\/div>\n\t\t\t\t\t<\/div>\n\t\t\t\t<\/div>\n\t\t<div class=\"elementor-element elementor-element-86174ef e-grid e-con-boxed e-con e-parent\" data-id=\"86174ef\" data-element_type=\"container\">\n\t\t\t\t\t<div class=\"e-con-inner\">\n\t\t<div class=\"elementor-element elementor-element-13d5694 e-flex e-con-boxed e-con e-child\" data-id=\"13d5694\" data-element_type=\"container\">\n\t\t\t\t\t<div class=\"e-con-inner\">\n\t\t<div class=\"elementor-element elementor-element-789c590 e-grid e-con-boxed e-con e-child\" data-id=\"789c590\" data-element_type=\"container\">\n\t\t\t\t\t<div class=\"e-con-inner\">\n\t\t\t\t<div class=\"elementor-element elementor-element-c4b09f5 elementor-position-left elementor-vertical-align-top elementor-widget elementor-widget-image-box\" data-id=\"c4b09f5\" data-element_type=\"widget\" data-widget_type=\"image-box.default\">\n\t\t\t\t<div class=\"elementor-widget-container\">\n\t\t\t\t\t<div class=\"elementor-image-box-wrapper\"><figure class=\"elementor-image-box-img\"><img decoding=\"async\" src=\"https:\/\/samon.com\/wp-content\/uploads\/2024\/04\/collaboration-icon.svg\" class=\"attachment-full size-full wp-image-11460\" alt=\"\" \/><\/figure><div class=\"elementor-image-box-content\"><h3 class=\"elementor-image-box-title\">Collaboration<\/h3><p class=\"elementor-image-box-description\">Nous sommes convaincus que les bons r\u00e9sultats sont le fruit d'une collaboration entre des personnes remarquables. Nous travaillons dur pour cr\u00e9er de la valeur avec nos clients, nos partenaires et au sein de notre propre organisation. <\/p><\/div><\/div>\t\t\t\t<\/div>\n\t\t\t\t<\/div>\n\t\t\t\t<div class=\"elementor-element elementor-element-dd476cf elementor-position-left elementor-vertical-align-top elementor-widget elementor-widget-image-box\" data-id=\"dd476cf\" data-element_type=\"widget\" data-widget_type=\"image-box.default\">\n\t\t\t\t<div class=\"elementor-widget-container\">\n\t\t\t\t\t<div class=\"elementor-image-box-wrapper\"><figure class=\"elementor-image-box-img\"><img decoding=\"async\" src=\"https:\/\/samon.com\/wp-content\/uploads\/2024\/05\/simplicity-icon.svg\" class=\"attachment-full size-full wp-image-11461\" alt=\"\" \/><\/figure><div class=\"elementor-image-box-content\"><h3 class=\"elementor-image-box-title\">L'innovation<\/h3><p class=\"elementor-image-box-description\">Nous aimons remettre en question le statu quo et aller au-del\u00e0 de ce qui n'a pas \u00e9t\u00e9 fait auparavant. Cela se traduit par le d\u00e9veloppement de nouvelles solutions pour le march\u00e9, par la fa\u00e7on dont nous continuons \u00e0 am\u00e9liorer ce que nous faisons et comment nous le faisons, et par la fa\u00e7on dont nous avons un impact durable sur notre monde.   <\/p><\/div><\/div>\t\t\t\t<\/div>\n\t\t\t\t<\/div>\n\t\t\t\t<div class=\"elementor-element elementor-element-65f8d48 elementor-position-left elementor-vertical-align-top elementor-widget elementor-widget-image-box\" data-id=\"65f8d48\" data-element_type=\"widget\" data-widget_type=\"image-box.default\">\n\t\t\t\t<div class=\"elementor-widget-container\">\n\t\t\t\t\t<div class=\"elementor-image-box-wrapper\"><figure class=\"elementor-image-box-img\"><img decoding=\"async\" src=\"https:\/\/samon.com\/wp-content\/uploads\/2024\/04\/collaboration-icon.svg\" class=\"attachment-full size-full wp-image-11460\" alt=\"\" \/><\/figure><div class=\"elementor-image-box-content\"><h3 class=\"elementor-image-box-title\">Propri\u00e9t\u00e9<\/h3><p class=\"elementor-image-box-description\">Nous assumons la responsabilit\u00e9 de nos prestations \u00e0 l'\u00e9gard de nos clients, de nos innovations, de notre impact sur notre environnement et de nous-m\u00eames.  <\/p><\/div><\/div>\t\t\t\t<\/div>\n\t\t\t\t<\/div>\n\t\t\t\t<div class=\"elementor-element elementor-element-17997a9 elementor-position-left elementor-vertical-align-top elementor-widget elementor-widget-image-box\" data-id=\"17997a9\" data-element_type=\"widget\" data-widget_type=\"image-box.default\">\n\t\t\t\t<div class=\"elementor-widget-container\">\n\t\t\t\t\t<div class=\"elementor-image-box-wrapper\"><figure class=\"elementor-image-box-img\"><img decoding=\"async\" src=\"https:\/\/samon.com\/wp-content\/uploads\/2024\/05\/reliability-icon.svg\" class=\"attachment-full size-full wp-image-11462\" alt=\"\" \/><\/figure><div class=\"elementor-image-box-content\"><h3 class=\"elementor-image-box-title\">Action<\/h3><p class=\"elementor-image-box-description\">Nous ne nous contentons pas d'assumer la responsabilit\u00e9, nous nous assurons \u00e9galement de tenir nos promesses. Qu'il s'agisse de notre engagement envers nos clients, de la livraison de nos produits le plus rapidement possible ou de notre disponibilit\u00e9 lorsque vous avez besoin d'assistance sur votre site. Quand nous disons quelque chose, nous le faisons toujours.    <\/p><\/div><\/div>\t\t\t\t<\/div>\n\t\t\t\t<\/div>\n\t\t\t\t\t<\/div>\n\t\t\t\t<\/div>\n\t\t\t\t\t<\/div>\n\t\t\t\t<\/div>\n\t\t\t\t\t<\/div>\n\t\t\t\t<\/div>\n\t\t<div class=\"elementor-element elementor-element-0d15942 e-flex e-con-boxed e-con e-parent\" data-id=\"0d15942\" data-element_type=\"container\">\n\t\t\t\t\t<div class=\"e-con-inner\">\n\t\t<div class=\"elementor-element elementor-element-dd72f0d e-flex e-con-boxed e-con e-child\" data-id=\"dd72f0d\" data-element_type=\"container\">\n\t\t\t\t\t<div class=\"e-con-inner\">\n\t\t\t\t<div class=\"elementor-element elementor-element-2f30a71 elementor-position-top elementor-widget elementor-widget-image-box\" data-id=\"2f30a71\" data-element_type=\"widget\" data-widget_type=\"image-box.default\">\n\t\t\t\t<div class=\"elementor-widget-container\">\n\t\t\t\t\t<div class=\"elementor-image-box-wrapper\"><figure class=\"elementor-image-box-img\"><img decoding=\"async\" width=\"1200\" height=\"866\" src=\"https:\/\/samon.com\/wp-content\/uploads\/2024\/06\/Alexander-bw.jpg\" class=\"attachment-full size-full wp-image-11463\" alt=\"\" srcset=\"https:\/\/samon.com\/wp-content\/uploads\/2024\/06\/Alexander-bw.jpg 1200w, https:\/\/samon.com\/wp-content\/uploads\/2024\/06\/Alexander-bw-300x217.jpg 300w, https:\/\/samon.com\/wp-content\/uploads\/2024\/06\/Alexander-bw-1024x739.jpg 1024w, https:\/\/samon.com\/wp-content\/uploads\/2024\/06\/Alexander-bw-768x554.jpg 768w\" sizes=\"(max-width: 1200px) 100vw, 1200px\" \/><\/figure><div class=\"elementor-image-box-content\"><h3 class=\"elementor-image-box-title\">Notre mission<\/h3><p class=\"elementor-image-box-description\">Chez SAMON, notre mission est de prot\u00e9ger l'environnement, les personnes et les biens. Nous nous effor\u00e7ons de cr\u00e9er des avantages r\u00e9els pour la soci\u00e9t\u00e9 en op\u00e9rant nous-m\u00eames de mani\u00e8re durable et s\u00fbre, et en aidant nos clients \u00e0 faire de m\u00eame.   <br><br>Un climat stable, riche en biodiversit\u00e9, est essentiel \u00e0 l'\u00e9panouissement des g\u00e9n\u00e9rations futures. Le maintenir est le plus grand d\u00e9fi de notre \u00e9poque, et nous pensons que nous devons nous efforcer chaque jour de faire de la plan\u00e8te Terre un endroit meilleur. Notre travail consiste \u00e0 aider nos partenaires \u00e0 atteindre cet objectif.    <br><br>Le protocole de Montr\u00e9al (1987) a initi\u00e9 une r\u00e9duction radicale et une \u00e9limination progressive des CFC et des HCFC et, depuis lors, des r\u00e9ductions encore plus s\u00e9v\u00e8res ont \u00e9t\u00e9 impos\u00e9es aux r\u00e9frig\u00e9rants \u00e0 fort potentiel de r\u00e9chauffement plan\u00e9taire.  <br><br>SAMON aide l'industrie \u00e0 r\u00e9duire et \u00e0 pr\u00e9venir les fuites de ces gaz \u00e0 effet de serre en utilisant des solutions de d\u00e9tection des gaz r\u00e9frig\u00e9rants l\u00e0 o\u00f9 les risques sont les plus \u00e9lev\u00e9s.  <br><br>Bien entendu, l'industrie de la r\u00e9frig\u00e9ration et du conditionnement d'air d\u00e9veloppe des solutions de remplacement ayant un impact moindre sur l'environnement.  <br><br>Cela a entra\u00een\u00e9 une augmentation de l'utilisation des r\u00e9frig\u00e9rants naturels, mais ceux-ci pr\u00e9sentent diff\u00e9rents facteurs de risque. Nombre d'entre eux sont potentiellement explosifs, toxiques ou asphyxiants, ce qui repr\u00e9sente un danger pour la vie et la sant\u00e9. L'un des principaux objectifs de SAMON est d'assurer la s\u00e9curit\u00e9 des personnes qui travaillent dans ces environnements dangereux, afin qu'elles puissent, \u00e0 la fin de la journ\u00e9e, rentrer chez elles et retrouver leur famille et leurs amis.  <br><br>  La r\u00e9duction des fuites de gaz apporte un avantage mat\u00e9riel \u00e0 nos clients en maximisant l'efficacit\u00e9 du syst\u00e8me et le temps de production, en emp\u00eachant la d\u00e9t\u00e9rioration des produits r\u00e9frig\u00e9r\u00e9s et en pr\u00e9venant les explosions de gaz inflammables.  <br><br>SAMON est un partenaire de confiance pour l'industrie de la r\u00e9frig\u00e9ration parce que nous partageons les valeurs de durabilit\u00e9 et de s\u00e9curit\u00e9, et parce que nos solutions de d\u00e9tection de gaz sont tout simplement fiables.<br><br><b>Alexander Larsson<\/b><i><br>Directeur g\u00e9n\u00e9ral, SAMON<br>Directeur g\u00e9n\u00e9ral, Safe Monitoring Group<\/i><\/p><\/div><\/div>\t\t\t\t<\/div>\n\t\t\t\t<\/div>\n\t\t\t\t<div class=\"elementor-element elementor-element-01b1fae elementor-widget elementor-widget-spacer\" data-id=\"01b1fae\" data-element_type=\"widget\" data-widget_type=\"spacer.default\">\n\t\t\t\t<div class=\"elementor-widget-container\">\n\t\t\t\t\t\t\t<div class=\"elementor-spacer\">\n\t\t\t<div class=\"elementor-spacer-inner\"><\/div>\n\t\t<\/div>\n\t\t\t\t\t\t<\/div>\n\t\t\t\t<\/div>\n\t\t\t\t\t<\/div>\n\t\t\t\t<\/div>\n\t\t\t\t\t<\/div>\n\t\t\t\t<\/div>\n\t\t<div class=\"elementor-element elementor-element-c8fb60f e-flex e-con-boxed e-con e-parent\" data-id=\"c8fb60f\" data-element_type=\"container\">\n\t\t\t\t\t<div class=\"e-con-inner\">\n\t\t\t\t<div class=\"elementor-element elementor-element-f3be07f elementor-widget__width-initial elementor-widget elementor-widget-text-editor\" data-id=\"f3be07f\" data-element_type=\"widget\" data-widget_type=\"text-editor.default\">\n\t\t\t\t<div class=\"elementor-widget-container\">\n\t\t\t\t\t\t\t\t\t<h3><strong>Membre du groupe de suivi de la s\u00e9curit\u00e9<\/strong><\/h3>\n<p>Depuis 2022, SAMON est fier de faire partie du groupe Safe Monitoring &#8211; un collectif de soci\u00e9t\u00e9s sp\u00e9cialis\u00e9es d\u00e9di\u00e9es \u00e0 l&rsquo;excellence dans la technologie de d\u00e9tection de gaz.<\/p>\n<p>Avec nos soci\u00e9t\u00e9s s\u0153urs &#8211; International Gas Detection (IGD), Bieler+Lang, Indupro et MEMS &#8211; nous formons un r\u00e9seau complet d&rsquo;expertise, couvrant tous les aspects de la d\u00e9tection de gaz dans diverses industries et applications.<\/p>\n<p>Ensemble, nous sommes d\u00e9termin\u00e9s \u00e0 devenir le groupe leader dans le domaine de la d\u00e9tection des gaz, en fournissant des solutions de s\u00e9curit\u00e9 in\u00e9gal\u00e9es dans le monde entier.<\/p>\n<p><a href=\"https:\/\/safemonitoringgroup.com\/\" target=\"_blank\" rel=\"noopener\"><strong>En savoir plus sur Safe Monitoring Group<\/strong><\/a><\/p>\n\t\t\t\t\t\t\t\t<\/div>\n\t\t\t\t<\/div>\n\t\t\t\t<div class=\"elementor-element elementor-element-f0f46e9 elementor-widget elementor-widget-image\" data-id=\"f0f46e9\" data-element_type=\"widget\" data-widget_type=\"image.default\">\n\t\t\t\t<div class=\"elementor-widget-container\">\n\t\t\t\t\t\t\t\t\t\t\t\t\t\t\t<img decoding=\"async\" width=\"800\" height=\"534\" src=\"https:\/\/samon.com\/wp-content\/uploads\/2024\/08\/SMG-1024x683.png\" class=\"attachment-large size-large wp-image-11464\" alt=\"\" srcset=\"https:\/\/samon.com\/wp-content\/uploads\/2024\/08\/SMG-1024x683.png 1024w, https:\/\/samon.com\/wp-content\/uploads\/2024\/08\/SMG-300x200.png 300w, https:\/\/samon.com\/wp-content\/uploads\/2024\/08\/SMG-768x512.png 768w, https:\/\/samon.com\/wp-content\/uploads\/2024\/08\/SMG.png 1200w\" sizes=\"(max-width: 800px) 100vw, 800px\" \/>\t\t\t\t\t\t\t\t\t\t\t\t\t\t\t<\/div>\n\t\t\t\t<\/div>\n\t\t\t\t\t<\/div>\n\t\t\t\t<\/div>\n\t\t\t\t<\/div>\n\t\t","protected":false},"excerpt":{"rendered":"<p>\u00c0 propos de SAMON Notre entreprise Expert en d\u00e9tection de gaz r\u00e9frig\u00e9rants SAMON a \u00e9t\u00e9 fond\u00e9 en Su\u00e8de en 1990. Depuis plus de 30 ans, nous nous effor\u00e7ons continuellement de comprendre les nouveaux besoins de l&rsquo;industrie de la r\u00e9frig\u00e9ration afin de pouvoir fournir \u00e0 nos clients ce dont ils ont besoin. Le march\u00e9 n&rsquo;est pas [&hellip;]<\/p>\n","protected":false},"author":1,"featured_media":0,"parent":0,"menu_order":0,"comment_status":"closed","ping_status":"closed","template":"","meta":{"_monsterinsights_skip_tracking":false,"_monsterinsights_sitenote_active":false,"_monsterinsights_sitenote_note":"","_monsterinsights_sitenote_category":0,"footnotes":""},"class_list":["post-11459","page","type-page","status-publish","hentry"],"aioseo_notices":[],"_links":{"self":[{"href":"https:\/\/samon.com\/fr\/wp-json\/wp\/v2\/pages\/11459","targetHints":{"allow":["GET"]}}],"collection":[{"href":"https:\/\/samon.com\/fr\/wp-json\/wp\/v2\/pages"}],"about":[{"href":"https:\/\/samon.com\/fr\/wp-json\/wp\/v2\/types\/page"}],"author":[{"embeddable":true,"href":"https:\/\/samon.com\/fr\/wp-json\/wp\/v2\/users\/1"}],"replies":[{"embeddable":true,"href":"https:\/\/samon.com\/fr\/wp-json\/wp\/v2\/comments?post=11459"}],"version-history":[{"count":3,"href":"https:\/\/samon.com\/fr\/wp-json\/wp\/v2\/pages\/11459\/revisions"}],"predecessor-version":[{"id":14266,"href":"https:\/\/samon.com\/fr\/wp-json\/wp\/v2\/pages\/11459\/revisions\/14266"}],"wp:attachment":[{"href":"https:\/\/samon.com\/fr\/wp-json\/wp\/v2\/media?parent=11459"}],"curies":[{"name":"wp","href":"https:\/\/api.w.org\/{rel}","templated":true}]}}