{"id":11390,"date":"2024-04-16T11:05:58","date_gmt":"2024-04-16T09:05:58","guid":{"rendered":"https:\/\/samon.com\/carrieres\/"},"modified":"2026-03-18T15:35:05","modified_gmt":"2026-03-18T14:35:05","slug":"carrieres","status":"publish","type":"page","link":"https:\/\/samon.com\/fr\/carrieres\/","title":{"rendered":"Carri\u00e8res"},"content":{"rendered":"\t\t<div data-elementor-type=\"wp-page\" data-elementor-id=\"11390\" class=\"elementor elementor-11390 elementor-372\" data-elementor-post-type=\"page\">\n\t\t\t\t<div class=\"elementor-element elementor-element-cde425f e-con-full e-flex e-con e-parent\" data-id=\"cde425f\" data-element_type=\"container\">\n\t\t\t\t<div class=\"elementor-element elementor-element-dde1ede elementor--h-position-center elementor--v-position-middle elementor-arrows-position-inside elementor-pagination-position-inside elementor-widget elementor-widget-slides\" data-id=\"dde1ede\" data-element_type=\"widget\" data-settings=\"{&quot;navigation&quot;:&quot;both&quot;,&quot;autoplay&quot;:&quot;yes&quot;,&quot;pause_on_hover&quot;:&quot;yes&quot;,&quot;pause_on_interaction&quot;:&quot;yes&quot;,&quot;autoplay_speed&quot;:5000,&quot;infinite&quot;:&quot;yes&quot;,&quot;transition&quot;:&quot;slide&quot;,&quot;transition_speed&quot;:500}\" data-widget_type=\"slides.default\">\n\t\t\t\t<div class=\"elementor-widget-container\">\n\t\t\t\t\t\t\t\t\t<div class=\"elementor-swiper\">\n\t\t\t\t\t<div class=\"elementor-slides-wrapper elementor-main-swiper swiper\" role=\"region\" aria-roledescription=\"carousel\" aria-label=\"Slides\" dir=\"ltr\" data-animation=\"fadeInUp\">\n\t\t\t\t<div class=\"swiper-wrapper elementor-slides\">\n\t\t\t\t\t\t\t\t\t\t<div class=\"elementor-repeater-item-d7295fd swiper-slide\" role=\"group\" aria-roledescription=\"slide\"><div class=\"swiper-slide-bg elementor-ken-burns elementor-ken-burns--in\" role=\"img\" aria-label=\"espace-bureau\"><\/div><div class=\"swiper-slide-inner\" ><div class=\"swiper-slide-contents\"><div class=\"elementor-slide-heading\">Carri\u00e8res<\/div><\/div><\/div><\/div>\t\t\t\t<\/div>\n\t\t\t\t\t\t\t<\/div>\n\t\t\t\t<\/div>\n\t\t\t\t\t\t\t\t<\/div>\n\t\t\t\t<\/div>\n\t\t\t\t<\/div>\n\t\t<div class=\"elementor-element elementor-element-dcb3cfa e-flex e-con-boxed e-con e-parent\" data-id=\"dcb3cfa\" data-element_type=\"container\">\n\t\t\t\t\t<div class=\"e-con-inner\">\n\t\t\t\t<div class=\"elementor-element elementor-element-10d61c6 elementor-widget elementor-widget-heading\" data-id=\"10d61c6\" data-element_type=\"widget\" data-widget_type=\"heading.default\">\n\t\t\t\t<div class=\"elementor-widget-container\">\n\t\t\t\t\t<h2 class=\"elementor-heading-title elementor-size-default\">Postes disponibles<\/h2>\t\t\t\t<\/div>\n\t\t\t\t<\/div>\n\t\t\t\t<div class=\"elementor-element elementor-element-5e45917 elementor-widget elementor-widget-text-editor\" data-id=\"5e45917\" data-element_type=\"widget\" data-widget_type=\"text-editor.default\">\n\t\t\t\t<div class=\"elementor-widget-container\">\n\t\t\t\t\t\t\t\t\t<p>Chez SAMON, nous sommes toujours \u00e0 la recherche de talents qualifi\u00e9s. Vous trouverez ci-dessous tous les postes disponibles chez nous.   <\/p>\t\t\t\t\t\t\t\t<\/div>\n\t\t\t\t<\/div>\n\t\t<div class=\"elementor-element elementor-element-26ec47d e-flex e-con-boxed e-con e-child\" data-id=\"26ec47d\" data-element_type=\"container\">\n\t\t\t\t\t<div class=\"e-con-inner\">\n\t\t\t\t<div class=\"elementor-element elementor-element-8ba051a elementor-widget elementor-widget-text-editor\" data-id=\"8ba051a\" data-element_type=\"widget\" data-widget_type=\"text-editor.default\">\n\t\t\t\t<div class=\"elementor-widget-container\">\n\t\t\t\t\t\t\t\t\t<p><img decoding=\"async\" class=\" wp-image-3415 alignleft\" src=\"https:\/\/samon.com\/wp-content\/uploads\/2024\/04\/Certifierad-2023-2024-SVE-jan-1-176x300.png\" alt=\"\" width=\"97\" height=\"165\" srcset=\"https:\/\/samon.com\/wp-content\/uploads\/2024\/04\/Certifierad-2023-2024-SVE-jan-1-176x300.png 176w, https:\/\/samon.com\/wp-content\/uploads\/2024\/04\/Certifierad-2023-2024-SVE-jan-1-601x1024.png 601w, https:\/\/samon.com\/wp-content\/uploads\/2024\/04\/Certifierad-2023-2024-SVE-jan-1-768x1308.png 768w, https:\/\/samon.com\/wp-content\/uploads\/2024\/04\/Certifierad-2023-2024-SVE-jan-1.png 801w\" sizes=\"(max-width: 97px) 100vw, 97px\" \/>Nous sommes fiers d&rsquo;annoncer que SAMON a \u00e9t\u00e9 certifi\u00e9 \u00ab\u00a0GREAT PLACE TO WORK\u00a0\u00bb. En 2024, nous avons obtenu une place dans le Top 10 des meilleurs lieux de travail en Su\u00e8de dans notre cat\u00e9gorie. En outre, nous avons \u00e9t\u00e9 class\u00e9s 2e dans la r\u00e9gion de Sk\u00e5ne en 2024.  <br><br>Notre engagement en faveur de l&rsquo;excellence est renforc\u00e9 par des enqu\u00eates annuelles aupr\u00e8s des employ\u00e9s, ce qui garantit que SAMON reste un lieu de travail fantastique pour notre \u00e9quipe.<\/p><p>Rejoignez-nous et d\u00e9couvrez pourquoi nos employ\u00e9s aiment venir travailler chaque jour. Faites partie d&rsquo;une entreprise o\u00f9 votre voix est entendue et o\u00f9 vos contributions comptent vraiment. <\/p><p>Bienvenue chez SAMON, o\u00f9 nous ne nous contentons pas de travailler, mais o\u00f9 nous nous \u00e9panouissons ensemble !<\/p>\t\t\t\t\t\t\t\t<\/div>\n\t\t\t\t<\/div>\n\t\t\t\t\t<\/div>\n\t\t\t\t<\/div>\n\t\t\t\t\t<\/div>\n\t\t\t\t<\/div>\n\t\t<div class=\"elementor-element elementor-element-550a023 e-flex e-con-boxed e-con e-parent\" data-id=\"550a023\" data-element_type=\"container\">\n\t\t\t\t\t<div class=\"e-con-inner\">\n\t\t\t\t<div class=\"elementor-element elementor-element-799413e elementor-widget elementor-widget-ucaddon_job_listing\" data-id=\"799413e\" data-element_type=\"widget\" data-widget_type=\"ucaddon_job_listing.default\">\n\t\t\t\t<div class=\"elementor-widget-container\">\n\t\t\t\t\t\n<!-- start Job Listing -->\n\t\t<link id='font-awesome-css' href='https:\/\/samon.com\/wp-content\/plugins\/unlimited-elements-for-elementor-premium\/assets_libraries\/font-awesome6\/fontawesome-all.min.css' type='text\/css' rel='stylesheet' >\n\t\t<link id='font-awesome-4-shim-css' href='https:\/\/samon.com\/wp-content\/plugins\/unlimited-elements-for-elementor-premium\/assets_libraries\/font-awesome6\/fontawesome-v4-shims.min.css' type='text\/css' rel='stylesheet' >\n\n<style>\/* widget: Job Listing *\/\n\n\n\n#uc_job_listing_elementor_799413e.ue_job_listing {\n    display: grid;\n    min-height:1px;\n}\n\n#uc_job_listing_elementor_799413e .ue_job_list_item {\n    display: flex;\n    justify-content: center;\n    align-items: center;\n    overflow:hidden;\n}\n#uc_job_listing_elementor_799413e .ue_job_column_left svg{\n  width:1em;\n  height:1em;\n}\n#uc_job_listing_elementor_799413e .ue_job_data{\n  display:flex;\n  flex-direction:column;\n  align-items: center;\n  width:100%;\n  height: 100%;\n}\n#uc_job_listing_elementor_799413e .ue_job_inner_data{\n  display:flex;\n  justify-content: space-between;\n  width:100%;\n}\n#uc_job_listing_elementor_799413e .ue_job_column_middle {\n    display: flex;\n    flex-direction: column;\n    flex-grow: 1;\n}\n#uc_job_listing_elementor_799413e .ue_job_title_salary_wrapper {\n    display: flex;\n    flex-direction: row;\n    width:100%;\n    gap:15px;\n}\n#uc_job_listing_elementor_799413e .ue_job_salary{\n    display: flex;\n    align-items: center;\n}\n#uc_job_listing_elementor_799413e .ue_job_info_wrapper {\n    display: flex;\n    flex-wrap: wrap;\n}\n#uc_job_listing_elementor_799413e .ue_job_info {\n    display: inline-flex;\n    align-items: center;\n    justify-content: center;\n}\n#uc_job_listing_elementor_799413e .ue_job_info .ue_jobinfo_icon{\n    display: flex;\n    align-items: center;\n    justify-content: center;\n}\n#uc_job_listing_elementor_799413e .ue_job_info svg{\n  width:1em;\n  height:1em;\n}\n#uc_job_listing_elementor_799413e .ue_job_skills_wrapper {\n    display: flex;\n    flex-direction: row;\n    flex-wrap: wrap;\n}\n\n#uc_job_listing_elementor_799413e .ue_job_skill {\n    display: inline-flex;\n\n}\n#uc_job_listing_elementor_799413e .ue_job_buttons {\n    display: flex;\n    flex-shrink: 0;\n    }\n#uc_job_listing_elementor_799413e .ue_job_btn {\n    display: flex;\n    align-items:center;\n    justify-content:center;\n    width:100%;}\n\n@media (max-width: 767px){\n  #uc_job_listing_elementor_799413e .ue_job_buttons {\n     width:100%;   }\n}\n\n@media (max-width: 1024px){\n  #uc_job_listing_elementor_799413e .ue_job_buttons {\n      }\n}\n\n\n\/* soft styles *\/\n.ue_job_skill{\n  font-size:14px;\n}\n\n<\/style>\n\n<div id=\"uc_job_listing_elementor_799413e\" class=\"ue_job_listing uc-items-wrapper  \"   dir=\"ltr\">\n  <div id=\"uc_job_listing_elementor_799413e_item1\" class=\"ue_job_list_item \">\n  \n      \n <div class=\"ue_job_data\"> \n    <div class=\"ue_job_title_salary_wrapper\">\n       <a href=\"https:\/\/samon.com\/fr\/?p=17400\"  ><div class=\"ue_job_title\">Responsable des ventes - Royaume-Uni<\/div><\/a>\n          <\/div>\n            \n  <div class=\"ue_job_inner_data\">\n    <div class=\"ue_job_column_middle\">\n                <div class=\"ue_job_skills_wrapper\">\n            <div class=\"ue_job_skill\">Professionnel de la vente<\/div>            <div class=\"ue_job_skill\">Strat\u00e9gique<\/div>            <div class=\"ue_job_skill\">Gestion de comptes<\/div>            <div class=\"ue_job_skill\">Vente<\/div>            <div class=\"ue_job_skill\">Flexible<\/div>        <\/div>\n                  \n        <div class=\"ue_job_info_wrapper\">\n                        <div class=\"ue_job_info ue_job_location\"><span class=\"ue_jobinfo_icon\"><i class='fas fa-map-marker-alt'><\/i><\/span>Bas\u00e9 au Royaume-Uni<\/div>            <div class=\"ue_job_info ue_job_type\"><span class=\"ue_jobinfo_icon\"><i class='fas fa-calendar-alt'><\/i><\/span>Temps plein<\/div>            <div class=\"ue_job_info ue_add_info\"><span class=\"ue_jobinfo_icon\"><i class='fas fa-info'><\/i><\/span>Vente<\/div>                    <\/div>\n                        <div class=\"ue_job_desc\">\u00cates-vous un professionnel de la vente dynamique et strat\u00e9gique, passionn\u00e9 par l&#039;\u00e9tablissement de relations solides avec les clients et la stimulation de la croissance de l&#039;entreprise ? Souhaitez-vous repr\u00e9senter un leader mondial de l&#039;industrie dans le domaine de la d\u00e9tection de gaz r\u00e9frig\u00e9rants ? <\/div>            <\/div>\n                <div class=\"ue_job_buttons\">\n            <a href=\"https:\/\/samon.com\/fr\/?p=17400\"  class=\"ue_job_btn ue_btn_1\">Voir les d\u00e9tails<\/a>            <a href=\"https:\/\/samon.com\/fr\/?p=17400\"  class=\"ue_job_btn ue_btn_2\">Postulez maintenant<\/a>        <\/div>\n          <\/div>\n <\/div>\n<\/div>\n\n<\/div>\n\n  <div id=\"uc_job_listing_elementor_799413e_empty_message\" class=\"ue-no-posts-found\"  style=\"display:none\" >Aucun emploi trouv\u00e9<\/div>\n\n<!-- end Job Listing -->\t\t\t\t<\/div>\n\t\t\t\t<\/div>\n\t\t\t\t\t<\/div>\n\t\t\t\t<\/div>\n\t\t<div class=\"elementor-element elementor-element-791cbf2 e-flex e-con-boxed e-con e-parent\" data-id=\"791cbf2\" data-element_type=\"container\">\n\t\t\t\t\t<div class=\"e-con-inner\">\n\t\t\t\t<div class=\"elementor-element elementor-element-f10c462 elementor-widget elementor-widget-ucaddon_job_listing\" data-id=\"f10c462\" data-element_type=\"widget\" data-widget_type=\"ucaddon_job_listing.default\">\n\t\t\t\t<div class=\"elementor-widget-container\">\n\t\t\t\t\t\n<!-- start Job Listing -->\n\n<style>\/* widget: Job Listing *\/\n\n\n\n#uc_job_listing_elementor_f10c462.ue_job_listing {\n    display: grid;\n    min-height:1px;\n}\n\n#uc_job_listing_elementor_f10c462 .ue_job_list_item {\n    display: flex;\n    justify-content: center;\n    align-items: center;\n    overflow:hidden;\n}\n#uc_job_listing_elementor_f10c462 .ue_job_column_left svg{\n  width:1em;\n  height:1em;\n}\n#uc_job_listing_elementor_f10c462 .ue_job_data{\n  display:flex;\n  flex-direction:column;\n  align-items: center;\n  width:100%;\n  height: 100%;\n}\n#uc_job_listing_elementor_f10c462 .ue_job_inner_data{\n  display:flex;\n  justify-content: space-between;\n  width:100%;\n}\n#uc_job_listing_elementor_f10c462 .ue_job_column_middle {\n    display: flex;\n    flex-direction: column;\n    flex-grow: 1;\n}\n#uc_job_listing_elementor_f10c462 .ue_job_title_salary_wrapper {\n    display: flex;\n    flex-direction: row;\n    width:100%;\n    gap:15px;\n}\n#uc_job_listing_elementor_f10c462 .ue_job_salary{\n    display: flex;\n    align-items: center;\n}\n#uc_job_listing_elementor_f10c462 .ue_job_info_wrapper {\n    display: flex;\n    flex-wrap: wrap;\n}\n#uc_job_listing_elementor_f10c462 .ue_job_info {\n    display: inline-flex;\n    align-items: center;\n    justify-content: center;\n}\n#uc_job_listing_elementor_f10c462 .ue_job_info .ue_jobinfo_icon{\n    display: flex;\n    align-items: center;\n    justify-content: center;\n}\n#uc_job_listing_elementor_f10c462 .ue_job_info svg{\n  width:1em;\n  height:1em;\n}\n#uc_job_listing_elementor_f10c462 .ue_job_skills_wrapper {\n    display: flex;\n    flex-direction: row;\n    flex-wrap: wrap;\n}\n\n#uc_job_listing_elementor_f10c462 .ue_job_skill {\n    display: inline-flex;\n\n}\n#uc_job_listing_elementor_f10c462 .ue_job_buttons {\n    display: flex;\n    flex-shrink: 0;\n    }\n#uc_job_listing_elementor_f10c462 .ue_job_btn {\n    display: flex;\n    align-items:center;\n    justify-content:center;\n    width:100%;}\n\n@media (max-width: 767px){\n  #uc_job_listing_elementor_f10c462 .ue_job_buttons {\n     width:100%;   }\n}\n\n@media (max-width: 1024px){\n  #uc_job_listing_elementor_f10c462 .ue_job_buttons {\n      }\n}\n\n\n\/* soft styles *\/\n.ue_job_skill{\n  font-size:14px;\n}\n\n<\/style>\n\n<div id=\"uc_job_listing_elementor_f10c462\" class=\"ue_job_listing uc-items-wrapper  \"   dir=\"ltr\">\n  <div id=\"uc_job_listing_elementor_f10c462_item1\" class=\"ue_job_list_item \">\n  \n      \n <div class=\"ue_job_data\"> \n    <div class=\"ue_job_title_salary_wrapper\">\n       <a href=\"https:\/\/samon.com\/fr\/emplois\/candidatures-spontanees\/\"  ><div class=\"ue_job_title\">Les candidatures spontan\u00e9es sont les bienvenues<\/div><\/a>\n          <\/div>\n            \n  <div class=\"ue_job_inner_data\">\n    <div class=\"ue_job_column_middle\">\n                <div class=\"ue_job_skills_wrapper\">\n            <div class=\"ue_job_skill\">\u00c9lectricien<\/div>            <div class=\"ue_job_skill\">Ing\u00e9nieur<\/div>            <div class=\"ue_job_skill\">Production<\/div>            <div class=\"ue_job_skill\">Vente<\/div>            <div class=\"ue_job_skill\">Flexible<\/div>        <\/div>\n                  \n        <div class=\"ue_job_info_wrapper\">\n                        <div class=\"ue_job_info ue_job_location\"><span class=\"ue_jobinfo_icon\"><i class='fas fa-map-marker-alt'><\/i><\/span>Vellinge, Su\u00e8de<\/div>            <div class=\"ue_job_info ue_job_type\"><span class=\"ue_jobinfo_icon\"><i class='fas fa-calendar-alt'><\/i><\/span>Temps plein\/temps partiel<\/div>            <div class=\"ue_job_info ue_add_info\"><span class=\"ue_jobinfo_icon\"><i class='fas fa-info'><\/i><\/span>Production\/Bureau<\/div>                    <\/div>\n                        <div class=\"ue_job_desc\">Chez SAMON, nous sommes toujours ouverts aux candidatures spontan\u00e9es de personnes talentueuses et passionn\u00e9es. Si vous souhaitez faire partie d&#039;une entreprise d\u00e9di\u00e9e \u00e0 l&#039;innovation et \u00e0 l&#039;excellence dans l&#039;industrie de la d\u00e9tection de gaz, nous voulons vous conna\u00eetre. Envoyez-nous votre CV et une lettre de motivation d\u00e9taillant votre expertise et la mani\u00e8re dont vous pouvez contribuer \u00e0 notre mission. Rejoignez-nous et contribuez \u00e0 fa\u00e7onner l&#039;avenir de la s\u00e9curit\u00e9 et du d\u00e9veloppement durable !   <\/div>            <\/div>\n                <div class=\"ue_job_buttons\">\n            <a href=\"https:\/\/samon.com\/fr\/emplois\/candidatures-spontanees\/\"  class=\"ue_job_btn ue_btn_1\">Voir les d\u00e9tails<\/a>            <a href=\"https:\/\/samon.com\/fr\/emplois\/candidatures-spontanees\/\"  class=\"ue_job_btn ue_btn_2\">Postulez maintenant<\/a>        <\/div>\n          <\/div>\n <\/div>\n<\/div>\n\n<\/div>\n\n  <div id=\"uc_job_listing_elementor_f10c462_empty_message\" class=\"ue-no-posts-found\"  style=\"display:none\" >Aucun emploi trouv\u00e9<\/div>\n\n<!-- end Job Listing -->\t\t\t\t<\/div>\n\t\t\t\t<\/div>\n\t\t\t\t\t<\/div>\n\t\t\t\t<\/div>\n\t\t<div class=\"elementor-element elementor-element-42b78aa e-flex e-con-boxed e-con e-parent\" data-id=\"42b78aa\" data-element_type=\"container\" data-settings=\"{&quot;background_background&quot;:&quot;classic&quot;}\">\n\t\t\t\t\t<div class=\"e-con-inner\">\n\t\t\t\t<div class=\"elementor-element elementor-element-e19e483 elementor-widget elementor-widget-heading\" data-id=\"e19e483\" data-element_type=\"widget\" data-widget_type=\"heading.default\">\n\t\t\t\t<div class=\"elementor-widget-container\">\n\t\t\t\t\t<h2 class=\"elementor-heading-title elementor-size-default\">Ce que dit notre \u00e9quipe !<\/h2>\t\t\t\t<\/div>\n\t\t\t\t<\/div>\n\t\t\t\t<div class=\"elementor-element elementor-element-addc3ee elementor-widget__width-initial elementor-arrows-yes elementor-pagination-type-bullets elementor--star-style-star_fontawesome elementor-widget elementor-widget-reviews\" data-id=\"addc3ee\" data-element_type=\"widget\" data-settings=\"{&quot;space_between&quot;:{&quot;unit&quot;:&quot;px&quot;,&quot;size&quot;:0,&quot;sizes&quot;:[]},&quot;show_arrows&quot;:&quot;yes&quot;,&quot;pagination&quot;:&quot;bullets&quot;,&quot;speed&quot;:500,&quot;autoplay&quot;:&quot;yes&quot;,&quot;autoplay_speed&quot;:5000,&quot;loop&quot;:&quot;yes&quot;,&quot;pause_on_hover&quot;:&quot;yes&quot;,&quot;pause_on_interaction&quot;:&quot;yes&quot;,&quot;space_between_tablet&quot;:{&quot;unit&quot;:&quot;px&quot;,&quot;size&quot;:10,&quot;sizes&quot;:[]},&quot;space_between_mobile&quot;:{&quot;unit&quot;:&quot;px&quot;,&quot;size&quot;:10,&quot;sizes&quot;:[]}}\" data-widget_type=\"reviews.default\">\n\t\t\t\t<div class=\"elementor-widget-container\">\n\t\t\t\t\t\t\t\t\t<div class=\"elementor-swiper\">\n\t\t\t\t\t<div class=\"elementor-main-swiper swiper\" role=\"region\" aria-roledescription=\"carousel\" aria-label=\"Slides\">\n\t\t\t\t<div class=\"swiper-wrapper\">\n\t\t\t\t\t\t\t\t\t\t\t<div class=\"swiper-slide\" role=\"group\" aria-roledescription=\"slide\">\n\t\t\t\t\t\t\t\t\t<div class=\"elementor-testimonial elementor-repeater-item-77f04fa\">\n\t\t\t\t\t\t\t<div class=\"elementor-testimonial__header\">\n\t\t\t\t\t\t\t\t\t\t\t<div class=\"elementor-testimonial__image\">\n\t\t\t\t\t\t\t<img decoding=\"async\" src=\"https:\/\/samon.com\/wp-content\/uploads\/2024\/04\/FPO.png\" alt=\"Flemming Poulsen\">\n\t\t\t\t\t\t\t\t\t\t\t\t\t<\/div>\n\t\t\t\t\t\t\t\t\t\t<cite class=\"elementor-testimonial__cite\"><span class=\"elementor-testimonial__name\">Flemming Poulsen<\/span><span class=\"elementor-testimonial__title\">Marketing<\/span><\/cite>\t\t\t\t\t<div class=\"elementor-testimonial__icon elementor-icon elementor-icon-\" aria-label=\"Lire plus\"><\/div>\t\t\t\t<\/div>\n\t\t\t\t\t\t\t\t\t\t<div class=\"elementor-testimonial__content\">\n\t\t\t\t\t<div class=\"elementor-testimonial__text\">\n\t\t\t\t\t\tChez SAMON, le mot \"\u00e9quipe\" s'\u00e9crit avec un \"F\" majuscule - pour \"famille\". Il ne s'agit pas seulement de travailler ici, mais de faire partie d'une famille qui entreprend un voyage incroyable. Les d\u00e9fis que nous relevons ensemble, guid\u00e9s par des experts dans tous les domaines, offrent des possibilit\u00e9s de croissance infinies. La recherche de l'excellence au quotidien est inscrite dans notre ADN. Faire partie de ce voyage est vraiment valoris\u00e9 et appr\u00e9ci\u00e9\".\t\t\t\t\t<\/div>\n\t\t\t\t<\/div>\n\t\t\t\t\t<\/div>\n\t\t\t\t\t\t\t\t<\/div>\n\t\t\t\t\t\t\t\t\t\t\t<div class=\"swiper-slide\" role=\"group\" aria-roledescription=\"slide\">\n\t\t\t\t\t\t\t\t\t<div class=\"elementor-testimonial elementor-repeater-item-cfe1310\">\n\t\t\t\t\t\t\t<div class=\"elementor-testimonial__header\">\n\t\t\t\t\t\t\t\t\t\t\t<div class=\"elementor-testimonial__image\">\n\t\t\t\t\t\t\t<img decoding=\"async\" src=\"https:\/\/samon.com\/wp-content\/uploads\/2024\/04\/PLI.png\" alt=\"Petra Lindel\u00f6f\">\n\t\t\t\t\t\t\t\t\t\t\t\t\t<\/div>\n\t\t\t\t\t\t\t\t\t\t<cite class=\"elementor-testimonial__cite\"><span class=\"elementor-testimonial__name\">Petra Lindel\u00f6f<\/span><span class=\"elementor-testimonial__title\">Ventes techniques<\/span><\/cite>\t\t\t\t\t<div class=\"elementor-testimonial__icon elementor-icon elementor-icon-\" aria-label=\"Lire plus\"><\/div>\t\t\t\t<\/div>\n\t\t\t\t\t\t\t\t\t\t<div class=\"elementor-testimonial__content\">\n\t\t\t\t\t<div class=\"elementor-testimonial__text\">\n\t\t\t\t\t\t\"Travailler dans une entreprise en pleine croissance est un d\u00e9fi. Avec la diversit\u00e9 des personnes et des comp\u00e9tences disponibles, c'est un d\u00e9fi positif o\u00f9 nous contribuons tous \u00e0 la r\u00e9ussite de l'entreprise. J'aime mon travail et mes coll\u00e8gues, et c'est vraiment un endroit o\u00f9 il fait bon travailler.\"\t\t\t\t\t<\/div>\n\t\t\t\t<\/div>\n\t\t\t\t\t<\/div>\n\t\t\t\t\t\t\t\t<\/div>\n\t\t\t\t\t\t\t\t\t\t\t<div class=\"swiper-slide\" role=\"group\" aria-roledescription=\"slide\">\n\t\t\t\t\t\t\t\t\t<div class=\"elementor-testimonial elementor-repeater-item-4957ff8\">\n\t\t\t\t\t\t\t<div class=\"elementor-testimonial__header\">\n\t\t\t\t\t\t\t\t\t\t\t<div class=\"elementor-testimonial__image\">\n\t\t\t\t\t\t\t<img decoding=\"async\" src=\"https:\/\/samon.com\/wp-content\/uploads\/2024\/04\/DJU.png\" alt=\"Dzenkis Junuzovic\">\n\t\t\t\t\t\t\t\t\t\t\t\t\t<\/div>\n\t\t\t\t\t\t\t\t\t\t<cite class=\"elementor-testimonial__cite\"><span class=\"elementor-testimonial__name\">Dzenkis Junuzovic<\/span><span class=\"elementor-testimonial__title\">Directeur R&amp;D<\/span><\/cite>\t\t\t\t\t<div class=\"elementor-testimonial__icon elementor-icon elementor-icon-\" aria-label=\"Lire plus\"><\/div>\t\t\t\t<\/div>\n\t\t\t\t\t\t\t\t\t\t<div class=\"elementor-testimonial__content\">\n\t\t\t\t\t<div class=\"elementor-testimonial__text\">\n\t\t\t\t\t\t\"L'entreprise dispose d'un \u00e9norme r\u00e9servoir de connaissances accumul\u00e9es au fil des ans par des coll\u00e8gues ayant des ant\u00e9c\u00e9dents et des sp\u00e9cialisations vari\u00e9s. Le tout est plus grand que la somme de ses parties. Les employ\u00e9s ont le sentiment de contribuer au succ\u00e8s de SAMON. L'entreprise encourage les gens \u00e0 se d\u00e9velopper et \u00e0 atteindre leur plein potentiel. Samon permet aux gens d'\u00eatre eux-m\u00eames.\t\t\t\t\t<\/div>\n\t\t\t\t<\/div>\n\t\t\t\t\t<\/div>\n\t\t\t\t\t\t\t\t<\/div>\n\t\t\t\t\t\t\t\t\t\t\t<div class=\"swiper-slide\" role=\"group\" aria-roledescription=\"slide\">\n\t\t\t\t\t\t\t\t\t<div class=\"elementor-testimonial elementor-repeater-item-3122b71\">\n\t\t\t\t\t\t\t<div class=\"elementor-testimonial__header\">\n\t\t\t\t\t\t\t\t\t\t\t<div class=\"elementor-testimonial__image\">\n\t\t\t\t\t\t\t<img decoding=\"async\" src=\"https:\/\/samon.com\/wp-content\/uploads\/2024\/04\/JSE.png\" alt=\"Johanna Sepulveda\">\n\t\t\t\t\t\t\t\t\t\t\t\t\t<\/div>\n\t\t\t\t\t\t\t\t\t\t<cite class=\"elementor-testimonial__cite\"><span class=\"elementor-testimonial__name\">Johanna Sepulveda<\/span><span class=\"elementor-testimonial__title\">Directeur du d\u00e9veloppement commercial - Iberia<\/span><\/cite>\t\t\t\t\t<div class=\"elementor-testimonial__icon elementor-icon elementor-icon-\" aria-label=\"Lire plus\"><\/div>\t\t\t\t<\/div>\n\t\t\t\t\t\t\t\t\t\t<div class=\"elementor-testimonial__content\">\n\t\t\t\t\t<div class=\"elementor-testimonial__text\">\n\t\t\t\t\t\t\"Travailler chez SAMON est tout simplement passionnant, chaque jour il y a de nouveaux d\u00e9fis, de nouveaux march\u00e9s \u00e0 explorer, nous cherchons de nouvelles fa\u00e7ons de r\u00e9pondre aux besoins de nos clients en mati\u00e8re de produits, nous analysons les r\u00e9glementations et les appliquons, tout cela pour prot\u00e9ger l'environnement et les personnes. Nous avons aussi un groupe de coll\u00e8gues qui veulent toujours nous aider. \u00c0 Samon, nous comprenons que tout est plus facile en \u00e9quipe !\"\t\t\t\t\t<\/div>\n\t\t\t\t<\/div>\n\t\t\t\t\t<\/div>\n\t\t\t\t\t\t\t\t<\/div>\n\t\t\t\t\t\t\t\t\t<\/div>\n\t\t\t\t\t\t\t\t\t\t\t\t\t\t\t<div class=\"elementor-swiper-button elementor-swiper-button-prev\" role=\"button\" tabindex=\"0\" aria-label=\"Pr\u00e9c\u00e9dent\">\n\t\t\t\t\t\t\t<svg aria-hidden=\"true\" class=\"e-font-icon-svg e-eicon-chevron-left\" viewBox=\"0 0 1000 1000\" xmlns=\"http:\/\/www.w3.org\/2000\/svg\"><path d=\"M646 125C629 125 613 133 604 142L308 442C296 454 292 471 292 487 292 504 296 521 308 533L604 854C617 867 629 875 646 875 663 875 679 871 692 858 704 846 713 829 713 812 713 796 708 779 692 767L438 487 692 225C700 217 708 204 708 187 708 171 704 154 692 142 675 129 663 125 646 125Z\"><\/path><\/svg>\t\t\t\t\t\t<\/div>\n\t\t\t\t\t\t<div class=\"elementor-swiper-button elementor-swiper-button-next\" role=\"button\" tabindex=\"0\" aria-label=\"Suivant\">\n\t\t\t\t\t\t\t<svg aria-hidden=\"true\" class=\"e-font-icon-svg e-eicon-chevron-right\" viewBox=\"0 0 1000 1000\" xmlns=\"http:\/\/www.w3.org\/2000\/svg\"><path d=\"M696 533C708 521 713 504 713 487 713 471 708 454 696 446L400 146C388 133 375 125 354 125 338 125 325 129 313 142 300 154 292 171 292 187 292 204 296 221 308 233L563 492 304 771C292 783 288 800 288 817 288 833 296 850 308 863 321 871 338 875 354 875 371 875 388 867 400 854L696 533Z\"><\/path><\/svg>\t\t\t\t\t\t<\/div>\n\t\t\t\t\t\t\t\t\t\t\t\t\t\t\t\t<div class=\"swiper-pagination\"><\/div>\n\t\t\t\t\t\t\t\t\t\t\t\t<\/div>\n\t\t\t\t<\/div>\n\t\t\t\t\t\t\t\t<\/div>\n\t\t\t\t<\/div>\n\t\t\t\t\t<\/div>\n\t\t\t\t<\/div>\n\t\t\t\t<\/div>\n\t\t","protected":false},"excerpt":{"rendered":"<p>Postes disponibles chez SAMON. Nous accueillons toujours favorablement les candidatures. <\/p>\n","protected":false},"author":1,"featured_media":0,"parent":0,"menu_order":0,"comment_status":"closed","ping_status":"closed","template":"","meta":{"_monsterinsights_skip_tracking":false,"_monsterinsights_sitenote_active":false,"_monsterinsights_sitenote_note":"","_monsterinsights_sitenote_category":0,"footnotes":""},"class_list":["post-11390","page","type-page","status-publish","hentry"],"aioseo_notices":[],"_links":{"self":[{"href":"https:\/\/samon.com\/fr\/wp-json\/wp\/v2\/pages\/11390","targetHints":{"allow":["GET"]}}],"collection":[{"href":"https:\/\/samon.com\/fr\/wp-json\/wp\/v2\/pages"}],"about":[{"href":"https:\/\/samon.com\/fr\/wp-json\/wp\/v2\/types\/page"}],"author":[{"embeddable":true,"href":"https:\/\/samon.com\/fr\/wp-json\/wp\/v2\/users\/1"}],"replies":[{"embeddable":true,"href":"https:\/\/samon.com\/fr\/wp-json\/wp\/v2\/comments?post=11390"}],"version-history":[{"count":23,"href":"https:\/\/samon.com\/fr\/wp-json\/wp\/v2\/pages\/11390\/revisions"}],"predecessor-version":[{"id":17418,"href":"https:\/\/samon.com\/fr\/wp-json\/wp\/v2\/pages\/11390\/revisions\/17418"}],"wp:attachment":[{"href":"https:\/\/samon.com\/fr\/wp-json\/wp\/v2\/media?parent=11390"}],"curies":[{"name":"wp","href":"https:\/\/api.w.org\/{rel}","templated":true}]}}