{"id":11364,"date":"2024-04-16T11:23:13","date_gmt":"2024-04-16T09:23:13","guid":{"rendered":"https:\/\/samon.com\/bureaux\/"},"modified":"2024-10-23T14:45:07","modified_gmt":"2024-10-23T12:45:07","slug":"bureaux","status":"publish","type":"page","link":"https:\/\/samon.com\/fr\/bureaux\/","title":{"rendered":"Bureaux"},"content":{"rendered":"\t\t<div data-elementor-type=\"wp-page\" data-elementor-id=\"11364\" class=\"elementor elementor-11364 elementor-414\" data-elementor-post-type=\"page\">\n\t\t\t\t<div class=\"elementor-element elementor-element-1c7a871 e-con-full e-flex e-con e-parent\" data-id=\"1c7a871\" data-element_type=\"container\">\n\t\t\t\t<div class=\"elementor-element elementor-element-37664cc elementor--h-position-center elementor--v-position-middle elementor-arrows-position-inside elementor-pagination-position-inside elementor-widget elementor-widget-slides\" data-id=\"37664cc\" data-element_type=\"widget\" data-settings=\"{&quot;navigation&quot;:&quot;both&quot;,&quot;autoplay&quot;:&quot;yes&quot;,&quot;pause_on_hover&quot;:&quot;yes&quot;,&quot;pause_on_interaction&quot;:&quot;yes&quot;,&quot;autoplay_speed&quot;:5000,&quot;infinite&quot;:&quot;yes&quot;,&quot;transition&quot;:&quot;slide&quot;,&quot;transition_speed&quot;:500}\" data-widget_type=\"slides.default\">\n\t\t\t\t<div class=\"elementor-widget-container\">\n\t\t\t\t\t\t\t\t\t<div class=\"elementor-swiper\">\n\t\t\t\t\t<div class=\"elementor-slides-wrapper elementor-main-swiper swiper\" role=\"region\" aria-roledescription=\"carousel\" aria-label=\"Diapositives\" dir=\"ltr\" data-animation=\"fadeInUp\">\n\t\t\t\t<div class=\"swiper-wrapper elementor-slides\">\n\t\t\t\t\t\t\t\t\t\t<div class=\"elementor-repeater-item-5a5a784 swiper-slide\" role=\"group\" aria-roledescription=\"slide\"><div class=\"swiper-slide-bg elementor-ken-burns elementor-ken-burns--in\" role=\"img\" aria-label=\"office-space\"><\/div><div class=\"swiper-slide-inner\" ><div class=\"swiper-slide-contents\"><div class=\"elementor-slide-heading\">Bureaux<\/div><\/div><\/div><\/div>\t\t\t\t<\/div>\n\t\t\t\t\t\t\t<\/div>\n\t\t\t\t<\/div>\n\t\t\t\t\t\t\t\t<\/div>\n\t\t\t\t<\/div>\n\t\t\t\t<\/div>\n\t\t<div class=\"elementor-element elementor-element-70b9d63 e-flex e-con-boxed e-con e-parent\" data-id=\"70b9d63\" data-element_type=\"container\">\n\t\t\t\t\t<div class=\"e-con-inner\">\n\t\t\t\t<div class=\"elementor-element elementor-element-01e8752 elementor-widget elementor-widget-heading\" data-id=\"01e8752\" data-element_type=\"widget\" data-widget_type=\"heading.default\">\n\t\t\t\t<div class=\"elementor-widget-container\">\n\t\t\t\t\t<h2 class=\"elementor-heading-title elementor-size-default\">Am\u00e9liorez la s\u00e9curit\u00e9 de vos bureaux gr\u00e2ce \u00e0 des syst\u00e8mes avanc\u00e9s de d\u00e9tection des gaz r\u00e9frig\u00e9rants  <\/h2>\t\t\t\t<\/div>\n\t\t\t\t<\/div>\n\t\t\t\t<div class=\"elementor-element elementor-element-1631de3 elementor-widget elementor-widget-text-editor\" data-id=\"1631de3\" data-element_type=\"widget\" data-widget_type=\"text-editor.default\">\n\t\t\t\t<div class=\"elementor-widget-container\">\n\t\t\t\t\t\t\t\t\t<p>Les d\u00e9tecteurs de gaz dans les bureaux sont principalement utilis\u00e9s lorsque des syst\u00e8mes VRF (Variable refrigerant flow) sont utilis\u00e9s avec des r\u00e9frig\u00e9rants synth\u00e9tiques.<\/p>\n\t\t\t\t\t\t\t\t<\/div>\n\t\t\t\t<\/div>\n\t\t\t\t\t<\/div>\n\t\t\t\t<\/div>\n\t\t<div class=\"elementor-element elementor-element-4599100 e-flex e-con-boxed e-con e-parent\" data-id=\"4599100\" data-element_type=\"container\">\n\t\t\t\t\t<div class=\"e-con-inner\">\n\t\t<div class=\"elementor-element elementor-element-6eda147 e-grid e-con-boxed e-con e-child\" data-id=\"6eda147\" data-element_type=\"container\">\n\t\t\t\t\t<div class=\"e-con-inner\">\n\t\t\t\t<div class=\"elementor-element elementor-element-085fd2e elementor-widget elementor-widget-image\" data-id=\"085fd2e\" data-element_type=\"widget\" data-widget_type=\"image.default\">\n\t\t\t\t<div class=\"elementor-widget-container\">\n\t\t\t\t\t\t\t\t\t\t\t\t\t\t\t<img fetchpriority=\"high\" decoding=\"async\" width=\"800\" height=\"800\" src=\"https:\/\/samon.com\/wp-content\/uploads\/2024\/06\/office-happy-square-1024x1024.jpg\" class=\"attachment-large size-large wp-image-11368\" alt=\"\" srcset=\"https:\/\/samon.com\/wp-content\/uploads\/2024\/06\/office-happy-square-1024x1024.jpg 1024w, https:\/\/samon.com\/wp-content\/uploads\/2024\/06\/office-happy-square-300x300.jpg 300w, https:\/\/samon.com\/wp-content\/uploads\/2024\/06\/office-happy-square-150x150.jpg 150w, https:\/\/samon.com\/wp-content\/uploads\/2024\/06\/office-happy-square-768x768.jpg 768w, https:\/\/samon.com\/wp-content\/uploads\/2024\/06\/office-happy-square-1536x1536.jpg 1536w, https:\/\/samon.com\/wp-content\/uploads\/2024\/06\/office-happy-square.jpg 1920w\" sizes=\"(max-width: 800px) 100vw, 800px\" \/>\t\t\t\t\t\t\t\t\t\t\t\t\t\t\t<\/div>\n\t\t\t\t<\/div>\n\t\t<div class=\"elementor-element elementor-element-ec15cd8 e-flex e-con-boxed e-con e-child\" data-id=\"ec15cd8\" data-element_type=\"container\">\n\t\t\t\t\t<div class=\"e-con-inner\">\n\t\t\t\t<div class=\"elementor-element elementor-element-06ff7b0 elementor-widget elementor-widget-heading\" data-id=\"06ff7b0\" data-element_type=\"widget\" data-widget_type=\"heading.default\">\n\t\t\t\t<div class=\"elementor-widget-container\">\n\t\t\t\t\t<h2 class=\"elementor-heading-title elementor-size-default\">La s\u00e9curit\u00e9 avant tout<\/h2>\t\t\t\t<\/div>\n\t\t\t\t<\/div>\n\t\t\t\t<div class=\"elementor-element elementor-element-c08bd90 elementor-widget elementor-widget-text-editor\" data-id=\"c08bd90\" data-element_type=\"widget\" data-widget_type=\"text-editor.default\">\n\t\t\t\t<div class=\"elementor-widget-container\">\n\t\t\t\t\t\t\t\t\t<p>Les fuites de gaz r\u00e9frig\u00e9rant peuvent entra\u00eener de graves risques pour la sant\u00e9, notamment l&rsquo;asphyxie et l&rsquo;exposition \u00e0 des substances toxiques. Nos syst\u00e8mes de d\u00e9tection de gaz \u00e0 la pointe de la technologie assurent une surveillance continue des syst\u00e8mes VRF, garantissant ainsi la d\u00e9tection rapide de toute fuite. <\/p>\n<p>La d\u00e9tection imm\u00e9diate permet d&rsquo;agir rapidement pour prot\u00e9ger la sant\u00e9 et le bien-\u00eatre des employ\u00e9s, en \u00e9vitant les dommages potentiels et en garantissant un environnement de travail s\u00fbr.<\/p>\n\t\t\t\t\t\t\t\t<\/div>\n\t\t\t\t<\/div>\n\t\t\t\t\t<\/div>\n\t\t\t\t<\/div>\n\t\t\t\t\t<\/div>\n\t\t\t\t<\/div>\n\t\t\t\t\t<\/div>\n\t\t\t\t<\/div>\n\t\t<div class=\"elementor-element elementor-element-2e1d140 e-flex e-con-boxed e-con e-parent\" data-id=\"2e1d140\" data-element_type=\"container\">\n\t\t\t\t\t<div class=\"e-con-inner\">\n\t\t<div class=\"elementor-element elementor-element-b3b8fd5 e-grid e-con-boxed e-con e-child\" data-id=\"b3b8fd5\" data-element_type=\"container\">\n\t\t\t\t\t<div class=\"e-con-inner\">\n\t\t<div class=\"elementor-element elementor-element-33b7295 e-flex e-con-boxed e-con e-child\" data-id=\"33b7295\" data-element_type=\"container\">\n\t\t\t\t\t<div class=\"e-con-inner\">\n\t\t\t\t<div class=\"elementor-element elementor-element-6e7235d elementor-widget elementor-widget-heading\" data-id=\"6e7235d\" data-element_type=\"widget\" data-widget_type=\"heading.default\">\n\t\t\t\t<div class=\"elementor-widget-container\">\n\t\t\t\t\t<h2 class=\"elementor-heading-title elementor-size-default\">Respect des r\u00e8glements  <\/h2>\t\t\t\t<\/div>\n\t\t\t\t<\/div>\n\t\t\t\t<div class=\"elementor-element elementor-element-9584059 elementor-widget elementor-widget-text-editor\" data-id=\"9584059\" data-element_type=\"widget\" data-widget_type=\"text-editor.default\">\n\t\t\t\t<div class=\"elementor-widget-container\">\n\t\t\t\t\t\t\t\t\t<p>Le respect des r\u00e9glementations et des normes de s\u00e9curit\u00e9 est essentiel pour maintenir un environnement de bureau conforme. Les cadres r\u00e9glementaires tels que EN378 en Europe et ASHRAE 15 aux \u00c9tats-Unis imposent la surveillance des gaz r\u00e9frig\u00e9rants dans les espaces o\u00f9 des syst\u00e8mes VRF sont utilis\u00e9s. <\/p>\n<p>Nos syst\u00e8mes de d\u00e9tection des gaz r\u00e9frig\u00e9rants vous aident \u00e0 r\u00e9pondre \u00e0 ces normes strictes, garantissant ainsi que vos bureaux respectent toutes les r\u00e9glementations n\u00e9cessaires et r\u00e9duisent les risques de responsabilit\u00e9.<\/p>\n\t\t\t\t\t\t\t\t<\/div>\n\t\t\t\t<\/div>\n\t\t\t\t\t<\/div>\n\t\t\t\t<\/div>\n\t\t\t\t<div class=\"elementor-element elementor-element-327c3f9 elementor-widget elementor-widget-image\" data-id=\"327c3f9\" data-element_type=\"widget\" data-widget_type=\"image.default\">\n\t\t\t\t<div class=\"elementor-widget-container\">\n\t\t\t\t\t\t\t\t\t\t\t\t\t\t\t<img decoding=\"async\" width=\"800\" height=\"800\" src=\"https:\/\/samon.com\/wp-content\/uploads\/2024\/06\/office-building-square-1024x1024.jpg\" class=\"attachment-large size-large wp-image-11369\" alt=\"\" srcset=\"https:\/\/samon.com\/wp-content\/uploads\/2024\/06\/office-building-square-1024x1024.jpg 1024w, https:\/\/samon.com\/wp-content\/uploads\/2024\/06\/office-building-square-300x300.jpg 300w, https:\/\/samon.com\/wp-content\/uploads\/2024\/06\/office-building-square-150x150.jpg 150w, https:\/\/samon.com\/wp-content\/uploads\/2024\/06\/office-building-square-768x768.jpg 768w, https:\/\/samon.com\/wp-content\/uploads\/2024\/06\/office-building-square-1536x1536.jpg 1536w, https:\/\/samon.com\/wp-content\/uploads\/2024\/06\/office-building-square.jpg 1920w\" sizes=\"(max-width: 800px) 100vw, 800px\" \/>\t\t\t\t\t\t\t\t\t\t\t\t\t\t\t<\/div>\n\t\t\t\t<\/div>\n\t\t\t\t\t<\/div>\n\t\t\t\t<\/div>\n\t\t\t\t\t<\/div>\n\t\t\t\t<\/div>\n\t\t<div class=\"elementor-element elementor-element-66cf72d e-flex e-con-boxed e-con e-parent\" data-id=\"66cf72d\" data-element_type=\"container\">\n\t\t\t\t\t<div class=\"e-con-inner\">\n\t\t<div class=\"elementor-element elementor-element-e81a156 e-grid e-con-boxed e-con e-child\" data-id=\"e81a156\" data-element_type=\"container\">\n\t\t\t\t\t<div class=\"e-con-inner\">\n\t\t\t\t<div class=\"elementor-element elementor-element-24d7f35 elementor-widget elementor-widget-image\" data-id=\"24d7f35\" data-element_type=\"widget\" data-widget_type=\"image.default\">\n\t\t\t\t<div class=\"elementor-widget-container\">\n\t\t\t\t\t\t\t\t\t\t\t\t\t\t\t<img decoding=\"async\" width=\"800\" height=\"800\" src=\"https:\/\/samon.com\/wp-content\/uploads\/2024\/06\/office-laptop-1024x1024.jpg\" class=\"attachment-large size-large wp-image-11371\" alt=\"\" srcset=\"https:\/\/samon.com\/wp-content\/uploads\/2024\/06\/office-laptop-1024x1024.jpg 1024w, https:\/\/samon.com\/wp-content\/uploads\/2024\/06\/office-laptop-300x300.jpg 300w, https:\/\/samon.com\/wp-content\/uploads\/2024\/06\/office-laptop-150x150.jpg 150w, https:\/\/samon.com\/wp-content\/uploads\/2024\/06\/office-laptop-768x768.jpg 768w, https:\/\/samon.com\/wp-content\/uploads\/2024\/06\/office-laptop-1536x1536.jpg 1536w, https:\/\/samon.com\/wp-content\/uploads\/2024\/06\/office-laptop.jpg 1920w\" sizes=\"(max-width: 800px) 100vw, 800px\" \/>\t\t\t\t\t\t\t\t\t\t\t\t\t\t\t<\/div>\n\t\t\t\t<\/div>\n\t\t<div class=\"elementor-element elementor-element-9a0654a e-flex e-con-boxed e-con e-child\" data-id=\"9a0654a\" data-element_type=\"container\">\n\t\t\t\t\t<div class=\"e-con-inner\">\n\t\t\t\t<div class=\"elementor-element elementor-element-f089989 elementor-widget elementor-widget-heading\" data-id=\"f089989\" data-element_type=\"widget\" data-widget_type=\"heading.default\">\n\t\t\t\t<div class=\"elementor-widget-container\">\n\t\t\t\t\t<h2 class=\"elementor-heading-title elementor-size-default\">Avantages de la d\u00e9tection des gaz r\u00e9frig\u00e9rants  <\/h2>\t\t\t\t<\/div>\n\t\t\t\t<\/div>\n\t\t\t\t<div class=\"elementor-element elementor-element-70be6c3 elementor-widget elementor-widget-text-editor\" data-id=\"70be6c3\" data-element_type=\"widget\" data-widget_type=\"text-editor.default\">\n\t\t\t\t<div class=\"elementor-widget-container\">\n\t\t\t\t\t\t\t\t\t<ul>\n<li><strong>Protection de la sant\u00e9 :<\/strong> <br \/>Emp\u00eache l&rsquo;exposition aux gaz r\u00e9frig\u00e9rants nocifs.\n<\/li>\n<li><strong>Efficacit\u00e9 op\u00e9rationnelle :<\/strong> <br \/>Maintien des performances optimales des syst\u00e8mes CVC.\n<\/li>\n<li><strong>Responsabilit\u00e9 environnementale :<\/strong> <br \/>Favorise le respect des r\u00e9glementations et des normes environnementales.\n<\/li>\n<li><strong>R\u00e9duction des co\u00fbts :<\/strong> <br \/>R\u00e9duit les co\u00fbts potentiels associ\u00e9s aux fuites de r\u00e9frig\u00e9rant et aux temps d&rsquo;arr\u00eat du syst\u00e8me.\n<\/li>\n<\/ul>\n<p>Investir dans des syst\u00e8mes avanc\u00e9s de d\u00e9tection des gaz r\u00e9frig\u00e9rants est une \u00e9tape proactive pour garantir un environnement de travail s\u00fbr, conforme et efficace. Prot\u00e9gez vos employ\u00e9s et votre investissement gr\u00e2ce \u00e0 nos solutions de d\u00e9tection de pointe. Contactez-nous d\u00e8s aujourd&rsquo;hui pour savoir comment nos syst\u00e8mes peuvent am\u00e9liorer la s\u00e9curit\u00e9 et la conformit\u00e9 de votre espace de travail.  <\/p>\n\t\t\t\t\t\t\t\t<\/div>\n\t\t\t\t<\/div>\n\t\t\t\t\t<\/div>\n\t\t\t\t<\/div>\n\t\t\t\t\t<\/div>\n\t\t\t\t<\/div>\n\t\t\t\t\t<\/div>\n\t\t\t\t<\/div>\n\t\t\t\t<\/div>\n\t\t","protected":false},"excerpt":{"rendered":"<p>Bureaux Am\u00e9liorez la s\u00e9curit\u00e9 de vos bureaux gr\u00e2ce \u00e0 des syst\u00e8mes avanc\u00e9s de d\u00e9tection des gaz r\u00e9frig\u00e9rants Les d\u00e9tecteurs de gaz dans les bureaux sont principalement utilis\u00e9s lorsque des syst\u00e8mes VRF (Variable refrigerant flow) sont utilis\u00e9s avec des r\u00e9frig\u00e9rants synth\u00e9tiques. La s\u00e9curit\u00e9 avant tout Les fuites de gaz r\u00e9frig\u00e9rant peuvent entra\u00eener de graves risques pour [&hellip;]<\/p>\n","protected":false},"author":1,"featured_media":0,"parent":0,"menu_order":0,"comment_status":"closed","ping_status":"closed","template":"","meta":{"_monsterinsights_skip_tracking":false,"_monsterinsights_sitenote_active":false,"_monsterinsights_sitenote_note":"","_monsterinsights_sitenote_category":0,"footnotes":""},"class_list":["post-11364","page","type-page","status-publish","hentry"],"aioseo_notices":[],"_links":{"self":[{"href":"https:\/\/samon.com\/fr\/wp-json\/wp\/v2\/pages\/11364","targetHints":{"allow":["GET"]}}],"collection":[{"href":"https:\/\/samon.com\/fr\/wp-json\/wp\/v2\/pages"}],"about":[{"href":"https:\/\/samon.com\/fr\/wp-json\/wp\/v2\/types\/page"}],"author":[{"embeddable":true,"href":"https:\/\/samon.com\/fr\/wp-json\/wp\/v2\/users\/1"}],"replies":[{"embeddable":true,"href":"https:\/\/samon.com\/fr\/wp-json\/wp\/v2\/comments?post=11364"}],"version-history":[{"count":1,"href":"https:\/\/samon.com\/fr\/wp-json\/wp\/v2\/pages\/11364\/revisions"}],"predecessor-version":[{"id":11372,"href":"https:\/\/samon.com\/fr\/wp-json\/wp\/v2\/pages\/11364\/revisions\/11372"}],"wp:attachment":[{"href":"https:\/\/samon.com\/fr\/wp-json\/wp\/v2\/media?parent=11364"}],"curies":[{"name":"wp","href":"https:\/\/api.w.org\/{rel}","templated":true}]}}