{"id":11354,"date":"2024-04-16T11:23:29","date_gmt":"2024-04-16T09:23:29","guid":{"rendered":"https:\/\/samon.com\/autres-applications\/"},"modified":"2024-12-17T14:24:52","modified_gmt":"2024-12-17T13:24:52","slug":"autres-applications","status":"publish","type":"page","link":"https:\/\/samon.com\/fr\/autres-applications\/","title":{"rendered":"Autres applications"},"content":{"rendered":"\t\t<div data-elementor-type=\"wp-page\" data-elementor-id=\"11354\" class=\"elementor elementor-11354 elementor-416\" data-elementor-post-type=\"page\">\n\t\t\t\t<div class=\"elementor-element elementor-element-ca32bd6 e-con-full e-flex e-con e-parent\" data-id=\"ca32bd6\" data-element_type=\"container\">\n\t\t\t\t<div class=\"elementor-element elementor-element-54e1868 elementor--h-position-center elementor--v-position-middle elementor-arrows-position-inside elementor-pagination-position-inside elementor-widget elementor-widget-slides\" data-id=\"54e1868\" data-element_type=\"widget\" data-settings=\"{&quot;navigation&quot;:&quot;both&quot;,&quot;autoplay&quot;:&quot;yes&quot;,&quot;pause_on_hover&quot;:&quot;yes&quot;,&quot;pause_on_interaction&quot;:&quot;yes&quot;,&quot;autoplay_speed&quot;:5000,&quot;infinite&quot;:&quot;yes&quot;,&quot;transition&quot;:&quot;slide&quot;,&quot;transition_speed&quot;:500}\" data-widget_type=\"slides.default\">\n\t\t\t\t<div class=\"elementor-widget-container\">\n\t\t\t\t\t\t\t\t\t<div class=\"elementor-swiper\">\n\t\t\t\t\t<div class=\"elementor-slides-wrapper elementor-main-swiper swiper\" role=\"region\" aria-roledescription=\"carousel\" aria-label=\"Diapositives\" dir=\"ltr\" data-animation=\"fadeInUp\">\n\t\t\t\t<div class=\"swiper-wrapper elementor-slides\">\n\t\t\t\t\t\t\t\t\t\t<div class=\"elementor-repeater-item-b47d5c7 swiper-slide\" role=\"group\" aria-roledescription=\"slide\"><div class=\"swiper-slide-bg\" role=\"img\" aria-label=\"glaciarImg\"><\/div><div class=\"swiper-slide-inner\" ><div class=\"swiper-slide-contents\"><div class=\"elementor-slide-heading\">  Autres applications<\/div><\/div><\/div><\/div>\t\t\t\t<\/div>\n\t\t\t\t\t\t\t<\/div>\n\t\t\t\t<\/div>\n\t\t\t\t\t\t\t\t<\/div>\n\t\t\t\t<\/div>\n\t\t\t\t<\/div>\n\t\t<div class=\"elementor-element elementor-element-4d5e646 e-flex e-con-boxed e-con e-parent\" data-id=\"4d5e646\" data-element_type=\"container\">\n\t\t\t\t\t<div class=\"e-con-inner\">\n\t\t\t\t<div class=\"elementor-element elementor-element-06169eb elementor-widget elementor-widget-text-editor\" data-id=\"06169eb\" data-element_type=\"widget\" data-widget_type=\"text-editor.default\">\n\t\t\t\t<div class=\"elementor-widget-container\">\n\t\t\t\t\t\t\t\t\t<p>Depuis 2022, <strong>SAMON<\/strong> est membre du <a href=\"https:\/\/safemonitoringgroup.com\/\" target=\"_blank\" rel=\"noopener\"><strong>Safe Montoring Group <\/strong><\/a>un groupe d&rsquo;entreprises sp\u00e9cialis\u00e9es dans la d\u00e9tection de gaz.<\/p>\n<p>Avec nos soci\u00e9t\u00e9s s\u0153urs &#8211; <strong><a href=\"https:\/\/www.internationalgasdetectors.com\/\" target=\"_blank\" rel=\"noopener\">International Gas Detection (IGD)<\/a>, <a href=\"https:\/\/bieler-lang.de\/?lang=en\" target=\"_blank\" rel=\"noopener\">Bieler+Lang<\/a>, <a href=\"https:\/\/www.indupro.se\/\" target=\"_blank\" rel=\"noopener\">Indupro<\/a> et <a href=\"https:\/\/www.mems.ch\/\" target=\"_blank\" rel=\"noopener\">MEMS<\/a><\/strong> &#8211; nous formons un r\u00e9seau complet d&rsquo;expertise, couvrant tous les aspects de la d\u00e9tection de gaz dans diverses industries et applications.<\/p>\n<p><strong>SAMON<\/strong> reste leader dans le domaine de la d\u00e9tection des gaz r\u00e9frig\u00e9rants, mais nous comprenons que vos besoins peuvent aller au-del\u00e0 de nos offres de base.<\/p>\n<p>En tant que membre du <strong>Safe Monitoring Group<\/strong>, nous pouvons faciliter les connexions avec nos soci\u00e9t\u00e9s s\u0153urs, vous garantissant ainsi l&rsquo;acc\u00e8s aux meilleures solutions pour toutes vos exigences en mati\u00e8re de d\u00e9tection de gaz.<\/p>\n<p>Que vous ayez besoin d&rsquo;une d\u00e9tection de gaz pour des applications industrielles, commerciales ou environnementales, notre force collective garantit que nous avons la bonne solution pour r\u00e9pondre \u00e0 vos besoins.<\/p>\n<p>Chez <strong>SAMON<\/strong>, nous ne sommes pas seulement votre fournisseur, nous sommes votre porte d&rsquo;entr\u00e9e vers un r\u00e9seau de s\u00e9curit\u00e9 complet. Laissez-nous vous aider \u00e0 entrer en contact avec les experts du <strong>Safe Monitoring Group<\/strong> pour vous assurer que tous vos besoins en mati\u00e8re de d\u00e9tection de gaz sont satisfaits avec pr\u00e9cision et fiabilit\u00e9. <\/p>\n<p>D\u00e9couvrez comment <strong>SAMON<\/strong> et <strong>Safe Monitoring Group<\/strong> peuvent prot\u00e9ger votre environnement, am\u00e9liorer vos op\u00e9rations et garantir le respect des normes de s\u00e9curit\u00e9 les plus strictes.<\/p>\n<p>Vous trouverez ci-dessous quelques applications couvertes par nos soci\u00e9t\u00e9s s\u0153urs :<\/p>\n\t\t\t\t\t\t\t\t<\/div>\n\t\t\t\t<\/div>\n\t\t\t\t\t<\/div>\n\t\t\t\t<\/div>\n\t\t<div class=\"elementor-element elementor-element-06ac100 e-flex e-con-boxed e-con e-parent\" data-id=\"06ac100\" data-element_type=\"container\">\n\t\t\t\t\t<div class=\"e-con-inner\">\n\t\t<div class=\"elementor-element elementor-element-8207a79 e-con-full e-flex e-con e-child\" data-id=\"8207a79\" data-element_type=\"container\">\n\t\t\t\t<div class=\"elementor-element elementor-element-4bf9860 elementor-widget elementor-widget-image\" data-id=\"4bf9860\" data-element_type=\"widget\" data-widget_type=\"image.default\">\n\t\t\t\t<div class=\"elementor-widget-container\">\n\t\t\t\t\t\t\t\t\t\t\t\t\t\t\t\t<a href=\"https:\/\/www.internationalgasdetectors.com\/\" target=\"_blank\">\n\t\t\t\t\t\t\t<img fetchpriority=\"high\" decoding=\"async\" width=\"300\" height=\"200\" src=\"https:\/\/samon.com\/wp-content\/uploads\/2024\/08\/IGD.png\" class=\"attachment-large size-large wp-image-11356\" alt=\"\" \/>\t\t\t\t\t\t\t\t<\/a>\n\t\t\t\t\t\t\t\t\t\t\t\t\t\t\t<\/div>\n\t\t\t\t<\/div>\n\t\t\t\t<\/div>\n\t\t<div class=\"elementor-element elementor-element-6a2921d e-con-full e-flex e-con e-child\" data-id=\"6a2921d\" data-element_type=\"container\">\n\t\t\t\t<div class=\"elementor-element elementor-element-b590230 elementor-widget elementor-widget-image\" data-id=\"b590230\" data-element_type=\"widget\" data-widget_type=\"image.default\">\n\t\t\t\t<div class=\"elementor-widget-container\">\n\t\t\t\t\t\t\t\t\t\t\t\t\t\t\t\t<a href=\"https:\/\/bieler-lang.de\/?lang=en\" target=\"_blank\">\n\t\t\t\t\t\t\t<img decoding=\"async\" width=\"300\" height=\"200\" src=\"https:\/\/samon.com\/wp-content\/uploads\/2024\/08\/Bieler-Lang.png\" class=\"attachment-large size-large wp-image-11355\" alt=\"\" \/>\t\t\t\t\t\t\t\t<\/a>\n\t\t\t\t\t\t\t\t\t\t\t\t\t\t\t<\/div>\n\t\t\t\t<\/div>\n\t\t\t\t<\/div>\n\t\t<div class=\"elementor-element elementor-element-3d9255a e-con-full e-flex e-con e-child\" data-id=\"3d9255a\" data-element_type=\"container\">\n\t\t\t\t<div class=\"elementor-element elementor-element-33e887f elementor-widget elementor-widget-image\" data-id=\"33e887f\" data-element_type=\"widget\" data-widget_type=\"image.default\">\n\t\t\t\t<div class=\"elementor-widget-container\">\n\t\t\t\t\t\t\t\t\t\t\t\t\t\t\t\t<a href=\"https:\/\/www.indupro.se\/\" target=\"_blank\">\n\t\t\t\t\t\t\t<img decoding=\"async\" width=\"300\" height=\"200\" src=\"https:\/\/samon.com\/wp-content\/uploads\/2024\/08\/Indupro.png\" class=\"attachment-large size-large wp-image-11357\" alt=\"\" \/>\t\t\t\t\t\t\t\t<\/a>\n\t\t\t\t\t\t\t\t\t\t\t\t\t\t\t<\/div>\n\t\t\t\t<\/div>\n\t\t\t\t<\/div>\n\t\t<div class=\"elementor-element elementor-element-a50b0fe e-con-full e-flex e-con e-child\" data-id=\"a50b0fe\" data-element_type=\"container\">\n\t\t\t\t<div class=\"elementor-element elementor-element-a392f0f elementor-widget elementor-widget-image\" data-id=\"a392f0f\" data-element_type=\"widget\" data-widget_type=\"image.default\">\n\t\t\t\t<div class=\"elementor-widget-container\">\n\t\t\t\t\t\t\t\t\t\t\t\t\t\t\t\t<a href=\"https:\/\/www.mems.ch\/\" target=\"_blank\">\n\t\t\t\t\t\t\t<img loading=\"lazy\" decoding=\"async\" width=\"300\" height=\"200\" src=\"https:\/\/samon.com\/wp-content\/uploads\/2024\/08\/mems.png\" class=\"attachment-large size-large wp-image-11358\" alt=\"\" \/>\t\t\t\t\t\t\t\t<\/a>\n\t\t\t\t\t\t\t\t\t\t\t\t\t\t\t<\/div>\n\t\t\t\t<\/div>\n\t\t\t\t<\/div>\n\t\t\t\t\t<\/div>\n\t\t\t\t<\/div>\n\t\t<div class=\"elementor-element elementor-element-4c086f8 e-flex e-con-boxed e-con e-parent\" data-id=\"4c086f8\" data-element_type=\"container\">\n\t\t\t\t\t<div class=\"e-con-inner\">\n\t\t<div class=\"elementor-element elementor-element-deba65c e-con-full e-flex e-con e-child\" data-id=\"deba65c\" data-element_type=\"container\">\n\t\t\t\t<div class=\"elementor-element elementor-element-97b03df elementor-widget elementor-widget-text-editor\" data-id=\"97b03df\" data-element_type=\"widget\" data-widget_type=\"text-editor.default\">\n\t\t\t\t<div class=\"elementor-widget-container\">\n\t\t\t\t\t\t\t\t\t<p style=\"text-align: center;\"><strong>Applications :<\/strong><\/p>\n<p style=\"text-align: center;\">Garages de stationnement<\/p>\n<p style=\"text-align: center;\">Hydrog\u00e8ne<\/p>\n<p style=\"text-align: center;\">Laboratoires<\/p>\n<p style=\"text-align: center;\">Chaufferies<\/p>\n<p style=\"text-align: center;\">Industrie de transformation<\/p>\n<p style=\"text-align: center;\">R\u00e9frig\u00e9ration et climatisation<\/p>\n<p style=\"text-align: center;\">M\u00e9dical<\/p>\n<p style=\"text-align: center;\">Industrie des boissons<\/p>\n\t\t\t\t\t\t\t\t<\/div>\n\t\t\t\t<\/div>\n\t\t\t\t<\/div>\n\t\t<div class=\"elementor-element elementor-element-b56f464 e-con-full e-flex e-con e-child\" data-id=\"b56f464\" data-element_type=\"container\">\n\t\t\t\t<div class=\"elementor-element elementor-element-ff27f14 elementor-widget elementor-widget-text-editor\" data-id=\"ff27f14\" data-element_type=\"widget\" data-widget_type=\"text-editor.default\">\n\t\t\t\t<div class=\"elementor-widget-container\">\n\t\t\t\t\t\t\t\t\t<p style=\"text-align: center;\"><strong>Applications :<\/strong><\/p>\n<p style=\"text-align: center;\">Gaz explosifs et inflammables<\/p>\n<p style=\"text-align: center;\">Gaz toxiques, CO\u00b2 et oxyg\u00e8ne<\/p>\n<p style=\"text-align: center;\">Contr\u00f4le des fluides frigorig\u00e8nes<\/p>\n<p style=\"text-align: center;\">Mobilit\u00e9 et stationnement<\/p>\n<p style=\"text-align: center;\">Biogaz<\/p>\n<p style=\"text-align: center;\">Services de construction<\/p>\n\t\t\t\t\t\t\t\t<\/div>\n\t\t\t\t<\/div>\n\t\t\t\t<\/div>\n\t\t<div class=\"elementor-element elementor-element-3184e8b e-con-full e-flex e-con e-child\" data-id=\"3184e8b\" data-element_type=\"container\">\n\t\t\t\t<div class=\"elementor-element elementor-element-cfa4b07 elementor-widget elementor-widget-text-editor\" data-id=\"cfa4b07\" data-element_type=\"widget\" data-widget_type=\"text-editor.default\">\n\t\t\t\t<div class=\"elementor-widget-container\">\n\t\t\t\t\t\t\t\t\t<p style=\"text-align: center;\"><strong>Applications :<\/strong><\/p>\n<p style=\"text-align: center;\">D\u00e9tection de gaz portable<\/p>\n<p style=\"text-align: center;\">S\u00e9curit\u00e9<\/p>\n<p style=\"text-align: center;\">Location<\/p>\n\t\t\t\t\t\t\t\t<\/div>\n\t\t\t\t<\/div>\n\t\t\t\t<\/div>\n\t\t<div class=\"elementor-element elementor-element-d7fa6aa e-con-full e-flex e-con e-child\" data-id=\"d7fa6aa\" data-element_type=\"container\">\n\t\t\t\t<div class=\"elementor-element elementor-element-4e8f849 elementor-widget elementor-widget-text-editor\" data-id=\"4e8f849\" data-element_type=\"widget\" data-widget_type=\"text-editor.default\">\n\t\t\t\t<div class=\"elementor-widget-container\">\n\t\t\t\t\t\t\t\t\t<p style=\"text-align: center;\"><strong>Applications :<\/strong><\/p>\n<p style=\"text-align: center;\">Technologie de mesure des gaz et \u00e9lectronique<\/p>\n<p style=\"text-align: center;\">Usines de biogaz<\/p>\n<p style=\"text-align: center;\">R\u00e9seaux de gaz naturel<\/p>\n<p style=\"text-align: center;\">Moteurs \u00e0 gaz<\/p>\n<p style=\"text-align: center;\">GNL<\/p>\n<p style=\"text-align: center;\">P2G et m\u00e9thanisation<\/p>\n<p style=\"text-align: center;\">Br\u00fbleurs<\/p>\n<p style=\"text-align: center;\">Piles \u00e0 combustible<\/p>\n<p style=\"text-align: center;\">Industrie de transformation<\/p>\n\t\t\t\t\t\t\t\t<\/div>\n\t\t\t\t<\/div>\n\t\t\t\t<\/div>\n\t\t\t\t\t<\/div>\n\t\t\t\t<\/div>\n\t\t\t\t<\/div>\n\t\t","protected":false},"excerpt":{"rendered":"<p>Autres applications Depuis 2022, SAMON est membre du Safe Montoring Group un groupe d&rsquo;entreprises sp\u00e9cialis\u00e9es dans la d\u00e9tection de gaz. Avec nos soci\u00e9t\u00e9s s\u0153urs &#8211; International Gas Detection (IGD), Bieler+Lang, Indupro et MEMS &#8211; nous formons un r\u00e9seau complet d&rsquo;expertise, couvrant tous les aspects de la d\u00e9tection de gaz dans diverses industries et applications. SAMON [&hellip;]<\/p>\n","protected":false},"author":1,"featured_media":0,"parent":0,"menu_order":0,"comment_status":"closed","ping_status":"closed","template":"","meta":{"_monsterinsights_skip_tracking":false,"_monsterinsights_sitenote_active":false,"_monsterinsights_sitenote_note":"","_monsterinsights_sitenote_category":0,"footnotes":""},"class_list":["post-11354","page","type-page","status-publish","hentry"],"aioseo_notices":[],"_links":{"self":[{"href":"https:\/\/samon.com\/fr\/wp-json\/wp\/v2\/pages\/11354","targetHints":{"allow":["GET"]}}],"collection":[{"href":"https:\/\/samon.com\/fr\/wp-json\/wp\/v2\/pages"}],"about":[{"href":"https:\/\/samon.com\/fr\/wp-json\/wp\/v2\/types\/page"}],"author":[{"embeddable":true,"href":"https:\/\/samon.com\/fr\/wp-json\/wp\/v2\/users\/1"}],"replies":[{"embeddable":true,"href":"https:\/\/samon.com\/fr\/wp-json\/wp\/v2\/comments?post=11354"}],"version-history":[{"count":5,"href":"https:\/\/samon.com\/fr\/wp-json\/wp\/v2\/pages\/11354\/revisions"}],"predecessor-version":[{"id":14336,"href":"https:\/\/samon.com\/fr\/wp-json\/wp\/v2\/pages\/11354\/revisions\/14336"}],"wp:attachment":[{"href":"https:\/\/samon.com\/fr\/wp-json\/wp\/v2\/media?parent=11354"}],"curies":[{"name":"wp","href":"https:\/\/api.w.org\/{rel}","templated":true}]}}