{"id":11299,"date":"2024-04-16T13:03:14","date_gmt":"2024-04-16T11:03:14","guid":{"rendered":"https:\/\/samon.com\/service-et-maintenance\/"},"modified":"2024-12-17T13:28:17","modified_gmt":"2024-12-17T12:28:17","slug":"service-et-maintenance","status":"publish","type":"page","link":"https:\/\/samon.com\/fr\/service-et-maintenance\/","title":{"rendered":"Service et maintenance"},"content":{"rendered":"\t\t<div data-elementor-type=\"wp-page\" data-elementor-id=\"11299\" class=\"elementor elementor-11299 elementor-498\" data-elementor-post-type=\"page\">\n\t\t\t\t<div class=\"elementor-element elementor-element-663ce2a e-con-full e-flex e-con e-parent\" data-id=\"663ce2a\" data-element_type=\"container\">\n\t\t\t\t<div class=\"elementor-element elementor-element-35008c4 elementor--h-position-center elementor--v-position-middle elementor-arrows-position-inside elementor-pagination-position-inside elementor-widget elementor-widget-slides\" data-id=\"35008c4\" data-element_type=\"widget\" data-settings=\"{&quot;navigation&quot;:&quot;both&quot;,&quot;autoplay&quot;:&quot;yes&quot;,&quot;pause_on_hover&quot;:&quot;yes&quot;,&quot;pause_on_interaction&quot;:&quot;yes&quot;,&quot;autoplay_speed&quot;:5000,&quot;infinite&quot;:&quot;yes&quot;,&quot;transition&quot;:&quot;slide&quot;,&quot;transition_speed&quot;:500}\" data-widget_type=\"slides.default\">\n\t\t\t\t<div class=\"elementor-widget-container\">\n\t\t\t\t\t\t\t\t\t<div class=\"elementor-swiper\">\n\t\t\t\t\t<div class=\"elementor-slides-wrapper elementor-main-swiper swiper\" role=\"region\" aria-roledescription=\"carousel\" aria-label=\"Diapositives\" dir=\"ltr\" data-animation=\"fadeInUp\">\n\t\t\t\t<div class=\"swiper-wrapper elementor-slides\">\n\t\t\t\t\t\t\t\t\t\t<div class=\"elementor-repeater-item-807f9da swiper-slide\" role=\"group\" aria-roledescription=\"slide\"><div class=\"swiper-slide-bg elementor-ken-burns elementor-ken-burns--in\" role=\"img\" aria-label=\"service-people\"><\/div><div class=\"swiper-slide-inner\" ><div class=\"swiper-slide-contents\"><div class=\"elementor-slide-heading\">  Service et maintenance<\/div><\/div><\/div><\/div>\t\t\t\t<\/div>\n\t\t\t\t\t\t\t<\/div>\n\t\t\t\t<\/div>\n\t\t\t\t\t\t\t\t<\/div>\n\t\t\t\t<\/div>\n\t\t\t\t<\/div>\n\t\t<div class=\"elementor-element elementor-element-d37ca93 e-flex e-con-boxed e-con e-parent\" data-id=\"d37ca93\" data-element_type=\"container\">\n\t\t\t\t\t<div class=\"e-con-inner\">\n\t\t\t\t<div class=\"elementor-element elementor-element-28a9eb1 elementor-widget elementor-widget-spacer\" data-id=\"28a9eb1\" data-element_type=\"widget\" data-widget_type=\"spacer.default\">\n\t\t\t\t<div class=\"elementor-widget-container\">\n\t\t\t\t\t\t\t<div class=\"elementor-spacer\">\n\t\t\t<div class=\"elementor-spacer-inner\"><\/div>\n\t\t<\/div>\n\t\t\t\t\t\t<\/div>\n\t\t\t\t<\/div>\n\t\t\t\t\t<\/div>\n\t\t\t\t<\/div>\n\t\t<div class=\"elementor-element elementor-element-3920767 e-grid e-con-boxed e-con e-parent\" data-id=\"3920767\" data-element_type=\"container\">\n\t\t\t\t\t<div class=\"e-con-inner\">\n\t\t\t\t<div class=\"elementor-element elementor-element-6f35a86 elementor-widget elementor-widget-image-box\" data-id=\"6f35a86\" data-element_type=\"widget\" data-widget_type=\"image-box.default\">\n\t\t\t\t<div class=\"elementor-widget-container\">\n\t\t\t\t\t<div class=\"elementor-image-box-wrapper\"><div class=\"elementor-image-box-content\"><h3 class=\"elementor-image-box-title\">Pourquoi un entretien et une maintenance r\u00e9guliers sont essentiels pour votre syst\u00e8me de d\u00e9tection de gaz<\/h3><p class=\"elementor-image-box-description\">On ne saurait trop insister sur l'importance d'un entretien et d'une maintenance r\u00e9guliers de votre syst\u00e8me de d\u00e9tection de gaz - c'est aussi crucial que le syst\u00e8me lui-m\u00eame. L'entretien r\u00e9gulier est vital pour plusieurs raisons :   <br><br>\n\n- <b> Sant\u00e9 et s\u00e9curit\u00e9<\/b>: Garantir la sant\u00e9 et la s\u00e9curit\u00e9 des personnes en pr\u00e9venant les risques potentiels caus\u00e9s par des fuites de gaz non d\u00e9tect\u00e9es.  <br><br>\n<b>- Protection de l'environnement :<\/b> Contribuer \u00e0 pr\u00e9venir les fuites susceptibles de nuire \u00e0 l'environnement.  <br><br>\n<b>- Conformit\u00e9 r\u00e9glementaire :<\/b> Respecter les exigences l\u00e9gales et r\u00e9glementaires afin d'\u00e9viter les amendes et les probl\u00e8mes juridiques.  <br><br>\n<b>- \u00c9conomies financi\u00e8res :<\/b> \u00c9viter des r\u00e9parations ou des remplacements co\u00fbteux et r\u00e9duire le risque d'accidents on\u00e9reux.  <br><br>  La fr\u00e9quence de la maintenance d\u00e9pend de plusieurs facteurs, notamment du type de gaz d\u00e9tect\u00e9, de la taille et de la complexit\u00e9 du syst\u00e8me, ainsi que de la technologie des capteurs utilis\u00e9s.  <br><br>  En r\u00e8gle g\u00e9n\u00e9rale, tous les syst\u00e8mes de d\u00e9tection de gaz doivent \u00eatre entretenus au moins une fois par an afin de garantir leur fiabilit\u00e9 et leur efficacit\u00e9.  <br><br>  L'identification des d\u00e9faillances des capteurs n'est pas toujours simple. De nombreuses m\u00e9thodes traditionnelles de d\u00e9tection des d\u00e9faillances des capteurs peuvent ne pas \u00eatre fiables et, dans des syst\u00e8mes aussi critiques, on ne peut pas prendre de risques.   <br><br>  La m\u00e9thode la plus s\u00fbre pour garantir la fonctionnalit\u00e9 d'un capteur consiste \u00e0 l'exposer directement au(x) gaz cible(s) en proc\u00e9dant r\u00e9guli\u00e8rement \u00e0 des tests de d\u00e9clenchement et \u00e0 des \u00e9talonnages. Les capteurs sont \u00e9galement sensibles \u00e0 l'usure g\u00e9n\u00e9rale et les dommages ne sont pas toujours visibles. Une maintenance et un \u00e9talonnage r\u00e9guliers sont essentiels pour prolonger la dur\u00e9e de vie de vos capteurs et garantir leur fiabilit\u00e9. Compte tenu du co\u00fbt relativement faible des syst\u00e8mes de d\u00e9tection de gaz par rapport aux actifs qu'ils prot\u00e8gent, l'entretien et la maintenance r\u00e9guliers repr\u00e9sentent un investissement pr\u00e9cieux.     <br><br>  S'assurer que votre syst\u00e8me est toujours dans un \u00e9tat optimal avec des certificats d'\u00e9talonnage \u00e0 jour n'est pas seulement une question de r\u00e9glementation, c'est une mesure de s\u00e9curit\u00e9 cruciale.<\/p><\/div><\/div>\t\t\t\t<\/div>\n\t\t\t\t<\/div>\n\t\t\t\t<div class=\"elementor-element elementor-element-6b0e4fb elementor-widget elementor-widget-image\" data-id=\"6b0e4fb\" data-element_type=\"widget\" data-widget_type=\"image.default\">\n\t\t\t\t<div class=\"elementor-widget-container\">\n\t\t\t\t\t\t\t\t\t\t\t\t\t\t\t<img fetchpriority=\"high\" decoding=\"async\" width=\"1800\" height=\"1800\" src=\"https:\/\/samon.com\/wp-content\/uploads\/2024\/05\/Service-brochure-sweden.jpg\" class=\"attachment-full size-full wp-image-11329\" alt=\"\" srcset=\"https:\/\/samon.com\/wp-content\/uploads\/2024\/05\/Service-brochure-sweden.jpg 1800w, https:\/\/samon.com\/wp-content\/uploads\/2024\/05\/Service-brochure-sweden-300x300.jpg 300w, https:\/\/samon.com\/wp-content\/uploads\/2024\/05\/Service-brochure-sweden-1024x1024.jpg 1024w, https:\/\/samon.com\/wp-content\/uploads\/2024\/05\/Service-brochure-sweden-150x150.jpg 150w, https:\/\/samon.com\/wp-content\/uploads\/2024\/05\/Service-brochure-sweden-768x768.jpg 768w, https:\/\/samon.com\/wp-content\/uploads\/2024\/05\/Service-brochure-sweden-1536x1536.jpg 1536w\" sizes=\"(max-width: 1800px) 100vw, 1800px\" \/>\t\t\t\t\t\t\t\t\t\t\t\t\t\t\t<\/div>\n\t\t\t\t<\/div>\n\t\t<div class=\"elementor-element elementor-element-d8c72e0 e-flex e-con-boxed e-con e-child\" data-id=\"d8c72e0\" data-element_type=\"container\">\n\t\t\t\t\t<div class=\"e-con-inner\">\n\t\t\t\t<div class=\"elementor-element elementor-element-31f928e elementor-widget elementor-widget-text-editor\" data-id=\"31f928e\" data-element_type=\"widget\" data-widget_type=\"text-editor.default\">\n\t\t\t\t<div class=\"elementor-widget-container\">\n\t\t\t\t\t\t\t\t\t<h3><strong>Service des livres<\/strong><\/h3>\n<p>R\u00e9servez un service directement aupr\u00e8s de nous ou par l&rsquo;interm\u00e9diaire de nos distributeurs.<\/p>\n<h5><strong>Su\u00e8de :<\/strong><\/h5>\n\t\t\t\t\t\t\t\t<\/div>\n\t\t\t\t<\/div>\n\t\t\t\t<div class=\"elementor-element elementor-element-58d6e3f elementor-widget elementor-widget-button\" data-id=\"58d6e3f\" data-element_type=\"widget\" data-widget_type=\"button.default\">\n\t\t\t\t<div class=\"elementor-widget-container\">\n\t\t\t\t\t\t\t\t\t<div class=\"elementor-button-wrapper\">\n\t\t\t\t\t<a class=\"elementor-button elementor-button-link elementor-size-sm\" href=\"https:\/\/samon.com\/fr\/contact\/\">\n\t\t\t\t\t\t<span class=\"elementor-button-content-wrapper\">\n\t\t\t\t\t\t\t\t\t<span class=\"elementor-button-text\">SAMON AB<\/span>\n\t\t\t\t\t<\/span>\n\t\t\t\t\t<\/a>\n\t\t\t\t<\/div>\n\t\t\t\t\t\t\t\t<\/div>\n\t\t\t\t<\/div>\n\t\t\t\t<div class=\"elementor-element elementor-element-4b62dcd elementor-widget elementor-widget-text-editor\" data-id=\"4b62dcd\" data-element_type=\"widget\" data-widget_type=\"text-editor.default\">\n\t\t\t\t<div class=\"elementor-widget-container\">\n\t\t\t\t\t\t\t\t\t<p><strong>Autres pays :<\/strong><\/p>\n\t\t\t\t\t\t\t\t<\/div>\n\t\t\t\t<\/div>\n\t\t\t\t<div class=\"elementor-element elementor-element-31fe0a3 elementor-widget elementor-widget-button\" data-id=\"31fe0a3\" data-element_type=\"widget\" data-widget_type=\"button.default\">\n\t\t\t\t<div class=\"elementor-widget-container\">\n\t\t\t\t\t\t\t\t\t<div class=\"elementor-button-wrapper\">\n\t\t\t\t\t<a class=\"elementor-button elementor-button-link elementor-size-sm\" href=\"https:\/\/samon.com\/fr\/distributeurs-tous\/\">\n\t\t\t\t\t\t<span class=\"elementor-button-content-wrapper\">\n\t\t\t\t\t\t\t\t\t<span class=\"elementor-button-text\">Voir nos distributeurs<\/span>\n\t\t\t\t\t<\/span>\n\t\t\t\t\t<\/a>\n\t\t\t\t<\/div>\n\t\t\t\t\t\t\t\t<\/div>\n\t\t\t\t<\/div>\n\t\t\t\t\t<\/div>\n\t\t\t\t<\/div>\n\t\t\t\t\t<\/div>\n\t\t\t\t<\/div>\n\t\t\t\t<\/div>\n\t\t","protected":false},"excerpt":{"rendered":"<p>Service et maintenance Pourquoi un entretien et une maintenance r\u00e9guliers sont essentiels pour votre syst\u00e8me de d\u00e9tection de gaz On ne saurait trop insister sur l&rsquo;importance d&rsquo;un entretien et d&rsquo;une maintenance r\u00e9guliers de votre syst\u00e8me de d\u00e9tection de gaz &#8211; c&rsquo;est aussi crucial que le syst\u00e8me lui-m\u00eame. L&rsquo;entretien r\u00e9gulier est vital pour plusieurs raisons : [&hellip;]<\/p>\n","protected":false},"author":1,"featured_media":0,"parent":0,"menu_order":0,"comment_status":"closed","ping_status":"closed","template":"","meta":{"_monsterinsights_skip_tracking":false,"_monsterinsights_sitenote_active":false,"_monsterinsights_sitenote_note":"","_monsterinsights_sitenote_category":0,"footnotes":""},"class_list":["post-11299","page","type-page","status-publish","hentry"],"aioseo_notices":[],"_links":{"self":[{"href":"https:\/\/samon.com\/fr\/wp-json\/wp\/v2\/pages\/11299","targetHints":{"allow":["GET"]}}],"collection":[{"href":"https:\/\/samon.com\/fr\/wp-json\/wp\/v2\/pages"}],"about":[{"href":"https:\/\/samon.com\/fr\/wp-json\/wp\/v2\/types\/page"}],"author":[{"embeddable":true,"href":"https:\/\/samon.com\/fr\/wp-json\/wp\/v2\/users\/1"}],"replies":[{"embeddable":true,"href":"https:\/\/samon.com\/fr\/wp-json\/wp\/v2\/comments?post=11299"}],"version-history":[{"count":3,"href":"https:\/\/samon.com\/fr\/wp-json\/wp\/v2\/pages\/11299\/revisions"}],"predecessor-version":[{"id":14308,"href":"https:\/\/samon.com\/fr\/wp-json\/wp\/v2\/pages\/11299\/revisions\/14308"}],"wp:attachment":[{"href":"https:\/\/samon.com\/fr\/wp-json\/wp\/v2\/media?parent=11299"}],"curies":[{"name":"wp","href":"https:\/\/api.w.org\/{rel}","templated":true}]}}