{"id":11294,"date":"2024-04-30T06:52:28","date_gmt":"2024-04-30T04:52:28","guid":{"rendered":"https:\/\/samon.com\/qualite\/"},"modified":"2024-12-17T13:28:28","modified_gmt":"2024-12-17T12:28:28","slug":"qualite","status":"publish","type":"page","link":"https:\/\/samon.com\/fr\/qualite\/","title":{"rendered":"Qualit\u00e9"},"content":{"rendered":"\t\t<div data-elementor-type=\"wp-page\" data-elementor-id=\"11294\" class=\"elementor elementor-11294 elementor-3581\" data-elementor-post-type=\"page\">\n\t\t\t\t<div class=\"elementor-element elementor-element-159f4f6 e-con-full e-flex e-con e-parent\" data-id=\"159f4f6\" data-element_type=\"container\">\n\t\t\t\t<div class=\"elementor-element elementor-element-5492314 elementor--h-position-center elementor--v-position-middle elementor-arrows-position-inside elementor-pagination-position-inside elementor-widget elementor-widget-slides\" data-id=\"5492314\" data-element_type=\"widget\" data-settings=\"{&quot;navigation&quot;:&quot;both&quot;,&quot;autoplay&quot;:&quot;yes&quot;,&quot;pause_on_hover&quot;:&quot;yes&quot;,&quot;pause_on_interaction&quot;:&quot;yes&quot;,&quot;autoplay_speed&quot;:5000,&quot;infinite&quot;:&quot;yes&quot;,&quot;transition&quot;:&quot;slide&quot;,&quot;transition_speed&quot;:500}\" data-widget_type=\"slides.default\">\n\t\t\t\t<div class=\"elementor-widget-container\">\n\t\t\t\t\t\t\t\t\t<div class=\"elementor-swiper\">\n\t\t\t\t\t<div class=\"elementor-slides-wrapper elementor-main-swiper swiper\" role=\"region\" aria-roledescription=\"carousel\" aria-label=\"Diapositives\" dir=\"ltr\" data-animation=\"fadeInUp\">\n\t\t\t\t<div class=\"swiper-wrapper elementor-slides\">\n\t\t\t\t\t\t\t\t\t\t<div class=\"elementor-repeater-item-1c90975 swiper-slide\" role=\"group\" aria-roledescription=\"slide\"><div class=\"swiper-slide-bg\" role=\"img\" aria-label=\"glaciarImg\"><\/div><div class=\"swiper-slide-inner\" ><div class=\"swiper-slide-contents\"><div class=\"elementor-slide-heading\">Qualit\u00e9<\/div><\/div><\/div><\/div>\t\t\t\t<\/div>\n\t\t\t\t\t\t\t<\/div>\n\t\t\t\t<\/div>\n\t\t\t\t\t\t\t\t<\/div>\n\t\t\t\t<\/div>\n\t\t\t\t<\/div>\n\t\t<div class=\"elementor-element elementor-element-c146e7a e-flex e-con-boxed e-con e-parent\" data-id=\"c146e7a\" data-element_type=\"container\">\n\t\t\t\t\t<div class=\"e-con-inner\">\n\t\t<div class=\"elementor-element elementor-element-e451b47 e-con-full e-flex e-con e-child\" data-id=\"e451b47\" data-element_type=\"container\">\n\t\t\t\t<div class=\"elementor-element elementor-element-a2fe7af elementor-widget elementor-widget-heading\" data-id=\"a2fe7af\" data-element_type=\"widget\" data-widget_type=\"heading.default\">\n\t\t\t\t<div class=\"elementor-widget-container\">\n\t\t\t\t\t<h2 class=\"elementor-heading-title elementor-size-default\">Qualit\u00e9 et certification<\/h2>\t\t\t\t<\/div>\n\t\t\t\t<\/div>\n\t\t<div class=\"elementor-element elementor-element-d4cdfea e-grid e-con-full e-con e-child\" data-id=\"d4cdfea\" data-element_type=\"container\">\n\t\t\t\t<div class=\"elementor-element elementor-element-97555ba elementor-widget elementor-widget-image\" data-id=\"97555ba\" data-element_type=\"widget\" data-widget_type=\"image.default\">\n\t\t\t\t<div class=\"elementor-widget-container\">\n\t\t\t\t\t\t\t\t\t\t\t\t\t\t\t<img fetchpriority=\"high\" decoding=\"async\" width=\"800\" height=\"800\" src=\"https:\/\/samon.com\/wp-content\/uploads\/2024\/08\/ISO-certificate-1024x1024.png\" class=\"attachment-large size-large wp-image-11296\" alt=\"\" srcset=\"https:\/\/samon.com\/wp-content\/uploads\/2024\/08\/ISO-certificate-1024x1024.png 1024w, https:\/\/samon.com\/wp-content\/uploads\/2024\/08\/ISO-certificate-300x300.png 300w, https:\/\/samon.com\/wp-content\/uploads\/2024\/08\/ISO-certificate-150x150.png 150w, https:\/\/samon.com\/wp-content\/uploads\/2024\/08\/ISO-certificate-768x768.png 768w, https:\/\/samon.com\/wp-content\/uploads\/2024\/08\/ISO-certificate-1536x1536.png 1536w, https:\/\/samon.com\/wp-content\/uploads\/2024\/08\/ISO-certificate.png 1800w\" sizes=\"(max-width: 800px) 100vw, 800px\" \/>\t\t\t\t\t\t\t\t\t\t\t\t\t\t\t<\/div>\n\t\t\t\t<\/div>\n\t\t\t\t<div class=\"elementor-element elementor-element-13aaf0f elementor-widget elementor-widget-text-editor\" data-id=\"13aaf0f\" data-element_type=\"widget\" data-widget_type=\"text-editor.default\">\n\t\t\t\t<div class=\"elementor-widget-container\">\n\t\t\t\t\t\t\t\t\t<p style=\"text-align: left;\"><em><strong>Chez SAMON, notre engagement en faveur de la qualit\u00e9 est la base sur laquelle nous construisons tout. Notre objectif est simple : fournir \u00e0 nos clients les solutions de d\u00e9tection de gaz les plus fiables et les plus avanc\u00e9es du secteur, afin de garantir la s\u00e9curit\u00e9, l&rsquo;efficacit\u00e9 et la tranquillit\u00e9 d&rsquo;esprit. <\/strong><\/em><\/p>\n<div>\n<div>\n<div>\n<div>\n<div>\n<div dir=\"auto\" data-testid=\"conversation-turn-3\" data-scroll-anchor=\"true\">\n<div>\n<div>\n<div>\n<div>\n<div>\n<div dir=\"auto\" data-message-author-role=\"assistant\" data-message-id=\"e6cc7694-6462-458a-8ba1-e17302417fb2\">\n<div>\n<div> <\/div>\n<\/div>\n<\/div>\n<\/div>\n<\/div>\n<\/div>\n<\/div>\n<\/div>\n<\/div>\n<\/div>\n<\/div>\n<\/div>\n<\/div>\n<\/div>\n\t\t\t\t\t\t\t\t<\/div>\n\t\t\t\t<\/div>\n\t\t\t\t<\/div>\n\t\t\t\t<div class=\"elementor-element elementor-element-93cfd16 elementor-widget elementor-widget-text-editor\" data-id=\"93cfd16\" data-element_type=\"widget\" data-widget_type=\"text-editor.default\">\n\t\t\t\t<div class=\"elementor-widget-container\">\n\t\t\t\t\t\t\t\t\t<p><strong style=\"letter-spacing: 0px; text-align: var(--text-align); background-color: var( --e-global-color-c696dce );\">Notre approche de la qualit\u00e9<\/strong><\/p>\n<div>\n<div>\n<div>\n<div>\n<div>\n<div dir=\"auto\" data-testid=\"conversation-turn-3\" data-scroll-anchor=\"true\">\n<div>\n<div>\n<div>\n<div>\n<div>\n<div dir=\"auto\" data-message-author-role=\"assistant\" data-message-id=\"e6cc7694-6462-458a-8ba1-e17302417fb2\">\n<div>\n<div>\n<p>Chez SAMON, la qualit\u00e9 n&rsquo;est pas une simple case \u00e0 cocher ; elle fait partie int\u00e9grante de nos activit\u00e9s quotidiennes. Du moment o\u00f9 nous commen\u00e7ons \u00e0 concevoir un produit jusqu&rsquo;\u00e0 sa livraison \u00e0 nos clients, chaque \u00e9tape est r\u00e9gie par des contr\u00f4les de qualit\u00e9 stricts. Nous avons mis en place un syst\u00e8me complet qui comprend des processus internes rigoureux, des initiatives d&rsquo;am\u00e9lioration continue et des techniques de production all\u00e9g\u00e9e.  <\/p>\n<p>Notre engagement en faveur de la qualit\u00e9 commence avec notre \u00e9quipe. Nous pensons qu&rsquo;un environnement de travail s\u00fbr et productif est essentiel pour apporter de la valeur \u00e0 nos clients. C&rsquo;est pourquoi nous donnons la priorit\u00e9 \u00e0 la cr\u00e9ation d&rsquo;un lieu de travail inclusif qui valorise la diversit\u00e9 et favorise la croissance. Nos directives mettent l&rsquo;accent sur l&rsquo;\u00e9galit\u00e9 des chances et visent \u00e0 exploiter les exp\u00e9riences et les comp\u00e9tences uniques de nos employ\u00e9s, leur permettant ainsi de s&rsquo;\u00e9panouir et de contribuer au succ\u00e8s de SAMON.   <\/p>\n<p><strong>Am\u00e9lioration continue : Un principe de base<\/strong><\/p>\n<p>Chez SAMON, nous sommes attach\u00e9s \u00e0 la philosophie de l&rsquo;am\u00e9lioration continue. Nous \u00e9valuons r\u00e9guli\u00e8rement nos processus et nos produits afin d&rsquo;identifier les possibilit\u00e9s d&rsquo;am\u00e9lioration. Cet engagement garantit \u00e0 nos clients des produits et des services de qualit\u00e9 sup\u00e9rieure, ce qui les aide \u00e0 rester en t\u00eate sur un march\u00e9 concurrentiel.  <\/p>\n<p>Nous appliquons les principes de la production all\u00e9g\u00e9e, en nous concentrant sur les objectifs \u00e0 long terme et en \u00e9liminant les inefficacit\u00e9s qui n&rsquo;apportent pas de valeur ajout\u00e9e \u00e0 nos clients. Notre approche est holistique et prend en compte l&rsquo;ensemble du cycle de vie du produit, de la conception initiale \u00e0 la livraison finale et au-del\u00e0. En maintenant cette attention, nous nous assurons que nos produits sont non seulement fiables, mais aussi comp\u00e9titifs et tourn\u00e9s vers l&rsquo;avenir.  <\/p>\n<p><strong>Assurance qualit\u00e9 et certification<\/strong><\/p>\n<p>Notre engagement en faveur de la qualit\u00e9 se traduit par notre adh\u00e9sion \u00e0 des normes internationalement reconnues. SAMON est fi\u00e8re d&rsquo;\u00eatre certifi\u00e9e<strong> ISO 9001:2015<\/strong>, ce qui t\u00e9moigne de la solidit\u00e9 de notre syst\u00e8me de gestion de la qualit\u00e9. Cette certification garantit que nos processus sont efficients, efficaces et qu&rsquo;ils fournissent constamment des produits qui r\u00e9pondent aux attentes des clients, voire les d\u00e9passent.  <\/p>\n<p>Nous contr\u00f4lons en permanence nos objectifs de qualit\u00e9 \u00e0 diff\u00e9rents niveaux, notamment au niveau des projets, de la production et des d\u00e9partements. Ces objectifs sont r\u00e9guli\u00e8rement revus par la direction et communiqu\u00e9s \u00e0 notre conseil d&rsquo;administration, ce qui garantit que la qualit\u00e9 reste une priorit\u00e9 absolue dans l&rsquo;ensemble de l&rsquo;organisation. <\/p>\n<p>Outre sa certification <b>ISO 9001<\/b>, SAMON est \u00e9galement fi\u00e8re d&rsquo;\u00eatre certifi\u00e9e <b>ISO 14001<\/b> et <b>ISO 45001<\/b> (en cours), ce qui t\u00e9moigne de son engagement en faveur de la durabilit\u00e9 environnementale et de la sant\u00e9 et de la s\u00e9curit\u00e9 au travail. La <b>norme ISO 14001<\/b> garantit que nos pratiques de gestion environnementale minimisent notre impact sur l&rsquo;environnement, tandis que la <strong>norme ISO 45001<\/strong> (en cours) refl\u00e8te notre engagement \u00e0 fournir un lieu de travail s\u00fbr et sain \u00e0 tous les employ\u00e9s. Ces certifications renforcent notre approche globale de la qualit\u00e9, garantissant que nos produits sont non seulement fiables, mais aussi fabriqu\u00e9s de mani\u00e8re responsable et durable. <\/p>\n<p><strong>Inspection et essais avanc\u00e9s<\/strong><\/p>\n<p>Chez SAMON, nous ne laissons rien au hasard. Chaque produit fait l&rsquo;objet de tests et d&rsquo;inspections approfondis pour s&rsquo;assurer qu&rsquo;il r\u00e9pond \u00e0 nos normes \u00e9lev\u00e9es.   <\/p>\n<p>Nos techniques avanc\u00e9es de test et d&rsquo;\u00e9talonnage nous permettent de d\u00e9tecter les d\u00e9fauts les plus mineurs, ce qui garantit que chaque produit quittant nos installations est impeccable. Ce souci du d\u00e9tail garantit \u00e0 nos clients les syst\u00e8mes de d\u00e9tection de gaz les meilleurs et les plus fiables qui soient. <\/p>\n<p><strong>Relations avec les fournisseurs et approvisionnement \u00e9thique<\/strong><\/p>\n<p>Nous savons que la qualit\u00e9 de nos produits est \u00e9troitement li\u00e9e \u00e0 la qualit\u00e9 de notre cha\u00eene d&rsquo;approvisionnement. C&rsquo;est pourquoi SAMON entretient des relations \u00e9troites avec un large \u00e9ventail de fournisseurs. Nous effectuons des audits r\u00e9guliers pour nous assurer que nos partenaires respectent nos exigences de qualit\u00e9 strictes et nos pratiques commerciales \u00e9thiques. Cette approche strat\u00e9gique de l&rsquo;approvisionnement garantit que nos produits sont non seulement de la plus haute qualit\u00e9, mais aussi d&rsquo;origine \u00e9thique et durable.   <\/p>\n<p><strong>Engagement en faveur du d\u00e9veloppement durable<\/strong><\/p>\n<p>Dans le cadre de nos initiatives en mati\u00e8re de qualit\u00e9, nous sommes \u00e9galement profond\u00e9ment <a href=\"https:\/\/samon.com\/sustainability\/\">engag\u00e9s en faveur du d\u00e9veloppement durable<\/a>. Nos produits sont con\u00e7us non seulement pour r\u00e9pondre aux exigences actuelles, mais aussi pour s&rsquo;adapter aux besoins futurs. Cette approche \u00e0 l&rsquo;\u00e9preuve du temps est essentielle dans un secteur en \u00e9volution rapide, o\u00f9 les consid\u00e9rations environnementales prennent de plus en plus d&rsquo;importance.  <\/p>\n<p>En choisissant SAMON, vous vous associez \u00e0 une entreprise qui valorise la qualit\u00e9, l&rsquo;innovation et le d\u00e9veloppement durable. Nous sommes l\u00e0 pour vous aider \u00e0 atteindre vos objectifs gr\u00e2ce \u00e0 des solutions de d\u00e9tection de gaz simplement fiables. <\/p>\n<\/div>\n<\/div>\n<\/div>\n<\/div>\n<\/div>\n<\/div>\n<\/div>\n<\/div>\n<\/div>\n<\/div>\n<\/div>\n<\/div>\n<\/div>\n<\/div>\n<div>\n<div>\n<div>\n<form aria-haspopup=\"dialog\" aria-expanded=\"false\" aria-controls=\"radix-:r5c:\" data-state=\"closed\">\n<div>\n<div>\n<div>\n<div>\n<div> <\/div>\n<\/div>\n<\/div>\n<\/div>\n<\/div>\n<\/form>\n<\/div>\n<\/div>\n<\/div>\n\t\t\t\t\t\t\t\t<\/div>\n\t\t\t\t<\/div>\n\t\t\t\t<\/div>\n\t\t\t\t\t<\/div>\n\t\t\t\t<\/div>\n\t\t\t\t<\/div>\n\t\t","protected":false},"excerpt":{"rendered":"<p>Qualit\u00e9 Qualit\u00e9 et certification Chez SAMON, notre engagement en faveur de la qualit\u00e9 est la base sur laquelle nous construisons tout. Notre objectif est simple : fournir \u00e0 nos clients les solutions de d\u00e9tection de gaz les plus fiables et les plus avanc\u00e9es du secteur, afin de garantir la s\u00e9curit\u00e9, l&rsquo;efficacit\u00e9 et la tranquillit\u00e9 d&rsquo;esprit. [&hellip;]<\/p>\n","protected":false},"author":1,"featured_media":0,"parent":0,"menu_order":0,"comment_status":"closed","ping_status":"closed","template":"","meta":{"_monsterinsights_skip_tracking":false,"_monsterinsights_sitenote_active":false,"_monsterinsights_sitenote_note":"","_monsterinsights_sitenote_category":0,"footnotes":""},"class_list":["post-11294","page","type-page","status-publish","hentry"],"aioseo_notices":[],"_links":{"self":[{"href":"https:\/\/samon.com\/fr\/wp-json\/wp\/v2\/pages\/11294","targetHints":{"allow":["GET"]}}],"collection":[{"href":"https:\/\/samon.com\/fr\/wp-json\/wp\/v2\/pages"}],"about":[{"href":"https:\/\/samon.com\/fr\/wp-json\/wp\/v2\/types\/page"}],"author":[{"embeddable":true,"href":"https:\/\/samon.com\/fr\/wp-json\/wp\/v2\/users\/1"}],"replies":[{"embeddable":true,"href":"https:\/\/samon.com\/fr\/wp-json\/wp\/v2\/comments?post=11294"}],"version-history":[{"count":3,"href":"https:\/\/samon.com\/fr\/wp-json\/wp\/v2\/pages\/11294\/revisions"}],"predecessor-version":[{"id":14320,"href":"https:\/\/samon.com\/fr\/wp-json\/wp\/v2\/pages\/11294\/revisions\/14320"}],"wp:attachment":[{"href":"https:\/\/samon.com\/fr\/wp-json\/wp\/v2\/media?parent=11294"}],"curies":[{"name":"wp","href":"https:\/\/api.w.org\/{rel}","templated":true}]}}