{"id":11272,"date":"2024-05-27T11:19:24","date_gmt":"2024-05-27T09:19:24","guid":{"rendered":"https:\/\/samon.com\/politique-de-confidentialite\/"},"modified":"2024-10-23T14:44:53","modified_gmt":"2024-10-23T12:44:53","slug":"politique-de-confidentialite","status":"publish","type":"page","link":"https:\/\/samon.com\/fr\/politique-de-confidentialite\/","title":{"rendered":"Politique de confidentialit\u00e9"},"content":{"rendered":"\t\t<div data-elementor-type=\"wp-page\" data-elementor-id=\"11272\" class=\"elementor elementor-11272 elementor-4821\" data-elementor-post-type=\"page\">\n\t\t\t\t<div class=\"elementor-element elementor-element-baa5f06 e-flex e-con-boxed e-con e-parent\" data-id=\"baa5f06\" data-element_type=\"container\">\n\t\t\t\t\t<div class=\"e-con-inner\">\n\t\t\t\t<div class=\"elementor-element elementor-element-5309629 elementor-widget elementor-widget-heading\" data-id=\"5309629\" data-element_type=\"widget\" data-widget_type=\"heading.default\">\n\t\t\t\t<div class=\"elementor-widget-container\">\n\t\t\t\t\t<h2 class=\"elementor-heading-title elementor-size-default\">Politique de confidentialit\u00e9<\/h2>\t\t\t\t<\/div>\n\t\t\t\t<\/div>\n\t\t\t\t\t<\/div>\n\t\t\t\t<\/div>\n\t\t<div class=\"elementor-element elementor-element-8e46d75 e-flex e-con-boxed e-con e-parent\" data-id=\"8e46d75\" data-element_type=\"container\">\n\t\t\t\t\t<div class=\"e-con-inner\">\n\t\t\t\t<div class=\"elementor-element elementor-element-1de9123 elementor-widget elementor-widget-text-editor\" data-id=\"1de9123\" data-element_type=\"widget\" data-widget_type=\"text-editor.default\">\n\t\t\t\t<div class=\"elementor-widget-container\">\n\t\t\t\t\t\t\t\t\t<p>SAMON<span style=\"font-size: 16px;\">  (\u00ab\u00a0nous\u00a0\u00bb, \u00ab\u00a0notre\u00a0\u00bb ou \u00ab\u00a0nos\u00a0\u00bb) s&rsquo;engage \u00e0 prot\u00e9ger et \u00e0 respecter votre vie priv\u00e9e. La pr\u00e9sente politique de confidentialit\u00e9 d\u00e9crit la mani\u00e8re dont nous recueillons, utilisons, divulguons et prot\u00e9geons vos informations lorsque vous visitez notre site web www.samon.com (le \u00ab\u00a0site web\u00a0\u00bb). Veuillez lire attentivement cette politique pour comprendre notre point de vue et nos pratiques concernant vos donn\u00e9es personnelles et la mani\u00e8re dont nous les traiterons. En utilisant notre site web, vous acceptez les termes de cette politique de confidentialit\u00e9.   <\/span><\/p>\n<p><strong>Informations que nous recueillons<br \/><\/strong><br \/> Nous pouvons recueillir et traiter les donn\u00e9es suivantes vous concernant :<br \/>&#8211; Informations d&rsquo;identification personnelle : Nom, adresse \u00e9lectronique, num\u00e9ro de t\u00e9l\u00e9phone, etc.<br \/>&#8211; Donn\u00e9es techniques : Adresse IP, type de navigateur, syst\u00e8me d&rsquo;exploitation, informations sur l&rsquo;appareil et autres donn\u00e9es techniques collect\u00e9es par le biais de cookies et de technologies similaires.<br \/>&#8211; Donn\u00e9es d&rsquo;utilisation : Informations sur la mani\u00e8re dont vous utilisez notre site web, nos produits et nos services.<br \/>&#8211; Donn\u00e9es de marketing et de communication : Vos pr\u00e9f\u00e9rences en mati\u00e8re de marketing et de communication.<\/p>\n<p><strong>Comment nous utilisons vos informations<\/strong><br \/>Nous utilisons les informations que nous recueillons de la mani\u00e8re suivante :<br \/>&#8211; Pour fournir et maintenir notre site web : Y compris pour contr\u00f4ler l&rsquo;utilisation de notre site web.<br \/>&#8211; Pour g\u00e9rer votre compte : Pour g\u00e9rer votre inscription en tant qu&rsquo;utilisateur du site web.<br \/>&#8211; Pour vous contacter : Vous contacter par courrier \u00e9lectronique, appels t\u00e9l\u00e9phoniques, SMS ou autres formes \u00e9quivalentes de communication \u00e9lectronique concernant des mises \u00e0 jour ou des communications informatives relatives \u00e0 des fonctionnalit\u00e9s, des produits ou des services contractuels, y compris des mises \u00e0 jour de s\u00e9curit\u00e9, lorsque cela est n\u00e9cessaire ou raisonnable pour leur mise en \u0153uvre.<br \/>&#8211; Pour vous fournir des nouvelles, des offres sp\u00e9ciales et des informations g\u00e9n\u00e9rales : sur d&rsquo;autres biens, services et \u00e9v\u00e9nements que nous proposons et qui sont similaires \u00e0 ceux que vous avez d\u00e9j\u00e0 achet\u00e9s ou pour lesquels vous vous \u00eates renseign\u00e9, \u00e0 moins que vous n&rsquo;ayez choisi de ne pas recevoir de telles informations.<br \/>&#8211; Pour g\u00e9rer vos demandes : Pour r\u00e9pondre \u00e0 vos demandes et les g\u00e9rer.<\/p>\n<p><strong>Base juridique du traitement des donn\u00e9es \u00e0 caract\u00e8re personnel<\/strong><br \/>Nous nous appuyons sur les bases juridiques suivantes pour traiter vos donn\u00e9es \u00e0 caract\u00e8re personnel :<br \/>&#8211; Consentement : Vous avez donn\u00e9 votre consentement pour une ou plusieurs finalit\u00e9s sp\u00e9cifiques.<br \/>&#8211; Contrat : Le traitement est n\u00e9cessaire \u00e0 l&rsquo;ex\u00e9cution d&rsquo;un contrat avec vous et\/ou \u00e0 toute obligation pr\u00e9contractuelle.<br \/>&#8211; Obligations l\u00e9gales : Le traitement est n\u00e9cessaire au respect d&rsquo;une obligation l\u00e9gale \u00e0 laquelle SAMON est soumis.<br \/>&#8211; Int\u00e9r\u00eats l\u00e9gitimes : Le traitement est n\u00e9cessaire aux fins des int\u00e9r\u00eats l\u00e9gitimes poursuivis par SAMON.<\/p>\n<p><strong>Cookies<\/strong><br \/>Nous utilisons des cookies et des technologies de suivi similaires pour suivre l&rsquo;activit\u00e9 sur notre site web et stocker certaines informations. Les cookies sont des fichiers contenant une petite quantit\u00e9 de donn\u00e9es qui peuvent inclure un identifiant unique anonyme. Vous pouvez demander \u00e0 votre navigateur de refuser tous les cookies ou de vous indiquer quand un cookie est envoy\u00e9. Toutefois, si vous n&rsquo;acceptez pas les cookies, il se peut que vous ne puissiez pas utiliser certaines parties de notre site web.   <\/p>\n<p><strong>Partage et divulgation des donn\u00e9es<\/strong><br \/>Nous ne vendons pas, n&rsquo;\u00e9changeons pas et ne transf\u00e9rons pas vos donn\u00e9es personnelles \u00e0 des tiers, sauf dans les cas suivants :<br \/>&#8211; Prestataires de services : Nous pouvons employer des soci\u00e9t\u00e9s et des personnes tierces pour faciliter notre site web, fournir le service en notre nom, effectuer des services li\u00e9s au site web ou nous aider \u00e0 analyser la fa\u00e7on dont notre site web est utilis\u00e9.<br \/>&#8211; Exigences l\u00e9gales : SAMON peut divulguer vos donn\u00e9es personnelles en croyant de bonne foi qu&rsquo;une telle action est n\u00e9cessaire pour se conformer \u00e0 une obligation l\u00e9gale, prot\u00e9ger et d\u00e9fendre les droits ou la propri\u00e9t\u00e9 de SAMON, pr\u00e9venir ou enqu\u00eater sur d&rsquo;\u00e9ventuels actes r\u00e9pr\u00e9hensibles en rapport avec le site Web, prot\u00e9ger la s\u00e9curit\u00e9 personnelle des utilisateurs du site Web ou du public, ou se prot\u00e9ger contre la responsabilit\u00e9 l\u00e9gale.<\/p>\n<p><strong>S\u00e9curit\u00e9 des donn\u00e9es<\/strong><br \/>Nous prenons au s\u00e9rieux la s\u00e9curit\u00e9 de vos donn\u00e9es et avons mis en \u0153uvre des mesures techniques et organisationnelles appropri\u00e9es pour prot\u00e9ger vos donn\u00e9es personnelles contre les acc\u00e8s non autoris\u00e9s, le vol et la perte. Toutefois, sachez qu&rsquo;aucune m\u00e9thode de transmission sur l&rsquo;internet ou de stockage \u00e9lectronique n&rsquo;est s\u00fbre \u00e0 100 % et que nous ne pouvons pas garantir une s\u00e9curit\u00e9 absolue. <\/p>\n<p><strong>Conservation des donn\u00e9es<\/strong><br \/>Nous ne conserverons vos donn\u00e9es personnelles que pendant la dur\u00e9e n\u00e9cessaire aux fins \u00e9nonc\u00e9es dans la pr\u00e9sente politique de confidentialit\u00e9. Nous conserverons et utiliserons vos donn\u00e9es personnelles dans la mesure n\u00e9cessaire pour nous conformer \u00e0 nos obligations l\u00e9gales, r\u00e9soudre les litiges et appliquer nos accords juridiques et nos politiques. <\/p>\n<p><strong>Vos droits en mati\u00e8re de protection des donn\u00e9es<\/strong><br \/>En vertu du GDPR, vous disposez des droits suivants :<br \/>&#8211; Droit d&rsquo;acc\u00e8s : Vous avez le droit de demander des copies de vos donn\u00e9es \u00e0 caract\u00e8re personnel.<br \/>&#8211; Droit de rectification : Vous avez le droit de nous demander de corriger toute information que vous jugez inexacte ou de compl\u00e9ter toute information que vous jugez incompl\u00e8te.<br \/>&#8211; Droit \u00e0 l&rsquo;effacement : vous avez le droit de nous demander d&rsquo;effacer vos donn\u00e9es \u00e0 caract\u00e8re personnel, sous certaines conditions.<br \/>&#8211; Droit de restreindre le traitement : Vous avez le droit de demander que nous limitions le traitement de vos donn\u00e9es \u00e0 caract\u00e8re personnel, sous certaines conditions.<br \/>&#8211; Droit d&rsquo;opposition au traitement : Vous avez le droit de vous opposer au traitement de vos donn\u00e9es personnelles, sous certaines conditions.<br \/>&#8211; Droit \u00e0 la portabilit\u00e9 des donn\u00e9es : Vous avez le droit de nous demander de transf\u00e9rer les donn\u00e9es que nous avons collect\u00e9es \u00e0 une autre organisation ou directement \u00e0 vous, sous certaines conditions.<\/p>\n<p>Si vous faites une demande, nous disposons d&rsquo;un mois pour vous r\u00e9pondre. Si vous souhaitez exercer l&rsquo;un de ces droits, veuillez nous contacter aux coordonn\u00e9es indiqu\u00e9es ci-dessous. <\/p>\n<p><strong>Coordonn\u00e9es<\/strong><br \/>Si vous avez des questions concernant la pr\u00e9sente politique de confidentialit\u00e9, veuillez nous contacter :<br \/>&#8211; Par courrier \u00e9lectronique : info@samon.com<br \/>&#8211; En visitant cette page sur notre site web : www.samon.com\/contact<br \/>&#8211; Par t\u00e9l\u00e9phone : +46 40 15 58 59<br \/>&#8211; Par courrier : SAMON AB, Modemgatan 2, 235 39 Vellinge, Su\u00e8de.<\/p>\n<p><strong>Modifications de la pr\u00e9sente<\/strong> politique de confidentialit\u00e9<br \/>Nous pouvons mettre \u00e0 jour notre politique de confidentialit\u00e9 de temps \u00e0 autre. Nous vous informerons de toute modification en publiant la nouvelle politique de confidentialit\u00e9 sur cette page. Nous vous conseillons de consulter r\u00e9guli\u00e8rement la pr\u00e9sente politique de confidentialit\u00e9 pour prendre connaissance des \u00e9ventuelles modifications. Les modifications apport\u00e9es \u00e0 la pr\u00e9sente politique de confidentialit\u00e9 entrent en vigueur d\u00e8s leur publication sur cette page.   <\/p>\n<p>Derni\u00e8re mise \u00e0 jour : 27. mai 2024 <\/p>\n\t\t\t\t\t\t\t\t<\/div>\n\t\t\t\t<\/div>\n\t\t\t\t\t<\/div>\n\t\t\t\t<\/div>\n\t\t\t\t<\/div>\n\t\t","protected":false},"excerpt":{"rendered":"<p>Politique de confidentialit\u00e9 SAMON (\u00ab\u00a0nous\u00a0\u00bb, \u00ab\u00a0notre\u00a0\u00bb ou \u00ab\u00a0nos\u00a0\u00bb) s&rsquo;engage \u00e0 prot\u00e9ger et \u00e0 respecter votre vie priv\u00e9e. La pr\u00e9sente politique de confidentialit\u00e9 d\u00e9crit la mani\u00e8re dont nous recueillons, utilisons, divulguons et prot\u00e9geons vos informations lorsque vous visitez notre site web www.samon.com (le \u00ab\u00a0site web\u00a0\u00bb). Veuillez lire attentivement cette politique pour comprendre notre point de vue [&hellip;]<\/p>\n","protected":false},"author":1,"featured_media":0,"parent":0,"menu_order":0,"comment_status":"closed","ping_status":"closed","template":"","meta":{"_monsterinsights_skip_tracking":false,"_monsterinsights_sitenote_active":false,"_monsterinsights_sitenote_note":"","_monsterinsights_sitenote_category":0,"footnotes":""},"class_list":["post-11272","page","type-page","status-publish","hentry"],"aioseo_notices":[],"_links":{"self":[{"href":"https:\/\/samon.com\/fr\/wp-json\/wp\/v2\/pages\/11272","targetHints":{"allow":["GET"]}}],"collection":[{"href":"https:\/\/samon.com\/fr\/wp-json\/wp\/v2\/pages"}],"about":[{"href":"https:\/\/samon.com\/fr\/wp-json\/wp\/v2\/types\/page"}],"author":[{"embeddable":true,"href":"https:\/\/samon.com\/fr\/wp-json\/wp\/v2\/users\/1"}],"replies":[{"embeddable":true,"href":"https:\/\/samon.com\/fr\/wp-json\/wp\/v2\/comments?post=11272"}],"version-history":[{"count":1,"href":"https:\/\/samon.com\/fr\/wp-json\/wp\/v2\/pages\/11272\/revisions"}],"predecessor-version":[{"id":11279,"href":"https:\/\/samon.com\/fr\/wp-json\/wp\/v2\/pages\/11272\/revisions\/11279"}],"wp:attachment":[{"href":"https:\/\/samon.com\/fr\/wp-json\/wp\/v2\/media?parent=11272"}],"curies":[{"name":"wp","href":"https:\/\/api.w.org\/{rel}","templated":true}]}}