{"id":16658,"date":"2025-12-17T12:48:19","date_gmt":"2025-12-17T11:48:19","guid":{"rendered":"https:\/\/samon.com\/sensores-glaciar-midi-ir-e-ir\/"},"modified":"2026-02-09T13:55:22","modified_gmt":"2026-02-09T12:55:22","slug":"sensores-glaciar-midi-ir-e-ir","status":"publish","type":"page","link":"https:\/\/samon.com\/es\/sensores-glaciar-midi-ir-e-ir\/","title":{"rendered":"Sensores GLACI\u00c4R MIDI IR e IR+"},"content":{"rendered":"\t\t<div data-elementor-type=\"wp-page\" data-elementor-id=\"16658\" class=\"elementor elementor-16658 elementor-16631\" data-elementor-post-type=\"page\">\n\t\t\t\t<div class=\"elementor-element elementor-element-663ce2a e-con-full e-flex e-con e-parent\" data-id=\"663ce2a\" data-element_type=\"container\" data-e-type=\"container\">\n\t\t\t\t<div class=\"elementor-element elementor-element-35008c4 elementor--h-position-center elementor--v-position-middle elementor-arrows-position-inside elementor-pagination-position-inside elementor-widget elementor-widget-slides\" data-id=\"35008c4\" data-element_type=\"widget\" data-e-type=\"widget\" data-settings=\"{&quot;navigation&quot;:&quot;both&quot;,&quot;autoplay&quot;:&quot;yes&quot;,&quot;pause_on_hover&quot;:&quot;yes&quot;,&quot;pause_on_interaction&quot;:&quot;yes&quot;,&quot;autoplay_speed&quot;:5000,&quot;infinite&quot;:&quot;yes&quot;,&quot;transition&quot;:&quot;slide&quot;,&quot;transition_speed&quot;:500}\" data-widget_type=\"slides.default\">\n\t\t\t\t<div class=\"elementor-widget-container\">\n\t\t\t\t\t\t\t\t\t<div class=\"elementor-swiper\">\n\t\t\t\t\t<div class=\"elementor-slides-wrapper elementor-main-swiper swiper\" role=\"region\" aria-roledescription=\"carousel\" aria-label=\"Slides\" dir=\"ltr\" data-animation=\"fadeInUp\">\n\t\t\t\t<div class=\"swiper-wrapper elementor-slides\">\n\t\t\t\t\t\t\t\t\t\t<div class=\"elementor-repeater-item-807f9da swiper-slide\" role=\"group\" aria-roledescription=\"slide\"><div class=\"swiper-slide-bg elementor-ken-burns elementor-ken-burns--in\" role=\"img\" aria-label=\"Sensor HERO IR 2\"><\/div><div class=\"swiper-slide-inner\" ><div class=\"swiper-slide-contents\"><div class=\"elementor-slide-heading\">L\u00ednea de sensores GLACI\u00c4R MIDI IR e IR+<\/div><\/div><\/div><\/div>\t\t\t\t<\/div>\n\t\t\t\t\t\t\t<\/div>\n\t\t\t\t<\/div>\n\t\t\t\t\t\t\t\t<\/div>\n\t\t\t\t<\/div>\n\t\t\t\t<\/div>\n\t\t<div class=\"elementor-element elementor-element-d37ca93 e-flex e-con-boxed e-con e-parent\" data-id=\"d37ca93\" data-element_type=\"container\" data-e-type=\"container\">\n\t\t\t\t\t<div class=\"e-con-inner\">\n\t\t\t\t<div class=\"elementor-element elementor-element-28a9eb1 elementor-widget elementor-widget-spacer\" data-id=\"28a9eb1\" data-element_type=\"widget\" data-e-type=\"widget\" data-widget_type=\"spacer.default\">\n\t\t\t\t<div class=\"elementor-widget-container\">\n\t\t\t\t\t\t\t<div class=\"elementor-spacer\">\n\t\t\t<div class=\"elementor-spacer-inner\"><\/div>\n\t\t<\/div>\n\t\t\t\t\t\t<\/div>\n\t\t\t\t<\/div>\n\t\t\t\t\t<\/div>\n\t\t\t\t<\/div>\n\t\t<div class=\"elementor-element elementor-element-3920767 e-grid e-con-boxed e-con e-parent\" data-id=\"3920767\" data-element_type=\"container\" data-e-type=\"container\">\n\t\t\t\t\t<div class=\"e-con-inner\">\n\t\t\t\t<div class=\"elementor-element elementor-element-224fd44 elementor-widget elementor-widget-text-editor\" data-id=\"224fd44\" data-element_type=\"widget\" data-e-type=\"widget\" data-widget_type=\"text-editor.default\">\n\t\t\t\t<div class=\"elementor-widget-container\">\n\t\t\t\t\t\t\t\t\t<h1><span style=\"color: #ff0000;\">Nueva l\u00ednea de sensores para GLACI\u00c4R MIDI<\/span><\/h1><h3><span style=\"color: #ff0000;\">Sensores IR e IR+<\/span><\/h3><p><strong>Larga vida \u00fatil. Bajo mantenimiento. Alta fiabilidad.  <\/strong><\/p><p>Gracias a la detecci\u00f3n por infrarrojos, la tecnolog\u00eda garantiza una detecci\u00f3n precisa y estable del gas refrigerante al dirigirse a la longitud de onda de absorci\u00f3n \u00fanica de cada gas.<\/p><p class=\"p1\">El <b>GLACI\u00c4R MIDI IR e IR+<\/b> forma parte de la \u00faltima evoluci\u00f3n de nuestra gama de detecci\u00f3n de gas simplemente fiable, ahora equipado con un sensor de infrarrojos (IR) de vanguardia dise\u00f1ado para un rendimiento de \u00faltima generaci\u00f3n en entornos de refrigeraci\u00f3n cr\u00edticos. Dise\u00f1ado para <\/p><p class=\"p1\">precisi\u00f3n, longevidad y bajo mantenimiento, las opciones de sensor IR e IR+ superan a las tecnolog\u00edas convencionales con:<\/p><p class=\"p1\"><b>Sin falsas alarmas<\/b><b> <br><\/b><b><\/b>Los sensores IR son selectivos a los refrigerantes, ignorando los agentes de limpieza, la humedad y otros gases.<\/p><p class=\"p1\"><b>Rendimiento estable<br><\/b>Inmune a las variaciones de temperatura, humedad y ox\u00edgeno.<\/p><p class=\"p1\"><b>Funcionamiento a prueba de fallos<\/b><b> <br><\/b><b><\/b>Los diagn\u00f3sticos integrados garantizan que no haya fallos silenciosos.<\/p><p class=\"p1\"><b>Larga vida \u00fatil del sensor<br><\/b>A\u00f1os de detecci\u00f3n fiable.<\/p><p class=\"p1\"><b>Recuperaci\u00f3n r\u00e1pida<\/b><b> <br><\/b><b><\/b>Resiste y se recupera de altas concentraciones de gas sin sufrir da\u00f1os.<\/p><p class=\"p1\"><b>A\u00f1os de precisi\u00f3n<br><\/b>No necesita recalibraci\u00f3n anual; mantiene la calibraci\u00f3n mucho m\u00e1s tiempo que los sensores SC o electroqu\u00edmicos.<\/p><p class=\"p1\"><b>Menor coste total de propiedad<br><\/b>Menos mantenimiento. Menos falsas alarmas. M\u00e1s tiempo de actividad.  <\/p>\t\t\t\t\t\t\t\t<\/div>\n\t\t\t\t<\/div>\n\t\t\t\t<div class=\"elementor-element elementor-element-6b0e4fb elementor-widget elementor-widget-image\" data-id=\"6b0e4fb\" data-element_type=\"widget\" data-e-type=\"widget\" data-widget_type=\"image.default\">\n\t\t\t\t<div class=\"elementor-widget-container\">\n\t\t\t\t\t\t\t\t\t\t\t\t\t\t\t<img fetchpriority=\"high\" decoding=\"async\" width=\"2060\" height=\"1969\" src=\"https:\/\/samon.com\/wp-content\/uploads\/2025\/12\/GLACIAR-MIDI-IR-plus.png\" class=\"attachment-full size-full wp-image-16725\" alt=\"GLACI\u00c4R MIDI IR+\" srcset=\"https:\/\/samon.com\/wp-content\/uploads\/2025\/12\/GLACIAR-MIDI-IR-plus.png 2060w, https:\/\/samon.com\/wp-content\/uploads\/2025\/12\/GLACIAR-MIDI-IR-plus-300x287.png 300w, https:\/\/samon.com\/wp-content\/uploads\/2025\/12\/GLACIAR-MIDI-IR-plus-1024x979.png 1024w, https:\/\/samon.com\/wp-content\/uploads\/2025\/12\/GLACIAR-MIDI-IR-plus-768x734.png 768w, https:\/\/samon.com\/wp-content\/uploads\/2025\/12\/GLACIAR-MIDI-IR-plus-1536x1468.png 1536w, https:\/\/samon.com\/wp-content\/uploads\/2025\/12\/GLACIAR-MIDI-IR-plus-2048x1958.png 2048w\" sizes=\"(max-width: 2060px) 100vw, 2060px\" \/>\t\t\t\t\t\t\t\t\t\t\t\t\t\t\t<\/div>\n\t\t\t\t<\/div>\n\t\t<div class=\"elementor-element elementor-element-d8c72e0 e-flex e-con-boxed e-con e-child\" data-id=\"d8c72e0\" data-element_type=\"container\" data-e-type=\"container\">\n\t\t\t\t\t<div class=\"e-con-inner\">\n\t\t\t\t<div class=\"elementor-element elementor-element-6e1cf7e elementor-widget elementor-widget-button\" data-id=\"6e1cf7e\" data-element_type=\"widget\" data-e-type=\"widget\" data-widget_type=\"button.default\">\n\t\t\t\t<div class=\"elementor-widget-container\">\n\t\t\t\t\t\t\t\t\t<div class=\"elementor-button-wrapper\">\n\t\t\t\t\t<a class=\"elementor-button elementor-button-link elementor-size-sm\" href=\"https:\/\/samon.com\/wp-content\/uploads\/2026\/01\/GLACIAR-MIDI-IR-and-IR-one-pager-EN-v1.0-web.pdf\">\n\t\t\t\t\t\t<span class=\"elementor-button-content-wrapper\">\n\t\t\t\t\t\t<span class=\"elementor-button-icon\">\n\t\t\t\t<svg aria-hidden=\"true\" class=\"e-font-icon-svg e-fas-download\" viewBox=\"0 0 512 512\" xmlns=\"http:\/\/www.w3.org\/2000\/svg\"><path d=\"M216 0h80c13.3 0 24 10.7 24 24v168h87.7c17.8 0 26.7 21.5 14.1 34.1L269.7 378.3c-7.5 7.5-19.8 7.5-27.3 0L90.1 226.1c-12.6-12.6-3.7-34.1 14.1-34.1H192V24c0-13.3 10.7-24 24-24zm296 376v112c0 13.3-10.7 24-24 24H24c-13.3 0-24-10.7-24-24V376c0-13.3 10.7-24 24-24h146.7l49 49c20.1 20.1 52.5 20.1 72.6 0l49-49H488c13.3 0 24 10.7 24 24zm-124 88c0-11-9-20-20-20s-20 9-20 20 9 20 20 20 20-9 20-20zm64 0c0-11-9-20-20-20s-20 9-20 20 9 20 20 20 20-9 20-20z\"><\/path><\/svg>\t\t\t<\/span>\n\t\t\t\t\t\t\t\t\t<span class=\"elementor-button-text\">Hoja de datos de GLACI\u00c4R MIDI IR &amp; IR+ (ingl\u00e9s)<\/span>\n\t\t\t\t\t<\/span>\n\t\t\t\t\t<\/a>\n\t\t\t\t<\/div>\n\t\t\t\t\t\t\t\t<\/div>\n\t\t\t\t<\/div>\n\t\t\t\t<div class=\"elementor-element elementor-element-c8e5af5 elementor-widget elementor-widget-button\" data-id=\"c8e5af5\" data-element_type=\"widget\" data-e-type=\"widget\" data-widget_type=\"button.default\">\n\t\t\t\t<div class=\"elementor-widget-container\">\n\t\t\t\t\t\t\t\t\t<div class=\"elementor-button-wrapper\">\n\t\t\t\t\t<a class=\"elementor-button elementor-button-link elementor-size-sm\" href=\"https:\/\/samon.com\/es\/aplicaciones\/deteccion-de-gases-refrigerantes-comerciales\/glaciar-midi\/\">\n\t\t\t\t\t\t<span class=\"elementor-button-content-wrapper\">\n\t\t\t\t\t\t<span class=\"elementor-button-icon\">\n\t\t\t\t<svg aria-hidden=\"true\" class=\"e-font-icon-svg e-fas-link\" viewBox=\"0 0 512 512\" xmlns=\"http:\/\/www.w3.org\/2000\/svg\"><path d=\"M326.612 185.391c59.747 59.809 58.927 155.698.36 214.59-.11.12-.24.25-.36.37l-67.2 67.2c-59.27 59.27-155.699 59.262-214.96 0-59.27-59.26-59.27-155.7 0-214.96l37.106-37.106c9.84-9.84 26.786-3.3 27.294 10.606.648 17.722 3.826 35.527 9.69 52.721 1.986 5.822.567 12.262-3.783 16.612l-13.087 13.087c-28.026 28.026-28.905 73.66-1.155 101.96 28.024 28.579 74.086 28.749 102.325.51l67.2-67.19c28.191-28.191 28.073-73.757 0-101.83-3.701-3.694-7.429-6.564-10.341-8.569a16.037 16.037 0 0 1-6.947-12.606c-.396-10.567 3.348-21.456 11.698-29.806l21.054-21.055c5.521-5.521 14.182-6.199 20.584-1.731a152.482 152.482 0 0 1 20.522 17.197zM467.547 44.449c-59.261-59.262-155.69-59.27-214.96 0l-67.2 67.2c-.12.12-.25.25-.36.37-58.566 58.892-59.387 154.781.36 214.59a152.454 152.454 0 0 0 20.521 17.196c6.402 4.468 15.064 3.789 20.584-1.731l21.054-21.055c8.35-8.35 12.094-19.239 11.698-29.806a16.037 16.037 0 0 0-6.947-12.606c-2.912-2.005-6.64-4.875-10.341-8.569-28.073-28.073-28.191-73.639 0-101.83l67.2-67.19c28.239-28.239 74.3-28.069 102.325.51 27.75 28.3 26.872 73.934-1.155 101.96l-13.087 13.087c-4.35 4.35-5.769 10.79-3.783 16.612 5.864 17.194 9.042 34.999 9.69 52.721.509 13.906 17.454 20.446 27.294 10.606l37.106-37.106c59.271-59.259 59.271-155.699.001-214.959z\"><\/path><\/svg>\t\t\t<\/span>\n\t\t\t\t\t\t\t\t\t<span class=\"elementor-button-text\">M\u00e1s informaci\u00f3n sobre GLACI\u00c4R MIDI<\/span>\n\t\t\t\t\t<\/span>\n\t\t\t\t\t<\/a>\n\t\t\t\t<\/div>\n\t\t\t\t\t\t\t\t<\/div>\n\t\t\t\t<\/div>\n\t\t\t\t<div class=\"elementor-element elementor-element-6710ef9 elementor-widget elementor-widget-button\" data-id=\"6710ef9\" data-element_type=\"widget\" data-e-type=\"widget\" data-widget_type=\"button.default\">\n\t\t\t\t<div class=\"elementor-widget-container\">\n\t\t\t\t\t\t\t\t\t<div class=\"elementor-button-wrapper\">\n\t\t\t\t\t<a class=\"elementor-button elementor-button-link elementor-size-sm\" href=\"https:\/\/www.youtube.com\/@samon-safe-monitoring\">\n\t\t\t\t\t\t<span class=\"elementor-button-content-wrapper\">\n\t\t\t\t\t\t<span class=\"elementor-button-icon\">\n\t\t\t\t<svg aria-hidden=\"true\" class=\"e-font-icon-svg e-fab-youtube\" viewBox=\"0 0 576 512\" xmlns=\"http:\/\/www.w3.org\/2000\/svg\"><path d=\"M549.655 124.083c-6.281-23.65-24.787-42.276-48.284-48.597C458.781 64 288 64 288 64S117.22 64 74.629 75.486c-23.497 6.322-42.003 24.947-48.284 48.597-11.412 42.867-11.412 132.305-11.412 132.305s0 89.438 11.412 132.305c6.281 23.65 24.787 41.5 48.284 47.821C117.22 448 288 448 288 448s170.78 0 213.371-11.486c23.497-6.321 42.003-24.171 48.284-47.821 11.412-42.867 11.412-132.305 11.412-132.305s0-89.438-11.412-132.305zm-317.51 213.508V175.185l142.739 81.205-142.739 81.201z\"><\/path><\/svg>\t\t\t<\/span>\n\t\t\t\t\t\t\t\t\t<span class=\"elementor-button-text\">Visite SAMON Academy en YouTube para obtener m\u00e1s informaci\u00f3n sobre lo f\u00e1cil que es calibrar el GLACI\u00c4R MIDI<\/span>\n\t\t\t\t\t<\/span>\n\t\t\t\t\t<\/a>\n\t\t\t\t<\/div>\n\t\t\t\t\t\t\t\t<\/div>\n\t\t\t\t<\/div>\n\t\t\t\t\t<\/div>\n\t\t\t\t<\/div>\n\t\t<div class=\"elementor-element elementor-element-1a683b3 e-con-full e-flex e-con e-child\" data-id=\"1a683b3\" data-element_type=\"container\" data-e-type=\"container\">\n\t\t\t\t<div class=\"elementor-element elementor-element-a482cc9 elementor-widget elementor-widget-text-editor\" data-id=\"a482cc9\" data-element_type=\"widget\" data-e-type=\"widget\" data-widget_type=\"text-editor.default\">\n\t\t\t\t<div class=\"elementor-widget-container\">\n\t\t\t\t\t\t\t\t\t<h3 class=\"p1\"><b>VENTAJAS DE GLACI\u00c4R IR e IR+<\/b><b><\/b><\/h3><ul><li class=\"p3\">Larga vida \u00fatil<\/li><li class=\"p3\">Deriva m\u00ednima del sensor<\/li><li class=\"p3\">Sin sensibilidad cruzada<\/li><li class=\"p3\">Inmune a la contaminaci\u00f3n<\/li><li class=\"p3\">Sin efecto de envenenamiento<\/li><li class=\"p3\">No agotador<\/li><li class=\"p3\">Requisito de calibraci\u00f3n m\u00ednimo <\/li><li class=\"p3\">Mayor precisi\u00f3n<\/li><li class=\"p3\">L\u00edmite m\u00ednimo de detecci\u00f3n bajo<b> <\/b><\/li><li class=\"p3\">Compatible con los accesorios GLACI\u00c4R MIDI<\/li><\/ul>\t\t\t\t\t\t\t\t<\/div>\n\t\t\t\t<\/div>\n\t\t\t\t<\/div>\n\t\t\t\t<div class=\"elementor-element elementor-element-6212aab elementor-widget elementor-widget-text-editor\" data-id=\"6212aab\" data-element_type=\"widget\" data-e-type=\"widget\" data-widget_type=\"text-editor.default\">\n\t\t\t\t<div class=\"elementor-widget-container\">\n\t\t\t\t\t\t\t\t\t<h3 class=\"p1\"><em><span style=\"color: #ff0000;\"><b>IR+ <\/b><b>admite m\u00e1s <\/b><b>gases refrigerantes y <\/b><b>ha establecido <\/b><b>factores de referencia cruzada <\/b><b>para detectar gases adicionales <\/b><b>utilizando un tipo de sensor <\/b><b>.<\/b><\/span><\/em><\/h3>\t\t\t\t\t\t\t\t<\/div>\n\t\t\t\t<\/div>\n\t\t<div class=\"elementor-element elementor-element-33d90f2 e-con-full e-flex e-con e-child\" data-id=\"33d90f2\" data-element_type=\"container\" data-e-type=\"container\">\n\t\t\t\t<\/div>\n\t\t<div class=\"elementor-element elementor-element-27de2d6 e-con-full e-flex e-con e-child\" data-id=\"27de2d6\" data-element_type=\"container\" data-e-type=\"container\">\n\t\t\t\t<\/div>\n\t\t\t\t\t<\/div>\n\t\t\t\t<\/div>\n\t\t<div class=\"elementor-element elementor-element-5ab0050 e-flex e-con-boxed e-con e-parent\" data-id=\"5ab0050\" data-element_type=\"container\" data-e-type=\"container\">\n\t\t\t\t\t<div class=\"e-con-inner\">\n\t\t\t\t<div class=\"elementor-element elementor-element-e4c24cb elementor-widget elementor-widget-text-editor\" data-id=\"e4c24cb\" data-element_type=\"widget\" data-e-type=\"widget\" data-widget_type=\"text-editor.default\">\n\t\t\t\t<div class=\"elementor-widget-container\">\n\t\t\t\t\t\t\t\t\t<h1>Nuestro equipo de expertos est\u00e1 listo para ayudarle<\/h1>\n<p style=\"text-align: left;\">Para obtener m\u00e1s informaci\u00f3n sobre la l\u00ednea de sensores IR e IR+, reg\u00edstrese a continuaci\u00f3n y nuestros expertos se pondr\u00e1n en contacto con usted.<\/p>\t\t\t\t\t\t\t\t<\/div>\n\t\t\t\t<\/div>\n\t\t\t\t\t<\/div>\n\t\t\t\t<\/div>\n\t\t<div class=\"elementor-element elementor-element-aa49e54 e-flex e-con-boxed e-con e-parent\" data-id=\"aa49e54\" data-element_type=\"container\" data-e-type=\"container\">\n\t\t\t\t\t<div class=\"e-con-inner\">\n\t\t\t\t<div class=\"elementor-element elementor-element-c944ad9 elementor-button-align-stretch elementor-widget elementor-widget-form\" data-id=\"c944ad9\" data-element_type=\"widget\" data-e-type=\"widget\" data-settings=\"{&quot;step_next_label&quot;:&quot;Siguiente&quot;,&quot;step_previous_label&quot;:&quot;Anterior&quot;,&quot;button_width&quot;:&quot;100&quot;,&quot;step_type&quot;:&quot;number_text&quot;,&quot;step_icon_shape&quot;:&quot;circle&quot;}\" data-widget_type=\"form.default\">\n\t\t\t\t<div class=\"elementor-widget-container\">\n\t\t\t\t\t\t\t<form class=\"elementor-form\" method=\"post\" name=\"Nuevo formulario\" aria-label=\"Nuevo formulario\">\n\t\t\t<input type=\"hidden\" name=\"post_id\" value=\"16658\"\/>\n\t\t\t<input type=\"hidden\" name=\"form_id\" value=\"c944ad9\"\/>\n\t\t\t<input type=\"hidden\" name=\"referer_title\" value=\"Sensores GLACI\u00c4R MIDI IR e IR+ - samon.com\" \/>\n\n\t\t\t\t\t\t\t<input type=\"hidden\" name=\"queried_id\" value=\"16658\"\/>\n\t\t\t\n\t\t\t<div class=\"elementor-form-fields-wrapper elementor-labels-above\">\n\t\t\t\t\t\t\t\t<div class=\"elementor-field-type-text elementor-field-group elementor-column elementor-field-group-name elementor-col-100\">\n\t\t\t\t\t\t\t\t\t\t\t\t<label for=\"form-field-name\" class=\"elementor-field-label\">\n\t\t\t\t\t\t\t\tNombre\t\t\t\t\t\t\t<\/label>\n\t\t\t\t\t\t\t\t\t\t\t\t\t\t<input size=\"1\" type=\"text\" name=\"form_fields[name]\" id=\"form-field-name\" class=\"elementor-field elementor-size-sm  elementor-field-textual\" placeholder=\"Nombre\">\n\t\t\t\t\t\t\t\t\t\t\t<\/div>\n\t\t\t\t\t\t\t\t<div class=\"elementor-field-type-email elementor-field-group elementor-column elementor-field-group-email elementor-col-100 elementor-field-required\">\n\t\t\t\t\t\t\t\t\t\t\t\t<label for=\"form-field-email\" class=\"elementor-field-label\">\n\t\t\t\t\t\t\t\tEnv\u00eda un correo electr\u00f3nico a\t\t\t\t\t\t\t<\/label>\n\t\t\t\t\t\t\t\t\t\t\t\t\t\t<input size=\"1\" type=\"email\" name=\"form_fields[email]\" id=\"form-field-email\" class=\"elementor-field elementor-size-sm  elementor-field-textual\" placeholder=\"Env\u00eda un correo electr\u00f3nico a\" required=\"required\">\n\t\t\t\t\t\t\t\t\t\t\t<\/div>\n\t\t\t\t\t\t\t\t<div class=\"elementor-field-type-textarea elementor-field-group elementor-column elementor-field-group-message elementor-col-100\">\n\t\t\t\t\t\t\t\t\t\t\t\t<label for=\"form-field-message\" class=\"elementor-field-label\">\n\t\t\t\t\t\t\t\tMensaje\t\t\t\t\t\t\t<\/label>\n\t\t\t\t\t\t<textarea class=\"elementor-field-textual elementor-field  elementor-size-sm\" name=\"form_fields[message]\" id=\"form-field-message\" rows=\"4\" placeholder=\"Mensaje\"><\/textarea>\t\t\t\t<\/div>\n\t\t\t\t\t\t\t\t<div class=\"elementor-field-group elementor-column elementor-field-type-submit elementor-col-100 e-form__buttons\">\n\t\t\t\t\t<button class=\"elementor-button elementor-size-sm\" type=\"submit\">\n\t\t\t\t\t\t<span class=\"elementor-button-content-wrapper\">\n\t\t\t\t\t\t\t\t\t\t\t\t\t\t\t\t\t\t\t\t\t\t<span class=\"elementor-button-text\">Env\u00eda<\/span>\n\t\t\t\t\t\t\t\t\t\t\t\t\t<\/span>\n\t\t\t\t\t<\/button>\n\t\t\t\t<\/div>\n\t\t\t<\/div>\n\t\t<\/form>\n\t\t\t\t\t\t<\/div>\n\t\t\t\t<\/div>\n\t\t\t\t\t<\/div>\n\t\t\t\t<\/div>\n\t\t<div class=\"elementor-element elementor-element-aec79e0 e-flex e-con-boxed e-con e-parent\" data-id=\"aec79e0\" data-element_type=\"container\" data-e-type=\"container\">\n\t\t\t\t\t<div class=\"e-con-inner\">\n\t\t\t\t\t<\/div>\n\t\t\t\t<\/div>\n\t\t\t\t<\/div>\n\t\t","protected":false},"excerpt":{"rendered":"<p>GLACI\u00c4R MIDI IR e IR+ es una nueva y mejorada gama de opciones de sensores para el galardonado detector de gas refrigerante GLACI\u00c4R MIDI de SAMON.<\/p>\n","protected":false},"author":1,"featured_media":16659,"parent":0,"menu_order":0,"comment_status":"closed","ping_status":"closed","template":"","meta":{"_monsterinsights_skip_tracking":false,"_monsterinsights_sitenote_active":false,"_monsterinsights_sitenote_note":"","_monsterinsights_sitenote_category":0,"footnotes":""},"class_list":["post-16658","page","type-page","status-publish","has-post-thumbnail","hentry"],"aioseo_notices":[],"_links":{"self":[{"href":"https:\/\/samon.com\/es\/wp-json\/wp\/v2\/pages\/16658","targetHints":{"allow":["GET"]}}],"collection":[{"href":"https:\/\/samon.com\/es\/wp-json\/wp\/v2\/pages"}],"about":[{"href":"https:\/\/samon.com\/es\/wp-json\/wp\/v2\/types\/page"}],"author":[{"embeddable":true,"href":"https:\/\/samon.com\/es\/wp-json\/wp\/v2\/users\/1"}],"replies":[{"embeddable":true,"href":"https:\/\/samon.com\/es\/wp-json\/wp\/v2\/comments?post=16658"}],"version-history":[{"count":11,"href":"https:\/\/samon.com\/es\/wp-json\/wp\/v2\/pages\/16658\/revisions"}],"predecessor-version":[{"id":16892,"href":"https:\/\/samon.com\/es\/wp-json\/wp\/v2\/pages\/16658\/revisions\/16892"}],"wp:featuredmedia":[{"embeddable":true,"href":"https:\/\/samon.com\/es\/wp-json\/wp\/v2\/media\/16659"}],"wp:attachment":[{"href":"https:\/\/samon.com\/es\/wp-json\/wp\/v2\/media?parent=16658"}],"curies":[{"name":"wp","href":"https:\/\/api.w.org\/{rel}","templated":true}]}}