{"id":15488,"date":"2024-04-16T11:06:22","date_gmt":"2024-04-16T09:06:22","guid":{"rendered":"https:\/\/samon.com\/sostenibilidad\/"},"modified":"2025-05-28T15:51:48","modified_gmt":"2025-05-28T13:51:48","slug":"sostenibilidad","status":"publish","type":"page","link":"https:\/\/samon.com\/es\/sostenibilidad\/","title":{"rendered":"Sostenibilidad"},"content":{"rendered":"\t\t<div data-elementor-type=\"wp-page\" data-elementor-id=\"15488\" class=\"elementor elementor-15488 elementor-374\" data-elementor-post-type=\"page\">\n\t\t\t\t<div class=\"elementor-element elementor-element-f92c6c6 e-con-full e-flex e-con e-parent\" data-id=\"f92c6c6\" data-element_type=\"container\">\n\t\t\t\t<div class=\"elementor-element elementor-element-b030419 elementor--h-position-center elementor--v-position-middle elementor-arrows-position-inside elementor-pagination-position-inside elementor-widget elementor-widget-slides\" data-id=\"b030419\" data-element_type=\"widget\" data-settings=\"{&quot;navigation&quot;:&quot;both&quot;,&quot;autoplay&quot;:&quot;yes&quot;,&quot;pause_on_hover&quot;:&quot;yes&quot;,&quot;pause_on_interaction&quot;:&quot;yes&quot;,&quot;autoplay_speed&quot;:5000,&quot;infinite&quot;:&quot;yes&quot;,&quot;transition&quot;:&quot;slide&quot;,&quot;transition_speed&quot;:500}\" data-widget_type=\"slides.default\">\n\t\t\t\t<div class=\"elementor-widget-container\">\n\t\t\t\t\t\t\t\t\t<div class=\"elementor-swiper\">\n\t\t\t\t\t<div class=\"elementor-slides-wrapper elementor-main-swiper swiper\" role=\"region\" aria-roledescription=\"carousel\" aria-label=\"Slides\" dir=\"ltr\" data-animation=\"fadeInUp\">\n\t\t\t\t<div class=\"swiper-wrapper elementor-slides\">\n\t\t\t\t\t\t\t\t\t\t<div class=\"elementor-repeater-item-9c6129a swiper-slide\" role=\"group\" aria-roledescription=\"slide\"><div class=\"swiper-slide-bg\" role=\"img\" aria-label=\"sustainability\"><\/div><div class=\"swiper-slide-inner\" ><div class=\"swiper-slide-contents\"><div class=\"elementor-slide-heading\">Sostenibilidad<\/div><\/div><\/div><\/div>\t\t\t\t<\/div>\n\t\t\t\t\t\t\t<\/div>\n\t\t\t\t<\/div>\n\t\t\t\t\t\t\t\t<\/div>\n\t\t\t\t<\/div>\n\t\t\t\t<\/div>\n\t\t<div class=\"elementor-element elementor-element-8515599 e-flex e-con-boxed e-con e-parent\" data-id=\"8515599\" data-element_type=\"container\">\n\t\t\t\t\t<div class=\"e-con-inner\">\n\t\t\t\t<div class=\"elementor-element elementor-element-b300254 elementor-widget elementor-widget-spacer\" data-id=\"b300254\" data-element_type=\"widget\" data-widget_type=\"spacer.default\">\n\t\t\t\t<div class=\"elementor-widget-container\">\n\t\t\t\t\t\t\t<div class=\"elementor-spacer\">\n\t\t\t<div class=\"elementor-spacer-inner\"><\/div>\n\t\t<\/div>\n\t\t\t\t\t\t<\/div>\n\t\t\t\t<\/div>\n\t\t\t\t\t<\/div>\n\t\t\t\t<\/div>\n\t\t<div class=\"elementor-element elementor-element-2e5f17d e-flex e-con-boxed e-con e-parent\" data-id=\"2e5f17d\" data-element_type=\"container\">\n\t\t\t\t\t<div class=\"e-con-inner\">\n\t\t<div class=\"elementor-element elementor-element-1e2cc21 e-grid e-con-boxed e-con e-child\" data-id=\"1e2cc21\" data-element_type=\"container\">\n\t\t\t\t\t<div class=\"e-con-inner\">\n\t\t<div class=\"elementor-element elementor-element-acb7da4 e-flex e-con-boxed e-con e-child\" data-id=\"acb7da4\" data-element_type=\"container\">\n\t\t\t\t\t<div class=\"e-con-inner\">\n\t\t\t\t<div class=\"elementor-element elementor-element-5caf0ab elementor-widget elementor-widget-heading\" data-id=\"5caf0ab\" data-element_type=\"widget\" data-widget_type=\"heading.default\">\n\t\t\t\t<div class=\"elementor-widget-container\">\n\t\t\t\t\t<h3 class=\"elementor-heading-title elementor-size-default\">Nos importa<\/h3>\t\t\t\t<\/div>\n\t\t\t\t<\/div>\n\t\t\t\t<div class=\"elementor-element elementor-element-139c257 elementor-widget elementor-widget-text-editor\" data-id=\"139c257\" data-element_type=\"widget\" data-widget_type=\"text-editor.default\">\n\t\t\t\t<div class=\"elementor-widget-container\">\n\t\t\t\t\t\t\t\t\t<p>Nos preocupamos por nuestros empleados, as\u00ed como por la sociedad, y cumplimos con las leyes y todas las dem\u00e1s regulaciones que se aplican a nuestro negocio. Lo hacemos a trav\u00e9s de iniciativas activas relacionadas con la calidad, cuestiones ambientales, entorno laboral y seguridad. Nuestra visi\u00f3n es una empresa que fabrica detectores de gas de clase mundial pensando en la pr\u00f3xima generaci\u00f3n. Entonces, \u00bfqu\u00e9 estamos haciendo en nuestro trabajo diario?   <\/p>\t\t\t\t\t\t\t\t<\/div>\n\t\t\t\t<\/div>\n\t\t\t\t<div class=\"elementor-element elementor-element-b246d0c elementor-widget elementor-widget-heading\" data-id=\"b246d0c\" data-element_type=\"widget\" data-widget_type=\"heading.default\">\n\t\t\t\t<div class=\"elementor-widget-container\">\n\t\t\t\t\t<h3 class=\"elementor-heading-title elementor-size-default\">Iniciativas activas<\/h3>\t\t\t\t<\/div>\n\t\t\t\t<\/div>\n\t\t\t\t<div class=\"elementor-element elementor-element-b86ec0a elementor-widget elementor-widget-text-editor\" data-id=\"b86ec0a\" data-element_type=\"widget\" data-widget_type=\"text-editor.default\">\n\t\t\t\t<div class=\"elementor-widget-container\">\n\t\t\t\t\t\t\t\t\t<p>La pol\u00edtica de sostenibilidad impregna toda nuestra organizaci\u00f3n y se caracteriza en nuestras operaciones diarias por la sostenibilidad social, la sostenibilidad econ\u00f3mica y la sostenibilidad ecol\u00f3gica. Nos preocupamos por nuestros empleados, as\u00ed como por la sociedad, y cumplimos con las leyes y todas las dem\u00e1s regulaciones que se aplican a nuestro negocio. Lo hacemos a trav\u00e9s de iniciativas activas relacionadas con la calidad, cuestiones ambientales, entorno laboral y seguridad.  <\/p>\t\t\t\t\t\t\t\t<\/div>\n\t\t\t\t<\/div>\n\t\t\t\t\t<\/div>\n\t\t\t\t<\/div>\n\t\t\t\t<div class=\"elementor-element elementor-element-9c2dcd9 elementor-widget elementor-widget-image\" data-id=\"9c2dcd9\" data-element_type=\"widget\" data-widget_type=\"image.default\">\n\t\t\t\t<div class=\"elementor-widget-container\">\n\t\t\t\t\t\t\t\t\t\t\t\t\t\t\t<img fetchpriority=\"high\" decoding=\"async\" width=\"800\" height=\"534\" src=\"https:\/\/samon.com\/wp-content\/uploads\/2024\/06\/Kid-world-sustainability-1024x683.jpg\" class=\"attachment-large size-large wp-image-10577\" alt=\"\" srcset=\"https:\/\/samon.com\/wp-content\/uploads\/2024\/06\/Kid-world-sustainability-1024x683.jpg 1024w, https:\/\/samon.com\/wp-content\/uploads\/2024\/06\/Kid-world-sustainability-300x200.jpg 300w, https:\/\/samon.com\/wp-content\/uploads\/2024\/06\/Kid-world-sustainability-768x512.jpg 768w, https:\/\/samon.com\/wp-content\/uploads\/2024\/06\/Kid-world-sustainability.jpg 1200w\" sizes=\"(max-width: 800px) 100vw, 800px\" \/>\t\t\t\t\t\t\t\t\t\t\t\t\t\t\t<\/div>\n\t\t\t\t<\/div>\n\t\t\t\t\t<\/div>\n\t\t\t\t<\/div>\n\t\t\t\t\t<\/div>\n\t\t\t\t<\/div>\n\t\t<div class=\"elementor-element elementor-element-0862be9 e-flex e-con-boxed e-con e-parent\" data-id=\"0862be9\" data-element_type=\"container\">\n\t\t\t\t\t<div class=\"e-con-inner\">\n\t\t\t\t<div class=\"elementor-element elementor-element-d11ac79 elementor-widget elementor-widget-heading\" data-id=\"d11ac79\" data-element_type=\"widget\" data-widget_type=\"heading.default\">\n\t\t\t\t<div class=\"elementor-widget-container\">\n\t\t\t\t\t<h2 class=\"elementor-heading-title elementor-size-default\">Objetivos de la agenda 2030 de SAMON<\/h2>\t\t\t\t<\/div>\n\t\t\t\t<\/div>\n\t\t\t\t<div class=\"elementor-element elementor-element-ad1b9a4 elementor-widget elementor-widget-text-editor\" data-id=\"ad1b9a4\" data-element_type=\"widget\" data-widget_type=\"text-editor.default\">\n\t\t\t\t<div class=\"elementor-widget-container\">\n\t\t\t\t\t\t\t\t\t<p>El proyecto de la ONU para establecer objetivos de desarrollo sostenible se lanz\u00f3 para alentar a las empresas a elegir formas m\u00e1s sostenibles de operar en lo que respecta a factores sociales, ambientales y econ\u00f3micos en los procesos empresariales. Las actividades relacionadas con la anticorrupci\u00f3n y los derechos humanos est\u00e1n incluidas en los objetivos de desarrollo sostenible de la ONU. <\/p>\t\t\t\t\t\t\t\t<\/div>\n\t\t\t\t<\/div>\n\t\t\t\t<div class=\"elementor-element elementor-element-63b4230 elementor-widget elementor-widget-text-editor\" data-id=\"63b4230\" data-element_type=\"widget\" data-widget_type=\"text-editor.default\">\n\t\t\t\t<div class=\"elementor-widget-container\">\n\t\t\t\t\t\t\t\t\t<p>La Agenda 2030 de la ONU, que describe los Objetivos de Desarrollo Sostenible (ODS) globales, es la agenda m\u00e1s ambiciosa para el desarrollo sostenible que los pa\u00edses del mundo han emprendido jam\u00e1s. Se ha lanzado para lograr cuatro objetivos esenciales para 2030: <\/p>\t\t\t\t\t\t\t\t<\/div>\n\t\t\t\t<\/div>\n\t\t\t\t<div class=\"elementor-element elementor-element-e2d7343 elementor-icon-list--layout-traditional elementor-list-item-link-full_width elementor-widget elementor-widget-icon-list\" data-id=\"e2d7343\" data-element_type=\"widget\" data-widget_type=\"icon-list.default\">\n\t\t\t\t<div class=\"elementor-widget-container\">\n\t\t\t\t\t\t\t<ul class=\"elementor-icon-list-items\">\n\t\t\t\t\t\t\t<li class=\"elementor-icon-list-item\">\n\t\t\t\t\t\t\t\t\t\t\t<span class=\"elementor-icon-list-icon\">\n\t\t\t\t\t\t\t<svg aria-hidden=\"true\" class=\"e-font-icon-svg e-fas-check\" viewBox=\"0 0 512 512\" xmlns=\"http:\/\/www.w3.org\/2000\/svg\"><path d=\"M173.898 439.404l-166.4-166.4c-9.997-9.997-9.997-26.206 0-36.204l36.203-36.204c9.997-9.998 26.207-9.998 36.204 0L192 312.69 432.095 72.596c9.997-9.997 26.207-9.997 36.204 0l36.203 36.204c9.997 9.997 9.997 26.206 0 36.204l-294.4 294.401c-9.998 9.997-26.207 9.997-36.204-.001z\"><\/path><\/svg>\t\t\t\t\t\t<\/span>\n\t\t\t\t\t\t\t\t\t\t<span class=\"elementor-icon-list-text\">Eliminar la pobreza extrema <\/span>\n\t\t\t\t\t\t\t\t\t<\/li>\n\t\t\t\t\t\t\t\t<li class=\"elementor-icon-list-item\">\n\t\t\t\t\t\t\t\t\t\t\t<span class=\"elementor-icon-list-icon\">\n\t\t\t\t\t\t\t<svg aria-hidden=\"true\" class=\"e-font-icon-svg e-fas-check\" viewBox=\"0 0 512 512\" xmlns=\"http:\/\/www.w3.org\/2000\/svg\"><path d=\"M173.898 439.404l-166.4-166.4c-9.997-9.997-9.997-26.206 0-36.204l36.203-36.204c9.997-9.998 26.207-9.998 36.204 0L192 312.69 432.095 72.596c9.997-9.997 26.207-9.997 36.204 0l36.203 36.204c9.997 9.997 9.997 26.206 0 36.204l-294.4 294.401c-9.998 9.997-26.207 9.997-36.204-.001z\"><\/path><\/svg>\t\t\t\t\t\t<\/span>\n\t\t\t\t\t\t\t\t\t\t<span class=\"elementor-icon-list-text\">Reducir la desigualdad y la injusticia en el mundo <\/span>\n\t\t\t\t\t\t\t\t\t<\/li>\n\t\t\t\t\t\t\t\t<li class=\"elementor-icon-list-item\">\n\t\t\t\t\t\t\t\t\t\t\t<span class=\"elementor-icon-list-icon\">\n\t\t\t\t\t\t\t<svg aria-hidden=\"true\" class=\"e-font-icon-svg e-fas-check\" viewBox=\"0 0 512 512\" xmlns=\"http:\/\/www.w3.org\/2000\/svg\"><path d=\"M173.898 439.404l-166.4-166.4c-9.997-9.997-9.997-26.206 0-36.204l36.203-36.204c9.997-9.998 26.207-9.998 36.204 0L192 312.69 432.095 72.596c9.997-9.997 26.207-9.997 36.204 0l36.203 36.204c9.997 9.997 9.997 26.206 0 36.204l-294.4 294.401c-9.998 9.997-26.207 9.997-36.204-.001z\"><\/path><\/svg>\t\t\t\t\t\t<\/span>\n\t\t\t\t\t\t\t\t\t\t<span class=\"elementor-icon-list-text\">Facilitar la paz y la justicia<\/span>\n\t\t\t\t\t\t\t\t\t<\/li>\n\t\t\t\t\t\t\t\t<li class=\"elementor-icon-list-item\">\n\t\t\t\t\t\t\t\t\t\t\t<span class=\"elementor-icon-list-icon\">\n\t\t\t\t\t\t\t<svg aria-hidden=\"true\" class=\"e-font-icon-svg e-fas-check\" viewBox=\"0 0 512 512\" xmlns=\"http:\/\/www.w3.org\/2000\/svg\"><path d=\"M173.898 439.404l-166.4-166.4c-9.997-9.997-9.997-26.206 0-36.204l36.203-36.204c9.997-9.998 26.207-9.998 36.204 0L192 312.69 432.095 72.596c9.997-9.997 26.207-9.997 36.204 0l36.203 36.204c9.997 9.997 9.997 26.206 0 36.204l-294.4 294.401c-9.998 9.997-26.207 9.997-36.204-.001z\"><\/path><\/svg>\t\t\t\t\t\t<\/span>\n\t\t\t\t\t\t\t\t\t\t<span class=\"elementor-icon-list-text\">Resolver la crisis clim\u00e1tica<\/span>\n\t\t\t\t\t\t\t\t\t<\/li>\n\t\t\t\t\t\t<\/ul>\n\t\t\t\t\t\t<\/div>\n\t\t\t\t<\/div>\n\t\t\t\t<div class=\"elementor-element elementor-element-45a214e elementor-widget elementor-widget-text-editor\" data-id=\"45a214e\" data-element_type=\"widget\" data-widget_type=\"text-editor.default\">\n\t\t\t\t<div class=\"elementor-widget-container\">\n\t\t\t\t\t\t\t\t\t<p>Los objetivos de desarrollo sostenible de la ONU para 2030 son los objetivos m\u00e1s ambiciosos para el desarrollo sostenible que el mundo se ha impuesto jam\u00e1s.<\/p><p>SAMON ha decidido centrarse en:<\/p>\t\t\t\t\t\t\t\t<\/div>\n\t\t\t\t<\/div>\n\t\t\t\t\t<\/div>\n\t\t\t\t<\/div>\n\t\t<div class=\"elementor-element elementor-element-d3bc102 e-flex e-con-boxed e-con e-parent\" data-id=\"d3bc102\" data-element_type=\"container\">\n\t\t\t\t\t<div class=\"e-con-inner\">\n\t\t<div class=\"elementor-element elementor-element-9d2a006 e-grid e-con-boxed e-con e-child\" data-id=\"9d2a006\" data-element_type=\"container\">\n\t\t\t\t\t<div class=\"e-con-inner\">\n\t\t\t\t<div class=\"elementor-element elementor-element-ad67be9 elementor-widget__width-initial elementor-position-top elementor-widget elementor-widget-image-box\" data-id=\"ad67be9\" data-element_type=\"widget\" data-widget_type=\"image-box.default\">\n\t\t\t\t<div class=\"elementor-widget-container\">\n\t\t\t\t\t<div class=\"elementor-image-box-wrapper\"><figure class=\"elementor-image-box-img\"><img decoding=\"async\" width=\"321\" height=\"125\" src=\"https:\/\/samon.com\/wp-content\/uploads\/2024\/04\/good-health.png\" class=\"attachment-large size-large wp-image-10414\" alt=\"\" srcset=\"https:\/\/samon.com\/wp-content\/uploads\/2024\/04\/good-health.png 321w, https:\/\/samon.com\/wp-content\/uploads\/2024\/04\/good-health-300x117.png 300w\" sizes=\"(max-width: 321px) 100vw, 321px\" \/><\/figure><div class=\"elementor-image-box-content\"><p class=\"elementor-image-box-description\">Reducir la presencia de amon\u00edaco y su efecto t\u00f3xico en el agua evitando las fugas de gas.<\/p><\/div><\/div>\t\t\t\t<\/div>\n\t\t\t\t<\/div>\n\t\t\t\t<div class=\"elementor-element elementor-element-f39f438 elementor-widget__width-initial elementor-position-top elementor-widget elementor-widget-image-box\" data-id=\"f39f438\" data-element_type=\"widget\" data-widget_type=\"image-box.default\">\n\t\t\t\t<div class=\"elementor-widget-container\">\n\t\t\t\t\t<div class=\"elementor-image-box-wrapper\"><figure class=\"elementor-image-box-img\"><img decoding=\"async\" width=\"321\" height=\"125\" src=\"https:\/\/samon.com\/wp-content\/uploads\/2024\/04\/clean-waterImg.png\" class=\"attachment-large size-large wp-image-10415\" alt=\"\" srcset=\"https:\/\/samon.com\/wp-content\/uploads\/2024\/04\/clean-waterImg.png 321w, https:\/\/samon.com\/wp-content\/uploads\/2024\/04\/clean-waterImg-300x117.png 300w\" sizes=\"(max-width: 321px) 100vw, 321px\" \/><\/figure><div class=\"elementor-image-box-content\"><p class=\"elementor-image-box-description\">Reducir el n\u00famero de heridos por peligrosas fugas de gas. Mantener un buen ambiente de trabajo para nuestros empleados. <\/p><\/div><\/div>\t\t\t\t<\/div>\n\t\t\t\t<\/div>\n\t\t\t\t<div class=\"elementor-element elementor-element-dbb3e30 elementor-widget__width-initial elementor-position-top elementor-widget elementor-widget-image-box\" data-id=\"dbb3e30\" data-element_type=\"widget\" data-widget_type=\"image-box.default\">\n\t\t\t\t<div class=\"elementor-widget-container\">\n\t\t\t\t\t<div class=\"elementor-image-box-wrapper\"><figure class=\"elementor-image-box-img\"><img loading=\"lazy\" decoding=\"async\" width=\"321\" height=\"125\" src=\"https:\/\/samon.com\/wp-content\/uploads\/2024\/04\/citiesImg.png\" class=\"attachment-large size-large wp-image-10416\" alt=\"\" srcset=\"https:\/\/samon.com\/wp-content\/uploads\/2024\/04\/citiesImg.png 321w, https:\/\/samon.com\/wp-content\/uploads\/2024\/04\/citiesImg-300x117.png 300w\" sizes=\"(max-width: 321px) 100vw, 321px\" \/><\/figure><div class=\"elementor-image-box-content\"><p class=\"elementor-image-box-description\">Reducir el CO y el NO2 con la detecci\u00f3n y gesti\u00f3n de fugas de gas.<\/p><\/div><\/div>\t\t\t\t<\/div>\n\t\t\t\t<\/div>\n\t\t\t\t<div class=\"elementor-element elementor-element-e9df778 elementor-widget__width-initial elementor-position-top elementor-widget elementor-widget-image-box\" data-id=\"e9df778\" data-element_type=\"widget\" data-widget_type=\"image-box.default\">\n\t\t\t\t<div class=\"elementor-widget-container\">\n\t\t\t\t\t<div class=\"elementor-image-box-wrapper\"><figure class=\"elementor-image-box-img\"><img loading=\"lazy\" decoding=\"async\" width=\"321\" height=\"125\" src=\"https:\/\/samon.com\/wp-content\/uploads\/2024\/04\/climate-actionImg.png\" class=\"attachment-large size-large wp-image-10417\" alt=\"\" srcset=\"https:\/\/samon.com\/wp-content\/uploads\/2024\/04\/climate-actionImg.png 321w, https:\/\/samon.com\/wp-content\/uploads\/2024\/04\/climate-actionImg-300x117.png 300w\" sizes=\"(max-width: 321px) 100vw, 321px\" \/><\/figure><div class=\"elementor-image-box-content\"><p class=\"elementor-image-box-description\">Reducir las emisiones de CO2 por fugas con su detecci\u00f3n y gesti\u00f3n.<\/p><\/div><\/div>\t\t\t\t<\/div>\n\t\t\t\t<\/div>\n\t\t\t\t\t<\/div>\n\t\t\t\t<\/div>\n\t\t\t\t\t<\/div>\n\t\t\t\t<\/div>\n\t\t<div class=\"elementor-element elementor-element-8dc7b86 e-flex e-con-boxed e-con e-parent\" data-id=\"8dc7b86\" data-element_type=\"container\">\n\t\t\t\t\t<div class=\"e-con-inner\">\n\t\t\t\t<div class=\"elementor-element elementor-element-615cb4a elementor-widget elementor-widget-heading\" data-id=\"615cb4a\" data-element_type=\"widget\" data-widget_type=\"heading.default\">\n\t\t\t\t<div class=\"elementor-widget-container\">\n\t\t\t\t\t<h2 class=\"elementor-heading-title elementor-size-default\">Informe de sostenibilidad de Alder<\/h2>\t\t\t\t<\/div>\n\t\t\t\t<\/div>\n\t\t\t\t<div class=\"elementor-element elementor-element-f1e7323 elementor-widget elementor-widget-text-editor\" data-id=\"f1e7323\" data-element_type=\"widget\" data-widget_type=\"text-editor.default\">\n\t\t\t\t<div class=\"elementor-widget-container\">\n\t\t\t\t\t\t\t\t\t<p><span data-contrast=\"auto\"><img loading=\"lazy\" decoding=\"async\" class=\"alignright wp-image-5531 size-medium\" src=\"https:\/\/samon.com\/wp-content\/uploads\/2024\/06\/Printed-report-small-300x240.png\" alt=\"\" width=\"300\" height=\"240\" srcset=\"https:\/\/samon.com\/wp-content\/uploads\/2024\/06\/Printed-report-small-300x240.png 300w, https:\/\/samon.com\/wp-content\/uploads\/2024\/06\/Printed-report-small-1024x819.png 1024w, https:\/\/samon.com\/wp-content\/uploads\/2024\/06\/Printed-report-small-768x614.png 768w, https:\/\/samon.com\/wp-content\/uploads\/2024\/06\/Printed-report-small.png 1400w\" sizes=\"(max-width: 300px) 100vw, 300px\" \/>Juntos hacemos la diferencia \u2013 si est\u00e1 ansioso por saber m\u00e1s sobre nuestro trabajo diario y las cifras de desarrollo \u2013 <strong><a href=\"https:\/\/alder.se\/en\/hallbarhet\/\" target=\"_blank\" rel=\"noopener\">Lea m\u00e1s sobre la Pol\u00edtica de Sostenibilidad de Alder<\/a><\/strong>.<\/span><\/p><p> <\/p><h5><strong>Pol\u00edtica de sostenibilidad \u2013 Alder <\/strong><\/h5><p><span data-contrast=\"none\">Nuestra perspectiva de propiedad es a largo plazo y nuestro br\u00fajula moral es importante. Tenemos cuidado de tratar a los clientes, proveedores y empleados de manera respetuosa y contribuir positivamente a la comunidad local en la que operamos. <\/span><\/p><h5><strong>Extractos de la pol\u00edtica: <\/strong><\/h5><p><span data-contrast=\"auto\">Hemos integrado la sostenibilidad en nuestro modelo de negocio y en las estrategias y operaciones de nuestras empresas de cartera. Esta pol\u00edtica describe nuestro marco para inversiones responsables, lo que esperamos de nuestras empresas de cartera y c\u00f3mo las apoyaremos en su trabajo de sostenibilidad \u2013 \u201cEl Camino Alder\u201d.  <\/span><span data-contrast=\"none\">\u202f<\/span><\/p><p><span data-contrast=\"none\">El prop\u00f3sito de esta pol\u00edtica es proporcionar orientaci\u00f3n sobre c\u00f3mo se debe llevar a cabo el trabajo de sostenibilidad, del cual la sostenibilidad debe tener un v\u00ednculo claro con el desarrollo empresarial y los procesos de creaci\u00f3n de valor dentro de las empresas de la cartera.<\/span><\/p><p><span data-contrast=\"none\">Informe de sostenibilidad de Alder 2023 \u2013 <strong><a href=\"https:\/\/alder.se\/en\/hallbarhetsrapport-2023\/\" target=\"_blank\" rel=\"noopener\">descargar<\/a><\/strong><\/span><\/p>\t\t\t\t\t\t\t\t<\/div>\n\t\t\t\t<\/div>\n\t\t\t\t\t<\/div>\n\t\t\t\t<\/div>\n\t\t\t\t<\/div>\n\t\t","protected":false},"excerpt":{"rendered":"<p>Sostenibilidad Nos importa Nos preocupamos por nuestros empleados, as\u00ed como por la sociedad, y cumplimos con las leyes y todas las dem\u00e1s regulaciones que se aplican a nuestro negocio. Lo hacemos a trav\u00e9s de iniciativas activas relacionadas con la calidad, cuestiones ambientales, entorno laboral y seguridad. Nuestra visi\u00f3n es una empresa que fabrica detectores de [&hellip;]<\/p>\n","protected":false},"author":1,"featured_media":0,"parent":0,"menu_order":0,"comment_status":"closed","ping_status":"closed","template":"","meta":{"_monsterinsights_skip_tracking":false,"_monsterinsights_sitenote_active":false,"_monsterinsights_sitenote_note":"","_monsterinsights_sitenote_category":0,"footnotes":""},"class_list":["post-15488","page","type-page","status-publish","hentry"],"aioseo_notices":[],"_links":{"self":[{"href":"https:\/\/samon.com\/es\/wp-json\/wp\/v2\/pages\/15488","targetHints":{"allow":["GET"]}}],"collection":[{"href":"https:\/\/samon.com\/es\/wp-json\/wp\/v2\/pages"}],"about":[{"href":"https:\/\/samon.com\/es\/wp-json\/wp\/v2\/types\/page"}],"author":[{"embeddable":true,"href":"https:\/\/samon.com\/es\/wp-json\/wp\/v2\/users\/1"}],"replies":[{"embeddable":true,"href":"https:\/\/samon.com\/es\/wp-json\/wp\/v2\/comments?post=15488"}],"version-history":[{"count":2,"href":"https:\/\/samon.com\/es\/wp-json\/wp\/v2\/pages\/15488\/revisions"}],"predecessor-version":[{"id":15490,"href":"https:\/\/samon.com\/es\/wp-json\/wp\/v2\/pages\/15488\/revisions\/15490"}],"wp:attachment":[{"href":"https:\/\/samon.com\/es\/wp-json\/wp\/v2\/media?parent=15488"}],"curies":[{"name":"wp","href":"https:\/\/api.w.org\/{rel}","templated":true}]}}