{"id":10966,"date":"2024-05-27T11:19:24","date_gmt":"2024-05-27T09:19:24","guid":{"rendered":"https:\/\/samon.com\/politica-de-privacidad-2\/"},"modified":"2024-10-23T09:30:46","modified_gmt":"2024-10-23T07:30:46","slug":"politica-de-privacidad-2","status":"publish","type":"page","link":"https:\/\/samon.com\/es\/politica-de-privacidad-2\/","title":{"rendered":"Pol\u00edtica de privacidad"},"content":{"rendered":"\t\t<div data-elementor-type=\"wp-page\" data-elementor-id=\"10966\" class=\"elementor elementor-10966 elementor-4821\" data-elementor-post-type=\"page\">\n\t\t\t\t<div class=\"elementor-element elementor-element-baa5f06 e-flex e-con-boxed e-con e-parent\" data-id=\"baa5f06\" data-element_type=\"container\">\n\t\t\t\t\t<div class=\"e-con-inner\">\n\t\t\t\t<div class=\"elementor-element elementor-element-5309629 elementor-widget elementor-widget-heading\" data-id=\"5309629\" data-element_type=\"widget\" data-widget_type=\"heading.default\">\n\t\t\t\t<div class=\"elementor-widget-container\">\n\t\t\t\t\t<h2 class=\"elementor-heading-title elementor-size-default\">Pol\u00edtica de privacidad<\/h2>\t\t\t\t<\/div>\n\t\t\t\t<\/div>\n\t\t\t\t\t<\/div>\n\t\t\t\t<\/div>\n\t\t<div class=\"elementor-element elementor-element-8e46d75 e-flex e-con-boxed e-con e-parent\" data-id=\"8e46d75\" data-element_type=\"container\">\n\t\t\t\t\t<div class=\"e-con-inner\">\n\t\t\t\t<div class=\"elementor-element elementor-element-1de9123 elementor-widget elementor-widget-text-editor\" data-id=\"1de9123\" data-element_type=\"widget\" data-widget_type=\"text-editor.default\">\n\t\t\t\t<div class=\"elementor-widget-container\">\n\t\t\t\t\t\t\t\t\t<p>SAMON<span style=\"font-size: 16px;\">  (\u00abnosotros\u00bb, \u00abnuestro\u00bb o \u00abnos\u00bb) se compromete a proteger y respetar tu privacidad. Esta Pol\u00edtica de privacidad describe c\u00f3mo recopilamos, utilizamos, revelamos y salvaguardamos tu informaci\u00f3n cuando visitas nuestro sitio web www.samon.com (el \u00abSitio web\u00bb). Lee atentamente esta pol\u00edtica para comprender nuestros puntos de vista y pr\u00e1cticas en relaci\u00f3n con tus datos personales y c\u00f3mo los trataremos. Al utilizar nuestro Sitio Web, aceptas los t\u00e9rminos de esta Pol\u00edtica de Privacidad.   <\/span><\/p>\n<p><strong>Informaci\u00f3n que recopilamos<br \/><\/strong><br \/> Podemos recopilar y procesar los siguientes datos sobre ti:<br \/>&#8211; Datos de identificaci\u00f3n personal: Nombre, direcci\u00f3n de correo electr\u00f3nico, n\u00famero de tel\u00e9fono, etc.<br \/>&#8211; Datos t\u00e9cnicos: Direcci\u00f3n IP, tipo de navegador, sistema operativo, informaci\u00f3n del dispositivo y otros datos t\u00e9cnicos recogidos a trav\u00e9s de cookies y tecnolog\u00edas similares.<br \/>&#8211; Datos de Uso: Informaci\u00f3n sobre c\u00f3mo utilizas nuestro Sitio Web, productos y servicios.<br \/>&#8211; Datos de marketing y comunicaciones: Tus preferencias a la hora de recibir nuestro marketing y tus preferencias de comunicaci\u00f3n.<\/p>\n<p><strong>C\u00f3mo utilizamos tu informaci\u00f3n<\/strong><br \/>Utilizamos la informaci\u00f3n que recopilamos de las siguientes maneras:<br \/>&#8211; Para proporcionar y mantener nuestro Sitio Web: Incluido para controlar el uso de nuestro Sitio Web.<br \/>&#8211; Para gestionar tu cuenta: Para gestionar tu registro como usuario del Sitio Web.<br \/>&#8211; Para ponerse en contacto contigo: Para ponerse en contacto contigo por correo electr\u00f3nico, llamadas telef\u00f3nicas, SMS u otras formas equivalentes de comunicaci\u00f3n electr\u00f3nica en relaci\u00f3n con actualizaciones o comunicaciones informativas relacionadas con funcionalidades, productos o servicios contratados, incluidas actualizaciones de seguridad, cuando sea necesario o razonable para su implementaci\u00f3n.<br \/>&#8211; Para proporcionarte noticias, ofertas especiales e informaci\u00f3n general: Sobre otros bienes, servicios y eventos que ofrecemos y que son similares a los que ya has comprado o sobre los que has preguntado, a menos que hayas optado por no recibir dicha informaci\u00f3n.<br \/>&#8211; Para gestionar tus solicitudes: Para atender y gestionar las solicitudes que nos hagas.<\/p>\n<p><strong>Base jur\u00eddica para el tratamiento de datos personales<\/strong><br \/>Nos basamos en las siguientes bases jur\u00eddicas para el tratamiento de tus datos personales:<br \/>&#8211; Consentimiento: Has dado tu consentimiento para uno o m\u00e1s fines espec\u00edficos.<br \/>&#8211; Contrato: El tratamiento es necesario para la ejecuci\u00f3n de un contrato contigo y\/o para cualquier obligaci\u00f3n precontractual.<br \/>&#8211; Obligaciones legales: El tratamiento es necesario para el cumplimiento de una obligaci\u00f3n legal a la que SAMON est\u00e1 sujeta.<br \/>&#8211; Intereses leg\u00edtimos: El tratamiento es necesario a efectos de los intereses leg\u00edtimos perseguidos por SAMON.<\/p>\n<p><strong>Cookies<\/strong><br \/>Utilizamos cookies y tecnolog\u00edas de seguimiento similares para rastrear la actividad en nuestro Sitio Web y almacenar cierta informaci\u00f3n. Las cookies son archivos con una peque\u00f1a cantidad de datos que pueden incluir un identificador \u00fanico an\u00f3nimo. Puedes indicar a tu navegador que rechace todas las cookies o que te indique cu\u00e1ndo se env\u00eda una cookie. Sin embargo, si no aceptas las cookies, es posible que no puedas utilizar algunas partes de nuestro Sitio Web.   <\/p>\n<p><strong>Intercambio y divulgaci\u00f3n<\/strong> de <strong>datos<\/strong><br \/>No vendemos, intercambiamos ni transferimos de ning\u00fan otro modo tus Datos Personales a terceros, excepto en los casos que se indican a continuaci\u00f3n:<br \/>&#8211; Proveedores de servicios: Podemos emplear a terceras empresas e individuos para facilitar nuestro Sitio Web, prestar el servicio en nuestro nombre, realizar servicios relacionados con el Sitio Web o ayudarnos a analizar c\u00f3mo se utiliza nuestro Sitio Web.<br \/>&#8211; Requisitos legales: SAMON puede revelar tus Datos Personales si cree de buena fe que dicha acci\u00f3n es necesaria para cumplir con una obligaci\u00f3n legal, proteger y defender los derechos o la propiedad de SAMON, prevenir o investigar posibles delitos relacionados con el sitio web, proteger la seguridad personal de los usuarios del sitio web o del p\u00fablico, o protegerse contra la responsabilidad legal.<\/p>\n<p><strong>Seguridad de los datos<\/strong><br \/>Nos tomamos muy en serio la seguridad de tus datos y hemos implantado las medidas t\u00e9cnicas y organizativas adecuadas para salvaguardar tus Datos Personales contra el acceso no autorizado, el robo y la p\u00e9rdida. Sin embargo, ten en cuenta que ning\u00fan m\u00e9todo de transmisi\u00f3n a trav\u00e9s de Internet o m\u00e9todo de almacenamiento electr\u00f3nico es 100% seguro y no podemos garantizar su seguridad absoluta. <\/p>\n<p><strong>Conservaci\u00f3n de Datos<\/strong><br \/>Conservaremos tus Datos Personales s\u00f3lo durante el tiempo que sea necesario para los fines establecidos en esta Pol\u00edtica de Privacidad. Conservaremos y utilizaremos tus Datos Personales en la medida necesaria para cumplir con nuestras obligaciones legales, resolver disputas y hacer cumplir nuestros acuerdos y pol\u00edticas legales. <\/p>\n<p><strong>Tus derechos de protecci\u00f3n de datos<\/strong><br \/>Seg\u00fan el GDPR, tienes los siguientes derechos:<br \/>&#8211; Derecho de acceso: Tienes derecho a solicitar copias de tus datos personales.<br \/>&#8211; Derecho de Rectificaci\u00f3n: Tienes derecho a solicitar que corrijamos cualquier informaci\u00f3n que consideres inexacta o que completemos cualquier informaci\u00f3n que consideres incompleta.<br \/>&#8211; Derecho de supresi\u00f3n: Tienes derecho a solicitar que suprimamos tus datos personales, en determinadas condiciones.<br \/>&#8211; Derecho a restringir el tratamiento: Tienes derecho a solicitar que restrinjamos el tratamiento de tus datos personales, en determinadas condiciones.<br \/>&#8211; Derecho a oponerte al tratamiento: Tienes derecho a oponerte a que procesemos tus datos personales, en determinadas condiciones.<br \/>&#8211; Derecho a la portabilidad de datos: Tienes derecho a solicitar que transfiramos los datos que hemos recopilado a otra organizaci\u00f3n, o directamente a ti, en determinadas condiciones.<\/p>\n<p>Si presentas una solicitud, tenemos un mes para responderte. Si deseas ejercer alguno de estos derechos, ponte en contacto con nosotros a trav\u00e9s de la informaci\u00f3n de contacto que te facilitamos a continuaci\u00f3n. <\/p>\n<p><strong>Informaci\u00f3n de contacto<\/strong><br \/>Si tienes alguna pregunta sobre esta Pol\u00edtica de Privacidad, ponte en contacto con nosotros:<br \/>&#8211; Por correo electr\u00f3nico: info@samon.com<br \/>&#8211; Visitando esta p\u00e1gina en nuestro sitio web: www.samon.com\/contact<br \/>&#8211; Por tel\u00e9fono: +46 40 15 58 59<br \/>&#8211; Por correo postal: SAMON AB, Modemgatan 2, 235 39 Vellinge, Suecia.<\/p>\n<p><strong>Cambios en esta Pol\u00edtica<\/strong> de Privacidad<br \/>Podemos actualizar nuestra Pol\u00edtica de Privacidad de vez en cuando. Te notificaremos cualquier cambio publicando la nueva Pol\u00edtica de Privacidad en esta p\u00e1gina. Te aconsejamos que revises peri\u00f3dicamente esta Pol\u00edtica de Privacidad para comprobar si se han producido cambios. Los cambios en esta Pol\u00edtica de Privacidad entrar\u00e1n en vigor cuando se publiquen en esta p\u00e1gina.   <\/p>\n<p>\u00daltima actualizaci\u00f3n: 27. mayo 2024 <\/p>\n\t\t\t\t\t\t\t\t<\/div>\n\t\t\t\t<\/div>\n\t\t\t\t\t<\/div>\n\t\t\t\t<\/div>\n\t\t\t\t<\/div>\n\t\t","protected":false},"excerpt":{"rendered":"<p>Pol\u00edtica de privacidad SAMON (\u00abnosotros\u00bb, \u00abnuestro\u00bb o \u00abnos\u00bb) se compromete a proteger y respetar tu privacidad. Esta Pol\u00edtica de privacidad describe c\u00f3mo recopilamos, utilizamos, revelamos y salvaguardamos tu informaci\u00f3n cuando visitas nuestro sitio web www.samon.com (el \u00abSitio web\u00bb). Lee atentamente esta pol\u00edtica para comprender nuestros puntos de vista y pr\u00e1cticas en relaci\u00f3n con tus datos [&hellip;]<\/p>\n","protected":false},"author":1,"featured_media":0,"parent":0,"menu_order":0,"comment_status":"closed","ping_status":"closed","template":"","meta":{"_monsterinsights_skip_tracking":false,"_monsterinsights_sitenote_active":false,"_monsterinsights_sitenote_note":"","_monsterinsights_sitenote_category":0,"footnotes":""},"class_list":["post-10966","page","type-page","status-publish","hentry"],"aioseo_notices":[],"_links":{"self":[{"href":"https:\/\/samon.com\/es\/wp-json\/wp\/v2\/pages\/10966","targetHints":{"allow":["GET"]}}],"collection":[{"href":"https:\/\/samon.com\/es\/wp-json\/wp\/v2\/pages"}],"about":[{"href":"https:\/\/samon.com\/es\/wp-json\/wp\/v2\/types\/page"}],"author":[{"embeddable":true,"href":"https:\/\/samon.com\/es\/wp-json\/wp\/v2\/users\/1"}],"replies":[{"embeddable":true,"href":"https:\/\/samon.com\/es\/wp-json\/wp\/v2\/comments?post=10966"}],"version-history":[{"count":1,"href":"https:\/\/samon.com\/es\/wp-json\/wp\/v2\/pages\/10966\/revisions"}],"predecessor-version":[{"id":10968,"href":"https:\/\/samon.com\/es\/wp-json\/wp\/v2\/pages\/10966\/revisions\/10968"}],"wp:attachment":[{"href":"https:\/\/samon.com\/es\/wp-json\/wp\/v2\/media?parent=10966"}],"curies":[{"name":"wp","href":"https:\/\/api.w.org\/{rel}","templated":true}]}}