{"id":10956,"date":"2024-05-31T13:18:00","date_gmt":"2024-05-31T11:18:00","guid":{"rendered":"https:\/\/samon.com\/serie-glaciar\/"},"modified":"2024-11-04T11:03:43","modified_gmt":"2024-11-04T10:03:43","slug":"serie-glaciar","status":"publish","type":"page","link":"https:\/\/samon.com\/es\/serie-glaciar\/","title":{"rendered":"Serie GLACI\u00c4R"},"content":{"rendered":"\t\t<div data-elementor-type=\"wp-page\" data-elementor-id=\"10956\" class=\"elementor elementor-10956 elementor-5267\" data-elementor-post-type=\"page\">\n\t\t\t\t<div class=\"elementor-element elementor-element-00d8c0c e-flex e-con-boxed e-con e-parent\" data-id=\"00d8c0c\" data-element_type=\"container\">\n\t\t\t\t\t<div class=\"e-con-inner\">\n\t\t\t\t<div class=\"elementor-element elementor-element-a67ad7d elementor-widget elementor-widget-image\" data-id=\"a67ad7d\" data-element_type=\"widget\" data-widget_type=\"image.default\">\n\t\t\t\t<div class=\"elementor-widget-container\">\n\t\t\t\t\t\t\t\t\t\t\t\t\t\t\t<img fetchpriority=\"high\" decoding=\"async\" width=\"1200\" height=\"675\" src=\"https:\/\/samon.com\/wp-content\/uploads\/2024\/05\/GLACIAR-series-1.jpg\" class=\"attachment-full size-full wp-image-10565\" alt=\"\" srcset=\"https:\/\/samon.com\/wp-content\/uploads\/2024\/05\/GLACIAR-series-1.jpg 1200w, https:\/\/samon.com\/wp-content\/uploads\/2024\/05\/GLACIAR-series-1-300x169.jpg 300w, https:\/\/samon.com\/wp-content\/uploads\/2024\/05\/GLACIAR-series-1-1024x576.jpg 1024w, https:\/\/samon.com\/wp-content\/uploads\/2024\/05\/GLACIAR-series-1-768x432.jpg 768w\" sizes=\"(max-width: 1200px) 100vw, 1200px\" \/>\t\t\t\t\t\t\t\t\t\t\t\t\t\t\t<\/div>\n\t\t\t\t<\/div>\n\t\t\t\t\t<\/div>\n\t\t\t\t<\/div>\n\t\t<div class=\"elementor-element elementor-element-ec91cc6 e-flex e-con-boxed e-con e-parent\" data-id=\"ec91cc6\" data-element_type=\"container\">\n\t\t\t\t\t<div class=\"e-con-inner\">\n\t\t\t\t<div class=\"elementor-element elementor-element-754bbd3 elementor-widget elementor-widget-heading\" data-id=\"754bbd3\" data-element_type=\"widget\" data-widget_type=\"heading.default\">\n\t\t\t\t<div class=\"elementor-widget-container\">\n\t\t\t\t\t<h2 class=\"elementor-heading-title elementor-size-default\">Serie GLACI\u00c4R<\/h2>\t\t\t\t<\/div>\n\t\t\t\t<\/div>\n\t\t\t\t\t<\/div>\n\t\t\t\t<\/div>\n\t\t<div class=\"elementor-element elementor-element-e76fbc0 e-flex e-con-boxed e-con e-parent\" data-id=\"e76fbc0\" data-element_type=\"container\">\n\t\t\t\t\t<div class=\"e-con-inner\">\n\t\t\t\t<div class=\"elementor-element elementor-element-16a31ed elementor-widget elementor-widget-text-editor\" data-id=\"16a31ed\" data-element_type=\"widget\" data-widget_type=\"text-editor.default\">\n\t\t\t\t<div class=\"elementor-widget-container\">\n\t\t\t\t\t\t\t\t\t<p><strong>Presentamos la serie GLACI\u00c4R: Detecci\u00f3n Avanzada de Gases Refrigerantes<\/strong><\/p>\n<p>En SAMON, nos enorgullecemos de ofrecer soluciones \u00abSimplemente fiables\u00bb para la detecci\u00f3n de gases refrigerantes. Nuestra serie GLACI\u00c4R encarna este compromiso, proporcionando productos innovadores y fiables dise\u00f1ados para satisfacer las necesidades de diversas aplicaciones. Tanto si gestionas un gran sistema de refrigeraci\u00f3n comercial como un entorno m\u00e1s peque\u00f1o y espec\u00edfico, la serie GLACI\u00c4R tiene la soluci\u00f3n perfecta para ti. A continuaci\u00f3n te presentamos nuestros productos estrella: GLACI\u00c4R MIDI, GLACI\u00c4R X5 y GLACI\u00c4R MICRO.   <\/p>\n<\/p>\n<h4>GLACI\u00c4R MIDI: El buque insignia galardonado<\/h4>\n<p>El GLACI\u00c4R MIDI es nuestro detector de gases refrigerantes estrella, famoso por su fiabilidad y sus funciones avanzadas. Dise\u00f1ado para proporcionar una detecci\u00f3n precisa y fiable en diversos entornos, el GLACI\u00c4R MIDI es perfecto para aplicaciones comerciales e industriales. Presume de una construcci\u00f3n robusta, una interfaz de usuario intuitiva y opciones de instalaci\u00f3n flexibles. Este galardonado producto garantiza la detecci\u00f3n precisa de una amplia gama de refrigerantes, ayudando a mantener la seguridad y el cumplimiento de las normas del sector. Su alta sensibilidad y sus bajos requisitos de mantenimiento lo convierten en un activo inestimable para cualquier instalaci\u00f3n que desee protegerse contra las fugas de refrigerante.    <\/p>\n\t\t\t\t\t\t\t\t<\/div>\n\t\t\t\t<\/div>\n\t\t\t\t\t<\/div>\n\t\t\t\t<\/div>\n\t\t<div class=\"elementor-element elementor-element-b0e70d0 e-flex e-con-boxed e-con e-parent\" data-id=\"b0e70d0\" data-element_type=\"container\">\n\t\t\t\t\t<div class=\"e-con-inner\">\n\t\t\t\t<div class=\"elementor-element elementor-element-7793caf elementor-widget elementor-widget-button\" data-id=\"7793caf\" data-element_type=\"widget\" data-widget_type=\"button.default\">\n\t\t\t\t<div class=\"elementor-widget-container\">\n\t\t\t\t\t\t\t\t\t<div class=\"elementor-button-wrapper\">\n\t\t\t\t\t<a class=\"elementor-button elementor-button-link elementor-size-sm\" href=\"https:\/\/samon.com\/es\/aplicaciones\/deteccion-de-gases-refrigerantes-comerciales\/glaciar-midi\/\">\n\t\t\t\t\t\t<span class=\"elementor-button-content-wrapper\">\n\t\t\t\t\t\t\t\t\t<span class=\"elementor-button-text\">M\u00e1s informaci\u00f3n sobre GLACI\u00c4R MIDI<\/span>\n\t\t\t\t\t<\/span>\n\t\t\t\t\t<\/a>\n\t\t\t\t<\/div>\n\t\t\t\t\t\t\t\t<\/div>\n\t\t\t\t<\/div>\n\t\t\t\t\t<\/div>\n\t\t\t\t<\/div>\n\t\t<div class=\"elementor-element elementor-element-f841ac7 e-flex e-con-boxed e-con e-parent\" data-id=\"f841ac7\" data-element_type=\"container\">\n\t\t\t\t\t<div class=\"e-con-inner\">\n\t\t\t\t<div class=\"elementor-element elementor-element-3e78980 elementor-widget elementor-widget-text-editor\" data-id=\"3e78980\" data-element_type=\"widget\" data-widget_type=\"text-editor.default\">\n\t\t\t\t<div class=\"elementor-widget-container\">\n\t\t\t\t\t\t\t\t\t<h4> <\/h4>\n<h4>GLACI\u00c4R X5: Detecci\u00f3n de alto rendimiento para aplicaciones cr\u00edticas<\/h4>\n<p>El GLACI\u00c4R X5 lleva la detecci\u00f3n de gases refrigerantes al siguiente nivel gracias a su rendimiento y versatilidad mejorados. Dise\u00f1ado para aplicaciones cr\u00edticas que exigen los m\u00e1s altos niveles de precisi\u00f3n y fiabilidad, el GLACI\u00c4R X5 est\u00e1 equipado con una tecnolog\u00eda de sensores de vanguardia que ofrece una sensibilidad superior y una sensibilidad cruzada m\u00ednima. Su dise\u00f1o robusto garantiza la durabilidad incluso en entornos dif\u00edciles, por lo que es ideal para su uso en grandes sistemas de refrigeraci\u00f3n comercial, entornos industriales y cualquier aplicaci\u00f3n en la que sea crucial una detecci\u00f3n precisa. El GLACI\u00c4R X5 tambi\u00e9n dispone de funciones de comunicaci\u00f3n avanzadas, que permiten una integraci\u00f3n perfecta con los sistemas de seguridad y control existentes.   <\/p>\n\t\t\t\t\t\t\t\t<\/div>\n\t\t\t\t<\/div>\n\t\t\t\t\t<\/div>\n\t\t\t\t<\/div>\n\t\t<div class=\"elementor-element elementor-element-408a558 e-flex e-con-boxed e-con e-parent\" data-id=\"408a558\" data-element_type=\"container\">\n\t\t\t\t\t<div class=\"e-con-inner\">\n\t\t\t\t<div class=\"elementor-element elementor-element-311bc69 elementor-widget elementor-widget-button\" data-id=\"311bc69\" data-element_type=\"widget\" data-widget_type=\"button.default\">\n\t\t\t\t<div class=\"elementor-widget-container\">\n\t\t\t\t\t\t\t\t\t<div class=\"elementor-button-wrapper\">\n\t\t\t\t\t<a class=\"elementor-button elementor-button-link elementor-size-sm\" href=\"https:\/\/samon.com\/es\/aplicaciones\/deteccion-de-gases-refrigerantes-comerciales\/glaciar-x5\/\">\n\t\t\t\t\t\t<span class=\"elementor-button-content-wrapper\">\n\t\t\t\t\t\t\t\t\t<span class=\"elementor-button-text\">Leer m\u00e1s sobre GLACI\u00c4R X5<\/span>\n\t\t\t\t\t<\/span>\n\t\t\t\t\t<\/a>\n\t\t\t\t<\/div>\n\t\t\t\t\t\t\t\t<\/div>\n\t\t\t\t<\/div>\n\t\t\t\t\t<\/div>\n\t\t\t\t<\/div>\n\t\t<div class=\"elementor-element elementor-element-aa4bfab e-flex e-con-boxed e-con e-parent\" data-id=\"aa4bfab\" data-element_type=\"container\">\n\t\t\t\t\t<div class=\"e-con-inner\">\n\t\t\t\t<div class=\"elementor-element elementor-element-abf53cd elementor-widget elementor-widget-text-editor\" data-id=\"abf53cd\" data-element_type=\"widget\" data-widget_type=\"text-editor.default\">\n\t\t\t\t<div class=\"elementor-widget-container\">\n\t\t\t\t\t\t\t\t\t<h4> <\/h4>\n<h4>GLACI\u00c4R MICRO: Compacto y eficiente para espacios reducidos<\/h4>\n<p>Para aplicaciones que requieren una soluci\u00f3n compacta pero eficaz, el GLACI\u00c4R MICRO es la elecci\u00f3n ideal. Este peque\u00f1o pero potente detector de gas refrigerante est\u00e1 dise\u00f1ado para encajar perfectamente en espacios reducidos sin comprometer su rendimiento. El GLACI\u00c4R MICRO es perfecto para la integraci\u00f3n OEM en bombas de calor, vitrinas o cualquier lugar donde el espacio sea escaso. A pesar de su tama\u00f1o compacto, ofrece una detecci\u00f3n precisa y fiable, garantizando la seguridad y el cumplimiento de la normativa. Su f\u00e1cil instalaci\u00f3n y bajo mantenimiento lo convierten en una soluci\u00f3n c\u00f3moda y rentable para aplicaciones espec\u00edficas.    <\/p>\n\t\t\t\t\t\t\t\t<\/div>\n\t\t\t\t<\/div>\n\t\t\t\t\t<\/div>\n\t\t\t\t<\/div>\n\t\t<div class=\"elementor-element elementor-element-fdb34a7 e-flex e-con-boxed e-con e-parent\" data-id=\"fdb34a7\" data-element_type=\"container\">\n\t\t\t\t\t<div class=\"e-con-inner\">\n\t\t\t\t<div class=\"elementor-element elementor-element-e206092 elementor-widget elementor-widget-button\" data-id=\"e206092\" data-element_type=\"widget\" data-widget_type=\"button.default\">\n\t\t\t\t<div class=\"elementor-widget-container\">\n\t\t\t\t\t\t\t\t\t<div class=\"elementor-button-wrapper\">\n\t\t\t\t\t<a class=\"elementor-button elementor-button-link elementor-size-sm\" href=\"https:\/\/samon.com\/es\/aplicaciones\/deteccion-de-gases-refrigerantes-comerciales\/glaciar-micro\/\">\n\t\t\t\t\t\t<span class=\"elementor-button-content-wrapper\">\n\t\t\t\t\t\t\t\t\t<span class=\"elementor-button-text\">M\u00e1s informaci\u00f3n sobre GLACI\u00c4R MICRO<\/span>\n\t\t\t\t\t<\/span>\n\t\t\t\t\t<\/a>\n\t\t\t\t<\/div>\n\t\t\t\t\t\t\t\t<\/div>\n\t\t\t\t<\/div>\n\t\t\t\t\t<\/div>\n\t\t\t\t<\/div>\n\t\t<div class=\"elementor-element elementor-element-47dc2bc e-flex e-con-boxed e-con e-parent\" data-id=\"47dc2bc\" data-element_type=\"container\">\n\t\t\t\t\t<div class=\"e-con-inner\">\n\t\t\t\t<div class=\"elementor-element elementor-element-ff0e173 elementor-widget elementor-widget-text-editor\" data-id=\"ff0e173\" data-element_type=\"widget\" data-widget_type=\"text-editor.default\">\n\t\t\t\t<div class=\"elementor-widget-container\">\n\t\t\t\t\t\t\t\t\t<\/p>\n<p><strong>\u00bfPor qu\u00e9 elegir la serie GLACI\u00c4R?<\/strong><\/p>\n<p>La serie GLACI\u00c4R de SAMON representa la c\u00faspide de la tecnolog\u00eda de detecci\u00f3n de gases refrigerantes. Cada producto de la serie est\u00e1 dise\u00f1ado teniendo en cuenta una aplicaci\u00f3n espec\u00edfica, lo que garantiza que, sean cuales sean tus necesidades, hay un detector GLACI\u00c4R que se adapta perfectamente. Nuestro compromiso con la innovaci\u00f3n, la seguridad y la protecci\u00f3n del medio ambiente se refleja en cada producto, haciendo de la serie GLACI\u00c4R una elecci\u00f3n de confianza para los profesionales de todo el mundo.  <\/p>\n<p>Explora hoy mismo la serie GLACI\u00c4R y experimenta la tranquilidad que proporciona una detecci\u00f3n de gases refrigerantes sencillamente fiable. Para obtener m\u00e1s informaci\u00f3n, visita nuestro sitio web o ponte en contacto con nuestro equipo para encontrar la soluci\u00f3n perfecta para tus necesidades. <\/p>\n\t\t\t\t\t\t\t\t<\/div>\n\t\t\t\t<\/div>\n\t\t\t\t\t<\/div>\n\t\t\t\t<\/div>\n\t\t<div class=\"elementor-element elementor-element-0cd2e6d e-flex e-con-boxed e-con e-parent\" data-id=\"0cd2e6d\" data-element_type=\"container\">\n\t\t\t\t\t<div class=\"e-con-inner\">\n\t\t\t\t<div class=\"elementor-element elementor-element-1fc646b elementor-widget elementor-widget-spacer\" data-id=\"1fc646b\" data-element_type=\"widget\" data-widget_type=\"spacer.default\">\n\t\t\t\t<div class=\"elementor-widget-container\">\n\t\t\t\t\t\t\t<div class=\"elementor-spacer\">\n\t\t\t<div class=\"elementor-spacer-inner\"><\/div>\n\t\t<\/div>\n\t\t\t\t\t\t<\/div>\n\t\t\t\t<\/div>\n\t\t\t\t\t<\/div>\n\t\t\t\t<\/div>\n\t\t\t\t<\/div>\n\t\t","protected":false},"excerpt":{"rendered":"<p>Serie GLACI\u00c4R Presentamos la serie GLACI\u00c4R: Detecci\u00f3n Avanzada de Gases Refrigerantes En SAMON, nos enorgullecemos de ofrecer soluciones \u00abSimplemente fiables\u00bb para la detecci\u00f3n de gases refrigerantes. Nuestra serie GLACI\u00c4R encarna este compromiso, proporcionando productos innovadores y fiables dise\u00f1ados para satisfacer las necesidades de diversas aplicaciones. Tanto si gestionas un gran sistema de refrigeraci\u00f3n comercial como [&hellip;]<\/p>\n","protected":false},"author":1,"featured_media":0,"parent":0,"menu_order":0,"comment_status":"closed","ping_status":"closed","template":"","meta":{"_monsterinsights_skip_tracking":false,"_monsterinsights_sitenote_active":false,"_monsterinsights_sitenote_note":"","_monsterinsights_sitenote_category":0,"footnotes":""},"class_list":["post-10956","page","type-page","status-publish","hentry"],"aioseo_notices":[],"_links":{"self":[{"href":"https:\/\/samon.com\/es\/wp-json\/wp\/v2\/pages\/10956","targetHints":{"allow":["GET"]}}],"collection":[{"href":"https:\/\/samon.com\/es\/wp-json\/wp\/v2\/pages"}],"about":[{"href":"https:\/\/samon.com\/es\/wp-json\/wp\/v2\/types\/page"}],"author":[{"embeddable":true,"href":"https:\/\/samon.com\/es\/wp-json\/wp\/v2\/users\/1"}],"replies":[{"embeddable":true,"href":"https:\/\/samon.com\/es\/wp-json\/wp\/v2\/comments?post=10956"}],"version-history":[{"count":3,"href":"https:\/\/samon.com\/es\/wp-json\/wp\/v2\/pages\/10956\/revisions"}],"predecessor-version":[{"id":13864,"href":"https:\/\/samon.com\/es\/wp-json\/wp\/v2\/pages\/10956\/revisions\/13864"}],"wp:attachment":[{"href":"https:\/\/samon.com\/es\/wp-json\/wp\/v2\/media?parent=10956"}],"curies":[{"name":"wp","href":"https:\/\/api.w.org\/{rel}","templated":true}]}}