{"id":10952,"date":"2024-04-30T06:52:28","date_gmt":"2024-04-30T04:52:28","guid":{"rendered":"https:\/\/samon.com\/calidad\/"},"modified":"2024-10-23T09:30:47","modified_gmt":"2024-10-23T07:30:47","slug":"calidad","status":"publish","type":"page","link":"https:\/\/samon.com\/es\/calidad\/","title":{"rendered":"Calidad"},"content":{"rendered":"\t\t<div data-elementor-type=\"wp-page\" data-elementor-id=\"10952\" class=\"elementor elementor-10952 elementor-3581\" data-elementor-post-type=\"page\">\n\t\t\t\t<div class=\"elementor-element elementor-element-159f4f6 e-con-full e-flex e-con e-parent\" data-id=\"159f4f6\" data-element_type=\"container\">\n\t\t\t\t<div class=\"elementor-element elementor-element-5492314 elementor--h-position-center elementor--v-position-middle elementor-arrows-position-inside elementor-pagination-position-inside elementor-widget elementor-widget-slides\" data-id=\"5492314\" data-element_type=\"widget\" data-settings=\"{&quot;navigation&quot;:&quot;both&quot;,&quot;autoplay&quot;:&quot;yes&quot;,&quot;pause_on_hover&quot;:&quot;yes&quot;,&quot;pause_on_interaction&quot;:&quot;yes&quot;,&quot;autoplay_speed&quot;:5000,&quot;infinite&quot;:&quot;yes&quot;,&quot;transition&quot;:&quot;slide&quot;,&quot;transition_speed&quot;:500}\" data-widget_type=\"slides.default\">\n\t\t\t\t<div class=\"elementor-widget-container\">\n\t\t\t\t\t\t\t\t\t<div class=\"elementor-swiper\">\n\t\t\t\t\t<div class=\"elementor-slides-wrapper elementor-main-swiper swiper\" role=\"region\" aria-roledescription=\"carousel\" aria-label=\"Slides\" dir=\"ltr\" data-animation=\"fadeInUp\">\n\t\t\t\t<div class=\"swiper-wrapper elementor-slides\">\n\t\t\t\t\t\t\t\t\t\t<div class=\"elementor-repeater-item-1c90975 swiper-slide\" role=\"group\" aria-roledescription=\"slide\"><div class=\"swiper-slide-bg\" role=\"img\" aria-label=\"glaciarImg\"><\/div><div class=\"swiper-slide-inner\" ><div class=\"swiper-slide-contents\"><div class=\"elementor-slide-heading\">Calidad<\/div><\/div><\/div><\/div>\t\t\t\t<\/div>\n\t\t\t\t\t\t\t<\/div>\n\t\t\t\t<\/div>\n\t\t\t\t\t\t\t\t<\/div>\n\t\t\t\t<\/div>\n\t\t\t\t<\/div>\n\t\t<div class=\"elementor-element elementor-element-c146e7a e-flex e-con-boxed e-con e-parent\" data-id=\"c146e7a\" data-element_type=\"container\">\n\t\t\t\t\t<div class=\"e-con-inner\">\n\t\t<div class=\"elementor-element elementor-element-e451b47 e-con-full e-flex e-con e-child\" data-id=\"e451b47\" data-element_type=\"container\">\n\t\t\t\t<div class=\"elementor-element elementor-element-a2fe7af elementor-widget elementor-widget-heading\" data-id=\"a2fe7af\" data-element_type=\"widget\" data-widget_type=\"heading.default\">\n\t\t\t\t<div class=\"elementor-widget-container\">\n\t\t\t\t\t<h2 class=\"elementor-heading-title elementor-size-default\">Calidad y certificaci\u00f3n<\/h2>\t\t\t\t<\/div>\n\t\t\t\t<\/div>\n\t\t<div class=\"elementor-element elementor-element-d4cdfea e-grid e-con-full e-con e-child\" data-id=\"d4cdfea\" data-element_type=\"container\">\n\t\t\t\t<div class=\"elementor-element elementor-element-97555ba elementor-widget elementor-widget-image\" data-id=\"97555ba\" data-element_type=\"widget\" data-widget_type=\"image.default\">\n\t\t\t\t<div class=\"elementor-widget-container\">\n\t\t\t\t\t\t\t\t\t\t\t\t\t\t\t<img fetchpriority=\"high\" decoding=\"async\" width=\"800\" height=\"800\" src=\"https:\/\/samon.com\/wp-content\/uploads\/2024\/08\/ISO-certificate-1024x1024.png\" class=\"attachment-large size-large wp-image-7612\" alt=\"ISO Certificate\" srcset=\"https:\/\/samon.com\/wp-content\/uploads\/2024\/08\/ISO-certificate-1024x1024.png 1024w, https:\/\/samon.com\/wp-content\/uploads\/2024\/08\/ISO-certificate-300x300.png 300w, https:\/\/samon.com\/wp-content\/uploads\/2024\/08\/ISO-certificate-150x150.png 150w, https:\/\/samon.com\/wp-content\/uploads\/2024\/08\/ISO-certificate-768x768.png 768w, https:\/\/samon.com\/wp-content\/uploads\/2024\/08\/ISO-certificate-1536x1536.png 1536w, https:\/\/samon.com\/wp-content\/uploads\/2024\/08\/ISO-certificate.png 1800w\" sizes=\"(max-width: 800px) 100vw, 800px\" \/>\t\t\t\t\t\t\t\t\t\t\t\t\t\t\t<\/div>\n\t\t\t\t<\/div>\n\t\t\t\t<div class=\"elementor-element elementor-element-13aaf0f elementor-widget elementor-widget-text-editor\" data-id=\"13aaf0f\" data-element_type=\"widget\" data-widget_type=\"text-editor.default\">\n\t\t\t\t<div class=\"elementor-widget-container\">\n\t\t\t\t\t\t\t\t\t<p style=\"text-align: left;\"><em><strong>En SAMON, nuestro compromiso con la calidad es la base sobre la que construimos todo. Nuestro objetivo es sencillo: proporcionar a nuestros clientes las soluciones de detecci\u00f3n de gases m\u00e1s fiables y avanzadas del sector, garantizando seguridad, eficacia y tranquilidad. <\/strong><\/em><\/p>\n<div>\n<div>\n<div>\n<div>\n<div>\n<div dir=\"auto\" data-testid=\"conversation-turn-3\" data-scroll-anchor=\"true\">\n<div>\n<div>\n<div>\n<div>\n<div>\n<div dir=\"auto\" data-message-author-role=\"assistant\" data-message-id=\"e6cc7694-6462-458a-8ba1-e17302417fb2\">\n<div>\n<div> <\/div>\n<\/div>\n<\/div>\n<\/div>\n<\/div>\n<\/div>\n<\/div>\n<\/div>\n<\/div>\n<\/div>\n<\/div>\n<\/div>\n<\/div>\n<\/div>\n\t\t\t\t\t\t\t\t<\/div>\n\t\t\t\t<\/div>\n\t\t\t\t<\/div>\n\t\t\t\t<div class=\"elementor-element elementor-element-93cfd16 elementor-widget elementor-widget-text-editor\" data-id=\"93cfd16\" data-element_type=\"widget\" data-widget_type=\"text-editor.default\">\n\t\t\t\t<div class=\"elementor-widget-container\">\n\t\t\t\t\t\t\t\t\t<p><strong style=\"letter-spacing: 0px; text-align: var(--text-align); background-color: var( --e-global-color-c696dce );\">Nuestro enfoque de la calidad<\/strong><\/p>\n<div>\n<div>\n<div>\n<div>\n<div>\n<div dir=\"auto\" data-testid=\"conversation-turn-3\" data-scroll-anchor=\"true\">\n<div>\n<div>\n<div>\n<div>\n<div>\n<div dir=\"auto\" data-message-author-role=\"assistant\" data-message-id=\"e6cc7694-6462-458a-8ba1-e17302417fb2\">\n<div>\n<div>\n<p>La calidad en SAMON no es s\u00f3lo una casilla que hay que marcar; es parte integrante de nuestras operaciones diarias. Desde el momento en que empezamos a dise\u00f1ar un producto hasta que lo entregamos a nuestros clientes, cada paso se rige por estrictos controles de calidad. Hemos establecido un sistema integral que incluye rigurosos procesos internos, iniciativas de mejora continua y t\u00e9cnicas de producci\u00f3n ajustada.  <\/p>\n<p>Nuestra dedicaci\u00f3n a la calidad empieza con nuestro equipo. Creemos que un entorno de trabajo seguro y productivo es esencial para ofrecer valor a nuestros clientes. Por ello, damos prioridad a la creaci\u00f3n de un lugar de trabajo integrador que valore la diversidad y fomente el crecimiento. Nuestras directrices hacen hincapi\u00e9 en la igualdad de oportunidades y pretenden aprovechar las experiencias y habilidades \u00fanicas de nuestros empleados, permiti\u00e9ndoles prosperar y contribuir al \u00e9xito de SAMON.   <\/p>\n<p><strong>Mejora continua: Un principio b\u00e1sico<\/strong><\/p>\n<p>En SAMON estamos comprometidos con la filosof\u00eda de la mejora continua. Evaluamos regularmente nuestros procesos y productos para identificar oportunidades de mejora. Este compromiso garantiza que nuestros clientes reciban productos y servicios de la m\u00e1xima calidad, ayud\u00e1ndoles a mantenerse a la cabeza en un mercado competitivo.  <\/p>\n<p>Aplicamos principios de producci\u00f3n ajustada, centr\u00e1ndonos en objetivos a largo plazo y eliminando las ineficiencias que no a\u00f1aden valor a nuestros clientes. Nuestro enfoque es hol\u00edstico, teniendo en cuenta todo el ciclo de vida del producto, desde el dise\u00f1o inicial hasta la entrega final y m\u00e1s all\u00e1. Al mantener este enfoque, garantizamos que nuestros productos no s\u00f3lo sean fiables, sino tambi\u00e9n competitivos y con visi\u00f3n de futuro.  <\/p>\n<p><strong>Garant\u00eda de calidad y certificaci\u00f3n<\/strong><\/p>\n<p>Nuestro compromiso con la calidad se refleja en nuestra adhesi\u00f3n a normas reconocidas internacionalmente. SAMON se enorgullece de contar con la certificaci\u00f3n<strong> ISO 9001:2015<\/strong>, testimonio de nuestro s\u00f3lido sistema de gesti\u00f3n de la calidad. Esta certificaci\u00f3n garantiza que nuestros procesos son eficientes, eficaces y suministran sistem\u00e1ticamente productos que cumplen o superan las expectativas de los clientes.  <\/p>\n<p>Supervisamos continuamente nuestros objetivos de calidad a varios niveles, incluidas las fases de proyecto, producci\u00f3n y departamento. \u00c9stos se revisan peri\u00f3dicamente a nivel directivo y se comunican a nuestro consejo, garantizando que la calidad siga siendo una prioridad m\u00e1xima en toda la organizaci\u00f3n. <\/p>\n<p>Adem\u00e1s de nuestra certificaci\u00f3n <b>ISO 9001<\/b>, SAMON tambi\u00e9n se enorgullece de estar certificada seg\u00fan las normas <b>ISO 14001<\/b> e <b>ISO 45001<\/b> (pendiente), lo que demuestra nuestro compromiso con la sostenibilidad medioambiental y la salud y seguridad en el trabajo. <b>La ISO 14001<\/b> garantiza que nuestras pr\u00e1cticas de gesti\u00f3n medioambiental minimizan nuestro impacto en el medio ambiente, mientras que la <strong>ISO 45001<\/strong> (pendiente) refleja nuestra dedicaci\u00f3n a proporcionar un lugar de trabajo seguro y saludable para todos los empleados. Estas certificaciones refuerzan nuestro enfoque hol\u00edstico de la calidad, garantizando que nuestros productos no s\u00f3lo son fiables, sino que tambi\u00e9n se fabrican de forma responsable y sostenible. <\/p>\n<p><strong>Inspecci\u00f3n y pruebas avanzadas<\/strong><\/p>\n<p>En SAMON no dejamos nada al azar. Cada producto se somete a pruebas e inspecciones exhaustivas para garantizar que cumple nuestros elevados est\u00e1ndares.   <\/p>\n<p>Nuestras avanzadas t\u00e9cnicas de prueba y calibraci\u00f3n nos permiten detectar hasta el m\u00e1s m\u00ednimo defecto, garantizando que cada producto que sale de nuestras instalaciones es impecable. Esta atenci\u00f3n al detalle garantiza que nuestros clientes reciban s\u00f3lo los mejores y m\u00e1s fiables sistemas de detecci\u00f3n de gases disponibles. <\/p>\n<p><strong>Relaciones con los proveedores y abastecimiento \u00e9tico<\/strong><\/p>\n<p>Entendemos que la calidad de nuestros productos est\u00e1 estrechamente vinculada a la calidad de nuestra cadena de suministro. Por eso SAMON mantiene s\u00f3lidas relaciones con una amplia gama de proveedores. Realizamos auditor\u00edas peri\u00f3dicas para asegurarnos de que nuestros socios cumplen nuestros estrictos requisitos de calidad y nuestras pr\u00e1cticas empresariales \u00e9ticas. Este enfoque estrat\u00e9gico del aprovisionamiento garantiza que nuestros productos no s\u00f3lo sean de la m\u00e1xima calidad, sino tambi\u00e9n de origen \u00e9tico y sostenibles.   <\/p>\n<p><strong>Compromiso con la sostenibilidad<\/strong><\/p>\n<p>Como parte de nuestras iniciativas de calidad, tambi\u00e9n estamos profundamente <a href=\"https:\/\/samon.com\/sustainability\/\">comprometidos con la sostenibilidad<\/a>. Nuestros productos est\u00e1n dise\u00f1ados no s\u00f3lo para satisfacer los requisitos actuales, sino tambi\u00e9n para adaptarse a las necesidades futuras. Este enfoque preparado para el futuro es esencial en una industria que cambia r\u00e1pidamente, en la que las consideraciones medioambientales son cada vez m\u00e1s importantes.  <\/p>\n<p>Al elegir SAMON, te asocias con una empresa que valora la calidad, la innovaci\u00f3n y la sostenibilidad. Estamos aqu\u00ed para ayudarte a alcanzar tus objetivos con soluciones de detecci\u00f3n de gases sencillamente fiables. <\/p>\n<\/div>\n<\/div>\n<\/div>\n<\/div>\n<\/div>\n<\/div>\n<\/div>\n<\/div>\n<\/div>\n<\/div>\n<\/div>\n<\/div>\n<\/div>\n<\/div>\n<div>\n<div>\n<div>\n<form aria-haspopup=\"dialog\" aria-expanded=\"false\" aria-controls=\"radix-:r5c:\" data-state=\"closed\">\n<div>\n<div>\n<div>\n<div>\n<div> <\/div>\n<\/div>\n<\/div>\n<\/div>\n<\/div>\n<\/form>\n<\/div>\n<\/div>\n<\/div>\n\t\t\t\t\t\t\t\t<\/div>\n\t\t\t\t<\/div>\n\t\t\t\t<\/div>\n\t\t\t\t\t<\/div>\n\t\t\t\t<\/div>\n\t\t\t\t<\/div>\n\t\t","protected":false},"excerpt":{"rendered":"<p>Calidad Calidad y certificaci\u00f3n En SAMON, nuestro compromiso con la calidad es la base sobre la que construimos todo. Nuestro objetivo es sencillo: proporcionar a nuestros clientes las soluciones de detecci\u00f3n de gases m\u00e1s fiables y avanzadas del sector, garantizando seguridad, eficacia y tranquilidad. Nuestro enfoque de la calidad La calidad en SAMON no es [&hellip;]<\/p>\n","protected":false},"author":1,"featured_media":0,"parent":0,"menu_order":0,"comment_status":"closed","ping_status":"closed","template":"","meta":{"_monsterinsights_skip_tracking":false,"_monsterinsights_sitenote_active":false,"_monsterinsights_sitenote_note":"","_monsterinsights_sitenote_category":0,"footnotes":""},"class_list":["post-10952","page","type-page","status-publish","hentry"],"aioseo_notices":[],"_links":{"self":[{"href":"https:\/\/samon.com\/es\/wp-json\/wp\/v2\/pages\/10952","targetHints":{"allow":["GET"]}}],"collection":[{"href":"https:\/\/samon.com\/es\/wp-json\/wp\/v2\/pages"}],"about":[{"href":"https:\/\/samon.com\/es\/wp-json\/wp\/v2\/types\/page"}],"author":[{"embeddable":true,"href":"https:\/\/samon.com\/es\/wp-json\/wp\/v2\/users\/1"}],"replies":[{"embeddable":true,"href":"https:\/\/samon.com\/es\/wp-json\/wp\/v2\/comments?post=10952"}],"version-history":[{"count":1,"href":"https:\/\/samon.com\/es\/wp-json\/wp\/v2\/pages\/10952\/revisions"}],"predecessor-version":[{"id":10955,"href":"https:\/\/samon.com\/es\/wp-json\/wp\/v2\/pages\/10952\/revisions\/10955"}],"wp:attachment":[{"href":"https:\/\/samon.com\/es\/wp-json\/wp\/v2\/media?parent=10952"}],"curies":[{"name":"wp","href":"https:\/\/api.w.org\/{rel}","templated":true}]}}