{"id":10936,"date":"2024-06-06T10:59:05","date_gmt":"2024-06-06T08:59:05","guid":{"rendered":"https:\/\/samon.com\/bombas-de-calor\/"},"modified":"2024-12-12T11:48:00","modified_gmt":"2024-12-12T10:48:00","slug":"bombas-de-calor","status":"publish","type":"page","link":"https:\/\/samon.com\/es\/bombas-de-calor\/","title":{"rendered":"Bombas de calor"},"content":{"rendered":"\t\t<div data-elementor-type=\"wp-page\" data-elementor-id=\"10936\" class=\"elementor elementor-10936 elementor-5975\" data-elementor-post-type=\"page\">\n\t\t\t\t<div class=\"elementor-element elementor-element-027eb22 e-con-full e-flex e-con e-parent\" data-id=\"027eb22\" data-element_type=\"container\">\n\t\t\t\t<div class=\"elementor-element elementor-element-e316d3e elementor--h-position-center elementor--v-position-middle elementor-arrows-position-inside elementor-pagination-position-inside elementor-widget elementor-widget-slides\" data-id=\"e316d3e\" data-element_type=\"widget\" data-settings=\"{&quot;navigation&quot;:&quot;both&quot;,&quot;autoplay&quot;:&quot;yes&quot;,&quot;pause_on_hover&quot;:&quot;yes&quot;,&quot;pause_on_interaction&quot;:&quot;yes&quot;,&quot;autoplay_speed&quot;:5000,&quot;infinite&quot;:&quot;yes&quot;,&quot;transition&quot;:&quot;slide&quot;,&quot;transition_speed&quot;:500}\" data-widget_type=\"slides.default\">\n\t\t\t\t<div class=\"elementor-widget-container\">\n\t\t\t\t\t\t\t\t\t<div class=\"elementor-swiper\">\n\t\t\t\t\t<div class=\"elementor-slides-wrapper elementor-main-swiper swiper\" role=\"region\" aria-roledescription=\"carousel\" aria-label=\"Diapositivas\" dir=\"ltr\" data-animation=\"fadeInUp\">\n\t\t\t\t<div class=\"swiper-wrapper elementor-slides\">\n\t\t\t\t\t\t\t\t\t\t<div class=\"elementor-repeater-item-4665ef6 swiper-slide\" role=\"group\" aria-roledescription=\"slide\"><div class=\"swiper-slide-bg elementor-ken-burns elementor-ken-burns--in\" role=\"img\" aria-label=\"hero-heatpump\"><\/div><div class=\"swiper-slide-inner\" ><div class=\"swiper-slide-contents\"><div class=\"elementor-slide-heading\">Bombas de calor<\/div><\/div><\/div><\/div>\t\t\t\t<\/div>\n\t\t\t\t\t\t\t<\/div>\n\t\t\t\t<\/div>\n\t\t\t\t\t\t\t\t<\/div>\n\t\t\t\t<\/div>\n\t\t\t\t<\/div>\n\t\t<div class=\"elementor-element elementor-element-b058bb2 e-flex e-con-boxed e-con e-parent\" data-id=\"b058bb2\" data-element_type=\"container\">\n\t\t\t\t\t<div class=\"e-con-inner\">\n\t\t\t\t<div class=\"elementor-element elementor-element-3f0244e elementor-widget elementor-widget-heading\" data-id=\"3f0244e\" data-element_type=\"widget\" data-widget_type=\"heading.default\">\n\t\t\t\t<div class=\"elementor-widget-container\">\n\t\t\t\t\t<h2 class=\"elementor-heading-title elementor-size-default\">La importancia de la detecci\u00f3n de gas refrigerante en las bombas de calor<\/h2>\t\t\t\t<\/div>\n\t\t\t\t<\/div>\n\t\t\t\t<div class=\"elementor-element elementor-element-192fcf7 elementor-widget elementor-widget-text-editor\" data-id=\"192fcf7\" data-element_type=\"widget\" data-widget_type=\"text-editor.default\">\n\t\t\t\t<div class=\"elementor-widget-container\">\n\t\t\t\t\t\t\t\t\t<p>En el mundo actual, nunca se insistir\u00e1 lo suficiente en la importancia de mantener unos sistemas de refrigeraci\u00f3n seguros, eficientes y respetuosos con el medio ambiente. Para las bombas de calor y las vitrinas, es crucial implantar sistemas robustos de detecci\u00f3n de gases refrigerantes. Estos sistemas ayudan a detectar fugas de gases de bajo Potencial de Calentamiento Global (GWP por sus siglas en ingl\u00e9s), cada vez m\u00e1s frecuentes por su menor impacto ambiental en comparaci\u00f3n con los refrigerantes tradicionales.  <\/p>\n\t\t\t\t\t\t\t\t<\/div>\n\t\t\t\t<\/div>\n\t\t\t\t\t<\/div>\n\t\t\t\t<\/div>\n\t\t<div class=\"elementor-element elementor-element-7986ee4 e-flex e-con-boxed e-con e-parent\" data-id=\"7986ee4\" data-element_type=\"container\">\n\t\t\t\t\t<div class=\"e-con-inner\">\n\t\t<div class=\"elementor-element elementor-element-96ad1e9 e-grid e-con-boxed e-con e-child\" data-id=\"96ad1e9\" data-element_type=\"container\">\n\t\t\t\t\t<div class=\"e-con-inner\">\n\t\t<div class=\"elementor-element elementor-element-39a88a1 e-flex e-con-boxed e-con e-child\" data-id=\"39a88a1\" data-element_type=\"container\">\n\t\t\t\t\t<div class=\"e-con-inner\">\n\t\t\t\t<div class=\"elementor-element elementor-element-f72442b elementor-widget elementor-widget-heading\" data-id=\"f72442b\" data-element_type=\"widget\" data-widget_type=\"heading.default\">\n\t\t\t\t<div class=\"elementor-widget-container\">\n\t\t\t\t\t<h2 class=\"elementor-heading-title elementor-size-default\">Peque\u00f1o tama\u00f1o y bajo mantenimiento  <\/h2>\t\t\t\t<\/div>\n\t\t\t\t<\/div>\n\t\t\t\t<div class=\"elementor-element elementor-element-44514f1 elementor-widget elementor-widget-text-editor\" data-id=\"44514f1\" data-element_type=\"widget\" data-widget_type=\"text-editor.default\">\n\t\t\t\t<div class=\"elementor-widget-container\">\n\t\t\t\t\t\t\t\t\t<p>Los detectores de gas refrigerante modernos est\u00e1n dise\u00f1ados para ser compactos y requerir poco mantenimiento, por lo que son ideales para integrarlos tanto en bombas de calor como en vitrinas. Su peque\u00f1o tama\u00f1o permite instalarlos f\u00e1cilmente en espacios reducidos sin comprometer su rendimiento. <\/p>\n<p>Los detectores de refrigerante integrados en las bombas de calor requieren un mantenimiento m\u00ednimo, con una vida \u00fatil de m\u00e1s de 10 a\u00f1os. Esto reduce significativamente el coste total de propiedad y garantiza la fiabilidad a largo plazo, cumpliendo la norma UL \/ EN \/ IEC 60335-2-40. <\/p>\n\t\t\t\t\t\t\t\t<\/div>\n\t\t\t\t<\/div>\n\t\t\t\t\t<\/div>\n\t\t\t\t<\/div>\n\t\t\t\t<div class=\"elementor-element elementor-element-31ca1f0 elementor-widget elementor-widget-image\" data-id=\"31ca1f0\" data-element_type=\"widget\" data-widget_type=\"image.default\">\n\t\t\t\t<div class=\"elementor-widget-container\">\n\t\t\t\t\t\t\t\t\t\t\t\t\t\t\t<img fetchpriority=\"high\" decoding=\"async\" width=\"800\" height=\"800\" src=\"https:\/\/samon.com\/wp-content\/uploads\/2024\/06\/micro-square-1024x1024.png\" class=\"attachment-large size-large wp-image-10629\" alt=\"\" srcset=\"https:\/\/samon.com\/wp-content\/uploads\/2024\/06\/micro-square-1024x1024.png 1024w, https:\/\/samon.com\/wp-content\/uploads\/2024\/06\/micro-square-300x300.png 300w, https:\/\/samon.com\/wp-content\/uploads\/2024\/06\/micro-square-150x150.png 150w, https:\/\/samon.com\/wp-content\/uploads\/2024\/06\/micro-square-768x768.png 768w, https:\/\/samon.com\/wp-content\/uploads\/2024\/06\/micro-square-1536x1536.png 1536w, https:\/\/samon.com\/wp-content\/uploads\/2024\/06\/micro-square.png 1920w\" sizes=\"(max-width: 800px) 100vw, 800px\" \/>\t\t\t\t\t\t\t\t\t\t\t\t\t\t\t<\/div>\n\t\t\t\t<\/div>\n\t\t\t\t\t<\/div>\n\t\t\t\t<\/div>\n\t\t\t\t\t<\/div>\n\t\t\t\t<\/div>\n\t\t<div class=\"elementor-element elementor-element-a7abaa1 e-flex e-con-boxed e-con e-parent\" data-id=\"a7abaa1\" data-element_type=\"container\">\n\t\t\t\t\t<div class=\"e-con-inner\">\n\t\t<div class=\"elementor-element elementor-element-fb17c8f e-grid e-con-boxed e-con e-child\" data-id=\"fb17c8f\" data-element_type=\"container\">\n\t\t\t\t\t<div class=\"e-con-inner\">\n\t\t\t\t<div class=\"elementor-element elementor-element-bef4495 elementor-widget elementor-widget-image\" data-id=\"bef4495\" data-element_type=\"widget\" data-widget_type=\"image.default\">\n\t\t\t\t<div class=\"elementor-widget-container\">\n\t\t\t\t\t\t\t\t\t\t\t\t\t\t\t<img decoding=\"async\" width=\"800\" height=\"534\" src=\"https:\/\/samon.com\/wp-content\/uploads\/2024\/05\/hands-earth-globe-1024x683.jpg\" class=\"attachment-large size-large wp-image-10552\" alt=\"\" srcset=\"https:\/\/samon.com\/wp-content\/uploads\/2024\/05\/hands-earth-globe-1024x683.jpg 1024w, https:\/\/samon.com\/wp-content\/uploads\/2024\/05\/hands-earth-globe-300x200.jpg 300w, https:\/\/samon.com\/wp-content\/uploads\/2024\/05\/hands-earth-globe-768x512.jpg 768w, https:\/\/samon.com\/wp-content\/uploads\/2024\/05\/hands-earth-globe.jpg 1200w\" sizes=\"(max-width: 800px) 100vw, 800px\" \/>\t\t\t\t\t\t\t\t\t\t\t\t\t\t\t<\/div>\n\t\t\t\t<\/div>\n\t\t<div class=\"elementor-element elementor-element-82405fb e-flex e-con-boxed e-con e-child\" data-id=\"82405fb\" data-element_type=\"container\">\n\t\t\t\t\t<div class=\"e-con-inner\">\n\t\t\t\t<div class=\"elementor-element elementor-element-2c0042a elementor-widget elementor-widget-heading\" data-id=\"2c0042a\" data-element_type=\"widget\" data-widget_type=\"heading.default\">\n\t\t\t\t<div class=\"elementor-widget-container\">\n\t\t\t\t\t<h2 class=\"elementor-heading-title elementor-size-default\">Beneficios medioambientales  <\/h2>\t\t\t\t<\/div>\n\t\t\t\t<\/div>\n\t\t\t\t<div class=\"elementor-element elementor-element-3c30372 elementor-widget elementor-widget-text-editor\" data-id=\"3c30372\" data-element_type=\"widget\" data-widget_type=\"text-editor.default\">\n\t\t\t\t<div class=\"elementor-widget-container\">\n\t\t\t\t\t\t\t\t\t<p>El uso de refrigerantes de bajo GWP, como los HFO (hidrofluoroolefinas) y el CO2, no s\u00f3lo reduce la huella de carbono, sino que tambi\u00e9n se ajusta a los marcos normativos mundiales destinados a reducir progresivamente los refrigerantes de alto GWP. El despliegue de sistemas de detecci\u00f3n de gases garantiza que cualquier fuga se identifique y solucione r\u00e1pidamente, mitigando el posible impacto medioambiental y cumpliendo normas como el Reglamento sobre gases fluorados de la UE y la Ley AIM de EE.UU. <\/p>\n\t\t\t\t\t\t\t\t<\/div>\n\t\t\t\t<\/div>\n\t\t\t\t\t<\/div>\n\t\t\t\t<\/div>\n\t\t\t\t\t<\/div>\n\t\t\t\t<\/div>\n\t\t\t\t\t<\/div>\n\t\t\t\t<\/div>\n\t\t<div class=\"elementor-element elementor-element-97b26ee e-flex e-con-boxed e-con e-parent\" data-id=\"97b26ee\" data-element_type=\"container\">\n\t\t\t\t\t<div class=\"e-con-inner\">\n\t\t<div class=\"elementor-element elementor-element-4f928b9 e-grid e-con-boxed e-con e-child\" data-id=\"4f928b9\" data-element_type=\"container\">\n\t\t\t\t\t<div class=\"e-con-inner\">\n\t\t<div class=\"elementor-element elementor-element-450a03c e-flex e-con-boxed e-con e-child\" data-id=\"450a03c\" data-element_type=\"container\">\n\t\t\t\t\t<div class=\"e-con-inner\">\n\t\t\t\t<div class=\"elementor-element elementor-element-3ea6ef2 elementor-widget elementor-widget-heading\" data-id=\"3ea6ef2\" data-element_type=\"widget\" data-widget_type=\"heading.default\">\n\t\t\t\t<div class=\"elementor-widget-container\">\n\t\t\t\t\t<h2 class=\"elementor-heading-title elementor-size-default\">Seguridad y cumplimiento mejorados<\/h2>\t\t\t\t<\/div>\n\t\t\t\t<\/div>\n\t\t\t\t<div class=\"elementor-element elementor-element-888623e elementor-widget elementor-widget-text-editor\" data-id=\"888623e\" data-element_type=\"widget\" data-widget_type=\"text-editor.default\">\n\t\t\t\t<div class=\"elementor-widget-container\">\n\t\t\t\t\t\t\t\t\t<p>Los detectores de gas refrigerante deben integrarse en las bombas de calor para garantizar el cumplimiento de la norma UL \/ EN \/ IEC 60335-2-40.<\/p>\n<p>Las fugas de gas refrigerante pueden suponer riesgos importantes para la seguridad y peligros de inflamabilidad.<\/p>\n<p>Los sistemas avanzados de detecci\u00f3n desempe\u00f1an un papel fundamental en la prevenci\u00f3n de estos peligros, al disparar las alarmas y activar los sistemas de ventilaci\u00f3n en cuanto se detecta una fuga. Esta r\u00e1pida respuesta es vital para proteger tanto al personal como los bienes. <\/p>\n\t\t\t\t\t\t\t\t<\/div>\n\t\t\t\t<\/div>\n\t\t\t\t\t<\/div>\n\t\t\t\t<\/div>\n\t\t\t\t<div class=\"elementor-element elementor-element-eff7da6 elementor-widget elementor-widget-image\" data-id=\"eff7da6\" data-element_type=\"widget\" data-widget_type=\"image.default\">\n\t\t\t\t<div class=\"elementor-widget-container\">\n\t\t\t\t\t\t\t\t\t\t\t\t\t\t\t<img decoding=\"async\" width=\"800\" height=\"800\" src=\"https:\/\/samon.com\/wp-content\/uploads\/2024\/06\/safety-square-1024x1024.jpg\" class=\"attachment-large size-large wp-image-10630\" alt=\"\" srcset=\"https:\/\/samon.com\/wp-content\/uploads\/2024\/06\/safety-square-1024x1024.jpg 1024w, https:\/\/samon.com\/wp-content\/uploads\/2024\/06\/safety-square-300x300.jpg 300w, https:\/\/samon.com\/wp-content\/uploads\/2024\/06\/safety-square-150x150.jpg 150w, https:\/\/samon.com\/wp-content\/uploads\/2024\/06\/safety-square-768x768.jpg 768w, https:\/\/samon.com\/wp-content\/uploads\/2024\/06\/safety-square-1536x1536.jpg 1536w, https:\/\/samon.com\/wp-content\/uploads\/2024\/06\/safety-square.jpg 1920w\" sizes=\"(max-width: 800px) 100vw, 800px\" \/>\t\t\t\t\t\t\t\t\t\t\t\t\t\t\t<\/div>\n\t\t\t\t<\/div>\n\t\t\t\t\t<\/div>\n\t\t\t\t<\/div>\n\t\t\t\t\t<\/div>\n\t\t\t\t<\/div>\n\t\t<div class=\"elementor-element elementor-element-33336da e-flex e-con-boxed e-con e-parent\" data-id=\"33336da\" data-element_type=\"container\">\n\t\t\t\t\t<div class=\"e-con-inner\">\n\t\t<div class=\"elementor-element elementor-element-73cd576 e-grid e-con-boxed e-con e-child\" data-id=\"73cd576\" data-element_type=\"container\">\n\t\t\t\t\t<div class=\"e-con-inner\">\n\t\t\t\t<div class=\"elementor-element elementor-element-a28b71c elementor-widget elementor-widget-image\" data-id=\"a28b71c\" data-element_type=\"widget\" data-widget_type=\"image.default\">\n\t\t\t\t<div class=\"elementor-widget-container\">\n\t\t\t\t\t\t\t\t\t\t\t\t\t\t\t<img loading=\"lazy\" decoding=\"async\" width=\"800\" height=\"800\" src=\"https:\/\/samon.com\/wp-content\/uploads\/2024\/06\/Supermarket-displaycase-square-1024x1024.jpg\" class=\"attachment-large size-large wp-image-10631\" alt=\"\" srcset=\"https:\/\/samon.com\/wp-content\/uploads\/2024\/06\/Supermarket-displaycase-square-1024x1024.jpg 1024w, https:\/\/samon.com\/wp-content\/uploads\/2024\/06\/Supermarket-displaycase-square-300x300.jpg 300w, https:\/\/samon.com\/wp-content\/uploads\/2024\/06\/Supermarket-displaycase-square-150x150.jpg 150w, https:\/\/samon.com\/wp-content\/uploads\/2024\/06\/Supermarket-displaycase-square-768x768.jpg 768w, https:\/\/samon.com\/wp-content\/uploads\/2024\/06\/Supermarket-displaycase-square-1536x1536.jpg 1536w, https:\/\/samon.com\/wp-content\/uploads\/2024\/06\/Supermarket-displaycase-square.jpg 1920w\" sizes=\"(max-width: 800px) 100vw, 800px\" \/>\t\t\t\t\t\t\t\t\t\t\t\t\t\t\t<\/div>\n\t\t\t\t<\/div>\n\t\t<div class=\"elementor-element elementor-element-eb2a627 e-flex e-con-boxed e-con e-child\" data-id=\"eb2a627\" data-element_type=\"container\">\n\t\t\t\t\t<div class=\"e-con-inner\">\n\t\t\t\t<div class=\"elementor-element elementor-element-1167aab elementor-widget elementor-widget-heading\" data-id=\"1167aab\" data-element_type=\"widget\" data-widget_type=\"heading.default\">\n\t\t\t\t<div class=\"elementor-widget-container\">\n\t\t\t\t\t<h2 class=\"elementor-heading-title elementor-size-default\">Eficiencia y ahorro de costes  <\/h2>\t\t\t\t<\/div>\n\t\t\t\t<\/div>\n\t\t\t\t<div class=\"elementor-element elementor-element-821b48f elementor-widget elementor-widget-text-editor\" data-id=\"821b48f\" data-element_type=\"widget\" data-widget_type=\"text-editor.default\">\n\t\t\t\t<div class=\"elementor-widget-container\">\n\t\t\t\t\t\t\t\t\t<p>Los sistemas de detecci\u00f3n de fugas tambi\u00e9n contribuyen a la eficiencia operativa. Al mantener niveles \u00f3ptimos de refrigerante, garantizan que las bombas de calor y las vitrinas funcionen al m\u00e1ximo rendimiento, evitando el derroche de energ\u00eda y reduciendo los costes operativos. Esto es especialmente importante en entornos como los supermercados, donde el consumo de energ\u00eda para refrigeraci\u00f3n puede ser considerable.  <\/p>\n<p>En resumen, integrar sistemas de detecci\u00f3n de gases refrigerantes en bombas de calor y vitrinas es esencial para la seguridad, la eficiencia y la sostenibilidad medioambiental. Estos sistemas, con su peque\u00f1o tama\u00f1o, sus escasos requisitos de mantenimiento y su capacidad para detectar gases de bajo GWP, representan un enfoque proactivo para gestionar las fugas de refrigerante y garantizar el cumplimiento de las normas medioambientales mundiales. <\/p>\n\t\t\t\t\t\t\t\t<\/div>\n\t\t\t\t<\/div>\n\t\t\t\t\t<\/div>\n\t\t\t\t<\/div>\n\t\t\t\t\t<\/div>\n\t\t\t\t<\/div>\n\t\t\t\t\t<\/div>\n\t\t\t\t<\/div>\n\t\t<div class=\"elementor-element elementor-element-2b26ed7 e-flex e-con-boxed e-con e-parent\" data-id=\"2b26ed7\" data-element_type=\"container\">\n\t\t\t\t\t<div class=\"e-con-inner\">\n\t\t<div class=\"elementor-element elementor-element-e8c4844 e-grid e-con-boxed e-con e-child\" data-id=\"e8c4844\" data-element_type=\"container\">\n\t\t\t\t\t<div class=\"e-con-inner\">\n\t\t<div class=\"elementor-element elementor-element-4ba2b11 e-flex e-con-boxed e-con e-child\" data-id=\"4ba2b11\" data-element_type=\"container\">\n\t\t\t\t\t<div class=\"e-con-inner\">\n\t\t\t\t<div class=\"elementor-element elementor-element-8bd1da5 elementor-widget elementor-widget-heading\" data-id=\"8bd1da5\" data-element_type=\"widget\" data-widget_type=\"heading.default\">\n\t\t\t\t<div class=\"elementor-widget-container\">\n\t\t\t\t\t<h2 class=\"elementor-heading-title elementor-size-default\">GLACI\u00c4R MICRO<\/h2>\t\t\t\t<\/div>\n\t\t\t\t<\/div>\n\t\t\t\t<div class=\"elementor-element elementor-element-3915e1f elementor-widget elementor-widget-text-editor\" data-id=\"3915e1f\" data-element_type=\"widget\" data-widget_type=\"text-editor.default\">\n\t\t\t\t<div class=\"elementor-widget-container\">\n\t\t\t\t\t\t\t\t\t<p><b>GLACI\u00c4R MICRO<\/b> es un detector de gases refrigerantes de peque\u00f1o formato para su instalaci\u00f3n integrada en equipos OEM.<\/p>\n<p>Los gases medidos son refrigerantes como el R32, el R454x y el R290.<\/p>\n<p>Algunos ejemplos t\u00edpicos son las vitrinas refrigeradas y las bombas de calor.<\/p>\n\t\t\t\t\t\t\t\t<\/div>\n\t\t\t\t<\/div>\n\t\t\t\t<div class=\"elementor-element elementor-element-904fb4a elementor-widget elementor-widget-button\" data-id=\"904fb4a\" data-element_type=\"widget\" data-widget_type=\"button.default\">\n\t\t\t\t<div class=\"elementor-widget-container\">\n\t\t\t\t\t\t\t\t\t<div class=\"elementor-button-wrapper\">\n\t\t\t\t\t<a class=\"elementor-button elementor-button-link elementor-size-sm elementor-animation-grow\" href=\"https:\/\/samon.com\/es\/aplicaciones\/deteccion-de-gases-refrigerantes-comerciales\/glaciar-micro\/\">\n\t\t\t\t\t\t<span class=\"elementor-button-content-wrapper\">\n\t\t\t\t\t\t\t\t\t<span class=\"elementor-button-text\">Saber m\u00e1s<\/span>\n\t\t\t\t\t<\/span>\n\t\t\t\t\t<\/a>\n\t\t\t\t<\/div>\n\t\t\t\t\t\t\t\t<\/div>\n\t\t\t\t<\/div>\n\t\t\t\t\t<\/div>\n\t\t\t\t<\/div>\n\t\t\t\t<div class=\"elementor-element elementor-element-341a790 elementor-widget elementor-widget-image\" data-id=\"341a790\" data-element_type=\"widget\" data-widget_type=\"image.default\">\n\t\t\t\t<div class=\"elementor-widget-container\">\n\t\t\t\t\t\t\t\t\t\t\t\t\t\t\t<img fetchpriority=\"high\" decoding=\"async\" width=\"800\" height=\"800\" src=\"https:\/\/samon.com\/wp-content\/uploads\/2024\/06\/micro-square-1024x1024.png\" class=\"attachment-large size-large wp-image-10629\" alt=\"\" srcset=\"https:\/\/samon.com\/wp-content\/uploads\/2024\/06\/micro-square-1024x1024.png 1024w, https:\/\/samon.com\/wp-content\/uploads\/2024\/06\/micro-square-300x300.png 300w, https:\/\/samon.com\/wp-content\/uploads\/2024\/06\/micro-square-150x150.png 150w, https:\/\/samon.com\/wp-content\/uploads\/2024\/06\/micro-square-768x768.png 768w, https:\/\/samon.com\/wp-content\/uploads\/2024\/06\/micro-square-1536x1536.png 1536w, https:\/\/samon.com\/wp-content\/uploads\/2024\/06\/micro-square.png 1920w\" sizes=\"(max-width: 800px) 100vw, 800px\" \/>\t\t\t\t\t\t\t\t\t\t\t\t\t\t\t<\/div>\n\t\t\t\t<\/div>\n\t\t\t\t\t<\/div>\n\t\t\t\t<\/div>\n\t\t\t\t\t<\/div>\n\t\t\t\t<\/div>\n\t\t\t\t<\/div>\n\t\t","protected":false},"excerpt":{"rendered":"<p>Bombas de calor La importancia de la detecci\u00f3n de gas refrigerante en las bombas de calor En el mundo actual, nunca se insistir\u00e1 lo suficiente en la importancia de mantener unos sistemas de refrigeraci\u00f3n seguros, eficientes y respetuosos con el medio ambiente. Para las bombas de calor y las vitrinas, es crucial implantar sistemas robustos [&hellip;]<\/p>\n","protected":false},"author":1,"featured_media":0,"parent":0,"menu_order":0,"comment_status":"closed","ping_status":"closed","template":"","meta":{"_monsterinsights_skip_tracking":false,"_monsterinsights_sitenote_active":false,"_monsterinsights_sitenote_note":"","_monsterinsights_sitenote_category":0,"footnotes":""},"class_list":["post-10936","page","type-page","status-publish","hentry"],"aioseo_notices":[],"_links":{"self":[{"href":"https:\/\/samon.com\/es\/wp-json\/wp\/v2\/pages\/10936","targetHints":{"allow":["GET"]}}],"collection":[{"href":"https:\/\/samon.com\/es\/wp-json\/wp\/v2\/pages"}],"about":[{"href":"https:\/\/samon.com\/es\/wp-json\/wp\/v2\/types\/page"}],"author":[{"embeddable":true,"href":"https:\/\/samon.com\/es\/wp-json\/wp\/v2\/users\/1"}],"replies":[{"embeddable":true,"href":"https:\/\/samon.com\/es\/wp-json\/wp\/v2\/comments?post=10936"}],"version-history":[{"count":5,"href":"https:\/\/samon.com\/es\/wp-json\/wp\/v2\/pages\/10936\/revisions"}],"predecessor-version":[{"id":14029,"href":"https:\/\/samon.com\/es\/wp-json\/wp\/v2\/pages\/10936\/revisions\/14029"}],"wp:attachment":[{"href":"https:\/\/samon.com\/es\/wp-json\/wp\/v2\/media?parent=10936"}],"curies":[{"name":"wp","href":"https:\/\/api.w.org\/{rel}","templated":true}]}}