{"id":10922,"date":"2024-04-16T13:03:14","date_gmt":"2024-04-16T11:03:14","guid":{"rendered":"https:\/\/samon.com\/servicio-y-mantenimiento\/"},"modified":"2024-10-23T09:30:17","modified_gmt":"2024-10-23T07:30:17","slug":"servicio-y-mantenimiento","status":"publish","type":"page","link":"https:\/\/samon.com\/es\/servicio-y-mantenimiento\/","title":{"rendered":"Servicio y mantenimiento"},"content":{"rendered":"\t\t<div data-elementor-type=\"wp-page\" data-elementor-id=\"10922\" class=\"elementor elementor-10922 elementor-498\" data-elementor-post-type=\"page\">\n\t\t\t\t<div class=\"elementor-element elementor-element-663ce2a e-con-full e-flex e-con e-parent\" data-id=\"663ce2a\" data-element_type=\"container\">\n\t\t\t\t<div class=\"elementor-element elementor-element-35008c4 elementor--h-position-center elementor--v-position-middle elementor-arrows-position-inside elementor-pagination-position-inside elementor-widget elementor-widget-slides\" data-id=\"35008c4\" data-element_type=\"widget\" data-settings=\"{&quot;navigation&quot;:&quot;both&quot;,&quot;autoplay&quot;:&quot;yes&quot;,&quot;pause_on_hover&quot;:&quot;yes&quot;,&quot;pause_on_interaction&quot;:&quot;yes&quot;,&quot;autoplay_speed&quot;:5000,&quot;infinite&quot;:&quot;yes&quot;,&quot;transition&quot;:&quot;slide&quot;,&quot;transition_speed&quot;:500}\" data-widget_type=\"slides.default\">\n\t\t\t\t<div class=\"elementor-widget-container\">\n\t\t\t\t\t\t\t\t\t<div class=\"elementor-swiper\">\n\t\t\t\t\t<div class=\"elementor-slides-wrapper elementor-main-swiper swiper\" role=\"region\" aria-roledescription=\"carousel\" aria-label=\"Slides\" dir=\"ltr\" data-animation=\"fadeInUp\">\n\t\t\t\t<div class=\"swiper-wrapper elementor-slides\">\n\t\t\t\t\t\t\t\t\t\t<div class=\"elementor-repeater-item-807f9da swiper-slide\" role=\"group\" aria-roledescription=\"slide\"><div class=\"swiper-slide-bg elementor-ken-burns elementor-ken-burns--in\" role=\"img\" aria-label=\"service-people\"><\/div><div class=\"swiper-slide-inner\" ><div class=\"swiper-slide-contents\"><div class=\"elementor-slide-heading\">  Servicio y mantenimiento<\/div><\/div><\/div><\/div>\t\t\t\t<\/div>\n\t\t\t\t\t\t\t<\/div>\n\t\t\t\t<\/div>\n\t\t\t\t\t\t\t\t<\/div>\n\t\t\t\t<\/div>\n\t\t\t\t<\/div>\n\t\t<div class=\"elementor-element elementor-element-d37ca93 e-flex e-con-boxed e-con e-parent\" data-id=\"d37ca93\" data-element_type=\"container\">\n\t\t\t\t\t<div class=\"e-con-inner\">\n\t\t\t\t<div class=\"elementor-element elementor-element-28a9eb1 elementor-widget elementor-widget-spacer\" data-id=\"28a9eb1\" data-element_type=\"widget\" data-widget_type=\"spacer.default\">\n\t\t\t\t<div class=\"elementor-widget-container\">\n\t\t\t\t\t\t\t<div class=\"elementor-spacer\">\n\t\t\t<div class=\"elementor-spacer-inner\"><\/div>\n\t\t<\/div>\n\t\t\t\t\t\t<\/div>\n\t\t\t\t<\/div>\n\t\t\t\t\t<\/div>\n\t\t\t\t<\/div>\n\t\t<div class=\"elementor-element elementor-element-3920767 e-grid e-con-boxed e-con e-parent\" data-id=\"3920767\" data-element_type=\"container\">\n\t\t\t\t\t<div class=\"e-con-inner\">\n\t\t\t\t<div class=\"elementor-element elementor-element-6f35a86 elementor-widget elementor-widget-image-box\" data-id=\"6f35a86\" data-element_type=\"widget\" data-widget_type=\"image-box.default\">\n\t\t\t\t<div class=\"elementor-widget-container\">\n\t\t\t\t\t<div class=\"elementor-image-box-wrapper\"><div class=\"elementor-image-box-content\"><h3 class=\"elementor-image-box-title\">Por qu\u00e9 el servicio y el mantenimiento regulares son esenciales para tu sistema de detecci\u00f3n de gases<\/h3><p class=\"elementor-image-box-description\">Nunca se insistir\u00e1 lo suficiente en la importancia de revisar y mantener peri\u00f3dicamente tu sistema de detecci\u00f3n de gases: es tan crucial como el propio sistema. El mantenimiento peri\u00f3dico es vital por varias razones:   <br><br>\n\n- <b> Salud y seguridad<\/b>: Garantizar la salud y la seguridad de las personas previniendo los peligros potenciales causados por fugas de gas no detectadas.  <br><br>\n<b>- Protecci\u00f3n del medio ambiente:<\/b> Ayudando a evitar fugas que puedan da\u00f1ar el medio ambiente.  <br><br>\n<b>- Cumplimiento normativo:<\/b> Cumplir los requisitos legales y reglamentarios para evitar multas y problemas legales.  <br><br>\n<b>- Ahorro econ\u00f3mico:<\/b> Evitando costosas reparaciones o sustituciones y reduciendo el riesgo de accidentes costosos.  <br><br>  La frecuencia del mantenimiento depende de varios factores, como el tipo de gas detectado, el tama\u00f1o y la complejidad del sistema y la tecnolog\u00eda de los sensores utilizados.  <br><br>  Normalmente, todos los sistemas de detecci\u00f3n de gases deben revisarse al menos una vez al a\u00f1o para garantizar que siguen siendo fiables y eficaces.  <br><br>  Identificar los fallos de los sensores no siempre es sencillo. Muchos m\u00e9todos tradicionales para detectar fallos en los sensores pueden no ser fiables, y en sistemas tan cr\u00edticos no se pueden asumir riesgos.   <br><br>  El m\u00e9todo m\u00e1s definitivo para garantizar la funcionalidad de un sensor es la exposici\u00f3n directa al gas o gases objetivo mediante pruebas funcionales y calibraciones peri\u00f3dicas. Los sensores tambi\u00e9n son susceptibles al desgaste general, y los da\u00f1os no siempre son visibles. El mantenimiento y la calibraci\u00f3n peri\u00f3dicos son fundamentales para prolongar la vida \u00fatil de los sensores y garantizar su fiabilidad. Teniendo en cuenta el coste relativamente bajo de los sistemas de detecci\u00f3n de gases en comparaci\u00f3n con los bienes que protegen, el servicio y el mantenimiento peri\u00f3dicos representan una inversi\u00f3n valiosa.     <br><br>  Garantizar que tu sistema est\u00e1 siempre en condiciones \u00f3ptimas con certificados de calibraci\u00f3n actualizados no es s\u00f3lo un cumplimiento normativo: es una medida de seguridad crucial.<\/p><\/div><\/div>\t\t\t\t<\/div>\n\t\t\t\t<\/div>\n\t\t\t\t<div class=\"elementor-element elementor-element-6b0e4fb elementor-widget elementor-widget-image\" data-id=\"6b0e4fb\" data-element_type=\"widget\" data-widget_type=\"image.default\">\n\t\t\t\t<div class=\"elementor-widget-container\">\n\t\t\t\t\t\t\t\t\t\t\t\t\t\t\t<img fetchpriority=\"high\" decoding=\"async\" width=\"1800\" height=\"1800\" src=\"https:\/\/samon.com\/wp-content\/uploads\/2024\/05\/Service-brochure-sweden.jpg\" class=\"attachment-full size-full wp-image-4670\" alt=\"\" srcset=\"https:\/\/samon.com\/wp-content\/uploads\/2024\/05\/Service-brochure-sweden.jpg 1800w, https:\/\/samon.com\/wp-content\/uploads\/2024\/05\/Service-brochure-sweden-300x300.jpg 300w, https:\/\/samon.com\/wp-content\/uploads\/2024\/05\/Service-brochure-sweden-1024x1024.jpg 1024w, https:\/\/samon.com\/wp-content\/uploads\/2024\/05\/Service-brochure-sweden-150x150.jpg 150w, https:\/\/samon.com\/wp-content\/uploads\/2024\/05\/Service-brochure-sweden-768x768.jpg 768w, https:\/\/samon.com\/wp-content\/uploads\/2024\/05\/Service-brochure-sweden-1536x1536.jpg 1536w\" sizes=\"(max-width: 1800px) 100vw, 1800px\" \/>\t\t\t\t\t\t\t\t\t\t\t\t\t\t\t<\/div>\n\t\t\t\t<\/div>\n\t\t<div class=\"elementor-element elementor-element-d8c72e0 e-flex e-con-boxed e-con e-child\" data-id=\"d8c72e0\" data-element_type=\"container\">\n\t\t\t\t\t<div class=\"e-con-inner\">\n\t\t\t\t<div class=\"elementor-element elementor-element-31f928e elementor-widget elementor-widget-text-editor\" data-id=\"31f928e\" data-element_type=\"widget\" data-widget_type=\"text-editor.default\">\n\t\t\t\t<div class=\"elementor-widget-container\">\n\t\t\t\t\t\t\t\t\t<h3><strong>Servicio de reservas<\/strong><\/h3>\n<p>Reserva el servicio directamente con nosotros o a trav\u00e9s de nuestros distribuidores.<\/p>\n<h5><strong>Suecia:<\/strong><\/h5>\n\t\t\t\t\t\t\t\t<\/div>\n\t\t\t\t<\/div>\n\t\t\t\t<div class=\"elementor-element elementor-element-58d6e3f elementor-widget elementor-widget-button\" data-id=\"58d6e3f\" data-element_type=\"widget\" data-widget_type=\"button.default\">\n\t\t\t\t<div class=\"elementor-widget-container\">\n\t\t\t\t\t\t\t\t\t<div class=\"elementor-button-wrapper\">\n\t\t\t\t\t<a class=\"elementor-button elementor-button-link elementor-size-sm\" href=\"https:\/\/samon.com\/contact-2\/\">\n\t\t\t\t\t\t<span class=\"elementor-button-content-wrapper\">\n\t\t\t\t\t\t\t\t\t<span class=\"elementor-button-text\">SAMON AB<\/span>\n\t\t\t\t\t<\/span>\n\t\t\t\t\t<\/a>\n\t\t\t\t<\/div>\n\t\t\t\t\t\t\t\t<\/div>\n\t\t\t\t<\/div>\n\t\t\t\t<div class=\"elementor-element elementor-element-4b62dcd elementor-widget elementor-widget-text-editor\" data-id=\"4b62dcd\" data-element_type=\"widget\" data-widget_type=\"text-editor.default\">\n\t\t\t\t<div class=\"elementor-widget-container\">\n\t\t\t\t\t\t\t\t\t<p><strong>Otros pa\u00edses:<\/strong><\/p>\n\t\t\t\t\t\t\t\t<\/div>\n\t\t\t\t<\/div>\n\t\t\t\t<div class=\"elementor-element elementor-element-31fe0a3 elementor-widget elementor-widget-button\" data-id=\"31fe0a3\" data-element_type=\"widget\" data-widget_type=\"button.default\">\n\t\t\t\t<div class=\"elementor-widget-container\">\n\t\t\t\t\t\t\t\t\t<div class=\"elementor-button-wrapper\">\n\t\t\t\t\t<a class=\"elementor-button elementor-button-link elementor-size-sm\" href=\"https:\/\/samon.com\/distributors-all\/\">\n\t\t\t\t\t\t<span class=\"elementor-button-content-wrapper\">\n\t\t\t\t\t\t\t\t\t<span class=\"elementor-button-text\">Ver nuestros distribuidores<\/span>\n\t\t\t\t\t<\/span>\n\t\t\t\t\t<\/a>\n\t\t\t\t<\/div>\n\t\t\t\t\t\t\t\t<\/div>\n\t\t\t\t<\/div>\n\t\t\t\t\t<\/div>\n\t\t\t\t<\/div>\n\t\t\t\t\t<\/div>\n\t\t\t\t<\/div>\n\t\t\t\t<\/div>\n\t\t","protected":false},"excerpt":{"rendered":"<p>Servicio y mantenimiento Por qu\u00e9 el servicio y el mantenimiento regulares son esenciales para tu sistema de detecci\u00f3n de gases Nunca se insistir\u00e1 lo suficiente en la importancia de revisar y mantener peri\u00f3dicamente tu sistema de detecci\u00f3n de gases: es tan crucial como el propio sistema. El mantenimiento peri\u00f3dico es vital por varias razones: &#8211; [&hellip;]<\/p>\n","protected":false},"author":1,"featured_media":0,"parent":0,"menu_order":0,"comment_status":"closed","ping_status":"closed","template":"","meta":{"_monsterinsights_skip_tracking":false,"_monsterinsights_sitenote_active":false,"_monsterinsights_sitenote_note":"","_monsterinsights_sitenote_category":0,"footnotes":""},"class_list":["post-10922","page","type-page","status-publish","hentry"],"aioseo_notices":[],"_links":{"self":[{"href":"https:\/\/samon.com\/es\/wp-json\/wp\/v2\/pages\/10922","targetHints":{"allow":["GET"]}}],"collection":[{"href":"https:\/\/samon.com\/es\/wp-json\/wp\/v2\/pages"}],"about":[{"href":"https:\/\/samon.com\/es\/wp-json\/wp\/v2\/types\/page"}],"author":[{"embeddable":true,"href":"https:\/\/samon.com\/es\/wp-json\/wp\/v2\/users\/1"}],"replies":[{"embeddable":true,"href":"https:\/\/samon.com\/es\/wp-json\/wp\/v2\/comments?post=10922"}],"version-history":[{"count":1,"href":"https:\/\/samon.com\/es\/wp-json\/wp\/v2\/pages\/10922\/revisions"}],"predecessor-version":[{"id":10923,"href":"https:\/\/samon.com\/es\/wp-json\/wp\/v2\/pages\/10922\/revisions\/10923"}],"wp:attachment":[{"href":"https:\/\/samon.com\/es\/wp-json\/wp\/v2\/media?parent=10922"}],"curies":[{"name":"wp","href":"https:\/\/api.w.org\/{rel}","templated":true}]}}