{"id":10904,"date":"2024-04-16T10:56:13","date_gmt":"2024-04-16T08:56:13","guid":{"rendered":"https:\/\/samon.com\/sobre-samon\/"},"modified":"2024-10-23T09:22:45","modified_gmt":"2024-10-23T07:22:45","slug":"sobre-samon","status":"publish","type":"page","link":"https:\/\/samon.com\/es\/sobre-samon\/","title":{"rendered":"Sobre SAMON"},"content":{"rendered":"\t\t<div data-elementor-type=\"wp-page\" data-elementor-id=\"10904\" class=\"elementor elementor-10904 elementor-365\" data-elementor-post-type=\"page\">\n\t\t\t\t<div class=\"elementor-element elementor-element-0709466 e-con-full e-flex e-con e-parent\" data-id=\"0709466\" data-element_type=\"container\">\n\t\t\t\t<div class=\"elementor-element elementor-element-657fa32 elementor--h-position-center elementor--v-position-middle elementor-arrows-position-inside elementor-pagination-position-inside elementor-widget elementor-widget-slides\" data-id=\"657fa32\" data-element_type=\"widget\" data-settings=\"{&quot;navigation&quot;:&quot;both&quot;,&quot;autoplay&quot;:&quot;yes&quot;,&quot;pause_on_hover&quot;:&quot;yes&quot;,&quot;pause_on_interaction&quot;:&quot;yes&quot;,&quot;autoplay_speed&quot;:5000,&quot;infinite&quot;:&quot;yes&quot;,&quot;transition&quot;:&quot;slide&quot;,&quot;transition_speed&quot;:500}\" data-widget_type=\"slides.default\">\n\t\t\t\t<div class=\"elementor-widget-container\">\n\t\t\t\t\t\t\t\t\t<div class=\"elementor-swiper\">\n\t\t\t\t\t<div class=\"elementor-slides-wrapper elementor-main-swiper swiper\" role=\"region\" aria-roledescription=\"carousel\" aria-label=\"Diapositivas\" dir=\"ltr\" data-animation=\"fadeInUp\">\n\t\t\t\t<div class=\"swiper-wrapper elementor-slides\">\n\t\t\t\t\t\t\t\t\t\t<div class=\"elementor-repeater-item-a3991b8 swiper-slide\" role=\"group\" aria-roledescription=\"slide\"><div class=\"swiper-slide-bg elementor-ken-burns elementor-ken-burns--in\" role=\"img\" aria-label=\"glaciarImg\"><\/div><div class=\"swiper-slide-inner\" ><div class=\"swiper-slide-contents\"><div class=\"elementor-slide-heading\">Sobre SAMON<\/div><\/div><\/div><\/div>\t\t\t\t<\/div>\n\t\t\t\t\t\t\t<\/div>\n\t\t\t\t<\/div>\n\t\t\t\t\t\t\t\t<\/div>\n\t\t\t\t<\/div>\n\t\t\t\t<\/div>\n\t\t<div class=\"elementor-element elementor-element-6a9a07b e-grid e-con-boxed e-con e-parent\" data-id=\"6a9a07b\" data-element_type=\"container\">\n\t\t\t\t\t<div class=\"e-con-inner\">\n\t\t<div class=\"elementor-element elementor-element-e417b50 e-flex e-con-boxed e-con e-child\" data-id=\"e417b50\" data-element_type=\"container\">\n\t\t\t\t\t<div class=\"e-con-inner\">\n\t\t\t\t<div class=\"elementor-element elementor-element-51aa430 elementor-widget elementor-widget-heading\" data-id=\"51aa430\" data-element_type=\"widget\" data-widget_type=\"heading.default\">\n\t\t\t\t<div class=\"elementor-widget-container\">\n\t\t\t\t\t<h2 class=\"elementor-heading-title elementor-size-default\">Nuestra empresa<\/h2>\t\t\t\t<\/div>\n\t\t\t\t<\/div>\n\t\t\t\t<div class=\"elementor-element elementor-element-0c25f22 elementor-widget elementor-widget-text-editor\" data-id=\"0c25f22\" data-element_type=\"widget\" data-widget_type=\"text-editor.default\">\n\t\t\t\t<div class=\"elementor-widget-container\">\n\t\t\t\t\t\t\t\t\t<h4>Experto en detecci\u00f3n de gases refrigerantes<\/h4>\n<p>SAMON se fund\u00f3 en Suecia en 1990. Durante m\u00e1s de 30 a\u00f1os, hemos trabajado continuamente para comprender las necesidades en desarrollo de la industria de la refrigeraci\u00f3n, de modo que podamos ofrecer lo que nuestros clientes necesitan. El mercado no se detiene. Desde los cambios en los tipos de refrigerantes utilizados hasta los avances en la tecnolog\u00eda de los sistemas de control, a medida que evoluciona la industria, evolucionamos nosotros.   <\/p>\n<h4>Establecer las normas<\/h4>\n<p>Durante m\u00e1s de una d\u00e9cada, SAMON ha desempe\u00f1ado un papel activo en el desarrollo de normas para la industria de la refrigeraci\u00f3n. Esto incluye la contribuci\u00f3n a la que posiblemente sea la norma m\u00e1s importante de Europa para nuestro sector, la EN 378: Sistemas frigor\u00edficos y bombas de calor &#8211; Requisitos de seguridad y medioambientales. Adem\u00e1s, miembros de nuestro equipo han sido colaboradores principales de la norma EN 14624: Rendimiento de los detectores de fugas de localizaci\u00f3n port\u00e1tiles y de los detectores de gas fijos para todos los refrigerantes.  <\/p>\n<p>Lo importante de nuestro trabajo es compartir nuestros conocimientos y experiencia, ayudando a garantizar que las normas sean viables, adecuadas y supongan un beneficio para todo el sector.<\/p>\n<p>SAMON cuenta con varios miembros del equipo reconocidos como expertos en detecci\u00f3n de gases refrigerantes por la industria, raz\u00f3n por la cual han sido invitados a ayudar a desarrollar estas normas con las que debe trabajar la industria. A diario, estos expertos est\u00e1n disponibles para ayudar a nuestros clientes a implantar soluciones adaptadas a sus propias necesidades y retos individuales. <\/p>\n\t\t\t\t\t\t\t\t<\/div>\n\t\t\t\t<\/div>\n\t\t\t\t\t<\/div>\n\t\t\t\t<\/div>\n\t\t\t\t<div class=\"elementor-element elementor-element-efc290f elementor-widget elementor-widget-image\" data-id=\"efc290f\" data-element_type=\"widget\" data-widget_type=\"image.default\">\n\t\t\t\t<div class=\"elementor-widget-container\">\n\t\t\t\t\t\t\t\t\t\t\t\t\t\t\t<img fetchpriority=\"high\" decoding=\"async\" width=\"800\" height=\"600\" src=\"https:\/\/samon.com\/wp-content\/uploads\/2024\/05\/Chillventa2022-1024x768.jpg\" class=\"attachment-large size-large wp-image-10484\" alt=\"\" srcset=\"https:\/\/samon.com\/wp-content\/uploads\/2024\/05\/Chillventa2022-1024x768.jpg 1024w, https:\/\/samon.com\/wp-content\/uploads\/2024\/05\/Chillventa2022-300x225.jpg 300w, https:\/\/samon.com\/wp-content\/uploads\/2024\/05\/Chillventa2022-768x576.jpg 768w, https:\/\/samon.com\/wp-content\/uploads\/2024\/05\/Chillventa2022.jpg 1200w\" sizes=\"(max-width: 800px) 100vw, 800px\" \/>\t\t\t\t\t\t\t\t\t\t\t\t\t\t\t<\/div>\n\t\t\t\t<\/div>\n\t\t\t\t\t<\/div>\n\t\t\t\t<\/div>\n\t\t<div class=\"elementor-element elementor-element-19ebc1f e-flex e-con-boxed e-con e-parent\" data-id=\"19ebc1f\" data-element_type=\"container\">\n\t\t\t\t\t<div class=\"e-con-inner\">\n\t\t<div class=\"elementor-element elementor-element-44395e5 e-con-full e-flex e-con e-child\" data-id=\"44395e5\" data-element_type=\"container\">\n\t\t\t\t<div class=\"elementor-element elementor-element-f88bdd2 elementor-widget elementor-widget-text-editor\" data-id=\"f88bdd2\" data-element_type=\"widget\" data-widget_type=\"text-editor.default\">\n\t\t\t\t<div class=\"elementor-widget-container\">\n\t\t\t\t\t\t\t\t\t<h1>SIMPLICIDAD<\/h1>\n<p>En SAMON creemos en la <strong>sencillez.<\/strong> Esto significa que nos aseguramos de que nuestros productos sean f\u00e1ciles de configurar y utilizar, combinando interfaces anal\u00f3gicas intuitivas y conectividad digital sencilla.<\/p>\n<p>Es <strong>sencillo integrar<\/strong> nuestros productos en sistemas de control y de gesti\u00f3n de edificios utilizando una variedad de se\u00f1ales de salida est\u00e1ndar del sector.<\/p>\n<p>Tambi\u00e9n nos aseguramos de que nuestros productos sean f\u00e1ciles de seleccionar, reduciendo al m\u00ednimo el n\u00famero de variantes y referencias.<\/p>\n\t\t\t\t\t\t\t\t<\/div>\n\t\t\t\t<\/div>\n\t\t\t\t<\/div>\n\t\t<div class=\"elementor-element elementor-element-0ccadea e-con-full e-flex e-con e-child\" data-id=\"0ccadea\" data-element_type=\"container\">\n\t\t\t\t<div class=\"elementor-element elementor-element-bb58770 elementor-widget elementor-widget-text-editor\" data-id=\"bb58770\" data-element_type=\"widget\" data-widget_type=\"text-editor.default\">\n\t\t\t\t<div class=\"elementor-widget-container\">\n\t\t\t\t\t\t\t\t\t<h1 style=\"text-align: left;\">FIABILIDAD<\/h1>\n<p>Entendemos que la fiabilidad es de vital importancia para nuestros clientes, porque nuestros productos son <strong>esenciales para la seguridad<\/strong>. Tambi\u00e9n sabemos que nuestros clientes no quieren dedicar tiempo a arreglar problemas en lugar de centrarse en la funci\u00f3n y la eficacia de sus operaciones. <\/p>\n<p>SAMON ha tenido <strong>menos de un 0,001% de reclamaciones de garant\u00eda<\/strong> en m\u00e1s de 30 a\u00f1os de actividad.<\/p>\n<p>Contamos con la certificaci\u00f3n ISO 9001:2015 para garantizar que <strong>mantenemos los elevados niveles de calidad<\/strong> que nos hemos fijado.<\/p>\n\t\t\t\t\t\t\t\t<\/div>\n\t\t\t\t<\/div>\n\t\t\t\t<\/div>\n\t\t\t\t\t<\/div>\n\t\t\t\t<\/div>\n\t\t<div class=\"elementor-element elementor-element-b01e9eb e-flex e-con-boxed e-con e-parent\" data-id=\"b01e9eb\" data-element_type=\"container\">\n\t\t\t\t\t<div class=\"e-con-inner\">\n\t\t<div class=\"elementor-element elementor-element-a2507a6 e-grid e-con-boxed e-con e-child\" data-id=\"a2507a6\" data-element_type=\"container\">\n\t\t\t\t\t<div class=\"e-con-inner\">\n\t\t\t\t<div class=\"elementor-element elementor-element-55822d4 elementor-widget elementor-widget-heading\" data-id=\"55822d4\" data-element_type=\"widget\" data-widget_type=\"heading.default\">\n\t\t\t\t<div class=\"elementor-widget-container\">\n\t\t\t\t\t<h2 class=\"elementor-heading-title elementor-size-default\">Nuestros valores<\/h2>\t\t\t\t<\/div>\n\t\t\t\t<\/div>\n\t\t\t\t<div class=\"elementor-element elementor-element-16abcc3 elementor-widget elementor-widget-text-editor\" data-id=\"16abcc3\" data-element_type=\"widget\" data-widget_type=\"text-editor.default\">\n\t\t\t\t<div class=\"elementor-widget-container\">\n\t\t\t\t\t\t\t\t\t<p>Nuestros valores corporativos nos gu\u00edan en nuestra forma de actuar con nuestros clientes y socios, pero tambi\u00e9n entre nosotros.<\/p>\n\t\t\t\t\t\t\t\t<\/div>\n\t\t\t\t<\/div>\n\t\t\t\t\t<\/div>\n\t\t\t\t<\/div>\n\t\t\t\t\t<\/div>\n\t\t\t\t<\/div>\n\t\t<div class=\"elementor-element elementor-element-86174ef e-grid e-con-boxed e-con e-parent\" data-id=\"86174ef\" data-element_type=\"container\">\n\t\t\t\t\t<div class=\"e-con-inner\">\n\t\t<div class=\"elementor-element elementor-element-13d5694 e-flex e-con-boxed e-con e-child\" data-id=\"13d5694\" data-element_type=\"container\">\n\t\t\t\t\t<div class=\"e-con-inner\">\n\t\t<div class=\"elementor-element elementor-element-789c590 e-grid e-con-boxed e-con e-child\" data-id=\"789c590\" data-element_type=\"container\">\n\t\t\t\t\t<div class=\"e-con-inner\">\n\t\t\t\t<div class=\"elementor-element elementor-element-c4b09f5 elementor-position-left elementor-vertical-align-top elementor-widget elementor-widget-image-box\" data-id=\"c4b09f5\" data-element_type=\"widget\" data-widget_type=\"image-box.default\">\n\t\t\t\t<div class=\"elementor-widget-container\">\n\t\t\t\t\t<div class=\"elementor-image-box-wrapper\"><figure class=\"elementor-image-box-img\"><img decoding=\"async\" src=\"https:\/\/samon.com\/wp-content\/uploads\/2024\/04\/collaboration-icon.svg\" class=\"attachment-full size-full wp-image-10440\" alt=\"\" \/><\/figure><div class=\"elementor-image-box-content\"><h3 class=\"elementor-image-box-title\">Colaboraci\u00f3n<\/h3><p class=\"elementor-image-box-description\">Creemos sinceramente que los grandes resultados proceden de grandes personas que trabajan juntas. Trabajamos duro para crear valor junto con nuestros clientes, nuestros socios y dentro de nuestra propia organizaci\u00f3n. <\/p><\/div><\/div>\t\t\t\t<\/div>\n\t\t\t\t<\/div>\n\t\t\t\t<div class=\"elementor-element elementor-element-dd476cf elementor-position-left elementor-vertical-align-top elementor-widget elementor-widget-image-box\" data-id=\"dd476cf\" data-element_type=\"widget\" data-widget_type=\"image-box.default\">\n\t\t\t\t<div class=\"elementor-widget-container\">\n\t\t\t\t\t<div class=\"elementor-image-box-wrapper\"><figure class=\"elementor-image-box-img\"><img decoding=\"async\" src=\"https:\/\/samon.com\/wp-content\/uploads\/2024\/05\/simplicity-icon.svg\" class=\"attachment-full size-full wp-image-10482\" alt=\"\" \/><\/figure><div class=\"elementor-image-box-content\"><h3 class=\"elementor-image-box-title\">Innovaci\u00f3n<\/h3><p class=\"elementor-image-box-description\">Nos encanta desafiar el statu quo e ir m\u00e1s all\u00e1 de lo que no se ha hecho antes. Se materializa en nuestro desarrollo de nuevas soluciones para el mercado, en nuestra forma de seguir mejorando lo que hacemos y c\u00f3mo lo hacemos y en la manera en que ejercemos un impacto sostenible en nuestro mundo.   <\/p><\/div><\/div>\t\t\t\t<\/div>\n\t\t\t\t<\/div>\n\t\t\t\t<div class=\"elementor-element elementor-element-65f8d48 elementor-position-left elementor-vertical-align-top elementor-widget elementor-widget-image-box\" data-id=\"65f8d48\" data-element_type=\"widget\" data-widget_type=\"image-box.default\">\n\t\t\t\t<div class=\"elementor-widget-container\">\n\t\t\t\t\t<div class=\"elementor-image-box-wrapper\"><figure class=\"elementor-image-box-img\"><img decoding=\"async\" src=\"https:\/\/samon.com\/wp-content\/uploads\/2024\/04\/collaboration-icon.svg\" class=\"attachment-full size-full wp-image-10440\" alt=\"\" \/><\/figure><div class=\"elementor-image-box-content\"><h3 class=\"elementor-image-box-title\">Propiedad<\/h3><p class=\"elementor-image-box-description\">Asumimos la propiedad, la propiedad de nuestra entrega a los clientes, la propiedad de impulsar la innovaci\u00f3n, la propiedad de nuestro efecto en el entorno y la propiedad de nosotros mismos.  <\/p><\/div><\/div>\t\t\t\t<\/div>\n\t\t\t\t<\/div>\n\t\t\t\t<div class=\"elementor-element elementor-element-17997a9 elementor-position-left elementor-vertical-align-top elementor-widget elementor-widget-image-box\" data-id=\"17997a9\" data-element_type=\"widget\" data-widget_type=\"image-box.default\">\n\t\t\t\t<div class=\"elementor-widget-container\">\n\t\t\t\t\t<div class=\"elementor-image-box-wrapper\"><figure class=\"elementor-image-box-img\"><img decoding=\"async\" src=\"https:\/\/samon.com\/wp-content\/uploads\/2024\/05\/reliability-icon.svg\" class=\"attachment-full size-full wp-image-10483\" alt=\"\" \/><\/figure><div class=\"elementor-image-box-content\"><h3 class=\"elementor-image-box-title\">Acci\u00f3n<\/h3><p class=\"elementor-image-box-description\">No s\u00f3lo asumimos la responsabilidad, sino que tambi\u00e9n nos aseguramos de cumplirla. Desde el compromiso con los clientes, pasando por entregar los productos lo m\u00e1s r\u00e1pido posible, hasta estar disponibles cuando necesites asistencia en tu sitio web. Cuando decimos algo, siempre lo cumplimos.    <\/p><\/div><\/div>\t\t\t\t<\/div>\n\t\t\t\t<\/div>\n\t\t\t\t\t<\/div>\n\t\t\t\t<\/div>\n\t\t\t\t\t<\/div>\n\t\t\t\t<\/div>\n\t\t\t\t\t<\/div>\n\t\t\t\t<\/div>\n\t\t<div class=\"elementor-element elementor-element-0d15942 e-flex e-con-boxed e-con e-parent\" data-id=\"0d15942\" data-element_type=\"container\">\n\t\t\t\t\t<div class=\"e-con-inner\">\n\t\t<div class=\"elementor-element elementor-element-dd72f0d e-flex e-con-boxed e-con e-child\" data-id=\"dd72f0d\" data-element_type=\"container\">\n\t\t\t\t\t<div class=\"e-con-inner\">\n\t\t\t\t<div class=\"elementor-element elementor-element-2f30a71 elementor-position-top elementor-widget elementor-widget-image-box\" data-id=\"2f30a71\" data-element_type=\"widget\" data-widget_type=\"image-box.default\">\n\t\t\t\t<div class=\"elementor-widget-container\">\n\t\t\t\t\t<div class=\"elementor-image-box-wrapper\"><figure class=\"elementor-image-box-img\"><img decoding=\"async\" width=\"1200\" height=\"866\" src=\"https:\/\/samon.com\/wp-content\/uploads\/2024\/06\/Alexander-bw.jpg\" class=\"attachment-full size-full wp-image-10574\" alt=\"\" srcset=\"https:\/\/samon.com\/wp-content\/uploads\/2024\/06\/Alexander-bw.jpg 1200w, https:\/\/samon.com\/wp-content\/uploads\/2024\/06\/Alexander-bw-300x217.jpg 300w, https:\/\/samon.com\/wp-content\/uploads\/2024\/06\/Alexander-bw-1024x739.jpg 1024w, https:\/\/samon.com\/wp-content\/uploads\/2024\/06\/Alexander-bw-768x554.jpg 768w\" sizes=\"(max-width: 1200px) 100vw, 1200px\" \/><\/figure><div class=\"elementor-image-box-content\"><h3 class=\"elementor-image-box-title\">Nuestra misi\u00f3n<\/h3><p class=\"elementor-image-box-description\">En SAMON, nuestra misi\u00f3n es proteger el medio ambiente, proteger a las personas y proteger la propiedad. Trabajamos duro para crear beneficios reales para la sociedad operando de forma sostenible y segura nosotros mismos, y ayudando a nuestros clientes a hacer lo mismo.   <br><br>Un clima estable, rico en biodiversidad, es esencial para que prosperen las generaciones futuras. Mantenerlo es el mayor reto de nuestro tiempo, y creemos que debemos esforzarnos cada d\u00eda por hacer del planeta Tierra un lugar mejor. Nuestro trabajo consiste en apoyar a nuestros socios para conseguirlo.    <br><br>El Protocolo de Montreal (1987) inici\u00f3 una reducci\u00f3n radical y la eliminaci\u00f3n progresiva de los CFC y HCFC, y desde entonces se han impuesto reducciones a\u00fan m\u00e1s severas a los refrigerantes con alto potencial de calentamiento global.  <br><br>SAMON ayuda a la industria a reducir y prevenir las fugas de estos gases de efecto invernadero utilizando soluciones de detecci\u00f3n de gases refrigerantes all\u00ed donde los riesgos son mayores.  <br><br>Por supuesto, la industria de la refrigeraci\u00f3n y el aire acondicionado est\u00e1 desarrollando alternativas con un menor impacto sobre el medio ambiente.  <br><br>Esto ha hecho que aumente el uso de refrigerantes naturales, pero \u00e9stos conllevan distintos factores de riesgo. Muchos son potencialmente explosivos, t\u00f3xicos o asfixiantes, lo que supone un peligro para la vida y la salud. Una parte fundamental de la misi\u00f3n de SAMON es mantener a salvo a las personas que trabajan en estos entornos peligrosos, para que al final del d\u00eda puedan volver a casa con sus familias y amigos.  <br><br>  La mitigaci\u00f3n de las fugas de gas proporciona un beneficio material a nuestros clientes al maximizar la eficacia del sistema y el tiempo de actividad de la producci\u00f3n, evitar el deterioro de los productos refrigerados y prevenir las explosiones de gases inflamables.  <br><br>SAMON es un socio de confianza de la industria de la refrigeraci\u00f3n porque compartimos los valores de sostenibilidad y seguridad, y porque nuestras soluciones de detecci\u00f3n de gases son sencillamente fiables.<br><br><b>Alexander Larsson<\/b><i><br>Director General, SAMON<br>CEO, Safe Monitoring Group<\/i><\/p><\/div><\/div>\t\t\t\t<\/div>\n\t\t\t\t<\/div>\n\t\t\t\t<div class=\"elementor-element elementor-element-01b1fae elementor-widget elementor-widget-spacer\" data-id=\"01b1fae\" data-element_type=\"widget\" data-widget_type=\"spacer.default\">\n\t\t\t\t<div class=\"elementor-widget-container\">\n\t\t\t\t\t\t\t<div class=\"elementor-spacer\">\n\t\t\t<div class=\"elementor-spacer-inner\"><\/div>\n\t\t<\/div>\n\t\t\t\t\t\t<\/div>\n\t\t\t\t<\/div>\n\t\t\t\t\t<\/div>\n\t\t\t\t<\/div>\n\t\t\t\t\t<\/div>\n\t\t\t\t<\/div>\n\t\t<div class=\"elementor-element elementor-element-c8fb60f e-flex e-con-boxed e-con e-parent\" data-id=\"c8fb60f\" data-element_type=\"container\">\n\t\t\t\t\t<div class=\"e-con-inner\">\n\t\t\t\t<div class=\"elementor-element elementor-element-f3be07f elementor-widget__width-initial elementor-widget elementor-widget-text-editor\" data-id=\"f3be07f\" data-element_type=\"widget\" data-widget_type=\"text-editor.default\">\n\t\t\t\t<div class=\"elementor-widget-container\">\n\t\t\t\t\t\t\t\t\t<h3><strong>Parte del Grupo de Vigilancia Segura<\/strong><\/h3>\n<p>Desde 2022, SAMON se enorgullece de formar parte del Grupo Safe Monitoring, un colectivo de empresas especializadas dedicadas a la excelencia en tecnolog\u00eda de detecci\u00f3n de gases.<\/p>\n<p>Junto con nuestras empresas hermanas -International Gas Detection (IGD), Bieler+Lang, Indupro y MEMS- formamos una amplia red de experiencia que abarca todos los aspectos de la detecci\u00f3n de gases en diversos sectores y aplicaciones.<\/p>\n<p>Juntos, nos comprometemos a convertirnos en el grupo l\u00edder en el campo de la detecci\u00f3n de gases, ofreciendo soluciones de seguridad sin parang\u00f3n en todo el mundo.<\/p>\n<p><a href=\"https:\/\/safemonitoringgroup.com\/\" target=\"_blank\" rel=\"noopener\"><strong>M\u00e1s informaci\u00f3n sobre el Grupo de Vigilancia Segura<\/strong><\/a><\/p>\n\t\t\t\t\t\t\t\t<\/div>\n\t\t\t\t<\/div>\n\t\t\t\t<div class=\"elementor-element elementor-element-f0f46e9 elementor-widget elementor-widget-image\" data-id=\"f0f46e9\" data-element_type=\"widget\" data-widget_type=\"image.default\">\n\t\t\t\t<div class=\"elementor-widget-container\">\n\t\t\t\t\t\t\t\t\t\t\t\t\t\t\t<img decoding=\"async\" width=\"800\" height=\"534\" src=\"https:\/\/samon.com\/wp-content\/uploads\/2024\/08\/SMG-1024x683.png\" class=\"attachment-large size-large wp-image-10756\" alt=\"\" srcset=\"https:\/\/samon.com\/wp-content\/uploads\/2024\/08\/SMG-1024x683.png 1024w, https:\/\/samon.com\/wp-content\/uploads\/2024\/08\/SMG-300x200.png 300w, https:\/\/samon.com\/wp-content\/uploads\/2024\/08\/SMG-768x512.png 768w, https:\/\/samon.com\/wp-content\/uploads\/2024\/08\/SMG.png 1200w\" sizes=\"(max-width: 800px) 100vw, 800px\" \/>\t\t\t\t\t\t\t\t\t\t\t\t\t\t\t<\/div>\n\t\t\t\t<\/div>\n\t\t\t\t\t<\/div>\n\t\t\t\t<\/div>\n\t\t\t\t<\/div>\n\t\t","protected":false},"excerpt":{"rendered":"<p>Sobre SAMON Nuestra empresa Experto en detecci\u00f3n de gases refrigerantes SAMON se fund\u00f3 en Suecia en 1990. Durante m\u00e1s de 30 a\u00f1os, hemos trabajado continuamente para comprender las necesidades en desarrollo de la industria de la refrigeraci\u00f3n, de modo que podamos ofrecer lo que nuestros clientes necesitan. El mercado no se detiene. Desde los cambios [&hellip;]<\/p>\n","protected":false},"author":1,"featured_media":0,"parent":0,"menu_order":0,"comment_status":"closed","ping_status":"closed","template":"","meta":{"_monsterinsights_skip_tracking":false,"_monsterinsights_sitenote_active":false,"_monsterinsights_sitenote_note":"","_monsterinsights_sitenote_category":0,"footnotes":""},"class_list":["post-10904","page","type-page","status-publish","hentry"],"aioseo_notices":[],"_links":{"self":[{"href":"https:\/\/samon.com\/es\/wp-json\/wp\/v2\/pages\/10904","targetHints":{"allow":["GET"]}}],"collection":[{"href":"https:\/\/samon.com\/es\/wp-json\/wp\/v2\/pages"}],"about":[{"href":"https:\/\/samon.com\/es\/wp-json\/wp\/v2\/types\/page"}],"author":[{"embeddable":true,"href":"https:\/\/samon.com\/es\/wp-json\/wp\/v2\/users\/1"}],"replies":[{"embeddable":true,"href":"https:\/\/samon.com\/es\/wp-json\/wp\/v2\/comments?post=10904"}],"version-history":[{"count":1,"href":"https:\/\/samon.com\/es\/wp-json\/wp\/v2\/pages\/10904\/revisions"}],"predecessor-version":[{"id":10906,"href":"https:\/\/samon.com\/es\/wp-json\/wp\/v2\/pages\/10904\/revisions\/10906"}],"wp:attachment":[{"href":"https:\/\/samon.com\/es\/wp-json\/wp\/v2\/media?parent=10904"}],"curies":[{"name":"wp","href":"https:\/\/api.w.org\/{rel}","templated":true}]}}