{"id":10900,"date":"2024-04-16T11:05:58","date_gmt":"2024-04-16T09:05:58","guid":{"rendered":"https:\/\/samon.com\/empleo\/"},"modified":"2026-03-18T15:35:07","modified_gmt":"2026-03-18T14:35:07","slug":"empleo","status":"publish","type":"page","link":"https:\/\/samon.com\/es\/empleo\/","title":{"rendered":"Empleo"},"content":{"rendered":"\t\t<div data-elementor-type=\"wp-page\" data-elementor-id=\"10900\" class=\"elementor elementor-10900 elementor-372\" data-elementor-post-type=\"page\">\n\t\t\t\t<div class=\"elementor-element elementor-element-cde425f e-con-full e-flex e-con e-parent\" data-id=\"cde425f\" data-element_type=\"container\">\n\t\t\t\t<div class=\"elementor-element elementor-element-dde1ede elementor--h-position-center elementor--v-position-middle elementor-arrows-position-inside elementor-pagination-position-inside elementor-widget elementor-widget-slides\" data-id=\"dde1ede\" data-element_type=\"widget\" data-settings=\"{&quot;navigation&quot;:&quot;both&quot;,&quot;autoplay&quot;:&quot;yes&quot;,&quot;pause_on_hover&quot;:&quot;yes&quot;,&quot;pause_on_interaction&quot;:&quot;yes&quot;,&quot;autoplay_speed&quot;:5000,&quot;infinite&quot;:&quot;yes&quot;,&quot;transition&quot;:&quot;slide&quot;,&quot;transition_speed&quot;:500}\" data-widget_type=\"slides.default\">\n\t\t\t\t<div class=\"elementor-widget-container\">\n\t\t\t\t\t\t\t\t\t<div class=\"elementor-swiper\">\n\t\t\t\t\t<div class=\"elementor-slides-wrapper elementor-main-swiper swiper\" role=\"region\" aria-roledescription=\"carousel\" aria-label=\"Slides\" dir=\"ltr\" data-animation=\"fadeInUp\">\n\t\t\t\t<div class=\"swiper-wrapper elementor-slides\">\n\t\t\t\t\t\t\t\t\t\t<div class=\"elementor-repeater-item-d7295fd swiper-slide\" role=\"group\" aria-roledescription=\"slide\"><div class=\"swiper-slide-bg elementor-ken-burns elementor-ken-burns--in\" role=\"img\" aria-label=\"espacio-oficina\"><\/div><div class=\"swiper-slide-inner\" ><div class=\"swiper-slide-contents\"><div class=\"elementor-slide-heading\">Empleo<\/div><\/div><\/div><\/div>\t\t\t\t<\/div>\n\t\t\t\t\t\t\t<\/div>\n\t\t\t\t<\/div>\n\t\t\t\t\t\t\t\t<\/div>\n\t\t\t\t<\/div>\n\t\t\t\t<\/div>\n\t\t<div class=\"elementor-element elementor-element-dcb3cfa e-flex e-con-boxed e-con e-parent\" data-id=\"dcb3cfa\" data-element_type=\"container\">\n\t\t\t\t\t<div class=\"e-con-inner\">\n\t\t\t\t<div class=\"elementor-element elementor-element-10d61c6 elementor-widget elementor-widget-heading\" data-id=\"10d61c6\" data-element_type=\"widget\" data-widget_type=\"heading.default\">\n\t\t\t\t<div class=\"elementor-widget-container\">\n\t\t\t\t\t<h2 class=\"elementor-heading-title elementor-size-default\">Puestos disponibles<\/h2>\t\t\t\t<\/div>\n\t\t\t\t<\/div>\n\t\t\t\t<div class=\"elementor-element elementor-element-5e45917 elementor-widget elementor-widget-text-editor\" data-id=\"5e45917\" data-element_type=\"widget\" data-widget_type=\"text-editor.default\">\n\t\t\t\t<div class=\"elementor-widget-container\">\n\t\t\t\t\t\t\t\t\t<p>En SAMON siempre estamos buscando talento cualificado. A continuaci\u00f3n ver\u00e1s todos los puestos disponibles con nosotros.   <\/p>\t\t\t\t\t\t\t\t<\/div>\n\t\t\t\t<\/div>\n\t\t<div class=\"elementor-element elementor-element-26ec47d e-flex e-con-boxed e-con e-child\" data-id=\"26ec47d\" data-element_type=\"container\">\n\t\t\t\t\t<div class=\"e-con-inner\">\n\t\t\t\t<div class=\"elementor-element elementor-element-8ba051a elementor-widget elementor-widget-text-editor\" data-id=\"8ba051a\" data-element_type=\"widget\" data-widget_type=\"text-editor.default\">\n\t\t\t\t<div class=\"elementor-widget-container\">\n\t\t\t\t\t\t\t\t\t<p><img decoding=\"async\" class=\" wp-image-3415 alignleft\" src=\"https:\/\/samon.com\/wp-content\/uploads\/2024\/04\/Certifierad-2023-2024-SVE-jan-1-176x300.png\" alt=\"\" width=\"97\" height=\"165\" srcset=\"https:\/\/samon.com\/wp-content\/uploads\/2024\/04\/Certifierad-2023-2024-SVE-jan-1-176x300.png 176w, https:\/\/samon.com\/wp-content\/uploads\/2024\/04\/Certifierad-2023-2024-SVE-jan-1-601x1024.png 601w, https:\/\/samon.com\/wp-content\/uploads\/2024\/04\/Certifierad-2023-2024-SVE-jan-1-768x1308.png 768w, https:\/\/samon.com\/wp-content\/uploads\/2024\/04\/Certifierad-2023-2024-SVE-jan-1.png 801w\" sizes=\"(max-width: 97px) 100vw, 97px\" \/>Nos enorgullece anunciar que SAMON ha sido certificada como GRAN LUGAR PARA TRABAJAR. En 2024, conseguimos un puesto en el Top 10 de los mejores lugares para trabajar en Suecia en nuestra categor\u00eda. Adem\u00e1s, en 2024 obtuvimos el 2\u00ba puesto en la regi\u00f3n de Sk\u00e5ne.  <br><br>Nuestro compromiso con la excelencia se ve reforzado por las encuestas anuales a los empleados, que garantizan que SAMON sigue siendo un lugar de trabajo fant\u00e1stico para nuestro equipo.<\/p><p>\u00danete a nosotros y comprueba por qu\u00e9 a nuestros empleados les encanta venir a trabajar cada d\u00eda. Forma parte de una empresa donde se escucha tu voz y tus contribuciones importan de verdad. <\/p><p>Bienvenido a SAMON, donde no s\u00f3lo trabajamos, \u00a1sino que prosperamos juntos!<\/p>\t\t\t\t\t\t\t\t<\/div>\n\t\t\t\t<\/div>\n\t\t\t\t\t<\/div>\n\t\t\t\t<\/div>\n\t\t\t\t\t<\/div>\n\t\t\t\t<\/div>\n\t\t<div class=\"elementor-element elementor-element-550a023 e-flex e-con-boxed e-con e-parent\" data-id=\"550a023\" data-element_type=\"container\">\n\t\t\t\t\t<div class=\"e-con-inner\">\n\t\t\t\t<div class=\"elementor-element elementor-element-799413e elementor-widget elementor-widget-ucaddon_job_listing\" data-id=\"799413e\" data-element_type=\"widget\" data-widget_type=\"ucaddon_job_listing.default\">\n\t\t\t\t<div class=\"elementor-widget-container\">\n\t\t\t\t\t\n<!-- start Job Listing -->\n\t\t<link id='font-awesome-css' href='https:\/\/samon.com\/wp-content\/plugins\/unlimited-elements-for-elementor-premium\/assets_libraries\/font-awesome6\/fontawesome-all.min.css' type='text\/css' rel='stylesheet' >\n\t\t<link id='font-awesome-4-shim-css' href='https:\/\/samon.com\/wp-content\/plugins\/unlimited-elements-for-elementor-premium\/assets_libraries\/font-awesome6\/fontawesome-v4-shims.min.css' type='text\/css' rel='stylesheet' >\n\n<style>\/* widget: Job Listing *\/\n\n\n\n#uc_job_listing_elementor_799413e.ue_job_listing {\n    display: grid;\n    min-height:1px;\n}\n\n#uc_job_listing_elementor_799413e .ue_job_list_item {\n    display: flex;\n    justify-content: center;\n    align-items: center;\n    overflow:hidden;\n}\n#uc_job_listing_elementor_799413e .ue_job_column_left svg{\n  width:1em;\n  height:1em;\n}\n#uc_job_listing_elementor_799413e .ue_job_data{\n  display:flex;\n  flex-direction:column;\n  align-items: center;\n  width:100%;\n  height: 100%;\n}\n#uc_job_listing_elementor_799413e .ue_job_inner_data{\n  display:flex;\n  justify-content: space-between;\n  width:100%;\n}\n#uc_job_listing_elementor_799413e .ue_job_column_middle {\n    display: flex;\n    flex-direction: column;\n    flex-grow: 1;\n}\n#uc_job_listing_elementor_799413e .ue_job_title_salary_wrapper {\n    display: flex;\n    flex-direction: row;\n    width:100%;\n    gap:15px;\n}\n#uc_job_listing_elementor_799413e .ue_job_salary{\n    display: flex;\n    align-items: center;\n}\n#uc_job_listing_elementor_799413e .ue_job_info_wrapper {\n    display: flex;\n    flex-wrap: wrap;\n}\n#uc_job_listing_elementor_799413e .ue_job_info {\n    display: inline-flex;\n    align-items: center;\n    justify-content: center;\n}\n#uc_job_listing_elementor_799413e .ue_job_info .ue_jobinfo_icon{\n    display: flex;\n    align-items: center;\n    justify-content: center;\n}\n#uc_job_listing_elementor_799413e .ue_job_info svg{\n  width:1em;\n  height:1em;\n}\n#uc_job_listing_elementor_799413e .ue_job_skills_wrapper {\n    display: flex;\n    flex-direction: row;\n    flex-wrap: wrap;\n}\n\n#uc_job_listing_elementor_799413e .ue_job_skill {\n    display: inline-flex;\n\n}\n#uc_job_listing_elementor_799413e .ue_job_buttons {\n    display: flex;\n    flex-shrink: 0;\n    }\n#uc_job_listing_elementor_799413e .ue_job_btn {\n    display: flex;\n    align-items:center;\n    justify-content:center;\n    width:100%;}\n\n@media (max-width: 767px){\n  #uc_job_listing_elementor_799413e .ue_job_buttons {\n     width:100%;   }\n}\n\n@media (max-width: 1024px){\n  #uc_job_listing_elementor_799413e .ue_job_buttons {\n      }\n}\n\n\n\/* soft styles *\/\n.ue_job_skill{\n  font-size:14px;\n}\n\n<\/style>\n\n<div id=\"uc_job_listing_elementor_799413e\" class=\"ue_job_listing uc-items-wrapper  \"   dir=\"ltr\">\n  <div id=\"uc_job_listing_elementor_799413e_item1\" class=\"ue_job_list_item \">\n  \n      \n <div class=\"ue_job_data\"> \n    <div class=\"ue_job_title_salary_wrapper\">\n       <a href=\"https:\/\/samon.com\/es\/?p=17408\"  ><div class=\"ue_job_title\">Responsable de Ventas - Reino Unido<\/div><\/a>\n          <\/div>\n            \n  <div class=\"ue_job_inner_data\">\n    <div class=\"ue_job_column_middle\">\n                <div class=\"ue_job_skills_wrapper\">\n            <div class=\"ue_job_skill\">Profesional de ventas<\/div>            <div class=\"ue_job_skill\">Estrat\u00e9gico<\/div>            <div class=\"ue_job_skill\">Gesti\u00f3n de cuentas<\/div>            <div class=\"ue_job_skill\">Ventas<\/div>            <div class=\"ue_job_skill\">Flexible<\/div>        <\/div>\n                  \n        <div class=\"ue_job_info_wrapper\">\n                        <div class=\"ue_job_info ue_job_location\"><span class=\"ue_jobinfo_icon\"><i class='fas fa-map-marker-alt'><\/i><\/span>Con sede en el Reino Unido<\/div>            <div class=\"ue_job_info ue_job_type\"><span class=\"ue_jobinfo_icon\"><i class='fas fa-calendar-alt'><\/i><\/span>Jornada completa<\/div>            <div class=\"ue_job_info ue_add_info\"><span class=\"ue_jobinfo_icon\"><i class='fas fa-info'><\/i><\/span>Ventas<\/div>                    <\/div>\n                        <div class=\"ue_job_desc\">\u00bfEs usted un profesional de ventas din\u00e1mico y estrat\u00e9gico con pasi\u00f3n por construir relaciones s\u00f3lidas con los clientes e impulsar el crecimiento empresarial? \u00bfDesea representar a un l\u00edder global en la industria de detecci\u00f3n de gases refrigerantes? <\/div>            <\/div>\n                <div class=\"ue_job_buttons\">\n            <a href=\"https:\/\/samon.com\/es\/?p=17408\"  class=\"ue_job_btn ue_btn_1\">Ver detalles<\/a>            <a href=\"https:\/\/samon.com\/es\/?p=17408\"  class=\"ue_job_btn ue_btn_2\">Solicitar ahora<\/a>        <\/div>\n          <\/div>\n <\/div>\n<\/div>\n\n<\/div>\n\n  <div id=\"uc_job_listing_elementor_799413e_empty_message\" class=\"ue-no-posts-found\"  style=\"display:none\" >No se han encontrado empleos<\/div>\n\n<!-- end Job Listing -->\t\t\t\t<\/div>\n\t\t\t\t<\/div>\n\t\t\t\t\t<\/div>\n\t\t\t\t<\/div>\n\t\t<div class=\"elementor-element elementor-element-791cbf2 e-flex e-con-boxed e-con e-parent\" data-id=\"791cbf2\" data-element_type=\"container\">\n\t\t\t\t\t<div class=\"e-con-inner\">\n\t\t\t\t<div class=\"elementor-element elementor-element-f10c462 elementor-widget elementor-widget-ucaddon_job_listing\" data-id=\"f10c462\" data-element_type=\"widget\" data-widget_type=\"ucaddon_job_listing.default\">\n\t\t\t\t<div class=\"elementor-widget-container\">\n\t\t\t\t\t\n<!-- start Job Listing -->\n\n<style>\/* widget: Job Listing *\/\n\n\n\n#uc_job_listing_elementor_f10c462.ue_job_listing {\n    display: grid;\n    min-height:1px;\n}\n\n#uc_job_listing_elementor_f10c462 .ue_job_list_item {\n    display: flex;\n    justify-content: center;\n    align-items: center;\n    overflow:hidden;\n}\n#uc_job_listing_elementor_f10c462 .ue_job_column_left svg{\n  width:1em;\n  height:1em;\n}\n#uc_job_listing_elementor_f10c462 .ue_job_data{\n  display:flex;\n  flex-direction:column;\n  align-items: center;\n  width:100%;\n  height: 100%;\n}\n#uc_job_listing_elementor_f10c462 .ue_job_inner_data{\n  display:flex;\n  justify-content: space-between;\n  width:100%;\n}\n#uc_job_listing_elementor_f10c462 .ue_job_column_middle {\n    display: flex;\n    flex-direction: column;\n    flex-grow: 1;\n}\n#uc_job_listing_elementor_f10c462 .ue_job_title_salary_wrapper {\n    display: flex;\n    flex-direction: row;\n    width:100%;\n    gap:15px;\n}\n#uc_job_listing_elementor_f10c462 .ue_job_salary{\n    display: flex;\n    align-items: center;\n}\n#uc_job_listing_elementor_f10c462 .ue_job_info_wrapper {\n    display: flex;\n    flex-wrap: wrap;\n}\n#uc_job_listing_elementor_f10c462 .ue_job_info {\n    display: inline-flex;\n    align-items: center;\n    justify-content: center;\n}\n#uc_job_listing_elementor_f10c462 .ue_job_info .ue_jobinfo_icon{\n    display: flex;\n    align-items: center;\n    justify-content: center;\n}\n#uc_job_listing_elementor_f10c462 .ue_job_info svg{\n  width:1em;\n  height:1em;\n}\n#uc_job_listing_elementor_f10c462 .ue_job_skills_wrapper {\n    display: flex;\n    flex-direction: row;\n    flex-wrap: wrap;\n}\n\n#uc_job_listing_elementor_f10c462 .ue_job_skill {\n    display: inline-flex;\n\n}\n#uc_job_listing_elementor_f10c462 .ue_job_buttons {\n    display: flex;\n    flex-shrink: 0;\n    }\n#uc_job_listing_elementor_f10c462 .ue_job_btn {\n    display: flex;\n    align-items:center;\n    justify-content:center;\n    width:100%;}\n\n@media (max-width: 767px){\n  #uc_job_listing_elementor_f10c462 .ue_job_buttons {\n     width:100%;   }\n}\n\n@media (max-width: 1024px){\n  #uc_job_listing_elementor_f10c462 .ue_job_buttons {\n      }\n}\n\n\n\/* soft styles *\/\n.ue_job_skill{\n  font-size:14px;\n}\n\n<\/style>\n\n<div id=\"uc_job_listing_elementor_f10c462\" class=\"ue_job_listing uc-items-wrapper  \"   dir=\"ltr\">\n  <div id=\"uc_job_listing_elementor_f10c462_item1\" class=\"ue_job_list_item \">\n  \n      \n <div class=\"ue_job_data\"> \n    <div class=\"ue_job_title_salary_wrapper\">\n       <a href=\"https:\/\/samon.com\/es\/empleo\/solicitudes-no-solicitadas\/\"  ><div class=\"ue_job_title\">Acogemos solicitudes espont\u00e1neas<\/div><\/a>\n          <\/div>\n            \n  <div class=\"ue_job_inner_data\">\n    <div class=\"ue_job_column_middle\">\n                <div class=\"ue_job_skills_wrapper\">\n            <div class=\"ue_job_skill\">Electricista<\/div>            <div class=\"ue_job_skill\">Ingeniero<\/div>            <div class=\"ue_job_skill\">Producci\u00f3n<\/div>            <div class=\"ue_job_skill\">Ventas<\/div>            <div class=\"ue_job_skill\">Flexible<\/div>        <\/div>\n                  \n        <div class=\"ue_job_info_wrapper\">\n                        <div class=\"ue_job_info ue_job_location\"><span class=\"ue_jobinfo_icon\"><i class='fas fa-map-marker-alt'><\/i><\/span>Vellinge, Suecia<\/div>            <div class=\"ue_job_info ue_job_type\"><span class=\"ue_jobinfo_icon\"><i class='fas fa-calendar-alt'><\/i><\/span>Tiempo completo\/Tiempo parcial<\/div>            <div class=\"ue_job_info ue_add_info\"><span class=\"ue_jobinfo_icon\"><i class='fas fa-info'><\/i><\/span>Producci\u00f3n\/Oficina<\/div>                    <\/div>\n                        <div class=\"ue_job_desc\">En SAMON, siempre estamos abiertos a candidaturas espont\u00e1neas de personas con talento y pasi\u00f3n. Si te interesa formar parte de una empresa dedicada a la innovaci\u00f3n y la excelencia en el sector de la detecci\u00f3n de gases, queremos saber de ti. Env\u00edanos tu curr\u00edculum y una carta de presentaci\u00f3n detallando tu experiencia y c\u00f3mo puedes contribuir a nuestra misi\u00f3n. \u00a1\u00danete a nosotros y ayuda a dar forma al futuro de la seguridad y la sostenibilidad!   <\/div>            <\/div>\n                <div class=\"ue_job_buttons\">\n            <a href=\"https:\/\/samon.com\/es\/empleo\/solicitudes-no-solicitadas\/\"  class=\"ue_job_btn ue_btn_1\">Ver detalles<\/a>            <a href=\"https:\/\/samon.com\/es\/empleo\/solicitudes-no-solicitadas\/\"  class=\"ue_job_btn ue_btn_2\">Solicitar ahora<\/a>        <\/div>\n          <\/div>\n <\/div>\n<\/div>\n\n<\/div>\n\n  <div id=\"uc_job_listing_elementor_f10c462_empty_message\" class=\"ue-no-posts-found\"  style=\"display:none\" >No se han encontrado empleos<\/div>\n\n<!-- end Job Listing -->\t\t\t\t<\/div>\n\t\t\t\t<\/div>\n\t\t\t\t\t<\/div>\n\t\t\t\t<\/div>\n\t\t<div class=\"elementor-element elementor-element-42b78aa e-flex e-con-boxed e-con e-parent\" data-id=\"42b78aa\" data-element_type=\"container\" data-settings=\"{&quot;background_background&quot;:&quot;classic&quot;}\">\n\t\t\t\t\t<div class=\"e-con-inner\">\n\t\t\t\t<div class=\"elementor-element elementor-element-e19e483 elementor-widget elementor-widget-heading\" data-id=\"e19e483\" data-element_type=\"widget\" data-widget_type=\"heading.default\">\n\t\t\t\t<div class=\"elementor-widget-container\">\n\t\t\t\t\t<h2 class=\"elementor-heading-title elementor-size-default\">Lo que dice nuestro equipo<\/h2>\t\t\t\t<\/div>\n\t\t\t\t<\/div>\n\t\t\t\t<div class=\"elementor-element elementor-element-addc3ee elementor-widget__width-initial elementor-arrows-yes elementor-pagination-type-bullets elementor--star-style-star_fontawesome elementor-widget elementor-widget-reviews\" data-id=\"addc3ee\" data-element_type=\"widget\" data-settings=\"{&quot;space_between&quot;:{&quot;unit&quot;:&quot;px&quot;,&quot;size&quot;:0,&quot;sizes&quot;:[]},&quot;show_arrows&quot;:&quot;yes&quot;,&quot;pagination&quot;:&quot;bullets&quot;,&quot;speed&quot;:500,&quot;autoplay&quot;:&quot;yes&quot;,&quot;autoplay_speed&quot;:5000,&quot;loop&quot;:&quot;yes&quot;,&quot;pause_on_hover&quot;:&quot;yes&quot;,&quot;pause_on_interaction&quot;:&quot;yes&quot;,&quot;space_between_tablet&quot;:{&quot;unit&quot;:&quot;px&quot;,&quot;size&quot;:10,&quot;sizes&quot;:[]},&quot;space_between_mobile&quot;:{&quot;unit&quot;:&quot;px&quot;,&quot;size&quot;:10,&quot;sizes&quot;:[]}}\" data-widget_type=\"reviews.default\">\n\t\t\t\t<div class=\"elementor-widget-container\">\n\t\t\t\t\t\t\t\t\t<div class=\"elementor-swiper\">\n\t\t\t\t\t<div class=\"elementor-main-swiper swiper\" role=\"region\" aria-roledescription=\"carousel\" aria-label=\"Slides\">\n\t\t\t\t<div class=\"swiper-wrapper\">\n\t\t\t\t\t\t\t\t\t\t\t<div class=\"swiper-slide\" role=\"group\" aria-roledescription=\"slide\">\n\t\t\t\t\t\t\t\t\t<div class=\"elementor-testimonial elementor-repeater-item-77f04fa\">\n\t\t\t\t\t\t\t<div class=\"elementor-testimonial__header\">\n\t\t\t\t\t\t\t\t\t\t\t<div class=\"elementor-testimonial__image\">\n\t\t\t\t\t\t\t<img decoding=\"async\" src=\"https:\/\/samon.com\/wp-content\/uploads\/2024\/04\/FPO.png\" alt=\"Flemming Poulsen\">\n\t\t\t\t\t\t\t\t\t\t\t\t\t<\/div>\n\t\t\t\t\t\t\t\t\t\t<cite class=\"elementor-testimonial__cite\"><span class=\"elementor-testimonial__name\">Flemming Poulsen<\/span><span class=\"elementor-testimonial__title\">Marketing<\/span><\/cite>\t\t\t\t\t<div class=\"elementor-testimonial__icon elementor-icon elementor-icon-\" aria-label=\"Read More\"><\/div>\t\t\t\t<\/div>\n\t\t\t\t\t\t\t\t\t\t<div class=\"elementor-testimonial__content\">\n\t\t\t\t\t<div class=\"elementor-testimonial__text\">\n\t\t\t\t\t\t\"En SAMON, 'Equipo' se escribe con may\u00fascula: de Familia. Aqu\u00ed no se trata s\u00f3lo de trabajar; se trata de formar parte de una familia en un viaje incre\u00edble. Los retos a los que nos enfrentamos juntos, guiados por expertos en cada campo, ofrecen infinitas oportunidades de crecimiento. Est\u00e1 arraigado en nuestro ADN luchar por la excelencia cada d\u00eda. Formar parte de este viaje es realmente valorado y apreciado\".\t\t\t\t\t<\/div>\n\t\t\t\t<\/div>\n\t\t\t\t\t<\/div>\n\t\t\t\t\t\t\t\t<\/div>\n\t\t\t\t\t\t\t\t\t\t\t<div class=\"swiper-slide\" role=\"group\" aria-roledescription=\"slide\">\n\t\t\t\t\t\t\t\t\t<div class=\"elementor-testimonial elementor-repeater-item-cfe1310\">\n\t\t\t\t\t\t\t<div class=\"elementor-testimonial__header\">\n\t\t\t\t\t\t\t\t\t\t\t<div class=\"elementor-testimonial__image\">\n\t\t\t\t\t\t\t<img decoding=\"async\" src=\"https:\/\/samon.com\/wp-content\/uploads\/2024\/04\/PLI.png\" alt=\"Petra Lindel\u00f6f\">\n\t\t\t\t\t\t\t\t\t\t\t\t\t<\/div>\n\t\t\t\t\t\t\t\t\t\t<cite class=\"elementor-testimonial__cite\"><span class=\"elementor-testimonial__name\">Petra Lindel\u00f6f<\/span><span class=\"elementor-testimonial__title\">Ventas t\u00e9cnicas<\/span><\/cite>\t\t\t\t\t<div class=\"elementor-testimonial__icon elementor-icon elementor-icon-\" aria-label=\"Read More\"><\/div>\t\t\t\t<\/div>\n\t\t\t\t\t\t\t\t\t\t<div class=\"elementor-testimonial__content\">\n\t\t\t\t\t<div class=\"elementor-testimonial__text\">\n\t\t\t\t\t\t\"Trabajar en una empresa en crecimiento es un reto. Con la diversidad de personas y aptitudes disponibles, es un reto positivo en el que todos contribuimos al \u00e9xito. Me encantan mi trabajo y mis compa\u00f1eros, y es realmente un gran lugar en el que trabajar.\"\t\t\t\t\t<\/div>\n\t\t\t\t<\/div>\n\t\t\t\t\t<\/div>\n\t\t\t\t\t\t\t\t<\/div>\n\t\t\t\t\t\t\t\t\t\t\t<div class=\"swiper-slide\" role=\"group\" aria-roledescription=\"slide\">\n\t\t\t\t\t\t\t\t\t<div class=\"elementor-testimonial elementor-repeater-item-4957ff8\">\n\t\t\t\t\t\t\t<div class=\"elementor-testimonial__header\">\n\t\t\t\t\t\t\t\t\t\t\t<div class=\"elementor-testimonial__image\">\n\t\t\t\t\t\t\t<img decoding=\"async\" src=\"https:\/\/samon.com\/wp-content\/uploads\/2024\/04\/DJU.png\" alt=\"Dzenkis Junuzovic\">\n\t\t\t\t\t\t\t\t\t\t\t\t\t<\/div>\n\t\t\t\t\t\t\t\t\t\t<cite class=\"elementor-testimonial__cite\"><span class=\"elementor-testimonial__name\">Dzenkis Junuzovic<\/span><span class=\"elementor-testimonial__title\">Director de I+D<\/span><\/cite>\t\t\t\t\t<div class=\"elementor-testimonial__icon elementor-icon elementor-icon-\" aria-label=\"Read More\"><\/div>\t\t\t\t<\/div>\n\t\t\t\t\t\t\t\t\t\t<div class=\"elementor-testimonial__content\">\n\t\t\t\t\t<div class=\"elementor-testimonial__text\">\n\t\t\t\t\t\t\"La empresa cuenta con un enorme acervo de conocimientos acumulados a lo largo de los a\u00f1os por compa\u00f1eros con formaci\u00f3n y especializaciones variadas. El todo es mayor que la suma de sus partes. Los empleados sienten que contribuyen al \u00e9xito de SAMON. La empresa anima a la gente a crecer y alcanzar todo su potencial. Samon deja que la gente sea ella misma\".\t\t\t\t\t<\/div>\n\t\t\t\t<\/div>\n\t\t\t\t\t<\/div>\n\t\t\t\t\t\t\t\t<\/div>\n\t\t\t\t\t\t\t\t\t\t\t<div class=\"swiper-slide\" role=\"group\" aria-roledescription=\"slide\">\n\t\t\t\t\t\t\t\t\t<div class=\"elementor-testimonial elementor-repeater-item-3122b71\">\n\t\t\t\t\t\t\t<div class=\"elementor-testimonial__header\">\n\t\t\t\t\t\t\t\t\t\t\t<div class=\"elementor-testimonial__image\">\n\t\t\t\t\t\t\t<img decoding=\"async\" src=\"https:\/\/samon.com\/wp-content\/uploads\/2024\/04\/JSE.png\" alt=\"Johanna Sep\u00falveda\">\n\t\t\t\t\t\t\t\t\t\t\t\t\t<\/div>\n\t\t\t\t\t\t\t\t\t\t<cite class=\"elementor-testimonial__cite\"><span class=\"elementor-testimonial__name\">Johanna Sep\u00falveda<\/span><span class=\"elementor-testimonial__title\">Director de Desarrollo de Negocio - Iberia<\/span><\/cite>\t\t\t\t\t<div class=\"elementor-testimonial__icon elementor-icon elementor-icon-\" aria-label=\"Read More\"><\/div>\t\t\t\t<\/div>\n\t\t\t\t\t\t\t\t\t\t<div class=\"elementor-testimonial__content\">\n\t\t\t\t\t<div class=\"elementor-testimonial__text\">\n\t\t\t\t\t\t\"Trabajar en SAMON es sencillamente apasionante, cada d\u00eda hay nuevos retos, m\u00e1s mercados que explorar, buscamos nuevas formas de satisfacer las necesidades de productos de nuestros clientes, analizamos la normativa y la aplicamos, todo para proteger el medio ambiente y a las personas. Tambi\u00e9n tenemos un grupo de compa\u00f1eros que siempre quieren ayudar, \u00a1en Samon entendemos que todo es m\u00e1s f\u00e1cil en equipo!\"\t\t\t\t\t<\/div>\n\t\t\t\t<\/div>\n\t\t\t\t\t<\/div>\n\t\t\t\t\t\t\t\t<\/div>\n\t\t\t\t\t\t\t\t\t<\/div>\n\t\t\t\t\t\t\t\t\t\t\t\t\t\t\t<div class=\"elementor-swiper-button elementor-swiper-button-prev\" role=\"button\" tabindex=\"0\" aria-label=\"Previous\">\n\t\t\t\t\t\t\t<svg aria-hidden=\"true\" class=\"e-font-icon-svg e-eicon-chevron-left\" viewBox=\"0 0 1000 1000\" xmlns=\"http:\/\/www.w3.org\/2000\/svg\"><path d=\"M646 125C629 125 613 133 604 142L308 442C296 454 292 471 292 487 292 504 296 521 308 533L604 854C617 867 629 875 646 875 663 875 679 871 692 858 704 846 713 829 713 812 713 796 708 779 692 767L438 487 692 225C700 217 708 204 708 187 708 171 704 154 692 142 675 129 663 125 646 125Z\"><\/path><\/svg>\t\t\t\t\t\t<\/div>\n\t\t\t\t\t\t<div class=\"elementor-swiper-button elementor-swiper-button-next\" role=\"button\" tabindex=\"0\" aria-label=\"Next\">\n\t\t\t\t\t\t\t<svg aria-hidden=\"true\" class=\"e-font-icon-svg e-eicon-chevron-right\" viewBox=\"0 0 1000 1000\" xmlns=\"http:\/\/www.w3.org\/2000\/svg\"><path d=\"M696 533C708 521 713 504 713 487 713 471 708 454 696 446L400 146C388 133 375 125 354 125 338 125 325 129 313 142 300 154 292 171 292 187 292 204 296 221 308 233L563 492 304 771C292 783 288 800 288 817 288 833 296 850 308 863 321 871 338 875 354 875 371 875 388 867 400 854L696 533Z\"><\/path><\/svg>\t\t\t\t\t\t<\/div>\n\t\t\t\t\t\t\t\t\t\t\t\t\t\t\t\t<div class=\"swiper-pagination\"><\/div>\n\t\t\t\t\t\t\t\t\t\t\t\t<\/div>\n\t\t\t\t<\/div>\n\t\t\t\t\t\t\t\t<\/div>\n\t\t\t\t<\/div>\n\t\t\t\t\t<\/div>\n\t\t\t\t<\/div>\n\t\t\t\t<\/div>\n\t\t","protected":false},"excerpt":{"rendered":"<p>Puestos disponibles en SAMON. Siempre damos la bienvenida a solicitudes de empleo. <\/p>\n","protected":false},"author":1,"featured_media":0,"parent":0,"menu_order":0,"comment_status":"closed","ping_status":"closed","template":"","meta":{"_monsterinsights_skip_tracking":false,"_monsterinsights_sitenote_active":false,"_monsterinsights_sitenote_note":"","_monsterinsights_sitenote_category":0,"footnotes":""},"class_list":["post-10900","page","type-page","status-publish","hentry"],"aioseo_notices":[],"_links":{"self":[{"href":"https:\/\/samon.com\/es\/wp-json\/wp\/v2\/pages\/10900","targetHints":{"allow":["GET"]}}],"collection":[{"href":"https:\/\/samon.com\/es\/wp-json\/wp\/v2\/pages"}],"about":[{"href":"https:\/\/samon.com\/es\/wp-json\/wp\/v2\/types\/page"}],"author":[{"embeddable":true,"href":"https:\/\/samon.com\/es\/wp-json\/wp\/v2\/users\/1"}],"replies":[{"embeddable":true,"href":"https:\/\/samon.com\/es\/wp-json\/wp\/v2\/comments?post=10900"}],"version-history":[{"count":17,"href":"https:\/\/samon.com\/es\/wp-json\/wp\/v2\/pages\/10900\/revisions"}],"predecessor-version":[{"id":17421,"href":"https:\/\/samon.com\/es\/wp-json\/wp\/v2\/pages\/10900\/revisions\/17421"}],"wp:attachment":[{"href":"https:\/\/samon.com\/es\/wp-json\/wp\/v2\/media?parent=10900"}],"curies":[{"name":"wp","href":"https:\/\/api.w.org\/{rel}","templated":true}]}}