{"id":10893,"date":"2024-04-16T11:23:13","date_gmt":"2024-04-16T09:23:13","guid":{"rendered":"https:\/\/samon.com\/oficinas\/"},"modified":"2024-10-23T09:22:37","modified_gmt":"2024-10-23T07:22:37","slug":"oficinas","status":"publish","type":"page","link":"https:\/\/samon.com\/es\/oficinas\/","title":{"rendered":"Oficinas"},"content":{"rendered":"\t\t<div data-elementor-type=\"wp-page\" data-elementor-id=\"10893\" class=\"elementor elementor-10893 elementor-414\" data-elementor-post-type=\"page\">\n\t\t\t\t<div class=\"elementor-element elementor-element-1c7a871 e-con-full e-flex e-con e-parent\" data-id=\"1c7a871\" data-element_type=\"container\">\n\t\t\t\t<div class=\"elementor-element elementor-element-37664cc elementor--h-position-center elementor--v-position-middle elementor-arrows-position-inside elementor-pagination-position-inside elementor-widget elementor-widget-slides\" data-id=\"37664cc\" data-element_type=\"widget\" data-settings=\"{&quot;navigation&quot;:&quot;both&quot;,&quot;autoplay&quot;:&quot;yes&quot;,&quot;pause_on_hover&quot;:&quot;yes&quot;,&quot;pause_on_interaction&quot;:&quot;yes&quot;,&quot;autoplay_speed&quot;:5000,&quot;infinite&quot;:&quot;yes&quot;,&quot;transition&quot;:&quot;slide&quot;,&quot;transition_speed&quot;:500}\" data-widget_type=\"slides.default\">\n\t\t\t\t<div class=\"elementor-widget-container\">\n\t\t\t\t\t\t\t\t\t<div class=\"elementor-swiper\">\n\t\t\t\t\t<div class=\"elementor-slides-wrapper elementor-main-swiper swiper\" role=\"region\" aria-roledescription=\"carousel\" aria-label=\"Diapositivas\" dir=\"ltr\" data-animation=\"fadeInUp\">\n\t\t\t\t<div class=\"swiper-wrapper elementor-slides\">\n\t\t\t\t\t\t\t\t\t\t<div class=\"elementor-repeater-item-5a5a784 swiper-slide\" role=\"group\" aria-roledescription=\"slide\"><div class=\"swiper-slide-bg elementor-ken-burns elementor-ken-burns--in\" role=\"img\" aria-label=\"espacio-oficina\"><\/div><div class=\"swiper-slide-inner\" ><div class=\"swiper-slide-contents\"><div class=\"elementor-slide-heading\">Oficinas<\/div><\/div><\/div><\/div>\t\t\t\t<\/div>\n\t\t\t\t\t\t\t<\/div>\n\t\t\t\t<\/div>\n\t\t\t\t\t\t\t\t<\/div>\n\t\t\t\t<\/div>\n\t\t\t\t<\/div>\n\t\t<div class=\"elementor-element elementor-element-70b9d63 e-flex e-con-boxed e-con e-parent\" data-id=\"70b9d63\" data-element_type=\"container\">\n\t\t\t\t\t<div class=\"e-con-inner\">\n\t\t\t\t<div class=\"elementor-element elementor-element-01e8752 elementor-widget elementor-widget-heading\" data-id=\"01e8752\" data-element_type=\"widget\" data-widget_type=\"heading.default\">\n\t\t\t\t<div class=\"elementor-widget-container\">\n\t\t\t\t\t<h2 class=\"elementor-heading-title elementor-size-default\">Mejora la seguridad de las oficinas con sistemas avanzados de detecci\u00f3n de gases refrigerantes  <\/h2>\t\t\t\t<\/div>\n\t\t\t\t<\/div>\n\t\t\t\t<div class=\"elementor-element elementor-element-1631de3 elementor-widget elementor-widget-text-editor\" data-id=\"1631de3\" data-element_type=\"widget\" data-widget_type=\"text-editor.default\">\n\t\t\t\t<div class=\"elementor-widget-container\">\n\t\t\t\t\t\t\t\t\t<p>Los detectores de gas en oficinas se encuentran sobre todo cuando se utilizan sistemas VRF (flujo de refrigerante variable) con refrigerantes sint\u00e9ticos.<\/p>\n\t\t\t\t\t\t\t\t<\/div>\n\t\t\t\t<\/div>\n\t\t\t\t\t<\/div>\n\t\t\t\t<\/div>\n\t\t<div class=\"elementor-element elementor-element-4599100 e-flex e-con-boxed e-con e-parent\" data-id=\"4599100\" data-element_type=\"container\">\n\t\t\t\t\t<div class=\"e-con-inner\">\n\t\t<div class=\"elementor-element elementor-element-6eda147 e-grid e-con-boxed e-con e-child\" data-id=\"6eda147\" data-element_type=\"container\">\n\t\t\t\t\t<div class=\"e-con-inner\">\n\t\t\t\t<div class=\"elementor-element elementor-element-085fd2e elementor-widget elementor-widget-image\" data-id=\"085fd2e\" data-element_type=\"widget\" data-widget_type=\"image.default\">\n\t\t\t\t<div class=\"elementor-widget-container\">\n\t\t\t\t\t\t\t\t\t\t\t\t\t\t\t<img fetchpriority=\"high\" decoding=\"async\" width=\"800\" height=\"800\" src=\"https:\/\/samon.com\/wp-content\/uploads\/2024\/06\/office-happy-square-1024x1024.jpg\" class=\"attachment-large size-large wp-image-10636\" alt=\"\" srcset=\"https:\/\/samon.com\/wp-content\/uploads\/2024\/06\/office-happy-square-1024x1024.jpg 1024w, https:\/\/samon.com\/wp-content\/uploads\/2024\/06\/office-happy-square-300x300.jpg 300w, https:\/\/samon.com\/wp-content\/uploads\/2024\/06\/office-happy-square-150x150.jpg 150w, https:\/\/samon.com\/wp-content\/uploads\/2024\/06\/office-happy-square-768x768.jpg 768w, https:\/\/samon.com\/wp-content\/uploads\/2024\/06\/office-happy-square-1536x1536.jpg 1536w, https:\/\/samon.com\/wp-content\/uploads\/2024\/06\/office-happy-square.jpg 1920w\" sizes=\"(max-width: 800px) 100vw, 800px\" \/>\t\t\t\t\t\t\t\t\t\t\t\t\t\t\t<\/div>\n\t\t\t\t<\/div>\n\t\t<div class=\"elementor-element elementor-element-ec15cd8 e-flex e-con-boxed e-con e-child\" data-id=\"ec15cd8\" data-element_type=\"container\">\n\t\t\t\t\t<div class=\"e-con-inner\">\n\t\t\t\t<div class=\"elementor-element elementor-element-06ff7b0 elementor-widget elementor-widget-heading\" data-id=\"06ff7b0\" data-element_type=\"widget\" data-widget_type=\"heading.default\">\n\t\t\t\t<div class=\"elementor-widget-container\">\n\t\t\t\t\t<h2 class=\"elementor-heading-title elementor-size-default\">La seguridad ante todo<\/h2>\t\t\t\t<\/div>\n\t\t\t\t<\/div>\n\t\t\t\t<div class=\"elementor-element elementor-element-c08bd90 elementor-widget elementor-widget-text-editor\" data-id=\"c08bd90\" data-element_type=\"widget\" data-widget_type=\"text-editor.default\">\n\t\t\t\t<div class=\"elementor-widget-container\">\n\t\t\t\t\t\t\t\t\t<p>Las fugas de gas refrigerante pueden provocar graves riesgos para la salud, como asfixia y exposici\u00f3n a sustancias t\u00f3xicas. Nuestros vanguardistas sistemas de detecci\u00f3n de gases proporcionan una supervisi\u00f3n continua de los sistemas VRF, garantizando la r\u00e1pida detecci\u00f3n de cualquier fuga. <\/p>\n<p>La detecci\u00f3n inmediata permite actuar con rapidez para proteger la salud y el bienestar de los empleados, evitando posibles da\u00f1os y garantizando un entorno de oficina seguro.<\/p>\n\t\t\t\t\t\t\t\t<\/div>\n\t\t\t\t<\/div>\n\t\t\t\t\t<\/div>\n\t\t\t\t<\/div>\n\t\t\t\t\t<\/div>\n\t\t\t\t<\/div>\n\t\t\t\t\t<\/div>\n\t\t\t\t<\/div>\n\t\t<div class=\"elementor-element elementor-element-2e1d140 e-flex e-con-boxed e-con e-parent\" data-id=\"2e1d140\" data-element_type=\"container\">\n\t\t\t\t\t<div class=\"e-con-inner\">\n\t\t<div class=\"elementor-element elementor-element-b3b8fd5 e-grid e-con-boxed e-con e-child\" data-id=\"b3b8fd5\" data-element_type=\"container\">\n\t\t\t\t\t<div class=\"e-con-inner\">\n\t\t<div class=\"elementor-element elementor-element-33b7295 e-flex e-con-boxed e-con e-child\" data-id=\"33b7295\" data-element_type=\"container\">\n\t\t\t\t\t<div class=\"e-con-inner\">\n\t\t\t\t<div class=\"elementor-element elementor-element-6e7235d elementor-widget elementor-widget-heading\" data-id=\"6e7235d\" data-element_type=\"widget\" data-widget_type=\"heading.default\">\n\t\t\t\t<div class=\"elementor-widget-container\">\n\t\t\t\t\t<h2 class=\"elementor-heading-title elementor-size-default\">Cumplimiento de la normativa  <\/h2>\t\t\t\t<\/div>\n\t\t\t\t<\/div>\n\t\t\t\t<div class=\"elementor-element elementor-element-9584059 elementor-widget elementor-widget-text-editor\" data-id=\"9584059\" data-element_type=\"widget\" data-widget_type=\"text-editor.default\">\n\t\t\t\t<div class=\"elementor-widget-container\">\n\t\t\t\t\t\t\t\t\t<p>Cumplir los reglamentos y normas de seguridad es esencial para mantener un entorno de oficina conforme a la normativa. Marcos normativos como EN378 en Europa y ASHRAE 15 en Estados Unidos obligan a controlar los gases refrigerantes en los espacios donde se utilizan sistemas VRF. <\/p>\n<p>Nuestros sistemas de detecci\u00f3n de gases refrigerantes te ayudan a cumplir estas estrictas normas, garantizando que tu oficina cumpla toda la normativa necesaria y reduciendo los riesgos de responsabilidad civil.<\/p>\n\t\t\t\t\t\t\t\t<\/div>\n\t\t\t\t<\/div>\n\t\t\t\t\t<\/div>\n\t\t\t\t<\/div>\n\t\t\t\t<div class=\"elementor-element elementor-element-327c3f9 elementor-widget elementor-widget-image\" data-id=\"327c3f9\" data-element_type=\"widget\" data-widget_type=\"image.default\">\n\t\t\t\t<div class=\"elementor-widget-container\">\n\t\t\t\t\t\t\t\t\t\t\t\t\t\t\t<img decoding=\"async\" width=\"800\" height=\"800\" src=\"https:\/\/samon.com\/wp-content\/uploads\/2024\/06\/office-building-square-1024x1024.jpg\" class=\"attachment-large size-large wp-image-10637\" alt=\"\" srcset=\"https:\/\/samon.com\/wp-content\/uploads\/2024\/06\/office-building-square-1024x1024.jpg 1024w, https:\/\/samon.com\/wp-content\/uploads\/2024\/06\/office-building-square-300x300.jpg 300w, https:\/\/samon.com\/wp-content\/uploads\/2024\/06\/office-building-square-150x150.jpg 150w, https:\/\/samon.com\/wp-content\/uploads\/2024\/06\/office-building-square-768x768.jpg 768w, https:\/\/samon.com\/wp-content\/uploads\/2024\/06\/office-building-square-1536x1536.jpg 1536w, https:\/\/samon.com\/wp-content\/uploads\/2024\/06\/office-building-square.jpg 1920w\" sizes=\"(max-width: 800px) 100vw, 800px\" \/>\t\t\t\t\t\t\t\t\t\t\t\t\t\t\t<\/div>\n\t\t\t\t<\/div>\n\t\t\t\t\t<\/div>\n\t\t\t\t<\/div>\n\t\t\t\t\t<\/div>\n\t\t\t\t<\/div>\n\t\t<div class=\"elementor-element elementor-element-66cf72d e-flex e-con-boxed e-con e-parent\" data-id=\"66cf72d\" data-element_type=\"container\">\n\t\t\t\t\t<div class=\"e-con-inner\">\n\t\t<div class=\"elementor-element elementor-element-e81a156 e-grid e-con-boxed e-con e-child\" data-id=\"e81a156\" data-element_type=\"container\">\n\t\t\t\t\t<div class=\"e-con-inner\">\n\t\t\t\t<div class=\"elementor-element elementor-element-24d7f35 elementor-widget elementor-widget-image\" data-id=\"24d7f35\" data-element_type=\"widget\" data-widget_type=\"image.default\">\n\t\t\t\t<div class=\"elementor-widget-container\">\n\t\t\t\t\t\t\t\t\t\t\t\t\t\t\t<img decoding=\"async\" width=\"800\" height=\"800\" src=\"https:\/\/samon.com\/wp-content\/uploads\/2024\/06\/office-laptop-1024x1024.jpg\" class=\"attachment-large size-large wp-image-10638\" alt=\"\" srcset=\"https:\/\/samon.com\/wp-content\/uploads\/2024\/06\/office-laptop-1024x1024.jpg 1024w, https:\/\/samon.com\/wp-content\/uploads\/2024\/06\/office-laptop-300x300.jpg 300w, https:\/\/samon.com\/wp-content\/uploads\/2024\/06\/office-laptop-150x150.jpg 150w, https:\/\/samon.com\/wp-content\/uploads\/2024\/06\/office-laptop-768x768.jpg 768w, https:\/\/samon.com\/wp-content\/uploads\/2024\/06\/office-laptop-1536x1536.jpg 1536w, https:\/\/samon.com\/wp-content\/uploads\/2024\/06\/office-laptop.jpg 1920w\" sizes=\"(max-width: 800px) 100vw, 800px\" \/>\t\t\t\t\t\t\t\t\t\t\t\t\t\t\t<\/div>\n\t\t\t\t<\/div>\n\t\t<div class=\"elementor-element elementor-element-9a0654a e-flex e-con-boxed e-con e-child\" data-id=\"9a0654a\" data-element_type=\"container\">\n\t\t\t\t\t<div class=\"e-con-inner\">\n\t\t\t\t<div class=\"elementor-element elementor-element-f089989 elementor-widget elementor-widget-heading\" data-id=\"f089989\" data-element_type=\"widget\" data-widget_type=\"heading.default\">\n\t\t\t\t<div class=\"elementor-widget-container\">\n\t\t\t\t\t<h2 class=\"elementor-heading-title elementor-size-default\">Ventajas de la detecci\u00f3n de gases refrigerantes  <\/h2>\t\t\t\t<\/div>\n\t\t\t\t<\/div>\n\t\t\t\t<div class=\"elementor-element elementor-element-70be6c3 elementor-widget elementor-widget-text-editor\" data-id=\"70be6c3\" data-element_type=\"widget\" data-widget_type=\"text-editor.default\">\n\t\t\t\t<div class=\"elementor-widget-container\">\n\t\t\t\t\t\t\t\t\t<ul>\n<li><strong>Protecci\u00f3n de la salud:<\/strong> <br \/>Evita la exposici\u00f3n a gases refrigerantes nocivos.\n<\/li>\n<li><strong>Eficiencia operativa:<\/strong> <br \/>Mantiene el rendimiento \u00f3ptimo de los sistemas de climatizaci\u00f3n.\n<\/li>\n<li><strong>Responsabilidad medioambiental:<\/strong> <br \/>Apoya el cumplimiento de los reglamentos y normas medioambientales.\n<\/li>\n<li><strong>Ahorro de costes:<\/strong> <br \/>Reduce los costes potenciales asociados a las fugas de refrigerante y al tiempo de inactividad del sistema.\n<\/li>\n<\/ul>\n<p>Invertir en sistemas avanzados de detecci\u00f3n de gases refrigerantes es un paso proactivo para garantizar un entorno de oficina seguro, conforme a la normativa y eficiente. Protege a tus empleados y tu inversi\u00f3n con nuestras soluciones de detecci\u00f3n de \u00faltima generaci\u00f3n. Ponte en contacto con nosotros hoy mismo para obtener m\u00e1s informaci\u00f3n sobre c\u00f3mo nuestros sistemas pueden mejorar la seguridad y la conformidad de tu espacio de oficinas.  <\/p>\n\t\t\t\t\t\t\t\t<\/div>\n\t\t\t\t<\/div>\n\t\t\t\t\t<\/div>\n\t\t\t\t<\/div>\n\t\t\t\t\t<\/div>\n\t\t\t\t<\/div>\n\t\t\t\t\t<\/div>\n\t\t\t\t<\/div>\n\t\t\t\t<\/div>\n\t\t","protected":false},"excerpt":{"rendered":"<p>Oficinas Mejora la seguridad de las oficinas con sistemas avanzados de detecci\u00f3n de gases refrigerantes Los detectores de gas en oficinas se encuentran sobre todo cuando se utilizan sistemas VRF (flujo de refrigerante variable) con refrigerantes sint\u00e9ticos. La seguridad ante todo Las fugas de gas refrigerante pueden provocar graves riesgos para la salud, como asfixia [&hellip;]<\/p>\n","protected":false},"author":1,"featured_media":0,"parent":0,"menu_order":0,"comment_status":"closed","ping_status":"closed","template":"","meta":{"_monsterinsights_skip_tracking":false,"_monsterinsights_sitenote_active":false,"_monsterinsights_sitenote_note":"","_monsterinsights_sitenote_category":0,"footnotes":""},"class_list":["post-10893","page","type-page","status-publish","hentry"],"aioseo_notices":[],"_links":{"self":[{"href":"https:\/\/samon.com\/es\/wp-json\/wp\/v2\/pages\/10893","targetHints":{"allow":["GET"]}}],"collection":[{"href":"https:\/\/samon.com\/es\/wp-json\/wp\/v2\/pages"}],"about":[{"href":"https:\/\/samon.com\/es\/wp-json\/wp\/v2\/types\/page"}],"author":[{"embeddable":true,"href":"https:\/\/samon.com\/es\/wp-json\/wp\/v2\/users\/1"}],"replies":[{"embeddable":true,"href":"https:\/\/samon.com\/es\/wp-json\/wp\/v2\/comments?post=10893"}],"version-history":[{"count":1,"href":"https:\/\/samon.com\/es\/wp-json\/wp\/v2\/pages\/10893\/revisions"}],"predecessor-version":[{"id":10894,"href":"https:\/\/samon.com\/es\/wp-json\/wp\/v2\/pages\/10893\/revisions\/10894"}],"wp:attachment":[{"href":"https:\/\/samon.com\/es\/wp-json\/wp\/v2\/media?parent=10893"}],"curies":[{"name":"wp","href":"https:\/\/api.w.org\/{rel}","templated":true}]}}