{"id":10891,"date":"2024-04-16T11:23:29","date_gmt":"2024-04-16T09:23:29","guid":{"rendered":"https:\/\/samon.com\/otras-aplicaciones\/"},"modified":"2024-12-12T12:13:12","modified_gmt":"2024-12-12T11:13:12","slug":"otras-aplicaciones","status":"publish","type":"page","link":"https:\/\/samon.com\/es\/otras-aplicaciones\/","title":{"rendered":"Otras aplicaciones"},"content":{"rendered":"\t\t<div data-elementor-type=\"wp-page\" data-elementor-id=\"10891\" class=\"elementor elementor-10891 elementor-416\" data-elementor-post-type=\"page\">\n\t\t\t\t<div class=\"elementor-element elementor-element-ca32bd6 e-con-full e-flex e-con e-parent\" data-id=\"ca32bd6\" data-element_type=\"container\">\n\t\t\t\t<div class=\"elementor-element elementor-element-54e1868 elementor--h-position-center elementor--v-position-middle elementor-arrows-position-inside elementor-pagination-position-inside elementor-widget elementor-widget-slides\" data-id=\"54e1868\" data-element_type=\"widget\" data-settings=\"{&quot;navigation&quot;:&quot;both&quot;,&quot;autoplay&quot;:&quot;yes&quot;,&quot;pause_on_hover&quot;:&quot;yes&quot;,&quot;pause_on_interaction&quot;:&quot;yes&quot;,&quot;autoplay_speed&quot;:5000,&quot;infinite&quot;:&quot;yes&quot;,&quot;transition&quot;:&quot;slide&quot;,&quot;transition_speed&quot;:500}\" data-widget_type=\"slides.default\">\n\t\t\t\t<div class=\"elementor-widget-container\">\n\t\t\t\t\t\t\t\t\t<div class=\"elementor-swiper\">\n\t\t\t\t\t<div class=\"elementor-slides-wrapper elementor-main-swiper swiper\" role=\"region\" aria-roledescription=\"carousel\" aria-label=\"Diapositivas\" dir=\"ltr\" data-animation=\"fadeInUp\">\n\t\t\t\t<div class=\"swiper-wrapper elementor-slides\">\n\t\t\t\t\t\t\t\t\t\t<div class=\"elementor-repeater-item-b47d5c7 swiper-slide\" role=\"group\" aria-roledescription=\"slide\"><div class=\"swiper-slide-bg\" role=\"img\" aria-label=\"glaciarImg\"><\/div><div class=\"swiper-slide-inner\" ><div class=\"swiper-slide-contents\"><div class=\"elementor-slide-heading\">  Otras aplicaciones<\/div><\/div><\/div><\/div>\t\t\t\t<\/div>\n\t\t\t\t\t\t\t<\/div>\n\t\t\t\t<\/div>\n\t\t\t\t\t\t\t\t<\/div>\n\t\t\t\t<\/div>\n\t\t\t\t<\/div>\n\t\t<div class=\"elementor-element elementor-element-4d5e646 e-flex e-con-boxed e-con e-parent\" data-id=\"4d5e646\" data-element_type=\"container\">\n\t\t\t\t\t<div class=\"e-con-inner\">\n\t\t\t\t<div class=\"elementor-element elementor-element-06169eb elementor-widget elementor-widget-text-editor\" data-id=\"06169eb\" data-element_type=\"widget\" data-widget_type=\"text-editor.default\">\n\t\t\t\t<div class=\"elementor-widget-container\">\n\t\t\t\t\t\t\t\t\t<p>Desde 2022, <strong>SAMON<\/strong> es miembro del <strong><a href=\"https:\/\/safemonitoringgroup.com\/\" target=\"_blank\" rel=\"noopener\">Safe Monitoring Group,<\/a><\/strong> un colectivo de empresas especializadas dedicadas a la excelencia en tecnolog\u00eda de detecci\u00f3n de gases.<\/p>\n<p>Junto con nuestras empresas hermanas <strong><a href=\"https:\/\/www.internationalgasdetectors.com\/\" target=\"_blank\" rel=\"noopener\">-International Gas Detection (IGD<\/a>), <a href=\"https:\/\/bieler-lang.de\/?lang=en\" target=\"_blank\" rel=\"noopener\">Bieler+Lang<\/a>, <a href=\"https:\/\/www.indupro.se\/\" target=\"_blank\" rel=\"noopener\">Indupro<\/a> y <a href=\"https:\/\/www.mems.ch\/\" target=\"_blank\" rel=\"noopener\">MEMS-<\/a><\/strong> formamos una red completa de conocimientos especializados, que abarca todos los aspectos de la detecci\u00f3n de gases en diversos sectores y aplicaciones.<\/p>\n<p>Aunque <strong>SAMON<\/strong> sigue siendo l\u00edder en detecci\u00f3n de gases refrigerantes, comprendemos que tus necesidades pueden ir m\u00e1s all\u00e1 de nuestra oferta principal.<\/p>\n<p>Como parte del <strong>Safe Monitoring Group<\/strong>, podemos facilitar sin problemas las conexiones con nuestras empresas hermanas, garantizando que tengas acceso a las mejores soluciones para cualquier necesidad de detecci\u00f3n de gases.<\/p>\n<p>Tanto si necesitas detecci\u00f3n de gases para aplicaciones industriales, comerciales o medioambientales, nuestra fuerza colectiva garantiza que tenemos la soluci\u00f3n adecuada para tus necesidades.<\/p>\n<p>En <strong>SAMON<\/strong>, no somos s\u00f3lo tu proveedor, somos tu puerta de acceso a una red de seguridad integral. Deja que te ayudemos a conectar con los expertos del <strong>Safe Monitoring Group<\/strong> para garantizar que todas tus necesidades de detecci\u00f3n de gases se satisfacen con precisi\u00f3n y fiabilidad. <\/p>\n<p>Explora c\u00f3mo <strong>SAMON<\/strong> y <strong>Safe Monitoring Group<\/strong> pueden proteger tu entorno, mejorar tus operaciones y garantizar el cumplimiento de las normas de seguridad m\u00e1s estrictas.<\/p>\n<p>A continuaci\u00f3n, ver\u00e1s algunas de las aplicaciones que cubren nuestras empresas asociadas:<\/p>\n\t\t\t\t\t\t\t\t<\/div>\n\t\t\t\t<\/div>\n\t\t\t\t\t<\/div>\n\t\t\t\t<\/div>\n\t\t<div class=\"elementor-element elementor-element-06ac100 e-flex e-con-boxed e-con e-parent\" data-id=\"06ac100\" data-element_type=\"container\">\n\t\t\t\t\t<div class=\"e-con-inner\">\n\t\t<div class=\"elementor-element elementor-element-8207a79 e-con-full e-flex e-con e-child\" data-id=\"8207a79\" data-element_type=\"container\">\n\t\t\t\t<div class=\"elementor-element elementor-element-4bf9860 elementor-widget elementor-widget-image\" data-id=\"4bf9860\" data-element_type=\"widget\" data-widget_type=\"image.default\">\n\t\t\t\t<div class=\"elementor-widget-container\">\n\t\t\t\t\t\t\t\t\t\t\t\t\t\t\t\t<a href=\"https:\/\/www.internationalgasdetectors.com\/\" target=\"_blank\">\n\t\t\t\t\t\t\t<img fetchpriority=\"high\" decoding=\"async\" width=\"300\" height=\"200\" src=\"https:\/\/samon.com\/wp-content\/uploads\/2024\/08\/IGD.png\" class=\"attachment-large size-large wp-image-10753\" alt=\"\" \/>\t\t\t\t\t\t\t\t<\/a>\n\t\t\t\t\t\t\t\t\t\t\t\t\t\t\t<\/div>\n\t\t\t\t<\/div>\n\t\t\t\t<\/div>\n\t\t<div class=\"elementor-element elementor-element-6a2921d e-con-full e-flex e-con e-child\" data-id=\"6a2921d\" data-element_type=\"container\">\n\t\t\t\t<div class=\"elementor-element elementor-element-b590230 elementor-widget elementor-widget-image\" data-id=\"b590230\" data-element_type=\"widget\" data-widget_type=\"image.default\">\n\t\t\t\t<div class=\"elementor-widget-container\">\n\t\t\t\t\t\t\t\t\t\t\t\t\t\t\t\t<a href=\"https:\/\/bieler-lang.de\/?lang=en\" target=\"_blank\">\n\t\t\t\t\t\t\t<img decoding=\"async\" width=\"300\" height=\"200\" src=\"https:\/\/samon.com\/wp-content\/uploads\/2024\/08\/Bieler-Lang.png\" class=\"attachment-large size-large wp-image-10752\" alt=\"\" \/>\t\t\t\t\t\t\t\t<\/a>\n\t\t\t\t\t\t\t\t\t\t\t\t\t\t\t<\/div>\n\t\t\t\t<\/div>\n\t\t\t\t<\/div>\n\t\t<div class=\"elementor-element elementor-element-3d9255a e-con-full e-flex e-con e-child\" data-id=\"3d9255a\" data-element_type=\"container\">\n\t\t\t\t<div class=\"elementor-element elementor-element-33e887f elementor-widget elementor-widget-image\" data-id=\"33e887f\" data-element_type=\"widget\" data-widget_type=\"image.default\">\n\t\t\t\t<div class=\"elementor-widget-container\">\n\t\t\t\t\t\t\t\t\t\t\t\t\t\t\t\t<a href=\"https:\/\/www.indupro.se\/\" target=\"_blank\">\n\t\t\t\t\t\t\t<img decoding=\"async\" width=\"300\" height=\"200\" src=\"https:\/\/samon.com\/wp-content\/uploads\/2024\/08\/Indupro.png\" class=\"attachment-large size-large wp-image-10754\" alt=\"\" \/>\t\t\t\t\t\t\t\t<\/a>\n\t\t\t\t\t\t\t\t\t\t\t\t\t\t\t<\/div>\n\t\t\t\t<\/div>\n\t\t\t\t<\/div>\n\t\t<div class=\"elementor-element elementor-element-a50b0fe e-con-full e-flex e-con e-child\" data-id=\"a50b0fe\" data-element_type=\"container\">\n\t\t\t\t<div class=\"elementor-element elementor-element-a392f0f elementor-widget elementor-widget-image\" data-id=\"a392f0f\" data-element_type=\"widget\" data-widget_type=\"image.default\">\n\t\t\t\t<div class=\"elementor-widget-container\">\n\t\t\t\t\t\t\t\t\t\t\t\t\t\t\t\t<a href=\"https:\/\/www.mems.ch\/\" target=\"_blank\">\n\t\t\t\t\t\t\t<img loading=\"lazy\" decoding=\"async\" width=\"300\" height=\"200\" src=\"https:\/\/samon.com\/wp-content\/uploads\/2024\/08\/mems.png\" class=\"attachment-large size-large wp-image-10755\" alt=\"\" \/>\t\t\t\t\t\t\t\t<\/a>\n\t\t\t\t\t\t\t\t\t\t\t\t\t\t\t<\/div>\n\t\t\t\t<\/div>\n\t\t\t\t<\/div>\n\t\t\t\t\t<\/div>\n\t\t\t\t<\/div>\n\t\t<div class=\"elementor-element elementor-element-4c086f8 e-flex e-con-boxed e-con e-parent\" data-id=\"4c086f8\" data-element_type=\"container\">\n\t\t\t\t\t<div class=\"e-con-inner\">\n\t\t<div class=\"elementor-element elementor-element-deba65c e-con-full e-flex e-con e-child\" data-id=\"deba65c\" data-element_type=\"container\">\n\t\t\t\t<div class=\"elementor-element elementor-element-97b03df elementor-widget elementor-widget-text-editor\" data-id=\"97b03df\" data-element_type=\"widget\" data-widget_type=\"text-editor.default\">\n\t\t\t\t<div class=\"elementor-widget-container\">\n\t\t\t\t\t\t\t\t\t<p style=\"text-align: center;\"><strong>Aplicaciones:<\/strong><\/p>\n<p style=\"text-align: center;\">Aparcamientos<\/p>\n<p style=\"text-align: center;\">Hidr\u00f3geno<\/p>\n<p style=\"text-align: center;\">Laboratorios<\/p>\n<p style=\"text-align: center;\">Cuartos de calderas<\/p>\n<p style=\"text-align: center;\">Procesos industriales<\/p>\n<p style=\"text-align: center;\">Refrigeraci\u00f3n y Aire Acondicionado<\/p>\n<p style=\"text-align: center;\">Industria m\u00e9dica y farmac\u00e9utica<\/p>\n<p style=\"text-align: center;\">Industria de bebidas<\/p>\n\t\t\t\t\t\t\t\t<\/div>\n\t\t\t\t<\/div>\n\t\t\t\t<\/div>\n\t\t<div class=\"elementor-element elementor-element-b56f464 e-con-full e-flex e-con e-child\" data-id=\"b56f464\" data-element_type=\"container\">\n\t\t\t\t<div class=\"elementor-element elementor-element-ff27f14 elementor-widget elementor-widget-text-editor\" data-id=\"ff27f14\" data-element_type=\"widget\" data-widget_type=\"text-editor.default\">\n\t\t\t\t<div class=\"elementor-widget-container\">\n\t\t\t\t\t\t\t\t\t<p style=\"text-align: center;\"><strong>Aplicaciones:<\/strong><\/p>\n<p style=\"text-align: center;\">Gases explosivos e inflamables<\/p>\n<p style=\"text-align: center;\">Gases t\u00f3xicos, CO\u00b2 y Ox\u00edgeno<\/p>\n<p style=\"text-align: center;\">Control de refrigerantes<\/p>\n<p style=\"text-align: center;\">Movilidad y Aparcamiento<\/p>\n<p style=\"text-align: center;\">Biog\u00e1s<\/p>\n<p style=\"text-align: center;\">Servicios de construcci\u00f3n<\/p>\n\t\t\t\t\t\t\t\t<\/div>\n\t\t\t\t<\/div>\n\t\t\t\t<\/div>\n\t\t<div class=\"elementor-element elementor-element-3184e8b e-con-full e-flex e-con e-child\" data-id=\"3184e8b\" data-element_type=\"container\">\n\t\t\t\t<div class=\"elementor-element elementor-element-cfa4b07 elementor-widget elementor-widget-text-editor\" data-id=\"cfa4b07\" data-element_type=\"widget\" data-widget_type=\"text-editor.default\">\n\t\t\t\t<div class=\"elementor-widget-container\">\n\t\t\t\t\t\t\t\t\t<p style=\"text-align: center;\"><strong>Aplicaciones:<\/strong><\/p>\n<p style=\"text-align: center;\">Detecci\u00f3n port\u00e1til de gases<\/p>\n<p style=\"text-align: center;\">Seguridad<\/p>\n<p style=\"text-align: center;\">Alquiler<\/p>\n\t\t\t\t\t\t\t\t<\/div>\n\t\t\t\t<\/div>\n\t\t\t\t<\/div>\n\t\t<div class=\"elementor-element elementor-element-d7fa6aa e-con-full e-flex e-con e-child\" data-id=\"d7fa6aa\" data-element_type=\"container\">\n\t\t\t\t<div class=\"elementor-element elementor-element-4e8f849 elementor-widget elementor-widget-text-editor\" data-id=\"4e8f849\" data-element_type=\"widget\" data-widget_type=\"text-editor.default\">\n\t\t\t\t<div class=\"elementor-widget-container\">\n\t\t\t\t\t\t\t\t\t<p style=\"text-align: center;\"><strong>Aplicaciones:<\/strong><\/p>\n<p style=\"text-align: center;\">Tecnolog\u00eda y electr\u00f3nica de medici\u00f3n de gases<\/p>\n<p style=\"text-align: center;\">Plantas de biog\u00e1s<\/p>\n<p style=\"text-align: center;\">Redes de gas natural<\/p>\n<p style=\"text-align: center;\">Motores de gas<\/p>\n<p style=\"text-align: center;\">GNL<\/p>\n<p style=\"text-align: center;\">P2G y Metanizaci\u00f3n<\/p>\n<p style=\"text-align: center;\">Quemadores industriales<\/p>\n<p style=\"text-align: center;\">Pilas de combustible<\/p>\n<p style=\"text-align: center;\">Procesos Industriales<\/p>\n\t\t\t\t\t\t\t\t<\/div>\n\t\t\t\t<\/div>\n\t\t\t\t<\/div>\n\t\t\t\t\t<\/div>\n\t\t\t\t<\/div>\n\t\t\t\t<\/div>\n\t\t","protected":false},"excerpt":{"rendered":"<p>Otras aplicaciones Desde 2022, SAMON es miembro del Safe Monitoring Group, un colectivo de empresas especializadas dedicadas a la excelencia en tecnolog\u00eda de detecci\u00f3n de gases. Junto con nuestras empresas hermanas -International Gas Detection (IGD), Bieler+Lang, Indupro y MEMS- formamos una red completa de conocimientos especializados, que abarca todos los aspectos de la detecci\u00f3n de [&hellip;]<\/p>\n","protected":false},"author":1,"featured_media":0,"parent":0,"menu_order":0,"comment_status":"closed","ping_status":"closed","template":"","meta":{"_monsterinsights_skip_tracking":false,"_monsterinsights_sitenote_active":false,"_monsterinsights_sitenote_note":"","_monsterinsights_sitenote_category":0,"footnotes":""},"class_list":["post-10891","page","type-page","status-publish","hentry"],"aioseo_notices":[],"_links":{"self":[{"href":"https:\/\/samon.com\/es\/wp-json\/wp\/v2\/pages\/10891","targetHints":{"allow":["GET"]}}],"collection":[{"href":"https:\/\/samon.com\/es\/wp-json\/wp\/v2\/pages"}],"about":[{"href":"https:\/\/samon.com\/es\/wp-json\/wp\/v2\/types\/page"}],"author":[{"embeddable":true,"href":"https:\/\/samon.com\/es\/wp-json\/wp\/v2\/users\/1"}],"replies":[{"embeddable":true,"href":"https:\/\/samon.com\/es\/wp-json\/wp\/v2\/comments?post=10891"}],"version-history":[{"count":3,"href":"https:\/\/samon.com\/es\/wp-json\/wp\/v2\/pages\/10891\/revisions"}],"predecessor-version":[{"id":14036,"href":"https:\/\/samon.com\/es\/wp-json\/wp\/v2\/pages\/10891\/revisions\/14036"}],"wp:attachment":[{"href":"https:\/\/samon.com\/es\/wp-json\/wp\/v2\/media?parent=10891"}],"curies":[{"name":"wp","href":"https:\/\/api.w.org\/{rel}","templated":true}]}}