{"id":15491,"date":"2024-04-16T11:06:22","date_gmt":"2024-04-16T09:06:22","guid":{"rendered":"https:\/\/samon.com\/nachhaltigkeit\/"},"modified":"2025-05-28T15:51:57","modified_gmt":"2025-05-28T13:51:57","slug":"nachhaltigkeit","status":"publish","type":"page","link":"https:\/\/samon.com\/de\/nachhaltigkeit\/","title":{"rendered":"Nachhaltigkeit"},"content":{"rendered":"\t\t<div data-elementor-type=\"wp-page\" data-elementor-id=\"15491\" class=\"elementor elementor-15491 elementor-374\" data-elementor-post-type=\"page\">\n\t\t\t\t<div class=\"elementor-element elementor-element-f92c6c6 e-con-full e-flex e-con e-parent\" data-id=\"f92c6c6\" data-element_type=\"container\">\n\t\t\t\t<div class=\"elementor-element elementor-element-b030419 elementor--h-position-center elementor--v-position-middle elementor-arrows-position-inside elementor-pagination-position-inside elementor-widget elementor-widget-slides\" data-id=\"b030419\" data-element_type=\"widget\" data-settings=\"{&quot;navigation&quot;:&quot;both&quot;,&quot;autoplay&quot;:&quot;yes&quot;,&quot;pause_on_hover&quot;:&quot;yes&quot;,&quot;pause_on_interaction&quot;:&quot;yes&quot;,&quot;autoplay_speed&quot;:5000,&quot;infinite&quot;:&quot;yes&quot;,&quot;transition&quot;:&quot;slide&quot;,&quot;transition_speed&quot;:500}\" data-widget_type=\"slides.default\">\n\t\t\t\t<div class=\"elementor-widget-container\">\n\t\t\t\t\t\t\t\t\t<div class=\"elementor-swiper\">\n\t\t\t\t\t<div class=\"elementor-slides-wrapper elementor-main-swiper swiper\" role=\"region\" aria-roledescription=\"carousel\" aria-label=\"Slides\" dir=\"ltr\" data-animation=\"fadeInUp\">\n\t\t\t\t<div class=\"swiper-wrapper elementor-slides\">\n\t\t\t\t\t\t\t\t\t\t<div class=\"elementor-repeater-item-9c6129a swiper-slide\" role=\"group\" aria-roledescription=\"slide\"><div class=\"swiper-slide-bg\" role=\"img\" aria-label=\"sustainability\"><\/div><div class=\"swiper-slide-inner\" ><div class=\"swiper-slide-contents\"><div class=\"elementor-slide-heading\">Nachhaltigkeit<\/div><\/div><\/div><\/div>\t\t\t\t<\/div>\n\t\t\t\t\t\t\t<\/div>\n\t\t\t\t<\/div>\n\t\t\t\t\t\t\t\t<\/div>\n\t\t\t\t<\/div>\n\t\t\t\t<\/div>\n\t\t<div class=\"elementor-element elementor-element-8515599 e-flex e-con-boxed e-con e-parent\" data-id=\"8515599\" data-element_type=\"container\">\n\t\t\t\t\t<div class=\"e-con-inner\">\n\t\t\t\t<div class=\"elementor-element elementor-element-b300254 elementor-widget elementor-widget-spacer\" data-id=\"b300254\" data-element_type=\"widget\" data-widget_type=\"spacer.default\">\n\t\t\t\t<div class=\"elementor-widget-container\">\n\t\t\t\t\t\t\t<div class=\"elementor-spacer\">\n\t\t\t<div class=\"elementor-spacer-inner\"><\/div>\n\t\t<\/div>\n\t\t\t\t\t\t<\/div>\n\t\t\t\t<\/div>\n\t\t\t\t\t<\/div>\n\t\t\t\t<\/div>\n\t\t<div class=\"elementor-element elementor-element-2e5f17d e-flex e-con-boxed e-con e-parent\" data-id=\"2e5f17d\" data-element_type=\"container\">\n\t\t\t\t\t<div class=\"e-con-inner\">\n\t\t<div class=\"elementor-element elementor-element-1e2cc21 e-grid e-con-boxed e-con e-child\" data-id=\"1e2cc21\" data-element_type=\"container\">\n\t\t\t\t\t<div class=\"e-con-inner\">\n\t\t<div class=\"elementor-element elementor-element-acb7da4 e-flex e-con-boxed e-con e-child\" data-id=\"acb7da4\" data-element_type=\"container\">\n\t\t\t\t\t<div class=\"e-con-inner\">\n\t\t\t\t<div class=\"elementor-element elementor-element-5caf0ab elementor-widget elementor-widget-heading\" data-id=\"5caf0ab\" data-element_type=\"widget\" data-widget_type=\"heading.default\">\n\t\t\t\t<div class=\"elementor-widget-container\">\n\t\t\t\t\t<h3 class=\"elementor-heading-title elementor-size-default\">Wir k\u00fcmmern uns<\/h3>\t\t\t\t<\/div>\n\t\t\t\t<\/div>\n\t\t\t\t<div class=\"elementor-element elementor-element-139c257 elementor-widget elementor-widget-text-editor\" data-id=\"139c257\" data-element_type=\"widget\" data-widget_type=\"text-editor.default\">\n\t\t\t\t<div class=\"elementor-widget-container\">\n\t\t\t\t\t\t\t\t\t<p>Wir k\u00fcmmern uns sowohl um unsere Mitarbeiter als auch um die Gesellschaft und halten uns an Gesetze und alle anderen Vorschriften, die f\u00fcr unser Gesch\u00e4ft gelten. Dies geschieht durch aktive Initiativen in Bezug auf Qualit\u00e4t, Umweltfragen, Arbeitsumfeld und Sicherheit. Unsere Vision ist ein Unternehmen, das Gasdetektoren von Weltklasse mit Blick auf die n\u00e4chste Generation herstellt. Was unternehmen wir also in unserer t\u00e4glichen Arbeit?   <\/p>\t\t\t\t\t\t\t\t<\/div>\n\t\t\t\t<\/div>\n\t\t\t\t<div class=\"elementor-element elementor-element-b246d0c elementor-widget elementor-widget-heading\" data-id=\"b246d0c\" data-element_type=\"widget\" data-widget_type=\"heading.default\">\n\t\t\t\t<div class=\"elementor-widget-container\">\n\t\t\t\t\t<h3 class=\"elementor-heading-title elementor-size-default\">Aktive Initiativen<\/h3>\t\t\t\t<\/div>\n\t\t\t\t<\/div>\n\t\t\t\t<div class=\"elementor-element elementor-element-b86ec0a elementor-widget elementor-widget-text-editor\" data-id=\"b86ec0a\" data-element_type=\"widget\" data-widget_type=\"text-editor.default\">\n\t\t\t\t<div class=\"elementor-widget-container\">\n\t\t\t\t\t\t\t\t\t<p>Die Nachhaltigkeitspolitik durchzieht unsere gesamte Organisation und zeichnet sich in unserem t\u00e4glichen Betrieb durch soziale Nachhaltigkeit, wirtschaftliche Nachhaltigkeit und \u00f6kologische Nachhaltigkeit aus. Wir k\u00fcmmern uns sowohl um unsere Mitarbeiter als auch um die Gesellschaft und halten uns an Gesetze und alle anderen Vorschriften, die f\u00fcr unser Gesch\u00e4ft gelten. Dies geschieht durch aktive Initiativen in Bezug auf Qualit\u00e4t, Umweltfragen, Arbeitsumfeld und Sicherheit.  <\/p>\t\t\t\t\t\t\t\t<\/div>\n\t\t\t\t<\/div>\n\t\t\t\t\t<\/div>\n\t\t\t\t<\/div>\n\t\t\t\t<div class=\"elementor-element elementor-element-9c2dcd9 elementor-widget elementor-widget-image\" data-id=\"9c2dcd9\" data-element_type=\"widget\" data-widget_type=\"image.default\">\n\t\t\t\t<div class=\"elementor-widget-container\">\n\t\t\t\t\t\t\t\t\t\t\t\t\t\t\t<img fetchpriority=\"high\" decoding=\"async\" width=\"800\" height=\"534\" src=\"https:\/\/samon.com\/wp-content\/uploads\/2024\/06\/Kid-world-sustainability-1024x683.jpg\" class=\"attachment-large size-large wp-image-15495\" alt=\"\" srcset=\"https:\/\/samon.com\/wp-content\/uploads\/2024\/06\/Kid-world-sustainability-1024x683.jpg 1024w, https:\/\/samon.com\/wp-content\/uploads\/2024\/06\/Kid-world-sustainability-300x200.jpg 300w, https:\/\/samon.com\/wp-content\/uploads\/2024\/06\/Kid-world-sustainability-768x512.jpg 768w, https:\/\/samon.com\/wp-content\/uploads\/2024\/06\/Kid-world-sustainability.jpg 1200w\" sizes=\"(max-width: 800px) 100vw, 800px\" \/>\t\t\t\t\t\t\t\t\t\t\t\t\t\t\t<\/div>\n\t\t\t\t<\/div>\n\t\t\t\t\t<\/div>\n\t\t\t\t<\/div>\n\t\t\t\t\t<\/div>\n\t\t\t\t<\/div>\n\t\t<div class=\"elementor-element elementor-element-0862be9 e-flex e-con-boxed e-con e-parent\" data-id=\"0862be9\" data-element_type=\"container\">\n\t\t\t\t\t<div class=\"e-con-inner\">\n\t\t\t\t<div class=\"elementor-element elementor-element-d11ac79 elementor-widget elementor-widget-heading\" data-id=\"d11ac79\" data-element_type=\"widget\" data-widget_type=\"heading.default\">\n\t\t\t\t<div class=\"elementor-widget-container\">\n\t\t\t\t\t<h2 class=\"elementor-heading-title elementor-size-default\">SAMONs Agenda 2030-Ziele<\/h2>\t\t\t\t<\/div>\n\t\t\t\t<\/div>\n\t\t\t\t<div class=\"elementor-element elementor-element-ad1b9a4 elementor-widget elementor-widget-text-editor\" data-id=\"ad1b9a4\" data-element_type=\"widget\" data-widget_type=\"text-editor.default\">\n\t\t\t\t<div class=\"elementor-widget-container\">\n\t\t\t\t\t\t\t\t\t<p>Das Projekt der Vereinten Nationen zur Festlegung nachhaltiger Entwicklungsziele wurde ins Leben gerufen, um Unternehmen zu ermutigen, nachhaltigere Betriebsweisen in Bezug auf soziale, \u00f6kologische und wirtschaftliche Faktoren in Gesch\u00e4ftsprozessen zu w\u00e4hlen. Aktivit\u00e4ten im Zusammenhang mit Korruptionsbek\u00e4mpfung und Menschenrechten sind in den nachhaltigen Entwicklungszielen der UN enthalten. <\/p>\t\t\t\t\t\t\t\t<\/div>\n\t\t\t\t<\/div>\n\t\t\t\t<div class=\"elementor-element elementor-element-63b4230 elementor-widget elementor-widget-text-editor\" data-id=\"63b4230\" data-element_type=\"widget\" data-widget_type=\"text-editor.default\">\n\t\t\t\t<div class=\"elementor-widget-container\">\n\t\t\t\t\t\t\t\t\t<p>Die Agenda 2030 der Vereinten Nationen, die die globalen Ziele f\u00fcr nachhaltige Entwicklung (SDGs) umrei\u00dft, ist die ambitionierteste Agenda f\u00fcr nachhaltige Entwicklung, die die L\u00e4nder der Welt je unternommen haben. Sie wurde ins Leben gerufen, um bis 2030 vier wesentliche Ziele zu erreichen: <\/p>\t\t\t\t\t\t\t\t<\/div>\n\t\t\t\t<\/div>\n\t\t\t\t<div class=\"elementor-element elementor-element-e2d7343 elementor-icon-list--layout-traditional elementor-list-item-link-full_width elementor-widget elementor-widget-icon-list\" data-id=\"e2d7343\" data-element_type=\"widget\" data-widget_type=\"icon-list.default\">\n\t\t\t\t<div class=\"elementor-widget-container\">\n\t\t\t\t\t\t\t<ul class=\"elementor-icon-list-items\">\n\t\t\t\t\t\t\t<li class=\"elementor-icon-list-item\">\n\t\t\t\t\t\t\t\t\t\t\t<span class=\"elementor-icon-list-icon\">\n\t\t\t\t\t\t\t<svg aria-hidden=\"true\" class=\"e-font-icon-svg e-fas-check\" viewBox=\"0 0 512 512\" xmlns=\"http:\/\/www.w3.org\/2000\/svg\"><path d=\"M173.898 439.404l-166.4-166.4c-9.997-9.997-9.997-26.206 0-36.204l36.203-36.204c9.997-9.998 26.207-9.998 36.204 0L192 312.69 432.095 72.596c9.997-9.997 26.207-9.997 36.204 0l36.203 36.204c9.997 9.997 9.997 26.206 0 36.204l-294.4 294.401c-9.998 9.997-26.207 9.997-36.204-.001z\"><\/path><\/svg>\t\t\t\t\t\t<\/span>\n\t\t\t\t\t\t\t\t\t\t<span class=\"elementor-icon-list-text\">Beseitigung extremer Armut <\/span>\n\t\t\t\t\t\t\t\t\t<\/li>\n\t\t\t\t\t\t\t\t<li class=\"elementor-icon-list-item\">\n\t\t\t\t\t\t\t\t\t\t\t<span class=\"elementor-icon-list-icon\">\n\t\t\t\t\t\t\t<svg aria-hidden=\"true\" class=\"e-font-icon-svg e-fas-check\" viewBox=\"0 0 512 512\" xmlns=\"http:\/\/www.w3.org\/2000\/svg\"><path d=\"M173.898 439.404l-166.4-166.4c-9.997-9.997-9.997-26.206 0-36.204l36.203-36.204c9.997-9.998 26.207-9.998 36.204 0L192 312.69 432.095 72.596c9.997-9.997 26.207-9.997 36.204 0l36.203 36.204c9.997 9.997 9.997 26.206 0 36.204l-294.4 294.401c-9.998 9.997-26.207 9.997-36.204-.001z\"><\/path><\/svg>\t\t\t\t\t\t<\/span>\n\t\t\t\t\t\t\t\t\t\t<span class=\"elementor-icon-list-text\">Reduzierung von Ungleichheit und Ungerechtigkeit in der Welt <\/span>\n\t\t\t\t\t\t\t\t\t<\/li>\n\t\t\t\t\t\t\t\t<li class=\"elementor-icon-list-item\">\n\t\t\t\t\t\t\t\t\t\t\t<span class=\"elementor-icon-list-icon\">\n\t\t\t\t\t\t\t<svg aria-hidden=\"true\" class=\"e-font-icon-svg e-fas-check\" viewBox=\"0 0 512 512\" xmlns=\"http:\/\/www.w3.org\/2000\/svg\"><path d=\"M173.898 439.404l-166.4-166.4c-9.997-9.997-9.997-26.206 0-36.204l36.203-36.204c9.997-9.998 26.207-9.998 36.204 0L192 312.69 432.095 72.596c9.997-9.997 26.207-9.997 36.204 0l36.203 36.204c9.997 9.997 9.997 26.206 0 36.204l-294.4 294.401c-9.998 9.997-26.207 9.997-36.204-.001z\"><\/path><\/svg>\t\t\t\t\t\t<\/span>\n\t\t\t\t\t\t\t\t\t\t<span class=\"elementor-icon-list-text\">F\u00f6rderung von Frieden und Gerechtigkeit<\/span>\n\t\t\t\t\t\t\t\t\t<\/li>\n\t\t\t\t\t\t\t\t<li class=\"elementor-icon-list-item\">\n\t\t\t\t\t\t\t\t\t\t\t<span class=\"elementor-icon-list-icon\">\n\t\t\t\t\t\t\t<svg aria-hidden=\"true\" class=\"e-font-icon-svg e-fas-check\" viewBox=\"0 0 512 512\" xmlns=\"http:\/\/www.w3.org\/2000\/svg\"><path d=\"M173.898 439.404l-166.4-166.4c-9.997-9.997-9.997-26.206 0-36.204l36.203-36.204c9.997-9.998 26.207-9.998 36.204 0L192 312.69 432.095 72.596c9.997-9.997 26.207-9.997 36.204 0l36.203 36.204c9.997 9.997 9.997 26.206 0 36.204l-294.4 294.401c-9.998 9.997-26.207 9.997-36.204-.001z\"><\/path><\/svg>\t\t\t\t\t\t<\/span>\n\t\t\t\t\t\t\t\t\t\t<span class=\"elementor-icon-list-text\">L\u00f6sung der Klimakrise<\/span>\n\t\t\t\t\t\t\t\t\t<\/li>\n\t\t\t\t\t\t<\/ul>\n\t\t\t\t\t\t<\/div>\n\t\t\t\t<\/div>\n\t\t\t\t<div class=\"elementor-element elementor-element-45a214e elementor-widget elementor-widget-text-editor\" data-id=\"45a214e\" data-element_type=\"widget\" data-widget_type=\"text-editor.default\">\n\t\t\t\t<div class=\"elementor-widget-container\">\n\t\t\t\t\t\t\t\t\t<p>Die Ziele f\u00fcr nachhaltige Entwicklung der UN f\u00fcr 2030 sind die ambitioniertesten Ziele f\u00fcr nachhaltige Entwicklung, die die Welt je auf sich genommen hat.<\/p><p>SAMON hat beschlossen, sich zu konzentrieren auf:<\/p>\t\t\t\t\t\t\t\t<\/div>\n\t\t\t\t<\/div>\n\t\t\t\t\t<\/div>\n\t\t\t\t<\/div>\n\t\t<div class=\"elementor-element elementor-element-d3bc102 e-flex e-con-boxed e-con e-parent\" data-id=\"d3bc102\" data-element_type=\"container\">\n\t\t\t\t\t<div class=\"e-con-inner\">\n\t\t<div class=\"elementor-element elementor-element-9d2a006 e-grid e-con-boxed e-con e-child\" data-id=\"9d2a006\" data-element_type=\"container\">\n\t\t\t\t\t<div class=\"e-con-inner\">\n\t\t\t\t<div class=\"elementor-element elementor-element-ad67be9 elementor-widget__width-initial elementor-position-top elementor-widget elementor-widget-image-box\" data-id=\"ad67be9\" data-element_type=\"widget\" data-widget_type=\"image-box.default\">\n\t\t\t\t<div class=\"elementor-widget-container\">\n\t\t\t\t\t<div class=\"elementor-image-box-wrapper\"><figure class=\"elementor-image-box-img\"><img decoding=\"async\" width=\"321\" height=\"125\" src=\"https:\/\/samon.com\/wp-content\/uploads\/2024\/04\/good-health.png\" class=\"attachment-large size-large wp-image-12348\" alt=\"\" srcset=\"https:\/\/samon.com\/wp-content\/uploads\/2024\/04\/good-health.png 321w, https:\/\/samon.com\/wp-content\/uploads\/2024\/04\/good-health-300x117.png 300w\" sizes=\"(max-width: 321px) 100vw, 321px\" \/><\/figure><div class=\"elementor-image-box-content\"><p class=\"elementor-image-box-description\">Verringern Sie den Austritt von Ammoniak und seine toxische Wirkung auf das Wasser, indem Sie Gaslecks vermeiden.<\/p><\/div><\/div>\t\t\t\t<\/div>\n\t\t\t\t<\/div>\n\t\t\t\t<div class=\"elementor-element elementor-element-f39f438 elementor-widget__width-initial elementor-position-top elementor-widget elementor-widget-image-box\" data-id=\"f39f438\" data-element_type=\"widget\" data-widget_type=\"image-box.default\">\n\t\t\t\t<div class=\"elementor-widget-container\">\n\t\t\t\t\t<div class=\"elementor-image-box-wrapper\"><figure class=\"elementor-image-box-img\"><img decoding=\"async\" width=\"321\" height=\"125\" src=\"https:\/\/samon.com\/wp-content\/uploads\/2024\/04\/clean-waterImg.png\" class=\"attachment-large size-large wp-image-12350\" alt=\"\" srcset=\"https:\/\/samon.com\/wp-content\/uploads\/2024\/04\/clean-waterImg.png 321w, https:\/\/samon.com\/wp-content\/uploads\/2024\/04\/clean-waterImg-300x117.png 300w\" sizes=\"(max-width: 321px) 100vw, 321px\" \/><\/figure><div class=\"elementor-image-box-content\"><p class=\"elementor-image-box-description\">Weniger Menschen durch gef\u00e4hrliche Gaslecks gef\u00e4hrden. Schaffen Sie eine gro\u00dfartige Arbeitsumgebung f\u00fcr Ihre Mitarbeiter. <\/p><\/div><\/div>\t\t\t\t<\/div>\n\t\t\t\t<\/div>\n\t\t\t\t<div class=\"elementor-element elementor-element-dbb3e30 elementor-widget__width-initial elementor-position-top elementor-widget elementor-widget-image-box\" data-id=\"dbb3e30\" data-element_type=\"widget\" data-widget_type=\"image-box.default\">\n\t\t\t\t<div class=\"elementor-widget-container\">\n\t\t\t\t\t<div class=\"elementor-image-box-wrapper\"><figure class=\"elementor-image-box-img\"><img loading=\"lazy\" decoding=\"async\" width=\"321\" height=\"125\" src=\"https:\/\/samon.com\/wp-content\/uploads\/2024\/04\/citiesImg.png\" class=\"attachment-large size-large wp-image-12352\" alt=\"\" srcset=\"https:\/\/samon.com\/wp-content\/uploads\/2024\/04\/citiesImg.png 321w, https:\/\/samon.com\/wp-content\/uploads\/2024\/04\/citiesImg-300x117.png 300w\" sizes=\"(max-width: 321px) 100vw, 321px\" \/><\/figure><div class=\"elementor-image-box-content\"><p class=\"elementor-image-box-description\">Reduzieren Sie Auswirkungen von CO und NO2 Gaslecks dank Fr\u00fcherkennung und effizientem Management.<\/p><\/div><\/div>\t\t\t\t<\/div>\n\t\t\t\t<\/div>\n\t\t\t\t<div class=\"elementor-element elementor-element-e9df778 elementor-widget__width-initial elementor-position-top elementor-widget elementor-widget-image-box\" data-id=\"e9df778\" data-element_type=\"widget\" data-widget_type=\"image-box.default\">\n\t\t\t\t<div class=\"elementor-widget-container\">\n\t\t\t\t\t<div class=\"elementor-image-box-wrapper\"><figure class=\"elementor-image-box-img\"><img loading=\"lazy\" decoding=\"async\" width=\"321\" height=\"125\" src=\"https:\/\/samon.com\/wp-content\/uploads\/2024\/04\/climate-actionImg.png\" class=\"attachment-large size-large wp-image-12354\" alt=\"\" srcset=\"https:\/\/samon.com\/wp-content\/uploads\/2024\/04\/climate-actionImg.png 321w, https:\/\/samon.com\/wp-content\/uploads\/2024\/04\/climate-actionImg-300x117.png 300w\" sizes=\"(max-width: 321px) 100vw, 321px\" \/><\/figure><div class=\"elementor-image-box-content\"><p class=\"elementor-image-box-description\">Reduzieren Sie die CO2e-Emissionen bei Gaslecks dank Fr\u00fcherkennung und effizienten Gegenma\u00dfnahmen.<\/p><\/div><\/div>\t\t\t\t<\/div>\n\t\t\t\t<\/div>\n\t\t\t\t\t<\/div>\n\t\t\t\t<\/div>\n\t\t\t\t\t<\/div>\n\t\t\t\t<\/div>\n\t\t<div class=\"elementor-element elementor-element-8dc7b86 e-flex e-con-boxed e-con e-parent\" data-id=\"8dc7b86\" data-element_type=\"container\">\n\t\t\t\t\t<div class=\"e-con-inner\">\n\t\t\t\t<div class=\"elementor-element elementor-element-615cb4a elementor-widget elementor-widget-heading\" data-id=\"615cb4a\" data-element_type=\"widget\" data-widget_type=\"heading.default\">\n\t\t\t\t<div class=\"elementor-widget-container\">\n\t\t\t\t\t<h2 class=\"elementor-heading-title elementor-size-default\">Alder Nachhaltigkeitsbericht<\/h2>\t\t\t\t<\/div>\n\t\t\t\t<\/div>\n\t\t\t\t<div class=\"elementor-element elementor-element-f1e7323 elementor-widget elementor-widget-text-editor\" data-id=\"f1e7323\" data-element_type=\"widget\" data-widget_type=\"text-editor.default\">\n\t\t\t\t<div class=\"elementor-widget-container\">\n\t\t\t\t\t\t\t\t\t<p><span data-contrast=\"auto\"><img loading=\"lazy\" decoding=\"async\" class=\"alignright wp-image-5531 size-medium\" src=\"https:\/\/samon.com\/wp-content\/uploads\/2024\/06\/Printed-report-small-300x240.png\" alt=\"\" width=\"300\" height=\"240\" srcset=\"https:\/\/samon.com\/wp-content\/uploads\/2024\/06\/Printed-report-small-300x240.png 300w, https:\/\/samon.com\/wp-content\/uploads\/2024\/06\/Printed-report-small-1024x819.png 1024w, https:\/\/samon.com\/wp-content\/uploads\/2024\/06\/Printed-report-small-768x614.png 768w, https:\/\/samon.com\/wp-content\/uploads\/2024\/06\/Printed-report-small.png 1400w\" sizes=\"(max-width: 300px) 100vw, 300px\" \/>Gemeinsam bewirken wir etwas \u2013 wenn Sie mehr \u00fcber unsere t\u00e4gliche Arbeit und Entwicklungszahlen erfahren m\u00f6chten \u2013 <strong><a href=\"https:\/\/alder.se\/en\/hallbarhet\/\" target=\"_blank\" rel=\"noopener\">Lesen Sie mehr \u00fcber die Nachhaltigkeitspolitik von Alder<\/a><\/strong>.<\/span><\/p><p> <\/p><h5><strong>Nachhaltigkeitspolitik \u2013 Alder <\/strong><\/h5><p><span data-contrast=\"none\">Unsere Eigent\u00fcmerperspektive ist langfristig und unser moralischer Kompass ist wichtig. Wir achten darauf, Kunden, Lieferanten und Mitarbeiter respektvoll zu begegnen und einen positiven Beitrag zur lokalen Gemeinschaft zu leisten, in der wir t\u00e4tig sind. <\/span><\/p><h5><strong>Ausz\u00fcge aus der Politik: <\/strong><\/h5><p><span data-contrast=\"auto\">Wir haben Nachhaltigkeit in unser Gesch\u00e4ftsmodell und in die Strategien und Abl\u00e4ufe unserer Portfoliounternehmen integriert. Diese Politik beschreibt unseren Rahmen f\u00fcr verantwortungsvolle Investitionen, was wir von unseren Portfoliounternehmen erwarten und wie wir sie bei ihrer Nachhaltigkeitsarbeit unterst\u00fctzen werden \u2013 \u201eThe Alder Way\u201c.  <\/span><span data-contrast=\"none\">\u202f<\/span><\/p><p><span data-contrast=\"none\">Der Zweck dieser Politik ist es, Orientierung dar\u00fcber zu geben, wie Nachhaltigkeitsarbeit durchgef\u00fchrt werden sollte, wobei Nachhaltigkeit eine klare Verbindung zur Gesch\u00e4ftsentwicklung und wertsch\u00f6pfenden Prozessen innerhalb der Portfoliounternehmen haben muss.<\/span><\/p><p><span data-contrast=\"none\">Alders Nachhaltigkeitsbericht 2023 \u2013 <strong><a href=\"https:\/\/alder.se\/en\/hallbarhetsrapport-2023\/\" target=\"_blank\" rel=\"noopener\">herunterladen<\/a><\/strong><\/span><\/p>\t\t\t\t\t\t\t\t<\/div>\n\t\t\t\t<\/div>\n\t\t\t\t\t<\/div>\n\t\t\t\t<\/div>\n\t\t\t\t<\/div>\n\t\t","protected":false},"excerpt":{"rendered":"<p>Nachhaltigkeit Wir k\u00fcmmern uns Wir k\u00fcmmern uns sowohl um unsere Mitarbeiter als auch um die Gesellschaft und halten uns an Gesetze und alle anderen Vorschriften, die f\u00fcr unser Gesch\u00e4ft gelten. Dies geschieht durch aktive Initiativen in Bezug auf Qualit\u00e4t, Umweltfragen, Arbeitsumfeld und Sicherheit. Unsere Vision ist ein Unternehmen, das Gasdetektoren von Weltklasse mit Blick auf [&hellip;]<\/p>\n","protected":false},"author":1,"featured_media":0,"parent":0,"menu_order":0,"comment_status":"closed","ping_status":"closed","template":"","meta":{"_monsterinsights_skip_tracking":false,"_monsterinsights_sitenote_active":false,"_monsterinsights_sitenote_note":"","_monsterinsights_sitenote_category":0,"footnotes":""},"class_list":["post-15491","page","type-page","status-publish","hentry"],"aioseo_notices":[],"_links":{"self":[{"href":"https:\/\/samon.com\/de\/wp-json\/wp\/v2\/pages\/15491","targetHints":{"allow":["GET"]}}],"collection":[{"href":"https:\/\/samon.com\/de\/wp-json\/wp\/v2\/pages"}],"about":[{"href":"https:\/\/samon.com\/de\/wp-json\/wp\/v2\/types\/page"}],"author":[{"embeddable":true,"href":"https:\/\/samon.com\/de\/wp-json\/wp\/v2\/users\/1"}],"replies":[{"embeddable":true,"href":"https:\/\/samon.com\/de\/wp-json\/wp\/v2\/comments?post=15491"}],"version-history":[{"count":2,"href":"https:\/\/samon.com\/de\/wp-json\/wp\/v2\/pages\/15491\/revisions"}],"predecessor-version":[{"id":15497,"href":"https:\/\/samon.com\/de\/wp-json\/wp\/v2\/pages\/15491\/revisions\/15497"}],"wp:attachment":[{"href":"https:\/\/samon.com\/de\/wp-json\/wp\/v2\/media?parent=15491"}],"curies":[{"name":"wp","href":"https:\/\/api.w.org\/{rel}","templated":true}]}}