{"id":12340,"date":"2024-04-16T11:05:58","date_gmt":"2024-04-16T09:05:58","guid":{"rendered":"https:\/\/samon.com\/karriere\/"},"modified":"2026-03-18T15:35:05","modified_gmt":"2026-03-18T14:35:05","slug":"karriere","status":"publish","type":"page","link":"https:\/\/samon.com\/de\/karriere\/","title":{"rendered":"Karriere"},"content":{"rendered":"\t\t<div data-elementor-type=\"wp-page\" data-elementor-id=\"12340\" class=\"elementor elementor-12340 elementor-372\" data-elementor-post-type=\"page\">\n\t\t\t\t<div class=\"elementor-element elementor-element-cde425f e-con-full e-flex e-con e-parent\" data-id=\"cde425f\" data-element_type=\"container\" data-e-type=\"container\">\n\t\t\t\t<div class=\"elementor-element elementor-element-dde1ede elementor--h-position-center elementor--v-position-middle elementor-arrows-position-inside elementor-pagination-position-inside elementor-widget elementor-widget-slides\" data-id=\"dde1ede\" data-element_type=\"widget\" data-e-type=\"widget\" data-settings=\"{&quot;navigation&quot;:&quot;both&quot;,&quot;autoplay&quot;:&quot;yes&quot;,&quot;pause_on_hover&quot;:&quot;yes&quot;,&quot;pause_on_interaction&quot;:&quot;yes&quot;,&quot;autoplay_speed&quot;:5000,&quot;infinite&quot;:&quot;yes&quot;,&quot;transition&quot;:&quot;slide&quot;,&quot;transition_speed&quot;:500}\" data-widget_type=\"slides.default\">\n\t\t\t\t<div class=\"elementor-widget-container\">\n\t\t\t\t\t\t\t\t\t<div class=\"elementor-swiper\">\n\t\t\t\t\t<div class=\"elementor-slides-wrapper elementor-main-swiper swiper\" role=\"region\" aria-roledescription=\"carousel\" aria-label=\"Slides\" dir=\"ltr\" data-animation=\"fadeInUp\">\n\t\t\t\t<div class=\"swiper-wrapper elementor-slides\">\n\t\t\t\t\t\t\t\t\t\t<div class=\"elementor-repeater-item-d7295fd swiper-slide\" role=\"group\" aria-roledescription=\"slide\"><div class=\"swiper-slide-bg elementor-ken-burns elementor-ken-burns--in\" role=\"img\" aria-label=\"B\u00fcror\u00e4ume\"><\/div><div class=\"swiper-slide-inner\" ><div class=\"swiper-slide-contents\"><div class=\"elementor-slide-heading\">Karriere<\/div><\/div><\/div><\/div>\t\t\t\t<\/div>\n\t\t\t\t\t\t\t<\/div>\n\t\t\t\t<\/div>\n\t\t\t\t\t\t\t\t<\/div>\n\t\t\t\t<\/div>\n\t\t\t\t<\/div>\n\t\t<div class=\"elementor-element elementor-element-dcb3cfa e-flex e-con-boxed e-con e-parent\" data-id=\"dcb3cfa\" data-element_type=\"container\" data-e-type=\"container\">\n\t\t\t\t\t<div class=\"e-con-inner\">\n\t\t\t\t<div class=\"elementor-element elementor-element-10d61c6 elementor-widget elementor-widget-heading\" data-id=\"10d61c6\" data-element_type=\"widget\" data-e-type=\"widget\" data-widget_type=\"heading.default\">\n\t\t\t\t<div class=\"elementor-widget-container\">\n\t\t\t\t\t<h2 class=\"elementor-heading-title elementor-size-default\">Verf\u00fcgbare Positionen<\/h2>\t\t\t\t<\/div>\n\t\t\t\t<\/div>\n\t\t\t\t<div class=\"elementor-element elementor-element-5e45917 elementor-widget elementor-widget-text-editor\" data-id=\"5e45917\" data-element_type=\"widget\" data-e-type=\"widget\" data-widget_type=\"text-editor.default\">\n\t\t\t\t<div class=\"elementor-widget-container\">\n\t\t\t\t\t\t\t\t\t<p>Bei SAMON sind wir immer auf der Suche nach qualifizierten Talenten. Unten sehen Sie alle offenen Stellen bei uns.   <\/p>\t\t\t\t\t\t\t\t<\/div>\n\t\t\t\t<\/div>\n\t\t<div class=\"elementor-element elementor-element-26ec47d e-flex e-con-boxed e-con e-child\" data-id=\"26ec47d\" data-element_type=\"container\" data-e-type=\"container\">\n\t\t\t\t\t<div class=\"e-con-inner\">\n\t\t\t\t<div class=\"elementor-element elementor-element-8ba051a elementor-widget elementor-widget-text-editor\" data-id=\"8ba051a\" data-element_type=\"widget\" data-e-type=\"widget\" data-widget_type=\"text-editor.default\">\n\t\t\t\t<div class=\"elementor-widget-container\">\n\t\t\t\t\t\t\t\t\t<p><img decoding=\"async\" class=\" wp-image-3415 alignleft\" src=\"https:\/\/samon.com\/wp-content\/uploads\/2024\/04\/Certifierad-2023-2024-SVE-jan-1-176x300.png\" alt=\"\" width=\"97\" height=\"165\" srcset=\"https:\/\/samon.com\/wp-content\/uploads\/2024\/04\/Certifierad-2023-2024-SVE-jan-1-176x300.png 176w, https:\/\/samon.com\/wp-content\/uploads\/2024\/04\/Certifierad-2023-2024-SVE-jan-1-601x1024.png 601w, https:\/\/samon.com\/wp-content\/uploads\/2024\/04\/Certifierad-2023-2024-SVE-jan-1-768x1308.png 768w, https:\/\/samon.com\/wp-content\/uploads\/2024\/04\/Certifierad-2023-2024-SVE-jan-1.png 801w\" sizes=\"(max-width: 97px) 100vw, 97px\" \/>Wir sind stolz, Ihnen mitteilen zu k\u00f6nnen, dass SAMON als GREAT PLACE TO WORK zertifiziert wurde. Im Jahr 2024 haben wir uns in unserer Kategorie einen Platz in den Top 10 der besten Arbeitspl\u00e4tze in Schweden verdient. Dar\u00fcber hinaus wurden wir 2024 in der Region Sk\u00e5ne auf Platz 2 gew\u00e4hlt.  <br><br>Unser Engagement f\u00fcr hervorragende Leistungen wird durch j\u00e4hrliche Mitarbeiterbefragungen untermauert, die sicherstellen, dass SAMON ein fantastischer Arbeitsplatz f\u00fcr unser Team bleibt.<\/p><p>Kommen Sie zu uns und sehen Sie, warum unsere Mitarbeiter jeden Tag gerne zur Arbeit kommen. Werden Sie Teil eines Unternehmens, in dem Ihre Stimme geh\u00f6rt wird und Ihr Beitrag wirklich z\u00e4hlt. <\/p><p>Willkommen bei SAMON, wo wir nicht nur arbeiten, sondern gemeinsam erfolgreich sind!<\/p>\t\t\t\t\t\t\t\t<\/div>\n\t\t\t\t<\/div>\n\t\t\t\t\t<\/div>\n\t\t\t\t<\/div>\n\t\t\t\t\t<\/div>\n\t\t\t\t<\/div>\n\t\t<div class=\"elementor-element elementor-element-550a023 e-flex e-con-boxed e-con e-parent\" data-id=\"550a023\" data-element_type=\"container\" data-e-type=\"container\">\n\t\t\t\t\t<div class=\"e-con-inner\">\n\t\t\t\t<div class=\"elementor-element elementor-element-799413e elementor-widget elementor-widget-ucaddon_job_listing\" data-id=\"799413e\" data-element_type=\"widget\" data-e-type=\"widget\" data-widget_type=\"ucaddon_job_listing.default\">\n\t\t\t\t<div class=\"elementor-widget-container\">\n\t\t\t\t\t\n<!-- start Job Listing -->\n\t\t<link id='font-awesome-css' href='https:\/\/samon.com\/wp-content\/plugins\/unlimited-elements-for-elementor-premium\/assets_libraries\/font-awesome6\/fontawesome-all.min.css' type='text\/css' rel='stylesheet' >\n\t\t<link id='font-awesome-4-shim-css' href='https:\/\/samon.com\/wp-content\/plugins\/unlimited-elements-for-elementor-premium\/assets_libraries\/font-awesome6\/fontawesome-v4-shims.min.css' type='text\/css' rel='stylesheet' >\n\n<style>\/* widget: Job Listing *\/\n\n\n\n#uc_job_listing_elementor_799413e.ue_job_listing {\n    display: grid;\n    min-height:1px;\n}\n\n#uc_job_listing_elementor_799413e .ue_job_list_item {\n    display: flex;\n    justify-content: center;\n    align-items: center;\n    overflow:hidden;\n}\n#uc_job_listing_elementor_799413e .ue_job_column_left svg{\n  width:1em;\n  height:1em;\n}\n#uc_job_listing_elementor_799413e .ue_job_data{\n  display:flex;\n  flex-direction:column;\n  align-items: center;\n  width:100%;\n  height: 100%;\n}\n#uc_job_listing_elementor_799413e .ue_job_inner_data{\n  display:flex;\n  justify-content: space-between;\n  width:100%;\n}\n#uc_job_listing_elementor_799413e .ue_job_column_middle {\n    display: flex;\n    flex-direction: column;\n    flex-grow: 1;\n}\n#uc_job_listing_elementor_799413e .ue_job_title_salary_wrapper {\n    display: flex;\n    flex-direction: row;\n    width:100%;\n    gap:15px;\n}\n#uc_job_listing_elementor_799413e .ue_job_salary{\n    display: flex;\n    align-items: center;\n}\n#uc_job_listing_elementor_799413e .ue_job_info_wrapper {\n    display: flex;\n    flex-wrap: wrap;\n}\n#uc_job_listing_elementor_799413e .ue_job_info {\n    display: inline-flex;\n    align-items: center;\n    justify-content: center;\n}\n#uc_job_listing_elementor_799413e .ue_job_info .ue_jobinfo_icon{\n    display: flex;\n    align-items: center;\n    justify-content: center;\n}\n#uc_job_listing_elementor_799413e .ue_job_info svg{\n  width:1em;\n  height:1em;\n}\n#uc_job_listing_elementor_799413e .ue_job_skills_wrapper {\n    display: flex;\n    flex-direction: row;\n    flex-wrap: wrap;\n}\n\n#uc_job_listing_elementor_799413e .ue_job_skill {\n    display: inline-flex;\n\n}\n#uc_job_listing_elementor_799413e .ue_job_buttons {\n    display: flex;\n    flex-shrink: 0;\n    }\n#uc_job_listing_elementor_799413e .ue_job_btn {\n    display: flex;\n    align-items:center;\n    justify-content:center;\n    width:100%;}\n\n@media (max-width: 767px){\n  #uc_job_listing_elementor_799413e .ue_job_buttons {\n     width:100%;   }\n}\n\n@media (max-width: 1024px){\n  #uc_job_listing_elementor_799413e .ue_job_buttons {\n      }\n}\n\n\n\/* soft styles *\/\n.ue_job_skill{\n  font-size:14px;\n}\n\n<\/style>\n\n<div id=\"uc_job_listing_elementor_799413e\" class=\"ue_job_listing uc-items-wrapper  \"   dir=\"ltr\">\n  <div id=\"uc_job_listing_elementor_799413e_item1\" class=\"ue_job_list_item \">\n  \n      \n <div class=\"ue_job_data\"> \n    <div class=\"ue_job_title_salary_wrapper\">\n       <a href=\"https:\/\/samon.com\/jobs\/sales-manager-uk\/\"  ><div class=\"ue_job_title\">Sales Manager \u2013 UK<\/div><\/a>\n          <\/div>\n            \n  <div class=\"ue_job_inner_data\">\n    <div class=\"ue_job_column_middle\">\n                <div class=\"ue_job_skills_wrapper\">\n            <div class=\"ue_job_skill\">Vertriebsprofi<\/div>            <div class=\"ue_job_skill\">Strategisch<\/div>            <div class=\"ue_job_skill\">Key-Account-Management<\/div>            <div class=\"ue_job_skill\">Verkauf<\/div>            <div class=\"ue_job_skill\">Flexibel<\/div>        <\/div>\n                  \n        <div class=\"ue_job_info_wrapper\">\n                        <div class=\"ue_job_info ue_job_location\"><span class=\"ue_jobinfo_icon\"><i class='fas fa-map-marker-alt'><\/i><\/span>Mit Sitz in Gro\u00dfbritannien<\/div>            <div class=\"ue_job_info ue_job_type\"><span class=\"ue_jobinfo_icon\"><i class='fas fa-calendar-alt'><\/i><\/span>Vollzeit<\/div>            <div class=\"ue_job_info ue_add_info\"><span class=\"ue_jobinfo_icon\"><i class='fas fa-info'><\/i><\/span>Verkauf<\/div>                    <\/div>\n                        <div class=\"ue_job_desc\">Sind Sie eine ambitionierte und strategisch denkende Vertriebspers\u00f6nlichkeit mit Leidenschaft f\u00fcr den Aufbau starker Kundenbeziehungen und die F\u00f6rderung des Gesch\u00e4ftswachstums? M\u00f6chten Sie einen globalen Branchenf\u00fchrer im Bereich der K\u00e4ltemittel-Gasdetektion repr\u00e4sentieren? <\/div>            <\/div>\n                <div class=\"ue_job_buttons\">\n            <a href=\"https:\/\/samon.com\/jobs\/sales-manager-uk\/\"  class=\"ue_job_btn ue_btn_1\">Details anzeigen<\/a>            <a href=\"https:\/\/samon.com\/jobs\/sales-manager-uk\/\"  class=\"ue_job_btn ue_btn_2\">Jetzt bewerben<\/a>        <\/div>\n          <\/div>\n <\/div>\n<\/div>\n\n<\/div>\n\n  <div id=\"uc_job_listing_elementor_799413e_empty_message\" class=\"ue-no-posts-found\"  style=\"display:none\" >Keine Jobs gefunden<\/div>\n\n<!-- end Job Listing -->\t\t\t\t<\/div>\n\t\t\t\t<\/div>\n\t\t\t\t\t<\/div>\n\t\t\t\t<\/div>\n\t\t<div class=\"elementor-element elementor-element-791cbf2 e-flex e-con-boxed e-con e-parent\" data-id=\"791cbf2\" data-element_type=\"container\" data-e-type=\"container\">\n\t\t\t\t\t<div class=\"e-con-inner\">\n\t\t\t\t<div class=\"elementor-element elementor-element-f10c462 elementor-widget elementor-widget-ucaddon_job_listing\" data-id=\"f10c462\" data-element_type=\"widget\" data-e-type=\"widget\" data-widget_type=\"ucaddon_job_listing.default\">\n\t\t\t\t<div class=\"elementor-widget-container\">\n\t\t\t\t\t\n<!-- start Job Listing -->\n\n<style>\/* widget: Job Listing *\/\n\n\n\n#uc_job_listing_elementor_f10c462.ue_job_listing {\n    display: grid;\n    min-height:1px;\n}\n\n#uc_job_listing_elementor_f10c462 .ue_job_list_item {\n    display: flex;\n    justify-content: center;\n    align-items: center;\n    overflow:hidden;\n}\n#uc_job_listing_elementor_f10c462 .ue_job_column_left svg{\n  width:1em;\n  height:1em;\n}\n#uc_job_listing_elementor_f10c462 .ue_job_data{\n  display:flex;\n  flex-direction:column;\n  align-items: center;\n  width:100%;\n  height: 100%;\n}\n#uc_job_listing_elementor_f10c462 .ue_job_inner_data{\n  display:flex;\n  justify-content: space-between;\n  width:100%;\n}\n#uc_job_listing_elementor_f10c462 .ue_job_column_middle {\n    display: flex;\n    flex-direction: column;\n    flex-grow: 1;\n}\n#uc_job_listing_elementor_f10c462 .ue_job_title_salary_wrapper {\n    display: flex;\n    flex-direction: row;\n    width:100%;\n    gap:15px;\n}\n#uc_job_listing_elementor_f10c462 .ue_job_salary{\n    display: flex;\n    align-items: center;\n}\n#uc_job_listing_elementor_f10c462 .ue_job_info_wrapper {\n    display: flex;\n    flex-wrap: wrap;\n}\n#uc_job_listing_elementor_f10c462 .ue_job_info {\n    display: inline-flex;\n    align-items: center;\n    justify-content: center;\n}\n#uc_job_listing_elementor_f10c462 .ue_job_info .ue_jobinfo_icon{\n    display: flex;\n    align-items: center;\n    justify-content: center;\n}\n#uc_job_listing_elementor_f10c462 .ue_job_info svg{\n  width:1em;\n  height:1em;\n}\n#uc_job_listing_elementor_f10c462 .ue_job_skills_wrapper {\n    display: flex;\n    flex-direction: row;\n    flex-wrap: wrap;\n}\n\n#uc_job_listing_elementor_f10c462 .ue_job_skill {\n    display: inline-flex;\n\n}\n#uc_job_listing_elementor_f10c462 .ue_job_buttons {\n    display: flex;\n    flex-shrink: 0;\n    }\n#uc_job_listing_elementor_f10c462 .ue_job_btn {\n    display: flex;\n    align-items:center;\n    justify-content:center;\n    width:100%;}\n\n@media (max-width: 767px){\n  #uc_job_listing_elementor_f10c462 .ue_job_buttons {\n     width:100%;   }\n}\n\n@media (max-width: 1024px){\n  #uc_job_listing_elementor_f10c462 .ue_job_buttons {\n      }\n}\n\n\n\/* soft styles *\/\n.ue_job_skill{\n  font-size:14px;\n}\n\n<\/style>\n\n<div id=\"uc_job_listing_elementor_f10c462\" class=\"ue_job_listing uc-items-wrapper  \"   dir=\"ltr\">\n  <div id=\"uc_job_listing_elementor_f10c462_item1\" class=\"ue_job_list_item \">\n  \n      \n <div class=\"ue_job_data\"> \n    <div class=\"ue_job_title_salary_wrapper\">\n       <a href=\"https:\/\/samon.com\/de\/jobs-de\/unaufgeforderte-bewerbungen\/\"  ><div class=\"ue_job_title\">Wir begr\u00fc\u00dfen Initiativbewerbungen<\/div><\/a>\n          <\/div>\n            \n  <div class=\"ue_job_inner_data\">\n    <div class=\"ue_job_column_middle\">\n                <div class=\"ue_job_skills_wrapper\">\n            <div class=\"ue_job_skill\">Elektriker<\/div>            <div class=\"ue_job_skill\">Ingenieur<\/div>            <div class=\"ue_job_skill\">Produktion<\/div>            <div class=\"ue_job_skill\">Verkauf<\/div>            <div class=\"ue_job_skill\">Flexibel<\/div>        <\/div>\n                  \n        <div class=\"ue_job_info_wrapper\">\n                        <div class=\"ue_job_info ue_job_location\"><span class=\"ue_jobinfo_icon\"><i class='fas fa-map-marker-alt'><\/i><\/span>Vellinge, Schweden<\/div>            <div class=\"ue_job_info ue_job_type\"><span class=\"ue_jobinfo_icon\"><i class='fas fa-calendar-alt'><\/i><\/span>Vollzeit\/Teilzeit<\/div>            <div class=\"ue_job_info ue_add_info\"><span class=\"ue_jobinfo_icon\"><i class='fas fa-info'><\/i><\/span>Produktion\/B\u00fcro<\/div>                    <\/div>\n                        <div class=\"ue_job_desc\">Bei SAMON sind wir immer offen f\u00fcr Initiativbewerbungen von talentierten und leidenschaftlichen Menschen. Wenn Sie daran interessiert sind, Teil eines Unternehmens zu werden, das sich der Innovation und Exzellenz in der Gasdetektionsbranche verschrieben hat, m\u00f6chten wir von Ihnen h\u00f6ren. Schicken Sie uns Ihren Lebenslauf und ein Anschreiben, in dem Sie Ihre Fachkenntnisse darlegen und erl\u00e4utern, wie Sie zu unserer Mission beitragen k\u00f6nnen. Kommen Sie zu uns und gestalten Sie die Zukunft von Siche...<\/div>            <\/div>\n                <div class=\"ue_job_buttons\">\n            <a href=\"https:\/\/samon.com\/de\/jobs-de\/unaufgeforderte-bewerbungen\/\"  class=\"ue_job_btn ue_btn_1\">Details anzeigen<\/a>            <a href=\"https:\/\/samon.com\/de\/jobs-de\/unaufgeforderte-bewerbungen\/\"  class=\"ue_job_btn ue_btn_2\">Jetzt bewerben<\/a>        <\/div>\n          <\/div>\n <\/div>\n<\/div>\n\n<\/div>\n\n  <div id=\"uc_job_listing_elementor_f10c462_empty_message\" class=\"ue-no-posts-found\"  style=\"display:none\" >Keine Jobs gefunden<\/div>\n\n<!-- end Job Listing -->\t\t\t\t<\/div>\n\t\t\t\t<\/div>\n\t\t\t\t\t<\/div>\n\t\t\t\t<\/div>\n\t\t<div class=\"elementor-element elementor-element-42b78aa e-flex e-con-boxed e-con e-parent\" data-id=\"42b78aa\" data-element_type=\"container\" data-e-type=\"container\" data-settings=\"{&quot;background_background&quot;:&quot;classic&quot;}\">\n\t\t\t\t\t<div class=\"e-con-inner\">\n\t\t\t\t<div class=\"elementor-element elementor-element-e19e483 elementor-widget elementor-widget-heading\" data-id=\"e19e483\" data-element_type=\"widget\" data-e-type=\"widget\" data-widget_type=\"heading.default\">\n\t\t\t\t<div class=\"elementor-widget-container\">\n\t\t\t\t\t<h2 class=\"elementor-heading-title elementor-size-default\">Das sagt unser Team!<\/h2>\t\t\t\t<\/div>\n\t\t\t\t<\/div>\n\t\t\t\t<div class=\"elementor-element elementor-element-addc3ee elementor-widget__width-initial elementor-arrows-yes elementor-pagination-type-bullets elementor--star-style-star_fontawesome elementor-widget elementor-widget-reviews\" data-id=\"addc3ee\" data-element_type=\"widget\" data-e-type=\"widget\" data-settings=\"{&quot;space_between&quot;:{&quot;unit&quot;:&quot;px&quot;,&quot;size&quot;:0,&quot;sizes&quot;:[]},&quot;show_arrows&quot;:&quot;yes&quot;,&quot;pagination&quot;:&quot;bullets&quot;,&quot;speed&quot;:500,&quot;autoplay&quot;:&quot;yes&quot;,&quot;autoplay_speed&quot;:5000,&quot;loop&quot;:&quot;yes&quot;,&quot;pause_on_hover&quot;:&quot;yes&quot;,&quot;pause_on_interaction&quot;:&quot;yes&quot;,&quot;space_between_tablet&quot;:{&quot;unit&quot;:&quot;px&quot;,&quot;size&quot;:10,&quot;sizes&quot;:[]},&quot;space_between_mobile&quot;:{&quot;unit&quot;:&quot;px&quot;,&quot;size&quot;:10,&quot;sizes&quot;:[]}}\" data-widget_type=\"reviews.default\">\n\t\t\t\t<div class=\"elementor-widget-container\">\n\t\t\t\t\t\t\t\t\t<div class=\"elementor-swiper\">\n\t\t\t\t\t<div class=\"elementor-main-swiper swiper\" role=\"region\" aria-roledescription=\"carousel\" aria-label=\"Slides\">\n\t\t\t\t<div class=\"swiper-wrapper\">\n\t\t\t\t\t\t\t\t\t\t\t<div class=\"swiper-slide\" role=\"group\" aria-roledescription=\"slide\">\n\t\t\t\t\t\t\t\t\t<div class=\"elementor-testimonial elementor-repeater-item-77f04fa\">\n\t\t\t\t\t\t\t<div class=\"elementor-testimonial__header\">\n\t\t\t\t\t\t\t\t\t\t\t<div class=\"elementor-testimonial__image\">\n\t\t\t\t\t\t\t<img decoding=\"async\" src=\"https:\/\/samon.com\/wp-content\/uploads\/2024\/04\/FPO.png\" alt=\"Flemming Poulsen\">\n\t\t\t\t\t\t\t\t\t\t\t\t\t<\/div>\n\t\t\t\t\t\t\t\t\t\t<cite class=\"elementor-testimonial__cite\"><span class=\"elementor-testimonial__name\">Flemming Poulsen<\/span><span class=\"elementor-testimonial__title\">Marketing<\/span><\/cite>\t\t\t\t\t<div class=\"elementor-testimonial__icon elementor-icon elementor-icon-\" aria-label=\"Read More\"><\/div>\t\t\t\t<\/div>\n\t\t\t\t\t\t\t\t\t\t<div class=\"elementor-testimonial__content\">\n\t\t\t\t\t<div class=\"elementor-testimonial__text\">\n\t\t\t\t\t\t\"Bei SAMON wird 'Team' mit einem gro\u00dfen 'F' geschrieben - f\u00fcr Familie. Hier geht es um mehr als nur um Arbeit; es geht darum, Teil einer Familie zu sein, die sich auf einer unglaublichen Reise befindet. Die Herausforderungen, denen wir uns gemeinsam stellen und die von Experten auf jedem Gebiet geleitet werden, bieten endlose M\u00f6glichkeiten f\u00fcr Wachstum. Es ist in unserer DNA verankert, jeden Tag nach Spitzenleistungen zu streben. Ein Teil dieser Reise zu sein, wird wirklich gesch\u00e4tzt und gew\u00fcrdigt.\"\t\t\t\t\t<\/div>\n\t\t\t\t<\/div>\n\t\t\t\t\t<\/div>\n\t\t\t\t\t\t\t\t<\/div>\n\t\t\t\t\t\t\t\t\t\t\t<div class=\"swiper-slide\" role=\"group\" aria-roledescription=\"slide\">\n\t\t\t\t\t\t\t\t\t<div class=\"elementor-testimonial elementor-repeater-item-cfe1310\">\n\t\t\t\t\t\t\t<div class=\"elementor-testimonial__header\">\n\t\t\t\t\t\t\t\t\t\t\t<div class=\"elementor-testimonial__image\">\n\t\t\t\t\t\t\t<img decoding=\"async\" src=\"https:\/\/samon.com\/wp-content\/uploads\/2024\/04\/PLI.png\" alt=\"Petra Lindel\u00f6f\">\n\t\t\t\t\t\t\t\t\t\t\t\t\t<\/div>\n\t\t\t\t\t\t\t\t\t\t<cite class=\"elementor-testimonial__cite\"><span class=\"elementor-testimonial__name\">Petra Lindel\u00f6f<\/span><span class=\"elementor-testimonial__title\">Technischer Vertrieb<\/span><\/cite>\t\t\t\t\t<div class=\"elementor-testimonial__icon elementor-icon elementor-icon-\" aria-label=\"Read More\"><\/div>\t\t\t\t<\/div>\n\t\t\t\t\t\t\t\t\t\t<div class=\"elementor-testimonial__content\">\n\t\t\t\t\t<div class=\"elementor-testimonial__text\">\n\t\t\t\t\t\t\"Die Arbeit in einem wachsenden Unternehmen ist eine Herausforderung. Mit der Vielfalt an Menschen und F\u00e4higkeiten ist es eine positive Herausforderung, bei der wir alle zur Erfolgsgeschichte beitragen. Ich liebe meinen Job und meine Kollegen und es ist wirklich ein gro\u00dfartiger Ort zum Arbeiten.\"\t\t\t\t\t<\/div>\n\t\t\t\t<\/div>\n\t\t\t\t\t<\/div>\n\t\t\t\t\t\t\t\t<\/div>\n\t\t\t\t\t\t\t\t\t\t\t<div class=\"swiper-slide\" role=\"group\" aria-roledescription=\"slide\">\n\t\t\t\t\t\t\t\t\t<div class=\"elementor-testimonial elementor-repeater-item-4957ff8\">\n\t\t\t\t\t\t\t<div class=\"elementor-testimonial__header\">\n\t\t\t\t\t\t\t\t\t\t\t<div class=\"elementor-testimonial__image\">\n\t\t\t\t\t\t\t<img decoding=\"async\" src=\"https:\/\/samon.com\/wp-content\/uploads\/2024\/04\/DJU.png\" alt=\"Dzenkis Junuzovic\">\n\t\t\t\t\t\t\t\t\t\t\t\t\t<\/div>\n\t\t\t\t\t\t\t\t\t\t<cite class=\"elementor-testimonial__cite\"><span class=\"elementor-testimonial__name\">Dzenkis Junuzovic<\/span><span class=\"elementor-testimonial__title\">Direktor F&amp;E<\/span><\/cite>\t\t\t\t\t<div class=\"elementor-testimonial__icon elementor-icon elementor-icon-\" aria-label=\"Read More\"><\/div>\t\t\t\t<\/div>\n\t\t\t\t\t\t\t\t\t\t<div class=\"elementor-testimonial__content\">\n\t\t\t\t\t<div class=\"elementor-testimonial__text\">\n\t\t\t\t\t\t\"Das Unternehmen verf\u00fcgt \u00fcber einen riesigen Wissenspool, der im Laufe der Jahre von Kollegen mit unterschiedlichen Hintergr\u00fcnden und Spezialisierungen angesammelt wurde. Das Ganze ist gr\u00f6\u00dfer als die Summe seiner Teile. Die Mitarbeiter haben das Gef\u00fchl, zum Erfolg von SAMON beizutragen. Das Unternehmen ermutigt seine Mitarbeiter, sich zu entwickeln und ihr volles Potenzial auszusch\u00f6pfen. Samon l\u00e4sst die Menschen sie selbst sein.\"\t\t\t\t\t<\/div>\n\t\t\t\t<\/div>\n\t\t\t\t\t<\/div>\n\t\t\t\t\t\t\t\t<\/div>\n\t\t\t\t\t\t\t\t\t\t\t<div class=\"swiper-slide\" role=\"group\" aria-roledescription=\"slide\">\n\t\t\t\t\t\t\t\t\t<div class=\"elementor-testimonial elementor-repeater-item-3122b71\">\n\t\t\t\t\t\t\t<div class=\"elementor-testimonial__header\">\n\t\t\t\t\t\t\t\t\t\t\t<div class=\"elementor-testimonial__image\">\n\t\t\t\t\t\t\t<img decoding=\"async\" src=\"https:\/\/samon.com\/wp-content\/uploads\/2024\/04\/JSE.png\" alt=\"Johanna Sepulveda\">\n\t\t\t\t\t\t\t\t\t\t\t\t\t<\/div>\n\t\t\t\t\t\t\t\t\t\t<cite class=\"elementor-testimonial__cite\"><span class=\"elementor-testimonial__name\">Johanna Sepulveda<\/span><span class=\"elementor-testimonial__title\">Direktor Gesch\u00e4ftsentwicklung - Iberia<\/span><\/cite>\t\t\t\t\t<div class=\"elementor-testimonial__icon elementor-icon elementor-icon-\" aria-label=\"Read More\"><\/div>\t\t\t\t<\/div>\n\t\t\t\t\t\t\t\t\t\t<div class=\"elementor-testimonial__content\">\n\t\t\t\t\t<div class=\"elementor-testimonial__text\">\n\t\t\t\t\t\t\"Die Arbeit bei SAMON ist einfach aufregend, jeden Tag gibt es neue Herausforderungen, mehr M\u00e4rkte zu erkunden, wir suchen nach neuen Wegen, um die Produktanforderungen unserer Kunden zu erf\u00fcllen, wir analysieren die Vorschriften und wenden sie an, alles zum Schutz der Umwelt und der Menschen. Au\u00dferdem haben wir eine Gruppe von Kollegen, die uns immer helfen wollen. Bei Samon wissen wir, dass im Team alles einfacher ist!\"\t\t\t\t\t<\/div>\n\t\t\t\t<\/div>\n\t\t\t\t\t<\/div>\n\t\t\t\t\t\t\t\t<\/div>\n\t\t\t\t\t\t\t\t\t<\/div>\n\t\t\t\t\t\t\t\t\t\t\t\t\t\t\t<div class=\"elementor-swiper-button elementor-swiper-button-prev\" role=\"button\" tabindex=\"0\" aria-label=\"Previous\">\n\t\t\t\t\t\t\t<svg aria-hidden=\"true\" class=\"e-font-icon-svg e-eicon-chevron-left\" viewBox=\"0 0 1000 1000\" xmlns=\"http:\/\/www.w3.org\/2000\/svg\"><path d=\"M646 125C629 125 613 133 604 142L308 442C296 454 292 471 292 487 292 504 296 521 308 533L604 854C617 867 629 875 646 875 663 875 679 871 692 858 704 846 713 829 713 812 713 796 708 779 692 767L438 487 692 225C700 217 708 204 708 187 708 171 704 154 692 142 675 129 663 125 646 125Z\"><\/path><\/svg>\t\t\t\t\t\t<\/div>\n\t\t\t\t\t\t<div class=\"elementor-swiper-button elementor-swiper-button-next\" role=\"button\" tabindex=\"0\" aria-label=\"Next\">\n\t\t\t\t\t\t\t<svg aria-hidden=\"true\" class=\"e-font-icon-svg e-eicon-chevron-right\" viewBox=\"0 0 1000 1000\" xmlns=\"http:\/\/www.w3.org\/2000\/svg\"><path d=\"M696 533C708 521 713 504 713 487 713 471 708 454 696 446L400 146C388 133 375 125 354 125 338 125 325 129 313 142 300 154 292 171 292 187 292 204 296 221 308 233L563 492 304 771C292 783 288 800 288 817 288 833 296 850 308 863 321 871 338 875 354 875 371 875 388 867 400 854L696 533Z\"><\/path><\/svg>\t\t\t\t\t\t<\/div>\n\t\t\t\t\t\t\t\t\t\t\t\t\t\t\t\t<div class=\"swiper-pagination\"><\/div>\n\t\t\t\t\t\t\t\t\t\t\t\t<\/div>\n\t\t\t\t<\/div>\n\t\t\t\t\t\t\t\t<\/div>\n\t\t\t\t<\/div>\n\t\t\t\t\t<\/div>\n\t\t\t\t<\/div>\n\t\t\t\t<\/div>\n\t\t","protected":false},"excerpt":{"rendered":"<p>Verf\u00fcgbare Positionen bei SAMON. Wir begr\u00fc\u00dfen jederzeit Bewerbungen. <\/p>\n","protected":false},"author":1,"featured_media":0,"parent":0,"menu_order":0,"comment_status":"closed","ping_status":"closed","template":"","meta":{"_monsterinsights_skip_tracking":false,"_monsterinsights_sitenote_active":false,"_monsterinsights_sitenote_note":"","_monsterinsights_sitenote_category":0,"footnotes":""},"class_list":["post-12340","page","type-page","status-publish","hentry"],"aioseo_notices":[],"_links":{"self":[{"href":"https:\/\/samon.com\/de\/wp-json\/wp\/v2\/pages\/12340","targetHints":{"allow":["GET"]}}],"collection":[{"href":"https:\/\/samon.com\/de\/wp-json\/wp\/v2\/pages"}],"about":[{"href":"https:\/\/samon.com\/de\/wp-json\/wp\/v2\/types\/page"}],"author":[{"embeddable":true,"href":"https:\/\/samon.com\/de\/wp-json\/wp\/v2\/users\/1"}],"replies":[{"embeddable":true,"href":"https:\/\/samon.com\/de\/wp-json\/wp\/v2\/comments?post=12340"}],"version-history":[{"count":17,"href":"https:\/\/samon.com\/de\/wp-json\/wp\/v2\/pages\/12340\/revisions"}],"predecessor-version":[{"id":17416,"href":"https:\/\/samon.com\/de\/wp-json\/wp\/v2\/pages\/12340\/revisions\/17416"}],"wp:attachment":[{"href":"https:\/\/samon.com\/de\/wp-json\/wp\/v2\/media?parent=12340"}],"curies":[{"name":"wp","href":"https:\/\/api.w.org\/{rel}","templated":true}]}}