{"id":12293,"date":"2024-04-16T11:23:29","date_gmt":"2024-04-16T09:23:29","guid":{"rendered":"https:\/\/samon.com\/andere-anwendungen\/"},"modified":"2024-10-23T15:03:24","modified_gmt":"2024-10-23T13:03:24","slug":"andere-anwendungen","status":"publish","type":"page","link":"https:\/\/samon.com\/de\/andere-anwendungen\/","title":{"rendered":"Andere Anwendungen"},"content":{"rendered":"\t\t<div data-elementor-type=\"wp-page\" data-elementor-id=\"12293\" class=\"elementor elementor-12293 elementor-416\" data-elementor-post-type=\"page\">\n\t\t\t\t<div class=\"elementor-element elementor-element-ca32bd6 e-con-full e-flex e-con e-parent\" data-id=\"ca32bd6\" data-element_type=\"container\">\n\t\t\t\t<div class=\"elementor-element elementor-element-54e1868 elementor--h-position-center elementor--v-position-middle elementor-arrows-position-inside elementor-pagination-position-inside elementor-widget elementor-widget-slides\" data-id=\"54e1868\" data-element_type=\"widget\" data-settings=\"{&quot;navigation&quot;:&quot;both&quot;,&quot;autoplay&quot;:&quot;yes&quot;,&quot;pause_on_hover&quot;:&quot;yes&quot;,&quot;pause_on_interaction&quot;:&quot;yes&quot;,&quot;autoplay_speed&quot;:5000,&quot;infinite&quot;:&quot;yes&quot;,&quot;transition&quot;:&quot;slide&quot;,&quot;transition_speed&quot;:500}\" data-widget_type=\"slides.default\">\n\t\t\t\t<div class=\"elementor-widget-container\">\n\t\t\t\t\t\t\t\t\t<div class=\"elementor-swiper\">\n\t\t\t\t\t<div class=\"elementor-slides-wrapper elementor-main-swiper swiper\" role=\"region\" aria-roledescription=\"carousel\" aria-label=\"Slider\" dir=\"ltr\" data-animation=\"fadeInUp\">\n\t\t\t\t<div class=\"swiper-wrapper elementor-slides\">\n\t\t\t\t\t\t\t\t\t\t<div class=\"elementor-repeater-item-b47d5c7 swiper-slide\" role=\"group\" aria-roledescription=\"slide\"><div class=\"swiper-slide-bg\" role=\"img\" aria-label=\"glaciarImg\"><\/div><div class=\"swiper-slide-inner\" ><div class=\"swiper-slide-contents\"><div class=\"elementor-slide-heading\">  Andere Anwendungen<\/div><\/div><\/div><\/div>\t\t\t\t<\/div>\n\t\t\t\t\t\t\t<\/div>\n\t\t\t\t<\/div>\n\t\t\t\t\t\t\t\t<\/div>\n\t\t\t\t<\/div>\n\t\t\t\t<\/div>\n\t\t<div class=\"elementor-element elementor-element-4d5e646 e-flex e-con-boxed e-con e-parent\" data-id=\"4d5e646\" data-element_type=\"container\">\n\t\t\t\t\t<div class=\"e-con-inner\">\n\t\t\t\t<div class=\"elementor-element elementor-element-06169eb elementor-widget elementor-widget-text-editor\" data-id=\"06169eb\" data-element_type=\"widget\" data-widget_type=\"text-editor.default\">\n\t\t\t\t<div class=\"elementor-widget-container\">\n\t\t\t\t\t\t\t\t\t<p>Seit 2022 ist <strong>SAMON<\/strong> Mitglied der <a href=\"https:\/\/safemonitoringgroup.com\/\" target=\"_blank\" rel=\"noopener\"><strong>Safe Monitoring Gruppe<\/strong><\/a>einem Zusammenschluss von spezialisierten Unternehmen, die sich der herausragenden Technologie zur Gasdetektion verschrieben haben.<\/p>\n<p>Zusammen mit unseren Schwesterunternehmen &#8211; <strong><a href=\"https:\/\/www.internationalgasdetectors.com\/\" target=\"_blank\" rel=\"noopener\">International Gas Detection (IGD)<\/a>, <a href=\"https:\/\/bieler-lang.de\/?lang=en\" target=\"_blank\" rel=\"noopener\">Bieler+Lang<\/a>, <a href=\"https:\/\/www.indupro.se\/\" target=\"_blank\" rel=\"noopener\">Indupro<\/a> und <a href=\"https:\/\/www.mems.ch\/\" target=\"_blank\" rel=\"noopener\">MEMS<\/a><\/strong> &#8211; bilden wir ein umfassendes Netzwerk von Fachwissen, das alle Aspekte der Gasdetektion in verschiedenen Branchen und Anwendungen abdeckt.<\/p>\n<p><strong>SAMON<\/strong> ist zwar nach wie vor f\u00fchrend auf dem Gebiet der K\u00e4ltemittelgasdetektion, aber wir wissen, dass Ihre Bed\u00fcrfnisse \u00fcber unser Kernangebot hinausgehen k\u00f6nnen.<\/p>\n<p>Als Teil der <strong>Safe Monitoring Group<\/strong> k\u00f6nnen wir nahtlos Verbindungen zu unseren Schwesterunternehmen herstellen und so sicherstellen, dass Sie Zugang zu den besten L\u00f6sungen f\u00fcr alle Gasdetektionsanforderungen haben.<\/p>\n<p>Ganz gleich, ob Sie Gasdetektion f\u00fcr industrielle, kommerzielle oder umwelttechnische Anwendungen ben\u00f6tigen, unsere kollektive St\u00e4rke stellt sicher, dass wir die richtige L\u00f6sung f\u00fcr Ihre Bed\u00fcrfnisse haben.<\/p>\n<p>Wir bei <strong>SAMON<\/strong> sind nicht nur Ihr Anbieter, sondern auch Ihr Zugang zu einem umfassenden Sicherheitsnetzwerk. Wir helfen Ihnen dabei, mit den Experten der <strong>Safe Monitoring Group<\/strong> in Kontakt zu treten, um sicherzustellen, dass alle Ihre Anforderungen an die Gasdetektion mit Pr\u00e4zision und Zuverl\u00e4ssigkeit erf\u00fcllt werden. <\/p>\n<p>Erfahren Sie, wie <strong>SAMON<\/strong> und die <strong>Safe Monitoring Group<\/strong> Ihre Umwelt sch\u00fctzen, Ihre Arbeitsabl\u00e4ufe verbessern und die Einhaltung der h\u00f6chsten Sicherheitsstandards gew\u00e4hrleisten k\u00f6nnen.<\/p>\n<p>Unten sehen Sie einige der Gebiete, die unsere Schwesterunternehmen abdecken:<\/p>\n\t\t\t\t\t\t\t\t<\/div>\n\t\t\t\t<\/div>\n\t\t\t\t\t<\/div>\n\t\t\t\t<\/div>\n\t\t<div class=\"elementor-element elementor-element-06ac100 e-flex e-con-boxed e-con e-parent\" data-id=\"06ac100\" data-element_type=\"container\">\n\t\t\t\t\t<div class=\"e-con-inner\">\n\t\t<div class=\"elementor-element elementor-element-8207a79 e-con-full e-flex e-con e-child\" data-id=\"8207a79\" data-element_type=\"container\">\n\t\t\t\t<div class=\"elementor-element elementor-element-4bf9860 elementor-widget elementor-widget-image\" data-id=\"4bf9860\" data-element_type=\"widget\" data-widget_type=\"image.default\">\n\t\t\t\t<div class=\"elementor-widget-container\">\n\t\t\t\t\t\t\t\t\t\t\t\t\t\t\t\t<a href=\"https:\/\/www.internationalgasdetectors.com\/\" target=\"_blank\">\n\t\t\t\t\t\t\t<img fetchpriority=\"high\" decoding=\"async\" width=\"300\" height=\"200\" src=\"https:\/\/samon.com\/wp-content\/uploads\/2024\/08\/IGD.png\" class=\"attachment-large size-large wp-image-12295\" alt=\"\" \/>\t\t\t\t\t\t\t\t<\/a>\n\t\t\t\t\t\t\t\t\t\t\t\t\t\t\t<\/div>\n\t\t\t\t<\/div>\n\t\t\t\t<\/div>\n\t\t<div class=\"elementor-element elementor-element-6a2921d e-con-full e-flex e-con e-child\" data-id=\"6a2921d\" data-element_type=\"container\">\n\t\t\t\t<div class=\"elementor-element elementor-element-b590230 elementor-widget elementor-widget-image\" data-id=\"b590230\" data-element_type=\"widget\" data-widget_type=\"image.default\">\n\t\t\t\t<div class=\"elementor-widget-container\">\n\t\t\t\t\t\t\t\t\t\t\t\t\t\t\t\t<a href=\"https:\/\/bieler-lang.de\/?lang=en\" target=\"_blank\">\n\t\t\t\t\t\t\t<img decoding=\"async\" width=\"300\" height=\"200\" src=\"https:\/\/samon.com\/wp-content\/uploads\/2024\/08\/Bieler-Lang.png\" class=\"attachment-large size-large wp-image-12294\" alt=\"\" \/>\t\t\t\t\t\t\t\t<\/a>\n\t\t\t\t\t\t\t\t\t\t\t\t\t\t\t<\/div>\n\t\t\t\t<\/div>\n\t\t\t\t<\/div>\n\t\t<div class=\"elementor-element elementor-element-3d9255a e-con-full e-flex e-con e-child\" data-id=\"3d9255a\" data-element_type=\"container\">\n\t\t\t\t<div class=\"elementor-element elementor-element-33e887f elementor-widget elementor-widget-image\" data-id=\"33e887f\" data-element_type=\"widget\" data-widget_type=\"image.default\">\n\t\t\t\t<div class=\"elementor-widget-container\">\n\t\t\t\t\t\t\t\t\t\t\t\t\t\t\t\t<a href=\"https:\/\/www.indupro.se\/\" target=\"_blank\">\n\t\t\t\t\t\t\t<img decoding=\"async\" width=\"300\" height=\"200\" src=\"https:\/\/samon.com\/wp-content\/uploads\/2024\/08\/Indupro.png\" class=\"attachment-large size-large wp-image-12296\" alt=\"\" \/>\t\t\t\t\t\t\t\t<\/a>\n\t\t\t\t\t\t\t\t\t\t\t\t\t\t\t<\/div>\n\t\t\t\t<\/div>\n\t\t\t\t<\/div>\n\t\t<div class=\"elementor-element elementor-element-a50b0fe e-con-full e-flex e-con e-child\" data-id=\"a50b0fe\" data-element_type=\"container\">\n\t\t\t\t<div class=\"elementor-element elementor-element-a392f0f elementor-widget elementor-widget-image\" data-id=\"a392f0f\" data-element_type=\"widget\" data-widget_type=\"image.default\">\n\t\t\t\t<div class=\"elementor-widget-container\">\n\t\t\t\t\t\t\t\t\t\t\t\t\t\t\t\t<a href=\"https:\/\/www.mems.ch\/\" target=\"_blank\">\n\t\t\t\t\t\t\t<img loading=\"lazy\" decoding=\"async\" width=\"300\" height=\"200\" src=\"https:\/\/samon.com\/wp-content\/uploads\/2024\/08\/mems.png\" class=\"attachment-large size-large wp-image-12297\" alt=\"\" \/>\t\t\t\t\t\t\t\t<\/a>\n\t\t\t\t\t\t\t\t\t\t\t\t\t\t\t<\/div>\n\t\t\t\t<\/div>\n\t\t\t\t<\/div>\n\t\t\t\t\t<\/div>\n\t\t\t\t<\/div>\n\t\t<div class=\"elementor-element elementor-element-4c086f8 e-flex e-con-boxed e-con e-parent\" data-id=\"4c086f8\" data-element_type=\"container\">\n\t\t\t\t\t<div class=\"e-con-inner\">\n\t\t<div class=\"elementor-element elementor-element-deba65c e-con-full e-flex e-con e-child\" data-id=\"deba65c\" data-element_type=\"container\">\n\t\t\t\t<div class=\"elementor-element elementor-element-97b03df elementor-widget elementor-widget-text-editor\" data-id=\"97b03df\" data-element_type=\"widget\" data-widget_type=\"text-editor.default\">\n\t\t\t\t<div class=\"elementor-widget-container\">\n\t\t\t\t\t\t\t\t\t<p style=\"text-align: center;\"><strong>Anwendungen:<\/strong><\/p>\n<p style=\"text-align: center;\">Parkh\u00e4user<\/p>\n<p style=\"text-align: center;\">Wasserstoff<\/p>\n<p style=\"text-align: center;\">Laboratorien<\/p>\n<p style=\"text-align: center;\">Kesselh\u00e4user<\/p>\n<p style=\"text-align: center;\">Prozessindustrie<\/p>\n<p style=\"text-align: center;\">K\u00e4ltetechnik &amp; Klimatisierung<\/p>\n<p style=\"text-align: center;\">Medizinisch<\/p>\n<p style=\"text-align: center;\">Getr\u00e4nkeindustrie<\/p>\n\t\t\t\t\t\t\t\t<\/div>\n\t\t\t\t<\/div>\n\t\t\t\t<\/div>\n\t\t<div class=\"elementor-element elementor-element-b56f464 e-con-full e-flex e-con e-child\" data-id=\"b56f464\" data-element_type=\"container\">\n\t\t\t\t<div class=\"elementor-element elementor-element-ff27f14 elementor-widget elementor-widget-text-editor\" data-id=\"ff27f14\" data-element_type=\"widget\" data-widget_type=\"text-editor.default\">\n\t\t\t\t<div class=\"elementor-widget-container\">\n\t\t\t\t\t\t\t\t\t<p style=\"text-align: center;\"><strong>Anwendungen:<\/strong><\/p>\n<p style=\"text-align: center;\">Explosive &amp; brennbare Gase<\/p>\n<p style=\"text-align: center;\">Toxische Gase, CO\u00b2 &amp; Sauerstoff<\/p>\n<p style=\"text-align: center;\">\u00dcberwachung des K\u00e4ltemittels<\/p>\n<p style=\"text-align: center;\">Mobilit\u00e4t &amp; Parken<\/p>\n<p style=\"text-align: center;\">Biogas<\/p>\n<p style=\"text-align: center;\">Geb\u00e4udedienstleistungen<\/p>\n\t\t\t\t\t\t\t\t<\/div>\n\t\t\t\t<\/div>\n\t\t\t\t<\/div>\n\t\t<div class=\"elementor-element elementor-element-3184e8b e-con-full e-flex e-con e-child\" data-id=\"3184e8b\" data-element_type=\"container\">\n\t\t\t\t<div class=\"elementor-element elementor-element-cfa4b07 elementor-widget elementor-widget-text-editor\" data-id=\"cfa4b07\" data-element_type=\"widget\" data-widget_type=\"text-editor.default\">\n\t\t\t\t<div class=\"elementor-widget-container\">\n\t\t\t\t\t\t\t\t\t<p style=\"text-align: center;\"><strong>Anwendungen:<\/strong><\/p>\n<p style=\"text-align: center;\">Portable Gasdetektion<\/p>\n<p style=\"text-align: center;\">Sicherheit<\/p>\n<p style=\"text-align: center;\">Vermietung<\/p>\n\t\t\t\t\t\t\t\t<\/div>\n\t\t\t\t<\/div>\n\t\t\t\t<\/div>\n\t\t<div class=\"elementor-element elementor-element-d7fa6aa e-con-full e-flex e-con e-child\" data-id=\"d7fa6aa\" data-element_type=\"container\">\n\t\t\t\t<div class=\"elementor-element elementor-element-4e8f849 elementor-widget elementor-widget-text-editor\" data-id=\"4e8f849\" data-element_type=\"widget\" data-widget_type=\"text-editor.default\">\n\t\t\t\t<div class=\"elementor-widget-container\">\n\t\t\t\t\t\t\t\t\t<p style=\"text-align: center;\"><strong>Anwendungen:<\/strong><\/p>\n<p style=\"text-align: center;\">Gasmesstechnik &amp; Elektronik<\/p>\n<p style=\"text-align: center;\">Bio-Gas-Anlagen<\/p>\n<p style=\"text-align: center;\">Erdgas-Netze<\/p>\n<p style=\"text-align: center;\">Gas-Motoren<\/p>\n<p style=\"text-align: center;\">LNG<\/p>\n<p style=\"text-align: center;\">P2G &amp; Methanisierung<\/p>\n<p style=\"text-align: center;\">Brenner<\/p>\n<p style=\"text-align: center;\">Brennstoffe Zellen<\/p>\n<p style=\"text-align: center;\">Prozessindustrie<\/p>\n\t\t\t\t\t\t\t\t<\/div>\n\t\t\t\t<\/div>\n\t\t\t\t<\/div>\n\t\t\t\t\t<\/div>\n\t\t\t\t<\/div>\n\t\t\t\t<\/div>\n\t\t","protected":false},"excerpt":{"rendered":"<p>Andere Anwendungen Seit 2022 ist SAMON Mitglied der Safe Monitoring Gruppeeinem Zusammenschluss von spezialisierten Unternehmen, die sich der herausragenden Technologie zur Gasdetektion verschrieben haben. Zusammen mit unseren Schwesterunternehmen &#8211; International Gas Detection (IGD), Bieler+Lang, Indupro und MEMS &#8211; bilden wir ein umfassendes Netzwerk von Fachwissen, das alle Aspekte der Gasdetektion in verschiedenen Branchen und Anwendungen [&hellip;]<\/p>\n","protected":false},"author":1,"featured_media":0,"parent":0,"menu_order":0,"comment_status":"closed","ping_status":"closed","template":"","meta":{"_monsterinsights_skip_tracking":false,"_monsterinsights_sitenote_active":false,"_monsterinsights_sitenote_note":"","_monsterinsights_sitenote_category":0,"footnotes":""},"class_list":["post-12293","page","type-page","status-publish","hentry"],"aioseo_notices":[],"_links":{"self":[{"href":"https:\/\/samon.com\/de\/wp-json\/wp\/v2\/pages\/12293","targetHints":{"allow":["GET"]}}],"collection":[{"href":"https:\/\/samon.com\/de\/wp-json\/wp\/v2\/pages"}],"about":[{"href":"https:\/\/samon.com\/de\/wp-json\/wp\/v2\/types\/page"}],"author":[{"embeddable":true,"href":"https:\/\/samon.com\/de\/wp-json\/wp\/v2\/users\/1"}],"replies":[{"embeddable":true,"href":"https:\/\/samon.com\/de\/wp-json\/wp\/v2\/comments?post=12293"}],"version-history":[{"count":1,"href":"https:\/\/samon.com\/de\/wp-json\/wp\/v2\/pages\/12293\/revisions"}],"predecessor-version":[{"id":12300,"href":"https:\/\/samon.com\/de\/wp-json\/wp\/v2\/pages\/12293\/revisions\/12300"}],"wp:attachment":[{"href":"https:\/\/samon.com\/de\/wp-json\/wp\/v2\/media?parent=12293"}],"curies":[{"name":"wp","href":"https:\/\/api.w.org\/{rel}","templated":true}]}}