{"id":12207,"date":"2024-04-16T13:03:14","date_gmt":"2024-04-16T11:03:14","guid":{"rendered":"https:\/\/samon.com\/service-und-wartung\/"},"modified":"2024-10-23T15:03:05","modified_gmt":"2024-10-23T13:03:05","slug":"service-und-wartung","status":"publish","type":"page","link":"https:\/\/samon.com\/de\/service-und-wartung\/","title":{"rendered":"Service und Wartung"},"content":{"rendered":"\t\t<div data-elementor-type=\"wp-page\" data-elementor-id=\"12207\" class=\"elementor elementor-12207 elementor-498\" data-elementor-post-type=\"page\">\n\t\t\t\t<div class=\"elementor-element elementor-element-663ce2a e-con-full e-flex e-con e-parent\" data-id=\"663ce2a\" data-element_type=\"container\" data-e-type=\"container\">\n\t\t\t\t<div class=\"elementor-element elementor-element-35008c4 elementor--h-position-center elementor--v-position-middle elementor-arrows-position-inside elementor-pagination-position-inside elementor-widget elementor-widget-slides\" data-id=\"35008c4\" data-element_type=\"widget\" data-e-type=\"widget\" data-settings=\"{&quot;navigation&quot;:&quot;both&quot;,&quot;autoplay&quot;:&quot;yes&quot;,&quot;pause_on_hover&quot;:&quot;yes&quot;,&quot;pause_on_interaction&quot;:&quot;yes&quot;,&quot;autoplay_speed&quot;:5000,&quot;infinite&quot;:&quot;yes&quot;,&quot;transition&quot;:&quot;slide&quot;,&quot;transition_speed&quot;:500}\" data-widget_type=\"slides.default\">\n\t\t\t\t<div class=\"elementor-widget-container\">\n\t\t\t\t\t\t\t\t\t<div class=\"elementor-swiper\">\n\t\t\t\t\t<div class=\"elementor-slides-wrapper elementor-main-swiper swiper\" role=\"region\" aria-roledescription=\"carousel\" aria-label=\"Slider\" dir=\"ltr\" data-animation=\"fadeInUp\">\n\t\t\t\t<div class=\"swiper-wrapper elementor-slides\">\n\t\t\t\t\t\t\t\t\t\t<div class=\"elementor-repeater-item-807f9da swiper-slide\" role=\"group\" aria-roledescription=\"slide\"><div class=\"swiper-slide-bg elementor-ken-burns elementor-ken-burns--in\" role=\"img\" aria-label=\"service-people\"><\/div><div class=\"swiper-slide-inner\" ><div class=\"swiper-slide-contents\"><div class=\"elementor-slide-heading\">  Service und Wartung<\/div><\/div><\/div><\/div>\t\t\t\t<\/div>\n\t\t\t\t\t\t\t<\/div>\n\t\t\t\t<\/div>\n\t\t\t\t\t\t\t\t<\/div>\n\t\t\t\t<\/div>\n\t\t\t\t<\/div>\n\t\t<div class=\"elementor-element elementor-element-d37ca93 e-flex e-con-boxed e-con e-parent\" data-id=\"d37ca93\" data-element_type=\"container\" data-e-type=\"container\">\n\t\t\t\t\t<div class=\"e-con-inner\">\n\t\t\t\t<div class=\"elementor-element elementor-element-28a9eb1 elementor-widget elementor-widget-spacer\" data-id=\"28a9eb1\" data-element_type=\"widget\" data-e-type=\"widget\" data-widget_type=\"spacer.default\">\n\t\t\t\t<div class=\"elementor-widget-container\">\n\t\t\t\t\t\t\t<div class=\"elementor-spacer\">\n\t\t\t<div class=\"elementor-spacer-inner\"><\/div>\n\t\t<\/div>\n\t\t\t\t\t\t<\/div>\n\t\t\t\t<\/div>\n\t\t\t\t\t<\/div>\n\t\t\t\t<\/div>\n\t\t<div class=\"elementor-element elementor-element-3920767 e-grid e-con-boxed e-con e-parent\" data-id=\"3920767\" data-element_type=\"container\" data-e-type=\"container\">\n\t\t\t\t\t<div class=\"e-con-inner\">\n\t\t\t\t<div class=\"elementor-element elementor-element-6f35a86 elementor-widget elementor-widget-image-box\" data-id=\"6f35a86\" data-element_type=\"widget\" data-e-type=\"widget\" data-widget_type=\"image-box.default\">\n\t\t\t\t<div class=\"elementor-widget-container\">\n\t\t\t\t\t<div class=\"elementor-image-box-wrapper\"><div class=\"elementor-image-box-content\"><h3 class=\"elementor-image-box-title\">Warum regelm\u00e4\u00dfige Wartung und Instandhaltung f\u00fcr Ihr Gaswarnsystem unerl\u00e4sslich sind<\/h3><p class=\"elementor-image-box-description\">Die Bedeutung regelm\u00e4\u00dfiger Wartung und Instandhaltung Ihres Gaswarnsystems kann gar nicht hoch genug eingesch\u00e4tzt werden - sie ist genauso wichtig wie das System selbst. Eine regelm\u00e4\u00dfige Wartung ist aus mehreren Gr\u00fcnden wichtig:   <br><br>\n\n- <b> Gesundheit und Sicherheit<\/b>: Gew\u00e4hrleistung der Gesundheit und Sicherheit von Personen durch die Vermeidung potenzieller Gefahren, die durch unentdeckte Gaslecks verursacht werden.  <br><br>\n<b>- Schutz der Umwelt:<\/b> Helfen Sie mit, Lecks zu verhindern, die die Umwelt sch\u00e4digen k\u00f6nnten.  <br><br>\n<b>- Einhaltung gesetzlicher Vorschriften:<\/b> Erf\u00fcllen Sie gesetzliche und beh\u00f6rdliche Anforderungen, um Geldstrafen und rechtliche Probleme zu vermeiden.  <br><br>\n<b>- Finanzielle Einsparungen:<\/b> Sie vermeiden kostspielige Reparaturen oder Ersatzbeschaffungen und reduzieren das Risiko teurer Unf\u00e4lle.  <br><br>  Die H\u00e4ufigkeit der Wartung h\u00e4ngt von mehreren Faktoren ab, darunter die Art des erkannten Gases, die Gr\u00f6\u00dfe und Komplexit\u00e4t des Systems und die Technologie der verwendeten Sensoren.  <br><br>  Normalerweise sollten alle Gaswarnsysteme mindestens einmal j\u00e4hrlich gewartet werden, um sicherzustellen, dass sie zuverl\u00e4ssig und effektiv bleiben.  <br><br>  Die Erkennung von Sensorfehlern ist nicht immer einfach. Viele herk\u00f6mmliche Methoden zur Erkennung von Sensorfehlern sind m\u00f6glicherweise nicht zuverl\u00e4ssig, und bei solch kritischen Systemen kann man kein Risiko eingehen.   <br><br>  Die definitivste Methode, die Funktionsf\u00e4higkeit eines Sensors sicherzustellen, ist die direkte Einwirkung des Zielgases bzw. der Zielgase durch regelm\u00e4\u00dfige Bump-Tests und Kalibrierung. Sensoren sind auch anf\u00e4llig f\u00fcr allgemeine Abnutzung und Verschlei\u00df, und Sch\u00e4den sind nicht immer sichtbar. Regelm\u00e4\u00dfige Wartung und Kalibrierung sind der Schl\u00fcssel, um die Lebensdauer Ihrer Sensoren zu verl\u00e4ngern und ihre Zuverl\u00e4ssigkeit zu gew\u00e4hrleisten. In Anbetracht der relativ geringen Kosten von Gaswarnsystemen im Vergleich zu den Werten, die sie sch\u00fctzen, stellen regelm\u00e4\u00dfige Wartung und Instandhaltung eine wertvolle Investition dar.     <br><br>  Die Sicherstellung, dass Ihr System mit aktuellen Kalibrierungszertifikaten immer in optimalem Zustand ist, ist nicht nur die Erf\u00fcllung gesetzlicher Vorschriften, sondern auch eine entscheidende Sicherheitsma\u00dfnahme.<\/p><\/div><\/div>\t\t\t\t<\/div>\n\t\t\t\t<\/div>\n\t\t\t\t<div class=\"elementor-element elementor-element-6b0e4fb elementor-widget elementor-widget-image\" data-id=\"6b0e4fb\" data-element_type=\"widget\" data-e-type=\"widget\" data-widget_type=\"image.default\">\n\t\t\t\t<div class=\"elementor-widget-container\">\n\t\t\t\t\t\t\t\t\t\t\t\t\t\t\t<img fetchpriority=\"high\" decoding=\"async\" width=\"1800\" height=\"1800\" src=\"https:\/\/samon.com\/wp-content\/uploads\/2024\/05\/Service-brochure-sweden.jpg\" class=\"attachment-full size-full wp-image-12272\" alt=\"\" srcset=\"https:\/\/samon.com\/wp-content\/uploads\/2024\/05\/Service-brochure-sweden.jpg 1800w, https:\/\/samon.com\/wp-content\/uploads\/2024\/05\/Service-brochure-sweden-300x300.jpg 300w, https:\/\/samon.com\/wp-content\/uploads\/2024\/05\/Service-brochure-sweden-1024x1024.jpg 1024w, https:\/\/samon.com\/wp-content\/uploads\/2024\/05\/Service-brochure-sweden-150x150.jpg 150w, https:\/\/samon.com\/wp-content\/uploads\/2024\/05\/Service-brochure-sweden-768x768.jpg 768w, https:\/\/samon.com\/wp-content\/uploads\/2024\/05\/Service-brochure-sweden-1536x1536.jpg 1536w\" sizes=\"(max-width: 1800px) 100vw, 1800px\" \/>\t\t\t\t\t\t\t\t\t\t\t\t\t\t\t<\/div>\n\t\t\t\t<\/div>\n\t\t<div class=\"elementor-element elementor-element-d8c72e0 e-flex e-con-boxed e-con e-child\" data-id=\"d8c72e0\" data-element_type=\"container\" data-e-type=\"container\">\n\t\t\t\t\t<div class=\"e-con-inner\">\n\t\t\t\t<div class=\"elementor-element elementor-element-31f928e elementor-widget elementor-widget-text-editor\" data-id=\"31f928e\" data-element_type=\"widget\" data-e-type=\"widget\" data-widget_type=\"text-editor.default\">\n\t\t\t\t<div class=\"elementor-widget-container\">\n\t\t\t\t\t\t\t\t\t<h3><strong>Service buchen<\/strong><\/h3>\n<p>Buchen Sie den Service direkt bei uns oder \u00fcber unsere Vertriebspartner.<\/p>\n<h5><strong>Schweden:<\/strong><\/h5>\n\t\t\t\t\t\t\t\t<\/div>\n\t\t\t\t<\/div>\n\t\t\t\t<div class=\"elementor-element elementor-element-58d6e3f elementor-widget elementor-widget-button\" data-id=\"58d6e3f\" data-element_type=\"widget\" data-e-type=\"widget\" data-widget_type=\"button.default\">\n\t\t\t\t<div class=\"elementor-widget-container\">\n\t\t\t\t\t\t\t\t\t<div class=\"elementor-button-wrapper\">\n\t\t\t\t\t<a class=\"elementor-button elementor-button-link elementor-size-sm\" href=\"https:\/\/samon.com\/contact-2\/\">\n\t\t\t\t\t\t<span class=\"elementor-button-content-wrapper\">\n\t\t\t\t\t\t\t\t\t<span class=\"elementor-button-text\">SAMON AB<\/span>\n\t\t\t\t\t<\/span>\n\t\t\t\t\t<\/a>\n\t\t\t\t<\/div>\n\t\t\t\t\t\t\t\t<\/div>\n\t\t\t\t<\/div>\n\t\t\t\t<div class=\"elementor-element elementor-element-4b62dcd elementor-widget elementor-widget-text-editor\" data-id=\"4b62dcd\" data-element_type=\"widget\" data-e-type=\"widget\" data-widget_type=\"text-editor.default\">\n\t\t\t\t<div class=\"elementor-widget-container\">\n\t\t\t\t\t\t\t\t\t<p><strong>Andere L\u00e4nder:<\/strong><\/p>\n\t\t\t\t\t\t\t\t<\/div>\n\t\t\t\t<\/div>\n\t\t\t\t<div class=\"elementor-element elementor-element-31fe0a3 elementor-widget elementor-widget-button\" data-id=\"31fe0a3\" data-element_type=\"widget\" data-e-type=\"widget\" data-widget_type=\"button.default\">\n\t\t\t\t<div class=\"elementor-widget-container\">\n\t\t\t\t\t\t\t\t\t<div class=\"elementor-button-wrapper\">\n\t\t\t\t\t<a class=\"elementor-button elementor-button-link elementor-size-sm\" href=\"https:\/\/samon.com\/de\/vertriebspartner-alle\/\">\n\t\t\t\t\t\t<span class=\"elementor-button-content-wrapper\">\n\t\t\t\t\t\t\t\t\t<span class=\"elementor-button-text\">Siehe unsere Vertriebspartner<\/span>\n\t\t\t\t\t<\/span>\n\t\t\t\t\t<\/a>\n\t\t\t\t<\/div>\n\t\t\t\t\t\t\t\t<\/div>\n\t\t\t\t<\/div>\n\t\t\t\t\t<\/div>\n\t\t\t\t<\/div>\n\t\t\t\t\t<\/div>\n\t\t\t\t<\/div>\n\t\t\t\t<\/div>\n\t\t","protected":false},"excerpt":{"rendered":"<p>Service und Wartung Warum regelm\u00e4\u00dfige Wartung und Instandhaltung f\u00fcr Ihr Gaswarnsystem unerl\u00e4sslich sind Die Bedeutung regelm\u00e4\u00dfiger Wartung und Instandhaltung Ihres Gaswarnsystems kann gar nicht hoch genug eingesch\u00e4tzt werden &#8211; sie ist genauso wichtig wie das System selbst. Eine regelm\u00e4\u00dfige Wartung ist aus mehreren Gr\u00fcnden wichtig: &#8211; Gesundheit und Sicherheit: Gew\u00e4hrleistung der Gesundheit und Sicherheit von [&hellip;]<\/p>\n","protected":false},"author":1,"featured_media":0,"parent":0,"menu_order":0,"comment_status":"closed","ping_status":"closed","template":"","meta":{"_monsterinsights_skip_tracking":false,"_monsterinsights_sitenote_active":false,"_monsterinsights_sitenote_note":"","_monsterinsights_sitenote_category":0,"footnotes":""},"class_list":["post-12207","page","type-page","status-publish","hentry"],"aioseo_notices":[],"_links":{"self":[{"href":"https:\/\/samon.com\/de\/wp-json\/wp\/v2\/pages\/12207","targetHints":{"allow":["GET"]}}],"collection":[{"href":"https:\/\/samon.com\/de\/wp-json\/wp\/v2\/pages"}],"about":[{"href":"https:\/\/samon.com\/de\/wp-json\/wp\/v2\/types\/page"}],"author":[{"embeddable":true,"href":"https:\/\/samon.com\/de\/wp-json\/wp\/v2\/users\/1"}],"replies":[{"embeddable":true,"href":"https:\/\/samon.com\/de\/wp-json\/wp\/v2\/comments?post=12207"}],"version-history":[{"count":2,"href":"https:\/\/samon.com\/de\/wp-json\/wp\/v2\/pages\/12207\/revisions"}],"predecessor-version":[{"id":12227,"href":"https:\/\/samon.com\/de\/wp-json\/wp\/v2\/pages\/12207\/revisions\/12227"}],"wp:attachment":[{"href":"https:\/\/samon.com\/de\/wp-json\/wp\/v2\/media?parent=12207"}],"curies":[{"name":"wp","href":"https:\/\/api.w.org\/{rel}","templated":true}]}}