{"id":12202,"date":"2024-05-31T13:18:00","date_gmt":"2024-05-31T11:18:00","guid":{"rendered":"https:\/\/samon.com\/glaciaer-serie\/"},"modified":"2024-11-04T12:50:11","modified_gmt":"2024-11-04T11:50:11","slug":"glaciaer-serie","status":"publish","type":"page","link":"https:\/\/samon.com\/de\/glaciaer-serie\/","title":{"rendered":"GLACI\u00c4R Serie"},"content":{"rendered":"\t\t<div data-elementor-type=\"wp-page\" data-elementor-id=\"12202\" class=\"elementor elementor-12202 elementor-5267\" data-elementor-post-type=\"page\">\n\t\t\t\t<div class=\"elementor-element elementor-element-00d8c0c e-flex e-con-boxed e-con e-parent\" data-id=\"00d8c0c\" data-element_type=\"container\">\n\t\t\t\t\t<div class=\"e-con-inner\">\n\t\t\t\t<div class=\"elementor-element elementor-element-a67ad7d elementor-widget elementor-widget-image\" data-id=\"a67ad7d\" data-element_type=\"widget\" data-widget_type=\"image.default\">\n\t\t\t\t<div class=\"elementor-widget-container\">\n\t\t\t\t\t\t\t\t\t\t\t\t\t\t\t<img fetchpriority=\"high\" decoding=\"async\" width=\"1200\" height=\"675\" src=\"https:\/\/samon.com\/wp-content\/uploads\/2024\/05\/GLACIAR-series-1.jpg\" class=\"attachment-full size-full wp-image-12203\" alt=\"\" srcset=\"https:\/\/samon.com\/wp-content\/uploads\/2024\/05\/GLACIAR-series-1.jpg 1200w, https:\/\/samon.com\/wp-content\/uploads\/2024\/05\/GLACIAR-series-1-300x169.jpg 300w, https:\/\/samon.com\/wp-content\/uploads\/2024\/05\/GLACIAR-series-1-1024x576.jpg 1024w, https:\/\/samon.com\/wp-content\/uploads\/2024\/05\/GLACIAR-series-1-768x432.jpg 768w\" sizes=\"(max-width: 1200px) 100vw, 1200px\" \/>\t\t\t\t\t\t\t\t\t\t\t\t\t\t\t<\/div>\n\t\t\t\t<\/div>\n\t\t\t\t\t<\/div>\n\t\t\t\t<\/div>\n\t\t<div class=\"elementor-element elementor-element-ec91cc6 e-flex e-con-boxed e-con e-parent\" data-id=\"ec91cc6\" data-element_type=\"container\">\n\t\t\t\t\t<div class=\"e-con-inner\">\n\t\t\t\t<div class=\"elementor-element elementor-element-754bbd3 elementor-widget elementor-widget-heading\" data-id=\"754bbd3\" data-element_type=\"widget\" data-widget_type=\"heading.default\">\n\t\t\t\t<div class=\"elementor-widget-container\">\n\t\t\t\t\t<h2 class=\"elementor-heading-title elementor-size-default\">GLACI\u00c4R Serie<\/h2>\t\t\t\t<\/div>\n\t\t\t\t<\/div>\n\t\t\t\t\t<\/div>\n\t\t\t\t<\/div>\n\t\t<div class=\"elementor-element elementor-element-e76fbc0 e-flex e-con-boxed e-con e-parent\" data-id=\"e76fbc0\" data-element_type=\"container\">\n\t\t\t\t\t<div class=\"e-con-inner\">\n\t\t\t\t<div class=\"elementor-element elementor-element-16a31ed elementor-widget elementor-widget-text-editor\" data-id=\"16a31ed\" data-element_type=\"widget\" data-widget_type=\"text-editor.default\">\n\t\t\t\t<div class=\"elementor-widget-container\">\n\t\t\t\t\t\t\t\t\t<p><strong>Wir stellen die GLACI\u00c4R Serie vor: Erweiterte K\u00e4ltemittel-Gasdetektion<\/strong><\/p>\n<p>Wir bei SAMON sind stolz darauf, &#8222;einfach zuverl\u00e4ssige&#8220; L\u00f6sungen f\u00fcr die Detektion von K\u00e4ltemittelgasen anzubieten. Unsere GLACI\u00c4R Serie verk\u00f6rpert dieses Engagement und bietet innovative und zuverl\u00e4ssige Produkte, die f\u00fcr die Anforderungen verschiedener Anwendungen entwickelt wurden. Ganz gleich, ob Sie eine gro\u00dfe gewerbliche K\u00e4lteanlage oder eine kleinere, spezifischere Umgebung verwalten, die GLACI\u00c4R-Serie hat die perfekte L\u00f6sung f\u00fcr Sie. Werfen Sie einen genaueren Blick auf unsere Flaggschiff-Produkte: GLACI\u00c4R MIDI, GLACI\u00c4R X5, und GLACI\u00c4R MICRO.   <\/p>\n<\/p>\n<h4>GLACI\u00c4R MIDI: Das preisgekr\u00f6nte Flaggschiff<\/h4>\n<p>Der GLACI\u00c4R MIDI ist unser Flaggschiff unter den K\u00e4ltemittelgasdetektoren und bekannt f\u00fcr seine Zuverl\u00e4ssigkeit und seine fortschrittlichen Funktionen. Der GLACI\u00c4R MIDI wurde f\u00fcr eine pr\u00e4zise und zuverl\u00e4ssige Detektion in verschiedenen Umgebungen entwickelt und eignet sich perfekt f\u00fcr kommerzielle und industrielle Anwendungen. Er zeichnet sich durch eine robuste Bauweise, eine intuitive Benutzeroberfl\u00e4che und flexible Installationsoptionen aus. Dieses preisgekr\u00f6nte Produkt gew\u00e4hrleistet die genaue Erkennung einer breiten Palette von K\u00e4ltemitteln und tr\u00e4gt so zur Sicherheit und Einhaltung von Industriestandards bei. Seine hohe Empfindlichkeit und sein geringer Wartungsaufwand machen ihn zu einem unsch\u00e4tzbaren Vorteil f\u00fcr jede Einrichtung, die sich gegen K\u00e4ltemittellecks absichern m\u00f6chte.    <\/p>\n\t\t\t\t\t\t\t\t<\/div>\n\t\t\t\t<\/div>\n\t\t\t\t\t<\/div>\n\t\t\t\t<\/div>\n\t\t<div class=\"elementor-element elementor-element-b0e70d0 e-flex e-con-boxed e-con e-parent\" data-id=\"b0e70d0\" data-element_type=\"container\">\n\t\t\t\t\t<div class=\"e-con-inner\">\n\t\t\t\t<div class=\"elementor-element elementor-element-7793caf elementor-widget elementor-widget-button\" data-id=\"7793caf\" data-element_type=\"widget\" data-widget_type=\"button.default\">\n\t\t\t\t<div class=\"elementor-widget-container\">\n\t\t\t\t\t\t\t\t\t<div class=\"elementor-button-wrapper\">\n\t\t\t\t\t<a class=\"elementor-button elementor-button-link elementor-size-sm\" href=\"https:\/\/samon.com\/de\/anwendungen\/kommerzieller-nachweis-von-kaltemittelgas\/glaciaer-midi\/\">\n\t\t\t\t\t\t<span class=\"elementor-button-content-wrapper\">\n\t\t\t\t\t\t\t\t\t<span class=\"elementor-button-text\">Lesen Sie mehr \u00fcber GLACI\u00c4R MIDI<\/span>\n\t\t\t\t\t<\/span>\n\t\t\t\t\t<\/a>\n\t\t\t\t<\/div>\n\t\t\t\t\t\t\t\t<\/div>\n\t\t\t\t<\/div>\n\t\t\t\t\t<\/div>\n\t\t\t\t<\/div>\n\t\t<div class=\"elementor-element elementor-element-f841ac7 e-flex e-con-boxed e-con e-parent\" data-id=\"f841ac7\" data-element_type=\"container\">\n\t\t\t\t\t<div class=\"e-con-inner\">\n\t\t\t\t<div class=\"elementor-element elementor-element-3e78980 elementor-widget elementor-widget-text-editor\" data-id=\"3e78980\" data-element_type=\"widget\" data-widget_type=\"text-editor.default\">\n\t\t\t\t<div class=\"elementor-widget-container\">\n\t\t\t\t\t\t\t\t\t<h4> <\/h4>\n<h4>GLACI\u00c4R X5: Leistungsstarke Detektion f\u00fcr kritische Anwendungen<\/h4>\n<p>Der GLACI\u00c4R X5 bringt mit seiner verbesserten Leistung und Vielseitigkeit die Detektion von K\u00e4ltemittelgasen auf ein neues Niveau. Der GLACI\u00c4R X5 wurde f\u00fcr kritische Anwendungen entwickelt, die ein H\u00f6chstma\u00df an Genauigkeit und Zuverl\u00e4ssigkeit erfordern. Er ist mit modernster Sensortechnologie ausgestattet, die eine \u00fcberragende Empfindlichkeit und minimale Querempfindlichkeit bietet. Sein robustes Design sorgt f\u00fcr Langlebigkeit auch in rauen Umgebungen und macht ihn damit ideal f\u00fcr den Einsatz in gro\u00dfen gewerblichen K\u00fchlsystemen, in der Industrie und in allen Anwendungen, bei denen eine pr\u00e4zise Erkennung entscheidend ist. Der GLACI\u00c4R X5 verf\u00fcgt au\u00dferdem \u00fcber fortschrittliche Kommunikationsfunktionen, die eine nahtlose Integration in bestehende Sicherheits- und Kontrollsysteme erm\u00f6glichen.   <\/p>\n\t\t\t\t\t\t\t\t<\/div>\n\t\t\t\t<\/div>\n\t\t\t\t\t<\/div>\n\t\t\t\t<\/div>\n\t\t<div class=\"elementor-element elementor-element-408a558 e-flex e-con-boxed e-con e-parent\" data-id=\"408a558\" data-element_type=\"container\">\n\t\t\t\t\t<div class=\"e-con-inner\">\n\t\t\t\t<div class=\"elementor-element elementor-element-311bc69 elementor-widget elementor-widget-button\" data-id=\"311bc69\" data-element_type=\"widget\" data-widget_type=\"button.default\">\n\t\t\t\t<div class=\"elementor-widget-container\">\n\t\t\t\t\t\t\t\t\t<div class=\"elementor-button-wrapper\">\n\t\t\t\t\t<a class=\"elementor-button elementor-button-link elementor-size-sm\" href=\"https:\/\/samon.com\/de\/anwendungen\/kommerzieller-nachweis-von-kaltemittelgas\/glaciaer-x5\/\">\n\t\t\t\t\t\t<span class=\"elementor-button-content-wrapper\">\n\t\t\t\t\t\t\t\t\t<span class=\"elementor-button-text\">Lesen Sie mehr \u00fcber GLACI\u00c4R X5<\/span>\n\t\t\t\t\t<\/span>\n\t\t\t\t\t<\/a>\n\t\t\t\t<\/div>\n\t\t\t\t\t\t\t\t<\/div>\n\t\t\t\t<\/div>\n\t\t\t\t\t<\/div>\n\t\t\t\t<\/div>\n\t\t<div class=\"elementor-element elementor-element-aa4bfab e-flex e-con-boxed e-con e-parent\" data-id=\"aa4bfab\" data-element_type=\"container\">\n\t\t\t\t\t<div class=\"e-con-inner\">\n\t\t\t\t<div class=\"elementor-element elementor-element-abf53cd elementor-widget elementor-widget-text-editor\" data-id=\"abf53cd\" data-element_type=\"widget\" data-widget_type=\"text-editor.default\">\n\t\t\t\t<div class=\"elementor-widget-container\">\n\t\t\t\t\t\t\t\t\t<h4> <\/h4>\n<h4>GLACI\u00c4R MICRO: Kompakt und effizient f\u00fcr kleinere R\u00e4ume<\/h4>\n<p>F\u00fcr Anwendungen, die eine kompakte und dennoch effektive L\u00f6sung erfordern, ist der GLACI\u00c4R MICRO die ideale Wahl. Dieser kleine, aber leistungsstarke K\u00e4ltemittel-Gasdetektor ist so konzipiert, dass er sich nahtlos in enge R\u00e4ume einf\u00fcgt, ohne dabei Kompromisse bei der Leistung einzugehen. Der GLACI\u00c4R MICRO eignet sich perfekt f\u00fcr die OEM-Integration in W\u00e4rmepumpen, Vitrinen oder \u00fcberall dort, wo der Platz knapp ist. Trotz seiner kompakten Gr\u00f6\u00dfe bietet er eine genaue und zuverl\u00e4ssige Erkennung und gew\u00e4hrleistet so Sicherheit und Compliance. Seine einfache Installation und sein geringer Wartungsaufwand machen ihn zu einer praktischen und kosteng\u00fcnstigen L\u00f6sung f\u00fcr gezielte Anwendungen.    <\/p>\n\t\t\t\t\t\t\t\t<\/div>\n\t\t\t\t<\/div>\n\t\t\t\t\t<\/div>\n\t\t\t\t<\/div>\n\t\t<div class=\"elementor-element elementor-element-fdb34a7 e-flex e-con-boxed e-con e-parent\" data-id=\"fdb34a7\" data-element_type=\"container\">\n\t\t\t\t\t<div class=\"e-con-inner\">\n\t\t\t\t<div class=\"elementor-element elementor-element-e206092 elementor-widget elementor-widget-button\" data-id=\"e206092\" data-element_type=\"widget\" data-widget_type=\"button.default\">\n\t\t\t\t<div class=\"elementor-widget-container\">\n\t\t\t\t\t\t\t\t\t<div class=\"elementor-button-wrapper\">\n\t\t\t\t\t<a class=\"elementor-button elementor-button-link elementor-size-sm\" href=\"https:\/\/samon.com\/de\/anwendungen\/kommerzieller-nachweis-von-kaltemittelgas\/glaciaer-micro\/\">\n\t\t\t\t\t\t<span class=\"elementor-button-content-wrapper\">\n\t\t\t\t\t\t\t\t\t<span class=\"elementor-button-text\">Lesen Sie mehr \u00fcber GLACI\u00c4R MICRO<\/span>\n\t\t\t\t\t<\/span>\n\t\t\t\t\t<\/a>\n\t\t\t\t<\/div>\n\t\t\t\t\t\t\t\t<\/div>\n\t\t\t\t<\/div>\n\t\t\t\t\t<\/div>\n\t\t\t\t<\/div>\n\t\t<div class=\"elementor-element elementor-element-47dc2bc e-flex e-con-boxed e-con e-parent\" data-id=\"47dc2bc\" data-element_type=\"container\">\n\t\t\t\t\t<div class=\"e-con-inner\">\n\t\t\t\t<div class=\"elementor-element elementor-element-ff0e173 elementor-widget elementor-widget-text-editor\" data-id=\"ff0e173\" data-element_type=\"widget\" data-widget_type=\"text-editor.default\">\n\t\t\t\t<div class=\"elementor-widget-container\">\n\t\t\t\t\t\t\t\t\t<\/p>\n<p><strong>Warum sollten Sie die GLACI\u00c4R Serie w\u00e4hlen?<\/strong><\/p>\n<p>Die GLACI\u00c4R Serie von SAMON stellt die Spitze der K\u00e4ltemittelgas-Detektionstechnologie dar. Jedes Produkt der Serie wurde f\u00fcr eine bestimmte Anwendung entwickelt, so dass es f\u00fcr jeden Bedarf den passenden GLACI\u00c4R Detektor gibt. Unser Engagement f\u00fcr Innovation, Sicherheit und Umweltschutz spiegelt sich in jedem Produkt wider und macht die GLACI\u00c4R-Serie zu einer zuverl\u00e4ssigen Wahl f\u00fcr Fachleute auf der ganzen Welt.  <\/p>\n<p>Entdecken Sie noch heute die GLACI\u00c4R Serie und erleben Sie den Seelenfrieden, der mit einer einfach zuverl\u00e4ssigen K\u00e4ltemittelgasdetektion einhergeht. F\u00fcr weitere Informationen besuchen Sie unsere Website oder kontaktieren Sie unser Team, um die perfekte L\u00f6sung f\u00fcr Ihre Bed\u00fcrfnisse zu finden. <\/p>\n\t\t\t\t\t\t\t\t<\/div>\n\t\t\t\t<\/div>\n\t\t\t\t\t<\/div>\n\t\t\t\t<\/div>\n\t\t<div class=\"elementor-element elementor-element-0cd2e6d e-flex e-con-boxed e-con e-parent\" data-id=\"0cd2e6d\" data-element_type=\"container\">\n\t\t\t\t\t<div class=\"e-con-inner\">\n\t\t\t\t<div class=\"elementor-element elementor-element-1fc646b elementor-widget elementor-widget-spacer\" data-id=\"1fc646b\" data-element_type=\"widget\" data-widget_type=\"spacer.default\">\n\t\t\t\t<div class=\"elementor-widget-container\">\n\t\t\t\t\t\t\t<div class=\"elementor-spacer\">\n\t\t\t<div class=\"elementor-spacer-inner\"><\/div>\n\t\t<\/div>\n\t\t\t\t\t\t<\/div>\n\t\t\t\t<\/div>\n\t\t\t\t\t<\/div>\n\t\t\t\t<\/div>\n\t\t\t\t<\/div>\n\t\t","protected":false},"excerpt":{"rendered":"<p>GLACI\u00c4R Serie Wir stellen die GLACI\u00c4R Serie vor: Erweiterte K\u00e4ltemittel-Gasdetektion Wir bei SAMON sind stolz darauf, &#8222;einfach zuverl\u00e4ssige&#8220; L\u00f6sungen f\u00fcr die Detektion von K\u00e4ltemittelgasen anzubieten. Unsere GLACI\u00c4R Serie verk\u00f6rpert dieses Engagement und bietet innovative und zuverl\u00e4ssige Produkte, die f\u00fcr die Anforderungen verschiedener Anwendungen entwickelt wurden. Ganz gleich, ob Sie eine gro\u00dfe gewerbliche K\u00e4lteanlage oder eine [&hellip;]<\/p>\n","protected":false},"author":1,"featured_media":0,"parent":0,"menu_order":0,"comment_status":"closed","ping_status":"closed","template":"","meta":{"_monsterinsights_skip_tracking":false,"_monsterinsights_sitenote_active":false,"_monsterinsights_sitenote_note":"","_monsterinsights_sitenote_category":0,"footnotes":""},"class_list":["post-12202","page","type-page","status-publish","hentry"],"aioseo_notices":[],"_links":{"self":[{"href":"https:\/\/samon.com\/de\/wp-json\/wp\/v2\/pages\/12202","targetHints":{"allow":["GET"]}}],"collection":[{"href":"https:\/\/samon.com\/de\/wp-json\/wp\/v2\/pages"}],"about":[{"href":"https:\/\/samon.com\/de\/wp-json\/wp\/v2\/types\/page"}],"author":[{"embeddable":true,"href":"https:\/\/samon.com\/de\/wp-json\/wp\/v2\/users\/1"}],"replies":[{"embeddable":true,"href":"https:\/\/samon.com\/de\/wp-json\/wp\/v2\/comments?post=12202"}],"version-history":[{"count":2,"href":"https:\/\/samon.com\/de\/wp-json\/wp\/v2\/pages\/12202\/revisions"}],"predecessor-version":[{"id":13893,"href":"https:\/\/samon.com\/de\/wp-json\/wp\/v2\/pages\/12202\/revisions\/13893"}],"wp:attachment":[{"href":"https:\/\/samon.com\/de\/wp-json\/wp\/v2\/media?parent=12202"}],"curies":[{"name":"wp","href":"https:\/\/api.w.org\/{rel}","templated":true}]}}