{"id":12187,"date":"2024-04-30T06:52:28","date_gmt":"2024-04-30T04:52:28","guid":{"rendered":"https:\/\/samon.com\/qualitaet\/"},"modified":"2024-10-23T15:02:57","modified_gmt":"2024-10-23T13:02:57","slug":"qualitaet","status":"publish","type":"page","link":"https:\/\/samon.com\/de\/qualitaet\/","title":{"rendered":"Qualit\u00e4t"},"content":{"rendered":"\t\t<div data-elementor-type=\"wp-page\" data-elementor-id=\"12187\" class=\"elementor elementor-12187 elementor-3581\" data-elementor-post-type=\"page\">\n\t\t\t\t<div class=\"elementor-element elementor-element-159f4f6 e-con-full e-flex e-con e-parent\" data-id=\"159f4f6\" data-element_type=\"container\">\n\t\t\t\t<div class=\"elementor-element elementor-element-5492314 elementor--h-position-center elementor--v-position-middle elementor-arrows-position-inside elementor-pagination-position-inside elementor-widget elementor-widget-slides\" data-id=\"5492314\" data-element_type=\"widget\" data-settings=\"{&quot;navigation&quot;:&quot;both&quot;,&quot;autoplay&quot;:&quot;yes&quot;,&quot;pause_on_hover&quot;:&quot;yes&quot;,&quot;pause_on_interaction&quot;:&quot;yes&quot;,&quot;autoplay_speed&quot;:5000,&quot;infinite&quot;:&quot;yes&quot;,&quot;transition&quot;:&quot;slide&quot;,&quot;transition_speed&quot;:500}\" data-widget_type=\"slides.default\">\n\t\t\t\t<div class=\"elementor-widget-container\">\n\t\t\t\t\t\t\t\t\t<div class=\"elementor-swiper\">\n\t\t\t\t\t<div class=\"elementor-slides-wrapper elementor-main-swiper swiper\" role=\"region\" aria-roledescription=\"carousel\" aria-label=\"Slider\" dir=\"ltr\" data-animation=\"fadeInUp\">\n\t\t\t\t<div class=\"swiper-wrapper elementor-slides\">\n\t\t\t\t\t\t\t\t\t\t<div class=\"elementor-repeater-item-1c90975 swiper-slide\" role=\"group\" aria-roledescription=\"slide\"><div class=\"swiper-slide-bg\" role=\"img\" aria-label=\"glaciarImg\"><\/div><div class=\"swiper-slide-inner\" ><div class=\"swiper-slide-contents\"><div class=\"elementor-slide-heading\">Qualit\u00e4t<\/div><\/div><\/div><\/div>\t\t\t\t<\/div>\n\t\t\t\t\t\t\t<\/div>\n\t\t\t\t<\/div>\n\t\t\t\t\t\t\t\t<\/div>\n\t\t\t\t<\/div>\n\t\t\t\t<\/div>\n\t\t<div class=\"elementor-element elementor-element-c146e7a e-flex e-con-boxed e-con e-parent\" data-id=\"c146e7a\" data-element_type=\"container\">\n\t\t\t\t\t<div class=\"e-con-inner\">\n\t\t<div class=\"elementor-element elementor-element-e451b47 e-con-full e-flex e-con e-child\" data-id=\"e451b47\" data-element_type=\"container\">\n\t\t\t\t<div class=\"elementor-element elementor-element-a2fe7af elementor-widget elementor-widget-heading\" data-id=\"a2fe7af\" data-element_type=\"widget\" data-widget_type=\"heading.default\">\n\t\t\t\t<div class=\"elementor-widget-container\">\n\t\t\t\t\t<h2 class=\"elementor-heading-title elementor-size-default\">Qualit\u00e4t &amp; Zertifizierung<\/h2>\t\t\t\t<\/div>\n\t\t\t\t<\/div>\n\t\t<div class=\"elementor-element elementor-element-d4cdfea e-grid e-con-full e-con e-child\" data-id=\"d4cdfea\" data-element_type=\"container\">\n\t\t\t\t<div class=\"elementor-element elementor-element-97555ba elementor-widget elementor-widget-image\" data-id=\"97555ba\" data-element_type=\"widget\" data-widget_type=\"image.default\">\n\t\t\t\t<div class=\"elementor-widget-container\">\n\t\t\t\t\t\t\t\t\t\t\t\t\t\t\t<img fetchpriority=\"high\" decoding=\"async\" width=\"800\" height=\"800\" src=\"https:\/\/samon.com\/wp-content\/uploads\/2024\/08\/ISO-certificate-1024x1024.png\" class=\"attachment-large size-large wp-image-12190\" alt=\"\" srcset=\"https:\/\/samon.com\/wp-content\/uploads\/2024\/08\/ISO-certificate-1024x1024.png 1024w, https:\/\/samon.com\/wp-content\/uploads\/2024\/08\/ISO-certificate-300x300.png 300w, https:\/\/samon.com\/wp-content\/uploads\/2024\/08\/ISO-certificate-150x150.png 150w, https:\/\/samon.com\/wp-content\/uploads\/2024\/08\/ISO-certificate-768x768.png 768w, https:\/\/samon.com\/wp-content\/uploads\/2024\/08\/ISO-certificate-1536x1536.png 1536w, https:\/\/samon.com\/wp-content\/uploads\/2024\/08\/ISO-certificate.png 1800w\" sizes=\"(max-width: 800px) 100vw, 800px\" \/>\t\t\t\t\t\t\t\t\t\t\t\t\t\t\t<\/div>\n\t\t\t\t<\/div>\n\t\t\t\t<div class=\"elementor-element elementor-element-13aaf0f elementor-widget elementor-widget-text-editor\" data-id=\"13aaf0f\" data-element_type=\"widget\" data-widget_type=\"text-editor.default\">\n\t\t\t\t<div class=\"elementor-widget-container\">\n\t\t\t\t\t\t\t\t\t<p style=\"text-align: left;\"><em><strong>Bei SAMON ist unser Engagement f\u00fcr Qualit\u00e4t das Fundament, auf dem wir alles aufbauen. Unser Ziel ist einfach: Wir wollen unseren Kunden die zuverl\u00e4ssigsten und fortschrittlichsten Gasdetektionsl\u00f6sungen der Branche bieten und so f\u00fcr Sicherheit, Effizienz und Seelenfrieden sorgen. <\/strong><\/em><\/p>\n<div>\n<div>\n<div>\n<div>\n<div>\n<div dir=\"auto\" data-testid=\"conversation-turn-3\" data-scroll-anchor=\"true\">\n<div>\n<div>\n<div>\n<div>\n<div>\n<div dir=\"auto\" data-message-author-role=\"assistant\" data-message-id=\"e6cc7694-6462-458a-8ba1-e17302417fb2\">\n<div>\n<div> <\/div>\n<\/div>\n<\/div>\n<\/div>\n<\/div>\n<\/div>\n<\/div>\n<\/div>\n<\/div>\n<\/div>\n<\/div>\n<\/div>\n<\/div>\n<\/div>\n\t\t\t\t\t\t\t\t<\/div>\n\t\t\t\t<\/div>\n\t\t\t\t<\/div>\n\t\t\t\t<div class=\"elementor-element elementor-element-93cfd16 elementor-widget elementor-widget-text-editor\" data-id=\"93cfd16\" data-element_type=\"widget\" data-widget_type=\"text-editor.default\">\n\t\t\t\t<div class=\"elementor-widget-container\">\n\t\t\t\t\t\t\t\t\t<p><strong style=\"letter-spacing: 0px; text-align: var(--text-align); background-color: var( --e-global-color-c696dce );\">Unser Ansatz f\u00fcr Qualit\u00e4t<\/strong><\/p>\n<div>\n<div>\n<div>\n<div>\n<div>\n<div dir=\"auto\" data-testid=\"conversation-turn-3\" data-scroll-anchor=\"true\">\n<div>\n<div>\n<div>\n<div>\n<div>\n<div dir=\"auto\" data-message-author-role=\"assistant\" data-message-id=\"e6cc7694-6462-458a-8ba1-e17302417fb2\">\n<div>\n<div>\n<p>Qualit\u00e4t ist bei SAMON nicht nur ein K\u00e4stchen zum Ankreuzen, sondern ein integraler Bestandteil unserer t\u00e4glichen Arbeit. Von dem Moment an, in dem wir mit der Entwicklung eines Produkts beginnen, bis zu dem Zeitpunkt, an dem es an unsere Kunden ausgeliefert wird, unterliegt jeder Schritt strengen Qualit\u00e4tskontrollen. Wir haben ein umfassendes System eingef\u00fchrt, das strenge interne Prozesse, Initiativen zur kontinuierlichen Verbesserung und schlanke Produktionstechniken umfasst.  <\/p>\n<p>Unser Engagement f\u00fcr Qualit\u00e4t beginnt bei unserem Team. Wir sind davon \u00fcberzeugt, dass ein sicheres und produktives Arbeitsumfeld unerl\u00e4sslich ist, um unseren Kunden einen Mehrwert bieten zu k\u00f6nnen. Daher legen wir gro\u00dfen Wert auf die Schaffung eines integrativen Arbeitsplatzes, der die Vielfalt sch\u00e4tzt und das Wachstum f\u00f6rdert. Unsere Richtlinien betonen die Chancengleichheit und zielen darauf ab, die einzigartigen Erfahrungen und F\u00e4higkeiten unserer Mitarbeiter zu nutzen, damit sie sich entfalten und zum Erfolg von SAMON beitragen k\u00f6nnen.   <\/p>\n<p><strong>Kontinuierliche Verbesserung: Ein Grundprinzip<\/strong><\/p>\n<p>Bei SAMON haben wir uns der Philosophie der kontinuierlichen Verbesserung verschrieben. Wir bewerten regelm\u00e4\u00dfig unsere Prozesse und Produkte, um Verbesserungsm\u00f6glichkeiten zu identifizieren. Dieses Engagement stellt sicher, dass unsere Kunden Produkte und Dienstleistungen von h\u00f6chster Qualit\u00e4t erhalten, die ihnen helfen, in einem wettbewerbsintensiven Markt die Nase vorn zu haben.  <\/p>\n<p>Wir setzen die Prinzipien der schlanken Produktion um, konzentrieren uns auf langfristige Ziele und beseitigen Ineffizienzen, die unseren Kunden keinen Mehrwert bringen. Unser Ansatz ist ganzheitlich und ber\u00fccksichtigt den gesamten Produktlebenszyklus, vom ersten Entwurf bis zur Auslieferung und dar\u00fcber hinaus. Mit diesem Fokus stellen wir sicher, dass unsere Produkte nicht nur zuverl\u00e4ssig, sondern auch wettbewerbsf\u00e4hig und zukunftsorientiert sind.  <\/p>\n<p><strong>Qualit\u00e4tssicherung und Zertifizierung<\/strong><\/p>\n<p>Unser Engagement f\u00fcr Qualit\u00e4t spiegelt sich in der Einhaltung international anerkannter Standards wider. SAMON ist stolz darauf, nach<strong> ISO 9001:2015<\/strong> zertifiziert zu sein, was ein Beweis f\u00fcr unser robustes Qualit\u00e4tsmanagementsystem ist. Diese Zertifizierung gew\u00e4hrleistet, dass unsere Prozesse effizient und effektiv sind und kontinuierlich Produkte liefern, die die Erwartungen unserer Kunden erf\u00fcllen oder \u00fcbertreffen.  <\/p>\n<p>Wir \u00fcberwachen unsere Qualit\u00e4tsziele kontinuierlich auf verschiedenen Ebenen, einschlie\u00dflich der Projekt-, Produktions- und Abteilungsstufen. Diese werden regelm\u00e4\u00dfig auf Managementebene \u00fcberpr\u00fcft und unserem Vorstand berichtet, um sicherzustellen, dass die Qualit\u00e4t im gesamten Unternehmen oberste Priorit\u00e4t hat. <\/p>\n<p>Zus\u00e4tzlich zu unserer <b>ISO 9001-Zertifizierung<\/b> ist SAMON stolz darauf, auch nach <b>ISO 14001<\/b> und <b>ISO 45001<\/b> (beantragt) zertifiziert zu sein, was unser Engagement f\u00fcr \u00f6kologische Nachhaltigkeit sowie Gesundheit und Sicherheit am Arbeitsplatz unterstreicht. <b>ISO 14001<\/b> stellt sicher, dass unsere Umweltmanagementpraktiken unsere Auswirkungen auf die Umwelt minimieren, w\u00e4hrend <strong>ISO 45001<\/strong> (beantragt) unser Engagement f\u00fcr einen sicheren und gesunden Arbeitsplatz f\u00fcr alle Mitarbeiter widerspiegelt. Diese Zertifizierungen unterstreichen unseren ganzheitlichen Qualit\u00e4tsansatz und stellen sicher, dass unsere Produkte nicht nur zuverl\u00e4ssig sind, sondern auch auf verantwortungsvolle und nachhaltige Weise hergestellt werden. <\/p>\n<p><strong>Erweiterte Inspektion und Pr\u00fcfung<\/strong><\/p>\n<p>Bei SAMON \u00fcberlassen wir nichts dem Zufall. Jedes Produkt wird gr\u00fcndlich getestet und gepr\u00fcft, um sicherzustellen, dass es unseren hohen Standards entspricht.   <\/p>\n<p>Dank unserer fortschrittlichen Test- und Kalibrierverfahren k\u00f6nnen wir selbst die kleinsten Fehler erkennen und sicherstellen, dass jedes Produkt, das unser Haus verl\u00e4sst, einwandfrei ist. Diese Liebe zum Detail garantiert, dass unsere Kunden nur die besten und zuverl\u00e4ssigsten Gasdetektionssysteme auf dem Markt erhalten. <\/p>\n<p><strong>Lieferantenbeziehungen und ethische Beschaffung<\/strong><\/p>\n<p>Wir wissen, dass die Qualit\u00e4t unserer Produkte eng mit der Qualit\u00e4t unserer Lieferkette verbunden ist. Aus diesem Grund unterh\u00e4lt SAMON enge Beziehungen zu einer Vielzahl von Lieferanten. Wir f\u00fchren regelm\u00e4\u00dfig Audits durch, um sicherzustellen, dass unsere Partner unsere strengen Qualit\u00e4tsanforderungen und ethischen Gesch\u00e4ftspraktiken einhalten. Dieser strategische Ansatz bei der Beschaffung stellt sicher, dass unsere Produkte nicht nur von h\u00f6chster Qualit\u00e4t sind, sondern auch aus ethischen und nachhaltigen Quellen stammen.   <\/p>\n<p><strong>Engagement f\u00fcr Nachhaltigkeit<\/strong><\/p>\n<p>Im Rahmen unserer Qualit\u00e4tsinitiativen <a href=\"https:\/\/samon.com\/sustainability\/\">engagieren<\/a> wir uns auch stark <a href=\"https:\/\/samon.com\/sustainability\/\">f\u00fcr Nachhaltigkeit<\/a>. Unsere Produkte sind nicht nur so konzipiert, dass sie den heutigen Anforderungen entsprechen, sondern auch so, dass sie an zuk\u00fcnftige Bed\u00fcrfnisse angepasst werden k\u00f6nnen. Dieser zukunftssichere Ansatz ist in einer sich schnell ver\u00e4ndernden Branche, in der Umweltaspekte immer wichtiger werden, unerl\u00e4sslich.  <\/p>\n<p>Wenn Sie sich f\u00fcr SAMON entscheiden, gehen Sie eine Partnerschaft mit einem Unternehmen ein, das Wert auf Qualit\u00e4t, Innovation und Nachhaltigkeit legt. Wir helfen Ihnen dabei, Ihre Ziele mit einfach zuverl\u00e4ssigen Gasdetektionsl\u00f6sungen zu erreichen. <\/p>\n<\/div>\n<\/div>\n<\/div>\n<\/div>\n<\/div>\n<\/div>\n<\/div>\n<\/div>\n<\/div>\n<\/div>\n<\/div>\n<\/div>\n<\/div>\n<\/div>\n<div>\n<div>\n<div>\n<form aria-haspopup=\"dialog\" aria-expanded=\"false\" aria-controls=\"radix-:r5c:\" data-state=\"closed\">\n<div>\n<div>\n<div>\n<div>\n<div> <\/div>\n<\/div>\n<\/div>\n<\/div>\n<\/div>\n<\/form>\n<\/div>\n<\/div>\n<\/div>\n\t\t\t\t\t\t\t\t<\/div>\n\t\t\t\t<\/div>\n\t\t\t\t<\/div>\n\t\t\t\t\t<\/div>\n\t\t\t\t<\/div>\n\t\t\t\t<\/div>\n\t\t","protected":false},"excerpt":{"rendered":"<p>Qualit\u00e4t Qualit\u00e4t &amp; Zertifizierung Bei SAMON ist unser Engagement f\u00fcr Qualit\u00e4t das Fundament, auf dem wir alles aufbauen. Unser Ziel ist einfach: Wir wollen unseren Kunden die zuverl\u00e4ssigsten und fortschrittlichsten Gasdetektionsl\u00f6sungen der Branche bieten und so f\u00fcr Sicherheit, Effizienz und Seelenfrieden sorgen. Unser Ansatz f\u00fcr Qualit\u00e4t Qualit\u00e4t ist bei SAMON nicht nur ein K\u00e4stchen zum [&hellip;]<\/p>\n","protected":false},"author":1,"featured_media":0,"parent":0,"menu_order":0,"comment_status":"closed","ping_status":"closed","template":"","meta":{"_monsterinsights_skip_tracking":false,"_monsterinsights_sitenote_active":false,"_monsterinsights_sitenote_note":"","_monsterinsights_sitenote_category":0,"footnotes":""},"class_list":["post-12187","page","type-page","status-publish","hentry"],"aioseo_notices":[],"_links":{"self":[{"href":"https:\/\/samon.com\/de\/wp-json\/wp\/v2\/pages\/12187","targetHints":{"allow":["GET"]}}],"collection":[{"href":"https:\/\/samon.com\/de\/wp-json\/wp\/v2\/pages"}],"about":[{"href":"https:\/\/samon.com\/de\/wp-json\/wp\/v2\/types\/page"}],"author":[{"embeddable":true,"href":"https:\/\/samon.com\/de\/wp-json\/wp\/v2\/users\/1"}],"replies":[{"embeddable":true,"href":"https:\/\/samon.com\/de\/wp-json\/wp\/v2\/comments?post=12187"}],"version-history":[{"count":1,"href":"https:\/\/samon.com\/de\/wp-json\/wp\/v2\/pages\/12187\/revisions"}],"predecessor-version":[{"id":12193,"href":"https:\/\/samon.com\/de\/wp-json\/wp\/v2\/pages\/12187\/revisions\/12193"}],"wp:attachment":[{"href":"https:\/\/samon.com\/de\/wp-json\/wp\/v2\/media?parent=12187"}],"curies":[{"name":"wp","href":"https:\/\/api.w.org\/{rel}","templated":true}]}}