{"id":12160,"date":"2024-05-27T11:19:24","date_gmt":"2024-05-27T09:19:24","guid":{"rendered":"https:\/\/samon.com\/datenschutzbestimmungen\/"},"modified":"2024-10-23T15:02:56","modified_gmt":"2024-10-23T13:02:56","slug":"datenschutzbestimmungen","status":"publish","type":"page","link":"https:\/\/samon.com\/de\/datenschutzbestimmungen\/","title":{"rendered":"Datenschutzbestimmungen"},"content":{"rendered":"\t\t<div data-elementor-type=\"wp-page\" data-elementor-id=\"12160\" class=\"elementor elementor-12160 elementor-4821\" data-elementor-post-type=\"page\">\n\t\t\t\t<div class=\"elementor-element elementor-element-baa5f06 e-flex e-con-boxed e-con e-parent\" data-id=\"baa5f06\" data-element_type=\"container\">\n\t\t\t\t\t<div class=\"e-con-inner\">\n\t\t\t\t<div class=\"elementor-element elementor-element-5309629 elementor-widget elementor-widget-heading\" data-id=\"5309629\" data-element_type=\"widget\" data-widget_type=\"heading.default\">\n\t\t\t\t<div class=\"elementor-widget-container\">\n\t\t\t\t\t<h2 class=\"elementor-heading-title elementor-size-default\">Datenschutzbestimmungen<\/h2>\t\t\t\t<\/div>\n\t\t\t\t<\/div>\n\t\t\t\t\t<\/div>\n\t\t\t\t<\/div>\n\t\t<div class=\"elementor-element elementor-element-8e46d75 e-flex e-con-boxed e-con e-parent\" data-id=\"8e46d75\" data-element_type=\"container\">\n\t\t\t\t\t<div class=\"e-con-inner\">\n\t\t\t\t<div class=\"elementor-element elementor-element-1de9123 elementor-widget elementor-widget-text-editor\" data-id=\"1de9123\" data-element_type=\"widget\" data-widget_type=\"text-editor.default\">\n\t\t\t\t<div class=\"elementor-widget-container\">\n\t\t\t\t\t\t\t\t\t<p>SAMON<span style=\"font-size: 16px;\">  (&#8222;wir&#8220;, &#8222;unser&#8220; oder &#8222;uns&#8220;) verpflichtet sich, Ihre Privatsph\u00e4re zu sch\u00fctzen und zu respektieren. Diese Datenschutzrichtlinie beschreibt, wie wir Ihre Daten erfassen, verwenden, weitergeben und sch\u00fctzen, wenn Sie unsere Website www.samon.com (die &#8222;Website&#8220;) besuchen. Bitte lesen Sie diese Richtlinie sorgf\u00e4ltig durch, um unsere Ansichten und Praktiken in Bezug auf Ihre pers\u00f6nlichen Daten und den Umgang mit ihnen zu verstehen. Indem Sie unsere Website nutzen, erkl\u00e4ren Sie sich mit den Bedingungen dieser Datenschutzrichtlinie einverstanden.   <\/span><\/p>\n<p><strong>Informationen, die wir sammeln<br \/><\/strong><br \/> Wir k\u00f6nnen die folgenden Daten \u00fcber Sie sammeln und verarbeiten:<br \/>&#8211; Pers\u00f6nliche Identifikationsdaten: Name, E-Mail-Adresse, Telefonnummer, usw.<br \/>&#8211; Technische Daten: IP-Adresse, Browsertyp, Betriebssystem, Ger\u00e4teinformationen und andere technische Daten, die \u00fcber Cookies und \u00e4hnliche Technologien erfasst werden.<br \/>&#8211; Nutzungsdaten: Informationen dar\u00fcber, wie Sie unsere Website, Produkte und Dienstleistungen nutzen.<br \/>&#8211; Marketing- und Kommunikationsdaten: Ihre Pr\u00e4ferenzen beim Erhalt von Marketing von uns und Ihre Kommunikationspr\u00e4ferenzen.<\/p>\n<p><strong>Wie wir Ihre Informationen verwenden<\/strong><br \/>Wir verwenden die von uns erfassten Informationen auf folgende Weise:<br \/>&#8211; Zur Bereitstellung und Pflege unserer Website: Einschlie\u00dflich zur \u00dcberwachung der Nutzung unserer Website.<br \/>&#8211; Um Ihr Konto zu verwalten: Um Ihre Registrierung als Nutzer der Website zu verwalten.<br \/>&#8211; Um Sie zu kontaktieren: Um Sie per E-Mail, Telefonanrufe, SMS oder andere gleichwertige Formen der elektronischen Kommunikation bez\u00fcglich Aktualisierungen oder informativer Mitteilungen in Bezug auf Funktionen, Produkte oder vertraglich vereinbarte Dienstleistungen, einschlie\u00dflich Sicherheitsaktualisierungen, zu kontaktieren, wenn dies f\u00fcr deren Umsetzung notwendig oder sinnvoll ist.<br \/>&#8211; Um Sie mit Neuigkeiten, Sonderangeboten und allgemeinen Informationen zu versorgen: \u00dcber andere Waren, Dienstleistungen und Veranstaltungen, die wir anbieten und die denen \u00e4hneln, die Sie bereits gekauft oder angefragt haben, es sei denn, Sie haben sich dagegen entschieden, solche Informationen zu erhalten.<br \/>&#8211; Um Ihre Anfragen zu verwalten: Zur Bearbeitung und Verwaltung Ihrer Anfragen an uns.<\/p>\n<p><strong>Rechtsgrundlage f\u00fcr die Verarbeitung personenbezogener Daten<\/strong><br \/>Wir st\u00fctzen uns auf die folgenden Rechtsgrundlagen f\u00fcr die Verarbeitung Ihrer personenbezogenen Daten:<br \/>&#8211; Einwilligung: Sie haben Ihre Einwilligung f\u00fcr einen oder mehrere bestimmte Zwecke gegeben.<br \/>&#8211; Vertrag: Die Verarbeitung ist f\u00fcr die Erf\u00fcllung eines Vertrags mit Ihnen und\/oder f\u00fcr vorvertragliche Verpflichtungen erforderlich.<br \/>&#8211; Gesetzliche Verpflichtungen: Die Verarbeitung ist f\u00fcr die Erf\u00fcllung einer rechtlichen Verpflichtung erforderlich, der SAMON unterliegt.<br \/>&#8211; Berechtigte Interessen: Die Verarbeitung ist f\u00fcr die Zwecke der von SAMON verfolgten berechtigten Interessen erforderlich.<\/p>\n<p><strong>Cookies<\/strong><br \/>Wir verwenden Cookies und \u00e4hnliche Tracking-Technologien, um die Aktivit\u00e4ten auf unserer Website zu verfolgen und bestimmte Informationen zu speichern. Cookies sind Dateien mit einer kleinen Menge an Daten, die eine anonyme eindeutige Kennung enthalten k\u00f6nnen. Sie k\u00f6nnen Ihren Browser so einstellen, dass er alle Cookies ablehnt oder anzeigt, wenn ein Cookie gesendet wird. Wenn Sie jedoch keine Cookies akzeptieren, k\u00f6nnen Sie m\u00f6glicherweise einige Teile unserer Website nicht nutzen.   <\/p>\n<p><strong>Weitergabe und Offenlegung von Daten<\/strong><br \/>Wir verkaufen Ihre pers\u00f6nlichen Daten nicht, tauschen sie nicht aus und geben sie auch nicht anderweitig an Dritte weiter, au\u00dfer wie im Folgenden beschrieben:<br \/>&#8211; Service Providers: Wir k\u00f6nnen Drittunternehmen und Einzelpersonen damit beauftragen, unsere Website zu erleichtern, den Dienst in unserem Namen zu erbringen, Website-bezogene Dienste zu leisten oder uns bei der Analyse der Nutzung unserer Website zu unterst\u00fctzen.<br \/>&#8211; Gesetzliche Anforderungen: SAMON kann Ihre pers\u00f6nlichen Daten in dem guten Glauben offenlegen, dass eine solche Ma\u00dfnahme notwendig ist, um einer gesetzlichen Verpflichtung nachzukommen, die Rechte oder das Eigentum von SAMON zu sch\u00fctzen und zu verteidigen, m\u00f6gliches Fehlverhalten im Zusammenhang mit der Website zu verhindern oder zu untersuchen, die pers\u00f6nliche Sicherheit der Benutzer der Website oder der \u00d6ffentlichkeit zu sch\u00fctzen oder sich vor rechtlicher Haftung zu sch\u00fctzen.<\/p>\n<p><strong>Datensicherheit<\/strong><br \/>Wir nehmen die Sicherheit Ihrer Daten ernst und haben angemessene technische und organisatorische Ma\u00dfnahmen ergriffen, um Ihre pers\u00f6nlichen Daten vor unbefugtem Zugriff, Diebstahl und Verlust zu sch\u00fctzen. Bitte beachten Sie jedoch, dass keine Methode der \u00dcbertragung \u00fcber das Internet oder der elektronischen Speicherung 100% sicher ist und wir keine absolute Sicherheit garantieren k\u00f6nnen. <\/p>\n<p><strong>Datenaufbewahrung<\/strong><br \/>Wir werden Ihre pers\u00f6nlichen Daten nur so lange aufbewahren, wie es f\u00fcr die in dieser Datenschutzrichtlinie genannten Zwecke erforderlich ist. Wir werden Ihre pers\u00f6nlichen Daten in dem Umfang aufbewahren und verwenden, der notwendig ist, um unseren rechtlichen Verpflichtungen nachzukommen, Streitigkeiten beizulegen und unsere rechtlichen Vereinbarungen und Richtlinien durchzusetzen. <\/p>\n<p><strong>Ihre Datenschutzrechte<\/strong><br \/>Nach der DSGVO haben Sie die folgenden Rechte:<br \/>&#8211; Recht auf Zugang: Sie haben das Recht, Kopien Ihrer pers\u00f6nlichen Daten anzufordern.<br \/>&#8211; Recht auf Richtigstellung: Sie haben das Recht, uns aufzufordern, Informationen zu korrigieren, die Sie f\u00fcr unrichtig halten, oder Informationen zu vervollst\u00e4ndigen, die Sie f\u00fcr unvollst\u00e4ndig halten.<br \/>&#8211; Recht auf L\u00f6schung: Sie haben das Recht, unter bestimmten Bedingungen zu verlangen, dass wir Ihre personenbezogenen Daten l\u00f6schen.<br \/>&#8211; Recht auf Einschr\u00e4nkung der Verarbeitung: Sie haben das Recht, unter bestimmten Bedingungen zu verlangen, dass wir die Verarbeitung Ihrer personenbezogenen Daten einschr\u00e4nken.<br \/>&#8211; Recht auf Widerspruch gegen die Verarbeitung: Sie haben das Recht, der Verarbeitung Ihrer personenbezogenen Daten durch uns unter bestimmten Bedingungen zu widersprechen.<br \/>&#8211; Recht auf Daten\u00fcbertragbarkeit: Sie haben das Recht, unter bestimmten Bedingungen zu verlangen, dass wir die von uns erfassten Daten an eine andere Organisation oder direkt an Sie \u00fcbertragen.<\/p>\n<p>Wenn Sie eine Anfrage stellen, haben wir einen Monat Zeit, Ihnen zu antworten. Wenn Sie eines dieser Rechte aus\u00fcben m\u00f6chten, kontaktieren Sie uns bitte unter den unten angegebenen Kontaktdaten. <\/p>\n<p><strong>Kontaktinformationen<\/strong><br \/>Wenn Sie Fragen zu dieser Datenschutzrichtlinie haben, kontaktieren Sie uns bitte:<br \/>&#8211; Per E-Mail: info@samon.com<br \/>&#8211; \u00dcber diese Seite auf unserer Website: www.samon.com\/contact<br \/>&#8211; Per Telefon: +46 40 15 58 59<br \/>&#8211; Per Post: SAMON AB, Modemgatan 2, 235 39 Vellinge, Schweden.<\/p>\n<p><strong>\u00c4nderungen an dieser Datenschutzrichtlinie<\/strong><br \/>Wir k\u00f6nnen unsere Datenschutzrichtlinie von Zeit zu Zeit aktualisieren. Wir werden Sie \u00fcber alle \u00c4nderungen informieren, indem wir die neue Datenschutzrichtlinie auf dieser Seite ver\u00f6ffentlichen. Wir empfehlen Ihnen, diese Datenschutzrichtlinie regelm\u00e4\u00dfig auf \u00c4nderungen zu \u00fcberpr\u00fcfen. \u00c4nderungen an dieser Datenschutzrichtlinie treten in Kraft, wenn sie auf dieser Seite ver\u00f6ffentlicht werden.   <\/p>\n<p>Zuletzt aktualisiert: 27. Mai 2024 <\/p>\n\t\t\t\t\t\t\t\t<\/div>\n\t\t\t\t<\/div>\n\t\t\t\t\t<\/div>\n\t\t\t\t<\/div>\n\t\t\t\t<\/div>\n\t\t","protected":false},"excerpt":{"rendered":"<p>Datenschutzbestimmungen SAMON (&#8222;wir&#8220;, &#8222;unser&#8220; oder &#8222;uns&#8220;) verpflichtet sich, Ihre Privatsph\u00e4re zu sch\u00fctzen und zu respektieren. Diese Datenschutzrichtlinie beschreibt, wie wir Ihre Daten erfassen, verwenden, weitergeben und sch\u00fctzen, wenn Sie unsere Website www.samon.com (die &#8222;Website&#8220;) besuchen. Bitte lesen Sie diese Richtlinie sorgf\u00e4ltig durch, um unsere Ansichten und Praktiken in Bezug auf Ihre pers\u00f6nlichen Daten und den [&hellip;]<\/p>\n","protected":false},"author":1,"featured_media":0,"parent":0,"menu_order":0,"comment_status":"closed","ping_status":"closed","template":"","meta":{"_monsterinsights_skip_tracking":false,"_monsterinsights_sitenote_active":false,"_monsterinsights_sitenote_note":"","_monsterinsights_sitenote_category":0,"footnotes":""},"class_list":["post-12160","page","type-page","status-publish","hentry"],"aioseo_notices":[],"_links":{"self":[{"href":"https:\/\/samon.com\/de\/wp-json\/wp\/v2\/pages\/12160","targetHints":{"allow":["GET"]}}],"collection":[{"href":"https:\/\/samon.com\/de\/wp-json\/wp\/v2\/pages"}],"about":[{"href":"https:\/\/samon.com\/de\/wp-json\/wp\/v2\/types\/page"}],"author":[{"embeddable":true,"href":"https:\/\/samon.com\/de\/wp-json\/wp\/v2\/users\/1"}],"replies":[{"embeddable":true,"href":"https:\/\/samon.com\/de\/wp-json\/wp\/v2\/comments?post=12160"}],"version-history":[{"count":1,"href":"https:\/\/samon.com\/de\/wp-json\/wp\/v2\/pages\/12160\/revisions"}],"predecessor-version":[{"id":12161,"href":"https:\/\/samon.com\/de\/wp-json\/wp\/v2\/pages\/12160\/revisions\/12161"}],"wp:attachment":[{"href":"https:\/\/samon.com\/de\/wp-json\/wp\/v2\/media?parent=12160"}],"curies":[{"name":"wp","href":"https:\/\/api.w.org\/{rel}","templated":true}]}}