{"id":12151,"date":"2024-06-13T08:39:03","date_gmt":"2024-06-13T06:39:03","guid":{"rendered":"https:\/\/samon.com\/gewerbliche-kuehlgeraete-kuehlvitrinen\/"},"modified":"2025-01-30T16:55:27","modified_gmt":"2025-01-30T15:55:27","slug":"gewerbliche-kuehlgeraete-kuehlvitrinen","status":"publish","type":"page","link":"https:\/\/samon.com\/de\/gewerbliche-kuehlgeraete-kuehlvitrinen\/","title":{"rendered":"Gewerbliche K\u00fchlger\u00e4te und K\u00fchlvitrinen"},"content":{"rendered":"\t\t<div data-elementor-type=\"wp-page\" data-elementor-id=\"12151\" class=\"elementor elementor-12151 elementor-6599\" data-elementor-post-type=\"page\">\n\t\t\t\t<div class=\"elementor-element elementor-element-027eb22 e-con-full e-flex e-con e-parent\" data-id=\"027eb22\" data-element_type=\"container\">\n\t\t\t\t<div class=\"elementor-element elementor-element-e316d3e elementor--h-position-center elementor--v-position-middle elementor-arrows-position-inside elementor-pagination-position-inside elementor-widget elementor-widget-slides\" data-id=\"e316d3e\" data-element_type=\"widget\" data-settings=\"{&quot;navigation&quot;:&quot;both&quot;,&quot;autoplay&quot;:&quot;yes&quot;,&quot;pause_on_hover&quot;:&quot;yes&quot;,&quot;pause_on_interaction&quot;:&quot;yes&quot;,&quot;autoplay_speed&quot;:5000,&quot;infinite&quot;:&quot;yes&quot;,&quot;transition&quot;:&quot;slide&quot;,&quot;transition_speed&quot;:500}\" data-widget_type=\"slides.default\">\n\t\t\t\t<div class=\"elementor-widget-container\">\n\t\t\t\t\t\t\t\t\t<div class=\"elementor-swiper\">\n\t\t\t\t\t<div class=\"elementor-slides-wrapper elementor-main-swiper swiper\" role=\"region\" aria-roledescription=\"carousel\" aria-label=\"Slides\" dir=\"ltr\" data-animation=\"fadeInUp\">\n\t\t\t\t<div class=\"swiper-wrapper elementor-slides\">\n\t\t\t\t\t\t\t\t\t\t<div class=\"elementor-repeater-item-4665ef6 swiper-slide\" role=\"group\" aria-roledescription=\"slide\"><div class=\"swiper-slide-bg elementor-ken-burns elementor-ken-burns--in\" role=\"img\" aria-label=\"hero-display-icecream\"><\/div><div class=\"swiper-slide-inner\" ><div class=\"swiper-slide-contents\"><div class=\"elementor-slide-heading\">Gewerbliche K\u00fchlger\u00e4te und K\u00fchlvitrinen<\/div><\/div><\/div><\/div>\t\t\t\t<\/div>\n\t\t\t\t\t\t\t<\/div>\n\t\t\t\t<\/div>\n\t\t\t\t\t\t\t\t<\/div>\n\t\t\t\t<\/div>\n\t\t\t\t<\/div>\n\t\t<div class=\"elementor-element elementor-element-b058bb2 e-flex e-con-boxed e-con e-parent\" data-id=\"b058bb2\" data-element_type=\"container\">\n\t\t\t\t\t<div class=\"e-con-inner\">\n\t\t\t\t<div class=\"elementor-element elementor-element-3f0244e elementor-widget elementor-widget-heading\" data-id=\"3f0244e\" data-element_type=\"widget\" data-widget_type=\"heading.default\">\n\t\t\t\t<div class=\"elementor-widget-container\">\n\t\t\t\t\t<h2 class=\"elementor-heading-title elementor-size-default\">K\u00e4ltemittel\u00fcberwachung bei gewerblichen K\u00fchlger\u00e4ten und K\u00fchlvitrinen<\/h2>\t\t\t\t<\/div>\n\t\t\t\t<\/div>\n\t\t\t\t<div class=\"elementor-element elementor-element-192fcf7 elementor-widget elementor-widget-text-editor\" data-id=\"192fcf7\" data-element_type=\"widget\" data-widget_type=\"text-editor.default\">\n\t\t\t\t<div class=\"elementor-widget-container\">\n\t\t\t\t\t\t\t\t\t<p>In der heutigen Zeit kann die Bedeutung sicherer, effizienter und umweltfreundlicher K\u00fchlsysteme gar nicht hoch genug eingesch\u00e4tzt werden. F\u00fcr W\u00e4rmepumpen und K\u00fchlvitrinen ist die Implementierung robuster Systeme zur Erkennung von K\u00e4ltemittelgasen entscheidend. Diese Systeme helfen dabei, Lecks von Gasen mit niedrigem Treibhauspotenzial aufzusp\u00fcren, die sich aufgrund ihrer geringeren Umweltauswirkungen im Vergleich zu herk\u00f6mmlichen K\u00e4ltemitteln immer st\u00e4rker durchsetzen.  <\/p>\n\t\t\t\t\t\t\t\t<\/div>\n\t\t\t\t<\/div>\n\t\t\t\t\t<\/div>\n\t\t\t\t<\/div>\n\t\t<div class=\"elementor-element elementor-element-7986ee4 e-flex e-con-boxed e-con e-parent\" data-id=\"7986ee4\" data-element_type=\"container\">\n\t\t\t\t\t<div class=\"e-con-inner\">\n\t\t<div class=\"elementor-element elementor-element-96ad1e9 e-grid e-con-boxed e-con e-child\" data-id=\"96ad1e9\" data-element_type=\"container\">\n\t\t\t\t\t<div class=\"e-con-inner\">\n\t\t<div class=\"elementor-element elementor-element-39a88a1 e-flex e-con-boxed e-con e-child\" data-id=\"39a88a1\" data-element_type=\"container\">\n\t\t\t\t\t<div class=\"e-con-inner\">\n\t\t\t\t<div class=\"elementor-element elementor-element-f72442b elementor-widget elementor-widget-heading\" data-id=\"f72442b\" data-element_type=\"widget\" data-widget_type=\"heading.default\">\n\t\t\t\t<div class=\"elementor-widget-container\">\n\t\t\t\t\t<h2 class=\"elementor-heading-title elementor-size-default\">Klein und geringer Wartungsaufwand <\/h2>\t\t\t\t<\/div>\n\t\t\t\t<\/div>\n\t\t\t\t<div class=\"elementor-element elementor-element-44514f1 elementor-widget elementor-widget-text-editor\" data-id=\"44514f1\" data-element_type=\"widget\" data-widget_type=\"text-editor.default\">\n\t\t\t\t<div class=\"elementor-widget-container\">\n\t\t\t\t\t\t\t\t\t<p>Moderne K\u00e4ltemittelgasdetektoren sind kompakt und wartungsarm und eignen sich daher ideal f\u00fcr den Einbau in W\u00e4rmepumpen und Vitrinen. Ihre geringe Gr\u00f6\u00dfe erm\u00f6glicht eine einfache Installation in kompakten Geh\u00e4usen, ohne die Leistung zu beeintr\u00e4chtigen. <\/p>\n<p>K\u00e4ltemitteldetektoren, die in gewerbliche K\u00fchlger\u00e4te integriert sind, erfordern nur minimale Wartung und haben eine Lebensdauer von \u00fcber 10 Jahren. Dies senkt die Gesamtbetriebskosten erheblich und gew\u00e4hrleistet eine langfristige Zuverl\u00e4ssigkeit, die der UL 60335-2-89 entspricht. <\/p>\n\t\t\t\t\t\t\t\t<\/div>\n\t\t\t\t<\/div>\n\t\t\t\t\t<\/div>\n\t\t\t\t<\/div>\n\t\t\t\t<div class=\"elementor-element elementor-element-31ca1f0 elementor-widget elementor-widget-image\" data-id=\"31ca1f0\" data-element_type=\"widget\" data-widget_type=\"image.default\">\n\t\t\t\t<div class=\"elementor-widget-container\">\n\t\t\t\t\t\t\t\t\t\t\t\t\t\t\t<img fetchpriority=\"high\" decoding=\"async\" width=\"800\" height=\"800\" src=\"https:\/\/samon.com\/wp-content\/uploads\/2024\/06\/micro-square-1024x1024.png\" class=\"attachment-large size-large wp-image-5980\" alt=\"GLACI\u00c4R MICRO refrigerant gas detector\" srcset=\"https:\/\/samon.com\/wp-content\/uploads\/2024\/06\/micro-square-1024x1024.png 1024w, https:\/\/samon.com\/wp-content\/uploads\/2024\/06\/micro-square-300x300.png 300w, https:\/\/samon.com\/wp-content\/uploads\/2024\/06\/micro-square-150x150.png 150w, https:\/\/samon.com\/wp-content\/uploads\/2024\/06\/micro-square-768x768.png 768w, https:\/\/samon.com\/wp-content\/uploads\/2024\/06\/micro-square-1536x1536.png 1536w, https:\/\/samon.com\/wp-content\/uploads\/2024\/06\/micro-square.png 1920w\" sizes=\"(max-width: 800px) 100vw, 800px\" \/>\t\t\t\t\t\t\t\t\t\t\t\t\t\t\t<\/div>\n\t\t\t\t<\/div>\n\t\t\t\t\t<\/div>\n\t\t\t\t<\/div>\n\t\t\t\t\t<\/div>\n\t\t\t\t<\/div>\n\t\t<div class=\"elementor-element elementor-element-a7abaa1 e-flex e-con-boxed e-con e-parent\" data-id=\"a7abaa1\" data-element_type=\"container\">\n\t\t\t\t\t<div class=\"e-con-inner\">\n\t\t<div class=\"elementor-element elementor-element-fb17c8f e-grid e-con-boxed e-con e-child\" data-id=\"fb17c8f\" data-element_type=\"container\">\n\t\t\t\t\t<div class=\"e-con-inner\">\n\t\t\t\t<div class=\"elementor-element elementor-element-bef4495 elementor-widget elementor-widget-image\" data-id=\"bef4495\" data-element_type=\"widget\" data-widget_type=\"image.default\">\n\t\t\t\t<div class=\"elementor-widget-container\">\n\t\t\t\t\t\t\t\t\t\t\t\t\t\t\t<img decoding=\"async\" width=\"800\" height=\"534\" src=\"https:\/\/samon.com\/wp-content\/uploads\/2024\/05\/hands-earth-globe-1024x683.jpg\" class=\"attachment-large size-large wp-image-5140\" alt=\"Hands holding globe\" srcset=\"https:\/\/samon.com\/wp-content\/uploads\/2024\/05\/hands-earth-globe-1024x683.jpg 1024w, https:\/\/samon.com\/wp-content\/uploads\/2024\/05\/hands-earth-globe-300x200.jpg 300w, https:\/\/samon.com\/wp-content\/uploads\/2024\/05\/hands-earth-globe-768x512.jpg 768w, https:\/\/samon.com\/wp-content\/uploads\/2024\/05\/hands-earth-globe.jpg 1200w\" sizes=\"(max-width: 800px) 100vw, 800px\" \/>\t\t\t\t\t\t\t\t\t\t\t\t\t\t\t<\/div>\n\t\t\t\t<\/div>\n\t\t<div class=\"elementor-element elementor-element-82405fb e-flex e-con-boxed e-con e-child\" data-id=\"82405fb\" data-element_type=\"container\">\n\t\t\t\t\t<div class=\"e-con-inner\">\n\t\t\t\t<div class=\"elementor-element elementor-element-2c0042a elementor-widget elementor-widget-heading\" data-id=\"2c0042a\" data-element_type=\"widget\" data-widget_type=\"heading.default\">\n\t\t\t\t<div class=\"elementor-widget-container\">\n\t\t\t\t\t<h2 class=\"elementor-heading-title elementor-size-default\">Vorteile f\u00fcr die Umwelt <\/h2>\t\t\t\t<\/div>\n\t\t\t\t<\/div>\n\t\t\t\t<div class=\"elementor-element elementor-element-3c30372 elementor-widget elementor-widget-text-editor\" data-id=\"3c30372\" data-element_type=\"widget\" data-widget_type=\"text-editor.default\">\n\t\t\t\t<div class=\"elementor-widget-container\">\n\t\t\t\t\t\t\t\t\t<p>Die Verwendung von K\u00e4ltemitteln mit niedrigem Treibhauspotenzial wie HFOs (Hydrofluorolefine) und CO2 reduziert nicht nur den CO2-Fu\u00dfabdruck, sondern steht auch im Einklang mit den globalen gesetzlichen Rahmenbedingungen, die auf die schrittweise Abschaffung von K\u00e4ltemitteln mit hohem Treibhauspotenzial abzielen. Der Einsatz von Gaserkennungssystemen stellt sicher, dass eventuelle Leckagen schnell erkannt und behoben werden, wodurch die potenziellen Auswirkungen auf die Umwelt gemindert werden und Standards wie die F-Gas-Verordnung der EU und der US AIM Act eingehalten werden. <\/p>\n\t\t\t\t\t\t\t\t<\/div>\n\t\t\t\t<\/div>\n\t\t\t\t\t<\/div>\n\t\t\t\t<\/div>\n\t\t\t\t\t<\/div>\n\t\t\t\t<\/div>\n\t\t\t\t\t<\/div>\n\t\t\t\t<\/div>\n\t\t<div class=\"elementor-element elementor-element-97b26ee e-flex e-con-boxed e-con e-parent\" data-id=\"97b26ee\" data-element_type=\"container\">\n\t\t\t\t\t<div class=\"e-con-inner\">\n\t\t<div class=\"elementor-element elementor-element-4f928b9 e-grid e-con-boxed e-con e-child\" data-id=\"4f928b9\" data-element_type=\"container\">\n\t\t\t\t\t<div class=\"e-con-inner\">\n\t\t<div class=\"elementor-element elementor-element-450a03c e-flex e-con-boxed e-con e-child\" data-id=\"450a03c\" data-element_type=\"container\">\n\t\t\t\t\t<div class=\"e-con-inner\">\n\t\t\t\t<div class=\"elementor-element elementor-element-3ea6ef2 elementor-widget elementor-widget-heading\" data-id=\"3ea6ef2\" data-element_type=\"widget\" data-widget_type=\"heading.default\">\n\t\t\t\t<div class=\"elementor-widget-container\">\n\t\t\t\t\t<h2 class=\"elementor-heading-title elementor-size-default\">Hohe Sicherheit und Einhaltung der Vorschriften<\/h2>\t\t\t\t<\/div>\n\t\t\t\t<\/div>\n\t\t\t\t<div class=\"elementor-element elementor-element-888623e elementor-widget elementor-widget-text-editor\" data-id=\"888623e\" data-element_type=\"widget\" data-widget_type=\"text-editor.default\">\n\t\t\t\t<div class=\"elementor-widget-container\">\n\t\t\t\t\t\t\t\t\t<p>K\u00e4ltemittelgasdetektoren m\u00fcssen in gewerbliche K\u00fchlger\u00e4te integriert werden, um die Einhaltung der UL 60335-2-89 zu gew\u00e4hrleisten.<\/p>\n<p>K\u00e4ltemittellecks k\u00f6nnen ein erhebliches Sicherheitsrisiko darstellen. Zudem besteht Brandgefahr.<\/p>\n<p>Fortschrittliche Gaserkennungssysteme spielen eine entscheidende Rolle bei der Vermeidung dieser Gefahren, indem sie Alarme ausl\u00f6sen und Bel\u00fcftungssysteme aktivieren, sobald ein Leck entdeckt wird. Diese schnelle Reaktion ist entscheidend f\u00fcr den Schutz von Personal, Sachwerten und Umwelt. <\/p>\n\t\t\t\t\t\t\t\t<\/div>\n\t\t\t\t<\/div>\n\t\t\t\t\t<\/div>\n\t\t\t\t<\/div>\n\t\t\t\t<div class=\"elementor-element elementor-element-eff7da6 elementor-widget elementor-widget-image\" data-id=\"eff7da6\" data-element_type=\"widget\" data-widget_type=\"image.default\">\n\t\t\t\t<div class=\"elementor-widget-container\">\n\t\t\t\t\t\t\t\t\t\t\t\t\t\t\t<img decoding=\"async\" width=\"800\" height=\"534\" src=\"https:\/\/samon.com\/wp-content\/uploads\/2024\/05\/icecream-shop-1024x684.jpg\" class=\"attachment-large size-large wp-image-5190\" alt=\"Display Case Ice Cream\" srcset=\"https:\/\/samon.com\/wp-content\/uploads\/2024\/05\/icecream-shop-1024x684.jpg 1024w, https:\/\/samon.com\/wp-content\/uploads\/2024\/05\/icecream-shop-300x200.jpg 300w, https:\/\/samon.com\/wp-content\/uploads\/2024\/05\/icecream-shop-768x513.jpg 768w, https:\/\/samon.com\/wp-content\/uploads\/2024\/05\/icecream-shop.jpg 1200w\" sizes=\"(max-width: 800px) 100vw, 800px\" \/>\t\t\t\t\t\t\t\t\t\t\t\t\t\t\t<\/div>\n\t\t\t\t<\/div>\n\t\t\t\t\t<\/div>\n\t\t\t\t<\/div>\n\t\t\t\t\t<\/div>\n\t\t\t\t<\/div>\n\t\t<div class=\"elementor-element elementor-element-33336da e-flex e-con-boxed e-con e-parent\" data-id=\"33336da\" data-element_type=\"container\">\n\t\t\t\t\t<div class=\"e-con-inner\">\n\t\t<div class=\"elementor-element elementor-element-73cd576 e-grid e-con-boxed e-con e-child\" data-id=\"73cd576\" data-element_type=\"container\">\n\t\t\t\t\t<div class=\"e-con-inner\">\n\t\t\t\t<div class=\"elementor-element elementor-element-a28b71c elementor-widget elementor-widget-image\" data-id=\"a28b71c\" data-element_type=\"widget\" data-widget_type=\"image.default\">\n\t\t\t\t<div class=\"elementor-widget-container\">\n\t\t\t\t\t\t\t\t\t\t\t\t\t\t\t<img loading=\"lazy\" decoding=\"async\" width=\"800\" height=\"800\" src=\"https:\/\/samon.com\/wp-content\/uploads\/2024\/06\/Supermarket-displaycase-square-1024x1024.jpg\" class=\"attachment-large size-large wp-image-5984\" alt=\"Super market display case\" srcset=\"https:\/\/samon.com\/wp-content\/uploads\/2024\/06\/Supermarket-displaycase-square-1024x1024.jpg 1024w, https:\/\/samon.com\/wp-content\/uploads\/2024\/06\/Supermarket-displaycase-square-300x300.jpg 300w, https:\/\/samon.com\/wp-content\/uploads\/2024\/06\/Supermarket-displaycase-square-150x150.jpg 150w, https:\/\/samon.com\/wp-content\/uploads\/2024\/06\/Supermarket-displaycase-square-768x768.jpg 768w, https:\/\/samon.com\/wp-content\/uploads\/2024\/06\/Supermarket-displaycase-square-1536x1536.jpg 1536w, https:\/\/samon.com\/wp-content\/uploads\/2024\/06\/Supermarket-displaycase-square.jpg 1920w\" sizes=\"(max-width: 800px) 100vw, 800px\" \/>\t\t\t\t\t\t\t\t\t\t\t\t\t\t\t<\/div>\n\t\t\t\t<\/div>\n\t\t<div class=\"elementor-element elementor-element-eb2a627 e-flex e-con-boxed e-con e-child\" data-id=\"eb2a627\" data-element_type=\"container\">\n\t\t\t\t\t<div class=\"e-con-inner\">\n\t\t\t\t<div class=\"elementor-element elementor-element-1167aab elementor-widget elementor-widget-heading\" data-id=\"1167aab\" data-element_type=\"widget\" data-widget_type=\"heading.default\">\n\t\t\t\t<div class=\"elementor-widget-container\">\n\t\t\t\t\t<h2 class=\"elementor-heading-title elementor-size-default\">Effizienz und Kosteneinsparungen <\/h2>\t\t\t\t<\/div>\n\t\t\t\t<\/div>\n\t\t\t\t<div class=\"elementor-element elementor-element-821b48f elementor-widget elementor-widget-text-editor\" data-id=\"821b48f\" data-element_type=\"widget\" data-widget_type=\"text-editor.default\">\n\t\t\t\t<div class=\"elementor-widget-container\">\n\t\t\t\t\t\t\t\t\t<p>Lecksuchsysteme tragen auch zur betrieblichen Effizienz bei. Durch die Aufrechterhaltung eines optimalen K\u00e4ltemittelstands sorgen sie daf\u00fcr, dass W\u00e4rmepumpen und K\u00fchlvitrinen mit maximaler Leistung arbeiten, wodurch Energieverschwendung vermieden und Betriebskosten gesenkt werden. Dies ist zum Beispiel in Superm\u00e4rkten besonders wichtig, wo der Energieverbrauch f\u00fcr die K\u00fchlung erheblich sein kann.  <\/p>\n<p>Zusammenfassend l\u00e4sst sich sagen, dass die Integration von smarten Systemen zur Erkennung von K\u00e4ltemittelgasen in W\u00e4rmepumpen und Vitrinen f\u00fcr die Sicherheit, die Effizienz und die \u00f6kologische Nachhaltigkeit unerl\u00e4sslich ist. Diese Systeme sind klein, wartungsarm und in der Lage, Gase mit niedrigem Treibhauspotenzial aufzusp\u00fcren. Sie stellen einen proaktiven Ansatz f\u00fcr das Management von K\u00e4ltemittellecks dar und gew\u00e4hrleisten die Einhaltung globaler Umweltstandards. <\/p>\n\t\t\t\t\t\t\t\t<\/div>\n\t\t\t\t<\/div>\n\t\t\t\t\t<\/div>\n\t\t\t\t<\/div>\n\t\t\t\t\t<\/div>\n\t\t\t\t<\/div>\n\t\t\t\t\t<\/div>\n\t\t\t\t<\/div>\n\t\t<div class=\"elementor-element elementor-element-a8dac8c e-con-full e-flex e-con e-parent\" data-id=\"a8dac8c\" data-element_type=\"container\">\n\t\t\t\t<div class=\"elementor-element elementor-element-c491c5b elementor-widget__width-inherit elementor-cta--skin-classic elementor-animated-content elementor-bg-transform elementor-bg-transform-zoom-in elementor-widget elementor-widget-call-to-action\" data-id=\"c491c5b\" data-element_type=\"widget\" data-widget_type=\"call-to-action.default\">\n\t\t\t\t<div class=\"elementor-widget-container\">\n\t\t\t\t\t\t\t<div class=\"elementor-cta\">\n\t\t\t\t\t<div class=\"elementor-cta__bg-wrapper\">\n\t\t\t\t<div class=\"elementor-cta__bg elementor-bg\" style=\"background-image: url(https:\/\/samon.com\/wp-content\/uploads\/2024\/05\/GLACIAR-MICROv2-1.webp);\" role=\"img\" aria-label=\"GLACIAR-MICROv2-1\"><\/div>\n\t\t\t\t<div class=\"elementor-cta__bg-overlay\"><\/div>\n\t\t\t<\/div>\n\t\t\t\t\t\t\t<div class=\"elementor-cta__content\">\n\t\t\t\t\n\t\t\t\t\t\t\t\t\t<h2 class=\"elementor-cta__title elementor-cta__content-item elementor-content-item\">\n\t\t\t\t\t\tGLACI\u00c4R MICRO\t\t\t\t\t<\/h2>\n\t\t\t\t\n\t\t\t\t\t\t\t\t\t<div class=\"elementor-cta__description elementor-cta__content-item elementor-content-item\">\n\t\t\t\t\t\t<p>Unser kleinster K\u00e4ltemittelgasdetektor. <br \/>Perfekt f\u00fcr kommerzielle K\u00fchlanwendungen und Schauk\u00e4sten.<\/p>\n\t\t\t\t\t<\/div>\n\t\t\t\t\n\t\t\t\t\t\t\t\t\t<div class=\"elementor-cta__button-wrapper elementor-cta__content-item elementor-content-item \">\n\t\t\t\t\t<a class=\"elementor-cta__button elementor-button elementor-size-\" href=\"https:\/\/samon.com\/de\/anwendungen\/kommerzieller-nachweis-von-kaltemittelgas\/glaciaer-micro\/\">\n\t\t\t\t\t\tMehr erfahren\t\t\t\t\t<\/a>\n\t\t\t\t\t<\/div>\n\t\t\t\t\t\t\t<\/div>\n\t\t\t\t\t\t<\/div>\n\t\t\t\t\t\t<\/div>\n\t\t\t\t<\/div>\n\t\t\t\t<\/div>\n\t\t\t\t<\/div>\n\t\t","protected":false},"excerpt":{"rendered":"<p>Gewerbliche K\u00fchlger\u00e4te und K\u00fchlvitrinen K\u00e4ltemittel\u00fcberwachung bei gewerblichen K\u00fchlger\u00e4ten und K\u00fchlvitrinen In der heutigen Zeit kann die Bedeutung sicherer, effizienter und umweltfreundlicher K\u00fchlsysteme gar nicht hoch genug eingesch\u00e4tzt werden. F\u00fcr W\u00e4rmepumpen und K\u00fchlvitrinen ist die Implementierung robuster Systeme zur Erkennung von K\u00e4ltemittelgasen entscheidend. Diese Systeme helfen dabei, Lecks von Gasen mit niedrigem Treibhauspotenzial aufzusp\u00fcren, die sich [&hellip;]<\/p>\n","protected":false},"author":1,"featured_media":0,"parent":0,"menu_order":0,"comment_status":"closed","ping_status":"closed","template":"","meta":{"_monsterinsights_skip_tracking":false,"_monsterinsights_sitenote_active":false,"_monsterinsights_sitenote_note":"","_monsterinsights_sitenote_category":0,"footnotes":""},"class_list":["post-12151","page","type-page","status-publish","hentry"],"aioseo_notices":[],"_links":{"self":[{"href":"https:\/\/samon.com\/de\/wp-json\/wp\/v2\/pages\/12151","targetHints":{"allow":["GET"]}}],"collection":[{"href":"https:\/\/samon.com\/de\/wp-json\/wp\/v2\/pages"}],"about":[{"href":"https:\/\/samon.com\/de\/wp-json\/wp\/v2\/types\/page"}],"author":[{"embeddable":true,"href":"https:\/\/samon.com\/de\/wp-json\/wp\/v2\/users\/1"}],"replies":[{"embeddable":true,"href":"https:\/\/samon.com\/de\/wp-json\/wp\/v2\/comments?post=12151"}],"version-history":[{"count":4,"href":"https:\/\/samon.com\/de\/wp-json\/wp\/v2\/pages\/12151\/revisions"}],"predecessor-version":[{"id":14397,"href":"https:\/\/samon.com\/de\/wp-json\/wp\/v2\/pages\/12151\/revisions\/14397"}],"wp:attachment":[{"href":"https:\/\/samon.com\/de\/wp-json\/wp\/v2\/media?parent=12151"}],"curies":[{"name":"wp","href":"https:\/\/api.w.org\/{rel}","templated":true}]}}