{"id":12141,"date":"2024-06-07T10:53:58","date_gmt":"2024-06-07T08:53:58","guid":{"rendered":"https:\/\/samon.com\/industrielle-kaeltemittelgas-detektion\/"},"modified":"2025-01-24T13:36:50","modified_gmt":"2025-01-24T12:36:50","slug":"industrielle-kaeltemittelgas-detektion","status":"publish","type":"page","link":"https:\/\/samon.com\/de\/industrielle-kaeltemittelgas-detektion\/","title":{"rendered":"K\u00e4ltemittelgas-Detektion im industriellen Ma\u00dfstab"},"content":{"rendered":"\t\t<div data-elementor-type=\"wp-page\" data-elementor-id=\"12141\" class=\"elementor elementor-12141 elementor-6069\" data-elementor-post-type=\"page\">\n\t\t\t\t<div class=\"elementor-element elementor-element-027eb22 e-con-full e-flex e-con e-parent\" data-id=\"027eb22\" data-element_type=\"container\">\n\t\t\t\t<div class=\"elementor-element elementor-element-e316d3e elementor-hidden-mobile elementor--h-position-center elementor--v-position-middle elementor-arrows-position-inside elementor-pagination-position-inside elementor-widget elementor-widget-slides\" data-id=\"e316d3e\" data-element_type=\"widget\" data-settings=\"{&quot;navigation&quot;:&quot;both&quot;,&quot;autoplay&quot;:&quot;yes&quot;,&quot;pause_on_hover&quot;:&quot;yes&quot;,&quot;pause_on_interaction&quot;:&quot;yes&quot;,&quot;autoplay_speed&quot;:5000,&quot;infinite&quot;:&quot;yes&quot;,&quot;transition&quot;:&quot;slide&quot;,&quot;transition_speed&quot;:500}\" data-widget_type=\"slides.default\">\n\t\t\t\t<div class=\"elementor-widget-container\">\n\t\t\t\t\t\t\t\t\t<div class=\"elementor-swiper\">\n\t\t\t\t\t<div class=\"elementor-slides-wrapper elementor-main-swiper swiper\" role=\"region\" aria-roledescription=\"carousel\" aria-label=\"Slides\" dir=\"ltr\" data-animation=\"fadeInUp\">\n\t\t\t\t<div class=\"swiper-wrapper elementor-slides\">\n\t\t\t\t\t\t\t\t\t\t<div class=\"elementor-repeater-item-4665ef6 swiper-slide\" role=\"group\" aria-roledescription=\"slide\"><div class=\"swiper-slide-bg elementor-ken-burns elementor-ken-burns--in\" role=\"img\" aria-label=\"hotelroom\"><\/div><div class=\"swiper-slide-inner\" ><div class=\"swiper-slide-contents\"><div class=\"elementor-slide-heading\">L\u00f6sungen zur Erkennung von K\u00e4ltemittelgasen in der K\u00e4lte- und Lebensmittelindustrie<\/div><\/div><\/div><\/div>\t\t\t\t<\/div>\n\t\t\t\t\t\t\t<\/div>\n\t\t\t\t<\/div>\n\t\t\t\t\t\t\t\t<\/div>\n\t\t\t\t<\/div>\n\t\t\t\t<\/div>\n\t\t<div class=\"elementor-element elementor-element-b058bb2 e-flex e-con-boxed e-con e-parent\" data-id=\"b058bb2\" data-element_type=\"container\">\n\t\t\t\t\t<div class=\"e-con-inner\">\n\t\t\t\t<div class=\"elementor-element elementor-element-3f0244e elementor-widget elementor-widget-heading\" data-id=\"3f0244e\" data-element_type=\"widget\" data-widget_type=\"heading.default\">\n\t\t\t\t<div class=\"elementor-widget-container\">\n\t\t\t\t\t<h2 class=\"elementor-heading-title elementor-size-default\">L\u00f6sungen zur Detektion von K\u00e4ltemittelgasen in der K\u00e4lte- und Lebensmittelindustrie <\/h2>\t\t\t\t<\/div>\n\t\t\t\t<\/div>\n\t\t\t\t<div class=\"elementor-element elementor-element-192fcf7 elementor-widget elementor-widget-text-editor\" data-id=\"192fcf7\" data-element_type=\"widget\" data-widget_type=\"text-editor.default\">\n\t\t\t\t<div class=\"elementor-widget-container\">\n\t\t\t\t\t\t\t\t\t<p>In der industriellen K\u00e4ltetechnik ist der Schutz vor K\u00e4ltemittellecks f\u00fcr die Aufrechterhaltung einer sicheren und gesetzeskonformen Umgebung unerl\u00e4sslich. Unsere fortschrittlichen Systeme zur Erkennung von K\u00e4ltemittelgasen bieten robuste, auf die industrielle Umgebungen zugeschnittene L\u00f6sungen, die eine schnelle Leckerkennung und den Schutz vor potenziellen Gefahren gew\u00e4hrleisten. <\/p>\n<p>Die Anwendungen umfassen:<\/p>\n<p><strong>K\u00fchllagerung &#8211; Tiefk\u00fchlkostverarbeitung &#8211; Eisfabriken &#8211; Eisbahnen, Stadien und Wintersportst\u00e4tten<\/strong><\/p>\n\t\t\t\t\t\t\t\t<\/div>\n\t\t\t\t<\/div>\n\t\t\t\t\t<\/div>\n\t\t\t\t<\/div>\n\t\t<div class=\"elementor-element elementor-element-7986ee4 e-flex e-con-boxed e-con e-parent\" data-id=\"7986ee4\" data-element_type=\"container\">\n\t\t\t\t\t<div class=\"e-con-inner\">\n\t\t<div class=\"elementor-element elementor-element-96ad1e9 e-grid e-con-boxed e-con e-child\" data-id=\"96ad1e9\" data-element_type=\"container\">\n\t\t\t\t\t<div class=\"e-con-inner\">\n\t\t<div class=\"elementor-element elementor-element-39a88a1 e-flex e-con-boxed e-con e-child\" data-id=\"39a88a1\" data-element_type=\"container\">\n\t\t\t\t\t<div class=\"e-con-inner\">\n\t\t\t\t<div class=\"elementor-element elementor-element-f72442b elementor-widget elementor-widget-heading\" data-id=\"f72442b\" data-element_type=\"widget\" data-widget_type=\"heading.default\">\n\t\t\t\t<div class=\"elementor-widget-container\">\n\t\t\t\t\t<h2 class=\"elementor-heading-title elementor-size-default\">Gew\u00e4hrleistung von Sicherheit und Einhaltung der Vorschriften <\/h2>\t\t\t\t<\/div>\n\t\t\t\t<\/div>\n\t\t\t\t<div class=\"elementor-element elementor-element-44514f1 elementor-widget elementor-widget-text-editor\" data-id=\"44514f1\" data-element_type=\"widget\" data-widget_type=\"text-editor.default\">\n\t\t\t\t<div class=\"elementor-widget-container\">\n\t\t\t\t\t\t\t\t\t<p>In der Industrie ist die Einhaltung von Sicherheitsbestimmungen und Vorschriften von entscheidender Bedeutung, insbesondere beim Umgang mit K\u00e4ltemitteln wie Ammoniak (NH3). Austretendes K\u00e4ltemittelgas kann giftig, explosiv und erstickend sein. <\/p>\n<p>Unsere fortschrittlichen Gaswarnsysteme sind f\u00fcr die \u00dcberwachung von Maschinenr\u00e4umen in verschiedenen Industriezweigen wie z.B. der Lebensmittelproduktion, Brauereien, Prozessindustrien konzipiert. Unsere Systeme liefern Echtzeitwarnungen und sorgen f\u00fcr sofortige Ma\u00dfnahmen, um Gefahren zu vermeiden und sowohl Personal als auch G\u00fcter zu sch\u00fctzen. <\/p>\n\t\t\t\t\t\t\t\t<\/div>\n\t\t\t\t<\/div>\n\t\t\t\t\t<\/div>\n\t\t\t\t<\/div>\n\t\t\t\t<div class=\"elementor-element elementor-element-31ca1f0 elementor-widget elementor-widget-image\" data-id=\"31ca1f0\" data-element_type=\"widget\" data-widget_type=\"image.default\">\n\t\t\t\t<div class=\"elementor-widget-container\">\n\t\t\t\t\t\t\t\t\t\t\t\t\t\t\t<img fetchpriority=\"high\" decoding=\"async\" width=\"800\" height=\"800\" src=\"https:\/\/samon.com\/wp-content\/uploads\/2024\/06\/ref-plant-square-1024x1024.jpg\" class=\"attachment-large size-large wp-image-6072\" alt=\"Refrigeration plant\" srcset=\"https:\/\/samon.com\/wp-content\/uploads\/2024\/06\/ref-plant-square-1024x1024.jpg 1024w, https:\/\/samon.com\/wp-content\/uploads\/2024\/06\/ref-plant-square-300x300.jpg 300w, https:\/\/samon.com\/wp-content\/uploads\/2024\/06\/ref-plant-square-150x150.jpg 150w, https:\/\/samon.com\/wp-content\/uploads\/2024\/06\/ref-plant-square-768x768.jpg 768w, https:\/\/samon.com\/wp-content\/uploads\/2024\/06\/ref-plant-square-1536x1536.jpg 1536w, https:\/\/samon.com\/wp-content\/uploads\/2024\/06\/ref-plant-square.jpg 1920w\" sizes=\"(max-width: 800px) 100vw, 800px\" \/>\t\t\t\t\t\t\t\t\t\t\t\t\t\t\t<\/div>\n\t\t\t\t<\/div>\n\t\t\t\t\t<\/div>\n\t\t\t\t<\/div>\n\t\t\t\t\t<\/div>\n\t\t\t\t<\/div>\n\t\t<div class=\"elementor-element elementor-element-a7abaa1 e-flex e-con-boxed e-con e-parent\" data-id=\"a7abaa1\" data-element_type=\"container\">\n\t\t\t\t\t<div class=\"e-con-inner\">\n\t\t<div class=\"elementor-element elementor-element-fb17c8f e-grid e-con-boxed e-con e-child\" data-id=\"fb17c8f\" data-element_type=\"container\">\n\t\t\t\t\t<div class=\"e-con-inner\">\n\t\t\t\t<div class=\"elementor-element elementor-element-bef4495 elementor-widget elementor-widget-image\" data-id=\"bef4495\" data-element_type=\"widget\" data-widget_type=\"image.default\">\n\t\t\t\t<div class=\"elementor-widget-container\">\n\t\t\t\t\t\t\t\t\t\t\t\t\t\t\t<img decoding=\"async\" width=\"800\" height=\"800\" src=\"https:\/\/samon.com\/wp-content\/uploads\/2024\/06\/safety-square-1024x1024.jpg\" class=\"attachment-large size-large wp-image-5982\" alt=\"refrigerant gas detector service\" srcset=\"https:\/\/samon.com\/wp-content\/uploads\/2024\/06\/safety-square-1024x1024.jpg 1024w, https:\/\/samon.com\/wp-content\/uploads\/2024\/06\/safety-square-300x300.jpg 300w, https:\/\/samon.com\/wp-content\/uploads\/2024\/06\/safety-square-150x150.jpg 150w, https:\/\/samon.com\/wp-content\/uploads\/2024\/06\/safety-square-768x768.jpg 768w, https:\/\/samon.com\/wp-content\/uploads\/2024\/06\/safety-square-1536x1536.jpg 1536w, https:\/\/samon.com\/wp-content\/uploads\/2024\/06\/safety-square.jpg 1920w\" sizes=\"(max-width: 800px) 100vw, 800px\" \/>\t\t\t\t\t\t\t\t\t\t\t\t\t\t\t<\/div>\n\t\t\t\t<\/div>\n\t\t<div class=\"elementor-element elementor-element-82405fb e-flex e-con-boxed e-con e-child\" data-id=\"82405fb\" data-element_type=\"container\">\n\t\t\t\t\t<div class=\"e-con-inner\">\n\t\t\t\t<div class=\"elementor-element elementor-element-2c0042a elementor-widget elementor-widget-heading\" data-id=\"2c0042a\" data-element_type=\"widget\" data-widget_type=\"heading.default\">\n\t\t\t\t<div class=\"elementor-widget-container\">\n\t\t\t\t\t<h2 class=\"elementor-heading-title elementor-size-default\">Einhaltung der Vorschriften <\/h2>\t\t\t\t<\/div>\n\t\t\t\t<\/div>\n\t\t\t\t<div class=\"elementor-element elementor-element-3c30372 elementor-widget elementor-widget-text-editor\" data-id=\"3c30372\" data-element_type=\"widget\" data-widget_type=\"text-editor.default\">\n\t\t\t\t<div class=\"elementor-widget-container\">\n\t\t\t\t\t\t\t\t\t<p>Die Einhaltung von Vorschriften wie der F-Gas-Verordnung (EU 2024\/573) und Normen wie EN 378:2016 und EN14624:2020 ist unerl\u00e4sslich. Diese Vorschriften gew\u00e4hrleisten den Umweltschutz und die Sicherheit in industriellen Umgebungen. <\/p>\n<p>Unsere L\u00f6sungen f\u00fcr die Gasdetektion helfen Ihnen, diese Standards zu erf\u00fcllen, und sorgen daf\u00fcr, dass Ihr Betrieb sowohl sicher als auch gesetzeskonform ist.<\/p>\n\t\t\t\t\t\t\t\t<\/div>\n\t\t\t\t<\/div>\n\t\t\t\t\t<\/div>\n\t\t\t\t<\/div>\n\t\t\t\t\t<\/div>\n\t\t\t\t<\/div>\n\t\t\t\t\t<\/div>\n\t\t\t\t<\/div>\n\t\t<div class=\"elementor-element elementor-element-97b26ee e-flex e-con-boxed e-con e-parent\" data-id=\"97b26ee\" data-element_type=\"container\">\n\t\t\t\t\t<div class=\"e-con-inner\">\n\t\t<div class=\"elementor-element elementor-element-4f928b9 e-grid e-con-boxed e-con e-child\" data-id=\"4f928b9\" data-element_type=\"container\">\n\t\t\t\t\t<div class=\"e-con-inner\">\n\t\t<div class=\"elementor-element elementor-element-450a03c e-flex e-con-boxed e-con e-child\" data-id=\"450a03c\" data-element_type=\"container\">\n\t\t\t\t\t<div class=\"e-con-inner\">\n\t\t\t\t<div class=\"elementor-element elementor-element-3ea6ef2 elementor-widget elementor-widget-heading\" data-id=\"3ea6ef2\" data-element_type=\"widget\" data-widget_type=\"heading.default\">\n\t\t\t\t<div class=\"elementor-widget-container\">\n\t\t\t\t\t<h2 class=\"elementor-heading-title elementor-size-default\">Umfassender Service und Wartung  <\/h2>\t\t\t\t<\/div>\n\t\t\t\t<\/div>\n\t\t\t\t<div class=\"elementor-element elementor-element-888623e elementor-widget elementor-widget-text-editor\" data-id=\"888623e\" data-element_type=\"widget\" data-widget_type=\"text-editor.default\">\n\t\t\t\t<div class=\"elementor-widget-container\">\n\t\t\t\t\t\t\t\t\t<p>In der industriellen K\u00e4ltetechnik ist der Schutz vor K\u00e4ltemittellecks f\u00fcr die Aufrechterhaltung einer sicheren und gesetzeskonformen Umgebung unerl\u00e4sslich. Unsere fortschrittlichen Systeme zur Erkennung von K\u00e4ltemittelgasen bieten robuste, auf industrielle Umgebungen zugeschnittene L\u00f6sungen, die eine schnelle Leckerkennung und den Schutz vor potenziellen Gefahren gew\u00e4hrleisten. <\/p>\n<p>Unsere Experten sind immer bereit, Sie bei allen Fragen zu unterst\u00fctzen. Regelm\u00e4\u00dfiger Service und Wartung sind unerl\u00e4sslich, um kontinuierlich Pr\u00e4zision und Zuverl\u00e4ssigkeit zu gew\u00e4hrleisten. Wir bieten j\u00e4hrliche Kalibrierungs- und Wartungsdienste an, entweder direkt durch SAMON oder durch unsere langj\u00e4hrigen globalen Partner. Damit Ihre Systeme stets mit h\u00f6chster Leistung arbeiten.  <\/p>\n\t\t\t\t\t\t\t\t<\/div>\n\t\t\t\t<\/div>\n\t\t\t\t\t<\/div>\n\t\t\t\t<\/div>\n\t\t\t\t<div class=\"elementor-element elementor-element-eff7da6 elementor-widget elementor-widget-image\" data-id=\"eff7da6\" data-element_type=\"widget\" data-widget_type=\"image.default\">\n\t\t\t\t<div class=\"elementor-widget-container\">\n\t\t\t\t\t\t\t\t\t\t\t\t\t\t\t<img decoding=\"async\" width=\"800\" height=\"800\" src=\"https:\/\/samon.com\/wp-content\/uploads\/2024\/06\/service-square-1024x1024.jpg\" class=\"attachment-large size-large wp-image-6073\" alt=\"refrigerant gas detector maintenance\" srcset=\"https:\/\/samon.com\/wp-content\/uploads\/2024\/06\/service-square-1024x1024.jpg 1024w, https:\/\/samon.com\/wp-content\/uploads\/2024\/06\/service-square-300x300.jpg 300w, https:\/\/samon.com\/wp-content\/uploads\/2024\/06\/service-square-150x150.jpg 150w, https:\/\/samon.com\/wp-content\/uploads\/2024\/06\/service-square-768x768.jpg 768w, https:\/\/samon.com\/wp-content\/uploads\/2024\/06\/service-square-1536x1536.jpg 1536w, https:\/\/samon.com\/wp-content\/uploads\/2024\/06\/service-square.jpg 1920w\" sizes=\"(max-width: 800px) 100vw, 800px\" \/>\t\t\t\t\t\t\t\t\t\t\t\t\t\t\t<\/div>\n\t\t\t\t<\/div>\n\t\t\t\t\t<\/div>\n\t\t\t\t<\/div>\n\t\t\t\t\t<\/div>\n\t\t\t\t<\/div>\n\t\t<div class=\"elementor-element elementor-element-c81b424 e-flex e-con-boxed e-con e-parent\" data-id=\"c81b424\" data-element_type=\"container\">\n\t\t\t\t\t<div class=\"e-con-inner\">\n\t\t<div class=\"elementor-element elementor-element-c689e33 e-grid e-con-boxed e-con e-child\" data-id=\"c689e33\" data-element_type=\"container\">\n\t\t\t\t\t<div class=\"e-con-inner\">\n\t\t\t\t<div class=\"elementor-element elementor-element-db0085a elementor-widget elementor-widget-image\" data-id=\"db0085a\" data-element_type=\"widget\" data-widget_type=\"image.default\">\n\t\t\t\t<div class=\"elementor-widget-container\">\n\t\t\t\t\t\t\t\t\t\t\t\t\t\t\t<img loading=\"lazy\" decoding=\"async\" width=\"800\" height=\"800\" src=\"https:\/\/samon.com\/wp-content\/uploads\/2024\/06\/GLACIAR-X5-MIDI-square-1024x1024.jpg\" class=\"attachment-large size-large wp-image-6074\" alt=\"GLACI\u00c4R MIDI and X5 refrigerant gas detectors\" srcset=\"https:\/\/samon.com\/wp-content\/uploads\/2024\/06\/GLACIAR-X5-MIDI-square-1024x1024.jpg 1024w, https:\/\/samon.com\/wp-content\/uploads\/2024\/06\/GLACIAR-X5-MIDI-square-300x300.jpg 300w, https:\/\/samon.com\/wp-content\/uploads\/2024\/06\/GLACIAR-X5-MIDI-square-150x150.jpg 150w, https:\/\/samon.com\/wp-content\/uploads\/2024\/06\/GLACIAR-X5-MIDI-square-768x768.jpg 768w, https:\/\/samon.com\/wp-content\/uploads\/2024\/06\/GLACIAR-X5-MIDI-square-1536x1536.jpg 1536w, https:\/\/samon.com\/wp-content\/uploads\/2024\/06\/GLACIAR-X5-MIDI-square.jpg 1920w\" sizes=\"(max-width: 800px) 100vw, 800px\" \/>\t\t\t\t\t\t\t\t\t\t\t\t\t\t\t<\/div>\n\t\t\t\t<\/div>\n\t\t<div class=\"elementor-element elementor-element-d91a8d8 e-flex e-con-boxed e-con e-child\" data-id=\"d91a8d8\" data-element_type=\"container\">\n\t\t\t\t\t<div class=\"e-con-inner\">\n\t\t\t\t<div class=\"elementor-element elementor-element-5cd898b elementor-widget elementor-widget-heading\" data-id=\"5cd898b\" data-element_type=\"widget\" data-widget_type=\"heading.default\">\n\t\t\t\t<div class=\"elementor-widget-container\">\n\t\t\t\t\t<h2 class=\"elementor-heading-title elementor-size-default\">Warum f\u00fcr L\u00f6sungen von Samon entscheiden? <\/h2>\t\t\t\t<\/div>\n\t\t\t\t<\/div>\n\t\t\t\t<div class=\"elementor-element elementor-element-9d9d403 elementor-widget elementor-widget-text-editor\" data-id=\"9d9d403\" data-element_type=\"widget\" data-widget_type=\"text-editor.default\">\n\t\t\t\t<div class=\"elementor-widget-container\">\n\t\t\t\t\t\t\t\t\t<ul>\n<li><strong>Sicherheit:<\/strong> Sofortige Leckerkennung und Warnungen, um Gefahren zu vermeiden.<\/li>\n<li><strong>Einhaltung der Vorschriften:<\/strong> Erf\u00fcllen Sie internationale Sicherheits- und Umweltvorschriften.<\/li>\n<li><strong>Integration:<\/strong> Nahtlose Integration in bestehende Sicherheits- und Managementsysteme.<\/li>\n<li><strong>Verl\u00e4sslichkeit:<\/strong> Langlebige und verl\u00e4ssliche Systeme, die f\u00fcr industrielle Umgebungen geeignet sind.\n<\/li>\n<\/ul>\n<p>Investieren Sie in robuste und industrietaugliche K\u00e4ltemittelgas-Detektionssysteme, um Ihren Betrieb zu sch\u00fctzen. Kontaktieren Sie uns noch heute, um mehr \u00fcber unsere umfassenden L\u00f6sungen zu erfahren, die auch auf die speziellen Anforderungen Ihrer Branche zugeschnitten sind. <\/p>\n\t\t\t\t\t\t\t\t<\/div>\n\t\t\t\t<\/div>\n\t\t\t\t\t<\/div>\n\t\t\t\t<\/div>\n\t\t\t\t\t<\/div>\n\t\t\t\t<\/div>\n\t\t\t\t\t<\/div>\n\t\t\t\t<\/div>\n\t\t<div class=\"elementor-element elementor-element-5c346fe e-flex e-con-boxed e-con e-parent\" data-id=\"5c346fe\" data-element_type=\"container\">\n\t\t\t\t\t<div class=\"e-con-inner\">\n\t\t\t\t<div class=\"elementor-element elementor-element-cda0784 elementor-widget-divider--view-line elementor-widget elementor-widget-divider\" data-id=\"cda0784\" data-element_type=\"widget\" data-widget_type=\"divider.default\">\n\t\t\t\t<div class=\"elementor-widget-container\">\n\t\t\t\t\t\t\t<div class=\"elementor-divider\">\n\t\t\t<span class=\"elementor-divider-separator\">\n\t\t\t\t\t\t<\/span>\n\t\t<\/div>\n\t\t\t\t\t\t<\/div>\n\t\t\t\t<\/div>\n\t\t\t\t\t<\/div>\n\t\t\t\t<\/div>\n\t\t<div class=\"elementor-element elementor-element-5adf8f2 e-grid e-con-boxed e-con e-parent\" data-id=\"5adf8f2\" data-element_type=\"container\">\n\t\t\t\t\t<div class=\"e-con-inner\">\n\t\t\t\t<div class=\"elementor-element elementor-element-7fec3e5 elementor-cta--skin-classic elementor-animated-content elementor-bg-transform elementor-bg-transform-zoom-in elementor-widget elementor-widget-call-to-action\" data-id=\"7fec3e5\" data-element_type=\"widget\" data-widget_type=\"call-to-action.default\">\n\t\t\t\t<div class=\"elementor-widget-container\">\n\t\t\t\t\t\t\t<div class=\"elementor-cta\">\n\t\t\t\t\t<div class=\"elementor-cta__bg-wrapper\">\n\t\t\t\t<div class=\"elementor-cta__bg elementor-bg\" style=\"background-image: url(https:\/\/samon.com\/wp-content\/uploads\/2024\/05\/GLACIAR-MIDI-app-1024x576.jpg);\" role=\"img\" aria-label=\"GLACI\u00c4R MIDI K\u00e4ltemittelgasdetektor mit App\"><\/div>\n\t\t\t\t<div class=\"elementor-cta__bg-overlay\"><\/div>\n\t\t\t<\/div>\n\t\t\t\t\t\t\t<div class=\"elementor-cta__content\">\n\t\t\t\t\n\t\t\t\t\t\t\t\t\t<h2 class=\"elementor-cta__title elementor-cta__content-item elementor-content-item\">\n\t\t\t\t\t\tGLACI\u00c4R MIDI\t\t\t\t\t<\/h2>\n\t\t\t\t\n\t\t\t\t\t\t\t\t\t<div class=\"elementor-cta__description elementor-cta__content-item elementor-content-item\">\n\t\t\t\t\t\t<p>Preisgekr\u00f6ntes Flaggschiff unter den K\u00e4ltemittelgasdetektoren f\u00fcr gewerbliche und industrielle Anwendungen.<\/p>\n\t\t\t\t\t<\/div>\n\t\t\t\t\n\t\t\t\t\t\t\t\t\t<div class=\"elementor-cta__button-wrapper elementor-cta__content-item elementor-content-item \">\n\t\t\t\t\t<a class=\"elementor-cta__button elementor-button elementor-size-\" href=\"https:\/\/samon.com\/de\/anwendungen\/kommerzieller-nachweis-von-kaltemittelgas\/glaciaer-midi\/\">\n\t\t\t\t\t\tKlicken Sie hier\t\t\t\t\t<\/a>\n\t\t\t\t\t<\/div>\n\t\t\t\t\t\t\t<\/div>\n\t\t\t\t\t\t<\/div>\n\t\t\t\t\t\t<\/div>\n\t\t\t\t<\/div>\n\t\t\t\t<div class=\"elementor-element elementor-element-83341b6 elementor-cta--skin-classic elementor-animated-content elementor-bg-transform elementor-bg-transform-zoom-in elementor-widget elementor-widget-call-to-action\" data-id=\"83341b6\" data-element_type=\"widget\" data-widget_type=\"call-to-action.default\">\n\t\t\t\t<div class=\"elementor-widget-container\">\n\t\t\t\t\t\t\t<div class=\"elementor-cta\">\n\t\t\t\t\t<div class=\"elementor-cta__bg-wrapper\">\n\t\t\t\t<div class=\"elementor-cta__bg elementor-bg\" style=\"background-image: url(https:\/\/samon.com\/wp-content\/uploads\/2024\/06\/Glaciar-x5-3-1024x684.jpg);\" role=\"img\" aria-label=\"GLACI\u00c4R X5 K\u00e4ltemittelgas-Detektoren\"><\/div>\n\t\t\t\t<div class=\"elementor-cta__bg-overlay\"><\/div>\n\t\t\t<\/div>\n\t\t\t\t\t\t\t<div class=\"elementor-cta__content\">\n\t\t\t\t\n\t\t\t\t\t\t\t\t\t<h2 class=\"elementor-cta__title elementor-cta__content-item elementor-content-item\">\n\t\t\t\t\t\tGLACI\u00c4R X5\t\t\t\t\t<\/h2>\n\t\t\t\t\n\t\t\t\t\t\t\t\t\t<div class=\"elementor-cta__description elementor-cta__content-item elementor-content-item\">\n\t\t\t\t\t\t<p>Revolution\u00e4rer ionischer NH3-Sensor mit 5 Jahren Lebensdauer. Einzel- oder Doppelsensor-Optionen. <\/p>\n\t\t\t\t\t<\/div>\n\t\t\t\t\n\t\t\t\t\t\t\t\t\t<div class=\"elementor-cta__button-wrapper elementor-cta__content-item elementor-content-item \">\n\t\t\t\t\t<a class=\"elementor-cta__button elementor-button elementor-size-\" href=\"https:\/\/samon.com\/de\/anwendungen\/kommerzieller-nachweis-von-kaltemittelgas\/glaciaer-midi\/\">\n\t\t\t\t\t\tKlicken Sie hier\t\t\t\t\t<\/a>\n\t\t\t\t\t<\/div>\n\t\t\t\t\t\t\t<\/div>\n\t\t\t\t\t\t<\/div>\n\t\t\t\t\t\t<\/div>\n\t\t\t\t<\/div>\n\t\t\t\t<div class=\"elementor-element elementor-element-64c9431 elementor-cta--skin-classic elementor-animated-content elementor-bg-transform elementor-bg-transform-zoom-in elementor-widget elementor-widget-call-to-action\" data-id=\"64c9431\" data-element_type=\"widget\" data-widget_type=\"call-to-action.default\">\n\t\t\t\t<div class=\"elementor-widget-container\">\n\t\t\t\t\t\t\t<div class=\"elementor-cta\">\n\t\t\t\t\t<div class=\"elementor-cta__bg-wrapper\">\n\t\t\t\t<div class=\"elementor-cta__bg elementor-bg\" style=\"background-image: url(https:\/\/samon.com\/wp-content\/uploads\/2024\/06\/TR-Series-1-1024x683.jpg);\" role=\"img\" aria-label=\"TR series refrigerant gas detectors\"><\/div>\n\t\t\t\t<div class=\"elementor-cta__bg-overlay\"><\/div>\n\t\t\t<\/div>\n\t\t\t\t\t\t\t<div class=\"elementor-cta__content\">\n\t\t\t\t\n\t\t\t\t\t\t\t\t\t<h2 class=\"elementor-cta__title elementor-cta__content-item elementor-content-item\">\n\t\t\t\t\t\tTR-Serie\t\t\t\t\t<\/h2>\n\t\t\t\t\n\t\t\t\t\t\t\t\t\t<div class=\"elementor-cta__description elementor-cta__content-item elementor-content-item\">\n\t\t\t\t\t\t<p>Die Gaswarnsender der TR-Serie sind robust und f\u00fcr den Einsatz in rauen Umgebungen konzipiert. Sie bieten eine einfache und zuverl\u00e4ssige Gasdetektion f\u00fcr industrielle K\u00e4ltemittelanwendungen.<\/p>\n\t\t\t\t\t<\/div>\n\t\t\t\t\n\t\t\t\t\t\t\t\t\t<div class=\"elementor-cta__button-wrapper elementor-cta__content-item elementor-content-item \">\n\t\t\t\t\t<a class=\"elementor-cta__button elementor-button elementor-size-\" href=\"https:\/\/samon.com\/de\/anwendungen\/kommerzieller-nachweis-von-kaltemittelgas\/glaciaer-midi\/\">\n\t\t\t\t\t\tKlicken Sie hier\t\t\t\t\t<\/a>\n\t\t\t\t\t<\/div>\n\t\t\t\t\t\t\t<\/div>\n\t\t\t\t\t\t<\/div>\n\t\t\t\t\t\t<\/div>\n\t\t\t\t<\/div>\n\t\t\t\t\t<\/div>\n\t\t\t\t<\/div>\n\t\t\t\t<\/div>\n\t\t","protected":false},"excerpt":{"rendered":"<p>L\u00f6sungen zur Erkennung von K\u00e4ltemittelgasen in der K\u00e4lte- und Lebensmittelindustrie L\u00f6sungen zur Detektion von K\u00e4ltemittelgasen in der K\u00e4lte- und Lebensmittelindustrie In der industriellen K\u00e4ltetechnik ist der Schutz vor K\u00e4ltemittellecks f\u00fcr die Aufrechterhaltung einer sicheren und gesetzeskonformen Umgebung unerl\u00e4sslich. Unsere fortschrittlichen Systeme zur Erkennung von K\u00e4ltemittelgasen bieten robuste, auf die industrielle Umgebungen zugeschnittene L\u00f6sungen, die eine [&hellip;]<\/p>\n","protected":false},"author":1,"featured_media":0,"parent":0,"menu_order":0,"comment_status":"closed","ping_status":"closed","template":"","meta":{"_monsterinsights_skip_tracking":false,"_monsterinsights_sitenote_active":false,"_monsterinsights_sitenote_note":"","_monsterinsights_sitenote_category":0,"footnotes":""},"class_list":["post-12141","page","type-page","status-publish","hentry"],"aioseo_notices":[],"_links":{"self":[{"href":"https:\/\/samon.com\/de\/wp-json\/wp\/v2\/pages\/12141","targetHints":{"allow":["GET"]}}],"collection":[{"href":"https:\/\/samon.com\/de\/wp-json\/wp\/v2\/pages"}],"about":[{"href":"https:\/\/samon.com\/de\/wp-json\/wp\/v2\/types\/page"}],"author":[{"embeddable":true,"href":"https:\/\/samon.com\/de\/wp-json\/wp\/v2\/users\/1"}],"replies":[{"embeddable":true,"href":"https:\/\/samon.com\/de\/wp-json\/wp\/v2\/comments?post=12141"}],"version-history":[{"count":4,"href":"https:\/\/samon.com\/de\/wp-json\/wp\/v2\/pages\/12141\/revisions"}],"predecessor-version":[{"id":14390,"href":"https:\/\/samon.com\/de\/wp-json\/wp\/v2\/pages\/12141\/revisions\/14390"}],"wp:attachment":[{"href":"https:\/\/samon.com\/de\/wp-json\/wp\/v2\/media?parent=12141"}],"curies":[{"name":"wp","href":"https:\/\/api.w.org\/{rel}","templated":true}]}}