{"id":12137,"date":"2024-06-07T11:22:19","date_gmt":"2024-06-07T09:22:19","guid":{"rendered":"https:\/\/samon.com\/vrf-systeme-und-bewohnte-raeume\/"},"modified":"2025-01-24T13:37:57","modified_gmt":"2025-01-24T12:37:57","slug":"vrf-systeme-und-bewohnte-raeume","status":"publish","type":"page","link":"https:\/\/samon.com\/de\/vrf-systeme-und-bewohnte-raeume\/","title":{"rendered":"VRF-Systeme in bewohnten R\u00e4umen"},"content":{"rendered":"\t\t<div data-elementor-type=\"wp-page\" data-elementor-id=\"12137\" class=\"elementor elementor-12137 elementor-6083\" data-elementor-post-type=\"page\">\n\t\t\t\t<div class=\"elementor-element elementor-element-027eb22 e-con-full e-flex e-con e-parent\" data-id=\"027eb22\" data-element_type=\"container\">\n\t\t\t\t<div class=\"elementor-element elementor-element-e316d3e elementor--h-position-center elementor--v-position-middle elementor-arrows-position-inside elementor-pagination-position-inside elementor-widget elementor-widget-slides\" data-id=\"e316d3e\" data-element_type=\"widget\" data-settings=\"{&quot;navigation&quot;:&quot;both&quot;,&quot;autoplay&quot;:&quot;yes&quot;,&quot;pause_on_hover&quot;:&quot;yes&quot;,&quot;pause_on_interaction&quot;:&quot;yes&quot;,&quot;autoplay_speed&quot;:5000,&quot;infinite&quot;:&quot;yes&quot;,&quot;transition&quot;:&quot;slide&quot;,&quot;transition_speed&quot;:500}\" data-widget_type=\"slides.default\">\n\t\t\t\t<div class=\"elementor-widget-container\">\n\t\t\t\t\t\t\t\t\t<div class=\"elementor-swiper\">\n\t\t\t\t\t<div class=\"elementor-slides-wrapper elementor-main-swiper swiper\" role=\"region\" aria-roledescription=\"carousel\" aria-label=\"Slides\" dir=\"ltr\" data-animation=\"fadeInUp\">\n\t\t\t\t<div class=\"swiper-wrapper elementor-slides\">\n\t\t\t\t\t\t\t\t\t\t<div class=\"elementor-repeater-item-4665ef6 swiper-slide\" role=\"group\" aria-roledescription=\"slide\"><div class=\"swiper-slide-bg elementor-ken-burns elementor-ken-burns--in\" role=\"img\" aria-label=\"hotelroom\"><\/div><div class=\"swiper-slide-inner\" ><div class=\"swiper-slide-contents\"><div class=\"elementor-slide-heading\">VRF-Systeme in bewohnten R\u00e4umen<\/div><\/div><\/div><\/div>\t\t\t\t<\/div>\n\t\t\t\t\t\t\t<\/div>\n\t\t\t\t<\/div>\n\t\t\t\t\t\t\t\t<\/div>\n\t\t\t\t<\/div>\n\t\t\t\t<\/div>\n\t\t<div class=\"elementor-element elementor-element-b058bb2 e-flex e-con-boxed e-con e-parent\" data-id=\"b058bb2\" data-element_type=\"container\">\n\t\t\t\t\t<div class=\"e-con-inner\">\n\t\t\t\t<div class=\"elementor-element elementor-element-3f0244e elementor-widget elementor-widget-heading\" data-id=\"3f0244e\" data-element_type=\"widget\" data-widget_type=\"heading.default\">\n\t\t\t\t<div class=\"elementor-widget-container\">\n\t\t\t\t\t<h2 class=\"elementor-heading-title elementor-size-default\"><p><strong>Gew\u00e4hrleistung der Sicherheit in VRF-Systemen und bewohnten R\u00e4umen<\/strong><span style=\"letter-spacing: 0px;background-color: var( --e-global-color-c696dce )\"><\/span><\/p><\/h2>\t\t\t\t<\/div>\n\t\t\t\t<\/div>\n\t\t\t\t<div class=\"elementor-element elementor-element-192fcf7 elementor-widget elementor-widget-text-editor\" data-id=\"192fcf7\" data-element_type=\"widget\" data-widget_type=\"text-editor.default\">\n\t\t\t\t<div class=\"elementor-widget-container\">\n\t\t\t\t\t\t\t\t\t<p class=\"p1\">Systeme mit variabler K\u00e4ltemittelzufuhr (VRF) werden in modernen HLK-Anlagen dank ihrer Energieeffizienz, Flexibilit\u00e4t und der M\u00f6glichkeit einer individuellen Temperaturregelung immer beliebter. Insbesondere in Hotels, B\u00fcros, Pflegeheimen, Gef\u00e4ngnissen und anderen \u00f6ffentlichen Einrichtungen. Jedoch ist die Gew\u00e4hrleistung der Sicherheit dieser Systemen, insbesondere in bewohnten R\u00e4umen, von gr\u00f6\u00dfter Bedeutung. <\/p>\n\t\t\t\t\t\t\t\t<\/div>\n\t\t\t\t<\/div>\n\t\t\t\t\t<\/div>\n\t\t\t\t<\/div>\n\t\t<div class=\"elementor-element elementor-element-7986ee4 e-flex e-con-boxed e-con e-parent\" data-id=\"7986ee4\" data-element_type=\"container\">\n\t\t\t\t\t<div class=\"e-con-inner\">\n\t\t<div class=\"elementor-element elementor-element-96ad1e9 e-grid e-con-boxed e-con e-child\" data-id=\"96ad1e9\" data-element_type=\"container\">\n\t\t\t\t\t<div class=\"e-con-inner\">\n\t\t<div class=\"elementor-element elementor-element-39a88a1 e-flex e-con-boxed e-con e-child\" data-id=\"39a88a1\" data-element_type=\"container\">\n\t\t\t\t\t<div class=\"e-con-inner\">\n\t\t\t\t<div class=\"elementor-element elementor-element-f72442b elementor-widget elementor-widget-heading\" data-id=\"f72442b\" data-element_type=\"widget\" data-widget_type=\"heading.default\">\n\t\t\t\t<div class=\"elementor-widget-container\">\n\t\t\t\t\t<h2 class=\"elementor-heading-title elementor-size-default\"><h3>Warum ist Sicherheit bei VRF-Systemen wichtig?<\/h3><\/h2>\t\t\t\t<\/div>\n\t\t\t\t<\/div>\n\t\t\t\t<div class=\"elementor-element elementor-element-44514f1 elementor-widget elementor-widget-text-editor\" data-id=\"44514f1\" data-element_type=\"widget\" data-widget_type=\"text-editor.default\">\n\t\t\t\t<div class=\"elementor-widget-container\">\n\t\t\t\t\t\t\t\t\t<p class=\"p1\">VRF-Systeme bieten zwar erhebliche Vorteile, bergen aber auch potenzielle Risiken, wenn sie nicht ordnungsgem\u00e4\u00df \u00fcberwacht werden. Das Design dieser Systeme erm\u00f6glicht es, eine gr\u00f6\u00dfere K\u00e4ltemittelmenge auf mehrere Bereiche zu verteilen, was dann zu erheblichen Gefahren f\u00fchren kann, wenn ein Leck auftritt. Dies ist besonders kritisch in Umgebungen, in denen sich Menschen aufhalten, wie z.B. in Hotelzimmern und B\u00fcror\u00e4umen.  <\/p>\n\t\t\t\t\t\t\t\t<\/div>\n\t\t\t\t<\/div>\n\t\t\t\t\t<\/div>\n\t\t\t\t<\/div>\n\t\t\t\t<div class=\"elementor-element elementor-element-31ca1f0 elementor-widget elementor-widget-image\" data-id=\"31ca1f0\" data-element_type=\"widget\" data-widget_type=\"image.default\">\n\t\t\t\t<div class=\"elementor-widget-container\">\n\t\t\t\t\t\t\t\t\t\t\t\t\t\t\t<img fetchpriority=\"high\" decoding=\"async\" width=\"800\" height=\"800\" src=\"https:\/\/samon.com\/wp-content\/uploads\/2024\/06\/hotel-square-1024x1024.jpg\" class=\"attachment-large size-large wp-image-5990\" alt=\"Hotel room\" srcset=\"https:\/\/samon.com\/wp-content\/uploads\/2024\/06\/hotel-square-1024x1024.jpg 1024w, https:\/\/samon.com\/wp-content\/uploads\/2024\/06\/hotel-square-300x300.jpg 300w, https:\/\/samon.com\/wp-content\/uploads\/2024\/06\/hotel-square-150x150.jpg 150w, https:\/\/samon.com\/wp-content\/uploads\/2024\/06\/hotel-square-768x768.jpg 768w, https:\/\/samon.com\/wp-content\/uploads\/2024\/06\/hotel-square-1536x1536.jpg 1536w, https:\/\/samon.com\/wp-content\/uploads\/2024\/06\/hotel-square.jpg 1920w\" sizes=\"(max-width: 800px) 100vw, 800px\" \/>\t\t\t\t\t\t\t\t\t\t\t\t\t\t\t<\/div>\n\t\t\t\t<\/div>\n\t\t\t\t\t<\/div>\n\t\t\t\t<\/div>\n\t\t\t\t\t<\/div>\n\t\t\t\t<\/div>\n\t\t<div class=\"elementor-element elementor-element-a7abaa1 e-flex e-con-boxed e-con e-parent\" data-id=\"a7abaa1\" data-element_type=\"container\">\n\t\t\t\t\t<div class=\"e-con-inner\">\n\t\t<div class=\"elementor-element elementor-element-fb17c8f e-grid e-con-boxed e-con e-child\" data-id=\"fb17c8f\" data-element_type=\"container\">\n\t\t\t\t\t<div class=\"e-con-inner\">\n\t\t\t\t<div class=\"elementor-element elementor-element-bef4495 elementor-widget elementor-widget-image\" data-id=\"bef4495\" data-element_type=\"widget\" data-widget_type=\"image.default\">\n\t\t\t\t<div class=\"elementor-widget-container\">\n\t\t\t\t\t\t\t\t\t\t\t\t\t\t\t<img decoding=\"async\" width=\"800\" height=\"800\" src=\"https:\/\/samon.com\/wp-content\/uploads\/2024\/06\/hotel-heart-square-1024x1024.jpg\" class=\"attachment-large size-large wp-image-5991\" alt=\"Hotel room\" srcset=\"https:\/\/samon.com\/wp-content\/uploads\/2024\/06\/hotel-heart-square-1024x1024.jpg 1024w, https:\/\/samon.com\/wp-content\/uploads\/2024\/06\/hotel-heart-square-300x300.jpg 300w, https:\/\/samon.com\/wp-content\/uploads\/2024\/06\/hotel-heart-square-150x150.jpg 150w, https:\/\/samon.com\/wp-content\/uploads\/2024\/06\/hotel-heart-square-768x768.jpg 768w, https:\/\/samon.com\/wp-content\/uploads\/2024\/06\/hotel-heart-square-1536x1536.jpg 1536w, https:\/\/samon.com\/wp-content\/uploads\/2024\/06\/hotel-heart-square.jpg 1920w\" sizes=\"(max-width: 800px) 100vw, 800px\" \/>\t\t\t\t\t\t\t\t\t\t\t\t\t\t\t<\/div>\n\t\t\t\t<\/div>\n\t\t<div class=\"elementor-element elementor-element-82405fb e-flex e-con-boxed e-con e-child\" data-id=\"82405fb\" data-element_type=\"container\">\n\t\t\t\t\t<div class=\"e-con-inner\">\n\t\t\t\t<div class=\"elementor-element elementor-element-2c0042a elementor-widget elementor-widget-heading\" data-id=\"2c0042a\" data-element_type=\"widget\" data-widget_type=\"heading.default\">\n\t\t\t\t<div class=\"elementor-widget-container\">\n\t\t\t\t\t<h2 class=\"elementor-heading-title elementor-size-default\">K\u00e4ltemittellecks: Die verborgene Gefahr<\/h2>\t\t\t\t<\/div>\n\t\t\t\t<\/div>\n\t\t\t\t<div class=\"elementor-element elementor-element-3c30372 elementor-widget elementor-widget-text-editor\" data-id=\"3c30372\" data-element_type=\"widget\" data-widget_type=\"text-editor.default\">\n\t\t\t\t<div class=\"elementor-widget-container\">\n\t\t\t\t\t\t\t\t\t<p>K\u00e4ltemittellecks in VRF-Systemen k\u00f6nnen zu verschiedenen Gefahren f\u00fchren:<\/p>\n<ul>\n<li><strong>Erstickungsgefahren<\/strong>: Die meisten K\u00e4ltemittel, die in VRF-Systemen verwendet werden, sind schwerer als Luft, so dass sie sich bei Leckagen in niedrigeren Ebenen ansammeln, insbesondere in schlecht bel\u00fcfteten Bereichen. Dadurch kann der Sauerstoff verdr\u00e4ngt werden, so dass vor allem in geschlossenen R\u00e4umen Erstickungsgefahr besteht. <\/li>\n<li><strong>Betriebliche Ausfallzeiten<\/strong>: Lecks k\u00f6nnen zu ineffizientem Systembetrieb, erh\u00f6htem Energieverbrauch und kostspieligen Reparaturen f\u00fchren. In Hotels kann dies zu unverk\u00e4uflichen Zimmern und deutlichen Umsatzeinbu\u00dfen f\u00fchren. <\/li>\n<li><strong>Auswirkungen auf die Umwelt<\/strong>: Auslaufende K\u00e4ltemittel tragen zur globalen Erw\u00e4rmung bei und k\u00f6nnen gegen Umweltvorschriften wie die europ\u00e4ische F-Gas-Verordnung und den U.S. AIM Act versto\u00dfen.<\/li>\n<\/ul>\n\t\t\t\t\t\t\t\t<\/div>\n\t\t\t\t<\/div>\n\t\t\t\t\t<\/div>\n\t\t\t\t<\/div>\n\t\t\t\t\t<\/div>\n\t\t\t\t<\/div>\n\t\t\t\t\t<\/div>\n\t\t\t\t<\/div>\n\t\t<div class=\"elementor-element elementor-element-97b26ee e-flex e-con-boxed e-con e-parent\" data-id=\"97b26ee\" data-element_type=\"container\">\n\t\t\t\t\t<div class=\"e-con-inner\">\n\t\t<div class=\"elementor-element elementor-element-4f928b9 e-grid e-con-boxed e-con e-child\" data-id=\"4f928b9\" data-element_type=\"container\">\n\t\t\t\t\t<div class=\"e-con-inner\">\n\t\t<div class=\"elementor-element elementor-element-450a03c e-flex e-con-boxed e-con e-child\" data-id=\"450a03c\" data-element_type=\"container\">\n\t\t\t\t\t<div class=\"e-con-inner\">\n\t\t\t\t<div class=\"elementor-element elementor-element-3ea6ef2 elementor-widget elementor-widget-heading\" data-id=\"3ea6ef2\" data-element_type=\"widget\" data-widget_type=\"heading.default\">\n\t\t\t\t<div class=\"elementor-widget-container\">\n\t\t\t\t\t<h2 class=\"elementor-heading-title elementor-size-default\">Die Bedeutung der Gasdetektion in bewohnten R\u00e4umen  <\/h2>\t\t\t\t<\/div>\n\t\t\t\t<\/div>\n\t\t\t\t<div class=\"elementor-element elementor-element-888623e elementor-widget elementor-widget-text-editor\" data-id=\"888623e\" data-element_type=\"widget\" data-widget_type=\"text-editor.default\">\n\t\t\t\t<div class=\"elementor-widget-container\">\n\t\t\t\t\t\t\t\t\t<p>Um diese Risiken zu minimieren, ist es entscheidend, K\u00e4ltemittelgas-Detektionssysteme in VRF-Installationen zu integrieren, insbesondere in bewohnten R\u00e4umen wie Hotelzimmern und B\u00fcros. Diese Systeme m\u00fcssen in der Lage sein, Lecks in einem fr\u00fchen Stadium zu erkennen, um Alarme auszul\u00f6sen und Sicherheitseinrichtungen wie mechanische Bel\u00fcftung und Systemabschaltungen zu aktivieren. <\/p>\n\t\t\t\t\t\t\t\t<\/div>\n\t\t\t\t<\/div>\n\t\t\t\t\t<\/div>\n\t\t\t\t<\/div>\n\t\t\t\t<div class=\"elementor-element elementor-element-eff7da6 elementor-widget elementor-widget-image\" data-id=\"eff7da6\" data-element_type=\"widget\" data-widget_type=\"image.default\">\n\t\t\t\t<div class=\"elementor-widget-container\">\n\t\t\t\t\t\t\t\t\t\t\t\t\t\t\t<img decoding=\"async\" width=\"800\" height=\"800\" src=\"https:\/\/samon.com\/wp-content\/uploads\/2024\/06\/office-square-1024x1024.jpg\" class=\"attachment-large size-large wp-image-5997\" alt=\"Office environment\" srcset=\"https:\/\/samon.com\/wp-content\/uploads\/2024\/06\/office-square-1024x1024.jpg 1024w, https:\/\/samon.com\/wp-content\/uploads\/2024\/06\/office-square-300x300.jpg 300w, https:\/\/samon.com\/wp-content\/uploads\/2024\/06\/office-square-150x150.jpg 150w, https:\/\/samon.com\/wp-content\/uploads\/2024\/06\/office-square-768x768.jpg 768w, https:\/\/samon.com\/wp-content\/uploads\/2024\/06\/office-square-1536x1536.jpg 1536w, https:\/\/samon.com\/wp-content\/uploads\/2024\/06\/office-square.jpg 1920w\" sizes=\"(max-width: 800px) 100vw, 800px\" \/>\t\t\t\t\t\t\t\t\t\t\t\t\t\t\t<\/div>\n\t\t\t\t<\/div>\n\t\t\t\t\t<\/div>\n\t\t\t\t<\/div>\n\t\t\t\t\t<\/div>\n\t\t\t\t<\/div>\n\t\t<div class=\"elementor-element elementor-element-88f8ce2 e-flex e-con-boxed e-con e-parent\" data-id=\"88f8ce2\" data-element_type=\"container\">\n\t\t\t\t\t<div class=\"e-con-inner\">\n\t\t<div class=\"elementor-element elementor-element-5658d75 e-grid e-con-boxed e-con e-child\" data-id=\"5658d75\" data-element_type=\"container\">\n\t\t\t\t\t<div class=\"e-con-inner\">\n\t\t\t\t<div class=\"elementor-element elementor-element-ccc0502 elementor-widget elementor-widget-image\" data-id=\"ccc0502\" data-element_type=\"widget\" data-widget_type=\"image.default\">\n\t\t\t\t<div class=\"elementor-widget-container\">\n\t\t\t\t\t\t\t\t\t\t\t\t\t\t\t<img loading=\"lazy\" decoding=\"async\" width=\"800\" height=\"800\" src=\"https:\/\/samon.com\/wp-content\/uploads\/2024\/06\/office-laptop-1024x1024.jpg\" class=\"attachment-large size-large wp-image-6000\" alt=\"Laptop in office\" srcset=\"https:\/\/samon.com\/wp-content\/uploads\/2024\/06\/office-laptop-1024x1024.jpg 1024w, https:\/\/samon.com\/wp-content\/uploads\/2024\/06\/office-laptop-300x300.jpg 300w, https:\/\/samon.com\/wp-content\/uploads\/2024\/06\/office-laptop-150x150.jpg 150w, https:\/\/samon.com\/wp-content\/uploads\/2024\/06\/office-laptop-768x768.jpg 768w, https:\/\/samon.com\/wp-content\/uploads\/2024\/06\/office-laptop-1536x1536.jpg 1536w, https:\/\/samon.com\/wp-content\/uploads\/2024\/06\/office-laptop.jpg 1920w\" sizes=\"(max-width: 800px) 100vw, 800px\" \/>\t\t\t\t\t\t\t\t\t\t\t\t\t\t\t<\/div>\n\t\t\t\t<\/div>\n\t\t<div class=\"elementor-element elementor-element-7ef1e1c e-flex e-con-boxed e-con e-child\" data-id=\"7ef1e1c\" data-element_type=\"container\">\n\t\t\t\t\t<div class=\"e-con-inner\">\n\t\t\t\t<div class=\"elementor-element elementor-element-5d7723d elementor-widget elementor-widget-heading\" data-id=\"5d7723d\" data-element_type=\"widget\" data-widget_type=\"heading.default\">\n\t\t\t\t<div class=\"elementor-widget-container\">\n\t\t\t\t\t<h2 class=\"elementor-heading-title elementor-size-default\">Wichtig f\u00fcr die Erkennung von K\u00e4ltemittellecks in VRF-Systemen<\/h2>\t\t\t\t<\/div>\n\t\t\t\t<\/div>\n\t\t\t\t<div class=\"elementor-element elementor-element-cd7c67d elementor-widget elementor-widget-text-editor\" data-id=\"cd7c67d\" data-element_type=\"widget\" data-widget_type=\"text-editor.default\">\n\t\t\t\t<div class=\"elementor-widget-container\">\n\t\t\t\t\t\t\t\t\t<p><strong>Strategische Platzierung der Detektoren<\/strong>: <br \/>Installieren Sie K\u00e4ltemittel-Detektoren in niedriger H\u00f6he (etwa 20 cm \u00fcber dem Boden), wo sich austretende Gase ansammeln k\u00f6nnen. Die Detektoren sollten zudem in der N\u00e4he potenzieller Leckagequellen positioniert werden, z. B. in der N\u00e4he von HLK-Ger\u00e4ten und in den Bereichen, in denen sich die K\u00e4ltemittelleitungen am st\u00e4rksten konzentrieren. <\/p>\n<p><strong>Die Auswahl der richtigen Technologie<\/strong>: <br \/>F\u00fcr VRF-Systeme werden aufgrund ihrer Kosteneffizienz und langen Lebensdauer \u00fcblicherweise Halbleitersensoren verwendet. Jedoch werden Infrarotsensoren dank ihrer \u00fcberlegenen Genauigkeit und Stabilit\u00e4t in Umgebungen, in denen hohe Pr\u00e4zision erforderlich ist, zunehmend bevorzugt. <\/p>\n<p><strong>Wartung und Kalibrierung<\/strong>: <br \/>Regelm\u00e4\u00dfige Wartung und Kalibrierung von K\u00e4ltemitteldetektoren sind unerl\u00e4sslich, um ihre dauerhafte Zuverl\u00e4ssigkeit und Genauigkeit zu gew\u00e4hrleisten. Die Einhaltung der Herstellerrichtlinien und die Durchf\u00fchrung von Routinekontrollen k\u00f6nnen eine Sensorabweichung verhindern und so sicherstellen, dass das System zuverl\u00e4ssig bleibt. <\/p>\n<p><strong>\u00c4sthetische Integration<\/strong>: <br \/>In bewohnten R\u00e4umen, insbesondere in Hotels, ist es wichtig, dass Gaswarnsysteme diskret angebracht sind. Unterputzdetektoren mit unauff\u00e4lligen Frontplatten sind ideal, da sie die \u00c4sthetik des Raumes erhalten und gleichzeitig die Sicherheit gew\u00e4hrleisten. <\/p>\n\t\t\t\t\t\t\t\t<\/div>\n\t\t\t\t<\/div>\n\t\t\t\t\t<\/div>\n\t\t\t\t<\/div>\n\t\t\t\t\t<\/div>\n\t\t\t\t<\/div>\n\t\t\t\t\t<\/div>\n\t\t\t\t<\/div>\n\t\t<div class=\"elementor-element elementor-element-e2b7f31 e-flex e-con-boxed e-con e-parent\" data-id=\"e2b7f31\" data-element_type=\"container\">\n\t\t\t\t\t<div class=\"e-con-inner\">\n\t\t<div class=\"elementor-element elementor-element-624d007 e-grid e-con-boxed e-con e-child\" data-id=\"624d007\" data-element_type=\"container\">\n\t\t\t\t\t<div class=\"e-con-inner\">\n\t\t<div class=\"elementor-element elementor-element-f78d78e e-flex e-con-boxed e-con e-child\" data-id=\"f78d78e\" data-element_type=\"container\">\n\t\t\t\t\t<div class=\"e-con-inner\">\n\t\t\t\t<div class=\"elementor-element elementor-element-3104c94 elementor-widget elementor-widget-heading\" data-id=\"3104c94\" data-element_type=\"widget\" data-widget_type=\"heading.default\">\n\t\t\t\t<div class=\"elementor-widget-container\">\n\t\t\t\t\t<h2 class=\"elementor-heading-title elementor-size-default\">Einhaltung von Sicherheitsstandards  <\/h2>\t\t\t\t<\/div>\n\t\t\t\t<\/div>\n\t\t\t\t<div class=\"elementor-element elementor-element-acc5c0d elementor-widget elementor-widget-text-editor\" data-id=\"acc5c0d\" data-element_type=\"widget\" data-widget_type=\"text-editor.default\">\n\t\t\t\t<div class=\"elementor-widget-container\">\n\t\t\t\t\t\t\t\t\t<p>Die Einhaltung internationaler Sicherheitsstandards wie ASHRAE 15 in den USA und EN 378 in Europa ist entscheidend f\u00fcr den legalen und sicheren Betrieb von VRF-Systemen in bewohnten R\u00e4umen. Diese Normen schreiben spezifische Anforderungen f\u00fcr die Erkennung von K\u00e4ltemitteln, die Aktivierung von Alarmen und die Systemintegration vor, um Menschen zu sch\u00fctzen und die Effizienz des Systems zu gew\u00e4hrleisten. <\/p>\n\t\t\t\t\t\t\t\t<\/div>\n\t\t\t\t<\/div>\n\t\t\t\t\t<\/div>\n\t\t\t\t<\/div>\n\t\t\t\t<div class=\"elementor-element elementor-element-773443d elementor-widget elementor-widget-image\" data-id=\"773443d\" data-element_type=\"widget\" data-widget_type=\"image.default\">\n\t\t\t\t<div class=\"elementor-widget-container\">\n\t\t\t\t\t\t\t\t\t\t\t\t\t\t\t<img loading=\"lazy\" decoding=\"async\" width=\"389\" height=\"320\" src=\"https:\/\/samon.com\/wp-content\/uploads\/2024\/06\/hvac-slider-front.jpg\" class=\"attachment-large size-large wp-image-6181\" alt=\"HVAC maintenance\" srcset=\"https:\/\/samon.com\/wp-content\/uploads\/2024\/06\/hvac-slider-front.jpg 389w, https:\/\/samon.com\/wp-content\/uploads\/2024\/06\/hvac-slider-front-300x247.jpg 300w\" sizes=\"(max-width: 389px) 100vw, 389px\" \/>\t\t\t\t\t\t\t\t\t\t\t\t\t\t\t<\/div>\n\t\t\t\t<\/div>\n\t\t\t\t\t<\/div>\n\t\t\t\t<\/div>\n\t\t\t\t\t<\/div>\n\t\t\t\t<\/div>\n\t\t<div class=\"elementor-element elementor-element-6d89de9 e-flex e-con-boxed e-con e-parent\" data-id=\"6d89de9\" data-element_type=\"container\">\n\t\t\t\t\t<div class=\"e-con-inner\">\n\t\t<div class=\"elementor-element elementor-element-67bf18d e-grid e-con-boxed e-con e-child\" data-id=\"67bf18d\" data-element_type=\"container\">\n\t\t\t\t\t<div class=\"e-con-inner\">\n\t\t\t\t<div class=\"elementor-element elementor-element-0ceff40 elementor-widget elementor-widget-image\" data-id=\"0ceff40\" data-element_type=\"widget\" data-widget_type=\"image.default\">\n\t\t\t\t<div class=\"elementor-widget-container\">\n\t\t\t\t\t\t\t\t\t\t\t\t\t\t\t<img loading=\"lazy\" decoding=\"async\" width=\"800\" height=\"800\" src=\"https:\/\/samon.com\/wp-content\/uploads\/2024\/06\/service-square-1024x1024.jpg\" class=\"attachment-large size-large wp-image-6073\" alt=\"refrigerant gas detector maintenance\" srcset=\"https:\/\/samon.com\/wp-content\/uploads\/2024\/06\/service-square-1024x1024.jpg 1024w, https:\/\/samon.com\/wp-content\/uploads\/2024\/06\/service-square-300x300.jpg 300w, https:\/\/samon.com\/wp-content\/uploads\/2024\/06\/service-square-150x150.jpg 150w, https:\/\/samon.com\/wp-content\/uploads\/2024\/06\/service-square-768x768.jpg 768w, https:\/\/samon.com\/wp-content\/uploads\/2024\/06\/service-square-1536x1536.jpg 1536w, https:\/\/samon.com\/wp-content\/uploads\/2024\/06\/service-square.jpg 1920w\" sizes=\"(max-width: 800px) 100vw, 800px\" \/>\t\t\t\t\t\t\t\t\t\t\t\t\t\t\t<\/div>\n\t\t\t\t<\/div>\n\t\t<div class=\"elementor-element elementor-element-7d2ab62 e-flex e-con-boxed e-con e-child\" data-id=\"7d2ab62\" data-element_type=\"container\">\n\t\t\t\t\t<div class=\"e-con-inner\">\n\t\t\t\t<div class=\"elementor-element elementor-element-e492832 elementor-widget elementor-widget-heading\" data-id=\"e492832\" data-element_type=\"widget\" data-widget_type=\"heading.default\">\n\t\t\t\t<div class=\"elementor-widget-container\">\n\t\t\t\t\t<h2 class=\"elementor-heading-title elementor-size-default\">Wenden Sie sich an unsere Experten<\/h2>\t\t\t\t<\/div>\n\t\t\t\t<\/div>\n\t\t\t\t<div class=\"elementor-element elementor-element-678187f elementor-widget elementor-widget-text-editor\" data-id=\"678187f\" data-element_type=\"widget\" data-widget_type=\"text-editor.default\">\n\t\t\t\t<div class=\"elementor-widget-container\">\n\t\t\t\t\t\t\t\t\t<p>Die Gew\u00e4hrleistung der Sicherheit von VRF-Systemen in bewohnten R\u00e4umen wie Hotels und B\u00fcros ist ein wichtiger Aspekt der modernen HLK-Konstruktion. Durch die Implementierung zuverl\u00e4ssiger Systeme zur Erkennung von K\u00e4ltemittelgasen und die Einhaltung von Normen, Erfahrungswertenm und Sicherheitsstandards k\u00f6nnen Immobilienverwalter und -Eigent\u00fcmer sowohl ihre Bewohner, als auch ihre Investitionen sch\u00fctzen und eine sichere, komfortable und gesetzeskonforme Umgebung gew\u00e4hrleisten. <\/p>\n<p>Wenn Sie weitere Informationen \u00fcber die Auswahl und Implementierung von L\u00f6sungen zur Erkennung von K\u00e4ltemittelgasen w\u00fcnschen, wenden Sie sich an unsere Experten, die Ihnen gerne ma\u00dfgeschneiderte L\u00f6sungen f\u00fcr Ihre individuellen Bed\u00fcrfnisse anbieten.<\/p>\n\t\t\t\t\t\t\t\t<\/div>\n\t\t\t\t<\/div>\n\t\t\t\t\t<\/div>\n\t\t\t\t<\/div>\n\t\t\t\t\t<\/div>\n\t\t\t\t<\/div>\n\t\t\t\t\t<\/div>\n\t\t\t\t<\/div>\n\t\t<div class=\"elementor-element elementor-element-5302a89 e-flex e-con-boxed e-con e-parent\" data-id=\"5302a89\" data-element_type=\"container\">\n\t\t\t\t\t<div class=\"e-con-inner\">\n\t\t<div class=\"elementor-element elementor-element-344e245 e-flex e-con-boxed e-con e-child\" data-id=\"344e245\" data-element_type=\"container\">\n\t\t\t\t\t<div class=\"e-con-inner\">\n\t\t\t\t<div class=\"elementor-element elementor-element-519b1a4 elementor--h-position-center elementor--v-position-middle elementor-arrows-position-inside elementor-pagination-position-inside elementor-widget elementor-widget-slides\" data-id=\"519b1a4\" data-element_type=\"widget\" data-settings=\"{&quot;navigation&quot;:&quot;both&quot;,&quot;autoplay&quot;:&quot;yes&quot;,&quot;pause_on_hover&quot;:&quot;yes&quot;,&quot;pause_on_interaction&quot;:&quot;yes&quot;,&quot;autoplay_speed&quot;:5000,&quot;infinite&quot;:&quot;yes&quot;,&quot;transition&quot;:&quot;slide&quot;,&quot;transition_speed&quot;:500}\" data-widget_type=\"slides.default\">\n\t\t\t\t<div class=\"elementor-widget-container\">\n\t\t\t\t\t\t\t\t\t<div class=\"elementor-swiper\">\n\t\t\t\t\t<div class=\"elementor-slides-wrapper elementor-main-swiper swiper\" role=\"region\" aria-roledescription=\"carousel\" aria-label=\"Slides\" dir=\"ltr\" data-animation=\"fadeInUp\">\n\t\t\t\t<div class=\"swiper-wrapper elementor-slides\">\n\t\t\t\t\t\t\t\t\t\t<div class=\"elementor-repeater-item-3a02365 swiper-slide\" role=\"group\" aria-roledescription=\"slide\"><div class=\"swiper-slide-bg\" role=\"img\" aria-label=\"RM-RMV refrigerant gas detector\"><\/div><a class=\"swiper-slide-inner\" href=\"https:\/\/samon.com\/de\/anwendungen\/andere-anwendungen\/rm-rm-v\/\"><div class=\"swiper-slide-contents\"><div class=\"elementor-slide-heading\">RM &amp; RM-V<\/div><div class=\"elementor-slide-description\"><p>Gasdetektoren f\u00fcr bewohnte R\u00e4ume<\/p>\n<\/div><div  class=\"elementor-button elementor-slide-button elementor-size-sm\">Mehr erfahren<\/div><\/div><\/a><\/div>\t\t\t\t<\/div>\n\t\t\t\t\t\t\t<\/div>\n\t\t\t\t<\/div>\n\t\t\t\t\t\t\t\t<\/div>\n\t\t\t\t<\/div>\n\t\t\t\t\t<\/div>\n\t\t\t\t<\/div>\n\t\t\t\t\t<\/div>\n\t\t\t\t<\/div>\n\t\t\t\t<\/div>\n\t\t","protected":false},"excerpt":{"rendered":"<p>VRF-Systeme in bewohnten R\u00e4umen Gew\u00e4hrleistung der Sicherheit in VRF-Systemen und bewohnten R\u00e4umen Systeme mit variabler K\u00e4ltemittelzufuhr (VRF) werden in modernen HLK-Anlagen dank ihrer Energieeffizienz, Flexibilit\u00e4t und der M\u00f6glichkeit einer individuellen Temperaturregelung immer beliebter. Insbesondere in Hotels, B\u00fcros, Pflegeheimen, Gef\u00e4ngnissen und anderen \u00f6ffentlichen Einrichtungen. Jedoch ist die Gew\u00e4hrleistung der Sicherheit dieser Systemen, insbesondere in bewohnten R\u00e4umen, [&hellip;]<\/p>\n","protected":false},"author":1,"featured_media":0,"parent":0,"menu_order":0,"comment_status":"closed","ping_status":"closed","template":"","meta":{"_monsterinsights_skip_tracking":false,"_monsterinsights_sitenote_active":false,"_monsterinsights_sitenote_note":"","_monsterinsights_sitenote_category":0,"footnotes":""},"class_list":["post-12137","page","type-page","status-publish","hentry"],"aioseo_notices":[],"_links":{"self":[{"href":"https:\/\/samon.com\/de\/wp-json\/wp\/v2\/pages\/12137","targetHints":{"allow":["GET"]}}],"collection":[{"href":"https:\/\/samon.com\/de\/wp-json\/wp\/v2\/pages"}],"about":[{"href":"https:\/\/samon.com\/de\/wp-json\/wp\/v2\/types\/page"}],"author":[{"embeddable":true,"href":"https:\/\/samon.com\/de\/wp-json\/wp\/v2\/users\/1"}],"replies":[{"embeddable":true,"href":"https:\/\/samon.com\/de\/wp-json\/wp\/v2\/comments?post=12137"}],"version-history":[{"count":4,"href":"https:\/\/samon.com\/de\/wp-json\/wp\/v2\/pages\/12137\/revisions"}],"predecessor-version":[{"id":14392,"href":"https:\/\/samon.com\/de\/wp-json\/wp\/v2\/pages\/12137\/revisions\/14392"}],"wp:attachment":[{"href":"https:\/\/samon.com\/de\/wp-json\/wp\/v2\/media?parent=12137"}],"curies":[{"name":"wp","href":"https:\/\/api.w.org\/{rel}","templated":true}]}}