{"id":12124,"date":"2024-06-07T11:27:31","date_gmt":"2024-06-07T09:27:31","guid":{"rendered":"https:\/\/samon.com\/parkhaus-gasdetektion\/"},"modified":"2025-01-30T16:55:27","modified_gmt":"2025-01-30T15:55:27","slug":"parkhaus-gasdetektion","status":"publish","type":"page","link":"https:\/\/samon.com\/de\/parkhaus-gasdetektion\/","title":{"rendered":"Gas\u00fcberwachung im Parkhaus"},"content":{"rendered":"\t\t<div data-elementor-type=\"wp-page\" data-elementor-id=\"12124\" class=\"elementor elementor-12124 elementor-6089\" data-elementor-post-type=\"page\">\n\t\t\t\t<div class=\"elementor-element elementor-element-027eb22 e-con-full e-flex e-con e-parent\" data-id=\"027eb22\" data-element_type=\"container\">\n\t\t\t\t<div class=\"elementor-element elementor-element-e316d3e elementor--h-position-center elementor--v-position-middle elementor-arrows-position-inside elementor-pagination-position-inside elementor-widget elementor-widget-slides\" data-id=\"e316d3e\" data-element_type=\"widget\" data-settings=\"{&quot;navigation&quot;:&quot;both&quot;,&quot;autoplay&quot;:&quot;yes&quot;,&quot;pause_on_hover&quot;:&quot;yes&quot;,&quot;pause_on_interaction&quot;:&quot;yes&quot;,&quot;autoplay_speed&quot;:5000,&quot;infinite&quot;:&quot;yes&quot;,&quot;transition&quot;:&quot;slide&quot;,&quot;transition_speed&quot;:500}\" data-widget_type=\"slides.default\">\n\t\t\t\t<div class=\"elementor-widget-container\">\n\t\t\t\t\t\t\t\t\t<div class=\"elementor-swiper\">\n\t\t\t\t\t<div class=\"elementor-slides-wrapper elementor-main-swiper swiper\" role=\"region\" aria-roledescription=\"carousel\" aria-label=\"Slider\" dir=\"ltr\" data-animation=\"fadeInUp\">\n\t\t\t\t<div class=\"swiper-wrapper elementor-slides\">\n\t\t\t\t\t\t\t\t\t\t<div class=\"elementor-repeater-item-4665ef6 swiper-slide\" role=\"group\" aria-roledescription=\"slide\"><div class=\"swiper-slide-bg elementor-ken-burns elementor-ken-burns--in\" role=\"img\" aria-label=\"Parking garage\"><\/div><div class=\"swiper-slide-inner\" ><div class=\"swiper-slide-contents\"><div class=\"elementor-slide-heading\">Parkgaragen, Tiefgaragen und Parkh\u00e4user<\/div><\/div><\/div><\/div>\t\t\t\t<\/div>\n\t\t\t\t\t\t\t<\/div>\n\t\t\t\t<\/div>\n\t\t\t\t\t\t\t\t<\/div>\n\t\t\t\t<\/div>\n\t\t\t\t<\/div>\n\t\t<div class=\"elementor-element elementor-element-b058bb2 e-flex e-con-boxed e-con e-parent\" data-id=\"b058bb2\" data-element_type=\"container\">\n\t\t\t\t\t<div class=\"e-con-inner\">\n\t\t\t\t<div class=\"elementor-element elementor-element-3f0244e elementor-widget elementor-widget-heading\" data-id=\"3f0244e\" data-element_type=\"widget\" data-widget_type=\"heading.default\">\n\t\t\t\t<div class=\"elementor-widget-container\">\n\t\t\t\t\t<h2 class=\"elementor-heading-title elementor-size-default\">Detektion von giftigen Gasen in Parkgaragen<\/h2>\t\t\t\t<\/div>\n\t\t\t\t<\/div>\n\t\t\t\t<div class=\"elementor-element elementor-element-192fcf7 elementor-widget elementor-widget-text-editor\" data-id=\"192fcf7\" data-element_type=\"widget\" data-widget_type=\"text-editor.default\">\n\t\t\t\t<div class=\"elementor-widget-container\">\n\t\t\t\t\t\t\t\t\t<p>Gasdetektoren in Parkh\u00e4usern spielen eine entscheidende Rolle bei der Gew\u00e4hrleistung der Sicherheit von Personen und Fahrzeugen. Diese Detektoren sind unerl\u00e4sslich f\u00fcr die \u00dcberwachung sch\u00e4dlicher Gase wie Kohlenmonoxid (CO) und Stickstoffdioxid (NO2), die sich durch Fahrzeugabgase ansammeln k\u00f6nnen. <\/p>\n\t\t\t\t\t\t\t\t<\/div>\n\t\t\t\t<\/div>\n\t\t\t\t\t<\/div>\n\t\t\t\t<\/div>\n\t\t<div class=\"elementor-element elementor-element-7986ee4 e-flex e-con-boxed e-con e-parent\" data-id=\"7986ee4\" data-element_type=\"container\">\n\t\t\t\t\t<div class=\"e-con-inner\">\n\t\t<div class=\"elementor-element elementor-element-96ad1e9 e-grid e-con-boxed e-con e-child\" data-id=\"96ad1e9\" data-element_type=\"container\">\n\t\t\t\t\t<div class=\"e-con-inner\">\n\t\t<div class=\"elementor-element elementor-element-39a88a1 e-flex e-con-boxed e-con e-child\" data-id=\"39a88a1\" data-element_type=\"container\">\n\t\t\t\t\t<div class=\"e-con-inner\">\n\t\t\t\t<div class=\"elementor-element elementor-element-f72442b elementor-widget elementor-widget-heading\" data-id=\"f72442b\" data-element_type=\"widget\" data-widget_type=\"heading.default\">\n\t\t\t\t<div class=\"elementor-widget-container\">\n\t\t\t\t\t<h2 class=\"elementor-heading-title elementor-size-default\">Sicherheit geht vor<\/h2>\t\t\t\t<\/div>\n\t\t\t\t<\/div>\n\t\t\t\t<div class=\"elementor-element elementor-element-44514f1 elementor-widget elementor-widget-text-editor\" data-id=\"44514f1\" data-element_type=\"widget\" data-widget_type=\"text-editor.default\">\n\t\t\t\t<div class=\"elementor-widget-container\">\n\t\t\t\t\t\t\t\t\t<p class=\"p1\">Gasdetektoren sind erh\u00e4ltlich, um die bedarfsgesteuerte Bel\u00fcftung in Parkh\u00e4usern, Tunneln oder anderen bewohnten R\u00e4umen zu aktivieren. Typische Anforderungen sind die Messung der Konzentration von Kohlenmonoxid (CO), das von benzinbetriebenen Fahrzeugen erzeugt wird, und von Stickstoffdioxiden (NO\u2082), welche von Kraftfahrzeugen mit Diesel- und Gasverbrennung ausgesto\u00dfen werden. <\/p>\n<p class=\"p1\">CO und NO\u2082 werden normalerweise mit elektrochemischen Sensoren gemessen.<\/p>\n<p class=\"p1\">Diese Technologie bietet eine Reihe von Vorteilen f\u00fcr den Einsatz in Parkh\u00e4usern, Tiefgaragen und Parkgaragen.<\/p>\n\t\t\t\t\t\t\t\t<\/div>\n\t\t\t\t<\/div>\n\t\t\t\t\t<\/div>\n\t\t\t\t<\/div>\n\t\t\t\t<div class=\"elementor-element elementor-element-31ca1f0 elementor-widget elementor-widget-image\" data-id=\"31ca1f0\" data-element_type=\"widget\" data-widget_type=\"image.default\">\n\t\t\t\t<div class=\"elementor-widget-container\">\n\t\t\t\t\t\t\t\t\t\t\t\t\t\t\t<img fetchpriority=\"high\" decoding=\"async\" width=\"800\" height=\"800\" src=\"https:\/\/samon.com\/wp-content\/uploads\/2024\/06\/parking-square-1024x1024.jpg\" class=\"attachment-large size-large wp-image-12126\" alt=\"\" srcset=\"https:\/\/samon.com\/wp-content\/uploads\/2024\/06\/parking-square-1024x1024.jpg 1024w, https:\/\/samon.com\/wp-content\/uploads\/2024\/06\/parking-square-300x300.jpg 300w, https:\/\/samon.com\/wp-content\/uploads\/2024\/06\/parking-square-150x150.jpg 150w, https:\/\/samon.com\/wp-content\/uploads\/2024\/06\/parking-square-768x768.jpg 768w, https:\/\/samon.com\/wp-content\/uploads\/2024\/06\/parking-square-1536x1536.jpg 1536w, https:\/\/samon.com\/wp-content\/uploads\/2024\/06\/parking-square.jpg 1920w\" sizes=\"(max-width: 800px) 100vw, 800px\" \/>\t\t\t\t\t\t\t\t\t\t\t\t\t\t\t<\/div>\n\t\t\t\t<\/div>\n\t\t\t\t\t<\/div>\n\t\t\t\t<\/div>\n\t\t\t\t\t<\/div>\n\t\t\t\t<\/div>\n\t\t<div class=\"elementor-element elementor-element-a7abaa1 e-flex e-con-boxed e-con e-parent\" data-id=\"a7abaa1\" data-element_type=\"container\">\n\t\t\t\t\t<div class=\"e-con-inner\">\n\t\t<div class=\"elementor-element elementor-element-fb17c8f e-grid e-con-boxed e-con e-child\" data-id=\"fb17c8f\" data-element_type=\"container\">\n\t\t\t\t\t<div class=\"e-con-inner\">\n\t\t\t\t<div class=\"elementor-element elementor-element-bef4495 elementor-widget elementor-widget-image\" data-id=\"bef4495\" data-element_type=\"widget\" data-widget_type=\"image.default\">\n\t\t\t\t<div class=\"elementor-widget-container\">\n\t\t\t\t\t\t\t\t\t\t\t\t\t\t\t<img decoding=\"async\" width=\"800\" height=\"800\" src=\"https:\/\/samon.com\/wp-content\/uploads\/2024\/06\/parking-arrow-1024x1024.jpg\" class=\"attachment-large size-large wp-image-12127\" alt=\"\" srcset=\"https:\/\/samon.com\/wp-content\/uploads\/2024\/06\/parking-arrow-1024x1024.jpg 1024w, https:\/\/samon.com\/wp-content\/uploads\/2024\/06\/parking-arrow-300x300.jpg 300w, https:\/\/samon.com\/wp-content\/uploads\/2024\/06\/parking-arrow-150x150.jpg 150w, https:\/\/samon.com\/wp-content\/uploads\/2024\/06\/parking-arrow-768x768.jpg 768w, https:\/\/samon.com\/wp-content\/uploads\/2024\/06\/parking-arrow-1536x1536.jpg 1536w, https:\/\/samon.com\/wp-content\/uploads\/2024\/06\/parking-arrow.jpg 1920w\" sizes=\"(max-width: 800px) 100vw, 800px\" \/>\t\t\t\t\t\t\t\t\t\t\t\t\t\t\t<\/div>\n\t\t\t\t<\/div>\n\t\t<div class=\"elementor-element elementor-element-82405fb e-flex e-con-boxed e-con e-child\" data-id=\"82405fb\" data-element_type=\"container\">\n\t\t\t\t\t<div class=\"e-con-inner\">\n\t\t\t\t<div class=\"elementor-element elementor-element-2c0042a elementor-widget elementor-widget-heading\" data-id=\"2c0042a\" data-element_type=\"widget\" data-widget_type=\"heading.default\">\n\t\t\t\t<div class=\"elementor-widget-container\">\n\t\t\t\t\t<h2 class=\"elementor-heading-title elementor-size-default\">Unerreichte Zuverl\u00e4ssigkeit <\/h2>\t\t\t\t<\/div>\n\t\t\t\t<\/div>\n\t\t\t\t<div class=\"elementor-element elementor-element-3c30372 elementor-widget elementor-widget-text-editor\" data-id=\"3c30372\" data-element_type=\"widget\" data-widget_type=\"text-editor.default\">\n\t\t\t\t<div class=\"elementor-widget-container\">\n\t\t\t\t\t\t\t\t\t<p class=\"p1\">Elektrochemische Sensoren haben eine begrenzte Lebensdauer und m\u00fcssen normalerweise alle 2-3 Jahre ausgetauscht werden.<\/p>\n<p class=\"p1\">VOC-Detektoren (fl\u00fcchtige organische Verbindungen) sind Luftqualit\u00e4tssensoren f\u00fcr Garagenumgebungen, die Emissionen und andere Schadstoffe, die sich in einer Garage bilden k\u00f6nnen, aufsp\u00fcren. Zum Beispiel Kohlenmonoxid (CO) und unverbrannte Kohlenwasserstoffe (HC). <\/p>\n<p class=\"p1\">VOCs k\u00f6nnen mit Halbleitersensoren nachgewiesen werden. Halbleiter-Metalloxid-Sensoren haben eine Reihe von Vorteilen. <\/p>\n<p class=\"p1\">Halbleitersensoren k\u00f6nnen jedoch auch bei Anwesenheit anderer reduzierender und oxidierender Gasen und Schadstoffe ansprechen, was bei der Wahl des Installationsortes ber\u00fccksichtigt werden muss.<\/p>\n\t\t\t\t\t\t\t\t<\/div>\n\t\t\t\t<\/div>\n\t\t\t\t\t<\/div>\n\t\t\t\t<\/div>\n\t\t\t\t\t<\/div>\n\t\t\t\t<\/div>\n\t\t\t\t\t<\/div>\n\t\t\t\t<\/div>\n\t\t<div class=\"elementor-element elementor-element-97b26ee e-flex e-con-boxed e-con e-parent\" data-id=\"97b26ee\" data-element_type=\"container\">\n\t\t\t\t\t<div class=\"e-con-inner\">\n\t\t<div class=\"elementor-element elementor-element-4f928b9 e-grid e-con-boxed e-con e-child\" data-id=\"4f928b9\" data-element_type=\"container\">\n\t\t\t\t\t<div class=\"e-con-inner\">\n\t\t<div class=\"elementor-element elementor-element-450a03c e-flex e-con-boxed e-con e-child\" data-id=\"450a03c\" data-element_type=\"container\">\n\t\t\t\t\t<div class=\"e-con-inner\">\n\t\t\t\t<div class=\"elementor-element elementor-element-3ea6ef2 elementor-widget elementor-widget-heading\" data-id=\"3ea6ef2\" data-element_type=\"widget\" data-widget_type=\"heading.default\">\n\t\t\t\t<div class=\"elementor-widget-container\">\n\t\t\t\t\t<h2 class=\"elementor-heading-title elementor-size-default\">Vorteile mit unseren L\u00f6sungen<\/h2>\t\t\t\t<\/div>\n\t\t\t\t<\/div>\n\t\t\t\t<div class=\"elementor-element elementor-element-888623e elementor-widget elementor-widget-text-editor\" data-id=\"888623e\" data-element_type=\"widget\" data-widget_type=\"text-editor.default\">\n\t\t\t\t<div class=\"elementor-widget-container\">\n\t\t\t\t\t\t\t\t\t<p class=\"p1\"><strong>Elektrochemische Sensoren<\/strong><\/p>\n<p><span class=\"s2\">-Hohe Selektivit\u00e4t<span class=\"Apple-converted-space\"> <\/p>\n<p><\/span><\/span>-Minimale Kreuzinterferenzen<span class=\"s3\"> <\/p>\n<p><\/span>-Hohe Stabilit\u00e4t<\/p>\n<p>-Hohe Genauigkeit<\/p>\n<p class=\"p1\"><strong>Halbleiter-Sensoren<\/strong><\/p>\n<p><span class=\"s2\">-Kosteneffektiv<span class=\"Apple-converted-space\"> <\/p>\n<p><\/span><\/span>-Lange Lebensdauer<span class=\"s3\"> (~5 Jahre)<span class=\"Apple-converted-space\"> <\/p>\n<p><\/span><\/span>-Geringe Wartungskosten<\/p>\n\t\t\t\t\t\t\t\t<\/div>\n\t\t\t\t<\/div>\n\t\t\t\t\t<\/div>\n\t\t\t\t<\/div>\n\t\t\t\t<div class=\"elementor-element elementor-element-eff7da6 elementor-widget elementor-widget-image\" data-id=\"eff7da6\" data-element_type=\"widget\" data-widget_type=\"image.default\">\n\t\t\t\t<div class=\"elementor-widget-container\">\n\t\t\t\t\t\t\t\t\t\t\t\t\t\t\t<img decoding=\"async\" width=\"800\" height=\"800\" src=\"https:\/\/samon.com\/wp-content\/uploads\/2024\/06\/parking-sign-square-1024x1024.jpg\" class=\"attachment-large size-large wp-image-12128\" alt=\"\" srcset=\"https:\/\/samon.com\/wp-content\/uploads\/2024\/06\/parking-sign-square-1024x1024.jpg 1024w, https:\/\/samon.com\/wp-content\/uploads\/2024\/06\/parking-sign-square-300x300.jpg 300w, https:\/\/samon.com\/wp-content\/uploads\/2024\/06\/parking-sign-square-150x150.jpg 150w, https:\/\/samon.com\/wp-content\/uploads\/2024\/06\/parking-sign-square-768x768.jpg 768w, https:\/\/samon.com\/wp-content\/uploads\/2024\/06\/parking-sign-square-1536x1536.jpg 1536w, https:\/\/samon.com\/wp-content\/uploads\/2024\/06\/parking-sign-square.jpg 1920w\" sizes=\"(max-width: 800px) 100vw, 800px\" \/>\t\t\t\t\t\t\t\t\t\t\t\t\t\t\t<\/div>\n\t\t\t\t<\/div>\n\t\t\t\t\t<\/div>\n\t\t\t\t<\/div>\n\t\t\t\t\t<\/div>\n\t\t\t\t<\/div>\n\t\t\t\t<\/div>\n\t\t","protected":false},"excerpt":{"rendered":"<p>Parkgaragen, Tiefgaragen und Parkh\u00e4user Detektion von giftigen Gasen in Parkgaragen Gasdetektoren in Parkh\u00e4usern spielen eine entscheidende Rolle bei der Gew\u00e4hrleistung der Sicherheit von Personen und Fahrzeugen. Diese Detektoren sind unerl\u00e4sslich f\u00fcr die \u00dcberwachung sch\u00e4dlicher Gase wie Kohlenmonoxid (CO) und Stickstoffdioxid (NO2), die sich durch Fahrzeugabgase ansammeln k\u00f6nnen. Sicherheit geht vor Gasdetektoren sind erh\u00e4ltlich, um die [&hellip;]<\/p>\n","protected":false},"author":1,"featured_media":0,"parent":0,"menu_order":0,"comment_status":"closed","ping_status":"closed","template":"","meta":{"_monsterinsights_skip_tracking":false,"_monsterinsights_sitenote_active":false,"_monsterinsights_sitenote_note":"","_monsterinsights_sitenote_category":0,"footnotes":""},"class_list":["post-12124","page","type-page","status-publish","hentry"],"aioseo_notices":[],"_links":{"self":[{"href":"https:\/\/samon.com\/de\/wp-json\/wp\/v2\/pages\/12124","targetHints":{"allow":["GET"]}}],"collection":[{"href":"https:\/\/samon.com\/de\/wp-json\/wp\/v2\/pages"}],"about":[{"href":"https:\/\/samon.com\/de\/wp-json\/wp\/v2\/types\/page"}],"author":[{"embeddable":true,"href":"https:\/\/samon.com\/de\/wp-json\/wp\/v2\/users\/1"}],"replies":[{"embeddable":true,"href":"https:\/\/samon.com\/de\/wp-json\/wp\/v2\/comments?post=12124"}],"version-history":[{"count":3,"href":"https:\/\/samon.com\/de\/wp-json\/wp\/v2\/pages\/12124\/revisions"}],"predecessor-version":[{"id":14399,"href":"https:\/\/samon.com\/de\/wp-json\/wp\/v2\/pages\/12124\/revisions\/14399"}],"wp:attachment":[{"href":"https:\/\/samon.com\/de\/wp-json\/wp\/v2\/media?parent=12124"}],"curies":[{"name":"wp","href":"https:\/\/api.w.org\/{rel}","templated":true}]}}