{"id":12119,"date":"2024-08-09T09:29:47","date_gmt":"2024-08-09T07:29:47","guid":{"rendered":"https:\/\/samon.com\/whistleblower\/"},"modified":"2024-10-23T15:02:48","modified_gmt":"2024-10-23T13:02:48","slug":"whistleblower","status":"publish","type":"page","link":"https:\/\/samon.com\/de\/whistleblower\/","title":{"rendered":"Whistleblower"},"content":{"rendered":"\t\t<div data-elementor-type=\"wp-page\" data-elementor-id=\"12119\" class=\"elementor elementor-12119 elementor-7616\" data-elementor-post-type=\"page\">\n\t\t\t\t<div class=\"elementor-element elementor-element-159f4f6 e-con-full e-flex e-con e-parent\" data-id=\"159f4f6\" data-element_type=\"container\" data-e-type=\"container\">\n\t\t\t\t<div class=\"elementor-element elementor-element-5492314 elementor--h-position-center elementor--v-position-middle elementor-arrows-position-inside elementor-pagination-position-inside elementor-widget elementor-widget-slides\" data-id=\"5492314\" data-element_type=\"widget\" data-e-type=\"widget\" data-settings=\"{&quot;navigation&quot;:&quot;both&quot;,&quot;autoplay&quot;:&quot;yes&quot;,&quot;pause_on_hover&quot;:&quot;yes&quot;,&quot;pause_on_interaction&quot;:&quot;yes&quot;,&quot;autoplay_speed&quot;:5000,&quot;infinite&quot;:&quot;yes&quot;,&quot;transition&quot;:&quot;slide&quot;,&quot;transition_speed&quot;:500}\" data-widget_type=\"slides.default\">\n\t\t\t\t<div class=\"elementor-widget-container\">\n\t\t\t\t\t\t\t\t\t<div class=\"elementor-swiper\">\n\t\t\t\t\t<div class=\"elementor-slides-wrapper elementor-main-swiper swiper\" role=\"region\" aria-roledescription=\"carousel\" aria-label=\"Slides\" dir=\"ltr\" data-animation=\"fadeInUp\">\n\t\t\t\t<div class=\"swiper-wrapper elementor-slides\">\n\t\t\t\t\t\t\t\t\t\t<div class=\"elementor-repeater-item-1c90975 swiper-slide\" role=\"group\" aria-roledescription=\"slide\"><div class=\"swiper-slide-bg\" role=\"img\" aria-label=\"glaciarImg\"><\/div><div class=\"swiper-slide-inner\" ><div class=\"swiper-slide-contents\"><div class=\"elementor-slide-heading\">Whistleblower<\/div><\/div><\/div><\/div>\t\t\t\t<\/div>\n\t\t\t\t\t\t\t<\/div>\n\t\t\t\t<\/div>\n\t\t\t\t\t\t\t\t<\/div>\n\t\t\t\t<\/div>\n\t\t\t\t<\/div>\n\t\t<div class=\"elementor-element elementor-element-c146e7a e-flex e-con-boxed e-con e-parent\" data-id=\"c146e7a\" data-element_type=\"container\" data-e-type=\"container\">\n\t\t\t\t\t<div class=\"e-con-inner\">\n\t\t<div class=\"elementor-element elementor-element-d4cdfea e-grid e-con-boxed e-con e-child\" data-id=\"d4cdfea\" data-element_type=\"container\" data-e-type=\"container\">\n\t\t\t\t\t<div class=\"e-con-inner\">\n\t\t<div class=\"elementor-element elementor-element-e451b47 e-flex e-con-boxed e-con e-child\" data-id=\"e451b47\" data-element_type=\"container\" data-e-type=\"container\">\n\t\t\t\t\t<div class=\"e-con-inner\">\n\t\t\t\t<div class=\"elementor-element elementor-element-a2fe7af elementor-widget elementor-widget-heading\" data-id=\"a2fe7af\" data-element_type=\"widget\" data-e-type=\"widget\" data-widget_type=\"heading.default\">\n\t\t\t\t<div class=\"elementor-widget-container\">\n\t\t\t\t\t<h2 class=\"elementor-heading-title elementor-size-default\">Whistleblower-Richtlinie: Sicherstellung von Integrit\u00e4t und Fairness<\/h2>\t\t\t\t<\/div>\n\t\t\t\t<\/div>\n\t\t\t\t<div class=\"elementor-element elementor-element-93cfd16 elementor-widget elementor-widget-text-editor\" data-id=\"93cfd16\" data-element_type=\"widget\" data-e-type=\"widget\" data-widget_type=\"text-editor.default\">\n\t\t\t\t<div class=\"elementor-widget-container\">\n\t\t\t\t\t\t\t\t\t<p>Wir bei SAMON haben uns verpflichtet, in allen Aspekten unseres Gesch\u00e4fts die h\u00f6chsten Standards der Integrit\u00e4t, Transparenz und Fairness einzuhalten. Um dieses Engagement zu unterst\u00fctzen, haben wir eine Whistleblower-Richtlinie eingef\u00fchrt, die es Mitarbeitern, Partnern und Stakeholdern erm\u00f6glicht, jegliche Bedenken \u00fcber unethisches Verhalten, Fehlverhalten oder Verst\u00f6\u00dfe gegen unsere Unternehmensrichtlinien absolut vertraulich zu melden. <\/p>\n<p>Um den gr\u00f6\u00dftm\u00f6glichen Schutz Ihrer Identit\u00e4t zu gew\u00e4hrleisten, wird unsere Whistleblower-Politik von Prewoe, einer unabh\u00e4ngigen dritten Partei, verwaltet. Prewoe arbeitet direkt mit unserem Eigent\u00fcmer, Alder, zusammen, um alle Meldungen mit einem H\u00f6chstma\u00df an Sicherheit und Anonymit\u00e4t zu bearbeiten. Wir nehmen jede Meldung ernst und verpflichten uns, alle Bedenken gr\u00fcndlich zu untersuchen und sicherzustellen, dass die notwendigen Ma\u00dfnahmen ergriffen werden, um unsere Werte zu wahren. Diese Richtlinie ist ein wichtiger Bestandteil unseres Engagements f\u00fcr ein faires, ethisches und verantwortungsvolles Gesch\u00e4ftsumfeld, in dem jede Stimme ohne Angst geh\u00f6rt werden kann.   <\/p>\n\t\t\t\t\t\t\t\t<\/div>\n\t\t\t\t<\/div>\n\t\t\t\t\t<\/div>\n\t\t\t\t<\/div>\n\t\t\t\t<div class=\"elementor-element elementor-element-97555ba elementor-widget elementor-widget-image\" data-id=\"97555ba\" data-element_type=\"widget\" data-e-type=\"widget\" data-widget_type=\"image.default\">\n\t\t\t\t<div class=\"elementor-widget-container\">\n\t\t\t\t\t\t\t\t\t\t\t\t\t\t\t<img fetchpriority=\"high\" decoding=\"async\" width=\"800\" height=\"534\" src=\"https:\/\/samon.com\/wp-content\/uploads\/2024\/08\/megaphone-1024x683.jpg\" class=\"attachment-large size-large wp-image-7622\" alt=\"Speaker\" srcset=\"https:\/\/samon.com\/wp-content\/uploads\/2024\/08\/megaphone-1024x683.jpg 1024w, https:\/\/samon.com\/wp-content\/uploads\/2024\/08\/megaphone-300x200.jpg 300w, https:\/\/samon.com\/wp-content\/uploads\/2024\/08\/megaphone-768x512.jpg 768w, https:\/\/samon.com\/wp-content\/uploads\/2024\/08\/megaphone-1536x1025.jpg 1536w, https:\/\/samon.com\/wp-content\/uploads\/2024\/08\/megaphone.jpg 1800w\" sizes=\"(max-width: 800px) 100vw, 800px\" \/>\t\t\t\t\t\t\t\t\t\t\t\t\t\t\t<\/div>\n\t\t\t\t<\/div>\n\t\t\t\t\t<\/div>\n\t\t\t\t<\/div>\n\t\t\t\t\t<\/div>\n\t\t\t\t<\/div>\n\t\t<div class=\"elementor-element elementor-element-b5f1c6e e-flex e-con-boxed e-con e-parent\" data-id=\"b5f1c6e\" data-element_type=\"container\" data-e-type=\"container\">\n\t\t\t\t\t<div class=\"e-con-inner\">\n\t\t\t\t<div class=\"elementor-element elementor-element-8e34fda elementor-align-left elementor-widget elementor-widget-button\" data-id=\"8e34fda\" data-element_type=\"widget\" data-e-type=\"widget\" data-widget_type=\"button.default\">\n\t\t\t\t<div class=\"elementor-widget-container\">\n\t\t\t\t\t\t\t\t\t<div class=\"elementor-button-wrapper\">\n\t\t\t\t\t<a class=\"elementor-button elementor-button-link elementor-size-sm\" href=\"https:\/\/app.prewoe.com\/whistleblower\/company\/samon\" target=\"_blank\">\n\t\t\t\t\t\t<span class=\"elementor-button-content-wrapper\">\n\t\t\t\t\t\t<span class=\"elementor-button-icon\">\n\t\t\t\t<svg aria-hidden=\"true\" class=\"e-font-icon-svg e-fas-arrow-alt-circle-right\" viewBox=\"0 0 512 512\" xmlns=\"http:\/\/www.w3.org\/2000\/svg\"><path d=\"M256 8c137 0 248 111 248 248S393 504 256 504 8 393 8 256 119 8 256 8zM140 300h116v70.9c0 10.7 13 16.1 20.5 8.5l114.3-114.9c4.7-4.7 4.7-12.2 0-16.9l-114.3-115c-7.6-7.6-20.5-2.2-20.5 8.5V212H140c-6.6 0-12 5.4-12 12v64c0 6.6 5.4 12 12 12z\"><\/path><\/svg>\t\t\t<\/span>\n\t\t\t\t\t\t\t\t\t<span class=\"elementor-button-text\">Hier ein Problem melden<\/span>\n\t\t\t\t\t<\/span>\n\t\t\t\t\t<\/a>\n\t\t\t\t<\/div>\n\t\t\t\t\t\t\t\t<\/div>\n\t\t\t\t<\/div>\n\t\t\t\t\t<\/div>\n\t\t\t\t<\/div>\n\t\t\t\t<\/div>\n\t\t","protected":false},"excerpt":{"rendered":"<p>Whistleblower Whistleblower-Richtlinie: Sicherstellung von Integrit\u00e4t und Fairness Wir bei SAMON haben uns verpflichtet, in allen Aspekten unseres Gesch\u00e4fts die h\u00f6chsten Standards der Integrit\u00e4t, Transparenz und Fairness einzuhalten. Um dieses Engagement zu unterst\u00fctzen, haben wir eine Whistleblower-Richtlinie eingef\u00fchrt, die es Mitarbeitern, Partnern und Stakeholdern erm\u00f6glicht, jegliche Bedenken \u00fcber unethisches Verhalten, Fehlverhalten oder Verst\u00f6\u00dfe gegen unsere Unternehmensrichtlinien [&hellip;]<\/p>\n","protected":false},"author":1,"featured_media":0,"parent":0,"menu_order":0,"comment_status":"closed","ping_status":"closed","template":"","meta":{"_monsterinsights_skip_tracking":false,"_monsterinsights_sitenote_active":false,"_monsterinsights_sitenote_note":"","_monsterinsights_sitenote_category":0,"footnotes":""},"class_list":["post-12119","page","type-page","status-publish","hentry"],"aioseo_notices":[],"_links":{"self":[{"href":"https:\/\/samon.com\/de\/wp-json\/wp\/v2\/pages\/12119","targetHints":{"allow":["GET"]}}],"collection":[{"href":"https:\/\/samon.com\/de\/wp-json\/wp\/v2\/pages"}],"about":[{"href":"https:\/\/samon.com\/de\/wp-json\/wp\/v2\/types\/page"}],"author":[{"embeddable":true,"href":"https:\/\/samon.com\/de\/wp-json\/wp\/v2\/users\/1"}],"replies":[{"embeddable":true,"href":"https:\/\/samon.com\/de\/wp-json\/wp\/v2\/comments?post=12119"}],"version-history":[{"count":1,"href":"https:\/\/samon.com\/de\/wp-json\/wp\/v2\/pages\/12119\/revisions"}],"predecessor-version":[{"id":12121,"href":"https:\/\/samon.com\/de\/wp-json\/wp\/v2\/pages\/12119\/revisions\/12121"}],"wp:attachment":[{"href":"https:\/\/samon.com\/de\/wp-json\/wp\/v2\/media?parent=12119"}],"curies":[{"name":"wp","href":"https:\/\/api.w.org\/{rel}","templated":true}]}}